{"id":1235,"date":"2018-10-22T06:37:03","date_gmt":"2018-10-21T22:37:03","guid":{"rendered":"https:\/\/www.agriculture-machine.com\/?p=1235"},"modified":"2026-02-25T16:55:39","modified_gmt":"2026-02-25T08:55:39","slug":"8-rows-rice-transplanter","status":"publish","type":"product","link":"https:\/\/www.agriculture-machine.com\/de\/8-rows-rice-transplanter\/","title":{"rendered":"Reis-Setzmaschine | Reis-Setzmaschine"},"content":{"rendered":"<h2 class=\"wp-block-heading\">Typ eins: 8-Reihen-Reispflanzmaschine<\/h2>    <p>Der 8-Reihen-Reis-Transplanter hat den gro\u00dfen Vorteil hoher Kapazit\u00e4t. Kunden mit gro\u00dfem Bauernhof oder Transplanter-Gesch\u00e4ft k\u00f6nnen dieses Modell w\u00e4hlen. Der Reis-Planter ist f\u00fcr alle Arten von Feldern geeignet. Die Aufh\u00e4ngung kann die H\u00f6he der Reispflanzen entsprechend den verschiedenen Feldern anpassen. <\/p>    <p>Der Pflanzraum kann entsprechend den Kundenanforderungen eingestellt werden. Der Reihenabstand betr\u00e4gt etwa 300mm, der H\u00fcgelabstand 120-140mm. Angetrieben wird er von einem 178F-Dieselmotor, der mehr Leistung liefert.<\/p>    <h2 class=\"wp-block-heading\">Struktur des 8-Reihen-Reis-Transplanters<\/h2>    <p>Der 8-Reihen-Reis-Transplanter besteht haupts\u00e4chlich aus einem Universalgelenk, quadratischem Universalgelenk, Transplantationsarm, Pflanznadeln, Hinterabdeckung f\u00fcr Kettenkasten, Antriebslederband, Keilriemen, Stylus-Pin, Saatgut-R\u00fcckplatte und Schraubwelle.<\/p>    <figure class=\"wp-block-gallery has-nested-images columns-1 is-cropped wp-block-gallery-2 is-layout-flex wp-block-gallery-is-layout-flex\"> <figure class=\"wp-block-image aligncenter size-large\"><img loading=\"lazy\" decoding=\"async\" width=\"523\" height=\"540\" data-id=\"2112\" src=\"https:\/\/www.agriculture-machine.com\/wp-content\/uploads\/2018\/10\/8-row-rice-transplanter2-1-523x540.jpg\" alt=\"8-Reihen-Reis-Transplanter2\" class=\"wp-image-2112\" srcset=\"https:\/\/www.agriculture-machine.com\/wp-content\/uploads\/2018\/10\/8-row-rice-transplanter2-1-523x540.jpg 523w, https:\/\/www.agriculture-machine.com\/wp-content\/uploads\/2018\/10\/8-row-rice-transplanter2-1-262x270.jpg 262w, https:\/\/www.agriculture-machine.com\/wp-content\/uploads\/2018\/10\/8-row-rice-transplanter2-1.jpg 750w\" sizes=\"auto, (max-width: 523px) 100vw, 523px\" \/><figcaption class=\"wp-element-caption\">8-Reihen-Reis-Transplanter2<\/figcaption><\/figure> <\/figure>    <h2 class=\"wp-block-heading\">Vorteile unseres Transplanters<\/h2>    <ol class=\"wp-block-list\"> <li>8-Reihen-Reisplanter sparen Arbeitszeit, und zwei Personen k\u00f6nnen alle Arbeiten erledigen. Einer f\u00e4hrt die Maschine, und der andere platziert die Reispflanzen.<\/li>    <li>Das S\u00e4mlingspflanzmaschine ist sehr einfach zu bedienen und hat eine lange Lebensdauer.<\/li>    <li>Hohe Anwendbarkeit gew\u00e4hrleistet die Arbeit im Boden zwischen 15-35cm.<\/li>    <li>Die Maschine ist auch im Wasserfeld leicht zu bewegen.<\/li>    <li>Die S\u00e4mlinge k\u00f6nnen vertikal und ordentlich in den Boden gesetzt werden.<\/li>    <li>Der Edelstahls\u00e4mlingskasten ist langlebig.<\/li> <\/ol>    <figure class=\"wp-block-gallery has-nested-images columns-1 is-cropped wp-block-gallery-3 is-layout-flex wp-block-gallery-is-layout-flex\"> <figure class=\"wp-block-image aligncenter size-large\"><img loading=\"lazy\" decoding=\"async\" width=\"379\" height=\"540\" data-id=\"2113\" src=\"https:\/\/www.agriculture-machine.com\/wp-content\/uploads\/2018\/10\/8-row-rice-transplanter3-1-379x540.jpg\" alt=\"8-Reihen-Reis-Transplanter3\" class=\"wp-image-2113\" srcset=\"https:\/\/www.agriculture-machine.com\/wp-content\/uploads\/2018\/10\/8-row-rice-transplanter3-1-379x540.jpg 379w, https:\/\/www.agriculture-machine.com\/wp-content\/uploads\/2018\/10\/8-row-rice-transplanter3-1-190x270.jpg 190w, https:\/\/www.agriculture-machine.com\/wp-content\/uploads\/2018\/10\/8-row-rice-transplanter3-1.jpg 750w\" sizes=\"auto, (max-width: 379px) 100vw, 379px\" \/><figcaption class=\"wp-element-caption\">8-Reihen-Reis-Transplanter3<\/figcaption><\/figure> <\/figure>    <h2 class=\"wp-block-heading\">Technische Parameter dieses Ger\u00e4ts<\/h2>    <figure class=\"wp-block-table is-style-stripes\"><table><tbody><tr><td>Modell<\/td><td>CY-8<\/td><\/tr><tr><td>Dieselmotor-Modell<\/td><td>178F Handstart<\/td><\/tr><tr><td>Dieselmotorleistung (KW\/HP)<\/td><td>4.05\/5.5<\/td><\/tr><tr><td>Dieselmotor-Drehzahl (U\/min)<\/td><td>1800<\/td><\/tr><tr><td>Anzahl der Transplantationsreihen<\/td><td>8<\/td><\/tr><tr><td>Reihenabstand (mm)<\/td><td>238mm<\/td><\/tr><tr><td>H\u00fcgel-zu-H\u00fcgel-Abstand (mm)<\/td><td>120\/140\/160\/190mm<\/td><\/tr><tr><td>Transplantationseffizienz<\/td><td>0,5-0,75 Acres\/H<\/td><\/tr><tr><td>Netzgewicht<\/td><td>410kg<\/td><\/tr><tr><td>Abmessung<\/td><td>2410*2165*1300mm<\/td><\/tr><tr><td>Bruttogewicht<\/td><td>460kg<\/td><\/tr><tr><td>Verpackungsgr\u00f6\u00dfe<\/td><td>2810*1760*600mm<\/td><\/tr><\/tbody><\/table><figcaption class=\"wp-element-caption\">Technische Daten des 8-Reihen-Reis-Transplanters<\/figcaption><\/figure>    <h2 class=\"wp-block-heading\">Merkmale des 8-Reihen-Reis-Transplanters<\/h2>    <ol class=\"wp-block-list\"> <li>Einstellbarkeit<br>Das Hydrauliksystem des Reis-Transplanters ist wichtig und wird durch die Bodenbeschaffenheit bestimmt. Bediener k\u00f6nnen den Transplanter so einstellen, dass die Stationarit\u00e4t der Maschine mit der Transplantationsfrequenz Schritt h\u00e4lt.<\/li>    <li>Die Tiefe der S\u00e4mlingsinsertion ist verstellbar.<br>Im Allgemeinen muss der Pflanzabstand entsprechend den Bed\u00fcrfnissen des Feldes angepasst werden. Vor der Arbeit ist es notwendig, die Dichte der Reispflanzung entsprechend der lokalen Pflanzumgebung und den Eigenschaften des Reises zu bestimmen. Auf diese Weise wird die Reisertragsmenge gut sein.<\/li>    <li>\u00dcberlegene Leistung<br>Unser Reis-Transplanter kann nicht nur die Arbeitseffizienz verbessern, sondern auch eine gro\u00dfe Anzahl von Arbeitern entlasten sowie die l\u00e4ndliche Industrie struktur optimieren.<\/li> <\/ol>    <figure class=\"wp-block-image alignnone size-full wp-image-2114\"><img loading=\"lazy\" decoding=\"async\" width=\"750\" height=\"853\" src=\"https:\/\/www.agriculture-machine.com\/wp-content\/uploads\/2018\/10\/8-row-rice-transplanter4-1.jpg\" alt=\"8-Reihen-Reis-Transplanter4\" class=\"wp-image-2114\" srcset=\"https:\/\/www.agriculture-machine.com\/wp-content\/uploads\/2018\/10\/8-row-rice-transplanter4-1.jpg 750w, https:\/\/www.agriculture-machine.com\/wp-content\/uploads\/2018\/10\/8-row-rice-transplanter4-1-237x270.jpg 237w, https:\/\/www.agriculture-machine.com\/wp-content\/uploads\/2018\/10\/8-row-rice-transplanter4-1-475x540.jpg 475w\" sizes=\"auto, (max-width: 750px) 100vw, 750px\" \/><figcaption class=\"wp-element-caption\">8-Reihen-Reis-Transplanter <\/figcaption><\/figure>    <h2 class=\"wp-block-heading\">Funktionsprinzip des 8-Reihen-Reis-Transplanters<\/h2>    <ol class=\"wp-block-list\"> <li>Die S\u00e4mlinge in einem ordentlichen Zustand werden in der Box platziert und seitlich bewegt.<\/li>    <li>Wenn der Reis-Transplanter arbeitet, bewegt sich die Pflanznadel nach unten. Wenn sie die eingestellte Tiefe erreicht, dr\u00fcckt die Pflanzgabel den S\u00e4mling aus der Nadel und nimmt eine bestimmte Anzahl von S\u00e4mlingen auf, um sie in den Boden zu setzen.<\/li>    <li>Gleichzeitig kann das Hydrauliksystem die relative Position der Schwimmscheibe und der S\u00e4mlingsnadel steuern, um eine gleichm\u00e4\u00dfige Insertionstiefe zu gew\u00e4hrleisten.<\/li>    <li>Der Transplanter f\u00fchrt die gleiche Aktion aus, um die S\u00e4mlinge erneut aufzuheben.<\/li> <\/ol>    <h2 class=\"wp-block-heading\">Typ zwei: 6-Reihen-Reispflanzmaschine<\/h2>    <p>Diese 6-Reihen-Reispflanzmaschine ist \u00e4hnlich wie der 8-Reihen-Reis-Transplanter, ausgestattet mit hoher Effizienz und kompatibel mit einem 178F-Dieselmotor. Die Tiefe des Reisplanters kann verstellbar sein, von 15cm bis 35cm. <\/p>    <p>Der Reis-Transplanter verf\u00fcgt ebenfalls \u00fcber einen verstellbaren Sitz, der den Bedienkomfort erh\u00f6ht. S\u00e4mlingsschutzvorrichtungen sorgen daf\u00fcr, dass die S\u00e4mlinge aufrecht und ordentlich bleiben.<\/p>    <h2 class=\"wp-block-heading\"><span style=\"color: #000000;\">Technische Parameter des 6-Reihen-Reis-Planters<\/span><\/h2>    <figure class=\"wp-block-table is-style-stripes\"><table><tbody><tr><td>Modell<\/td><td>CY-6<\/td><\/tr><tr><td>Dieselmotor-Modell<\/td><td>175F Handstart<\/td><\/tr><tr><td>Dieselmotorleistung (kW\/HP)<\/td><td>3.72\/5.5<\/td><\/tr><tr><td>Dieselmotor-Drehzahl (U\/min)<\/td><td>2600<\/td><\/tr><tr><td>Anzahl der Transplantationsreihen<\/td><td>6<\/td><\/tr><tr><td>Reihenabstand (mm)<\/td><td>300mm<\/td><\/tr><tr><td>H\u00fcgel-zu-H\u00fcgel-Abstand (mm)<\/td><td>120\/140mm<\/td><\/tr><tr><td>Transplantationseffizienz<\/td><td>0,35-0,5 Acres\/H<\/td><\/tr><tr><td>Netzgewicht<\/td><td>300kg<\/td><\/tr><tr><td>Abmessung<\/td><td>2410*2132*1300mm<\/td><\/tr><tr><td>Bruttogewicht<\/td><td>360kg<\/td><\/tr><tr><td>Verpackungsgr\u00f6\u00dfe<\/td><td>2250*1760*600mm<\/td><\/tr><\/tbody><\/table><figcaption class=\"wp-element-caption\">Detaillierte Daten des 6-Reihen-Transplanters<\/figcaption><\/figure>    <figure class=\"wp-block-image aligncenter wp-image-3004 size-full\"><img loading=\"lazy\" decoding=\"async\" width=\"500\" height=\"500\" src=\"https:\/\/www.agriculture-machine.com\/wp-content\/uploads\/2018\/10\/22.jpg\" alt=\"Maschinendisplay\" class=\"wp-image-3004\" srcset=\"https:\/\/www.agriculture-machine.com\/wp-content\/uploads\/2018\/10\/22.jpg 500w, https:\/\/www.agriculture-machine.com\/wp-content\/uploads\/2018\/10\/22-270x270.jpg 270w\" sizes=\"auto, (max-width: 500px) 100vw, 500px\" \/><figcaption class=\"wp-element-caption\">Maschinendisplay<\/figcaption><\/figure>    <figure class=\"wp-block-image aligncenter wp-image-3006 size-full\"><img loading=\"lazy\" decoding=\"async\" width=\"500\" height=\"500\" src=\"https:\/\/www.agriculture-machine.com\/wp-content\/uploads\/2018\/10\/44.jpg\" alt=\"Produktbeschreibung\" class=\"wp-image-3006\" srcset=\"https:\/\/www.agriculture-machine.com\/wp-content\/uploads\/2018\/10\/44.jpg 500w, https:\/\/www.agriculture-machine.com\/wp-content\/uploads\/2018\/10\/44-270x270.jpg 270w\" sizes=\"auto, (max-width: 500px) 100vw, 500px\" \/><figcaption class=\"wp-element-caption\">Produktbeschreibung<\/figcaption><\/figure>    <figure class=\"wp-block-image aligncenter wp-image-3009 size-full\"><img loading=\"lazy\" decoding=\"async\" width=\"500\" height=\"500\" src=\"https:\/\/www.agriculture-machine.com\/wp-content\/uploads\/2018\/10\/77.jpg\" alt=\"Reis-Transplanter Produktbeschreibung 2\" class=\"wp-image-3009\" srcset=\"https:\/\/www.agriculture-machine.com\/wp-content\/uploads\/2018\/10\/77.jpg 500w, https:\/\/www.agriculture-machine.com\/wp-content\/uploads\/2018\/10\/77-270x270.jpg 270w\" sizes=\"auto, (max-width: 500px) 100vw, 500px\" \/><figcaption class=\"wp-element-caption\">Reis-Transplanter Produktbeschreibung<\/figcaption><\/figure>    <h2 class=\"wp-block-heading\">FAQ<\/h2>   <div id=\"rank-math-faq\" class=\"rank-math-block\"> <div class=\"rank-math-list\"> <div id=\"faq-question-1706172907425\" class=\"rank-math-list-item\"> <h3 class=\"rank-math-question\">Sind Pflanzabstand und Reihenabstand verstellbar?<\/h3> <div class=\"rank-math-answer\">  <p>Der Pflanzabstand kann 120\/140\/160\/190mm betragen, und der Reihenabstand ist 238mm.<\/p>  <\/div> <\/div> <div id=\"faq-question-1706172915468\" class=\"rank-math-list-item\"> <h3 class=\"rank-math-question\">Wie ist die Arbeitseffizienz dieses Ger\u00e4ts?<\/h3> <div class=\"rank-math-answer\">  <p>0,5-0,75 Acres\/H.<\/p>  <\/div> <\/div> <div id=\"faq-question-1706172926072\" class=\"rank-math-list-item\"> <h3 class=\"rank-math-question\">Wie viele Personen werden bei der Arbeit ben\u00f6tigt?<\/h3> <div class=\"rank-math-answer\">  <p>Die Pflanztiefe der S\u00e4mlinge wird vom Landwirt selbst entsprechend den lokalen Anforderungen bestimmt.<br \/>Verstellmethode:<br \/>1. L\u00f6sen Sie den Befestigungsstahl und drehen Sie den Hebel.<br \/>2. Drehen Sie die Stange im Uhrzeigersinn, um die Tiefe zu verringern; gegen den Uhrzeigersinn drehen erh\u00f6ht die Tiefe.<br \/>Wenn die erforderliche Pflanztiefe erreicht ist, blockieren Sie die Schraube wieder mit dem Befestigungsstahl.<\/p>  <\/div> <\/div> <\/div> <\/div>   <p class=\"translation-block\">Sie k\u00f6nnen den folgenden Link \u00f6ffnen, um die <em><strong><a href=\"https:\/\/www.agriculture-machine.com\/de\/walk-behind-rice-transplanter-rice-planting-machine\/\">anderen Arten von Reispflanzmaschinen<\/a><\/strong><\/em> zu sehen.<\/p>    <p>Wenn Sie Fragen haben oder mehr Details zum Ger\u00e4t wissen m\u00f6chten, kontaktieren Sie uns bitte. Wir werden geduldig Ihre Fragen beantworten und das am besten geeignete Ger\u00e4t bereitstellen.<\/p>","protected":false},"excerpt":{"rendered":"<p>Der Reis-Transplanter erm\u00f6glicht eine effiziente und pr\u00e4zise Reispflanzung, was die Produktivit\u00e4t beim Reisanbau deutlich erh\u00f6ht.<\/p>","protected":false},"author":1,"featured_media":3038,"parent":0,"comment_status":"closed","ping_status":"closed","template":"","tags":[2607,151],"product-type":[914],"class_list":["post-1235","product","type-product","status-publish","has-post-thumbnail","hentry","tag-nursery","tag-transplanter","product-type-rice-transplanter"],"_links":{"self":[{"href":"https:\/\/www.agriculture-machine.com\/de\/wp-json\/wp\/v2\/product\/1235","targetHints":{"allow":["GET"]}}],"collection":[{"href":"https:\/\/www.agriculture-machine.com\/de\/wp-json\/wp\/v2\/product"}],"about":[{"href":"https:\/\/www.agriculture-machine.com\/de\/wp-json\/wp\/v2\/types\/product"}],"author":[{"embeddable":true,"href":"https:\/\/www.agriculture-machine.com\/de\/wp-json\/wp\/v2\/users\/1"}],"replies":[{"embeddable":true,"href":"https:\/\/www.agriculture-machine.com\/de\/wp-json\/wp\/v2\/comments?post=1235"}],"wp:featuredmedia":[{"embeddable":true,"href":"https:\/\/www.agriculture-machine.com\/de\/wp-json\/wp\/v2\/media\/3038"}],"wp:attachment":[{"href":"https:\/\/www.agriculture-machine.com\/de\/wp-json\/wp\/v2\/media?parent=1235"}],"wp:term":[{"taxonomy":"post_tag","embeddable":true,"href":"https:\/\/www.agriculture-machine.com\/de\/wp-json\/wp\/v2\/tags?post=1235"},{"taxonomy":"product-type","embeddable":true,"href":"https:\/\/www.agriculture-machine.com\/de\/wp-json\/wp\/v2\/product-type?post=1235"}],"curies":[{"name":"wp","href":"https:\/\/api.w.org\/{rel}","templated":true}]}}