{"id":1248,"date":"2018-10-22T07:08:52","date_gmt":"2018-10-21T23:08:52","guid":{"rendered":"https:\/\/www.agriculture-machine.com\/?p=1248"},"modified":"2024-03-19T14:19:52","modified_gmt":"2024-03-19T06:19:52","slug":"sprayer","status":"publish","type":"product","link":"https:\/\/www.agriculture-machine.com\/de\/sprayer\/","title":{"rendered":"Rucksack-Spr\u00fchger\u00e4t \/ beste Drohnen \/ Solo-Rucksack-Spr\u00fchger\u00e4t"},"content":{"rendered":"<h2>Einf\u00fchrung des Rucksack-Spr\u00fchers:<\/h2> <p class=\"translation-block\"><a href=\"https:\/\/www.agriculture-machine.com\/de\/amazing-garden-sprayer-drones-in-agriculture-crop-spraying\/\"><strong>Der Rucksack-Spr\u00fcher<\/strong><\/a> verf\u00fcgt \u00fcber eine Vielzahl von Ersatzd\u00fcsen f\u00fcr eine breite Palette von Anwendungen. Er kann f\u00fcr Obstb\u00e4ume, Feldfr\u00fcchte, Farmdesinfektion usw. verwendet werden. Es gibt ein atmungsaktives R\u00fcckenpolster, das den R\u00fccken des Bedieners vor Sch\u00e4den sch\u00fctzt. Dieser Akku-Rucksack-Spr\u00fcher kann wirksam Sch\u00e4dlinge auf der Pflanze bek\u00e4mpfen, die Ernte verbessern und Arbeitszeit sparen.<\/p> <p><center><\/center>&nbsp;<\/p> <p><center><img decoding=\"async\" style=\"width: 100%;\" src=\"https:\/\/www.agriculture-machine.com\/wp-content\/uploads\/2018\/10\/backpack-sprayer05.jpg\" alt=\"rucksack-spr\u00fchger\u00e4t05\" \/><\/center><\/p> <h2>Vorteile des Rucksack-Spr\u00fchers<\/h2> <p class=\"translation-block\">1. This<a href=\"https:\/\/www.agriculture-machine.com\/de\/gasoline-engine-backpack-sprayer-best-garden-sprayer-spraying-pesticide\/\"> knapsack sprayer<\/a> combined with electric and manual operation can meet the requirements of small farms.<br \/> 2.Easy operation.You can use hand and press push handle if it is out of power,It\u2019s easy to operate<br \/> 3.There is a controllable switch,which will work immediately when you turn on.<br \/> 4.The amount of water mist is adjustable<\/p> <ol start=\"5\"> <li>Die Abt\u00f6tungsrate liegt bei \u00fcber 95 %, was bedeutet, dass die meisten Sch\u00e4dlinge get\u00f6tet werden k\u00f6nnen.<\/li> <li>Dieser Pflanzenschutzdrohne ist leicht, was den Transport w\u00e4hrend des Betriebs erleichtert.<\/li> <\/ol> <p><center><img decoding=\"async\" style=\"width: 100%;\" src=\"https:\/\/www.agriculture-machine.com\/wp-content\/uploads\/2018\/10\/backpack-sprayer06.jpg\" alt=\"rucksack-spr\u00fchger\u00e4t06\" \/><\/center><\/p> <h2>Wie benutzt man den Rucksack-Spr\u00fcher?<\/h2> <p class=\"translation-block\">1.Install the <strong><a href=\"https:\/\/www.agriculture-machine.com\/de\/gasoline-engine-backpack-sprayer-best-garden-sprayer-spraying-pesticide\/\">knapsack sprayer<\/a> <\/strong>parts correctly. Check the connection for leaking. When using, install the water spray firstly, then refill the medicine.<br \/> 2.Before filling the liquid in the tank, please be sure to turn off the switch to prevent the liquid from leaking out.<br \/> 3.The liquid should be filtered by the filter, and it can not exceed the safe water line<br \/> 4.Put the Backpack sprayer on the back, press up and down button to a certain pressure in the left hand (the number of compression is about 30 times\/min),<\/p> <p><center><img decoding=\"async\" style=\"width: 100%;\" src=\"https:\/\/www.agriculture-machine.com\/wp-content\/uploads\/2018\/10\/backpack-sprayer04.jpg\" alt=\"rucksack-spr\u00fchger\u00e4t04\" \/><\/center><br \/> 5. Die rechte Hand h\u00e4lt den Griff der Spritzstange, um den Schalter zu \u00f6ffnen, und schwingt die Spritzstange entsprechend der zu bespr\u00fchenden Pflanze (oder Fl\u00e4che). Sie k\u00f6nnen den Schalter einstellen, um die D\u00fcse in verschiedene Richtungen spr\u00fchen zu lassen.<br \/> 6. Wenn die Fl\u00fcssigkeit zum ersten Mal gef\u00fcllt wird, enthalten die Luftkammer und die Spritzstange sauberes Wasser. Gleichzeitig ist die Konzentration der Fl\u00fcssigkeit in den ersten 2 bis 3 Minuten niedrig. Daher ist es notwendig, den Spr\u00fchvorgang zu \u00fcberwachen, um die Spr\u00fcheffekt nicht zu beeintr\u00e4chtigen.<br \/> 7. Nach Abschluss der Arbeit sollte die verbleibende Fl\u00fcssigkeit im Beh\u00e4lter rechtzeitig ausgegossen und sp\u00e4ter getrocknet werden.<br \/> 8. \u00dcberpr\u00fcfen Sie gleichzeitig, ob Wasser in der Luftkammer ist. Der Bediener sollte den Wasseranschluss entfernen und das angesammelte Wasser freigeben.<\/p> <p><center><img decoding=\"async\" style=\"width: 100%;\" src=\"https:\/\/www.agriculture-machine.com\/wp-content\/uploads\/2018\/10\/backpack-sprayer07.jpg\" alt=\"rucksack-spr\u00fchger\u00e4t07\" \/><\/center><\/p> <h2>Verschwendung<\/h2> <p>1. Der Bediener sollte die Verwendung von Pestiziden strikt gem\u00e4\u00df den Betriebsanweisungen einhalten.<br \/> 2. Wenn der Rucksack-Spr\u00fcher nicht kurzfristig verwendet wird, sollten die Hauptteile gereinigt und getrocknet werden, und er sollte an einem k\u00fchlen und trockenen Ort aufbewahrt werden.<br \/> 3. Wenn das Ger\u00e4t l\u00e4ngere Zeit nicht benutzt wird, sollten Sie Fett auf jedes Metallteil auftragen, um Rost zu verhindern,<\/p> <p><center><img decoding=\"async\" style=\"width: 100%;\" src=\"https:\/\/www.agriculture-machine.com\/wp-content\/uploads\/2018\/10\/backpack-sprayer08.jpg\" alt=\"rucksack-spr\u00fchger\u00e4t08\" \/><\/center><\/p> <h2>Parameter des Rucksack-Spr\u00fchers<\/h2> <div class=\"table-responsive\"> <table class=\"table table-striped\"> <tbody> <tr> <td width=\"120\">Name<\/td> <td width=\"478\">Landwirtschaftlicher Spr\u00fcher<\/td> <\/tr> <tr> <td width=\"120\">G.W.<\/td> <td width=\"478\">5,5 kg<\/td> <\/tr> <tr> <td width=\"120\">Gr\u00f6\u00dfe<\/td> <td width=\"478\">38*20*49cm<\/td> <\/tr> <tr> <td width=\"120\">Kapazit\u00e4t<\/td> <td width=\"478\">16L<\/td> <\/tr> <tr> <td width=\"120\">Material<\/td> <td width=\"478\">PP-Tank<\/td> <\/tr> <tr> <td width=\"120\">Leistungstyp<\/td> <td width=\"478\">Elektrisch \/ Manuell \/ Elektrisch und Manuell 2-in-1 1<\/td> <\/tr> <tr> <td width=\"120\">Logo<\/td> <td width=\"478\">Angepasst<\/td> <\/tr> <tr> <td width=\"120\">Schlauchl\u00e4nge<\/td> <td width=\"478\">3M PVC-Schlauch<\/td> <\/tr> <tr> <td width=\"120\">Angepasste Kapazit\u00e4t<\/td> <td width=\"478\">16L\/18L\/20L<\/td> <\/tr> <tr> <td width=\"120\">Druck<\/td> <td width=\"478\">0,15-0,4 MPa<\/td> <\/tr> <tr> <td width=\"120\">Lanze<\/td> <td width=\"478\">Verstellbare Edelstahl-Lanze<\/td> <\/tr> <tr> <td width=\"120\">D\u00fcse<\/td> <td width=\"478\">Gebl\u00e4se-D\u00fcse, 2-Loch-D\u00fcse, 1-Loch-D\u00fcse, gleich wie Spr\u00fchger\u00e4te-Teile-Tasche<\/td> <\/tr> <tr> <td width=\"120\">Batterie<\/td> <td width=\"478\">Blei-S\u00e4ure-Akku 12V8AH\/10AH\/12AH<\/td> <\/tr> <tr> <td width=\"120\">Pumpe<\/td> <td width=\"478\">Automatikpumpe \/ R\u00fcckflusspumpe<\/td> <\/tr> <tr> <td width=\"120\">Ladeger\u00e4t<\/td> <td width=\"478\">Eingang: 110V-240V AC \u00a0Ausgang: 12V1,0A<\/p> <p>Eingang: 110V-240V AC \u00a0Ausgang: 12V1,7A<\/td> <\/tr> <tr> <td rowspan=\"2\" width=\"120\">Arbeitszeit<\/td> <td width=\"478\">Nach 10 Stunden Laden mit 12V, 8Ah Blei-S\u00e4ure-Akku kann er 4-5 Stunden arbeiten.<\/td> <\/tr> <tr> <td width=\"478\">Nach 10 Stunden Laden mit 12V, 10Ah Blei-S\u00e4ure-Akku kann er 6-7 Stunden arbeiten.<\/td> <\/tr> <\/tbody> <\/table> <\/div> <p class=\"translation-block\"><img decoding=\"async\" style=\"width: 400px; float: left; margin-right: 10px;\" src=\"https:\/\/www.agriculture-machine.com\/wp-content\/uploads\/2018\/10\/backpack-sprayer01.jpg\" alt=\"backpack-sprayer01\" \/><img decoding=\"async\" style=\"width: 400px;\" src=\"https:\/\/www.agriculture-machine.com\/wp-content\/uploads\/2018\/10\/backpack-sprayer02.jpg\" alt=\"backpack-sprayer02\" \/><br \/> we also have <a href=\"https:\/\/www.agriculture-machine.com\/de\/amazing-garden-sprayer-drones-in-agriculture-crop-spraying\/\">drone sprayer<\/a> with higher capacity that is designed by advanced technology,please click the following link about this sprayer to get more information:<br \/> <a href=\"https:\/\/www.agriculture-machine.com\/de\/amazing-garden-sprayer-drones-in-agriculture-crop-spraying\/\">https:\/\/www.agriculture-machine.com\/agricultural-drone-sprayer-in-china\/<\/a><\/p> <h2>Erfolgreicher Fall des Rucksack-Spr\u00fchger\u00e4ts<\/h2> <p class=\"translation-block\">Im M\u00e4rz 2019 haben wir 200 Sets<a href=\"https:\/\/www.agriculture-machine.com\/de\/gasoline-engine-backpack-sprayer-best-garden-sprayer-spraying-pesticide\/\"><strong> Akku-Rucksack-Spr\u00fcher<\/strong> <\/a> nach Ghana verkauft. Der Kunde besuchte zuerst unsere Fabrik, um einen Test durchzuf\u00fchren, und verhandelte dann mit uns \u00fcber die Details des Spr\u00fchger\u00e4ts. Nachdem die Qualit\u00e4t des Akku-Rucksack-Spr\u00fchers vollst\u00e4ndig sichergestellt war, bestellte er eine gro\u00dfe Menge davon bei uns. Die folgenden Bilder zeigen es.<\/p> <p><img loading=\"lazy\" decoding=\"async\" class=\"alignnone size-full wp-image-4051\" src=\"https:\/\/www.agriculture-machine.com\/wp-content\/uploads\/2018\/10\/garden-sprayer-6.jpg\" alt=\"\" width=\"750\" height=\"750\" srcset=\"https:\/\/www.agriculture-machine.com\/wp-content\/uploads\/2018\/10\/garden-sprayer-6.jpg 750w, https:\/\/www.agriculture-machine.com\/wp-content\/uploads\/2018\/10\/garden-sprayer-6-270x270.jpg 270w, https:\/\/www.agriculture-machine.com\/wp-content\/uploads\/2018\/10\/garden-sprayer-6-540x540.jpg 540w\" sizes=\"auto, (max-width: 750px) 100vw, 750px\" \/><\/p> <p><img loading=\"lazy\" decoding=\"async\" class=\"alignnone size-full wp-image-4048\" src=\"https:\/\/www.agriculture-machine.com\/wp-content\/uploads\/2018\/10\/garden-sprayer-3.jpg\" alt=\"\" width=\"750\" height=\"750\" srcset=\"https:\/\/www.agriculture-machine.com\/wp-content\/uploads\/2018\/10\/garden-sprayer-3.jpg 750w, https:\/\/www.agriculture-machine.com\/wp-content\/uploads\/2018\/10\/garden-sprayer-3-270x270.jpg 270w, https:\/\/www.agriculture-machine.com\/wp-content\/uploads\/2018\/10\/garden-sprayer-3-540x540.jpg 540w\" sizes=\"auto, (max-width: 750px) 100vw, 750px\" \/><\/p> <p><img loading=\"lazy\" decoding=\"async\" class=\"alignnone size-full wp-image-4047\" src=\"https:\/\/www.agriculture-machine.com\/wp-content\/uploads\/2018\/10\/garden-sprayer-2.jpg\" alt=\"\" width=\"750\" height=\"750\" srcset=\"https:\/\/www.agriculture-machine.com\/wp-content\/uploads\/2018\/10\/garden-sprayer-2.jpg 750w, https:\/\/www.agriculture-machine.com\/wp-content\/uploads\/2018\/10\/garden-sprayer-2-270x270.jpg 270w, https:\/\/www.agriculture-machine.com\/wp-content\/uploads\/2018\/10\/garden-sprayer-2-540x540.jpg 540w\" sizes=\"auto, (max-width: 750px) 100vw, 750px\" \/><\/p>","protected":false},"excerpt":{"rendered":"<p>Introduction of backpack sprayer: Backpack sprayer has a variety of replacement nozzles for a wide range of applications.It can be used for fruit trees, crops,farm disinfection,etc. there is breathable back cushion to protect the bac of operator\u00a0from damage.\u00a0This\u00a0battery backpack sprayer can effectively the pest on the plant, improving the farm yield and saving labor time. [&hellip;]<\/p>\n","protected":false},"author":1,"featured_media":2026,"parent":0,"comment_status":"open","ping_status":"open","template":"","tags":[136],"product-type":[920,1],"class_list":["post-1248","product","type-product","status-publish","has-post-thumbnail","hentry","tag-sprayer","product-type-drone-sprayer","product-type-other"],"_links":{"self":[{"href":"https:\/\/www.agriculture-machine.com\/de\/wp-json\/wp\/v2\/product\/1248","targetHints":{"allow":["GET"]}}],"collection":[{"href":"https:\/\/www.agriculture-machine.com\/de\/wp-json\/wp\/v2\/product"}],"about":[{"href":"https:\/\/www.agriculture-machine.com\/de\/wp-json\/wp\/v2\/types\/product"}],"author":[{"embeddable":true,"href":"https:\/\/www.agriculture-machine.com\/de\/wp-json\/wp\/v2\/users\/1"}],"replies":[{"embeddable":true,"href":"https:\/\/www.agriculture-machine.com\/de\/wp-json\/wp\/v2\/comments?post=1248"}],"wp:featuredmedia":[{"embeddable":true,"href":"https:\/\/www.agriculture-machine.com\/de\/wp-json\/wp\/v2\/media\/2026"}],"wp:attachment":[{"href":"https:\/\/www.agriculture-machine.com\/de\/wp-json\/wp\/v2\/media?parent=1248"}],"wp:term":[{"taxonomy":"post_tag","embeddable":true,"href":"https:\/\/www.agriculture-machine.com\/de\/wp-json\/wp\/v2\/tags?post=1248"},{"taxonomy":"product-type","embeddable":true,"href":"https:\/\/www.agriculture-machine.com\/de\/wp-json\/wp\/v2\/product-type?post=1248"}],"curies":[{"name":"wp","href":"https:\/\/api.w.org\/{rel}","templated":true}]}}