{"id":12579,"date":"2022-01-21T17:00:56","date_gmt":"2022-01-21T09:00:56","guid":{"rendered":"https:\/\/www.agriculture-machine.com\/?p=12579"},"modified":"2024-03-19T14:20:11","modified_gmt":"2024-03-19T06:20:11","slug":"peanut-groundnut-shell-removing-machine","status":"publish","type":"product","link":"https:\/\/www.agriculture-machine.com\/de\/peanut-groundnut-shell-removing-machine\/","title":{"rendered":"Erdnuss- und Erdnuss-Sch\u00e4lmaschine"},"content":{"rendered":"<p>Der Einsatz von Erdnusssch\u00e4lmaschinen nimmt von Jahr zu Jahr zu. Das liegt daran, dass Erdn\u00fcsse eine der \u00d6lsaaten sind. Und man kann sie nach einfacher Verarbeitung essen. Der erste Schritt bei der Verarbeitung von Erdn\u00fcssen ist das Entfernen der Schalen.<\/p>    <figure class=\"wp-block-image aligncenter size-full\"><img loading=\"lazy\" decoding=\"async\" width=\"720\" height=\"540\" src=\"https:\/\/www.agriculture-machine.com\/wp-content\/uploads\/2022\/01\/peanut-shell-removing-machine-for-sale.webp\" alt=\"Erdnuss-Sch\u00e4lmaschine zum Verkauf\" class=\"wp-image-15636\" srcset=\"https:\/\/www.agriculture-machine.com\/wp-content\/uploads\/2022\/01\/peanut-shell-removing-machine-for-sale.webp 720w, https:\/\/www.agriculture-machine.com\/wp-content\/uploads\/2022\/01\/peanut-shell-removing-machine-for-sale-360x270.webp 360w, https:\/\/www.agriculture-machine.com\/wp-content\/uploads\/2022\/01\/peanut-shell-removing-machine-for-sale-240x180.webp 240w\" sizes=\"auto, (max-width: 720px) 100vw, 720px\" \/><figcaption class=\"wp-element-caption\">Erdnuss-Sch\u00e4lmaschine zum Verkauf<\/figcaption><\/figure>    <p class=\"translation-block\">Der Anbau von Erdn\u00fcssen ist gro\u00df und die Ernte hoch. Daher ist das manuelle Sch\u00e4len der Erdn\u00fcsse sehr arbeitsintensiv. Der Einsatz einer Erdnusssch\u00e4lmaschine kann dieses Problem l\u00f6sen. Um den Menschen Zeit zu sparen und die Arbeitseffizienz zu verbessern. Erdn\u00fcsse, die mit der Groundnut verarbeitet wurden, enthalten weniger Verunreinigungen und eine geringere Bruchrate. Und die Menschen k\u00f6nnen \u00d6l mit <strong><em>Schrauben\u00f6lpresse<\/em><\/strong> ausdr\u00fccken.<\/p>    <p class=\"translation-block\">Gleichzeitig haben wir auch andere Arten von Erdnusssch\u00e4lmaschinen im Angebot, klicken Sie f\u00fcr Details: <a href=\"https:\/\/www.agriculture-machine.com\/de\/peanut-groundmut-sheller-removing-machine\/\"><strong><em>Erdnuss-Sch\u00e4lmaschine | Entfernen der Groundnut-Schale<\/em><\/strong><\/a>, <a href=\"https:\/\/www.agriculture-machine.com\/de\/peanut-groundmut-sheller-removing-machine\/\"><strong><em>Erdnuss-Sch\u00e4lmaschine | Entfernen der Groundnut-Schale<\/em><\/strong><\/a>, und <a href=\"https:\/\/www.agriculture-machine.com\/de\/peanut-sheller\/\"><strong><em>Erdnuss-Sch\u00e4lmaschine \/ Groundnut-Sch\u00e4lmaschinenfabrik<\/em><\/strong><\/a>.<\/p>    <h2 class=\"wp-block-heading\" id=\"h-introduction-of-the-peanut-shell-removing-machine\">Einf\u00fchrung der Erdnusssch\u00e4lmaschine<\/h2>    <p>Eine Erdnusssch\u00e4lmaschine ist die Ausr\u00fcstung, die Erdnussschalen reinigen kann. Wir haben vollst\u00e4ndige Maschinentypen. Und verschiedene Modelle haben unterschiedliche Kapazit\u00e4ten. Dieser Text handelt von der TBH-200 Erdnusssch\u00e4lmaschine, die 200 kg Groundnuts pro Stunde verarbeiten kann.<\/p>    <p>Die Erdnusssch\u00e4lmaschine ist kompakt, leicht, einfach zu bewegen, einfach zu installieren, hat eine hohe Produktionseffizienz und eine gute Reinigungswirkung. Daher k\u00f6nnen Sie diese Maschine auch auf das Feld bringen. F\u00fcr den TBH-200 Erdnuss-Sch\u00e4ler gibt es einen Bildschirm. Wir haben verschiedene Bildschirme mit unterschiedlichen L\u00fccken. Wir empfehlen Ihnen einen passenden L\u00fcckensieb. Was die Leistung betrifft, kann unsere Erdnusssch\u00e4lmaschine mit einem Elektromotor oder einem Benzinmotor betrieben werden.<\/p>    <figure class=\"wp-block-image aligncenter size-full\"><img loading=\"lazy\" decoding=\"async\" width=\"720\" height=\"540\" src=\"https:\/\/www.agriculture-machine.com\/wp-content\/uploads\/2022\/01\/q1-1.jpg\" alt=\"\" class=\"wp-image-12585\" srcset=\"https:\/\/www.agriculture-machine.com\/wp-content\/uploads\/2022\/01\/q1-1.jpg 720w, https:\/\/www.agriculture-machine.com\/wp-content\/uploads\/2022\/01\/q1-1-360x270.jpg 360w, https:\/\/www.agriculture-machine.com\/wp-content\/uploads\/2022\/01\/q1-1-240x180.jpg 240w\" sizes=\"auto, (max-width: 720px) 100vw, 720px\" \/><figcaption class=\"wp-element-caption\"> Erdnuss-Sch\u00e4lmaschine <\/figcaption><\/figure>    <h2 class=\"wp-block-heading\">Aufbau der Groundnut-Sch\u00e4lmaschine<\/h2>    <p>Die Groundnut-Sch\u00e4lmaschine besteht haupts\u00e4chlich aus Einlass, Sieb, Walze, Welle, Erdnuss-Kern-Ausgang, Ventilator, Energiequelle (Elektromotor, Benzinmotor) usw.<\/p>    <figure class=\"wp-block-image aligncenter size-full\"><img loading=\"lazy\" decoding=\"async\" width=\"720\" height=\"540\" src=\"https:\/\/www.agriculture-machine.com\/wp-content\/uploads\/2022\/01\/\u5728\u6587\u7ae0\u91cc720540-1.jpg\" alt=\"Groundnut-Sch\u00e4lmaschine\" class=\"wp-image-12589\" title=\"Groundnut-Sch\u00e4lmaschine\" srcset=\"https:\/\/www.agriculture-machine.com\/wp-content\/uploads\/2022\/01\/\u5728\u6587\u7ae0\u91cc720540-1.jpg 720w, https:\/\/www.agriculture-machine.com\/wp-content\/uploads\/2022\/01\/\u5728\u6587\u7ae0\u91cc720540-1-360x270.jpg 360w, https:\/\/www.agriculture-machine.com\/wp-content\/uploads\/2022\/01\/\u5728\u6587\u7ae0\u91cc720540-1-240x180.jpg 240w\" sizes=\"auto, (max-width: 720px) 100vw, 720px\" \/><figcaption class=\"wp-element-caption\"> Groundnut-Sch\u00e4lmaschine <\/figcaption><\/figure>    <h2 class=\"wp-block-heading\">Arbeitsablauf der Erdnusssch\u00e4lmaschine<\/h2>    <ol class=\"wp-block-list\"> <li>Zuerst starten Sie die Erdnusssch\u00e4lmaschine. Dann geben Sie die Erdn\u00fcsse quantitativ, gleichm\u00e4\u00dfig und kontinuierlich in den Einlass.<\/li>    <li>Zweitens wird die Erdnussschale unter wiederholten Schl\u00e4gen, Reibung und Kollision des Rotors zerbrochen.<\/li>    <li>Drittens passieren die Erdnusssamen und zerbrochenen Erdnussschalen unter dem rotierenden Winddruck und dem Luftsto\u00df des Rotors durch einen Bildschirm.<\/li>    <li>Dann bl\u00e4st der rotierende Ventilator die Erdnussschale aus dieser Erdnusssch\u00e4lmaschine. Die Erdnusssamen werden durch einen Vibrationssieb gefiltert, um die Reinigung zu gew\u00e4hrleisten.<\/li> <\/ol>    <h2 class=\"wp-block-heading\">Arbeitsvideo der Erdnusssch\u00e4lmaschine<\/h2>    <figure class=\"wp-block-embed is-type-video is-provider-youtube wp-block-embed-youtube wp-embed-aspect-16-9 wp-has-aspect-ratio\"><div class=\"wp-block-embed__wrapper\"> <iframe loading=\"lazy\" title=\"Feedback-Video der Erdnuss-Sch\u00e4ler-Sch\u00e4lmaschine \/ Erdnusssch\u00e4lmaschine\" width=\"500\" height=\"281\" src=\"https:\/\/www.youtube.com\/embed\/dxo5IU9mOk4?feature=oembed\" frameborder=\"0\" allow=\"accelerometer; autoplay; clipboard-write; encrypted-media; gyroscope; picture-in-picture; web-share\" referrerpolicy=\"strict-origin-when-cross-origin\" allowfullscreen><\/iframe> <\/div><figcaption class=\"wp-element-caption\"> Arbeitsvideo der Erdnusssch\u00e4lmaschine <\/figcaption><\/figure>    <h2 class=\"wp-block-heading\">Parameter der Erdnusssch\u00e4lmaschine<\/h2>    <figure class=\"wp-block-table is-style-stripes\"><table><tbody><tr><td>Modell<\/td><td>TBH-200<\/td><\/tr><tr><td>Leistung<\/td><td>Benzinmotor oder Elektromotor<\/td><\/tr><tr><td>Kapazit\u00e4t<\/td><td>200-300kg\/h<\/td><\/tr><tr><td>Gewicht<\/td><td>65 kg<\/td><\/tr><tr><td>Gr\u00f6\u00dfe<\/td><td>650*560*1000mm<\/td><\/tr><tr><td>Mindestbestellmenge<\/td><td>10 St\u00fcck<\/td><\/tr><\/tbody><\/table><figcaption class=\"wp-element-caption\"> Parameter der Erdnusssch\u00e4lmaschine <\/figcaption><\/figure>    <h2 class=\"wp-block-heading\">Vorteile der Erdnusssch\u00e4lmaschine<\/h2>    <ol class=\"wp-block-list\"> <li>Hohe Produktivit\u00e4t. Kapazit\u00e4t 200-300 kg\/h. Und sauberes Sch\u00e4len. Nach dem Sch\u00e4len enthalten die Erdn\u00fcsse fast keine Verunreinigungen.<\/li>    <li>Niedrige Verlustrate und geringe Bruchrate. Es gibt nur sehr wenige zerbrochene Erdnusskerne.<\/li>    <li>Die Struktur ist einfach, die Verwendung zuverl\u00e4ssig. Die Erdnusssch\u00e4lmaschine hat eine lange Lebensdauer.<\/li>    <li>Die Einstellung ist bequem, und der Energieverbrauch ist niedrig.&nbsp;<\/li> <\/ol>    <figure class=\"wp-block-image aligncenter size-full\"><img loading=\"lazy\" decoding=\"async\" width=\"720\" height=\"540\" src=\"https:\/\/www.agriculture-machine.com\/wp-content\/uploads\/2022\/01\/\u6587\u7ae0\u91cc-1.jpg\" alt=\"Erdnussch\u00e4ler\" class=\"wp-image-12590\" title=\"Erdnussch\u00e4ler\" srcset=\"https:\/\/www.agriculture-machine.com\/wp-content\/uploads\/2022\/01\/\u6587\u7ae0\u91cc-1.jpg 720w, https:\/\/www.agriculture-machine.com\/wp-content\/uploads\/2022\/01\/\u6587\u7ae0\u91cc-1-360x270.jpg 360w, https:\/\/www.agriculture-machine.com\/wp-content\/uploads\/2022\/01\/\u6587\u7ae0\u91cc-1-240x180.jpg 240w\" sizes=\"auto, (max-width: 720px) 100vw, 720px\" \/><figcaption class=\"wp-element-caption\"> Erdnussch\u00e4ler <\/figcaption><\/figure>    <h2 class=\"wp-block-heading\">Vorsichtsma\u00dfnahmen bei der Erdnu\u00df-Sch\u00e4lmaschine<\/h2>    <p>1. Vor der Verwendung pr\u00fcfen Sie, ob die Befestigungen festgezogen sind. Ob das rotierende Teil beweglich ist und ob in jedem Lager Schmier\u00f6l vorhanden ist.<\/p>    <p>2. Wir sollten die Erdn\u00fcsse gleichm\u00e4\u00dfig und in angemessener Menge f\u00fcttern. Das Material sollte keine Eisenst\u00fccke, Steine und andere Fremdk\u00f6rper enthalten, um das Brechen der Erdn\u00fcsse und mechanische Ausf\u00e4lle zu verhindern.<\/p>    <p>3. Vor der Lagerung entfernen Sie Staub, Schmutz und verbleibende Samen von der Oberfl\u00e4che der Maschine. Dann streichen Sie die lackierten Teile neu. Nach dem Trocknen decken Sie die Maschine ab und lagern sie in einem trockenen Lager. Wir sollten den Keilriemen entfernen und ihn an einer Innenseite an einer Wand aufh\u00e4ngen, die nicht der Sonne ausgesetzt ist.<\/p>    <h2 class=\"wp-block-heading\">Kontaktieren Sie uns jederzeit<\/h2>    <p>Wenn Sie an unserer fortschrittlichen kleinen Erdnusssch\u00e4lmaschine interessiert sind, wenden Sie sich bitte an unser professionelles Team f\u00fcr weitere Details. Au\u00dferdem laden wir Sie herzlich ein, unsere Fabrik zu besuchen und die Leistung unserer Maschinen selbst zu erleben. Wir freuen uns darauf, Ihnen die besten Produkte und Dienstleistungen anzubieten!<\/p>","protected":false},"excerpt":{"rendered":"<p>Diese Erdnusssch\u00e4lmaschine ist eine effiziente und praktische Maschine, die f\u00fcr Kleinbauern und Verarbeitungsbetriebe entwickelt wurde. Ihr kompaktes Design und ihre leistungsstarke Leistung machen sie ideal f\u00fcr die Groundnut-Sch\u00e4lung. <\/p>","protected":false},"author":1,"featured_media":12584,"parent":0,"comment_status":"closed","ping_status":"closed","template":"","tags":[548,649,520,107,108,519,2450],"product-type":[895],"class_list":["post-12579","product","type-product","status-publish","has-post-thumbnail","hentry","tag-groundnut-shell-removing-machine","tag-groundnut-shelling","tag-groundnut-shelling-machine","tag-peanut-sheller","tag-peanut-sheller-machine","tag-peanut-shelling-machine","tag-peanut-shelling-machine-for-home","product-type-peanut-sheller"],"_links":{"self":[{"href":"https:\/\/www.agriculture-machine.com\/de\/wp-json\/wp\/v2\/product\/12579","targetHints":{"allow":["GET"]}}],"collection":[{"href":"https:\/\/www.agriculture-machine.com\/de\/wp-json\/wp\/v2\/product"}],"about":[{"href":"https:\/\/www.agriculture-machine.com\/de\/wp-json\/wp\/v2\/types\/product"}],"author":[{"embeddable":true,"href":"https:\/\/www.agriculture-machine.com\/de\/wp-json\/wp\/v2\/users\/1"}],"replies":[{"embeddable":true,"href":"https:\/\/www.agriculture-machine.com\/de\/wp-json\/wp\/v2\/comments?post=12579"}],"wp:featuredmedia":[{"embeddable":true,"href":"https:\/\/www.agriculture-machine.com\/de\/wp-json\/wp\/v2\/media\/12584"}],"wp:attachment":[{"href":"https:\/\/www.agriculture-machine.com\/de\/wp-json\/wp\/v2\/media?parent=12579"}],"wp:term":[{"taxonomy":"post_tag","embeddable":true,"href":"https:\/\/www.agriculture-machine.com\/de\/wp-json\/wp\/v2\/tags?post=12579"},{"taxonomy":"product-type","embeddable":true,"href":"https:\/\/www.agriculture-machine.com\/de\/wp-json\/wp\/v2\/product-type?post=12579"}],"curies":[{"name":"wp","href":"https:\/\/api.w.org\/{rel}","templated":true}]}}