{"id":12594,"date":"2022-01-25T18:19:44","date_gmt":"2022-01-25T10:19:44","guid":{"rendered":"https:\/\/www.agriculture-machine.com\/?p=12594"},"modified":"2024-10-24T14:11:32","modified_gmt":"2024-10-24T06:11:32","slug":"industrial-combined-peanut-groundnut-shelling-machine","status":"publish","type":"product","link":"https:\/\/www.agriculture-machine.com\/de\/industrial-combined-peanut-groundnut-shelling-machine\/","title":{"rendered":"Industrielle kombinierte Erdnuss- und Groundnut-Sch\u00e4lmaschine"},"content":{"rendered":"<p class=\"translation-block\">Neben kleinen Modellen, die f\u00fcr den Hausgebrauch geeignet sind, <a href=\"https:\/\/www.agriculture-machine.com\/de\/thresher-sheller\/peanut-sheller\/\">Erdnussch\u00e4ler<\/a> gibt es auch gr\u00f6\u00dfere Modelle f\u00fcr den Fabrikeinsatz. In der Regel wird die Erdnusssch\u00e4lmaschine mit einer Erdnussreinigungsmaschine kombiniert. Diese gro\u00dfe Erdnussknackereinheit zeichnet sich durch sauberes Sch\u00e4len, hohe Arbeitseffizienz und niedrigen Verunreinigungsgrad aus. Au\u00dferdem erf\u00fcllen diese Eigenschaften die Anforderungen der Fabrik, t\u00e4glich gro\u00dfe Mengen an Erdn\u00fcssen zu verarbeiten.\u00a0<\/p>    <figure class=\"wp-block-embed aligncenter is-type-video is-provider-youtube wp-block-embed-youtube wp-embed-aspect-16-9 wp-has-aspect-ratio\"><div class=\"wp-block-embed__wrapper\"> <iframe loading=\"lazy\" title=\"Revolutionierung der Erdnussverarbeitung: Innovatives Erdnusssch\u00e4lger\u00e4t (Reinigung &amp; Sch\u00e4len)!#erdnuss\" width=\"500\" height=\"281\" src=\"https:\/\/www.youtube.com\/embed\/egCUZvfcnFI?feature=oembed\" frameborder=\"0\" allow=\"accelerometer; autoplay; clipboard-write; encrypted-media; gyroscope; picture-in-picture; web-share\" referrerpolicy=\"strict-origin-when-cross-origin\" allowfullscreen><\/iframe> <\/div><figcaption class=\"wp-element-caption\">Arbeitsvideo der industriellen kombinierten Erdnusssch\u00e4lmaschine<\/figcaption><\/figure>    <p>Unter normalen Umst\u00e4nden werden diese Erdn\u00fcsse zur Herstellung von Nicht-Grundnahrungsmitteln oder zur Gewinnung von Erdnuss\u00f6l verwendet. Erdnuss\u00f6l ist ein \u00d6l, das im Alltag h\u00e4ufig konsumiert wird. F\u00fcr die Verarbeitung von Erdnuss\u00f6l kann eine Schrauben\u00f6lpresse verwendet werden. Au\u00dferdem kann die Schrauben\u00f6lpresse auch Sesam, Sojabohnen und andere Materialien verarbeiten.<\/p>    <h2 class=\"wp-block-heading\" id=\"h-brief-introduction-of-the-industrial-peanut-shelling-machine\">Kurze Einf\u00fchrung in die industrielle kombinierte Erdnuss- und Erdnusssch\u00e4lmaschine<\/h2>    <p>Our 6BHX series industrial combined peanut groundnut shelling machine includes 4 models. And in this passage, I will introduce the model of 6BHX-1500. This model of peanut shell remover&#8217;s capacity is 1000kg per hour. The power provider is an electric motor. <\/p>    <p>Au\u00dferdem verf\u00fcgt diese Erdnusssch\u00e4lmaschine \u00fcber 2 Siebe, die die Erdnussreinigung sch\u00e4len. Der Unterschied zwischen der kleinen Erdnusssch\u00e4lmaschine und dieser kombinierten Erdnuss-Sch\u00e4lmaschine besteht darin, dass sie mit der Erdnussreinigung arbeitet.<\/p>    <p>Der Erdnussreiniger kann Klumpen, Metallteile, Erdnussst\u00e4ngel usw. mit einem Ventilator entfernen. Dann werden die gereinigten Erdn\u00fcsse an die Erdnusssch\u00e4lmaschine weitergeleitet. Im Vergleich zu anderen Erdnusssch\u00e4lmaschinen kann diese Serie weniger Staub produzieren. Und sie kann der Fabrik helfen, gro\u00dfe Mengen an Erdn\u00fcssen zu verarbeiten. \u00a0\u00a0<\/p>    <figure class=\"wp-block-image aligncenter size-full is-resized\"><img loading=\"lazy\" decoding=\"async\" width=\"720\" height=\"540\" src=\"https:\/\/www.agriculture-machine.com\/wp-content\/uploads\/2023\/03\/industrial-peanut-shelling-machine-.webp\" alt=\"Industrielle Erdnusssch\u00e4lmaschine\" class=\"wp-image-14501\" style=\"width:720px;height:540px\" title=\"Industrielle Erdnusssch\u00e4lmaschine\"\/><\/figure>    <h2 class=\"wp-block-heading\">Struktur der industriellen kombinierten Erdnuss- und Erdnusssch\u00e4lmaschine<\/h2>    <p>1. Sch\u00e4lsystemaufbau<\/p>    <p>Sie besteht aus einem Elektromotor, Zuf\u00fchrtrichter, Sch\u00e4lstruktur, Grading- und Sortiersieb, Kurbelwelle, Saugl\u00fcfter usw.<\/p>    <p>2. Struktur des Erdnussreinigungssystems<\/p>    <p>Es umfasst einen Elektromotor, Zuf\u00fchrtrichter, Sortiersieb, Kurbelwelle, Saugl\u00fcfter und Lufttransportger\u00e4t.<\/p>    <figure class=\"wp-block-image aligncenter size-full\"><img loading=\"lazy\" decoding=\"async\" width=\"720\" height=\"540\" src=\"https:\/\/www.agriculture-machine.com\/wp-content\/uploads\/2023\/03\/combined-groundnut-shelling-machine-s-structure-.webp\" alt=\"Struktur der kombinierten Erdnusssch\u00e4lmaschine\" class=\"wp-image-14504\" title=\"Struktur der kombinierten Erdnusssch\u00e4lmaschine\"\/><\/figure>    <h2 class=\"wp-block-heading\">Funktionsprinzip der industriellen Erdnusssch\u00e4lmaschine<\/h2>    <p>1. Erdnussreinigungssystem<\/p>    <p>Gie\u00dfen Sie die Erdn\u00fcsse mit Verunreinigungen zuerst in den Trichter und lassen Sie sie in das Sortiersieb flie\u00dfen. Das Sortiersieb saugt dann die zerbrochenen Bl\u00e4tter und den schwebenden Staub mit dem Saugl\u00fcfter und der Kurbelwelle aus der Maschine heraus. <\/p>    <p>Schwere Verunreinigungen (Erde, Steine) werden durch das Sortiersieb sortiert. Danach flie\u00dfen sie aus der Maschine \u00fcber die Verschmutzungsentladung. Die Erdn\u00fcsse nach der Entfernung der Verunreinigungen fallen von der Sieboberfl\u00e4che ab und flie\u00dfen in das Luftf\u00f6rderger\u00e4t. Schlie\u00dflich transportiert die Luft die Erdn\u00fcsse in den Trichter des Sch\u00e4lsystems.<\/p>    <p>2. Sch\u00e4lsystem<\/p>    <p>Die Erdn\u00fcsse im Zuf\u00fchrtrichter flie\u00dfen in die entsprechende Sch\u00e4lr\u00f6hre. Die Erdn\u00fcsse werden durch die wiederholte Reibungskraft des Rippen- und K\u00e4figs gesch\u00e4lt. Beim Verarbeiten der Erdn\u00fcsse gelangen alle gemischten Materialien nach dem Sch\u00e4len in das Grading- und Sortiersieb. <\/p>    <p>Die Erdnussschalen werden durch den Saugl\u00fcfter aus der industriellen kombinierten Erdnusssch\u00e4lmaschine ausgeschieden. Im Sortier- und Grading-Sieb bewegen sich die Erdnusskerne von der Sieboberfl\u00e4che zum Ausgang der Maschine.\u00a0<\/p>    <figure class=\"wp-block-image aligncenter size-full\"><img loading=\"lazy\" decoding=\"async\" width=\"720\" height=\"540\" src=\"https:\/\/www.agriculture-machine.com\/wp-content\/uploads\/2023\/03\/Industrial-combined-peanut-groundnut-shelling-machine-.webp\" alt=\"Industrielle kombinierte Erdnuss- und Groundnut-Sch\u00e4lmaschine\" class=\"wp-image-14512\" title=\"Industrielle kombinierte Erdnuss- und Groundnut-Sch\u00e4lmaschine\"\/><\/figure>    <h2 class=\"wp-block-heading\">Arbeitsvideo der kombinierten Erdnusssch\u00e4lmaschine<\/h2>    <figure class=\"wp-block-embed aligncenter is-type-video is-provider-youtube wp-block-embed-youtube wp-embed-aspect-16-9 wp-has-aspect-ratio\"><div class=\"wp-block-embed__wrapper\"> <iframe loading=\"lazy\" title=\"Perfekte Sch\u00e4lerate! Kombinierte Erdnuss- und Erdnussreinigungsmaschine\" width=\"500\" height=\"281\" src=\"https:\/\/www.youtube.com\/embed\/OdT4xxAK-3k?feature=oembed\" frameborder=\"0\" allow=\"accelerometer; autoplay; clipboard-write; encrypted-media; gyroscope; picture-in-picture; web-share\" referrerpolicy=\"strict-origin-when-cross-origin\" allowfullscreen><\/iframe> <\/div><figcaption class=\"wp-element-caption\">Arbeitsvideo der industriellen kombinierten Erdnusssch\u00e4lmaschine <\/figcaption><\/figure>    <h2 class=\"wp-block-heading\">Parameter des 6BHX-1500 Erdnusssch\u00e4lers<\/h2>    <figure class=\"wp-block-table is-style-stripes\"><table><tbody><tr><td>Modell<\/td><td>6BHX-1500<\/td><\/tr><tr><td>Kapazit\u00e4t<\/td><td>1000kg\/h<\/td><\/tr><tr><td>Sch\u00e4lrate (%)<\/td><td>\u226599<\/td><\/tr><tr><td>Reinigungsrate (%)<\/td><td>\u226599<\/td><\/tr><tr><td>Bruchrate (%)<\/td><td>\u22645<\/td><\/tr><tr><td>Verlustrate (%)<\/td><td>\u22640,5<\/td><\/tr><tr><td>Feuchtigkeitsgehalt (%)<\/td><td>10<\/td><\/tr><tr><td>Sch\u00e4lmotor<\/td><td>1,5KW 3KW<\/td><\/tr><tr><td>Reinigungsmotor<\/td><td>2,2KW<\/td><\/tr><tr><td>Gewicht<\/td><td>520kg<\/td><\/tr><tr><td>Gr\u00f6\u00dfe<\/td><td>1500*1050*1460mm<\/td><\/tr><\/tbody><\/table><figcaption class=\"wp-element-caption\"> Parameter des 6BHX-1500 Erdnusssch\u00e4lers <\/figcaption><\/figure>    <h2 class=\"wp-block-heading\">Vorteile der industriellen Erdnusssch\u00e4lmaschine<\/h2>    <p>1. Schwebende Sortierung, bei der keine Erdnuss mit Schale \u00fcbersehen wird.<\/p>    <p>2. Die Walze hat links- und rechtsdrehende Wirbel, und die Sch\u00e4lerate ist h\u00f6her.<\/p>    <p>3. Das versiegelte Vibrationssieb hat eine h\u00f6here Reinigungsrate und verhindert Staubentwicklung.<\/p>    <p>4. Die zerdr\u00fcckten Erdnussschalen werden von einem speziellen Ventilator ausgeblasen, der direkt als D\u00fcnger verwendet werden kann. <\/p>    <h2 class=\"wp-block-heading\">Wie w\u00e4hlen Sie die richtige industrielle Erdnusssch\u00e4lmaschine f\u00fcr Ihre Bed\u00fcrfnisse aus?<\/h2>    <ol class=\"wp-block-list\"> <li>Kapazit\u00e4t: Bestimmen Sie die Anzahl der Erdn\u00fcsse, die pro Stunde gesch\u00e4lt werden m\u00fcssen. Dies hilft Ihnen, die richtige industrielle Erdnusssch\u00e4lmaschine auszuw\u00e4hlen. <a href=\"https:\/\/www.agriculture-machine.com\/de\/combined-peanut-cleaning-and-shelling-machine\/\">Erdnussch\u00e4ler<\/a> Modell, das Ihren Bed\u00fcrfnissen entspricht.<\/li>    <li>Gute Arbeitsleistung: Achten Sie darauf, ob die endg\u00fcltigen Erdnusskerne eine hohe Bruchrate aufweisen. W\u00e4hlen Sie einen Erdnusssch\u00e4ler mit einer geringeren Bruchrate.<\/li>    <li>Leistung: Erdnusssch\u00e4ler k\u00f6nnen mit Elektromotoren, Dieselmotoren usw. ausgestattet werden. W\u00e4hlen Sie die Erdnusssch\u00e4lmaschine mit der Leistung, die Ihren Bed\u00fcrfnissen entspricht. <\/li>    <li>Budget: Verschiedene Modelle der Erdnusssch\u00e4lmaschinen haben unterschiedliche Preise, daher k\u00f6nnen Kunden die passende Erdnusssch\u00e4lmaschine entsprechend ihrem Budget w\u00e4hlen.<\/li>    <li>Marke und Kundenfeedback: Achten Sie darauf, wie das Kundenfeedback zum Verkauf der Erdnusssch\u00e4lmaschine des Herstellers ist.<\/li> <\/ol>    <figure class=\"wp-block-image aligncenter size-full\"><img loading=\"lazy\" decoding=\"async\" width=\"720\" height=\"540\" src=\"https:\/\/www.agriculture-machine.com\/wp-content\/uploads\/2023\/03\/groundnut-shell-remover-2.webp\" alt=\"Erdnuss-Sch\u00e4lmittel\" class=\"wp-image-14509\" title=\"Erdnuss-Sch\u00e4lmittel\"\/><\/figure>    <h2 class=\"wp-block-heading\">Was sind die Vorteile der Verwendung eines Erdnuss-Sch\u00e4lmittels?<\/h2>    <ol class=\"wp-block-list\"> <li>Hohe Effizienz: Der Erdnussschaler hat eine hohe Sch\u00e4lrate und eine niedrige Besch\u00e4digungsrate, was die Verarbeitung einer gro\u00dfen Anzahl von Erdn\u00fcssen in kurzer Zeit erm\u00f6glicht. Das spart Zeit und Arbeitskosten.<\/li>    <li>Verbesserte Qualit\u00e4t: Diese zum Verkauf stehende Erdnusssch\u00e4lmaschine produziert saubere und unbesch\u00e4digte Erdn\u00fcsse, wodurch die Qualit\u00e4t der gesch\u00e4lten Erdn\u00fcsse verbessert wird. Dies erh\u00f6ht auch ihren Wert auf dem Markt. <\/li>    <li>Vielseitigkeit: Die automatische Erdnusssch\u00e4lmaschine kann verschiedene Erdnussarten sch\u00e4len, einschlie\u00dflich Spanisch, Virginia und Valencia. Eine breitere Anwendungsvielfalt. <\/li>    <li>Einfach zu bedienen: Die industrielle Erdnusssch\u00e4lmaschine ist einfach zu bedienen und kann auf Anhieb erlernt werden.<\/li>    <li>Langlebig und zuverl\u00e4ssig: Die automatische Erdnusssch\u00e4lmaschine ist aus hochwertigen Materialien gebaut, was sie langlebiger und zuverl\u00e4ssiger macht. Sie reduziert auch die Anzahl der Reparaturen und die Kosten.<\/li> <\/ol>    <figure class=\"wp-block-image aligncenter size-full\"><img loading=\"lazy\" decoding=\"async\" width=\"720\" height=\"540\" src=\"https:\/\/www.agriculture-machine.com\/wp-content\/uploads\/2023\/03\/industrial-peanut-shelling-machine-1-1.webp\" alt=\"Industrielle Erdnusssch\u00e4lmaschine \" class=\"wp-image-14505\" title=\"Industrielle Erdnusssch\u00e4lmaschine \"\/><\/figure>    <p>Wenn Sie an dieser industriellen kombinierten Erdnusssch\u00e4lmaschine interessiert sind, z\u00f6gern Sie nicht, uns f\u00fcr weitere Bilder, Videos und ein Angebot zu kontaktieren. Wir freuen uns auf die Zusammenarbeit mit Ihnen.<\/p>","protected":false},"excerpt":{"rendered":"<p>Neben kleinen Modellen, die f\u00fcr den Hausgebrauch geeignet sind, gibt es auch gr\u00f6\u00dfere Modelle f\u00fcr den Fabrikgebrauch. In der Regel wird die Erdnusssch\u00e4lmaschine zusammen mit einer Erdnussreinigungsmaschine verwendet. <\/p>","protected":false},"author":1,"featured_media":14499,"parent":0,"comment_status":"closed","ping_status":"closed","template":"","tags":[797,2613],"product-type":[895],"class_list":["post-12594","product","type-product","status-publish","has-post-thumbnail","hentry","tag-peanut","tag-peeling","product-type-peanut-sheller"],"_links":{"self":[{"href":"https:\/\/www.agriculture-machine.com\/de\/wp-json\/wp\/v2\/product\/12594","targetHints":{"allow":["GET"]}}],"collection":[{"href":"https:\/\/www.agriculture-machine.com\/de\/wp-json\/wp\/v2\/product"}],"about":[{"href":"https:\/\/www.agriculture-machine.com\/de\/wp-json\/wp\/v2\/types\/product"}],"author":[{"embeddable":true,"href":"https:\/\/www.agriculture-machine.com\/de\/wp-json\/wp\/v2\/users\/1"}],"replies":[{"embeddable":true,"href":"https:\/\/www.agriculture-machine.com\/de\/wp-json\/wp\/v2\/comments?post=12594"}],"wp:featuredmedia":[{"embeddable":true,"href":"https:\/\/www.agriculture-machine.com\/de\/wp-json\/wp\/v2\/media\/14499"}],"wp:attachment":[{"href":"https:\/\/www.agriculture-machine.com\/de\/wp-json\/wp\/v2\/media?parent=12594"}],"wp:term":[{"taxonomy":"post_tag","embeddable":true,"href":"https:\/\/www.agriculture-machine.com\/de\/wp-json\/wp\/v2\/tags?post=12594"},{"taxonomy":"product-type","embeddable":true,"href":"https:\/\/www.agriculture-machine.com\/de\/wp-json\/wp\/v2\/product-type?post=12594"}],"curies":[{"name":"wp","href":"https:\/\/api.w.org\/{rel}","templated":true}]}}