{"id":12636,"date":"2022-01-27T17:12:03","date_gmt":"2022-01-27T09:12:03","guid":{"rendered":"https:\/\/www.agriculture-machine.com\/?p=12636"},"modified":"2024-08-20T17:41:30","modified_gmt":"2024-08-20T09:41:30","slug":"peanut-picking-machine","status":"publish","type":"product","link":"https:\/\/www.agriculture-machine.com\/de\/peanut-picking-machine\/","title":{"rendered":"Kleine Erdnusserntemaschine"},"content":{"rendered":"<p>Die kleine Erdnusserntemaschine ist eine Art mechanische Ausr\u00fcstung, die Fr\u00fcchte automatisch ernten kann. Der Einsatz dieser Ausr\u00fcstung kann Landwirten oder Betreibern helfen, schnell zu produzieren. Die Erdnusserntemaschine zeichnet sich durch niedrigen Verbrauch, gute Frucht-Ernteeffekte und niedrige Bruchraten aus.\u00a0<\/p>    <p>Diese Art von Erdnusserntemaschine ist f\u00fcr den Hausgebrauch geeignet. Weil sie die t\u00e4glichen Erdnussverarbeitungsbed\u00fcrfnisse erf\u00fcllen kann. Normalerweise muss die Erdnuss mit St\u00e4ngel vor der Verwendung etwa zwei Tage lang getrocknet werden.<\/p>    <figure class=\"wp-block-embed is-type-video is-provider-youtube wp-block-embed-youtube wp-embed-aspect-16-9 wp-has-aspect-ratio\"><div class=\"wp-block-embed__wrapper\"> <iframe loading=\"lazy\" title=\"Erdnuss-Erntemaschine\/Erdnuss-Picker\/Feedback aus Sri Lanka\/Erntemaschine zum Entfernen von Erdn\u00fcssen\" width=\"500\" height=\"281\" src=\"https:\/\/www.youtube.com\/embed\/O1wqgGvVLIU?feature=oembed\" frameborder=\"0\" allow=\"accelerometer; autoplay; clipboard-write; encrypted-media; gyroscope; picture-in-picture; web-share\" referrerpolicy=\"strict-origin-when-cross-origin\" allowfullscreen><\/iframe> <\/div><figcaption class=\"wp-element-caption\">Arbeitsvideo einer kleinen Erdnusserntemaschine<\/figcaption><\/figure>    <h2 class=\"wp-block-heading\" id=\"h-brief-introduction-of-small-peanut-picking-machine\">Kurze Einf\u00fchrung in die kleine Erdnusserntemaschine<\/h2>    <p>Dieser Artikel handelt von einer kleinen Erdnusserntemaschine. Wir haben zwei Arten von Erdnusserntemaschinen. Eine ist die kleine Trockenerdnusserntemaschine. Und eine andere ist eine gro\u00dfe Erdnusserntemaschine. <\/p>    <p>Die kleine Erdnuss<\/p>    <p> Der Erntehelfer kann 800-100 kg Erdn\u00fcsse pro Stunde verarbeiten. Gleichzeitig kann die Erntemenge der Erdnusserntemaschine 99 % erreichen, und die Bruchrate sowie die Verunreinigungsrate sind weniger als 1 %. Au\u00dferdem gibt es einen Aufzug mit einem Metallschl\u00fcssel an der Erdnussausgabe, an dem Sie eine Tasche aufh\u00e4ngen k\u00f6nnen. So ist es f\u00fcr uns bequem, die Erdn\u00fcsse zu sammeln.<\/p>    <p class=\"translation-block\">Die Leistung dieser Maschine kann ein Elektromotor oder ein Dieselmotor sein. Auf Wunsch k\u00f6nnen wir auch eine Basis mit R\u00e4dern installieren, was die Mobilit\u00e4t dieses Erntemaschine erleichtert. Neben Erntemaschinen haben wir auch <a href=\"https:\/\/www.agriculture-machine.com\/de\/peanut-harvester\/\">Erdnusserntemaschinen<\/a>. Das Zusammenspiel beider Maschinen kann die Arbeitseffizienz und -qualit\u00e4t erheblich verbessern.<\/p>    <figure class=\"wp-block-image aligncenter size-full is-resized\"><img loading=\"lazy\" decoding=\"async\" width=\"720\" height=\"540\" src=\"https:\/\/www.agriculture-machine.com\/wp-content\/uploads\/2022\/01\/IMG_9124_\u526f\u672c.jpg\" alt=\"Kleine Erdnusserntemaschine\" class=\"wp-image-12641\" title=\"Kleine Erdnusserntemaschine\" srcset=\"https:\/\/www.agriculture-machine.com\/wp-content\/uploads\/2022\/01\/IMG_9124_\u526f\u672c.jpg 720w, https:\/\/www.agriculture-machine.com\/wp-content\/uploads\/2022\/01\/IMG_9124_\u526f\u672c-360x270.jpg 360w, https:\/\/www.agriculture-machine.com\/wp-content\/uploads\/2022\/01\/IMG_9124_\u526f\u672c-240x180.jpg 240w\" sizes=\"auto, (max-width: 720px) 100vw, 720px\" \/><figcaption class=\"wp-element-caption\">Kleine Erdnusserntemaschine<\/figcaption><\/figure>    <h2 class=\"wp-block-heading\" id=\"structure-of-the-groundnut-picking-machine\">Struktur der kleinen Erdnusserntemaschine<\/h2>    <p>Diese kleine Erdnusserntemaschine besteht haupts\u00e4chlich aus einem Einlass, einem Frucht-Erntesystem, einem Ausgang f\u00fcr gro\u00dfe Verunreinigungen, einem Erdnuss-Ausgang, Ausg\u00e4ngen f\u00fcr leichte Verunreinigungen, einem Hebezeug (Aufzug), einem Ventilator und einem Stromanschluss.<\/p>    <figure class=\"wp-block-gallery has-nested-images columns-default is-cropped wp-block-gallery-2 is-layout-flex wp-block-gallery-is-layout-flex\"> <figure class=\"wp-block-image size-large\"><img loading=\"lazy\" decoding=\"async\" width=\"720\" height=\"540\" data-id=\"12643\" src=\"https:\/\/www.agriculture-machine.com\/wp-content\/uploads\/2022\/01\/1-1.jpg\" alt=\"Struktur der Erdnusserntemaschine\" class=\"wp-image-12643\" srcset=\"https:\/\/www.agriculture-machine.com\/wp-content\/uploads\/2022\/01\/1-1.jpg 720w, https:\/\/www.agriculture-machine.com\/wp-content\/uploads\/2022\/01\/1-1-360x270.jpg 360w, https:\/\/www.agriculture-machine.com\/wp-content\/uploads\/2022\/01\/1-1-240x180.jpg 240w\" sizes=\"auto, (max-width: 720px) 100vw, 720px\" \/><figcaption class=\"wp-element-caption\"> Erdnusserntemaschine<\/figcaption><\/figure>    <figure class=\"wp-block-image size-large\"><img loading=\"lazy\" decoding=\"async\" width=\"720\" height=\"540\" data-id=\"12642\" src=\"https:\/\/www.agriculture-machine.com\/wp-content\/uploads\/2022\/01\/2-1.jpg\" alt=\"Struktur der Erdnusserntemaschine\" class=\"wp-image-12642\" title=\"Struktur der Erdnusserntemaschine\" srcset=\"https:\/\/www.agriculture-machine.com\/wp-content\/uploads\/2022\/01\/2-1.jpg 720w, https:\/\/www.agriculture-machine.com\/wp-content\/uploads\/2022\/01\/2-1-360x270.jpg 360w, https:\/\/www.agriculture-machine.com\/wp-content\/uploads\/2022\/01\/2-1-240x180.jpg 240w\" sizes=\"auto, (max-width: 720px) 100vw, 720px\" \/><figcaption class=\"wp-element-caption\">groundnut picking machine&#8217;s structure<\/figcaption><\/figure> <figcaption class=\"blocks-gallery-caption wp-element-caption\">Kleine Erdnusserntemaschine<\/figcaption><\/figure>    <h2 class=\"wp-block-heading\" id=\"what-is-the-working-flow-of-the-peanut-picker-work\">Wie funktioniert der Arbeitsablauf der Erdnusserntemaschine<\/h2>    <ol class=\"wp-block-list\"> <li>Wir m\u00fcssen die Erdn\u00fcsse vor der Verwendung zwei Tage lang trocknen.<\/li>    <li>Wenn wir diese kleine Erdnusserntemaschine verwenden, starten Sie zuerst die Maschine und legen die Erdn\u00fcsse mit St\u00e4ngel in den Einlass der Maschine.<\/li>    <li>Die Erdnuss gelangt in das Frucht-Erntesystem. Das Frucht-Erntesystem trennt die Erdnuss vom St\u00e4ngel und den Bl\u00e4ttern.<\/li>    <li>Dann bl\u00e4st der Ventilator die St\u00e4ngel, Bl\u00e4tter und gro\u00dfe Verunreinigungen durch den gro\u00dfen Verunreinigungs-Ausgang aus. Gleichzeitig fallen Frucht und schwerere St\u00e4ngel (in kleinen Mengen) auf das Sortiersieb.<\/li>    <li>Als N\u00e4chstes flie\u00dfen die Frucht und eine kleine Menge St\u00e4ngel, der Schlammblock, aus dem Ausgang des Sortiersiebs. Die St\u00e4ngel und der Boden fallen durch das untere Sieb auf den Boden.<\/li>    <li>Schlie\u00dflich fallen die Erdnussfr\u00fcchte in den Aufzug. Ein Aufzug bringt die Erdn\u00fcsse in die Tasche, die am Aufzug h\u00e4ngt.<\/li> <\/ol>    <h2 class=\"wp-block-heading\" id=\"parameter-of-the-small-dry-peanut-picking-machine\">Parameter der kleinen Trockenerdnusserntemaschine<\/h2>    <figure class=\"wp-block-table is-style-stripes\"><table><tbody><tr><td>Modell<\/td><td>5HZ-600<\/td><\/tr><tr><td>Gr\u00f6\u00dfe<\/td><td>1960*1500*1370mm<\/td><\/tr><tr><td>Gewicht<\/td><td>150 kg<\/td><\/tr><tr><td>Leistung<\/td><td>7,5 kW Motor, 10 PS Dieselmotor<\/td><\/tr><tr><td>Kapazit\u00e4t<\/td><td>800-1000kg\/h<\/td><\/tr><tr><td>Erntemenge<\/td><td>\uff1e99 %<\/td><\/tr><tr><td>Bruchrate<\/td><td>\uff1c1 %<\/td><\/tr><tr><td>Verunreinigungsrate<\/td><td>\uff1c1 %<\/td><\/tr><\/tbody><\/table><figcaption class=\"wp-element-caption\">Parameter der kleinen Trockenerdnusserntemaschine<\/figcaption><\/figure>    <h2 class=\"wp-block-heading\" id=\"advantages-of-high-output-groundnut-picking-machine\">Vorteile der Hochleistungs-Erdnusserntemaschine<\/h2>    <ol class=\"wp-block-list\"> <li>Die gesamte Erntemaschine hat eine vern\u00fcnftige Struktur und ist leicht zu bewegen.<\/li>    <li>Diese Erdnusserntemaschine hat eine hohe St\u00e4ngelentfernungsrate. Alle Erdn\u00fcsse werden nach der Verarbeitung ohne St\u00e4ngel oder Bl\u00e4tter ausgegeben.<\/li>    <li>Au\u00dferdem liegt die Bruchrate unserer kleinen Erdnusserntemaschine bei weniger als 1 %.<\/li>    <li>Hohe Effizienz, unsere kleine multifunktionale Erdnusserntemaschine kann eine Kapazit\u00e4t von 800-100 kg pro Stunde erreichen. Diese Leistung kann die Bed\u00fcrfnisse der meisten Landwirte erf\u00fcllen.<\/li> <\/ol>    <h2 class=\"wp-block-heading\" id=\"how-to-maintain-the-peanut-picking-machine\">Wie man die Erdnusserntemaschine wartet<\/h2>    <ol class=\"wp-block-list\"> <li>Bevor die kleine Trockenerdnusserntemaschine in Betrieb genommen wird, sollten alle Teile des Ger\u00e4ts \u00fcberpr\u00fcft werden, um sicherzustellen, dass sie ordnungsgem\u00e4\u00df funktionieren.<\/li>    <li>Stellen Sie sicher, dass Sie beim Nichtgebrauch eine gute Wasserdichtigkeit gew\u00e4hrleisten, um Korrosion und Sch\u00e4den an verschiedenen Teilen durch Rostbildung im Kontakt mit Wasser zu vermeiden.<\/li>    <li>F\u00fcr die verschlei\u00dfanf\u00e4lligen Teile der Erdnusserntemaschine sollten wir regelm\u00e4\u00dfig Schmier\u00f6l auftragen, um den ordnungsgem\u00e4\u00dfen Gebrauch der Teile zu sch\u00fctzen. Besonders einige exponierte Metallteile sollten gestrichen werden, um Rost zu verhindern.<\/li> <\/ol>    <p>F\u00fcr detailliertere Informationen \u00fcber unsere kleine Erdnusserntemaschine oder um unsere Produktionsprozesse selbst zu erleben und zu verstehen, z\u00f6gern Sie bitte nicht, unser professionelles Team zu kontaktieren. Wir freuen uns auf Ihren Besuch und laden Sie ein, unsere Fabrik zu besuchen, um zu besprechen, wie wir Ihre landwirtschaftlichen Bed\u00fcrfnisse besser erf\u00fcllen k\u00f6nnen. Unser Team hilft Ihnen gerne mit Unterst\u00fctzung und Service.<\/p>","protected":false},"excerpt":{"rendered":"<p>Kleine Erdnusserntemaschine ist eine automatische Fruchterntemaschine, die Betreibern hilft, schnell zu produzieren und volle Erdnussfr\u00fcchte zu erhalten.<\/p>","protected":false},"author":1,"featured_media":12640,"parent":0,"comment_status":"closed","ping_status":"closed","template":"","tags":[2538,2532,2534,2527,2536,509,2525,2529,2540],"product-type":[890],"class_list":["post-12636","product","type-product","status-publish","has-post-thumbnail","hentry","tag-dry-peanut-picker","tag-groundnut-picking-machine","tag-high-efficiency-peanut-picking-machine","tag-mini-peanut-picker","tag-multifunctional-peanut-picking-machine","tag-peanut-picker","tag-peanut-picker-machine","tag-small-peanut-picker","tag-wholesale-peanut-picker-machine","product-type-peanut-picker"],"_links":{"self":[{"href":"https:\/\/www.agriculture-machine.com\/de\/wp-json\/wp\/v2\/product\/12636","targetHints":{"allow":["GET"]}}],"collection":[{"href":"https:\/\/www.agriculture-machine.com\/de\/wp-json\/wp\/v2\/product"}],"about":[{"href":"https:\/\/www.agriculture-machine.com\/de\/wp-json\/wp\/v2\/types\/product"}],"author":[{"embeddable":true,"href":"https:\/\/www.agriculture-machine.com\/de\/wp-json\/wp\/v2\/users\/1"}],"replies":[{"embeddable":true,"href":"https:\/\/www.agriculture-machine.com\/de\/wp-json\/wp\/v2\/comments?post=12636"}],"wp:featuredmedia":[{"embeddable":true,"href":"https:\/\/www.agriculture-machine.com\/de\/wp-json\/wp\/v2\/media\/12640"}],"wp:attachment":[{"href":"https:\/\/www.agriculture-machine.com\/de\/wp-json\/wp\/v2\/media?parent=12636"}],"wp:term":[{"taxonomy":"post_tag","embeddable":true,"href":"https:\/\/www.agriculture-machine.com\/de\/wp-json\/wp\/v2\/tags?post=12636"},{"taxonomy":"product-type","embeddable":true,"href":"https:\/\/www.agriculture-machine.com\/de\/wp-json\/wp\/v2\/product-type?post=12636"}],"curies":[{"name":"wp","href":"https:\/\/api.w.org\/{rel}","templated":true}]}}