{"id":1275,"date":"2018-10-22T07:42:44","date_gmt":"2018-10-21T23:42:44","guid":{"rendered":"https:\/\/www.agriculture-machine.com\/?p=1275"},"modified":"2024-09-26T09:27:41","modified_gmt":"2024-09-26T01:27:41","slug":"sunflower-thresher","status":"publish","type":"product","link":"https:\/\/www.agriculture-machine.com\/de\/sunflower-thresher\/","title":{"rendered":"Sonnenblumenreinigungsmaschine | Sonnenblumenkerne-Sch\u00e4lmaschine"},"content":{"rendered":"<p class=\"translation-block\">Der <strong>Sonnenblumenreiser<\/strong> ist mit einem Elektromotor, Dieselmotor und Traktor mit einer Leistung von mehr als 2,2KW ausgestattet und kann an einen kleinen Vier-Rad-Heckwagen angeschlossen werden. Die ungesch\u00e4lten Samen am Kopf k\u00f6nnen vermieden werden, und eine zufriedenstellende Samentrennung kann erreicht werden. Diese Maschine kann lange betrieben werden mit einer Kapazit\u00e4t von 100-2000kg\/h.<\/p>    <p>Unsere Sonnenblumenkerne-Separatoren haben ein fortschrittliches Design und eine vern\u00fcnftige Struktur, mit hoher Kapazit\u00e4t, geringem Kerne-Bruchanteil und wichtiger Reinigungsfunktion. Die Reiserate liegt bei \u00fcber 98%. Der Verlustrate kann innerhalb von 2% kontrolliert werden, und die Samenzerst\u00f6rungsrate ist weniger als 0,2%.<\/p>    <figure class=\"wp-block-embed aligncenter is-type-video is-provider-youtube wp-block-embed-youtube wp-embed-aspect-16-9 wp-has-aspect-ratio\"><div class=\"wp-block-embed__wrapper\"> <iframe loading=\"lazy\" title=\"3 Arten von Haushalts-Sch\u00e4lmaschinen f\u00fcr Sonnenblumenkerne \/ Sonnenblumenkerne-Sch\u00e4ler\" width=\"500\" height=\"281\" src=\"https:\/\/www.youtube.com\/embed\/iPC0IEnUB1Q?feature=oembed\" frameborder=\"0\" allow=\"accelerometer; autoplay; clipboard-write; encrypted-media; gyroscope; picture-in-picture; web-share\" referrerpolicy=\"strict-origin-when-cross-origin\" allowfullscreen><\/iframe> <\/div><figcaption class=\"wp-element-caption\">Anzeige von 3 Arten von Sonnenblumenkerne-Reisern<\/figcaption><\/figure>    <p>Wir haben drei Modelle von Sonnenblumenkerne-Reisern, von klein bis gro\u00df. Jedes wird unten im Detail beschrieben.<\/p>    <h2 class=\"wp-block-heading\">Typ 1: Kleine Sonnenblumenreiser<\/h2>    <p>Unsere Fabrik hat drei Arten von Sonnenblumenkerne-H\u00fcllmaschinen, und TZ-200 ist das kleinste Modell. TZ-200 Sonnenblumen-Sch\u00e4lmaschine zeichnet sich durch kleine Gr\u00f6\u00dfe und g\u00fcnstigen Preis aus und ist einfach von einer Person zu bedienen. Wichtig ist, dass die Samen selbst nicht besch\u00e4digt werden, was den Anforderungen kleiner Farmen entspricht.<\/p>    <figure class=\"wp-block-gallery aligncenter has-nested-images columns-3 is-cropped wp-block-gallery-2 is-layout-flex wp-block-gallery-is-layout-flex\"> <figure class=\"wp-block-image size-large\"><a href=\"https:\/\/www.agriculture-machine.com\/wp-content\/uploads\/2018\/10\/small-sunflower-thresher-2.jpg\"><img loading=\"lazy\" decoding=\"async\" width=\"540\" height=\"540\" data-id=\"2918\" src=\"https:\/\/www.agriculture-machine.com\/wp-content\/uploads\/2018\/10\/small-sunflower-thresher-2.jpg\" alt=\"Kleiner Sonnenblumenreiser\" class=\"wp-image-2918\" srcset=\"https:\/\/www.agriculture-machine.com\/wp-content\/uploads\/2018\/10\/small-sunflower-thresher-2.jpg 540w, https:\/\/www.agriculture-machine.com\/wp-content\/uploads\/2018\/10\/small-sunflower-thresher-2-270x270.jpg 270w\" sizes=\"auto, (max-width: 540px) 100vw, 540px\" \/><\/a><figcaption class=\"wp-element-caption\">Kleiner Sonnenblumenreiser<\/figcaption><\/figure>    <figure class=\"wp-block-image size-large\"><a href=\"https:\/\/www.agriculture-machine.com\/wp-content\/uploads\/2018\/10\/small-sunflower-thresher-1.jpg\"><img loading=\"lazy\" decoding=\"async\" width=\"540\" height=\"540\" data-id=\"2916\" src=\"https:\/\/www.agriculture-machine.com\/wp-content\/uploads\/2018\/10\/small-sunflower-thresher-1.jpg\" alt=\"tragbarer Sonnenblumen-Sch\u00e4ler\" class=\"wp-image-2916\" srcset=\"https:\/\/www.agriculture-machine.com\/wp-content\/uploads\/2018\/10\/small-sunflower-thresher-1.jpg 540w, https:\/\/www.agriculture-machine.com\/wp-content\/uploads\/2018\/10\/small-sunflower-thresher-1-270x270.jpg 270w\" sizes=\"auto, (max-width: 540px) 100vw, 540px\" \/><\/a><figcaption class=\"wp-element-caption\">tragbarer Sonnenblumen-Sch\u00e4ler<\/figcaption><\/figure>    <figure class=\"wp-block-image size-large\"><a href=\"https:\/\/www.agriculture-machine.com\/wp-content\/uploads\/2018\/10\/small-sunflower-thresher-3.jpg\"><img loading=\"lazy\" decoding=\"async\" width=\"540\" height=\"540\" data-id=\"2917\" src=\"https:\/\/www.agriculture-machine.com\/wp-content\/uploads\/2018\/10\/small-sunflower-thresher-3.jpg\" alt=\"Struktur des Sonnenblumenreisers\" class=\"wp-image-2917\" srcset=\"https:\/\/www.agriculture-machine.com\/wp-content\/uploads\/2018\/10\/small-sunflower-thresher-3.jpg 540w, https:\/\/www.agriculture-machine.com\/wp-content\/uploads\/2018\/10\/small-sunflower-thresher-3-270x270.jpg 270w\" sizes=\"auto, (max-width: 540px) 100vw, 540px\" \/><\/a><figcaption class=\"wp-element-caption\">Struktur des Sonnenblumenreisers<\/figcaption><\/figure> <\/figure>    <h3 class=\"wp-block-heading\">Technische Parameter der Sonnenblumenkerne-Sch\u00e4lmaschine<\/h3>    <figure class=\"wp-block-table is-style-stripes\"><table class=\"has-fixed-layout\"><tbody><tr><td>Modell<\/td><td>TZ-200<\/td><\/tr><tr><td>Leistung<\/td><td>2,2 kW<\/td><\/tr><tr><td>Kapazit\u00e4t<\/td><td>100-200kg\/h<\/td><\/tr><tr><td>Gewicht<\/td><td>45kg<\/td><\/tr><tr><td>Gr\u00f6\u00dfe<\/td><td>580*580*600 mm<\/td><\/tr><\/tbody><\/table><figcaption class=\"wp-element-caption\">Parameter der kleinen Sonnenblumenreiser-Maschine<\/figcaption><\/figure>    <h3 class=\"wp-block-heading\">Struktur des Sonnenblumenkerne-Separator und passende Leistung<\/h3>    <p>Diese kleine Sonnenblumenkerne-Sch\u00e4lmaschine besteht haupts\u00e4chlich aus einer Schwimmsiebplatte, Walze, Abdeckplatte, Einlass und Kipp-Schiebebrett.<\/p>    <p>Wir w\u00e4hlen einen 2,2kw-Motor f\u00fcr dieses kleine selbstgemachte Sonnenblumenkerne-Sch\u00e4lger\u00e4t. Bitte achten Sie auf die Motorleistung, wenn die Leistung mehr als 2,2kw ist, werden die Samen zerbrochen, was die Bruchrate erh\u00f6ht.<\/p>    <figure class=\"wp-block-gallery aligncenter has-nested-images columns-default is-cropped wp-block-gallery-3 is-layout-flex wp-block-gallery-is-layout-flex\"> <figure class=\"wp-block-image size-large\"><img loading=\"lazy\" decoding=\"async\" width=\"540\" height=\"540\" data-id=\"2919\" src=\"https:\/\/www.agriculture-machine.com\/wp-content\/uploads\/2018\/10\/small-sunflower-thresher-01.jpg\" alt=\"Kleiner Sonnenblumenkerne-Separator\" class=\"wp-image-2919\" srcset=\"https:\/\/www.agriculture-machine.com\/wp-content\/uploads\/2018\/10\/small-sunflower-thresher-01.jpg 540w, https:\/\/www.agriculture-machine.com\/wp-content\/uploads\/2018\/10\/small-sunflower-thresher-01-270x270.jpg 270w\" sizes=\"auto, (max-width: 540px) 100vw, 540px\" \/><figcaption class=\"wp-element-caption\">Kleiner Sonnenblumenkerne-Separator<\/figcaption><\/figure>    <figure class=\"wp-block-image size-large\"><img loading=\"lazy\" decoding=\"async\" width=\"540\" height=\"540\" data-id=\"2920\" src=\"https:\/\/www.agriculture-machine.com\/wp-content\/uploads\/2018\/10\/small-sunflower-thresher05.jpg\" alt=\"Sonnenblumenreiser\" class=\"wp-image-2920\" srcset=\"https:\/\/www.agriculture-machine.com\/wp-content\/uploads\/2018\/10\/small-sunflower-thresher05.jpg 540w, https:\/\/www.agriculture-machine.com\/wp-content\/uploads\/2018\/10\/small-sunflower-thresher05-270x270.jpg 270w\" sizes=\"auto, (max-width: 540px) 100vw, 540px\" \/><figcaption class=\"wp-element-caption\">Sonnenblumenreiser<\/figcaption><\/figure> <\/figure>    <h3 class=\"wp-block-heading\"> Funktionsprinzip der Sonnenblumenkernerntemaschine<\/h3>    <ol class=\"wp-block-list\"> <li>Der Benutzer legt Sonnenblumen nacheinander in den Einlass, wenn die Maschine zu arbeiten beginnt.<\/li>    <li>Wenn Sonnenblumen in den Reisteil gelangen, werden die Samen und die Sonnenblumenplatte durch die Reibung der drei Walzen getrennt.<\/li>    <li>Die Sonnenblumenplatte wird horizontal ausgeblasen, w\u00e4hrend die Samen am Boden der Maschine gesammelt werden.<\/li> <\/ol>    <h3 class=\"wp-block-heading\">Vorteile der Sonnenblumenreiser<\/h3>    <ol class=\"wp-block-list\"> <li>Kleine Gr\u00f6\u00dfe. Die Maschine ist klein und leicht (45kg) und einfach zu bewegen, geeignet f\u00fcr den Hausgebrauch.<\/li>    <li>Niedrige Verlustrate. Drei Walzen sch\u00e4digen die Sonnenblumenkerne nicht, die Verlustrate liegt bei weniger als 2%.<\/li>    <li>Nur eine Sonnenblume kann in den Einlass gelegt werden, was sicherstellt, dass die Maschine die Sonnenblume gr\u00fcndlich rei\u00dft und die Reiserate erh\u00f6ht.<\/li> <\/ol>    <figure class=\"wp-block-gallery has-nested-images columns-default is-cropped wp-block-gallery-4 is-layout-flex wp-block-gallery-is-layout-flex\"> <figure class=\"wp-block-image size-large\"><img loading=\"lazy\" decoding=\"async\" width=\"540\" height=\"540\" data-id=\"2921\" src=\"https:\/\/www.agriculture-machine.com\/wp-content\/uploads\/2018\/10\/small-sunflower-thresher07.jpg\" alt=\"Sonnenblumenkerne-Reiniger\" class=\"wp-image-2921\" srcset=\"https:\/\/www.agriculture-machine.com\/wp-content\/uploads\/2018\/10\/small-sunflower-thresher07.jpg 540w, https:\/\/www.agriculture-machine.com\/wp-content\/uploads\/2018\/10\/small-sunflower-thresher07-270x270.jpg 270w\" sizes=\"auto, (max-width: 540px) 100vw, 540px\" \/><figcaption class=\"wp-element-caption\">Sonnenblumenkerne-Reiniger<\/figcaption><\/figure>    <figure class=\"wp-block-image size-large\"><img loading=\"lazy\" decoding=\"async\" width=\"540\" height=\"540\" data-id=\"2922\" src=\"https:\/\/www.agriculture-machine.com\/wp-content\/uploads\/2018\/10\/small-sunflower-thresher-16.jpg\" alt=\"Ausr\u00fcstung f\u00fcr Sonnenblumenfarmen\" class=\"wp-image-2922\" srcset=\"https:\/\/www.agriculture-machine.com\/wp-content\/uploads\/2018\/10\/small-sunflower-thresher-16.jpg 540w, https:\/\/www.agriculture-machine.com\/wp-content\/uploads\/2018\/10\/small-sunflower-thresher-16-270x270.jpg 270w\" sizes=\"auto, (max-width: 540px) 100vw, 540px\" \/><figcaption class=\"wp-element-caption\">Ausr\u00fcstung f\u00fcr Sonnenblumenfarmen<\/figcaption><\/figure> <\/figure>    <h3 class=\"wp-block-heading\">Wichtige Hinweise f\u00fcr die Sonnenblumenkerne-Extraktionsmaschine<\/h3>    <ol class=\"wp-block-list\"> <li>Bitte f\u00fcgen Sie regelm\u00e4\u00dfig Schmier\u00f6l hinzu, um die Sonnenblumenkerne-Sch\u00e4lmaschine gut funktionieren zu lassen.<\/li>    <li>Die Motorleistung ist f\u00fcr die Hausspannung geeignet. Bei Problemen mit der Elektrik dr\u00fccken Sie bitte den Schalter, um die Maschine zu stoppen.<\/li> <\/ol>    <h2 class=\"wp-block-heading\">Typ 2: Mittlerer Sonnenblumen-Sch\u00e4ler<\/h2>    <p>Der mittlere Sonnenblumenreiser ist mit hochwertiger Ausstattung versehen und kann mit einem 4kw-Motor, Dieselmotor oder Benzinmotor kombiniert werden. <\/p>    <figure class=\"wp-block-image aligncenter alignnone size-full wp-image-2923\"><img loading=\"lazy\" decoding=\"async\" width=\"669\" height=\"540\" src=\"https:\/\/www.agriculture-machine.com\/wp-content\/uploads\/2018\/10\/middle-sunflower_01.jpg\" alt=\"mittlerer Sonnenblumenreiser\" class=\"wp-image-2923\" srcset=\"https:\/\/www.agriculture-machine.com\/wp-content\/uploads\/2018\/10\/middle-sunflower_01.jpg 669w, https:\/\/www.agriculture-machine.com\/wp-content\/uploads\/2018\/10\/middle-sunflower_01-335x270.jpg 335w\" sizes=\"auto, (max-width: 669px) 100vw, 669px\" \/><figcaption class=\"wp-element-caption\">mittlerer Sonnenblumenreiser<\/figcaption><\/figure>    <h3 class=\"wp-block-heading\">Technische Parameter der Sonnenblumenfarmen-Ausr\u00fcstung<\/h3>    <figure class=\"wp-block-table is-style-stripes\"><table class=\"has-fixed-layout\"><tbody><tr><td>Modell<\/td><td>TZ-350<\/td><\/tr><tr><td>Leistung<\/td><td>4kw<\/td><\/tr><tr><td>Kapazit\u00e4t<\/td><td>800-1000kg\/h<\/td><\/tr><tr><td>Gewicht<\/td><td>180kg<\/td><\/tr><tr><td>Gr\u00f6\u00dfe<\/td><td>1300*1700*1100mm<\/td><\/tr><\/tbody><\/table><figcaption class=\"wp-element-caption\">Parameterinformationen f\u00fcr mittelgro\u00dfen Sonnenblumenreiser<\/figcaption><\/figure>    <figure class=\"wp-block-gallery aligncenter has-nested-images columns-2 is-cropped wp-block-gallery-5 is-layout-flex wp-block-gallery-is-layout-flex\"> <figure class=\"wp-block-image size-large\"><img loading=\"lazy\" decoding=\"async\" width=\"720\" height=\"520\" data-id=\"2924\" src=\"https:\/\/www.agriculture-machine.com\/wp-content\/uploads\/2018\/10\/middle-sunflower_04.jpg\" alt=\"Sonnenblumenkerne-Verarbeitungsmaschine\" class=\"wp-image-2924\" srcset=\"https:\/\/www.agriculture-machine.com\/wp-content\/uploads\/2018\/10\/middle-sunflower_04.jpg 720w, https:\/\/www.agriculture-machine.com\/wp-content\/uploads\/2018\/10\/middle-sunflower_04-360x260.jpg 360w\" sizes=\"auto, (max-width: 720px) 100vw, 720px\" \/><figcaption class=\"wp-element-caption\">Sonnenblumenkerne-Verarbeitungsmaschine<\/figcaption><\/figure>    <figure class=\"wp-block-image size-large\"><img loading=\"lazy\" decoding=\"async\" width=\"457\" height=\"540\" data-id=\"2925\" src=\"https:\/\/www.agriculture-machine.com\/wp-content\/uploads\/2018\/10\/middle-sunflower_05.jpg\" alt=\"Struktur des mittleren Sonnenblumenreisers\" class=\"wp-image-2925\" srcset=\"https:\/\/www.agriculture-machine.com\/wp-content\/uploads\/2018\/10\/middle-sunflower_05.jpg 457w, https:\/\/www.agriculture-machine.com\/wp-content\/uploads\/2018\/10\/middle-sunflower_05-229x270.jpg 229w\" sizes=\"auto, (max-width: 457px) 100vw, 457px\" \/><figcaption class=\"wp-element-caption\">Struktur des mittleren Sonnenblumenreisers<\/figcaption><\/figure>    <figure class=\"wp-block-image size-large\"><img loading=\"lazy\" decoding=\"async\" width=\"379\" height=\"540\" data-id=\"2926\" src=\"https:\/\/www.agriculture-machine.com\/wp-content\/uploads\/2018\/10\/middle-sunflower_06.jpg\" alt=\"Maschinenanwendungen\" class=\"wp-image-2926\" srcset=\"https:\/\/www.agriculture-machine.com\/wp-content\/uploads\/2018\/10\/middle-sunflower_06.jpg 379w, https:\/\/www.agriculture-machine.com\/wp-content\/uploads\/2018\/10\/middle-sunflower_06-190x270.jpg 190w\" sizes=\"auto, (max-width: 379px) 100vw, 379px\" \/><figcaption class=\"wp-element-caption\">Maschinenanwendungen<\/figcaption><\/figure>    <figure class=\"wp-block-image size-large\"><img loading=\"lazy\" decoding=\"async\" width=\"530\" height=\"540\" data-id=\"2927\" src=\"https:\/\/www.agriculture-machine.com\/wp-content\/uploads\/2018\/10\/middle-sunflower_07.jpg\" alt=\"Maschinenszene\" class=\"wp-image-2927\" srcset=\"https:\/\/www.agriculture-machine.com\/wp-content\/uploads\/2018\/10\/middle-sunflower_07.jpg 530w, https:\/\/www.agriculture-machine.com\/wp-content\/uploads\/2018\/10\/middle-sunflower_07-265x270.jpg 265w\" sizes=\"auto, (max-width: 530px) 100vw, 530px\" \/><figcaption class=\"wp-element-caption\">Maschinenszene<\/figcaption><\/figure> <\/figure>    <p>&nbsp;<\/p>    <h3 class=\"wp-block-heading\">Vorteile und Struktur der Sonnenblumenkerne-Verarbeitungsmaschine<\/h3>    <p>Sonnenblumenkerne-Sch\u00e4lmaschine hat viele Vorteile wie fortschrittliche Struktur, einfache Bedienung und hohe Entfernungseffizienz. Alle Kerne werden nicht besch\u00e4digt und k\u00f6nnen lange betrieben werden mit einer Kapazit\u00e4t von 800-1000kg\/h.<\/p>    <p>Die Sonnenblumenreiser besteht aus einem Reibrad, Sieb, Halter und Aufh\u00e4ngung. Die Maschine umfasst eine r\u00f6hrenf\u00f6rmige Arbeitskammer mit einem Zuf\u00fchrungsport auf der Oberseite und einem Auslass auf der Unterseite.<\/p>    <h2 class=\"wp-block-heading\">Typ 3: Gro\u00dfe Sonnenblumen-H\u00fcllmaschine<\/h2>    <p>Die \u00d6lsonnenblumen-Reismaschine ist eine Maschine, die die traditionelle Handernte herausfordert und speziell f\u00fcr das Rechen von \u00d6lsonnenblumenkernen verwendet wird. <\/p>    <p>Er hat Vorteile wie vern\u00fcnftige Struktur, hohe Reiserate, keine zerbrochenen Kerne, hohe Geschwindigkeit, vollst\u00e4ndige Trennung, einfache Bedienung, hohe Arbeitseffizienz und guten Reiserfolg. Es ist eine ideale Ausr\u00fcstung f\u00fcr die \u00d6lsonnenblumenindustrie, geeignet f\u00fcr lange Arbeitszeiten.<\/p>    <figure class=\"wp-block-image aligncenter size-full wp-image-2940\"><img loading=\"lazy\" decoding=\"async\" width=\"540\" height=\"540\" src=\"https:\/\/www.agriculture-machine.com\/wp-content\/uploads\/2018\/10\/Sunflower-13.jpg\" alt=\"gro\u00dfe Sonnenblumenreiser\" class=\"wp-image-2940\" srcset=\"https:\/\/www.agriculture-machine.com\/wp-content\/uploads\/2018\/10\/Sunflower-13.jpg 540w, https:\/\/www.agriculture-machine.com\/wp-content\/uploads\/2018\/10\/Sunflower-13-270x270.jpg 270w\" sizes=\"auto, (max-width: 540px) 100vw, 540px\" \/><figcaption class=\"wp-element-caption\">gro\u00dfe Sonnenblumenreiser<\/figcaption><\/figure>    <h3 class=\"wp-block-heading\">Technische Parameter des Sonnenblumen-Erntemaschine<\/h3>    <figure class=\"wp-block-table is-style-stripes\"><table class=\"has-fixed-layout\"><tbody><tr><td>Modell<\/td><td>TZ-450<\/td><\/tr><tr><td>Leistung<\/td><td>7.5kw<\/td><\/tr><tr><td>Kapazit\u00e4t<\/td><td>1500-2000kg\/h<\/td><\/tr><tr><td>Gewicht<\/td><td>260kg<\/td><\/tr><tr><td>Gr\u00f6\u00dfe<\/td><td>1800*2500*3500mm<\/td><\/tr><\/tbody><\/table><figcaption class=\"wp-element-caption\">Technische Daten der gro\u00dfen Sonnenblumenkerne-Reinigungsmaschine<\/figcaption><\/figure>    <h3 class=\"wp-block-heading\">Vorsichtsma\u00dfnahmen f\u00fcr Sonnenblumenkernerntemaschinen<\/h3>    <ol class=\"wp-block-list\"> <li>Zuerst befestigen Sie die Hauptmaschine.<\/li>    <li>Dann justieren Sie den dreieckigen Riemen, um ihn straff zu machen.<\/li>    <li>Die Maschine l\u00e4uft einige Minuten im Leerlauf, um zu beobachten, ob Ger\u00e4usche oder Blockaden auftreten.<\/li>    <li>Wenn die Sonnenblumenreismaschine abnormal arbeitet, stoppen Sie sofort und \u00fcberpr\u00fcfen Sie sie.<\/li> <\/ol>    <figure class=\"wp-block-gallery has-nested-images columns-default is-cropped wp-block-gallery-6 is-layout-flex wp-block-gallery-is-layout-flex\"> <figure class=\"wp-block-image size-large\"><img loading=\"lazy\" decoding=\"async\" width=\"378\" height=\"540\" data-id=\"2944\" src=\"https:\/\/www.agriculture-machine.com\/wp-content\/uploads\/2018\/10\/Sunflower-thresher-8.jpg\" alt=\"Details zum Sonnenblumenreiser\" class=\"wp-image-2944\" srcset=\"https:\/\/www.agriculture-machine.com\/wp-content\/uploads\/2018\/10\/Sunflower-thresher-8.jpg 378w, https:\/\/www.agriculture-machine.com\/wp-content\/uploads\/2018\/10\/Sunflower-thresher-8-189x270.jpg 189w\" sizes=\"auto, (max-width: 378px) 100vw, 378px\" \/><figcaption class=\"wp-element-caption\">Details zum Sonnenblumenreiser<\/figcaption><\/figure>    <figure class=\"wp-block-image size-large\"><img loading=\"lazy\" decoding=\"async\" width=\"540\" height=\"540\" data-id=\"2938\" src=\"https:\/\/www.agriculture-machine.com\/wp-content\/uploads\/2018\/10\/Sunflower-11.jpg\" alt=\"Maschinenaufbau\" class=\"wp-image-2938\" srcset=\"https:\/\/www.agriculture-machine.com\/wp-content\/uploads\/2018\/10\/Sunflower-11.jpg 540w, https:\/\/www.agriculture-machine.com\/wp-content\/uploads\/2018\/10\/Sunflower-11-270x270.jpg 270w\" sizes=\"auto, (max-width: 540px) 100vw, 540px\" \/><figcaption class=\"wp-element-caption\">Maschinenaufbau<\/figcaption><\/figure> <\/figure>    <h3 class=\"wp-block-heading\">Betriebsablauf des Sonnenblumenreiser<\/h3>    <ol class=\"wp-block-list\"> <li>Arbeiter legen die Sonnenblumen in den Einlass.<\/li>    <li>Sonnenblumen werden durch die Walzenachse und die Schwimmsiebstange gequetscht und geknetet.<\/li>    <li>Danach k\u00f6nnen die Sonnenblumenkerne von der Platte entfernt werden.<\/li>    <li>Die fallenden Sonnenblumenkerne passieren die L\u00fccken an der Schwimmbrett und rutschen aus dem Ausgang.<\/li> <\/ol>    <h2 class=\"wp-block-heading\">Erfolgreiche F\u00e4lle beim Schalen von Sonnenblumenkernen<\/h2>    <p>Im Jahr 2018 wurden gro\u00dfe Sonnenblumenreiser-Maschinen nach Tansania geliefert, und wir haben mit diesem Kunden viele Male zusammengearbeitet. Um die Qualit\u00e4t der Maschine zu sichern, besuchte er unsere Fabrik w\u00e4hrend der Produktion und sprach \u00fcber die Details, die beachtet werden m\u00fcssen. Daher legten wir gro\u00dfen Wert auf seine Betonungen, um ihn zufrieden zu stellen.<\/p>    <p>Nach langen Verhandlungen haben wir ihn auch zu den ber\u00fchmten Sehensw\u00fcrdigkeiten gef\u00fchrt. Er war von den lokalen Snacks und der sch\u00f6nen Landschaft begeistert und sagte, dass er wieder nach China kommen w\u00fcrde, wenn m\u00f6glich.<\/p>    <figure class=\"wp-block-image aligncenter\"><img loading=\"lazy\" decoding=\"async\" width=\"508\" height=\"540\" src=\"https:\/\/www.agriculture-machine.com\/wp-content\/uploads\/2018\/10\/Sunflower-thresher-1-1.jpg\" alt=\"Verpackungsszene des Sonnenblumenreisers\" class=\"wp-image-2941\" srcset=\"https:\/\/www.agriculture-machine.com\/wp-content\/uploads\/2018\/10\/Sunflower-thresher-1-1.jpg 508w, https:\/\/www.agriculture-machine.com\/wp-content\/uploads\/2018\/10\/Sunflower-thresher-1-1-254x270.jpg 254w\" sizes=\"auto, (max-width: 508px) 100vw, 508px\" \/><figcaption class=\"wp-element-caption\">Verpackungsszene des Sonnenblumenreisers<\/figcaption><\/figure>    <p>Anfang M\u00e4rz 2019 verkauften wir 10 S\u00e4tze Sonnenblumenkerne-Sch\u00e4lmaschinen nach Kenia. Dieser Kunde war nur ein Landwirt und wollte diese Maschinen f\u00fcr seine Nachbarn und sich selbst kaufen. Sie pflanzten viele Sonnenblumen, daher war diese Maschine f\u00fcr sie sehr wichtig. Unser Verkaufsleiter l\u00f6ste alle seine Probleme geduldig, weshalb er innerhalb von 3 Tagen nach Erhalt unserer Kontaktdaten 10 S\u00e4tze bestellte.<\/p>    <figure class=\"wp-block-embed aligncenter is-type-video is-provider-youtube wp-block-embed-youtube wp-embed-aspect-16-9 wp-has-aspect-ratio\"><div class=\"wp-block-embed__wrapper\"> <iframe loading=\"lazy\" title=\"Effizientes Sonnenblumenkerne-Reisen: Sehen Sie unsere Reiser-Maschine in Aktion!#sonnenblume #reiser\" width=\"500\" height=\"281\" src=\"https:\/\/www.youtube.com\/embed\/81aJ-hyvWew?feature=oembed\" frameborder=\"0\" allow=\"accelerometer; autoplay; clipboard-write; encrypted-media; gyroscope; picture-in-picture; web-share\" referrerpolicy=\"strict-origin-when-cross-origin\" allowfullscreen><\/iframe> <\/div><figcaption class=\"wp-element-caption\">Arbeitsvideo der Sonnenblumenkerne-Trennmaschine<\/figcaption><\/figure>    <h2 class=\"wp-block-heading\">FAQ<\/h2>   <div id=\"rank-math-faq\" class=\"rank-math-block\"> <div class=\"rank-math-list\"> <div id=\"faq-question-1724314177603\" class=\"rank-math-list-item\"> <h3 class=\"rank-math-question\"><strong>Wie hoch ist die Kapazit\u00e4t der 3 Arten von Sonnenblumen-Sch\u00e4lmaschinen?<\/strong><\/h3> <div class=\"rank-math-answer\">  <p>Seine Kapazit\u00e4t betr\u00e4gt 100-200kg\/h, 800-1000kg\/h, 1500-2000kg\/h jeweils.<\/p>  <\/div> <\/div> <div id=\"faq-question-1724314180858\" class=\"rank-math-list-item\"> <h3 class=\"rank-math-question\"><strong>Wie hoch ist die Verlustrate bei Sonnenblumenkerne?<\/strong><\/h3> <div class=\"rank-math-answer\">  <p>Der Verlustrate der 3 Reistypen liegt unter 2%.<\/p>  <\/div> <\/div> <div id=\"faq-question-1724314187426\" class=\"rank-math-list-item\"> <h3 class=\"rank-math-question\"><strong>Was ist der Unterschied zwischen den 3 Arten von Sonnenblumen-Sch\u00e4lmaschinen?<\/strong><\/h3> <div class=\"rank-math-answer\">  <p>Der kleine Reiser ist f\u00fcr den Hausgebrauch geeignet und hat eine einfache Struktur. Der mittelgro\u00dfe hat ein Vibrationssieb auf der Basis des ersten.<br \/>Der Gro\u00df-Sonnenblumenreiser hat eine komplexere Struktur und eine h\u00f6here Kapazit\u00e4t.<\/p>  <\/div> <\/div> <div id=\"faq-question-1724314196513\" class=\"rank-math-list-item\"> <h3 class=\"rank-math-question\"><strong>Bez\u00fcglich kleiner Gr\u00f6\u00dfe<\/strong> Reiser, kann der Benutzer nur eine Sonnenblume platzieren, um zu reissen?<strong> Zeit?<\/strong><\/h3> <div class=\"rank-math-answer\">  <p>Ja, Benutzer legen normalerweise eine in den Einlass, aber sie k\u00f6nnen auch zwei Sonnenblumen platzieren, wenn diese eher klein sind.<\/p>  <\/div> <\/div> <div id=\"faq-question-1724314357297\" class=\"rank-math-list-item\"> <h3 class=\"rank-math-question\">What&#8217;s your guarantee period for your multi-functional thresher machine?<\/h3> <div class=\"rank-math-answer\">  <p>Unsere Garantiezeit betr\u00e4gt 12 Monate, au\u00dferdem bieten wir 24-Stunden-Service an.<br \/>Online-Service bei Problemen.<\/p>  <\/div> <\/div> <div id=\"faq-question-1724314481496\" class=\"rank-math-list-item\"> <h3 class=\"rank-math-question\"><strong>K\u00f6nnten Sie uns einen besseren Preis anbieten?<\/strong><\/h3> <div class=\"rank-math-answer\">  <p>Nat\u00fcrlich k\u00f6nnen wir Ihnen eine genaue Kostensch\u00e4tzung basierend auf Ihrer spezifischen Nachfrage und Bestellmenge geben.<\/p>  <\/div> <\/div> <\/div> <\/div>","protected":false},"excerpt":{"rendered":"<p>Der Sonnenblumenreiser hat ein fortschrittliches Design und eine vern\u00fcnftige Struktur. Die Reiserate liegt bei \u00fcber 98%. Der Verlustrate kann innerhalb von 2% kontrolliert werden, und die Samenzerst\u00f6rungsrate ist weniger als 0,2%.<\/p>","protected":false},"author":1,"featured_media":2977,"parent":0,"comment_status":"closed","ping_status":"closed","template":"","tags":[2601,2614],"product-type":[897],"class_list":["post-1275","product","type-product","status-publish","has-post-thumbnail","hentry","tag-sunflower","tag-thresher","product-type-sunflower-seeds-thresher"],"_links":{"self":[{"href":"https:\/\/www.agriculture-machine.com\/de\/wp-json\/wp\/v2\/product\/1275","targetHints":{"allow":["GET"]}}],"collection":[{"href":"https:\/\/www.agriculture-machine.com\/de\/wp-json\/wp\/v2\/product"}],"about":[{"href":"https:\/\/www.agriculture-machine.com\/de\/wp-json\/wp\/v2\/types\/product"}],"author":[{"embeddable":true,"href":"https:\/\/www.agriculture-machine.com\/de\/wp-json\/wp\/v2\/users\/1"}],"replies":[{"embeddable":true,"href":"https:\/\/www.agriculture-machine.com\/de\/wp-json\/wp\/v2\/comments?post=1275"}],"wp:featuredmedia":[{"embeddable":true,"href":"https:\/\/www.agriculture-machine.com\/de\/wp-json\/wp\/v2\/media\/2977"}],"wp:attachment":[{"href":"https:\/\/www.agriculture-machine.com\/de\/wp-json\/wp\/v2\/media?parent=1275"}],"wp:term":[{"taxonomy":"post_tag","embeddable":true,"href":"https:\/\/www.agriculture-machine.com\/de\/wp-json\/wp\/v2\/tags?post=1275"},{"taxonomy":"product-type","embeddable":true,"href":"https:\/\/www.agriculture-machine.com\/de\/wp-json\/wp\/v2\/product-type?post=1275"}],"curies":[{"name":"wp","href":"https:\/\/api.w.org\/{rel}","templated":true}]}}