{"id":1307,"date":"2018-10-24T07:41:20","date_gmt":"2018-10-23T23:41:20","guid":{"rendered":"https:\/\/www.agriculture-machine.com\/?p=1307"},"modified":"2025-10-23T17:59:56","modified_gmt":"2025-10-23T09:59:56","slug":"hammer-mill-machine","status":"publish","type":"product","link":"https:\/\/www.agriculture-machine.com\/de\/hammer-mill-machine\/","title":{"rendered":"Hammerm\u00fchle | Maism\u00fchle | Grinder-Maschine"},"content":{"rendered":"<p>Die 9FQ Hammerm\u00fchle ist eine vielseitige Zerkleinerungsmaschine, die haupts\u00e4chlich f\u00fcr die Verarbeitung von Getreide, H\u00fclsenfr\u00fcchten, Mais, Weizen sowie landwirtschaftlichen R\u00fcckst\u00e4nden wie Stroh und Heu konzipiert ist. Sie nutzt hochdrehende Klingen und Hammerm\u00fchlenkomponenten, um Rohstoffe schnell in gleichm\u00e4\u00dfige Partikel oder Pulver zu zerkleinern. <\/p>    <p>Der Zerkleinerer kann mit verschiedenen Siebgr\u00f6\u00dfen ausgestattet werden, um unterschiedlichen Partikelgr\u00f6\u00dfenanforderungen f\u00fcr verschiedene Materialien gerecht zu werden und die unterschiedlichen Kundenbed\u00fcrfnisse zu erf\u00fcllen.<\/p>    <p>Mit einer robusten und langlebigen Konstruktion sowie einer einfachen und sicheren Bedienung ist dieses Ger\u00e4t in der Landwirtschaft, Tierhaltung, Futterverarbeitung und Getreideverarbeitungsindustrie weit verbreitet. Es stellt eine ideale Wahl zur Verbesserung der Produktionseffizienz und der Mahlqualit\u00e4t dar.<\/p>    <figure class=\"wp-block-embed aligncenter is-type-video is-provider-youtube wp-block-embed-youtube wp-embed-aspect-16-9 wp-has-aspect-ratio\"><div class=\"wp-block-embed__wrapper\"> <iframe loading=\"lazy\" title=\"Gro\u00dfartige Maschine! Gras-Schneidemaschine Fabrik \/ Hammerm\u00fchle \/ Maiszerkleinerer Maismahlmaschine\" width=\"500\" height=\"281\" src=\"https:\/\/www.youtube.com\/embed\/6ij2mPeRQ9I?feature=oembed\" frameborder=\"0\" allow=\"accelerometer; autoplay; clipboard-write; encrypted-media; gyroscope; picture-in-picture; web-share\" referrerpolicy=\"strict-origin-when-cross-origin\" allowfullscreen><\/iframe> <\/div><figcaption class=\"wp-element-caption\">Arbeitsvideo der Getreidehammerm\u00fchle<\/figcaption><\/figure>    <h2 class=\"wp-block-heading\">Anwendungen der Getreidehammerm\u00fchle<\/h2>    <p>Der 9FQ Getreidezerkleinerer eignet sich zur Verarbeitung einer Vielzahl von Materialien, einschlie\u00dflich:<\/p>    <ul class=\"wp-block-list\"> <li>Getreide: Mais, Weizen, Bohnen, Erdn\u00fcsse usw.<\/li>    <li>Futter: Stroh, Heu, Luzerne, Maisst\u00e4ngel usw.<\/li>    <li>Futterverarbeitung: Zerkleinern von Futter f\u00fcr Schweine, Rinder, Schafe und andere Tiere.<\/li> <\/ul>    <p>Diese Hammerm\u00fchle zerkleinert grobe Partikel schnell in gleichm\u00e4\u00dfiges feines Pulver, was die Verdaulichkeit des Futters und die Nutzung der Rohstoffe verbessert.<\/p>    <figure class=\"wp-block-image aligncenter size-full\"><img loading=\"lazy\" decoding=\"async\" width=\"720\" height=\"540\" src=\"https:\/\/www.agriculture-machine.com\/wp-content\/uploads\/2018\/10\/corn-hammer-mill.webp\" alt=\"Maishammerm\u00fchle\" class=\"wp-image-17243\" srcset=\"https:\/\/www.agriculture-machine.com\/wp-content\/uploads\/2018\/10\/corn-hammer-mill.webp 720w, https:\/\/www.agriculture-machine.com\/wp-content\/uploads\/2018\/10\/corn-hammer-mill-360x270.webp 360w, https:\/\/www.agriculture-machine.com\/wp-content\/uploads\/2018\/10\/corn-hammer-mill-240x180.webp 240w, https:\/\/www.agriculture-machine.com\/wp-content\/uploads\/2018\/10\/corn-hammer-mill-16x12.webp 16w\" sizes=\"auto, (max-width: 720px) 100vw, 720px\" \/><figcaption class=\"wp-element-caption\">Maishammerm\u00fchle<\/figcaption><\/figure>    <figure class=\"wp-block-image aligncenter size-full\"><img loading=\"lazy\" decoding=\"async\" width=\"720\" height=\"540\" src=\"https:\/\/www.agriculture-machine.com\/wp-content\/uploads\/2018\/10\/grain-crusher.webp\" alt=\"Getreidezerkleinerer\" class=\"wp-image-17245\" srcset=\"https:\/\/www.agriculture-machine.com\/wp-content\/uploads\/2018\/10\/grain-crusher.webp 720w, https:\/\/www.agriculture-machine.com\/wp-content\/uploads\/2018\/10\/grain-crusher-360x270.webp 360w, https:\/\/www.agriculture-machine.com\/wp-content\/uploads\/2018\/10\/grain-crusher-240x180.webp 240w, https:\/\/www.agriculture-machine.com\/wp-content\/uploads\/2018\/10\/grain-crusher-16x12.webp 16w\" sizes=\"auto, (max-width: 720px) 100vw, 720px\" \/><figcaption class=\"wp-element-caption\">Getreidezerkleinerer<\/figcaption><\/figure>    <h2 class=\"wp-block-heading\">Vorteile der Maiszerkleinerungsmaschine<\/h2>    <ul class=\"wp-block-list\"> <li>Breite Anwendung: in der Lage, Getreide, H\u00fclsenfr\u00fcchte, Stroh, Heu und verschiedene Pflanzen zu zerkleinern.<\/li>    <li>Hocheffizientes Zerkleinern: 24 hochfeste Hammerklingen rotieren mit hoher Geschwindigkeit, um eine gr\u00fcndliche Zerkleinerung des Materials sicherzustellen.<\/li>    <li>Verstellbares Siebgewebe: frei austauschbare Siebe passen sich verschiedenen Materialien und Partikelgr\u00f6\u00dfenanforderungen an und bieten flexible und kontrollierbare Zerkleinerungsergebnisse.<\/li>    <li>Staubdichtes Design: Der Zyklon-Ablass verhindert effektiv die Pulververbreitung.<\/li>    <li>Robuste Konstruktion, einfache Bedienung: langlebige Ger\u00e4te arbeiten reibungslos mit einfacher Bedienung und Wartung.<\/li> <\/ul>    <figure class=\"wp-block-image aligncenter size-full\"><img loading=\"lazy\" decoding=\"async\" width=\"720\" height=\"540\" src=\"https:\/\/www.agriculture-machine.com\/wp-content\/uploads\/2018\/10\/hammer-mill-grinder.webp\" alt=\"Hammerm\u00fchlenzerkleinerer\" class=\"wp-image-17246\" srcset=\"https:\/\/www.agriculture-machine.com\/wp-content\/uploads\/2018\/10\/hammer-mill-grinder.webp 720w, https:\/\/www.agriculture-machine.com\/wp-content\/uploads\/2018\/10\/hammer-mill-grinder-360x270.webp 360w, https:\/\/www.agriculture-machine.com\/wp-content\/uploads\/2018\/10\/hammer-mill-grinder-240x180.webp 240w, https:\/\/www.agriculture-machine.com\/wp-content\/uploads\/2018\/10\/hammer-mill-grinder-16x12.webp 16w\" sizes=\"auto, (max-width: 720px) 100vw, 720px\" \/><figcaption class=\"wp-element-caption\">Hammerm\u00fchlenzerkleinerer<\/figcaption><\/figure>    <figure class=\"wp-block-image aligncenter size-full\"><img loading=\"lazy\" decoding=\"async\" width=\"720\" height=\"540\" src=\"https:\/\/www.agriculture-machine.com\/wp-content\/uploads\/2018\/10\/grain-milling-machine.webp\" alt=\"Getreide-Mahlmaschine\" class=\"wp-image-17247\" srcset=\"https:\/\/www.agriculture-machine.com\/wp-content\/uploads\/2018\/10\/grain-milling-machine.webp 720w, https:\/\/www.agriculture-machine.com\/wp-content\/uploads\/2018\/10\/grain-milling-machine-360x270.webp 360w, https:\/\/www.agriculture-machine.com\/wp-content\/uploads\/2018\/10\/grain-milling-machine-240x180.webp 240w, https:\/\/www.agriculture-machine.com\/wp-content\/uploads\/2018\/10\/grain-milling-machine-16x12.webp 16w\" sizes=\"auto, (max-width: 720px) 100vw, 720px\" \/><figcaption class=\"wp-element-caption\">Getreide-Mahlmaschine<\/figcaption><\/figure>    <h2 class=\"wp-block-heading\">Wie man es benutzt <a href=\"https:\/\/www.agriculture-machine.com\/de\/corn-grinder-machine\/\">Maism\u00fchle<\/a>?<\/h2>    <p>Der 9FQ Getreidezerkleinerer verwendet hochdrehende H\u00e4mmer und Klingen, um Rohstoffe zu schneiden und zu schlagen, wodurch sie auf die gew\u00fcnschte Partikelgr\u00f6\u00dfe reduziert werden.<\/p>    <p>Rohstoffe gelangen durch den Einlass in die Zerkleinerungskammer, unterliegen kontinuierlichem Hammeraufprall und Siebfiltration und werden gleichm\u00e4\u00dfig durch den Auslass abgegeben.<\/p>    <p>Das Design des Zyklon-Ablassauslasses minimiert effektiv die Staubverbreitung und sorgt gleichzeitig f\u00fcr eine gleichm\u00e4\u00dfige Partikelgr\u00f6\u00dfenverteilung.<\/p>    <figure class=\"wp-block-embed aligncenter is-type-video is-provider-youtube wp-block-embed-youtube wp-embed-aspect-16-9 wp-has-aspect-ratio\"><div class=\"wp-block-embed__wrapper\"> <iframe loading=\"lazy\" title=\"Edelstahl 9FQ Mahlanlage | Hohe Effizienz &amp; Haltbarkeit#zerkleinerer #m\u00fchle #mahlen\" width=\"500\" height=\"281\" src=\"https:\/\/www.youtube.com\/embed\/g9e2AxqWE68?feature=oembed\" frameborder=\"0\" allow=\"accelerometer; autoplay; clipboard-write; encrypted-media; gyroscope; picture-in-picture; web-share\" referrerpolicy=\"strict-origin-when-cross-origin\" allowfullscreen><\/iframe> <\/div><figcaption class=\"wp-element-caption\">Arbeitsvideo der Mahlanlage aus Edelstahl<\/figcaption><\/figure>    <h2 class=\"wp-block-heading\"><a href=\"https:\/\/www.agriculture-machine.com\/de\/maintenance-and-troubleshooting-of-hammer-mill-machine\/\">Reparatur und Wartung der Hammerm\u00fchle<\/a><\/h2>    <ul class=\"wp-block-list\"> <li>T\u00e4gliche Inspektion: \u00dcberpr\u00fcfen Sie regelm\u00e4\u00dfig den Verschlei\u00dfzustand der Hammerplatten, Klingen und Siebe, um eine effektive Zerkleinerung sicherzustellen.<\/li>    <li>Wartung der Schmierung: Tragen Sie Schmier\u00f6l auf verschlei\u00dfanf\u00e4llige Teile auf, um Rost und Verschlei\u00df des Ger\u00e4ts zu verhindern.<\/li>    <li>Riemeneinstellung: Nach l\u00e4ngerer Nutzung, wenn der Riemen locker wird, passen Sie den Abstand zwischen dem Riemen und dem Antriebsmotor nach Bedarf an.<\/li>    <li>R\u00fcckstandsreinigung: Reinigen Sie nach jeder Schicht umgehend die Zerkleinerungskammer und entfernen Sie \u00e4u\u00dferen Staub, und tragen Sie dann rostsch\u00fctzendes \u00d6l auf.<\/li>    <li>Sichere Bedienung: \u00dcberpr\u00fcfen Sie vor dem Betrieb alle Ger\u00e4teschrauben auf Festigkeit, um einen stabilen Betrieb zu gew\u00e4hrleisten. Vermeiden Sie es, die H\u00e4nde w\u00e4hrend des Zerkleinerns in den Einlass zu legen, um versehentliche Verletzungen zu vermeiden.<\/li> <\/ul>    <figure class=\"wp-block-image aligncenter\"><img decoding=\"async\" src=\"https:\/\/www.agriculture-machine.com\/wp-content\/uploads\/2018\/10\/hammer-mill-machine-1.jpg\" alt=\"hammer-mill-machine-2\"\/><\/figure>    <figure class=\"wp-block-image aligncenter\"><img decoding=\"async\" src=\"https:\/\/www.agriculture-machine.com\/wp-content\/uploads\/2018\/10\/hammer-mill-machine-2.jpg\" alt=\"hammer-mill-machine-1\"\/><\/figure>    <h2 class=\"wp-block-heading\">Hammerm\u00fchlenmaschinenparameter<\/h2>    <figure class=\"wp-block-table is-style-stripes\"><table class=\"has-fixed-layout\"><tbody><tr><td><strong><strong>Modell<\/strong><\/strong><\/td><td><strong>9FQ-500 Hammerm\u00fchle<\/strong><\/td><\/tr><tr><td>Leistung<\/td><td>15 PS Dieselmaschine<\/td><\/tr><tr><td>Kapazit\u00e4t<\/td><td>600kg\/h<\/td><\/tr><tr><td>Hammer<\/td><td>24 St\u00fcck<\/td><\/tr><tr><td>Gewicht<\/td><td>150 kg<\/td><\/tr><tr><td>Gr\u00f6\u00dfe<\/td><td>2000*850*2200mm<\/td><\/tr><\/tbody><\/table><figcaption class=\"wp-element-caption\">Technische Daten der Getreidehammerm\u00fchle<\/figcaption><\/figure>    <h2 class=\"wp-block-heading\">Erfolgreicher Fall der Zerkleinerungsmaschine<\/h2>    <p>Im Mai bestellten unsere Kunden aus Nigeria 20GP und 40GP Landwirtschaftsmaschinen, darunter 10 Sets von Maismahlmaschinen. Wir ben\u00f6tigten einen Monat, um alle Hammerm\u00fchlenmaschinen zu produzieren, und er hat die Maschinen jetzt erhalten und verkauft sie auf dem Markt. <\/p>    <p>Warum so viele Maschinen kaufen, auch wenn es nur die erste Zusammenarbeit zwischen uns ist? Erstens gewinnen unsere Fachkenntnisse und unser aufrichtiger Service sein Vertrauen. Zweitens ist Nigeria ein Land mit landwirtschaftlichem Hintergrund, sodass die Maschinen, die er gekauft hat, ihm helfen k\u00f6nnen, hohe Gewinne zu erzielen.<\/p>    <figure class=\"wp-block-image aligncenter\"><img decoding=\"async\" src=\"https:\/\/www.agriculture-machine.com\/wp-content\/uploads\/2018\/10\/hammer-mill-machine-3.jpg\" alt=\"hammer-mill-machine-3\"\/><\/figure>    <figure class=\"wp-block-image aligncenter\"><img decoding=\"async\" src=\"https:\/\/www.agriculture-machine.com\/wp-content\/uploads\/2018\/10\/hammer-mill-machine-4.jpg\" alt=\"hammer-mill-machine-4\"\/><\/figure>    <h2 class=\"wp-block-heading\">FAQ<\/h2>   <div id=\"rank-math-faq\" class=\"rank-math-block\"> <div class=\"rank-math-list\"> <div id=\"faq-question-1706257572353\" class=\"rank-math-list-item\"> <h3 class=\"rank-math-question\">What&#8217;s the raw material?<\/h3> <div class=\"rank-math-answer\">  <p>Das Rohmaterial kann Pflanzen wie Weizen, Mais, Hirse, Bohnen, Pflanzenstroh und andere Gr\u00e4ser umfassen.<\/p>  <\/div> <\/div> <div id=\"faq-question-1706257580636\" class=\"rank-math-list-item\"> <h3 class=\"rank-math-question\">Warum kann eine Maschine mehrere Pflanzen mahlen?<\/h3> <div class=\"rank-math-answer\">  <p>Weil das innere Sieb je nach Gr\u00f6\u00dfe des Rohmaterials ge\u00e4ndert werden kann.<\/p>  <\/div> <\/div> <div id=\"faq-question-1706257587706\" class=\"rank-math-list-item\"> <h3 class=\"rank-math-question\">Kann ich den Motor der Maismahlmaschine w\u00e4hlen?<\/h3> <div class=\"rank-math-answer\">  <p>Ja, es ist ein Motor, Benzinmotor oder Dieselmotor.<\/p>  <\/div> <\/div> <\/div> <\/div>   <p>Bitte z\u00f6gern Sie nicht, uns f\u00fcr weitere Details zu kontaktieren, und Sie sind herzlich eingeladen, unsere Fabrik zu besuchen, um sicherzustellen, dass die Maschine, die Sie w\u00e4hlen, Ihren Bed\u00fcrfnissen entspricht.<\/p>","protected":false},"excerpt":{"rendered":"<p>Die 9FQ Hammerm\u00fchle zerkleinert schnell Pflanzen wie Getreide, H\u00fclsenfr\u00fcchte und Stroh in gleichm\u00e4\u00dfige Partikel, was sie in der Futterverarbeitung und Getreidehandhabung weit verbreitet macht.<\/p>","protected":false},"author":1,"featured_media":1314,"parent":0,"comment_status":"closed","ping_status":"closed","template":"","tags":[491,924,487],"product-type":[899],"class_list":["post-1307","product","type-product","status-publish","has-post-thumbnail","hentry","tag-corn","tag-flour","tag-grain","product-type-hammer-mill"],"_links":{"self":[{"href":"https:\/\/www.agriculture-machine.com\/de\/wp-json\/wp\/v2\/product\/1307","targetHints":{"allow":["GET"]}}],"collection":[{"href":"https:\/\/www.agriculture-machine.com\/de\/wp-json\/wp\/v2\/product"}],"about":[{"href":"https:\/\/www.agriculture-machine.com\/de\/wp-json\/wp\/v2\/types\/product"}],"author":[{"embeddable":true,"href":"https:\/\/www.agriculture-machine.com\/de\/wp-json\/wp\/v2\/users\/1"}],"replies":[{"embeddable":true,"href":"https:\/\/www.agriculture-machine.com\/de\/wp-json\/wp\/v2\/comments?post=1307"}],"wp:featuredmedia":[{"embeddable":true,"href":"https:\/\/www.agriculture-machine.com\/de\/wp-json\/wp\/v2\/media\/1314"}],"wp:attachment":[{"href":"https:\/\/www.agriculture-machine.com\/de\/wp-json\/wp\/v2\/media?parent=1307"}],"wp:term":[{"taxonomy":"post_tag","embeddable":true,"href":"https:\/\/www.agriculture-machine.com\/de\/wp-json\/wp\/v2\/tags?post=1307"},{"taxonomy":"product-type","embeddable":true,"href":"https:\/\/www.agriculture-machine.com\/de\/wp-json\/wp\/v2\/product-type?post=1307"}],"curies":[{"name":"wp","href":"https:\/\/api.w.org\/{rel}","templated":true}]}}