{"id":14778,"date":"2023-09-11T14:17:49","date_gmt":"2023-09-11T06:17:49","guid":{"rendered":"https:\/\/www.agriculture-machine.com\/?post_type=product&#038;p=14778"},"modified":"2025-08-19T17:50:32","modified_gmt":"2025-08-19T09:50:32","slug":"groundnut-sheller-machine","status":"publish","type":"product","link":"https:\/\/www.agriculture-machine.com\/de\/groundnut-sheller-machine\/","title":{"rendered":"Automatische Groundnut-Sch\u00e4lmaschine Zum Verkauf"},"content":{"rendered":"<p>Die kleine Erdnusssch\u00e4lmaschine wird h\u00e4ufig auf Farmen und in Verarbeitungsbetrieben eingesetzt. Die Maschine kombiniert Trommelreibung und Lufttrennung, um Erdn\u00fcsse zu sch\u00e4len, mit einer Sch\u00e4lrate von \u00fcber 95 % und einer effektiven Sicherstellung der Kernintegrit\u00e4tsrate von etwa 90 %.<\/p>    <p>Im Vergleich zum traditionellen manuellen Sch\u00e4len wird die Effizienz um mehrere Male gesteigert, was die Arbeitskosten erheblich senkt und gleichzeitig die Sauberkeit und den Marktwert der Erdnusskerne erh\u00f6ht. Ob f\u00fcr kleine Landwirte oder mittelst\u00e4ndische Verarbeitungsbetriebe, diese Ausr\u00fcstung ist eine ideale Wahl zur Steigerung der Produktivit\u00e4t und Wettbewerbsf\u00e4higkeit.<\/p>    <figure class=\"wp-block-embed aligncenter is-type-video is-provider-youtube wp-block-embed-youtube wp-embed-aspect-16-9 wp-has-aspect-ratio\"><div class=\"wp-block-embed__wrapper\"> <iframe loading=\"lazy\" title=\"Effizient und bequem! Heimgebrauch Erdnuss-Sch\u00e4lmaschine online beeindruckend!.\" width=\"500\" height=\"281\" src=\"https:\/\/www.youtube.com\/embed\/_BhNMHRh6mY?feature=oembed\" frameborder=\"0\" allow=\"accelerometer; autoplay; clipboard-write; encrypted-media; gyroscope; picture-in-picture; web-share\" referrerpolicy=\"strict-origin-when-cross-origin\" allowfullscreen><\/iframe> <\/div><figcaption class=\"wp-element-caption\">Kleine Erdnusssch\u00e4lmaschine f\u00fcr den Hausgebrauch<\/figcaption><\/figure>    <h2 class=\"wp-block-heading\">Endproduktanzeige<\/h2>    <ul class=\"wp-block-list\"> <li>Hohe Integrit\u00e4t der Erdnusskerne: Nach dem Sch\u00e4len haben die Erdnusskerne eine glatte Oberfl\u00e4che und eine niedrige Bruchrate.<\/li>    <li>Vollst\u00e4ndige Schalen-Kern-Trennung: Die Schalen und Kerne k\u00f6nnen effizient getrennt werden, was die Notwendigkeit einer Nachsortierung reduziert.<\/li>    <li>Hohe Sauberkeit: Die Erdnusskerne enthalten wenige Verunreinigungen, was sie f\u00fcr die direkte Weiterverarbeitung im n\u00e4chsten Schritt geeignet macht.<\/li>    <li>Stabile Leistung: Die Maschine kann kontinuierlich betrieben werden und eine gleichm\u00e4\u00dfige Ausgabe produzieren, um den Anforderungen der Massenproduktion gerecht zu werden.<\/li> <\/ul>    <figure class=\"wp-block-gallery aligncenter has-nested-images columns-default is-cropped wp-block-gallery-2 is-layout-flex wp-block-gallery-is-layout-flex\"> <figure class=\"wp-block-image size-large\"><img loading=\"lazy\" decoding=\"async\" width=\"720\" height=\"540\" data-id=\"14787\" src=\"https:\/\/www.agriculture-machine.com\/wp-content\/uploads\/2023\/09\/raw-peanut-material.webp\" alt=\"Roherdnussmaterial\" class=\"wp-image-14787\" srcset=\"https:\/\/www.agriculture-machine.com\/wp-content\/uploads\/2023\/09\/raw-peanut-material.webp 720w, https:\/\/www.agriculture-machine.com\/wp-content\/uploads\/2023\/09\/raw-peanut-material-360x270.webp 360w, https:\/\/www.agriculture-machine.com\/wp-content\/uploads\/2023\/09\/raw-peanut-material-240x180.webp 240w\" sizes=\"auto, (max-width: 720px) 100vw, 720px\" \/><figcaption class=\"wp-element-caption\">Roherdnussmaterial<\/figcaption><\/figure>    <figure class=\"wp-block-image size-large\"><img loading=\"lazy\" decoding=\"async\" width=\"720\" height=\"540\" data-id=\"14788\" src=\"https:\/\/www.agriculture-machine.com\/wp-content\/uploads\/2023\/09\/finished-groundnut-show.webp\" alt=\"fertige Erdnusspr\u00e4sentation\" class=\"wp-image-14788\" srcset=\"https:\/\/www.agriculture-machine.com\/wp-content\/uploads\/2023\/09\/finished-groundnut-show.webp 720w, https:\/\/www.agriculture-machine.com\/wp-content\/uploads\/2023\/09\/finished-groundnut-show-360x270.webp 360w, https:\/\/www.agriculture-machine.com\/wp-content\/uploads\/2023\/09\/finished-groundnut-show-240x180.webp 240w\" sizes=\"auto, (max-width: 720px) 100vw, 720px\" \/><figcaption class=\"wp-element-caption\">fertige Erdnusspr\u00e4sentation<\/figcaption><\/figure> <\/figure>    <h2 class=\"wp-block-heading\">Merkmale der Erdnusssch\u00e4lmaschine<\/h2>    <ul class=\"wp-block-list\"> <li>Hochleistungs-Sch\u00e4lmaschine: schnelles Sch\u00e4ltempo, mit Effizienz 3-5 Mal h\u00f6her als bei manueller Arbeit.<\/li>    <li>Hohe Anpassungsf\u00e4higkeit: kann Erdn\u00fcsse verschiedener Spezifikationen und Sorten verarbeiten.<\/li>    <li>Einstellbare Parameter: Einige Modelle unterst\u00fctzen die Einstellung von Spaltweite und Luftstrom, um optimale Sch\u00e4lergebnisse zu gew\u00e4hrleisten.<\/li>    <li>Langlebig und zuverl\u00e4ssig: Hergestellt aus hochwertigem Stahl und verschlei\u00dffesten Komponenten, geeignet f\u00fcr langfristige Hochleistungsbetriebe.<\/li>    <li>Hohe Kapazit\u00e4t: Kleine Modelle k\u00f6nnen 300-800 Kilogramm pro Stunde verarbeiten und erf\u00fcllen die Bed\u00fcrfnisse kleiner bis mittelgro\u00dfer Verarbeitungsbetriebe.<\/li>    <li>Einfache Mobilit\u00e4t: Kompaktes Design, bei einigen Modellen mit Rollen f\u00fcr flexiblen Einsatz an verschiedenen Arbeitsstellen.<\/li>    <li>Arbeitsersparnis: erfordert minimal manuelle Bedienung, reduziert den Arbeitsaufwand und die Arbeitskosten erheblich.<\/li> <\/ul>    <figure class=\"wp-block-gallery aligncenter has-nested-images columns-2 is-cropped wp-block-gallery-3 is-layout-flex wp-block-gallery-is-layout-flex\"> <figure class=\"wp-block-image size-large\"><img loading=\"lazy\" decoding=\"async\" width=\"405\" height=\"540\" data-id=\"14785\" src=\"https:\/\/www.agriculture-machine.com\/wp-content\/uploads\/2023\/09\/groundnut-shell-removing-machine-405x540.webp\" alt=\"Erdnuss-Sch\u00e4lmaschine\" class=\"wp-image-14785\" srcset=\"https:\/\/www.agriculture-machine.com\/wp-content\/uploads\/2023\/09\/groundnut-shell-removing-machine-405x540.webp 405w, https:\/\/www.agriculture-machine.com\/wp-content\/uploads\/2023\/09\/groundnut-shell-removing-machine-203x270.webp 203w, https:\/\/www.agriculture-machine.com\/wp-content\/uploads\/2023\/09\/groundnut-shell-removing-machine.webp 540w\" sizes=\"auto, (max-width: 405px) 100vw, 405px\" \/><figcaption class=\"wp-element-caption\">Erdnuss-Sch\u00e4lmaschine<\/figcaption><\/figure>    <figure class=\"wp-block-image size-large\"><img loading=\"lazy\" decoding=\"async\" width=\"405\" height=\"540\" data-id=\"14786\" src=\"https:\/\/www.agriculture-machine.com\/wp-content\/uploads\/2023\/09\/peanut-cleaning-and-shelling-machine-405x540.webp\" alt=\"Erdnuss-Reinigungs- und Sch\u00e4lmaschine\" class=\"wp-image-14786\" srcset=\"https:\/\/www.agriculture-machine.com\/wp-content\/uploads\/2023\/09\/peanut-cleaning-and-shelling-machine-405x540.webp 405w, https:\/\/www.agriculture-machine.com\/wp-content\/uploads\/2023\/09\/peanut-cleaning-and-shelling-machine-203x270.webp 203w, https:\/\/www.agriculture-machine.com\/wp-content\/uploads\/2023\/09\/peanut-cleaning-and-shelling-machine.webp 540w\" sizes=\"auto, (max-width: 405px) 100vw, 405px\" \/><figcaption class=\"wp-element-caption\">Erdnuss-Reinigungs- und Sch\u00e4lmaschine<\/figcaption><\/figure> <\/figure>    <h2 class=\"wp-block-heading\">Komponenten der tragbaren Erdnusssch\u00e4lmaschine<\/h2>    <p>Sie k\u00f6nnen sich eine klare Vorstellung vom einfachen Aufbau der Erdnusssch\u00e4lmaschine anhand der Abbildung unten machen.<\/p>    <figure class=\"wp-block-image aligncenter size-full\"><img loading=\"lazy\" decoding=\"async\" width=\"720\" height=\"540\" src=\"https:\/\/www.agriculture-machine.com\/wp-content\/uploads\/2023\/09\/groundnut-shell-off-machine-structure.webp\" alt=\"Struktur der Erdnusssch\u00e4lmaschine\" class=\"wp-image-15493\" srcset=\"https:\/\/www.agriculture-machine.com\/wp-content\/uploads\/2023\/09\/groundnut-shell-off-machine-structure.webp 720w, https:\/\/www.agriculture-machine.com\/wp-content\/uploads\/2023\/09\/groundnut-shell-off-machine-structure-360x270.webp 360w, https:\/\/www.agriculture-machine.com\/wp-content\/uploads\/2023\/09\/groundnut-shell-off-machine-structure-240x180.webp 240w\" sizes=\"auto, (max-width: 720px) 100vw, 720px\" \/><figcaption class=\"wp-element-caption\">Struktur der Erdnusssch\u00e4lmaschine<\/figcaption><\/figure>    <h2 class=\"wp-block-heading\">Hauptstruktur der Erdnusssch\u00e4lmaschine<\/h2>    <ul class=\"wp-block-list\"> <li><strong>F\u00fctterungseinheit<\/strong>: Wird verwendet, um rohe Erdn\u00fcsse in den Sch\u00e4lbereich zu transportieren, meist in Form eines F\u00f6rderbands oder Trichters.<\/li>    <li><strong>Sch\u00e4lmechanismus<\/strong>: Das Kernst\u00fcck der Ausr\u00fcstung, besteht typischerweise aus einem Paar Walzen oder Klingen, die die Schalen durch Reibung oder Druck entfernen.<\/li>    <li><strong>Windseparator<\/strong>: Nutzt Luftstromprinzipien, um Erdnussschalen von Erdnusskernen zu trennen und eine gr\u00fcndliche Trennung zu gew\u00e4hrleisten.<\/li>    <li><strong>Ausgabeeinheit<\/strong>: Transportiert gesch\u00e4lte Erdnusskerne zum n\u00e4chsten Prozess oder Sammelbeh\u00e4lter, meist in Form eines F\u00f6rderbands oder Entladevorrichtung.<\/li>    <li><strong>Steuerungssystem<\/strong>: Ausgestattet mit Tasten, Schaltern oder Einstellvorrichtungen zur Steuerung des Maschinenstarts\/-stopps und der Parameteranpassung. Einige Modelle verf\u00fcgen \u00fcber automatisierte Steuerungssysteme zur Verbesserung des Bedienkomforts und der Effizienz.<\/li> <\/ul>    <figure class=\"wp-block-gallery aligncenter has-nested-images columns-2 is-cropped wp-block-gallery-4 is-layout-flex wp-block-gallery-is-layout-flex\"> <figure class=\"wp-block-image size-medium\"><img loading=\"lazy\" decoding=\"async\" width=\"360\" height=\"270\" data-id=\"14780\" src=\"https:\/\/www.agriculture-machine.com\/wp-content\/uploads\/2023\/09\/groundnut-sheller-machine-inner-structure-1-360x270.webp\" alt=\"Innenstruktur der Erdnusssch\u00e4lmaschine\" class=\"wp-image-14780\" srcset=\"https:\/\/www.agriculture-machine.com\/wp-content\/uploads\/2023\/09\/groundnut-sheller-machine-inner-structure-1-360x270.webp 360w, https:\/\/www.agriculture-machine.com\/wp-content\/uploads\/2023\/09\/groundnut-sheller-machine-inner-structure-1-240x180.webp 240w, https:\/\/www.agriculture-machine.com\/wp-content\/uploads\/2023\/09\/groundnut-sheller-machine-inner-structure-1.webp 720w\" sizes=\"auto, (max-width: 360px) 100vw, 360px\" \/><figcaption class=\"wp-element-caption\">Innenstruktur der Erdnusssch\u00e4lmaschine<\/figcaption><\/figure>    <figure class=\"wp-block-image size-medium\"><img loading=\"lazy\" decoding=\"async\" width=\"360\" height=\"270\" data-id=\"14781\" src=\"https:\/\/www.agriculture-machine.com\/wp-content\/uploads\/2023\/09\/groundnut-sheller-machine-structure-360x270.webp\" alt=\"Struktur der Erdnusssch\u00e4lmaschine\" class=\"wp-image-14781\" srcset=\"https:\/\/www.agriculture-machine.com\/wp-content\/uploads\/2023\/09\/groundnut-sheller-machine-structure-360x270.webp 360w, https:\/\/www.agriculture-machine.com\/wp-content\/uploads\/2023\/09\/groundnut-sheller-machine-structure-240x180.webp 240w, https:\/\/www.agriculture-machine.com\/wp-content\/uploads\/2023\/09\/groundnut-sheller-machine-structure.webp 720w\" sizes=\"auto, (max-width: 360px) 100vw, 360px\" \/><figcaption class=\"wp-element-caption\">Struktur der Erdnusssch\u00e4lmaschine<\/figcaption><\/figure> <\/figure>    <figure class=\"wp-block-gallery has-nested-images columns-default is-cropped wp-block-gallery-5 is-layout-flex wp-block-gallery-is-layout-flex\"> <figure class=\"wp-block-image size-large\"><img loading=\"lazy\" decoding=\"async\" width=\"720\" height=\"540\" data-id=\"15491\" src=\"https:\/\/www.agriculture-machine.com\/wp-content\/uploads\/2023\/09\/peanut-sheller-inner-detail.webp\" alt=\"Innenansicht der Erdnusssch\u00e4lmaschine\" class=\"wp-image-15491\" srcset=\"https:\/\/www.agriculture-machine.com\/wp-content\/uploads\/2023\/09\/peanut-sheller-inner-detail.webp 720w, https:\/\/www.agriculture-machine.com\/wp-content\/uploads\/2023\/09\/peanut-sheller-inner-detail-360x270.webp 360w, https:\/\/www.agriculture-machine.com\/wp-content\/uploads\/2023\/09\/peanut-sheller-inner-detail-240x180.webp 240w\" sizes=\"auto, (max-width: 720px) 100vw, 720px\" \/><figcaption class=\"wp-element-caption\">Innenansicht der Erdnusssch\u00e4lmaschine<\/figcaption><\/figure>    <figure class=\"wp-block-image size-large\"><img loading=\"lazy\" decoding=\"async\" width=\"360\" height=\"270\" data-id=\"15495\" src=\"https:\/\/www.agriculture-machine.com\/wp-content\/uploads\/2023\/09\/peanut-peeling-machine-sieve-360x270-1.webp\" alt=\"Erdnuss-Pelingsieb\" class=\"wp-image-15495\" srcset=\"https:\/\/www.agriculture-machine.com\/wp-content\/uploads\/2023\/09\/peanut-peeling-machine-sieve-360x270-1.webp 360w, https:\/\/www.agriculture-machine.com\/wp-content\/uploads\/2023\/09\/peanut-peeling-machine-sieve-360x270-1-240x180.webp 240w\" sizes=\"auto, (max-width: 360px) 100vw, 360px\" \/><figcaption class=\"wp-element-caption\">Erdnuss-Pelingsieb<\/figcaption><\/figure> <\/figure>    <h2 class=\"wp-block-heading\">Funktionsprinzip der Erdnusssch\u00e4lmaschine<\/h2>   <div id=\"rank-math-howto\" class=\"rank-math-block\" > <div class=\"rank-math-howto-description\"> <img loading=\"lazy\" decoding=\"async\" width=\"720\" height=\"540\" src=\"https:\/\/www.agriculture-machine.com\/wp-content\/uploads\/2023\/09\/peanut-thresher-machine-details.webp\" class=\"attachment-full size-full\" alt=\"Details der Erdnusssch\u00e4lmaschine\" srcset=\"https:\/\/www.agriculture-machine.com\/wp-content\/uploads\/2023\/09\/peanut-thresher-machine-details.webp 720w, https:\/\/www.agriculture-machine.com\/wp-content\/uploads\/2023\/09\/peanut-thresher-machine-details-360x270.webp 360w, https:\/\/www.agriculture-machine.com\/wp-content\/uploads\/2023\/09\/peanut-thresher-machine-details-240x180.webp 240w\" sizes=\"auto, (max-width: 720px) 100vw, 720px\" \/> <p>Die Erdnusssch\u00e4lmaschine funktioniert im Wesentlichen durch mechanische Kraft und Bewegung, um die Schale der Erdnuss zu entfernen, was in der Regel die folgenden Schritte umfasst:<\/p>  <\/div>  <div class=\"rank-math-steps\"> <div id=\"howto-step-1694399210907\" class=\"rank-math-step\"> <h3 class=\"rank-math-step-title\">Infeed-Phase<\/h3> <div class=\"rank-math-step-content\"><p>Rohe Erdn\u00fcsse werden in die Sch\u00e4lmaschine eingef\u00fchrt, meist mit einem F\u00f6rderband oder Paletten.<\/p> <\/div> <\/div> <div id=\"howto-step-1694399276211\" class=\"rank-math-step\"> <h3 class=\"rank-math-step-title\">Physikalische Trennung<\/h3> <div class=\"rank-math-step-content\"><p>Die Erdn\u00fcsse werden im Inneren der Erdnusssch\u00e4lmaschine physikalisch getrennt. Dies wird meist durch rotierende Trommeln, Klingen oder andere Sch\u00e4lsysteme erreicht.<\/p> <\/div> <\/div> <div id=\"howto-step-1694399294541\" class=\"rank-math-step\"> <h3 class=\"rank-math-step-title\">Sch\u00e4lprozess<\/h3> <div class=\"rank-math-step-content\"><p>Die Erdn\u00fcsse werden in den Sch\u00e4lmechanismus eingespeist und die Schalen von den Kernen getrennt. Der Schl\u00fcssel zu diesem Schritt ist das Design des Mechanismus, das typischerweise Reibung, Vibration oder Schneiden verwendet, um die Schalen zu trennen.<\/p> <\/div> <\/div> <div id=\"howto-step-1694399312065\" class=\"rank-math-step\"> <h3 class=\"rank-math-step-title\">Schalentrennung<\/h3> <div class=\"rank-math-step-content\"><p>Nach dem Sch\u00e4len werden die Erdnusskerne und die verbleibenden Schalen in einen Luftseparator oder Sieb eingespeist. Hier werden durch Luftstrom oder Vibration die leichteren Schalenfragmente ausgeblasen oder ausgesiebt, w\u00e4hrend die schwereren Erdnusskerne weitergeleitet werden.<\/p> <\/div> <\/div> <div id=\"howto-step-1694399336420\" class=\"rank-math-step\"> <h3 class=\"rank-math-step-title\">Entladephase<\/h3> <div class=\"rank-math-step-content\"><p>Die gesch\u00e4lten Erdnusskerne werden zum Entladeeinheit transportiert, meist \u00fcber ein F\u00f6rderband oder eine Pipeline, f\u00fcr die weitere Verarbeitung oder Sammlung.<\/p> <\/div> <\/div> <\/div> <\/div>       <h2 class=\"wp-block-heading\">Technische Daten der Erdnusssch\u00e4lmaschine<\/h2>    <p>Die technischen Parameter der Erdnusssch\u00e4lmaschinen k\u00f6nnen je nach Hersteller, Modell und Anwendung variieren, aber die folgenden sind einige g\u00e4ngige Modelle zur Referenz:<\/p>    <div class=\"wp-block-media-text is-stacked-on-mobile\"><figure class=\"wp-block-media-text__media\"><img loading=\"lazy\" decoding=\"async\" width=\"720\" height=\"540\" src=\"https:\/\/www.agriculture-machine.com\/wp-content\/uploads\/2023\/09\/groundnut-shelling-machine-for-sale.webp\" alt=\"Erdnuss-Sch\u00e4lmaschine zum Verkauf\" class=\"wp-image-15492 size-full\" srcset=\"https:\/\/www.agriculture-machine.com\/wp-content\/uploads\/2023\/09\/groundnut-shelling-machine-for-sale.webp 720w, https:\/\/www.agriculture-machine.com\/wp-content\/uploads\/2023\/09\/groundnut-shelling-machine-for-sale-360x270.webp 360w, https:\/\/www.agriculture-machine.com\/wp-content\/uploads\/2023\/09\/groundnut-shelling-machine-for-sale-240x180.webp 240w\" sizes=\"auto, (max-width: 720px) 100vw, 720px\" \/><\/figure><div class=\"wp-block-media-text__content\"> <p>Modell: TBH-200<\/p>    <p>Gr\u00f6\u00dfe: 650*560*1000mm<\/p>    <p>Produktion: 200KG\/H<\/p>    <p>Leistung: Benzinmotor 170 \/ Motor \/ Dieselmotor 6 PS<\/p> <\/div><\/div>    <p class=\"translation-block\">Gleichzeitig verkauft unser Unternehmen eine gro\u00df angelegte kombinierte Erdnuss-Sch\u00e4lanlage, die die Reinigung und das Sch\u00e4len von Erdn\u00fcssen in einer Maschine realisiert. Sie k\u00f6nnen sich \u00fcber dieses Ger\u00e4t speziell informieren durch: <a href=\"https:\/\/www.agriculture-machine.com\/de\/industrial-combined-peanut-groundnut-shelling-machine\/\"><strong>Industrielle kombinierte Erdnuss- und Erdnusssch\u00e4lmaschine<\/strong><\/a>. Bitte z\u00f6gern Sie nicht, uns zu kontaktieren, wenn Sie Fragen haben.<\/p>","protected":false},"excerpt":{"rendered":"<p>Die kleine Erdnusssch\u00e4lmaschine hat eine hohe Trennrate zwischen Schale und Kern und ist einfach zu bedienen, was sie in kleinen und mittleren Farmen sowie Lebensmittelverarbeitungsbetrieben weit verbreitet macht.<\/p>","protected":false},"author":1,"featured_media":14790,"parent":0,"comment_status":"closed","ping_status":"closed","template":"","tags":[798,797],"product-type":[895,872],"class_list":["post-14778","product","type-product","status-publish","has-post-thumbnail","hentry","tag-groundnut","tag-peanut","product-type-peanut-sheller","product-type-thresher-sheller"],"_links":{"self":[{"href":"https:\/\/www.agriculture-machine.com\/de\/wp-json\/wp\/v2\/product\/14778","targetHints":{"allow":["GET"]}}],"collection":[{"href":"https:\/\/www.agriculture-machine.com\/de\/wp-json\/wp\/v2\/product"}],"about":[{"href":"https:\/\/www.agriculture-machine.com\/de\/wp-json\/wp\/v2\/types\/product"}],"author":[{"embeddable":true,"href":"https:\/\/www.agriculture-machine.com\/de\/wp-json\/wp\/v2\/users\/1"}],"replies":[{"embeddable":true,"href":"https:\/\/www.agriculture-machine.com\/de\/wp-json\/wp\/v2\/comments?post=14778"}],"wp:featuredmedia":[{"embeddable":true,"href":"https:\/\/www.agriculture-machine.com\/de\/wp-json\/wp\/v2\/media\/14790"}],"wp:attachment":[{"href":"https:\/\/www.agriculture-machine.com\/de\/wp-json\/wp\/v2\/media?parent=14778"}],"wp:term":[{"taxonomy":"post_tag","embeddable":true,"href":"https:\/\/www.agriculture-machine.com\/de\/wp-json\/wp\/v2\/tags?post=14778"},{"taxonomy":"product-type","embeddable":true,"href":"https:\/\/www.agriculture-machine.com\/de\/wp-json\/wp\/v2\/product-type?post=14778"}],"curies":[{"name":"wp","href":"https:\/\/api.w.org\/{rel}","templated":true}]}}