{"id":15095,"date":"2023-11-09T15:07:38","date_gmt":"2023-11-09T07:07:38","guid":{"rendered":"https:\/\/www.agriculture-machine.com\/?post_type=product&#038;p=15095"},"modified":"2024-11-14T15:12:46","modified_gmt":"2024-11-14T07:12:46","slug":"rice-mill-plant","status":"publish","type":"product","link":"https:\/\/www.agriculture-machine.com\/de\/rice-mill-plant\/","title":{"rendered":"15TPD Komplettes Reism\u00fchlen-Plant Rohgetreideverarbeitungsger\u00e4t"},"content":{"rendered":"<p class=\"translation-block\">Eine vollst\u00e4ndige <strong><a href=\"https:\/\/www.agriculture-machine.com\/de\/rice-milling-plant-machine\/\">Reism\u00fchlenanlage<\/a><\/strong> ist ein Prozess, der hilft, die Schale und das Kleie vom Reispaddy zu trennen, um schlie\u00dflich raffinierten Reis zu produzieren. Mit unserer Reism\u00fchlenanlage k\u00f6nnen Sie vollgeschliffene, wei\u00dfe Reisk\u00f6rner erhalten, die frei von Verunreinigungen sind und eine minimale Anzahl an Bruchk\u00f6rnern enthalten, und die Wei\u00dfe-Reis-Ausbeute liegt bei bis zu 69 %-72 %.<\/p>    <figure class=\"wp-block-gallery has-nested-images columns-default is-cropped wp-block-gallery-2 is-layout-flex wp-block-gallery-is-layout-flex\"> <figure class=\"wp-block-image size-large\"><img loading=\"lazy\" decoding=\"async\" width=\"720\" height=\"540\" data-id=\"15101\" src=\"https:\/\/www.agriculture-machine.com\/wp-content\/uploads\/2023\/11\/rice-milling-machine-production-line.webp\" alt=\"Reism\u00fchlen-Produktionslinie\" class=\"wp-image-15101\" srcset=\"https:\/\/www.agriculture-machine.com\/wp-content\/uploads\/2023\/11\/rice-milling-machine-production-line.webp 720w, https:\/\/www.agriculture-machine.com\/wp-content\/uploads\/2023\/11\/rice-milling-machine-production-line-360x270.webp 360w, https:\/\/www.agriculture-machine.com\/wp-content\/uploads\/2023\/11\/rice-milling-machine-production-line-240x180.webp 240w\" sizes=\"auto, (max-width: 720px) 100vw, 720px\" \/><figcaption class=\"wp-element-caption\">Reism\u00fchlen-Produktionslinie<\/figcaption><\/figure>    <figure class=\"wp-block-image size-large\"><img loading=\"lazy\" decoding=\"async\" width=\"720\" height=\"540\" data-id=\"15100\" src=\"https:\/\/www.agriculture-machine.com\/wp-content\/uploads\/2023\/11\/rice-mill-plant.webp\" alt=\"Reism\u00fchlenanlage\" class=\"wp-image-15100\" srcset=\"https:\/\/www.agriculture-machine.com\/wp-content\/uploads\/2023\/11\/rice-mill-plant.webp 720w, https:\/\/www.agriculture-machine.com\/wp-content\/uploads\/2023\/11\/rice-mill-plant-360x270.webp 360w, https:\/\/www.agriculture-machine.com\/wp-content\/uploads\/2023\/11\/rice-mill-plant-240x180.webp 240w\" sizes=\"auto, (max-width: 720px) 100vw, 720px\" \/><figcaption class=\"wp-element-caption\">Reism\u00fchlenanlage<\/figcaption><\/figure> <\/figure>    <h2 class=\"wp-block-heading\">Technische Daten der 15TPD-Reism\u00fchle<\/h2>    <figure class=\"wp-block-table is-style-stripes\"><table><tbody><tr><td class=\"has-text-align-center\" data-align=\"center\"><strong>Nein.<\/strong><\/td><td class=\"has-text-align-center\" data-align=\"center\"><strong>Artikel<\/strong><\/td><td class=\"has-text-align-center\" data-align=\"center\"><strong>Modell<\/strong><\/td><td class=\"has-text-align-center\" data-align=\"center\"><strong>Leistung (KW)<\/strong><\/td><\/tr><tr><td class=\"has-text-align-center\" data-align=\"center\">1<\/td><td class=\"has-text-align-center\" data-align=\"center\">Aufzug<\/td><td class=\"has-text-align-center\" data-align=\"center\">TDTG18\/07<\/td><td class=\"has-text-align-center\" data-align=\"center\">0.75<\/td><\/tr><tr><td class=\"has-text-align-center\" data-align=\"center\">2<\/td><td class=\"has-text-align-center\" data-align=\"center\">Reissch\u00e4ler gegen Unkraut<\/td><td class=\"has-text-align-center\" data-align=\"center\">ZQS50<\/td><td class=\"has-text-align-center\" data-align=\"center\">0.75+0.75<\/td><\/tr><tr><td class=\"has-text-align-center\" data-align=\"center\">3<\/td><td class=\"has-text-align-center\" data-align=\"center\">Aufzug<\/td><td class=\"has-text-align-center\" data-align=\"center\">TDTG18\/07*2<\/td><td class=\"has-text-align-center\" data-align=\"center\">0.75<\/td><\/tr><tr><td class=\"has-text-align-center\" data-align=\"center\">4<\/td><td class=\"has-text-align-center\" data-align=\"center\">Reissch\u00e4ler (Gummiwalze 6 Zoll)&nbsp;<\/td><td class=\"has-text-align-center\" data-align=\"center\">LG15<\/td><td class=\"has-text-align-center\" data-align=\"center\">4<\/td><\/tr><tr><td class=\"has-text-align-center\" data-align=\"center\">5<\/td><td class=\"has-text-align-center\" data-align=\"center\">Schwerkraft-Reissch\u00e4ler<\/td><td class=\"has-text-align-center\" data-align=\"center\">MGCZ70*5<\/td><td class=\"has-text-align-center\" data-align=\"center\">0.75<\/td><\/tr><tr><td class=\"has-text-align-center\" data-align=\"center\">6<\/td><td class=\"has-text-align-center\" data-align=\"center\">&nbsp;Reism\u00fchle (Emery-Rolle)<\/td><td class=\"has-text-align-center\" data-align=\"center\">NS150<\/td><td class=\"has-text-align-center\" data-align=\"center\">15<\/td><\/tr><tr><td class=\"has-text-align-center\" data-align=\"center\">7<\/td><td class=\"has-text-align-center\" data-align=\"center\">Reissortierer<\/td><td class=\"has-text-align-center\" data-align=\"center\">40<\/td><td class=\"has-text-align-center\" data-align=\"center\">0.55<\/td><\/tr><\/tbody><\/table><\/figure>    <h2 class=\"wp-block-heading\">Einf\u00fchrung in die integrierte 15TPD-Reism\u00fchlenanlage<\/h2>    <p>Diese 15 Tonnen pro Tag Produktions-Reism\u00fchle automatisiert den gesamten Prozess und ist ausschlie\u00dflich f\u00fcr einzelne Landwirte, Marktpl\u00e4tze, Schulen und andere Einheiten geeignet, sowie f\u00fcr kleine Reisanbau- und Verarbeitungsfabriken, Getreideverarbeitungsunternehmen, l\u00e4ndliche Genossenschaften und Reiskonvertierungsbetriebe sowie andere Arten von Reispflegeanlagen.<\/p>    <figure class=\"wp-block-gallery has-nested-images columns-default is-cropped wp-block-gallery-3 is-layout-flex wp-block-gallery-is-layout-flex\"> <figure class=\"wp-block-image size-large\"><img loading=\"lazy\" decoding=\"async\" width=\"720\" height=\"540\" data-id=\"15103\" src=\"https:\/\/www.agriculture-machine.com\/wp-content\/uploads\/2023\/11\/industrial-rice-mill.webp\" alt=\"Industrielle Reism\u00fchle\" class=\"wp-image-15103\" srcset=\"https:\/\/www.agriculture-machine.com\/wp-content\/uploads\/2023\/11\/industrial-rice-mill.webp 720w, https:\/\/www.agriculture-machine.com\/wp-content\/uploads\/2023\/11\/industrial-rice-mill-360x270.webp 360w, https:\/\/www.agriculture-machine.com\/wp-content\/uploads\/2023\/11\/industrial-rice-mill-240x180.webp 240w\" sizes=\"auto, (max-width: 720px) 100vw, 720px\" \/><figcaption class=\"wp-element-caption\">Industrielle Reism\u00fchle<\/figcaption><\/figure>    <figure class=\"wp-block-image size-large\"><img loading=\"lazy\" decoding=\"async\" width=\"720\" height=\"540\" data-id=\"15102\" src=\"https:\/\/www.agriculture-machine.com\/wp-content\/uploads\/2023\/11\/commercial-rice-milling-machine.webp\" alt=\"Kommerzielle Reismaschine\" class=\"wp-image-15102\" srcset=\"https:\/\/www.agriculture-machine.com\/wp-content\/uploads\/2023\/11\/commercial-rice-milling-machine.webp 720w, https:\/\/www.agriculture-machine.com\/wp-content\/uploads\/2023\/11\/commercial-rice-milling-machine-360x270.webp 360w, https:\/\/www.agriculture-machine.com\/wp-content\/uploads\/2023\/11\/commercial-rice-milling-machine-240x180.webp 240w\" sizes=\"auto, (max-width: 720px) 100vw, 720px\" \/><figcaption class=\"wp-element-caption\">Kommerzielle Reismaschine<\/figcaption><\/figure> <\/figure>    <h2 class=\"wp-block-heading\">Video-Feedback vom Arbeitsstandort<\/h2>    <figure class=\"wp-block-embed is-type-video is-provider-youtube wp-block-embed-youtube wp-embed-aspect-16-9 wp-has-aspect-ratio\"><div class=\"wp-block-embed__wrapper\"> <iframe loading=\"lazy\" title=\"Hocheffiziente kleine Kapazit\u00e4ts-Reism\u00fchle: Automatisierte Produktion von hochwertigem Reis, den Sie ben\u00f6tigen\" width=\"500\" height=\"281\" src=\"https:\/\/www.youtube.com\/embed\/etQycQKF09A?feature=oembed\" frameborder=\"0\" allow=\"accelerometer; autoplay; clipboard-write; encrypted-media; gyroscope; picture-in-picture; web-share\" referrerpolicy=\"strict-origin-when-cross-origin\" allowfullscreen><\/iframe> <\/div><\/figure>    <h2 class=\"wp-block-heading\">Vorteile von kommerziellen Reism\u00fchlenmaschinen<\/h2>    <div class=\"wp-block-media-text is-stacked-on-mobile\"><figure class=\"wp-block-media-text__media\"><img loading=\"lazy\" decoding=\"async\" width=\"405\" height=\"540\" src=\"https:\/\/www.agriculture-machine.com\/wp-content\/uploads\/2023\/11\/rice-mill-applications-405x540.webp\" alt=\"Reism\u00fchlenanwendungen\" class=\"wp-image-15099 size-full\" srcset=\"https:\/\/www.agriculture-machine.com\/wp-content\/uploads\/2023\/11\/rice-mill-applications-405x540.webp 405w, https:\/\/www.agriculture-machine.com\/wp-content\/uploads\/2023\/11\/rice-mill-applications-203x270.webp 203w, https:\/\/www.agriculture-machine.com\/wp-content\/uploads\/2023\/11\/rice-mill-applications.webp 540w\" sizes=\"auto, (max-width: 405px) 100vw, 405px\" \/><\/figure><div class=\"wp-block-media-text__content\"> <ol class=\"wp-block-list\"> <li>Niedriges Ger\u00e4usch, kein Staubverschmutzung;<\/li>    <li>Vollautomatisierte Produktionslinie, reduziert manuellen Eingriff;<\/li>    <li>Einfache Struktur, leicht zu warten und zu bedienen, relativ kosteng\u00fcnstig;<\/li>    <li>Das produzierte Reisspelz kann zur Herstellung von Tierfutter verwendet werden.<\/li>    <li>Hohe Reinigungsrate. Ausgestattet mit dem Unkrautentferner, kann es mehr als 90 % der Verunreinigungen entfernen;<\/li>    <li>Hochwertige Materialien und Herstellungsprozesse werden verwendet, um \u00fcberlegene Haltbarkeit und reduzierte Wartungskosten zu gew\u00e4hrleisten.<\/li> <\/ol>    <p class=\"translation-block\">Au\u00dferdem fertigen wir <strong><a href=\"https:\/\/www.agriculture-machine.com\/de\/rice-mill-category\/rice-mill-production-line\/\">Maschinen mit vier Standard-Einstellungen von 20, 25 und 30 Tonnen pro Stunde mit unterschiedlichen Ausgaben<\/a><\/strong>, sodass Sie je nach Gr\u00f6\u00dfe Ihrer Industrie und Ihrem Budget w\u00e4hlen k\u00f6nnen.<\/p> <\/div><\/div>    <h2 class=\"wp-block-heading\">Hauptmaschine der Reism\u00fchlenanlage<\/h2>    <p>Die gesamte Reism\u00fchle besteht haupts\u00e4chlich aus den folgenden Maschinen: zwei Aufz\u00fcgen, einem Reissch\u00e4ler gegen Unkraut, einem Reissch\u00e4ler, einem Schwerkraft-Reisseparator und einer Reism\u00fchle. Dies stellt die grundlegendste Reism\u00fchlenanlage dar.<\/p>    <p>Das Reispflegegut wird durch einen einzelnen Aufzug in die Reinigung und den Unkrautentferner bef\u00f6rdert, um gro\u00dfe Verunreinigungen und Steine zu entfernen, dann wird es durch einen Doppelaufzug in die H\u00fcllmaschine gef\u00f6rdert, um das H\u00fcllen durchzuf\u00fchren. <\/p>    <p>Der Aufzug bef\u00f6rdert das Reispaddy zur Schwerkraftsiebung, das ungeh\u00fcllte Reispaddy wird durch das Schwerkraftsieb zur\u00fcck zum H\u00fcller gef\u00fchrt, und der braune Reis gelangt in die Reism\u00fchle, wo der Reis f\u00fcr eine tiefere Verarbeitung gemahlen wird, und schlie\u00dflich wird er auf Bruchreis gepr\u00fcft. Einzelheiten zu jeder Ausr\u00fcstung sind wie folgt.<\/p>    <figure class=\"wp-block-image size-full\"><img loading=\"lazy\" decoding=\"async\" width=\"720\" height=\"540\" src=\"https:\/\/www.agriculture-machine.com\/wp-content\/uploads\/2023\/11\/15TPD-white-rice-making-line-structure.webp\" alt=\"Struktur der 15TPD-Wei\u00dfe-Reis-Herstellungslinie\" class=\"wp-image-15147\" srcset=\"https:\/\/www.agriculture-machine.com\/wp-content\/uploads\/2023\/11\/15TPD-white-rice-making-line-structure.webp 720w, https:\/\/www.agriculture-machine.com\/wp-content\/uploads\/2023\/11\/15TPD-white-rice-making-line-structure-360x270.webp 360w, https:\/\/www.agriculture-machine.com\/wp-content\/uploads\/2023\/11\/15TPD-white-rice-making-line-structure-240x180.webp 240w\" sizes=\"auto, (max-width: 720px) 100vw, 720px\" \/><figcaption class=\"wp-element-caption\">Struktur der 15TPD-Wei\u00dfe-Reis-Herstellungslinie<\/figcaption><\/figure>    <h2 class=\"wp-block-heading\">Arbeitsablauf der Wei\u00dfe-Reis-Verarbeitungsanlage<\/h2>   <div id=\"rank-math-faq\" class=\"rank-math-block\"> <div class=\"rank-math-list\"> <div id=\"faq-question-1699512742461\" class=\"rank-math-list-item\"> <h3 class=\"rank-math-question\">1. Reissch\u00e4ler gegen Unkraut<\/h3> <div class=\"rank-math-answer\">  <p>Dieses Ger\u00e4t verf\u00fcgt \u00fcber 2 Schichten Siebe, die erste Schicht oben entfernt haupts\u00e4chlich gr\u00f6\u00dfere Strohverunreinigungen, die zweite Schicht unten entfernt Steine.<\/p>  <\/div> <\/div> <div id=\"faq-question-1699512762727\" class=\"rank-math-list-item\"> <h3 class=\"rank-math-question\">2. Reissch\u00e4ler gegen Unkraut<\/h3> <div class=\"rank-math-answer\">  <p>Die Funktion dieses Ger\u00e4ts besteht darin, die Schale und die Mischung aus braunem Reis und Reispaddy zu entfernen. Die H\u00fcllrate liegt bei 85-90 Prozent.<\/p>  <\/div> <\/div> <div id=\"faq-question-1699512816614\" class=\"rank-math-list-item\"> <h3 class=\"rank-math-question\">3. Schwerkraft-Reissch\u00e4ler<\/h3> <div class=\"rank-math-answer\">  <p>Dieses Ger\u00e4t ist in drei Zonen unterteilt: Rohreis, Reiskleie-Reis-Mischung und Reispaddy. Das Reispaddy wird f\u00fcr eine zweite Operation an den H\u00fcller zur\u00fcckgegeben, w\u00e4hrend der braune Reis in die Reism\u00fchle gelangt.<\/p>  <\/div> <\/div> <div id=\"faq-question-1699512826277\" class=\"rank-math-list-item\"> <h3 class=\"rank-math-question\">4. Reismaschine<\/h3> <div class=\"rank-math-answer\">  <p>Die zentrale Maschine in der Reism\u00fchlenanlage mahlt die K\u00f6rner, die gesch\u00e4lt wurden. Dieser Schritt hilft, den Reis- oder Mehlanteil weiter zu trennen.<\/p>  <\/div> <\/div> <div id=\"faq-question-1699512836037\" class=\"rank-math-list-item\"> <h3 class=\"rank-math-question\">5. Reissortierer<\/h3> <div class=\"rank-math-answer\">  <p>Am Ende erhalten Sie 2 % Bruchreis, die Funktion dieses Ger\u00e4ts ist das Sieben mit vollst\u00e4ndigem Reis. Es ist besser, die Feuchtigkeit des Rohkorns 12,5 % nicht zu \u00fcberschreiten. Andernfalls steigt bei h\u00f6herer Feuchtigkeit der Anteil an Bruchreis.<\/p>  <\/div> <\/div> <\/div> <\/div>   <figure class=\"wp-block-gallery has-nested-images columns-default is-cropped wp-block-gallery-4 is-layout-flex wp-block-gallery-is-layout-flex\"> <figure class=\"wp-block-image size-large\"><img loading=\"lazy\" decoding=\"async\" width=\"720\" height=\"540\" data-id=\"15105\" src=\"https:\/\/www.agriculture-machine.com\/wp-content\/uploads\/2023\/11\/mini-rice-mill-plant.webp\" alt=\"Mini-Reism\u00fchleanlage\" class=\"wp-image-15105\" srcset=\"https:\/\/www.agriculture-machine.com\/wp-content\/uploads\/2023\/11\/mini-rice-mill-plant.webp 720w, https:\/\/www.agriculture-machine.com\/wp-content\/uploads\/2023\/11\/mini-rice-mill-plant-360x270.webp 360w, https:\/\/www.agriculture-machine.com\/wp-content\/uploads\/2023\/11\/mini-rice-mill-plant-240x180.webp 240w\" sizes=\"auto, (max-width: 720px) 100vw, 720px\" \/><figcaption class=\"wp-element-caption\">Mini-Reism\u00fchleanlage<\/figcaption><\/figure>    <figure class=\"wp-block-image size-large\"><img loading=\"lazy\" decoding=\"async\" width=\"720\" height=\"540\" data-id=\"15104\" src=\"https:\/\/www.agriculture-machine.com\/wp-content\/uploads\/2023\/11\/efficient-rice-processing.webp\" alt=\"Effiziente Reiskonvertierung\" class=\"wp-image-15104\" srcset=\"https:\/\/www.agriculture-machine.com\/wp-content\/uploads\/2023\/11\/efficient-rice-processing.webp 720w, https:\/\/www.agriculture-machine.com\/wp-content\/uploads\/2023\/11\/efficient-rice-processing-360x270.webp 360w, https:\/\/www.agriculture-machine.com\/wp-content\/uploads\/2023\/11\/efficient-rice-processing-240x180.webp 240w\" sizes=\"auto, (max-width: 720px) 100vw, 720px\" \/><figcaption class=\"wp-element-caption\">Effiziente Reiskonvertierung<\/figcaption><\/figure> <\/figure>    <h2 class=\"wp-block-heading\">Erfolgreiche F\u00e4lle effizienter Reispflegeanlagen<\/h2>    <p>Reism\u00fchlenanlagen werden weltweit in L\u00e4ndern eingesetzt, die stark auf Getreide wie Reis und Weizen als Hauptnahrungsmittel angewiesen sind. Unser Unternehmen hat diese Einheit nach Indien, Kenia, Indonesien, Bangladesch, Nigeria, Iran, Ghana, Togo, Malawi, Brasilien, in die USA, die Philippinen und andere L\u00e4nder geliefert.<\/p>    <p class=\"translation-block\">Unten ist ein Bild der Maschine, die geladen und versendet wird, und ein Bild von uns, die einen <strong><a href=\"https:\/\/www.agriculture-machine.com\/de\/rice-milling-machinery-nigeria-customer-visit\/\">Kunden besuchen, um die Fabrik zu sehen<\/a><\/strong>.<\/p>    <figure class=\"wp-block-gallery has-nested-images columns-default is-cropped wp-block-gallery-5 is-layout-flex wp-block-gallery-is-layout-flex\"> <figure class=\"wp-block-image size-large\"><img loading=\"lazy\" decoding=\"async\" width=\"720\" height=\"540\" data-id=\"15107\" src=\"https:\/\/www.agriculture-machine.com\/wp-content\/uploads\/2023\/11\/paddy-processing-equipment.webp\" alt=\"Reisverarbeitungsger\u00e4te\" class=\"wp-image-15107\" srcset=\"https:\/\/www.agriculture-machine.com\/wp-content\/uploads\/2023\/11\/paddy-processing-equipment.webp 720w, https:\/\/www.agriculture-machine.com\/wp-content\/uploads\/2023\/11\/paddy-processing-equipment-360x270.webp 360w, https:\/\/www.agriculture-machine.com\/wp-content\/uploads\/2023\/11\/paddy-processing-equipment-240x180.webp 240w\" sizes=\"auto, (max-width: 720px) 100vw, 720px\" \/><figcaption class=\"wp-element-caption\">Reisverarbeitungsger\u00e4te<\/figcaption><\/figure>    <figure class=\"wp-block-image size-large\"><img loading=\"lazy\" decoding=\"async\" width=\"720\" height=\"540\" data-id=\"15106\" src=\"https:\/\/www.agriculture-machine.com\/wp-content\/uploads\/2023\/11\/advanced-milling-technology.webp\" alt=\"Fortschrittliche Mahltechnologie\" class=\"wp-image-15106\" srcset=\"https:\/\/www.agriculture-machine.com\/wp-content\/uploads\/2023\/11\/advanced-milling-technology.webp 720w, https:\/\/www.agriculture-machine.com\/wp-content\/uploads\/2023\/11\/advanced-milling-technology-360x270.webp 360w, https:\/\/www.agriculture-machine.com\/wp-content\/uploads\/2023\/11\/advanced-milling-technology-240x180.webp 240w\" sizes=\"auto, (max-width: 720px) 100vw, 720px\" \/><figcaption class=\"wp-element-caption\">Fortschrittliche Mahltechnologie<\/figcaption><\/figure> <\/figure>    <p>Nat\u00fcrlich, wenn Sie mehr \u00fcber die Parameter der Reism\u00fchlenanlage, Installation und Wartungsinformationen erfahren m\u00f6chten oder eine gr\u00f6\u00dfere Produktionslinie kaufen wollen, besuchen Sie bitte unsere Website. Sie k\u00f6nnen uns jederzeit kontaktieren, unser Gesch\u00e4ftsleiter wird Ihnen innerhalb von 24 Stunden antworten.<\/p>","protected":false},"excerpt":{"rendered":"<p>A complete rice mill plant is a process that helps to separate the husk and bran from the rice paddy to finally produce refined rice. By using our rice milling unit, you can get fully milled, white rice grains that are free from impurities and contain a minimum number of broken grains, and the white [&hellip;]<\/p>\n","protected":false},"author":1,"featured_media":15097,"parent":0,"comment_status":"closed","ping_status":"closed","template":"","tags":[796],"product-type":[875,906],"class_list":["post-15095","product","type-product","status-publish","has-post-thumbnail","hentry","tag-rice","product-type-rice-mill-category","product-type-rice-mill-production-line"],"_links":{"self":[{"href":"https:\/\/www.agriculture-machine.com\/de\/wp-json\/wp\/v2\/product\/15095","targetHints":{"allow":["GET"]}}],"collection":[{"href":"https:\/\/www.agriculture-machine.com\/de\/wp-json\/wp\/v2\/product"}],"about":[{"href":"https:\/\/www.agriculture-machine.com\/de\/wp-json\/wp\/v2\/types\/product"}],"author":[{"embeddable":true,"href":"https:\/\/www.agriculture-machine.com\/de\/wp-json\/wp\/v2\/users\/1"}],"replies":[{"embeddable":true,"href":"https:\/\/www.agriculture-machine.com\/de\/wp-json\/wp\/v2\/comments?post=15095"}],"wp:featuredmedia":[{"embeddable":true,"href":"https:\/\/www.agriculture-machine.com\/de\/wp-json\/wp\/v2\/media\/15097"}],"wp:attachment":[{"href":"https:\/\/www.agriculture-machine.com\/de\/wp-json\/wp\/v2\/media?parent=15095"}],"wp:term":[{"taxonomy":"post_tag","embeddable":true,"href":"https:\/\/www.agriculture-machine.com\/de\/wp-json\/wp\/v2\/tags?post=15095"},{"taxonomy":"product-type","embeddable":true,"href":"https:\/\/www.agriculture-machine.com\/de\/wp-json\/wp\/v2\/product-type?post=15095"}],"curies":[{"name":"wp","href":"https:\/\/api.w.org\/{rel}","templated":true}]}}