{"id":15096,"date":"2023-11-09T15:54:45","date_gmt":"2023-11-09T07:54:45","guid":{"rendered":"https:\/\/www.agriculture-machine.com\/?post_type=product&#038;p=15096"},"modified":"2024-09-18T15:43:21","modified_gmt":"2024-09-18T07:43:21","slug":"paddy-processing-unit","status":"publish","type":"product","link":"https:\/\/www.agriculture-machine.com\/de\/paddy-processing-unit\/","title":{"rendered":"20Tonnen\/Tag Paddy-Verarbeitungseinheit f\u00fcr Wei\u00dfreisfabrik"},"content":{"rendered":"<p class=\"translation-block\">Die <strong><a href=\"https:\/\/www.agriculture-machine.com\/de\/rice-milling-plant-machine\/\">Reiskonzentrat<\/a><\/strong> ist ein System von Ger\u00e4ten, das speziell entwickelt wurde, um Reis zu verarbeiten, indem die Reispflanze vom Spelz befreit und hochwertiger Reis hergestellt wird. Diese Linie umfasst typischerweise Verarbeitungsschritte wie Entspelzen, Entschalen, Entfetten und Sieben, wobei jeder Schritt von einer Reihe spezieller Maschinen und Ger\u00e4te in Zusammenarbeit ausgef\u00fchrt wird.<\/p>    <figure class=\"wp-block-gallery has-nested-images columns-default is-cropped wp-block-gallery-2 is-layout-flex wp-block-gallery-is-layout-flex\"> <figure class=\"wp-block-image size-large\"><img loading=\"lazy\" decoding=\"async\" width=\"405\" height=\"540\" data-id=\"15110\" src=\"https:\/\/www.agriculture-machine.com\/wp-content\/uploads\/2023\/11\/white-rice-making-plant-405x540.webp\" alt=\"Wei\u00dfreisherstellungsanlage\" class=\"wp-image-15110\" srcset=\"https:\/\/www.agriculture-machine.com\/wp-content\/uploads\/2023\/11\/white-rice-making-plant-405x540.webp 405w, https:\/\/www.agriculture-machine.com\/wp-content\/uploads\/2023\/11\/white-rice-making-plant-203x270.webp 203w, https:\/\/www.agriculture-machine.com\/wp-content\/uploads\/2023\/11\/white-rice-making-plant.webp 540w\" sizes=\"auto, (max-width: 405px) 100vw, 405px\" \/><figcaption class=\"wp-element-caption\">Wei\u00dfreisherstellungsanlage<\/figcaption><\/figure>    <figure class=\"wp-block-image size-large\"><img loading=\"lazy\" decoding=\"async\" width=\"405\" height=\"540\" data-id=\"15109\" src=\"https:\/\/www.agriculture-machine.com\/wp-content\/uploads\/2023\/11\/paddy-processing-unit-405x540.webp\" alt=\"Reiskonzentratlinie\" class=\"wp-image-15109\" srcset=\"https:\/\/www.agriculture-machine.com\/wp-content\/uploads\/2023\/11\/paddy-processing-unit-405x540.webp 405w, https:\/\/www.agriculture-machine.com\/wp-content\/uploads\/2023\/11\/paddy-processing-unit-203x270.webp 203w, https:\/\/www.agriculture-machine.com\/wp-content\/uploads\/2023\/11\/paddy-processing-unit.webp 540w\" sizes=\"auto, (max-width: 405px) 100vw, 405px\" \/><figcaption class=\"wp-element-caption\">Reiskonzentratlinie<\/figcaption><\/figure> <\/figure>    <p class=\"translation-block\"><strong><a href=\"https:\/\/www.agriculture-machine.com\/de\/rice-mill-category\/rice-mill-production-line\/\">Reism\u00fchlenlinien<\/a><\/strong> k\u00f6nnen je nach Bedarf in Gr\u00f6\u00dfe und Kapazit\u00e4t variieren, von kleinen Haushaltsger\u00e4ten bis hin zu gro\u00dfindustriellen Anlagen.<\/p>    <h2 class=\"wp-block-heading\">Parameter der 20TPD Reiskonzentratanlage<\/h2>    <figure class=\"wp-block-table is-style-stripes\"><table><tbody><tr><td class=\"has-text-align-center\" data-align=\"center\"><strong>Nein.<\/strong><\/td><td class=\"has-text-align-center\" data-align=\"center\"><strong>Artikel<\/strong><\/td><td class=\"has-text-align-center\" data-align=\"center\"><strong>Leistung (KW)<\/strong><\/td><td class=\"has-text-align-center\" data-align=\"center\"><strong>Leistung (KW)<\/strong><\/td><\/tr><tr><td class=\"has-text-align-center\" data-align=\"center\">1<\/td><td class=\"has-text-align-center\" data-align=\"center\">Aufzug<\/td><td class=\"has-text-align-center\" data-align=\"center\">TDTG18\/08<\/td><td class=\"has-text-align-center\" data-align=\"center\">0.75<\/td><\/tr><tr><td class=\"has-text-align-center\" data-align=\"center\">2<\/td><td class=\"has-text-align-center\" data-align=\"center\">Voranreiniger &nbsp;<\/td><td class=\"has-text-align-center\" data-align=\"center\">SCQY40<\/td><td class=\"has-text-align-center\" data-align=\"center\">0.55<\/td><\/tr><tr><td class=\"has-text-align-center\" data-align=\"center\">3<\/td><td class=\"has-text-align-center\" data-align=\"center\">Reissch\u00e4ler gegen Unkraut<\/td><td class=\"has-text-align-center\" data-align=\"center\">ZQS50A<\/td><td class=\"has-text-align-center\" data-align=\"center\">1.1+1.5<\/td><\/tr><tr><td class=\"has-text-align-center\" data-align=\"center\">4<\/td><td class=\"has-text-align-center\" data-align=\"center\">Aufzug<\/td><td class=\"has-text-align-center\" data-align=\"center\">TDTG18\/08*2<\/td><td class=\"has-text-align-center\" data-align=\"center\">0.75<\/td><\/tr><tr><td class=\"has-text-align-center\" data-align=\"center\">5<\/td><td class=\"has-text-align-center\" data-align=\"center\">Reispelz-Husker (6-Zoll-Gummiwalze)<\/td><td class=\"has-text-align-center\" data-align=\"center\">LG15A<\/td><td class=\"has-text-align-center\" data-align=\"center\">4<\/td><\/tr><tr><td class=\"has-text-align-center\" data-align=\"center\">6<\/td><td class=\"has-text-align-center\" data-align=\"center\">Schwerkraft-Reissch\u00e4ler<\/td><td class=\"has-text-align-center\" data-align=\"center\">MGCZ70*5A<\/td><td class=\"has-text-align-center\" data-align=\"center\">0.75<\/td><\/tr><tr><td class=\"has-text-align-center\" data-align=\"center\">7<\/td><td class=\"has-text-align-center\" data-align=\"center\">Reism\u00fchle (Emery-Rolle)<\/td><td class=\"has-text-align-center\" data-align=\"center\">NS150<\/td><td class=\"has-text-align-center\" data-align=\"center\">15<\/td><\/tr><tr><td class=\"has-text-align-center\" data-align=\"center\">8<\/td><td class=\"has-text-align-center\" data-align=\"center\">Reissortierer<\/td><td class=\"has-text-align-center\" data-align=\"center\">40<\/td><td class=\"has-text-align-center\" data-align=\"center\">0.55<\/td><\/tr><\/tbody><\/table><\/figure>    <h2 class=\"wp-block-heading\">Anzeigen der verarbeitbaren Rohstoffeinheit f\u00fcr Reiskonzentrat<\/h2>    <p>Der Hauptrohstoff f\u00fcr eine Reism\u00fchlenproduktionslinie ist Reispflanze, meist das ungewaschene Reiskorn. Gerste und Weizen k\u00f6nnen ebenfalls verarbeitet werden.<\/p>    <figure class=\"wp-block-gallery has-nested-images columns-default is-cropped wp-block-gallery-3 is-layout-flex wp-block-gallery-is-layout-flex\"> <figure class=\"wp-block-image size-large\"><img loading=\"lazy\" decoding=\"async\" width=\"720\" height=\"540\" data-id=\"15117\" src=\"https:\/\/www.agriculture-machine.com\/wp-content\/uploads\/2023\/11\/rice-paddy.webp\" alt=\"Reispelze\" class=\"wp-image-15117\" srcset=\"https:\/\/www.agriculture-machine.com\/wp-content\/uploads\/2023\/11\/rice-paddy.webp 720w, https:\/\/www.agriculture-machine.com\/wp-content\/uploads\/2023\/11\/rice-paddy-360x270.webp 360w, https:\/\/www.agriculture-machine.com\/wp-content\/uploads\/2023\/11\/rice-paddy-240x180.webp 240w\" sizes=\"auto, (max-width: 720px) 100vw, 720px\" \/><figcaption class=\"wp-element-caption\">Reispelze<\/figcaption><\/figure>    <figure class=\"wp-block-image size-large\"><img loading=\"lazy\" decoding=\"async\" width=\"720\" height=\"540\" data-id=\"15116\" src=\"https:\/\/www.agriculture-machine.com\/wp-content\/uploads\/2023\/11\/rice-crops.webp\" alt=\"Reisernte\" class=\"wp-image-15116\" srcset=\"https:\/\/www.agriculture-machine.com\/wp-content\/uploads\/2023\/11\/rice-crops.webp 720w, https:\/\/www.agriculture-machine.com\/wp-content\/uploads\/2023\/11\/rice-crops-360x270.webp 360w, https:\/\/www.agriculture-machine.com\/wp-content\/uploads\/2023\/11\/rice-crops-240x180.webp 240w\" sizes=\"auto, (max-width: 720px) 100vw, 720px\" \/><figcaption class=\"wp-element-caption\">Reisernte<\/figcaption><\/figure> <\/figure>    <h2 class=\"wp-block-heading\">Das Endprodukt, das Sie erhalten k\u00f6nnen<\/h2>    <p>Reism\u00fchlenanlagen produzieren in der Regel wei\u00dfen Reis, bei dem die \u00e4u\u00dfere Schalenschicht (Spelze) entfernt wurde. Dieser wei\u00dfe Reis wird meist bevorzugt, da er besser schmeckt und besser aussieht. <\/p>    <p>Au\u00dferdem kann die aus dem Entschaler gewonnene Spelze zerkleinert und sp\u00e4ter zu Tierfutter verarbeitet werden.<\/p>    <p>Verschiedene Reism\u00fchlenlinien k\u00f6nnen unterschiedliche Reissorten produzieren, wie Langkornaromareis, Kurzkornreis, Brauneis usw., um verschiedenen Marktanforderungen gerecht zu werden.<\/p>    <figure class=\"wp-block-gallery has-nested-images columns-default is-cropped wp-block-gallery-4 is-layout-flex wp-block-gallery-is-layout-flex\"> <figure class=\"wp-block-image size-large\"><img loading=\"lazy\" decoding=\"async\" width=\"720\" height=\"540\" data-id=\"15118\" src=\"https:\/\/www.agriculture-machine.com\/wp-content\/uploads\/2023\/11\/polished-rice.webp\" alt=\"Polierter Reis\" class=\"wp-image-15118\" srcset=\"https:\/\/www.agriculture-machine.com\/wp-content\/uploads\/2023\/11\/polished-rice.webp 720w, https:\/\/www.agriculture-machine.com\/wp-content\/uploads\/2023\/11\/polished-rice-360x270.webp 360w, https:\/\/www.agriculture-machine.com\/wp-content\/uploads\/2023\/11\/polished-rice-240x180.webp 240w\" sizes=\"auto, (max-width: 720px) 100vw, 720px\" \/><figcaption class=\"wp-element-caption\">Polierter Reis<\/figcaption><\/figure>    <figure class=\"wp-block-image size-large\"><img loading=\"lazy\" decoding=\"async\" width=\"720\" height=\"540\" data-id=\"15119\" src=\"https:\/\/www.agriculture-machine.com\/wp-content\/uploads\/2023\/11\/white-rice-production.webp\" alt=\"Wei\u00dfreisherstellung\" class=\"wp-image-15119\" srcset=\"https:\/\/www.agriculture-machine.com\/wp-content\/uploads\/2023\/11\/white-rice-production.webp 720w, https:\/\/www.agriculture-machine.com\/wp-content\/uploads\/2023\/11\/white-rice-production-360x270.webp 360w, https:\/\/www.agriculture-machine.com\/wp-content\/uploads\/2023\/11\/white-rice-production-240x180.webp 240w\" sizes=\"auto, (max-width: 720px) 100vw, 720px\" \/><figcaption class=\"wp-element-caption\">Wei\u00dfreisherstellung<\/figcaption><\/figure> <\/figure>    <figure class=\"wp-block-gallery has-nested-images columns-default is-cropped wp-block-gallery-5 is-layout-flex wp-block-gallery-is-layout-flex\"> <figure class=\"wp-block-image size-large\"><img loading=\"lazy\" decoding=\"async\" width=\"405\" height=\"540\" data-id=\"15137\" src=\"https:\/\/www.agriculture-machine.com\/wp-content\/uploads\/2023\/11\/white-and-brown-rice-405x540.webp\" alt=\"Wei\u00df- und Brauchreis\" class=\"wp-image-15137\" srcset=\"https:\/\/www.agriculture-machine.com\/wp-content\/uploads\/2023\/11\/white-and-brown-rice-405x540.webp 405w, https:\/\/www.agriculture-machine.com\/wp-content\/uploads\/2023\/11\/white-and-brown-rice-203x270.webp 203w, https:\/\/www.agriculture-machine.com\/wp-content\/uploads\/2023\/11\/white-and-brown-rice.webp 540w\" sizes=\"auto, (max-width: 405px) 100vw, 405px\" \/><figcaption class=\"wp-element-caption\">Wei\u00df- und Brauchreis<\/figcaption><\/figure>    <figure class=\"wp-block-image size-large\"><img loading=\"lazy\" decoding=\"async\" width=\"405\" height=\"540\" data-id=\"15138\" src=\"https:\/\/www.agriculture-machine.com\/wp-content\/uploads\/2023\/11\/white-rice-production-1-405x540.webp\" alt=\"Wei\u00dfreisherstellung\" class=\"wp-image-15138\" srcset=\"https:\/\/www.agriculture-machine.com\/wp-content\/uploads\/2023\/11\/white-rice-production-1-405x540.webp 405w, https:\/\/www.agriculture-machine.com\/wp-content\/uploads\/2023\/11\/white-rice-production-1-203x270.webp 203w, https:\/\/www.agriculture-machine.com\/wp-content\/uploads\/2023\/11\/white-rice-production-1.webp 540w\" sizes=\"auto, (max-width: 405px) 100vw, 405px\" \/><figcaption class=\"wp-element-caption\">Wei\u00dfreisherstellung<\/figcaption><\/figure> <\/figure>    <p>Au\u00dferdem kann die aus dem Entschaler gewonnene Reisspelze zerkleinert und verarbeitet werden, um Rohstoffe f\u00fcr die Herstellung von Tierfutter zu erhalten. Die folgenden Bilder zeigen die Mischung der Spelze vor und nach dem Zerkleinern.<\/p>    <figure class=\"wp-block-gallery has-nested-images columns-default is-cropped wp-block-gallery-6 is-layout-flex wp-block-gallery-is-layout-flex\"> <figure class=\"wp-block-image size-large\"><img loading=\"lazy\" decoding=\"async\" width=\"405\" height=\"540\" data-id=\"15140\" src=\"https:\/\/www.agriculture-machine.com\/wp-content\/uploads\/2023\/11\/rice-husk-405x540.webp\" alt=\"Reisspelze\" class=\"wp-image-15140\" srcset=\"https:\/\/www.agriculture-machine.com\/wp-content\/uploads\/2023\/11\/rice-husk-405x540.webp 405w, https:\/\/www.agriculture-machine.com\/wp-content\/uploads\/2023\/11\/rice-husk-203x270.webp 203w, https:\/\/www.agriculture-machine.com\/wp-content\/uploads\/2023\/11\/rice-husk.webp 540w\" sizes=\"auto, (max-width: 405px) 100vw, 405px\" \/><figcaption class=\"wp-element-caption\">Reisspelze<\/figcaption><\/figure>    <figure class=\"wp-block-image size-large\"><img loading=\"lazy\" decoding=\"async\" width=\"405\" height=\"540\" data-id=\"15139\" src=\"https:\/\/www.agriculture-machine.com\/wp-content\/uploads\/2023\/11\/grain-chaff-mixture-405x540.webp\" alt=\"Korn-Spelze-Mischung\" class=\"wp-image-15139\" srcset=\"https:\/\/www.agriculture-machine.com\/wp-content\/uploads\/2023\/11\/grain-chaff-mixture-405x540.webp 405w, https:\/\/www.agriculture-machine.com\/wp-content\/uploads\/2023\/11\/grain-chaff-mixture-203x270.webp 203w, https:\/\/www.agriculture-machine.com\/wp-content\/uploads\/2023\/11\/grain-chaff-mixture.webp 540w\" sizes=\"auto, (max-width: 405px) 100vw, 405px\" \/><figcaption class=\"wp-element-caption\">Korn-Spelze-Mischung<\/figcaption><\/figure> <\/figure>    <h2 class=\"wp-block-heading\"><strong>20TPD Komplettanlage f\u00fcr Reiskonzentrat<\/strong><\/h2>    <p>Um von Reispflanze zu national standardisiertem Reis f\u00fcr den Verkauf zu verarbeiten, ist der folgende Standardprozess notwendig: Rohstoffzufuhr \u2192 Vibrationsreiniger und Entsteinungsmaschine \u2192 Entsteiner \u2192 Reissortierer \u2192 Reism\u00fchle \u2192 Wei\u00dfreisesieb.<\/p>    <figure class=\"wp-block-image size-full\"><img loading=\"lazy\" decoding=\"async\" width=\"720\" height=\"540\" src=\"https:\/\/www.agriculture-machine.com\/wp-content\/uploads\/2023\/11\/paddy-rice-mill-production-plant.webp\" alt=\"Reissch\u00e4lm\u00fchlenproduktionsanlage\" class=\"wp-image-15112\" srcset=\"https:\/\/www.agriculture-machine.com\/wp-content\/uploads\/2023\/11\/paddy-rice-mill-production-plant.webp 720w, https:\/\/www.agriculture-machine.com\/wp-content\/uploads\/2023\/11\/paddy-rice-mill-production-plant-360x270.webp 360w, https:\/\/www.agriculture-machine.com\/wp-content\/uploads\/2023\/11\/paddy-rice-mill-production-plant-240x180.webp 240w\" sizes=\"auto, (max-width: 720px) 100vw, 720px\" \/><figcaption class=\"wp-element-caption\">Reissch\u00e4lm\u00fchlenproduktionsanlage<\/figcaption><\/figure>    <p>Am Anfang der Reiskonzentratlinie wird der Reispflanze mit einem Einzelaufzug gereinigt und entstielt, um gro\u00dfe Verunreinigungen zu entfernen, dann wird sie mit einem Doppelaufzug zum Entsteiner transportiert, und das Spelz wird durch den Ventilator ausgeblasen oder in den Zerkleinerer gesaugt.<\/p>    <p>Der Spreu wird vom Ventilator aus der Maschine ausgeblasen oder in den Zerkleinerer gesaugt, und die Mischung aus Korn und Spelze wird mit dem Duplex-Aufzug zum Sieb transportiert, w\u00e4hrend der ungesch\u00e4lte Reis zur\u00fcck zum Entsteiner gelangt.<\/p>    <p>Der ungesch\u00e4lte Reis wird durch den R\u00fccklauf des Schaufelsiebs zur\u00fcck in dieses Rohr geleitet, und der braune Reis gelangt in die Reism\u00fchle. Das feine Spelz wird nach dem Polieren durch die Reism\u00fchle in das Bruchreis-Sieb gesaugt.<\/p>    <h2 class=\"wp-block-heading\">Was <strong>20TPD Reism\u00fchlenanlage Besteht aus<\/strong><\/h2>    <ul class=\"wp-block-list\"> <li><strong>Voranreiniger:<\/strong> Entfernen einiger Verunreinigungen und unbef\u00fcllter K\u00f6rner vom Reiskorn;<\/li>    <li><strong>Entsteinungsmaschine:<\/strong> Trennung kleiner Steine vom Reiskorn;<\/li>    <li><strong>Entsteiner:<\/strong> Entfernung der Spelze vom Reispflanze, um braunen Reis zu erhalten;<\/li>    <li><strong>Getrenntes Kornseparator:<\/strong> Trennung von ungesch\u00e4ltem Korn vom braunen Reis;<\/li>    <li><strong>Reism\u00fchle:<\/strong> Kernausr\u00fcstung der Reiskonzentratlinie, die alle oder Teile der Schalenschicht und des Keims vom braunen Reis entfernt;<\/li>    <li><strong>Siebvorrichtung:<\/strong> Die kleinen Fragmente vom gemahlenen Reis trennen.<\/li> <\/ul>    <figure class=\"wp-block-image size-full\"><img loading=\"lazy\" decoding=\"async\" width=\"720\" height=\"540\" src=\"https:\/\/www.agriculture-machine.com\/wp-content\/uploads\/2023\/11\/20TPD-paddy-rice-mill-production-plant.webp\" alt=\"20TPD Reissch\u00e4lm\u00fchlenproduktionsanlage\" class=\"wp-image-15149\" srcset=\"https:\/\/www.agriculture-machine.com\/wp-content\/uploads\/2023\/11\/20TPD-paddy-rice-mill-production-plant.webp 720w, https:\/\/www.agriculture-machine.com\/wp-content\/uploads\/2023\/11\/20TPD-paddy-rice-mill-production-plant-360x270.webp 360w, https:\/\/www.agriculture-machine.com\/wp-content\/uploads\/2023\/11\/20TPD-paddy-rice-mill-production-plant-240x180.webp 240w\" sizes=\"auto, (max-width: 720px) 100vw, 720px\" \/><figcaption class=\"wp-element-caption\">20TPD Reissch\u00e4lm\u00fchlenproduktionsanlage<\/figcaption><\/figure>    <h2 class=\"wp-block-heading\">Vorteile der Reissch\u00e4lm\u00fchle-Produktion<\/h2>    <p class=\"translation-block\">\u00c4hnlich wie die <strong><a href=\"https:\/\/www.agriculture-machine.com\/de\/rice-mill-plant\/\">15TPD Reiskonzentratanlage<\/a><\/strong>, au\u00dfer dass vor dem Entsteiner ein Reinigungsger\u00e4t hinzugef\u00fcgt wurde.<\/p>    <ol class=\"wp-block-list\"> <li>Stabile mechanische Leistung, bequeme Bedienung und Wartung.<\/li>    <li>Das komplette Reism\u00fchlen-Set ben\u00f6tigt wenig Platz und erfordert geringe Investitionen.<\/li>    <li>Steigerung des Reisertrags und Verringerung der Bruchreismenge.<\/li>    <li>Entsprechend den Bed\u00fcrfnissen verschiedener Kunden, speziell entwickelte Prozesse, flexible Kombinationen und Verarbeitung zu verschiedenen hochwertigen Reissorten.<\/li>    <li>Durch die Verwendung von Stahlkonstruktionen ist jede einzelne Einheit leicht zu demontieren und zu montieren, was den Kauf einzelner Maschinen und anderer Ger\u00e4te f\u00fcr die Nutzer erleichtert.<\/li> <\/ol>    <figure class=\"wp-block-gallery has-nested-images columns-default is-cropped wp-block-gallery-7 is-layout-flex wp-block-gallery-is-layout-flex\"> <figure class=\"wp-block-image size-large\"><img loading=\"lazy\" decoding=\"async\" width=\"720\" height=\"540\" data-id=\"15113\" src=\"https:\/\/www.agriculture-machine.com\/wp-content\/uploads\/2023\/11\/complete-rice-mill-plant-1.webp\" alt=\"Komplette Reism\u00fchlenanlage\" class=\"wp-image-15113\" srcset=\"https:\/\/www.agriculture-machine.com\/wp-content\/uploads\/2023\/11\/complete-rice-mill-plant-1.webp 720w, https:\/\/www.agriculture-machine.com\/wp-content\/uploads\/2023\/11\/complete-rice-mill-plant-1-360x270.webp 360w, https:\/\/www.agriculture-machine.com\/wp-content\/uploads\/2023\/11\/complete-rice-mill-plant-1-240x180.webp 240w\" sizes=\"auto, (max-width: 720px) 100vw, 720px\" \/><figcaption class=\"wp-element-caption\">Komplette Reism\u00fchlenanlage<\/figcaption><\/figure>    <figure class=\"wp-block-image size-full\"><img loading=\"lazy\" decoding=\"async\" width=\"720\" height=\"540\" data-id=\"15115\" src=\"https:\/\/www.agriculture-machine.com\/wp-content\/uploads\/2023\/11\/rice-milling-machine-production-line-1.webp\" alt=\"Reism\u00fchlen-Produktionslinie\" class=\"wp-image-15115\" srcset=\"https:\/\/www.agriculture-machine.com\/wp-content\/uploads\/2023\/11\/rice-milling-machine-production-line-1.webp 720w, https:\/\/www.agriculture-machine.com\/wp-content\/uploads\/2023\/11\/rice-milling-machine-production-line-1-360x270.webp 360w, https:\/\/www.agriculture-machine.com\/wp-content\/uploads\/2023\/11\/rice-milling-machine-production-line-1-240x180.webp 240w\" sizes=\"auto, (max-width: 720px) 100vw, 720px\" \/><figcaption class=\"wp-element-caption\">Reism\u00fchlen-Produktionslinie<\/figcaption><\/figure> <\/figure>    <h2 class=\"wp-block-heading\">Wartung der Hauptmaschinen<\/h2>    <ol class=\"wp-block-list\"> <li>Die Wartung der gesamten Reiskonzentratanlage sollte alle 3 Monate durchgef\u00fchrt werden, und eine \u00dcberholung sollte einmal im Jahr erfolgen.<\/li>    <li>Alle Transmissionsteile sollten regelm\u00e4\u00dfig geschmiert werden.<\/li>    <li>Das Lager wird in der Regel alle 6 Monate mit Fett gewechselt.<\/li>    <li>Der Bildschirm sollte bei jedem Schichtwechsel \u00fcberpr\u00fcft und gereinigt werden, um Verstopfungen der Bildschirml\u00f6cher zu verhindern, und nach Bruch rechtzeitig ausgetauscht werden, um Materialverluste zu vermeiden.<\/li>    <li>Wenn die Lager \u00fcberhitzen, das Fett verh\u00e4rtet, die Fettfarbe sich verdunkelt oder Wassertr\u00f6pfchen und Schmutz auf der Fettoberfl\u00e4che sichtbar sind, muss das Fett sofort ausgetauscht werden.<\/li> <\/ol>    <p>Wenn Sie feineren wei\u00dfen Reis erhalten m\u00f6chten, haben wir auch eine hochwertige Version der Reiskonzentratproduktionslinie verf\u00fcgbar. Kontaktieren Sie uns. Wir werden eine spezielle Reism\u00fchleanlage nach Ihren detaillierten Anforderungen anpassen.<\/p>","protected":false},"excerpt":{"rendered":"<p>The paddy processing unit is a system of equipment specifically designed to process rice by removing the paddy from the husk and producing high-quality rice. This line typically includes processing such as de-husking, de-hulling, de-chaffing, and sieving, with each of these steps being performed by a range of specific machines and equipment working in tandem. [&hellip;]<\/p>\n","protected":false},"author":1,"featured_media":15108,"parent":0,"comment_status":"closed","ping_status":"closed","template":"","tags":[796],"product-type":[875,906],"class_list":["post-15096","product","type-product","status-publish","has-post-thumbnail","hentry","tag-rice","product-type-rice-mill-category","product-type-rice-mill-production-line"],"_links":{"self":[{"href":"https:\/\/www.agriculture-machine.com\/de\/wp-json\/wp\/v2\/product\/15096","targetHints":{"allow":["GET"]}}],"collection":[{"href":"https:\/\/www.agriculture-machine.com\/de\/wp-json\/wp\/v2\/product"}],"about":[{"href":"https:\/\/www.agriculture-machine.com\/de\/wp-json\/wp\/v2\/types\/product"}],"author":[{"embeddable":true,"href":"https:\/\/www.agriculture-machine.com\/de\/wp-json\/wp\/v2\/users\/1"}],"replies":[{"embeddable":true,"href":"https:\/\/www.agriculture-machine.com\/de\/wp-json\/wp\/v2\/comments?post=15096"}],"wp:featuredmedia":[{"embeddable":true,"href":"https:\/\/www.agriculture-machine.com\/de\/wp-json\/wp\/v2\/media\/15108"}],"wp:attachment":[{"href":"https:\/\/www.agriculture-machine.com\/de\/wp-json\/wp\/v2\/media?parent=15096"}],"wp:term":[{"taxonomy":"post_tag","embeddable":true,"href":"https:\/\/www.agriculture-machine.com\/de\/wp-json\/wp\/v2\/tags?post=15096"},{"taxonomy":"product-type","embeddable":true,"href":"https:\/\/www.agriculture-machine.com\/de\/wp-json\/wp\/v2\/product-type?post=15096"}],"curies":[{"name":"wp","href":"https:\/\/api.w.org\/{rel}","templated":true}]}}