{"id":15160,"date":"2023-11-16T14:46:25","date_gmt":"2023-11-16T06:46:25","guid":{"rendered":"https:\/\/www.agriculture-machine.com\/?post_type=product&#038;p=15160"},"modified":"2024-08-20T17:43:57","modified_gmt":"2024-08-20T09:43:57","slug":"combined-wheat-rice-harvester","status":"publish","type":"product","link":"https:\/\/www.agriculture-machine.com\/de\/combined-wheat-rice-harvester\/","title":{"rendered":"Kombinierter Weizen-Reiserntemaschine mit Dreschfunktion"},"content":{"rendered":"<p class=\"translation-block\">Der <strong>Kombinierte Weizen-Reis-Ernter<\/strong> ist eine Art multifunktionale Erntemaschine. Er eignet sich haupts\u00e4chlich f\u00fcr die kleine Ernte von Reis und Weizen. Er kombiniert das Dreschen, Rechen, Striegeln, Sieben und Verpacken in einem einzigen Arbeitsgang. <\/p>    <p>This machine can control wheat losses to within 3.5% and rice&#8217;s to within only 2%. It is suitable for mountainous regions, hilly terrain, paddy fields, terraced fields, and muddy areas where conventional combine harvesters cannot operate.<\/p>    <figure class=\"wp-block-embed aligncenter is-type-video is-provider-youtube wp-block-embed-youtube wp-embed-aspect-16-9 wp-has-aspect-ratio\"><div class=\"wp-block-embed__wrapper\"> <iframe loading=\"lazy\" title=\"Kombinierte Reis-Weizen-Erntemaschine und Dreschmaschine!#Reis #Weizen\" width=\"500\" height=\"281\" src=\"https:\/\/www.youtube.com\/embed\/5PJ4BnZYd2M?feature=oembed\" frameborder=\"0\" allow=\"accelerometer; autoplay; clipboard-write; encrypted-media; gyroscope; picture-in-picture; web-share\" referrerpolicy=\"strict-origin-when-cross-origin\" allowfullscreen><\/iframe> <\/div><figcaption class=\"wp-element-caption\">Kombinierte Reis-Weizen-Erntemaschine und Dreschmaschine<\/figcaption><\/figure>    <p>Diese Maschine erleichtert die schwere Arbeit bei der Getreideernte f\u00fcr Landwirte. Ihre starke Anpassungsf\u00e4higkeit, kompakte Bauweise, zuverl\u00e4ssige Leistung, benutzerfreundliche Bedienung und einfache Wartung haben sie sowohl im Inland als auch international bei Nutzern und H\u00e4ndlern beliebt gemacht.<\/p>    <figure class=\"wp-block-image aligncenter size-full\"><img loading=\"lazy\" decoding=\"async\" width=\"720\" height=\"540\" src=\"https:\/\/www.agriculture-machine.com\/wp-content\/uploads\/2023\/11\/combined-wheat-rice-harvester.webp\" alt=\"Kombinierte Weizen-Reis-Erntemaschine\" class=\"wp-image-15163\" srcset=\"https:\/\/www.agriculture-machine.com\/wp-content\/uploads\/2023\/11\/combined-wheat-rice-harvester.webp 720w, https:\/\/www.agriculture-machine.com\/wp-content\/uploads\/2023\/11\/combined-wheat-rice-harvester-360x270.webp 360w, https:\/\/www.agriculture-machine.com\/wp-content\/uploads\/2023\/11\/combined-wheat-rice-harvester-240x180.webp 240w\" sizes=\"auto, (max-width: 720px) 100vw, 720px\" \/><figcaption class=\"wp-element-caption\">Kombinierte Weizen-Reis-Erntemaschine<\/figcaption><\/figure>    <h2 class=\"wp-block-heading\">Zwei Arten von kombinierten Weizen-Reis-Erntemaschinen<\/h2>    <p>Die Taizy-Firma produziert zwei Haupttypen von Erntemaschinen: Dreiecks- und Flachl\u00e4ufer. Kunden k\u00f6nnen je nach Bodenbeschaffenheit und anderen Bedingungen w\u00e4hlen. <\/p>    <p>Der Dreiecksreifen eignet sich f\u00fcr trockene Fl\u00e4chen und Reispflanzenfelder ohne tiefen Schlammfu\u00df, w\u00e4hrend der Flachreifen eine gr\u00f6\u00dfere Erdungsfl\u00e4che hat und besser f\u00fcr Reispflanzenfelder mit tieferem Schlammfu\u00df geeignet ist. F\u00fcr den Export nach Afrika kann der Dreiecksreifen die Arbeit erledigen, w\u00e4hrend der Flachreifen f\u00fcr S\u00fcdostasien empfohlen wird.<\/p>    <figure class=\"wp-block-gallery has-nested-images columns-default is-cropped wp-block-gallery-2 is-layout-flex wp-block-gallery-is-layout-flex\"> <figure class=\"wp-block-image size-large\"><img loading=\"lazy\" decoding=\"async\" width=\"720\" height=\"540\" data-id=\"15164\" src=\"https:\/\/www.agriculture-machine.com\/wp-content\/uploads\/2023\/11\/combine-harvester-for-sale.webp\" alt=\"Erntemaschine zum Verkauf\" class=\"wp-image-15164\" srcset=\"https:\/\/www.agriculture-machine.com\/wp-content\/uploads\/2023\/11\/combine-harvester-for-sale.webp 720w, https:\/\/www.agriculture-machine.com\/wp-content\/uploads\/2023\/11\/combine-harvester-for-sale-360x270.webp 360w, https:\/\/www.agriculture-machine.com\/wp-content\/uploads\/2023\/11\/combine-harvester-for-sale-240x180.webp 240w\" sizes=\"auto, (max-width: 720px) 100vw, 720px\" \/><figcaption class=\"wp-element-caption\">Erntemaschine zum Verkauf<\/figcaption><\/figure>    <figure class=\"wp-block-image size-large\"><img loading=\"lazy\" decoding=\"async\" width=\"720\" height=\"540\" data-id=\"15166\" src=\"https:\/\/www.agriculture-machine.com\/wp-content\/uploads\/2023\/11\/crop-harvesting-equipment.webp\" alt=\"Erntetechnik f\u00fcr Feldfr\u00fcchte\" class=\"wp-image-15166\" srcset=\"https:\/\/www.agriculture-machine.com\/wp-content\/uploads\/2023\/11\/crop-harvesting-equipment.webp 720w, https:\/\/www.agriculture-machine.com\/wp-content\/uploads\/2023\/11\/crop-harvesting-equipment-360x270.webp 360w, https:\/\/www.agriculture-machine.com\/wp-content\/uploads\/2023\/11\/crop-harvesting-equipment-240x180.webp 240w\" sizes=\"auto, (max-width: 720px) 100vw, 720px\" \/><figcaption class=\"wp-element-caption\">Erntetechnik f\u00fcr Feldfr\u00fcchte<\/figcaption><\/figure> <\/figure>    <h2 class=\"wp-block-heading\">Parameter der Weizen-Erntemaschinen<\/h2>    <p>Ob es sich um einen Flachl\u00e4ufer oder Dreiecksl\u00e4ufer handelt, beide sind nur f\u00fcr unterschiedliche Bodenbedingungen geeignet. Nachfolgend sind einige wichtige technische Daten der Reis-Weizen-Kombinations-Erntemaschine aufgelistet.<\/p>    <figure class=\"wp-block-table is-style-stripes\"><table><tbody><tr><td class=\"has-text-align-center\" data-align=\"center\">Gr\u00f6\u00dfe (MM)<\/td><td class=\"has-text-align-center\" data-align=\"center\">3100*1440*1630<\/td><\/tr><tr><td class=\"has-text-align-center\" data-align=\"center\">Gewicht (KG)<\/td><td class=\"has-text-align-center\" data-align=\"center\">570<\/td><\/tr><tr><td class=\"has-text-align-center\" data-align=\"center\">Schneidbreite (MM)<\/td><td class=\"has-text-align-center\" data-align=\"center\">1100<\/td><\/tr><tr><td class=\"has-text-align-center\" data-align=\"center\">Min. Bodenfreiheit (MM)<\/td><td class=\"has-text-align-center\" data-align=\"center\">190<\/td><\/tr><tr><td class=\"has-text-align-center\" data-align=\"center\">Durchschnittlicher Bodendruck (KPA)<\/td><td class=\"has-text-align-center\" data-align=\"center\">10.9<\/td><\/tr><tr><td class=\"has-text-align-center\" data-align=\"center\">Futtervolumen (KG\/S)<\/td><td class=\"has-text-align-center\" data-align=\"center\">1.05<\/td><\/tr><tr><td class=\"has-text-align-center\" data-align=\"center\">Gangschaltung<\/td><td class=\"has-text-align-center\" data-align=\"center\">1, 2, 3, 0, -1, -2, -3<\/td><\/tr><tr><td class=\"has-text-align-center\" data-align=\"center\">Motormodell<\/td><td class=\"has-text-align-center\" data-align=\"center\">KD1100FB DIESEL<\/td><\/tr><tr><td class=\"has-text-align-center\" data-align=\"center\">Nennleistung (KW)<\/td><td class=\"has-text-align-center\" data-align=\"center\">11<\/td><\/tr><tr><td class=\"has-text-align-center\" data-align=\"center\">Leistung \/ U\/min<\/td><td class=\"has-text-align-center\" data-align=\"center\">3600<\/td><\/tr><tr><td class=\"has-text-align-center\" data-align=\"center\">Startmethode<\/td><td class=\"has-text-align-center\" data-align=\"center\">Elektrischer Start<\/td><\/tr><tr><td class=\"has-text-align-center\" data-align=\"center\">Kraftstoff<\/td><td class=\"has-text-align-center\" data-align=\"center\">Diesel<\/td><\/tr><\/tbody><\/table><figcaption class=\"wp-element-caption\">Technische Daten der Reis-Erntemaschine und Dreschmaschine<\/figcaption><\/figure>    <h2 class=\"wp-block-heading\">Wie funktioniert die Reis-Weizen-Kombinations-Erntemaschine?<\/h2>   <div id=\"rank-math-howto\" class=\"rank-math-block\" > <div class=\"rank-math-howto-description\"> <img loading=\"lazy\" decoding=\"async\" width=\"720\" height=\"540\" src=\"https:\/\/www.agriculture-machine.com\/wp-content\/uploads\/2023\/11\/versatile-harvesting-machine.webp\" class=\"attachment-full size-full\" alt=\"Vielseitige Erntemaschine\" srcset=\"https:\/\/www.agriculture-machine.com\/wp-content\/uploads\/2023\/11\/versatile-harvesting-machine.webp 720w, https:\/\/www.agriculture-machine.com\/wp-content\/uploads\/2023\/11\/versatile-harvesting-machine-360x270.webp 360w, https:\/\/www.agriculture-machine.com\/wp-content\/uploads\/2023\/11\/versatile-harvesting-machine-240x180.webp 240w\" sizes=\"auto, (max-width: 720px) 100vw, 720px\" \/> <\/div>  <div class=\"rank-math-steps\"> <div id=\"howto-step-1700031329594\" class=\"rank-math-step\"> <h3 class=\"rank-math-step-title\">Ernte<\/h3> <div class=\"rank-math-step-content\"><p>Die kombinierte Weizen-Reis-Erntemaschine schneidet und erntet Pflanzen wie Reis oder Weizen mit Messern oder Schneidetischen.<\/p> <\/div> <\/div> <div id=\"howto-step-1700031368960\" class=\"rank-math-step\"> <h3 class=\"rank-math-step-title\">F\u00f6rderung<\/h3> <div class=\"rank-math-step-content\"><p>Beim Einsatz eines F\u00f6rderbands oder eines anderen F\u00f6rdersystems wird die geschnittene Ernte zum n\u00e4chsten Arbeitseinheit transportiert.<\/p> <\/div> <\/div> <div id=\"howto-step-1700031383697\" class=\"rank-math-step\"> <h3 class=\"rank-math-step-title\">Dreschen<\/h3> <div class=\"rank-math-step-content\"><p>Das Getreide wird durch einen Dreschmechanismus gef\u00fchrt, meist eine Pelletm\u00fchle oder ein \u00e4hnliches Ger\u00e4t, das die Samen (Reis, Weizen usw.) vom Stroh trennt.<\/p> <\/div> <\/div> <div id=\"howto-step-1700031397727\" class=\"rank-math-step\"> <h3 class=\"rank-math-step-title\">Reinigung<\/h3> <div class=\"rank-math-step-content\"><p>Die getrennten Samen werden an ein Reinigungssystem weitergeleitet, das R\u00fcckst\u00e4nde, Stroh und andere unerw\u00fcnschte Materialien entfernt.<\/p> <\/div> <\/div> <div id=\"howto-step-1700031413232\" class=\"rank-math-step\"> <h3 class=\"rank-math-step-title\">Lagerung\/Entladung<\/h3> <div class=\"rank-math-step-content\"><p>The cleaned seeds can be stored in the machine&#8217;s grain storage tank or unloaded into the collector using a conveyor belt, etc. The cleaning system is highly automated.<\/p> <\/div> <\/div> <\/div> <\/div>       <figure class=\"wp-block-embed aligncenter is-type-video is-provider-youtube wp-block-embed-youtube wp-embed-aspect-16-9 wp-has-aspect-ratio\"><div class=\"wp-block-embed__wrapper\"> <iframe loading=\"lazy\" title=\"Fortschrittliche Technologie, eine Maschine! Die Reisschweine- und Drescher-Maschine macht einen beeindruckenden Auftritt!\" width=\"500\" height=\"281\" src=\"https:\/\/www.youtube.com\/embed\/-JwfU0i0ZWo?start=1&#038;feature=oembed\" frameborder=\"0\" allow=\"accelerometer; autoplay; clipboard-write; encrypted-media; gyroscope; picture-in-picture; web-share\" referrerpolicy=\"strict-origin-when-cross-origin\" allowfullscreen><\/iframe> <\/div><figcaption class=\"wp-element-caption\">Arbeitsbild der Paddy-Reis-Erntemaschine und Erntemaschine<\/figcaption><\/figure>    <h2 class=\"wp-block-heading\">Vorteile der Weizen-Reis-Paddy-Kombinations-Erntemaschine<\/h2>    <ul class=\"wp-block-list\"> <li>Leichtes Design f\u00fcr einfache und wendige Steuerung.<\/li>    <li>Hochwertige Dreschtechnologie sorgt f\u00fcr eine saubere und gr\u00fcndliche Trennung von Samen und K\u00f6rnern.<\/li>    <li>Mit einem Drei-in-Eins-Trommel, geringem Ladegewicht, niedriger Bruchrate, nur 5 %.<\/li>    <li>Verstellbare Schnitth\u00f6he, in der Regel 12-75cm.<\/li>    <li>Breiterer Zuf\u00fchrungs\u00f6ffnung, das Rohmaterial kann reibungslos in die kombinierte Weizen-Reis-Erntemaschine eingebracht werden, ohne Blockaden.<\/li>    <li>Breiteres Hebe-F\u00f6rderband, erleichtert den Transport der Pflanzen.<\/li>    <li>Ausgestattet mit speziellen R\u00e4dern f\u00fcr Reispflanzenfelder, kann es Schlammh\u00f6hen von bis zu 30 cm bew\u00e4ltigen.<\/li> <\/ul>    <figure class=\"wp-block-gallery has-nested-images columns-default is-cropped wp-block-gallery-3 is-layout-flex wp-block-gallery-is-layout-flex\"> <figure class=\"wp-block-image size-large\"><img loading=\"lazy\" decoding=\"async\" width=\"720\" height=\"540\" data-id=\"15168\" src=\"https:\/\/www.agriculture-machine.com\/wp-content\/uploads\/2023\/11\/efficient-harvesting-technology.webp\" alt=\"Effiziente Erntetechnologie\" class=\"wp-image-15168\" srcset=\"https:\/\/www.agriculture-machine.com\/wp-content\/uploads\/2023\/11\/efficient-harvesting-technology.webp 720w, https:\/\/www.agriculture-machine.com\/wp-content\/uploads\/2023\/11\/efficient-harvesting-technology-360x270.webp 360w, https:\/\/www.agriculture-machine.com\/wp-content\/uploads\/2023\/11\/efficient-harvesting-technology-240x180.webp 240w\" sizes=\"auto, (max-width: 720px) 100vw, 720px\" \/><figcaption class=\"wp-element-caption\">Effiziente Erntetechnologie<\/figcaption><\/figure>    <figure class=\"wp-block-image size-large\"><img loading=\"lazy\" decoding=\"async\" width=\"720\" height=\"540\" data-id=\"15169\" src=\"https:\/\/www.agriculture-machine.com\/wp-content\/uploads\/2023\/11\/rice-wheat-harvester-factory.webp\" alt=\"Reis-Weizen-Erntemaschinenfabrik\" class=\"wp-image-15169\" srcset=\"https:\/\/www.agriculture-machine.com\/wp-content\/uploads\/2023\/11\/rice-wheat-harvester-factory.webp 720w, https:\/\/www.agriculture-machine.com\/wp-content\/uploads\/2023\/11\/rice-wheat-harvester-factory-360x270.webp 360w, https:\/\/www.agriculture-machine.com\/wp-content\/uploads\/2023\/11\/rice-wheat-harvester-factory-240x180.webp 240w\" sizes=\"auto, (max-width: 720px) 100vw, 720px\" \/><figcaption class=\"wp-element-caption\">Reis-Weizen-Erntemaschinenfabrik<\/figcaption><\/figure> <\/figure>    <h2 class=\"wp-block-heading\">Erfolgsgeschichten der Weizen-Reis-Erntemaschine<\/h2>    <p>Kombinierte Weizen-Reis-Erntemaschinen sind in vielen landwirtschaftlich entwickelten und getreideproduzierenden L\u00e4ndern weltweit sehr beliebt. <\/p>    <p>Da viele L\u00e4nder gro\u00dfe Fl\u00e4chen an Reis, Weizen usw. anbauen, ist dieses Ger\u00e4t ein Verkaufsschlager und wurde nach Indien, Vietnam, Thailand, Frankreich, Deutschland, Russland, die USA, Kanada, Australien, Kenia, Nigeria, Brasilien, Argentinien und andere L\u00e4nder verschickt.<\/p>    <p class=\"translation-block\">Die folgende Live-Demonstration zeigt ein Reispflanzenfeld eines bangladeschischen Kunden(<em>Verwandter Artikel: <a href=\"https:\/\/www.agriculture-machine.com\/de\/wheat-and-rice-harvester-thresher-machine-in-bangladesh\/\"><strong>Bangladesch-Kunde hat erfolgreich Taizy-Weizen- und Reiserntemaschine gekauft<\/strong><\/a><\/em>).<\/p>    <figure class=\"wp-block-gallery has-nested-images columns-2 is-cropped wp-block-gallery-4 is-layout-flex wp-block-gallery-is-layout-flex\"> <figure class=\"wp-block-image size-large\"><img loading=\"lazy\" decoding=\"async\" width=\"720\" height=\"540\" data-id=\"15171\" src=\"https:\/\/www.agriculture-machine.com\/wp-content\/uploads\/2023\/11\/wheat-rice-combine-paddy-harvester.webp\" alt=\"Weizen-Reis-Kombinations-Erntemaschine\" class=\"wp-image-15171\" srcset=\"https:\/\/www.agriculture-machine.com\/wp-content\/uploads\/2023\/11\/wheat-rice-combine-paddy-harvester.webp 720w, https:\/\/www.agriculture-machine.com\/wp-content\/uploads\/2023\/11\/wheat-rice-combine-paddy-harvester-360x270.webp 360w, https:\/\/www.agriculture-machine.com\/wp-content\/uploads\/2023\/11\/wheat-rice-combine-paddy-harvester-240x180.webp 240w\" sizes=\"auto, (max-width: 720px) 100vw, 720px\" \/><figcaption class=\"wp-element-caption\">Weizen-Reis-Kombinations-Erntemaschine<\/figcaption><\/figure>    <figure class=\"wp-block-image size-large\"><img loading=\"lazy\" decoding=\"async\" width=\"720\" height=\"540\" data-id=\"15170\" src=\"https:\/\/www.agriculture-machine.com\/wp-content\/uploads\/2023\/11\/crop-yield-optimization.webp\" alt=\"Ertragsoptimierung\" class=\"wp-image-15170\" srcset=\"https:\/\/www.agriculture-machine.com\/wp-content\/uploads\/2023\/11\/crop-yield-optimization.webp 720w, https:\/\/www.agriculture-machine.com\/wp-content\/uploads\/2023\/11\/crop-yield-optimization-360x270.webp 360w, https:\/\/www.agriculture-machine.com\/wp-content\/uploads\/2023\/11\/crop-yield-optimization-240x180.webp 240w\" sizes=\"auto, (max-width: 720px) 100vw, 720px\" \/><figcaption class=\"wp-element-caption\">Ertragsoptimierung<\/figcaption><\/figure>    <figure class=\"wp-block-image size-large\"><img loading=\"lazy\" decoding=\"async\" width=\"720\" height=\"540\" data-id=\"15173\" src=\"https:\/\/www.agriculture-machine.com\/wp-content\/uploads\/2023\/11\/wheat-harvesting-and-threshing-machine.webp\" alt=\"Arbeitsstelle der Weizen-Erntemaschine und Dreschmaschine\" class=\"wp-image-15173\" srcset=\"https:\/\/www.agriculture-machine.com\/wp-content\/uploads\/2023\/11\/wheat-harvesting-and-threshing-machine.webp 720w, https:\/\/www.agriculture-machine.com\/wp-content\/uploads\/2023\/11\/wheat-harvesting-and-threshing-machine-360x270.webp 360w, https:\/\/www.agriculture-machine.com\/wp-content\/uploads\/2023\/11\/wheat-harvesting-and-threshing-machine-240x180.webp 240w\" sizes=\"auto, (max-width: 720px) 100vw, 720px\" \/><figcaption class=\"wp-element-caption\">Arbeitsstelle der Weizen-Erntemaschine und Dreschmaschine<\/figcaption><\/figure>    <figure class=\"wp-block-image size-large\"><img loading=\"lazy\" decoding=\"async\" width=\"720\" height=\"540\" data-id=\"15172\" src=\"https:\/\/www.agriculture-machine.com\/wp-content\/uploads\/2023\/11\/customer-rice-field.webp\" alt=\"Kunden-Reisfeld\" class=\"wp-image-15172\" srcset=\"https:\/\/www.agriculture-machine.com\/wp-content\/uploads\/2023\/11\/customer-rice-field.webp 720w, https:\/\/www.agriculture-machine.com\/wp-content\/uploads\/2023\/11\/customer-rice-field-360x270.webp 360w, https:\/\/www.agriculture-machine.com\/wp-content\/uploads\/2023\/11\/customer-rice-field-240x180.webp 240w\" sizes=\"auto, (max-width: 720px) 100vw, 720px\" \/><figcaption class=\"wp-element-caption\">Kunden-Reisfeld<\/figcaption><\/figure> <\/figure>    <h2 class=\"wp-block-heading\">Vorsichtsma\u00dfnahmen bei der Verwendung der Erntemaschine<\/h2>    <p>Es gibt einige wichtige Dinge, die beim Einsatz einer kombinierten Weizen-Reis-Erntemaschine zu beachten sind, um eine sichere und effiziente landwirtschaftliche Ernte zu gew\u00e4hrleisten:<\/p>    <ul class=\"wp-block-list\"> <li><strong>Inspektion und Wartung:<\/strong> Vor der Verwendung alle Teile der Maschine sorgf\u00e4ltig inspizieren, um sicherzustellen, dass alle Antriebssysteme, Messer und Sicherheitsvorrichtungen in gutem Zustand sind. Regelm\u00e4\u00dfige Wartung durchf\u00fchren, um die Maschine in gutem Betriebszustand zu halten.<\/li>    <li><strong>Inspektion der Arbeitsumgebung:<\/strong> Vor Arbeitsbeginn den Arbeitsbereich inspizieren, m\u00f6gliche Hindernisse entfernen und eine ebene, stabile Oberfl\u00e4che sicherstellen, um St\u00f6\u00dfe und Kippgefahr der Maschine zu minimieren.<\/li>    <li><strong>Anpassung und Einstellung:<\/strong> adjust the machine&#8217;s tool height, operating speed, and other parameters according to different crop types and growth stages to ensure optimal harvesting results.<\/li>    <li><strong>Reinigung am Ende:<\/strong> Am Ende der Arbeit die Maschine gr\u00fcndlich reinigen, um R\u00fcckst\u00e4nde von Pflanzenst\u00e4ngeln und Schmutz zu vermeiden, die die n\u00e4chste Operation beeintr\u00e4chtigen k\u00f6nnten.<\/li> <\/ul>    <p>Wenn Sie Fragen zur Ernteleistung dieser kombinierten Weizen-Reis-Erntemaschine haben, k\u00f6nnen Sie uns direkt \u00fcber das Formular rechts kontaktieren, um weitere Videos oder detaillierte Maschinpreise und technische Parameter zu erhalten!<\/p>","protected":false},"excerpt":{"rendered":"<p>Die kombinierte Weizen-Reis-Erntemaschine vereint Ernte, Dreschen und Reinigung in einem Ger\u00e4t. Dieser Artikel zeigt im Detail, wie sie funktioniert und welche Vorsichtsma\u00dfnahmen bei der Verwendung zu beachten sind, was die Auswahl erleichtert.<\/p>","protected":false},"author":1,"featured_media":15162,"parent":0,"comment_status":"closed","ping_status":"closed","template":"","tags":[796,158],"product-type":[871],"class_list":["post-15160","product","type-product","status-publish","has-post-thumbnail","hentry","tag-rice","tag-wheat","product-type-harvester"],"_links":{"self":[{"href":"https:\/\/www.agriculture-machine.com\/de\/wp-json\/wp\/v2\/product\/15160","targetHints":{"allow":["GET"]}}],"collection":[{"href":"https:\/\/www.agriculture-machine.com\/de\/wp-json\/wp\/v2\/product"}],"about":[{"href":"https:\/\/www.agriculture-machine.com\/de\/wp-json\/wp\/v2\/types\/product"}],"author":[{"embeddable":true,"href":"https:\/\/www.agriculture-machine.com\/de\/wp-json\/wp\/v2\/users\/1"}],"replies":[{"embeddable":true,"href":"https:\/\/www.agriculture-machine.com\/de\/wp-json\/wp\/v2\/comments?post=15160"}],"wp:featuredmedia":[{"embeddable":true,"href":"https:\/\/www.agriculture-machine.com\/de\/wp-json\/wp\/v2\/media\/15162"}],"wp:attachment":[{"href":"https:\/\/www.agriculture-machine.com\/de\/wp-json\/wp\/v2\/media?parent=15160"}],"wp:term":[{"taxonomy":"post_tag","embeddable":true,"href":"https:\/\/www.agriculture-machine.com\/de\/wp-json\/wp\/v2\/tags?post=15160"},{"taxonomy":"product-type","embeddable":true,"href":"https:\/\/www.agriculture-machine.com\/de\/wp-json\/wp\/v2\/product-type?post=15160"}],"curies":[{"name":"wp","href":"https:\/\/api.w.org\/{rel}","templated":true}]}}