{"id":15161,"date":"2023-11-16T15:43:31","date_gmt":"2023-11-16T07:43:31","guid":{"rendered":"https:\/\/www.agriculture-machine.com\/?post_type=product&#038;p=15161"},"modified":"2024-09-18T16:09:44","modified_gmt":"2024-09-18T08:09:44","slug":"grain-threshing-machine","status":"publish","type":"product","link":"https:\/\/www.agriculture-machine.com\/de\/grain-threshing-machine\/","title":{"rendered":"Reis- und Weizenkorn-Reismaschine Mehrkorn-Reiser zum Verkauf"},"content":{"rendered":"<p class=\"translation-block\">Reis- und Weizenkorn-Rechenmaschine   ist eine spezialisierte landwirtschaftliche Maschine, die h\u00e4ufig im Rechenprozess von K\u00f6rnern wie Reis und Weizen verwendet wird. Die Maschine trennt effizient die geernteten K\u00f6rner vom Spelzen durch den integrierten Schneid- und Rechenmechanismus, um saubere K\u00f6rner zu erhalten. <\/p>    <figure class=\"wp-block-image size-full\"><img loading=\"lazy\" decoding=\"async\" width=\"720\" height=\"540\" src=\"https:\/\/www.agriculture-machine.com\/wp-content\/uploads\/2023\/11\/multifunctional-thresher-for-sale.webp\" alt=\"Multifunktionaler Rechen f\u00fcr den Verkauf\" class=\"wp-image-15183\" srcset=\"https:\/\/www.agriculture-machine.com\/wp-content\/uploads\/2023\/11\/multifunctional-thresher-for-sale.webp 720w, https:\/\/www.agriculture-machine.com\/wp-content\/uploads\/2023\/11\/multifunctional-thresher-for-sale-360x270.webp 360w, https:\/\/www.agriculture-machine.com\/wp-content\/uploads\/2023\/11\/multifunctional-thresher-for-sale-240x180.webp 240w\" sizes=\"auto, (max-width: 720px) 100vw, 720px\" \/><figcaption class=\"wp-element-caption\">Multifunktionaler Rechen f\u00fcr den Verkauf<\/figcaption><\/figure>    <p>Diese Maschine hat eine hohe Produktionseffizienz, sauberes Rechen, keine Br\u00fcche und niedrigen Fremdk\u00f6rperanteil. Sie kann mit drei Arten von Antrieb betrieben werden: Dieselmotor, Benzinmotor und Elektromotor, je nach Bedarf.<\/p>    <h2 class=\"wp-block-heading\">Breite Anwendungen der Getreiderechenmaschine<\/h2>    <p class=\"translation-block\">Die Reis- und Weizerechenmaschine wird verwendet, um verschiedene Feldfr\u00fcchte zu rechen \u2014<strong>Weizen, Reis, Sojabohnen, Raps, Hirse, Sorghum, Quinoa usw.<\/strong>. Die Einstellbarkeit und Anpassungsf\u00e4higkeit der Getreiderechenmaschine machen sie f\u00fcr verschiedene Arten und Gr\u00f6\u00dfen von Farmen geeignet.<\/p>    <figure class=\"wp-block-gallery has-nested-images columns-default is-cropped wp-block-gallery-2 is-layout-flex wp-block-gallery-is-layout-flex\"> <figure class=\"wp-block-image size-large\"><img loading=\"lazy\" decoding=\"async\" width=\"405\" height=\"540\" data-id=\"15178\" src=\"https:\/\/www.agriculture-machine.com\/wp-content\/uploads\/2023\/11\/wheat-thresher-applications-405x540.webp\" alt=\"Anwendungen des Weizerechers\" class=\"wp-image-15178\" srcset=\"https:\/\/www.agriculture-machine.com\/wp-content\/uploads\/2023\/11\/wheat-thresher-applications-405x540.webp 405w, https:\/\/www.agriculture-machine.com\/wp-content\/uploads\/2023\/11\/wheat-thresher-applications-203x270.webp 203w, https:\/\/www.agriculture-machine.com\/wp-content\/uploads\/2023\/11\/wheat-thresher-applications.webp 540w\" sizes=\"auto, (max-width: 405px) 100vw, 405px\" \/><figcaption class=\"wp-element-caption\">Anwendungen des Weizerechers<\/figcaption><\/figure>    <figure class=\"wp-block-image size-large\"><img loading=\"lazy\" decoding=\"async\" width=\"405\" height=\"540\" data-id=\"15177\" src=\"https:\/\/www.agriculture-machine.com\/wp-content\/uploads\/2023\/11\/rice-thresher-applications-405x540.webp\" alt=\"Reis-Rechenanwendungen\" class=\"wp-image-15177\" srcset=\"https:\/\/www.agriculture-machine.com\/wp-content\/uploads\/2023\/11\/rice-thresher-applications-405x540.webp 405w, https:\/\/www.agriculture-machine.com\/wp-content\/uploads\/2023\/11\/rice-thresher-applications-203x270.webp 203w, https:\/\/www.agriculture-machine.com\/wp-content\/uploads\/2023\/11\/rice-thresher-applications.webp 540w\" sizes=\"auto, (max-width: 405px) 100vw, 405px\" \/><figcaption class=\"wp-element-caption\">Reis-Rechenanwendungen<\/figcaption><\/figure> <\/figure>    <h2 class=\"wp-block-heading\">Anzeige des Endprodukts der Rechenmaschine<\/h2>    <p>Das Endprodukt, das aus dieser Getreiderechenmaschine gewonnen wird, ist sehr sauber und erh\u00e4lt die Integrit\u00e4t des Korns mit einheitlichen K\u00f6rnern, was die Qualit\u00e4t des Endprodukts sicherstellt und die Erntequote verbessert.<\/p>    <figure class=\"wp-block-gallery has-nested-images columns-default is-cropped wp-block-gallery-3 is-layout-flex wp-block-gallery-is-layout-flex\"> <figure class=\"wp-block-image size-large\"><img loading=\"lazy\" decoding=\"async\" width=\"405\" height=\"540\" data-id=\"15179\" src=\"https:\/\/www.agriculture-machine.com\/wp-content\/uploads\/2023\/11\/beans-and-wheat-405x540.webp\" alt=\"Bohnen und Weizen\" class=\"wp-image-15179\" srcset=\"https:\/\/www.agriculture-machine.com\/wp-content\/uploads\/2023\/11\/beans-and-wheat-405x540.webp 405w, https:\/\/www.agriculture-machine.com\/wp-content\/uploads\/2023\/11\/beans-and-wheat-203x270.webp 203w, https:\/\/www.agriculture-machine.com\/wp-content\/uploads\/2023\/11\/beans-and-wheat.webp 540w\" sizes=\"auto, (max-width: 405px) 100vw, 405px\" \/><figcaption class=\"wp-element-caption\">Bohnen und Weizen<\/figcaption><\/figure>    <figure class=\"wp-block-image size-large\"><img loading=\"lazy\" decoding=\"async\" width=\"405\" height=\"540\" data-id=\"15180\" src=\"https:\/\/www.agriculture-machine.com\/wp-content\/uploads\/2023\/11\/paddy-rice-and-millet-405x540.webp\" alt=\"Reis und Hirse\" class=\"wp-image-15180\" srcset=\"https:\/\/www.agriculture-machine.com\/wp-content\/uploads\/2023\/11\/paddy-rice-and-millet-405x540.webp 405w, https:\/\/www.agriculture-machine.com\/wp-content\/uploads\/2023\/11\/paddy-rice-and-millet-203x270.webp 203w, https:\/\/www.agriculture-machine.com\/wp-content\/uploads\/2023\/11\/paddy-rice-and-millet.webp 540w\" sizes=\"auto, (max-width: 405px) 100vw, 405px\" \/><figcaption class=\"wp-element-caption\">Reis und Hirse<\/figcaption><\/figure>    <figure class=\"wp-block-image size-large\"><img loading=\"lazy\" decoding=\"async\" width=\"405\" height=\"540\" data-id=\"15181\" src=\"https:\/\/www.agriculture-machine.com\/wp-content\/uploads\/2023\/11\/sorghum-and-rapeseed-405x540.webp\" alt=\"Sorghum und Raps\" class=\"wp-image-15181\" srcset=\"https:\/\/www.agriculture-machine.com\/wp-content\/uploads\/2023\/11\/sorghum-and-rapeseed-405x540.webp 405w, https:\/\/www.agriculture-machine.com\/wp-content\/uploads\/2023\/11\/sorghum-and-rapeseed-203x270.webp 203w, https:\/\/www.agriculture-machine.com\/wp-content\/uploads\/2023\/11\/sorghum-and-rapeseed.webp 540w\" sizes=\"auto, (max-width: 405px) 100vw, 405px\" \/><figcaption class=\"wp-element-caption\">Sorghum und Raps<\/figcaption><\/figure> <\/figure>    <h2 class=\"wp-block-heading\">Hauptstruktur der Weizen- und Reiserechenmaschine<\/h2>    <p>Der Aufbau dieser Getreiderechenmaschine ist sehr einfach und besteht haupts\u00e4chlich aus einem Zuf\u00fchrtrichter, Auslass, Rechen, Sieb, Gebl\u00e4se, Motor usw. Die Lager sind gut gestaltet und leicht mit R\u00e4dern beweglich. Au\u00dferdem sind verschiedene Siebgr\u00f6\u00dfen f\u00fcr unterschiedliche K\u00f6rner erh\u00e4ltlich.<\/p>    <figure class=\"wp-block-image size-full\"><img loading=\"lazy\" decoding=\"async\" width=\"720\" height=\"540\" src=\"https:\/\/www.agriculture-machine.com\/wp-content\/uploads\/2023\/11\/crop-threshing-machine-structure.webp\" alt=\"Aufbau der Feldfr\u00fcchte-Rechenmaschine\" class=\"wp-image-15182\" srcset=\"https:\/\/www.agriculture-machine.com\/wp-content\/uploads\/2023\/11\/crop-threshing-machine-structure.webp 720w, https:\/\/www.agriculture-machine.com\/wp-content\/uploads\/2023\/11\/crop-threshing-machine-structure-360x270.webp 360w, https:\/\/www.agriculture-machine.com\/wp-content\/uploads\/2023\/11\/crop-threshing-machine-structure-240x180.webp 240w\" sizes=\"auto, (max-width: 720px) 100vw, 720px\" \/><figcaption class=\"wp-element-caption\">Aufbau der Feldfr\u00fcchte-Rechenmaschine<\/figcaption><\/figure>    <h2 class=\"wp-block-heading\">Funktionsweise des Weizen- und Reiserechers<\/h2>    <p>Der Reis- und Weizerechen arbeitet in zwei Hauptphasen: Schneiden und Rechen.<\/p>    <ol class=\"wp-block-list\"> <li><strong>Schneidphase:<\/strong> In dieser Phase schneidet die Rechenmaschine die St\u00e4ngel des geernteten Korns (wie Reis oder Weizen). Dieser Schneidprozess hilft, die gesamte Pflanze von den Wurzeln zu trennen, um die weitere Rechenvorbereitung zu erm\u00f6glichen.<\/li>    <li><strong>Reifephase:<\/strong> Die geschnittene Pflanze passiert den Rechabschnitt der Rechenmaschine. In diesem Abschnitt besteht die Maschine meist aus einer Walze oder einem Zylinder mit gezackten oder gerillten Z\u00e4hnen, die mit einem Paddel oder Schaber verbunden sind. W\u00e4hrend die Pflanze durch diese Abschnitte l\u00e4uft, wird das Korn mechanisch vom Stiel und Spelzen getrennt. Auf diese Weise kann die Maschine effizient den essbaren Teil des Korns (Kerne) vom ungenie\u00dfbaren Teil (H\u00fclsen und St\u00e4ngel) trennen.<\/li> <\/ol>    <figure class=\"wp-block-gallery has-nested-images columns-default is-cropped wp-block-gallery-4 is-layout-flex wp-block-gallery-is-layout-flex\"> <figure class=\"wp-block-image size-large\"><img loading=\"lazy\" decoding=\"async\" width=\"720\" height=\"540\" data-id=\"15185\" src=\"https:\/\/www.agriculture-machine.com\/wp-content\/uploads\/2023\/11\/wheat-rice-threshing-machine.webp\" alt=\"Weizen-Reis-Rechenmaschine\" class=\"wp-image-15185\" srcset=\"https:\/\/www.agriculture-machine.com\/wp-content\/uploads\/2023\/11\/wheat-rice-threshing-machine.webp 720w, https:\/\/www.agriculture-machine.com\/wp-content\/uploads\/2023\/11\/wheat-rice-threshing-machine-360x270.webp 360w, https:\/\/www.agriculture-machine.com\/wp-content\/uploads\/2023\/11\/wheat-rice-threshing-machine-240x180.webp 240w\" sizes=\"auto, (max-width: 720px) 100vw, 720px\" \/><figcaption class=\"wp-element-caption\">Weizen-Reis-Rechenmaschine<\/figcaption><\/figure>    <figure class=\"wp-block-image size-large\"><img loading=\"lazy\" decoding=\"async\" width=\"720\" height=\"540\" data-id=\"15184\" src=\"https:\/\/www.agriculture-machine.com\/wp-content\/uploads\/2023\/11\/crop-threshing-equipment.webp\" alt=\"Ernteausr\u00fcstung\" class=\"wp-image-15184\" srcset=\"https:\/\/www.agriculture-machine.com\/wp-content\/uploads\/2023\/11\/crop-threshing-equipment.webp 720w, https:\/\/www.agriculture-machine.com\/wp-content\/uploads\/2023\/11\/crop-threshing-equipment-360x270.webp 360w, https:\/\/www.agriculture-machine.com\/wp-content\/uploads\/2023\/11\/crop-threshing-equipment-240x180.webp 240w\" sizes=\"auto, (max-width: 720px) 100vw, 720px\" \/><figcaption class=\"wp-element-caption\">Ernteausr\u00fcstung<\/figcaption><\/figure> <\/figure>    <h2 class=\"wp-block-heading\">Vorteile der Reism\u00fchle f\u00fcr Reiskorn<\/h2>    <ol class=\"wp-block-list\"> <li>Einfache Struktur, bequeme Bedienung und einfache Wartung.<\/li>    <li>Die Rechquote liegt bei bis zu 98 %, und die Endk\u00f6rner sind sehr sauber.<\/li>    <li>Hohe Anwendbarkeit, kann Reis, Weizen, Sorghum, Hirse, Bohnen und andere Feldfr\u00fcchte verarbeiten.<\/li>    <li>Mit verstellbaren Parametern k\u00f6nnen Landwirte je nach K\u00f6rnertyp und Feuchtigkeit die besten Rechergebnisse erzielen.<\/li> <\/ol>    <figure class=\"wp-block-gallery has-nested-images columns-default is-cropped wp-block-gallery-5 is-layout-flex wp-block-gallery-is-layout-flex\"> <figure class=\"wp-block-image size-large\"><img loading=\"lazy\" decoding=\"async\" width=\"720\" height=\"540\" data-id=\"15186\" src=\"https:\/\/www.agriculture-machine.com\/wp-content\/uploads\/2023\/11\/efficient-crop-processing-machine.webp\" alt=\"Effiziente Feldfruchtverarbeitungsmaschine\" class=\"wp-image-15186\" srcset=\"https:\/\/www.agriculture-machine.com\/wp-content\/uploads\/2023\/11\/efficient-crop-processing-machine.webp 720w, https:\/\/www.agriculture-machine.com\/wp-content\/uploads\/2023\/11\/efficient-crop-processing-machine-360x270.webp 360w, https:\/\/www.agriculture-machine.com\/wp-content\/uploads\/2023\/11\/efficient-crop-processing-machine-240x180.webp 240w\" sizes=\"auto, (max-width: 720px) 100vw, 720px\" \/><figcaption class=\"wp-element-caption\">Effiziente Feldfruchtverarbeitungsmaschine<\/figcaption><\/figure>    <figure class=\"wp-block-image size-large\"><img loading=\"lazy\" decoding=\"async\" width=\"720\" height=\"540\" data-id=\"15187\" src=\"https:\/\/www.agriculture-machine.com\/wp-content\/uploads\/2023\/11\/grain-threshing-machine-for-sale.webp\" alt=\"Getreiderechenmaschine zum Verkauf\" class=\"wp-image-15187\" srcset=\"https:\/\/www.agriculture-machine.com\/wp-content\/uploads\/2023\/11\/grain-threshing-machine-for-sale.webp 720w, https:\/\/www.agriculture-machine.com\/wp-content\/uploads\/2023\/11\/grain-threshing-machine-for-sale-360x270.webp 360w, https:\/\/www.agriculture-machine.com\/wp-content\/uploads\/2023\/11\/grain-threshing-machine-for-sale-240x180.webp 240w\" sizes=\"auto, (max-width: 720px) 100vw, 720px\" \/><figcaption class=\"wp-element-caption\">Getreiderechenmaschine zum Verkauf<\/figcaption><\/figure> <\/figure>    <p>Die traditionelle manuelle Rechenmethode war ineffizient und f\u00fchrte zu Getreideverlusten. Mit der Einf\u00fchrung des multifunktionalen Rechers kann nicht nur mehr Ernte in der gleichen Zeit erzielt werden, sondern auch Lebensmittelverschwendung reduziert werden.<\/p>    <p>Die Mehrzweck-Getreiderechenmaschine wird in vielen L\u00e4ndern sehr gesch\u00e4tzt, insbesondere in Asien, Afrika und Lateinamerika, wo die Landwirtschaft vorherrscht, und wurde nach Kenia, Nigeria, Indien, Indonesien, die Vereinigten Staaten, Russland, Bangladesch, Australien und andere L\u00e4nder verschickt.<\/p>    <h2 class=\"wp-block-heading\">Parameter der Reism\u00fchle<\/h2>    <ul class=\"wp-block-list\"> <li><strong>Modell:<\/strong> 5TYC1-90<\/li>    <li><strong>Leistung:<\/strong>170F Benzinmotor, Riemenscheibe mit Durchmesser 70cm, Nenndrehzahl 3600 U\/min<\/li>    <li><strong>Kapazit\u00e4t:<\/strong> 600-800kg\/h<\/li>    <li><strong>Rechenzylinder:<\/strong> Durchmesser 360*L\u00e4nge 900mm <\/li>    <li><strong>Siebgr\u00f6\u00dfe:<\/strong> 870*610mm<\/li>    <li><strong>Gewicht:<\/strong> 90kg ohne Motor<\/li>    <li><strong>Gesamtgr\u00f6\u00dfe:<\/strong>1640*1640*1280mm<\/li>    <li>24 St\u00fcck\/20GP, 66 St\u00fcck\/40HQ<\/li> <\/ul>    <p>Dies ist ein beliebtes Modell, das f\u00fcr die Verarbeitung von Feldfr\u00fcchten bei der \u00d6ffentlichkeit beliebt ist. Wir haben auch andere Modelle zur Auswahl. Bitte z\u00f6gern Sie nicht, uns f\u00fcr weitere Modelle von Getreiderechenmaschinen und verwandte Informationen zu kontaktieren.<\/p>","protected":false},"excerpt":{"rendered":"<p>Rice and Wheat Grain Threshing Machine is a specialized agricultural machine widely used in the threshing process of grains such as rice and wheat. The machine efficiently separates the harvested grain particles from the husk layer through the built-in cutting and threshing mechanism to obtain clean grains. This machine has high production efficiency, clean threshing, [&hellip;]<\/p>\n","protected":false},"author":1,"featured_media":16131,"parent":0,"comment_status":"closed","ping_status":"closed","template":"","tags":[2614],"product-type":[872],"class_list":["post-15161","product","type-product","status-publish","has-post-thumbnail","hentry","tag-thresher","product-type-thresher-sheller"],"_links":{"self":[{"href":"https:\/\/www.agriculture-machine.com\/de\/wp-json\/wp\/v2\/product\/15161","targetHints":{"allow":["GET"]}}],"collection":[{"href":"https:\/\/www.agriculture-machine.com\/de\/wp-json\/wp\/v2\/product"}],"about":[{"href":"https:\/\/www.agriculture-machine.com\/de\/wp-json\/wp\/v2\/types\/product"}],"author":[{"embeddable":true,"href":"https:\/\/www.agriculture-machine.com\/de\/wp-json\/wp\/v2\/users\/1"}],"replies":[{"embeddable":true,"href":"https:\/\/www.agriculture-machine.com\/de\/wp-json\/wp\/v2\/comments?post=15161"}],"wp:featuredmedia":[{"embeddable":true,"href":"https:\/\/www.agriculture-machine.com\/de\/wp-json\/wp\/v2\/media\/16131"}],"wp:attachment":[{"href":"https:\/\/www.agriculture-machine.com\/de\/wp-json\/wp\/v2\/media?parent=15161"}],"wp:term":[{"taxonomy":"post_tag","embeddable":true,"href":"https:\/\/www.agriculture-machine.com\/de\/wp-json\/wp\/v2\/tags?post=15161"},{"taxonomy":"product-type","embeddable":true,"href":"https:\/\/www.agriculture-machine.com\/de\/wp-json\/wp\/v2\/product-type?post=15161"}],"curies":[{"name":"wp","href":"https:\/\/api.w.org\/{rel}","templated":true}]}}