{"id":15188,"date":"2023-11-17T10:22:59","date_gmt":"2023-11-17T02:22:59","guid":{"rendered":"https:\/\/www.agriculture-machine.com\/?post_type=product&#038;p=15188"},"modified":"2024-09-18T15:42:35","modified_gmt":"2024-09-18T07:42:35","slug":"rice-mill-production-line","status":"publish","type":"product","link":"https:\/\/www.agriculture-machine.com\/de\/rice-mill-production-line\/","title":{"rendered":"15TPD Reism\u00fchlenproduktionslinie mit Polierer und Wei\u00dfreissortierer"},"content":{"rendered":"<p class=\"translation-block\">Diese Reism\u00fchlen-Produktionslinie beginnt mit der <strong><a href=\"https:\/\/www.agriculture-machine.com\/de\/rice-mill-plant\/\">Standard-15TPD-Reism\u00fchle<\/a><\/strong>, deren Hauptaufgabe es ist, die K\u00f6rner zu entbrennen, zu sch\u00e4len und zu mahlen, um sie in regul\u00e4ren wei\u00dfen Reis zu verwandeln.<\/p>    <p>Als n\u00e4chstes kommt die Poliermaschine zum Einsatz, die durch Reibung eine Schicht der \u00e4u\u00dferen Haut vom wei\u00dfen Reis entfernt, wodurch die K\u00f6rner glatter werden und das Gesamtbild sowie der Geschmack verbessert werden.<\/p>    <p>Anschlie\u00dfend klassifiziert die Wei\u00dfreis-Gradiermaschine den Reis genau nach Gr\u00f6\u00dfe und Form der K\u00f6rner. Dies hilft, die Produktkonsistenz und -qualit\u00e4t zu erhalten und sicherzustellen, dass jede T\u00fcte Reis einheitlich ist und den Marktanforderungen entspricht.<\/p>    <figure class=\"wp-block-image size-full\"><img loading=\"lazy\" decoding=\"async\" width=\"720\" height=\"540\" src=\"https:\/\/www.agriculture-machine.com\/wp-content\/uploads\/2023\/11\/15TPD-rice-milling-plant.webp\" alt=\"15TPD-Reism\u00fchlenanlage\" class=\"wp-image-15192\" srcset=\"https:\/\/www.agriculture-machine.com\/wp-content\/uploads\/2023\/11\/15TPD-rice-milling-plant.webp 720w, https:\/\/www.agriculture-machine.com\/wp-content\/uploads\/2023\/11\/15TPD-rice-milling-plant-360x270.webp 360w, https:\/\/www.agriculture-machine.com\/wp-content\/uploads\/2023\/11\/15TPD-rice-milling-plant-240x180.webp 240w\" sizes=\"auto, (max-width: 720px) 100vw, 720px\" \/><figcaption class=\"wp-element-caption\">15TPD-Reism\u00fchlenanlage<\/figcaption><\/figure>    <h2 class=\"wp-block-heading\">Hauptstruktur der Reism\u00fchle-Produktionslinie<\/h2>    <figure class=\"wp-block-image size-full\"><img loading=\"lazy\" decoding=\"async\" width=\"720\" height=\"540\" src=\"https:\/\/www.agriculture-machine.com\/wp-content\/uploads\/2023\/11\/rice-mill-production-line-structure.webp\" alt=\"Struktur der Reism\u00fchlen-Produktionslinie\" class=\"wp-image-15194\" srcset=\"https:\/\/www.agriculture-machine.com\/wp-content\/uploads\/2023\/11\/rice-mill-production-line-structure.webp 720w, https:\/\/www.agriculture-machine.com\/wp-content\/uploads\/2023\/11\/rice-mill-production-line-structure-360x270.webp 360w, https:\/\/www.agriculture-machine.com\/wp-content\/uploads\/2023\/11\/rice-mill-production-line-structure-240x180.webp 240w\" sizes=\"auto, (max-width: 720px) 100vw, 720px\" \/><figcaption class=\"wp-element-caption\">Struktur der Reism\u00fchlen-Produktionslinie<\/figcaption><\/figure>    <h2 class=\"wp-block-heading\">Prinzip der Reismehlmaschine<\/h2>    <ul class=\"wp-block-list\"> <li>Dieses Ger\u00e4t arbeitet haupts\u00e4chlich durch leichte Reibung, um die Oberfl\u00e4che des wei\u00dfen Reises vom Spreu zu befreien, um sicherzustellen, dass der wei\u00dfe Reis sauber ist, das Erscheinungsbild und die Farbe des Endprodukts zu verbessern, aber auch die Reisspeicher und die Recycling von Reisspelzen zu erleichtern. Au\u00dferdem wird dadurch die nachfolgende Wei\u00dfreis-Gradierungseinrichtung weniger blockiert, was die Gradierungseffektivit\u00e4t gew\u00e4hrleistet.<\/li>    <li>Rub rice process, because the white rice grain strength is low, so it should be slow and not strong, to prevent producing too much broken rice. The white rice out of the machine after rubbing the rice, produce the broken rice can&#8217;t be more than 1%, contain chaff quantity can&#8217;t be more than 0.1%.<\/li> <\/ul>    <figure class=\"wp-block-gallery has-nested-images columns-default is-cropped wp-block-gallery-2 is-layout-flex wp-block-gallery-is-layout-flex\"> <figure class=\"wp-block-image size-large\"><img loading=\"lazy\" decoding=\"async\" width=\"720\" height=\"540\" data-id=\"15196\" src=\"https:\/\/www.agriculture-machine.com\/wp-content\/uploads\/2023\/11\/rice-milling-machines.webp\" alt=\"Reismaschinen\" class=\"wp-image-15196\" srcset=\"https:\/\/www.agriculture-machine.com\/wp-content\/uploads\/2023\/11\/rice-milling-machines.webp 720w, https:\/\/www.agriculture-machine.com\/wp-content\/uploads\/2023\/11\/rice-milling-machines-360x270.webp 360w, https:\/\/www.agriculture-machine.com\/wp-content\/uploads\/2023\/11\/rice-milling-machines-240x180.webp 240w\" sizes=\"auto, (max-width: 720px) 100vw, 720px\" \/><figcaption class=\"wp-element-caption\">Reismaschinen<\/figcaption><\/figure>    <figure class=\"wp-block-image size-large\"><img loading=\"lazy\" decoding=\"async\" width=\"720\" height=\"540\" data-id=\"15195\" src=\"https:\/\/www.agriculture-machine.com\/wp-content\/uploads\/2023\/11\/complete-rice-milling-production-line.webp\" alt=\"Komplette Reism\u00fchlen-Produktionslinie\" class=\"wp-image-15195\" srcset=\"https:\/\/www.agriculture-machine.com\/wp-content\/uploads\/2023\/11\/complete-rice-milling-production-line.webp 720w, https:\/\/www.agriculture-machine.com\/wp-content\/uploads\/2023\/11\/complete-rice-milling-production-line-360x270.webp 360w, https:\/\/www.agriculture-machine.com\/wp-content\/uploads\/2023\/11\/complete-rice-milling-production-line-240x180.webp 240w\" sizes=\"auto, (max-width: 720px) 100vw, 720px\" \/><figcaption class=\"wp-element-caption\">Komplette Reism\u00fchlen-Produktionslinie<\/figcaption><\/figure> <\/figure>    <h2 class=\"wp-block-heading\">Rolle des Wei\u00dfreis-Gradierers<\/h2>    <ul class=\"wp-block-list\"> <li>L\u00e4nder auf der ganzen Welt betrachten Bruchreis als einen wichtigen Index zur Unterscheidung der Reisklasse. Daher ist die Wei\u00dfreis-Gradierung notwendig, um den internationalen speziellen Anforderungen an die Reissqualit\u00e4t gerecht zu werden (im Allgemeinen nach dem Anteil an Bruchreis in der jeweiligen Charge und der Einrichtung eines entsprechenden Prozesses). <\/li>    <li>Reis mit gleicher Pr\u00e4zision weist oft gro\u00dfe Preisunterschiede auf, weil der Anteil an Bruchreis variiert. Weniger Bruchreis bedeutet einen viel h\u00f6heren Preis und eine bessere Qualit\u00e4t des ged\u00e4mpften Reises. Daher sollte die Rate des Bruchreises in der Reism\u00fchlen-Produktionslinie m\u00f6glichst reduziert werden.<\/li>    <li>Verwendete Wei\u00dfreis-Gradierungsausr\u00fcstung: Flachrotationssieb, Trommelselektor usw. Durch die Verarbeitung mit dem Wei\u00dfreis-Gradierungssieb kann der Reis in kleine Bruchreismengen, gro\u00dfe Bruchreismengen und fertigen Reis unterteilt werden, die dann entsprechend den erforderlichen Qualit\u00e4tsstandards weiterverarbeitet werden.<\/li> <\/ul>    <figure class=\"wp-block-gallery has-nested-images columns-default is-cropped wp-block-gallery-3 is-layout-flex wp-block-gallery-is-layout-flex\"> <figure class=\"wp-block-image size-large\"><img loading=\"lazy\" decoding=\"async\" width=\"720\" height=\"540\" data-id=\"15198\" src=\"https:\/\/www.agriculture-machine.com\/wp-content\/uploads\/2023\/11\/rice-milling-machine-manufacturer.webp\" alt=\"Hersteller von Reismaschinen\" class=\"wp-image-15198\" srcset=\"https:\/\/www.agriculture-machine.com\/wp-content\/uploads\/2023\/11\/rice-milling-machine-manufacturer.webp 720w, https:\/\/www.agriculture-machine.com\/wp-content\/uploads\/2023\/11\/rice-milling-machine-manufacturer-360x270.webp 360w, https:\/\/www.agriculture-machine.com\/wp-content\/uploads\/2023\/11\/rice-milling-machine-manufacturer-240x180.webp 240w\" sizes=\"auto, (max-width: 720px) 100vw, 720px\" \/><figcaption class=\"wp-element-caption\">Hersteller von Reismaschinen<\/figcaption><\/figure>    <figure class=\"wp-block-image size-large\"><img loading=\"lazy\" decoding=\"async\" width=\"720\" height=\"540\" data-id=\"15197\" src=\"https:\/\/www.agriculture-machine.com\/wp-content\/uploads\/2023\/11\/integrated-rice-processing-line.webp\" alt=\"Integrierte Reverarbeitungslinie\" class=\"wp-image-15197\" srcset=\"https:\/\/www.agriculture-machine.com\/wp-content\/uploads\/2023\/11\/integrated-rice-processing-line.webp 720w, https:\/\/www.agriculture-machine.com\/wp-content\/uploads\/2023\/11\/integrated-rice-processing-line-360x270.webp 360w, https:\/\/www.agriculture-machine.com\/wp-content\/uploads\/2023\/11\/integrated-rice-processing-line-240x180.webp 240w\" sizes=\"auto, (max-width: 720px) 100vw, 720px\" \/><figcaption class=\"wp-element-caption\">Integrierte Reverarbeitungslinie<\/figcaption><\/figure> <\/figure>    <h2 class=\"wp-block-heading\">Arbeitsablauf der Reissch\u00e4lmaschine <\/h2>   <div id=\"rank-math-howto\" class=\"rank-math-block\" > <div class=\"rank-math-howto-description\"> <img loading=\"lazy\" decoding=\"async\" width=\"720\" height=\"540\" src=\"https:\/\/www.agriculture-machine.com\/wp-content\/uploads\/2023\/11\/complete-rice-milling-plant.webp\" class=\"attachment-full size-full\" alt=\"Komplette Reism\u00fchlenanlage\" srcset=\"https:\/\/www.agriculture-machine.com\/wp-content\/uploads\/2023\/11\/complete-rice-milling-plant.webp 720w, https:\/\/www.agriculture-machine.com\/wp-content\/uploads\/2023\/11\/complete-rice-milling-plant-360x270.webp 360w, https:\/\/www.agriculture-machine.com\/wp-content\/uploads\/2023\/11\/complete-rice-milling-plant-240x180.webp 240w\" sizes=\"auto, (max-width: 720px) 100vw, 720px\" \/> <p>Ein fortschrittliches automatisches Steuerungssystem verwaltet die gesamte Reism\u00fchlen-Produktionslinie. Dies verbessert nicht nur die Produktionseffizienz, sondern gew\u00e4hrleistet auch eine pr\u00e4zise Steuerung jedes Schritts.<\/p>  <\/div>  <div class=\"rank-math-steps\"> <div id=\"howto-step-1700124463914\" class=\"rank-math-step\"> <h3 class=\"rank-math-step-title\">1. Standard-Reism\u00fchleinheit<\/h3> <div class=\"rank-math-step-content\"><p>Dieses Ger\u00e4t ist das Herzst\u00fcck der gesamten Reism\u00fchlen-Produktionslinie, das das Entbrennen, Sch\u00e4len und Mahlen integriert und die K\u00f6rner effizient in essbaren wei\u00dfen Reis verwandelt.<\/p> <\/div> <\/div> <div id=\"howto-step-1700124513712\" class=\"rank-math-step\"> <h3 class=\"rank-math-step-title\">2. Reispolierer<\/h3> <div class=\"rank-math-step-content\"><p>Durch den Einsatz fortschrittlicher Oberfl\u00e4chenbehandlungstechnologie entfernt diese Maschine die \u00e4u\u00dfere Haut des wei\u00dfen Reises durch Reibung, wodurch die K\u00f6rner glatter werden. Dieser Schritt verbessert nicht nur das Erscheinungsbild des Reises, sondern auch den Geschmack und bietet mehr Auswahl f\u00fcr den High-End-Markt.<\/p> <\/div> <\/div> <div id=\"howto-step-1700124538104\" class=\"rank-math-step\"> <h3 class=\"rank-math-step-title\">3. Wei\u00dfreis-Gradierer <\/h3> <div class=\"rank-math-step-content\"><p>In diesem Bereich gibt es zwei Schichten Siebe, die den Reis in drei Stufen kategorisieren: intakte gro\u00dfe K\u00f6rner, intakte kleine K\u00f6rner und Bruchreis. Dies erm\u00f6glicht es uns, den Reis nach Gr\u00f6\u00dfe und Form zu klassifizieren, um sicherzustellen, dass jede T\u00fcte Reis eine einheitliche Qualit\u00e4t hat.<\/p> <\/div> <\/div> <\/div> <\/div>       <h2 class=\"wp-block-heading\">Installation der Reism\u00fchleanlage<\/h2>    <figure class=\"wp-block-gallery has-nested-images columns-default is-cropped wp-block-gallery-4 is-layout-flex wp-block-gallery-is-layout-flex\"> <figure class=\"wp-block-image size-large\"><img loading=\"lazy\" decoding=\"async\" width=\"720\" height=\"540\" data-id=\"15200\" src=\"https:\/\/www.agriculture-machine.com\/wp-content\/uploads\/2023\/11\/rice-mill-plant-installation-drawing.webp\" alt=\"Zeichnung der Reism\u00fchlenanlage\" class=\"wp-image-15200\" srcset=\"https:\/\/www.agriculture-machine.com\/wp-content\/uploads\/2023\/11\/rice-mill-plant-installation-drawing.webp 720w, https:\/\/www.agriculture-machine.com\/wp-content\/uploads\/2023\/11\/rice-mill-plant-installation-drawing-360x270.webp 360w, https:\/\/www.agriculture-machine.com\/wp-content\/uploads\/2023\/11\/rice-mill-plant-installation-drawing-240x180.webp 240w\" sizes=\"auto, (max-width: 720px) 100vw, 720px\" \/><figcaption class=\"wp-element-caption\">Zeichnung der Reism\u00fchlenanlage<\/figcaption><\/figure>    <figure class=\"wp-block-image size-large\"><img loading=\"lazy\" decoding=\"async\" width=\"720\" height=\"540\" data-id=\"15201\" src=\"https:\/\/www.agriculture-machine.com\/wp-content\/uploads\/2023\/11\/rice-mill-production-line-drawing.webp\" alt=\"Zeichnung der Reism\u00fchlen-Produktionslinie\" class=\"wp-image-15201\" srcset=\"https:\/\/www.agriculture-machine.com\/wp-content\/uploads\/2023\/11\/rice-mill-production-line-drawing.webp 720w, https:\/\/www.agriculture-machine.com\/wp-content\/uploads\/2023\/11\/rice-mill-production-line-drawing-360x270.webp 360w, https:\/\/www.agriculture-machine.com\/wp-content\/uploads\/2023\/11\/rice-mill-production-line-drawing-240x180.webp 240w\" sizes=\"auto, (max-width: 720px) 100vw, 720px\" \/><figcaption class=\"wp-element-caption\">Zeichnung der Reism\u00fchlen-Produktionslinie<\/figcaption><\/figure> <\/figure>    <h2 class=\"wp-block-heading\">Taizy Fabrikmaschinenanzeige<\/h2>    <p>Willkommen, unsere Reism\u00fchlen-Produktionslinie und Fabrikmaschinen zu besichtigen. Unsere Fabrik zeigt effiziente, fortschrittliche Reverarbeitungsger\u00e4te.<\/p>    <figure class=\"wp-block-gallery has-nested-images columns-default is-cropped wp-block-gallery-5 is-layout-flex wp-block-gallery-is-layout-flex\"> <figure class=\"wp-block-image size-large\"><img loading=\"lazy\" decoding=\"async\" width=\"720\" height=\"540\" data-id=\"15202\" src=\"https:\/\/www.agriculture-machine.com\/wp-content\/uploads\/2023\/11\/rice-mill-machines-factory.webp\" alt=\"Reism\u00fchlenmaschinenfabrik\" class=\"wp-image-15202\" srcset=\"https:\/\/www.agriculture-machine.com\/wp-content\/uploads\/2023\/11\/rice-mill-machines-factory.webp 720w, https:\/\/www.agriculture-machine.com\/wp-content\/uploads\/2023\/11\/rice-mill-machines-factory-360x270.webp 360w, https:\/\/www.agriculture-machine.com\/wp-content\/uploads\/2023\/11\/rice-mill-machines-factory-240x180.webp 240w\" sizes=\"auto, (max-width: 720px) 100vw, 720px\" \/><figcaption class=\"wp-element-caption\">Reism\u00fchlenmaschinenfabrik<\/figcaption><\/figure>    <figure class=\"wp-block-image size-large\"><img loading=\"lazy\" decoding=\"async\" width=\"720\" height=\"540\" data-id=\"15203\" src=\"https:\/\/www.agriculture-machine.com\/wp-content\/uploads\/2023\/11\/rice-mill-production-line-packing-and-shipping-site.webp\" alt=\"Verpackungs- und Versandstelle der Reism\u00fchlen-Produktionslinie\" class=\"wp-image-15203\" srcset=\"https:\/\/www.agriculture-machine.com\/wp-content\/uploads\/2023\/11\/rice-mill-production-line-packing-and-shipping-site.webp 720w, https:\/\/www.agriculture-machine.com\/wp-content\/uploads\/2023\/11\/rice-mill-production-line-packing-and-shipping-site-360x270.webp 360w, https:\/\/www.agriculture-machine.com\/wp-content\/uploads\/2023\/11\/rice-mill-production-line-packing-and-shipping-site-240x180.webp 240w\" sizes=\"auto, (max-width: 720px) 100vw, 720px\" \/><figcaption class=\"wp-element-caption\">Verpackungs- und Versandstelle der Reism\u00fchlen-Produktionslinie<\/figcaption><\/figure> <\/figure>    <p>Sie sind herzlich eingeladen, unsere Fabrik jederzeit zu besuchen, um den effizienten Betrieb der Reism\u00fchlen-Produktionslinie und den Charme fortschrittlicher Technologie zu erleben, was Ihnen ein tieferes Verst\u00e4ndnis unseres Produktionsprozesses und technologischer Innovationen vermittelt.<\/p>","protected":false},"excerpt":{"rendered":"<p>This rice mill production line begins with the standard 15TPD rice milling unit, whose main task is to hull, peel, and mill the grains to convert them into regular white rice. Next, the polishing machine comes into play, removing a layer of outer skin from the surface of the white rice by friction, making the [&hellip;]<\/p>\n","protected":false},"author":1,"featured_media":15193,"parent":0,"comment_status":"closed","ping_status":"closed","template":"","tags":[796],"product-type":[875,906],"class_list":["post-15188","product","type-product","status-publish","has-post-thumbnail","hentry","tag-rice","product-type-rice-mill-category","product-type-rice-mill-production-line"],"_links":{"self":[{"href":"https:\/\/www.agriculture-machine.com\/de\/wp-json\/wp\/v2\/product\/15188","targetHints":{"allow":["GET"]}}],"collection":[{"href":"https:\/\/www.agriculture-machine.com\/de\/wp-json\/wp\/v2\/product"}],"about":[{"href":"https:\/\/www.agriculture-machine.com\/de\/wp-json\/wp\/v2\/types\/product"}],"author":[{"embeddable":true,"href":"https:\/\/www.agriculture-machine.com\/de\/wp-json\/wp\/v2\/users\/1"}],"replies":[{"embeddable":true,"href":"https:\/\/www.agriculture-machine.com\/de\/wp-json\/wp\/v2\/comments?post=15188"}],"wp:featuredmedia":[{"embeddable":true,"href":"https:\/\/www.agriculture-machine.com\/de\/wp-json\/wp\/v2\/media\/15193"}],"wp:attachment":[{"href":"https:\/\/www.agriculture-machine.com\/de\/wp-json\/wp\/v2\/media?parent=15188"}],"wp:term":[{"taxonomy":"post_tag","embeddable":true,"href":"https:\/\/www.agriculture-machine.com\/de\/wp-json\/wp\/v2\/tags?post=15188"},{"taxonomy":"product-type","embeddable":true,"href":"https:\/\/www.agriculture-machine.com\/de\/wp-json\/wp\/v2\/product-type?post=15188"}],"curies":[{"name":"wp","href":"https:\/\/api.w.org\/{rel}","templated":true}]}}