{"id":15191,"date":"2023-11-17T11:23:54","date_gmt":"2023-11-17T03:23:54","guid":{"rendered":"https:\/\/www.agriculture-machine.com\/?post_type=product&#038;p=15191"},"modified":"2024-09-18T15:42:45","modified_gmt":"2024-09-18T07:42:45","slug":"rice-processing-line","status":"publish","type":"product","link":"https:\/\/www.agriculture-machine.com\/de\/rice-processing-line\/","title":{"rendered":"15TPD Aufger\u00fcstete Reverarbeitungslinie plus Farbsortierung und Verpackungsmaschinen"},"content":{"rendered":"<p class=\"translation-block\">Diese fortschrittliche Reiskocherlinie, die durch <strong><a href=\"https:\/\/www.agriculture-machine.com\/de\/rice-mill-production-line\/\">Aufr\u00fcstung der Reism\u00fchleinheit<\/a><\/strong> plus Farbsortierer und Verpackungsmaschine entsteht, ist eine umfassende L\u00f6sung zur Verbesserung der Qualit\u00e4t und Effizienz der Reisverarbeitung.<\/p>    <p>Der Farbsortierer pr\u00fcft die Reisk\u00f6rner intelligent durch optische Technologie, um eine gleichm\u00e4\u00dfigere Farbe, Form und Qualit\u00e4t des Endprodukts zu gew\u00e4hrleisten. Schlie\u00dflich verpackt die Verpackungsmaschine das verarbeitete und gesiebte Reis automatisch, um die Frische des Produkts zu bewahren.<\/p>    <p>Diese Produktionslinie optimiert das Erscheinungsbild und die Qualit\u00e4t des Produkts und bringt eine h\u00f6here Automatisierung und standardisierte Produktion in die Reisverarbeitungsindustrie.<\/p>    <figure class=\"wp-block-gallery has-nested-images columns-default is-cropped wp-block-gallery-2 is-layout-flex wp-block-gallery-is-layout-flex\"> <figure class=\"wp-block-image size-large\"><img loading=\"lazy\" decoding=\"async\" width=\"720\" height=\"540\" data-id=\"15205\" src=\"https:\/\/www.agriculture-machine.com\/wp-content\/uploads\/2023\/11\/rice-processing-line-for-sale.webp\" alt=\"Reisverarbeitungsanlage zum Verkauf\" class=\"wp-image-15205\" srcset=\"https:\/\/www.agriculture-machine.com\/wp-content\/uploads\/2023\/11\/rice-processing-line-for-sale.webp 720w, https:\/\/www.agriculture-machine.com\/wp-content\/uploads\/2023\/11\/rice-processing-line-for-sale-360x270.webp 360w, https:\/\/www.agriculture-machine.com\/wp-content\/uploads\/2023\/11\/rice-processing-line-for-sale-240x180.webp 240w\" sizes=\"auto, (max-width: 720px) 100vw, 720px\" \/><figcaption class=\"wp-element-caption\">Reisverarbeitungsanlage zum Verkauf<\/figcaption><\/figure>    <figure class=\"wp-block-image size-full\"><img loading=\"lazy\" decoding=\"async\" width=\"720\" height=\"540\" data-id=\"15219\" src=\"https:\/\/www.agriculture-machine.com\/wp-content\/uploads\/2023\/11\/rice-mill-machine-application-1.webp\" alt=\"Anwendung der Reism\u00fchle-Maschine\" class=\"wp-image-15219\" srcset=\"https:\/\/www.agriculture-machine.com\/wp-content\/uploads\/2023\/11\/rice-mill-machine-application-1.webp 720w, https:\/\/www.agriculture-machine.com\/wp-content\/uploads\/2023\/11\/rice-mill-machine-application-1-360x270.webp 360w, https:\/\/www.agriculture-machine.com\/wp-content\/uploads\/2023\/11\/rice-mill-machine-application-1-240x180.webp 240w\" sizes=\"auto, (max-width: 720px) 100vw, 720px\" \/><figcaption class=\"wp-element-caption\">Anwendung der Reism\u00fchle-Maschine<\/figcaption><\/figure> <\/figure>    <h2 class=\"wp-block-heading\">Hauptstruktur der Reiskocherlinie<\/h2>    <figure class=\"wp-block-image size-full\"><img loading=\"lazy\" decoding=\"async\" width=\"720\" height=\"540\" src=\"https:\/\/www.agriculture-machine.com\/wp-content\/uploads\/2023\/11\/integrated-rice-mill-unit-structure.webp\" alt=\"Integrierte Reism\u00fchle-Einheit\" class=\"wp-image-15206\" srcset=\"https:\/\/www.agriculture-machine.com\/wp-content\/uploads\/2023\/11\/integrated-rice-mill-unit-structure.webp 720w, https:\/\/www.agriculture-machine.com\/wp-content\/uploads\/2023\/11\/integrated-rice-mill-unit-structure-360x270.webp 360w, https:\/\/www.agriculture-machine.com\/wp-content\/uploads\/2023\/11\/integrated-rice-mill-unit-structure-240x180.webp 240w\" sizes=\"auto, (max-width: 720px) 100vw, 720px\" \/><figcaption class=\"wp-element-caption\">Integrierte Reism\u00fchle-Einheit<\/figcaption><\/figure>    <h2 class=\"wp-block-heading\">Arbeitsablauf der wei\u00dfen Reiskochanlage<\/h2>   <div id=\"rank-math-howto\" class=\"rank-math-block\" > <div class=\"rank-math-howto-description\">  <\/div>  <div class=\"rank-math-steps\"> <div id=\"howto-step-1700127739794\" class=\"rank-math-step\"> <h3 class=\"rank-math-step-title\">1. Prim\u00e4rverarbeitungsphase der Reism\u00fchle<\/h3> <div class=\"rank-math-step-content\"><p>Reis wird zun\u00e4chst von gro\u00dfen Stroh- und Steinen entfernt, dann entb\u00fcllt, gefolgt von Mahlen und Sekund\u00e4rmahlen (Reiswei\u00dfmacher) sowie Wei\u00dfreis-Klassifizierung.<\/p> <\/div> <\/div> <div id=\"howto-step-1700128013016\" class=\"rank-math-step\"> <h3 class=\"rank-math-step-title\">2. Farbsortierphase<\/h3> <div class=\"rank-math-step-content\"><p>Der Farbsortierer verwendet fortschrittliche optische Technologie, um Verunreinigungen und minderwertige Partikel im Reismehl intelligent zu erkennen. Basierend auf den Erkennungsergebnissen sortiert der Farbsortierer automatisch Reisk\u00f6rner mit Farbunterschieden oder minderwertige Produkte aus, um die Farbe und Qualit\u00e4t der Endprodukte zu gew\u00e4hrleisten.<\/p> <\/div> <\/div> <div id=\"howto-step-1700128062546\" class=\"rank-math-step\"> <h3 class=\"rank-math-step-title\">3. Verpackungsphase<\/h3> <div class=\"rank-math-step-content\"><p>Qualitativ hochwertiger wei\u00dfer Reis wird zur Verpackungsmaschine transportiert. Die Verpackungsmaschine misst und verpackt nach voreingestellten Parametern und realisiert so einen automatisierten Verpackungsprozess. Nach dem Verpacken kann das Endprodukt etikettiert, versiegelt und dann ins Lager oder auf den Markt geschickt werden.<\/p> <\/div> <\/div> <\/div> <\/div>       <figure class=\"wp-block-gallery has-nested-images columns-default is-cropped wp-block-gallery-3 is-layout-flex wp-block-gallery-is-layout-flex\"> <figure class=\"wp-block-image size-large\"><img loading=\"lazy\" decoding=\"async\" width=\"720\" height=\"540\" data-id=\"15208\" src=\"https:\/\/www.agriculture-machine.com\/wp-content\/uploads\/2023\/11\/rice-processing-line.webp\" alt=\"Reisverarbeitungsanlage\" class=\"wp-image-15208\" srcset=\"https:\/\/www.agriculture-machine.com\/wp-content\/uploads\/2023\/11\/rice-processing-line.webp 720w, https:\/\/www.agriculture-machine.com\/wp-content\/uploads\/2023\/11\/rice-processing-line-360x270.webp 360w, https:\/\/www.agriculture-machine.com\/wp-content\/uploads\/2023\/11\/rice-processing-line-240x180.webp 240w\" sizes=\"auto, (max-width: 720px) 100vw, 720px\" \/><figcaption class=\"wp-element-caption\">Reisverarbeitungsanlage<\/figcaption><\/figure>    <figure class=\"wp-block-image size-large\"><img loading=\"lazy\" decoding=\"async\" width=\"720\" height=\"540\" data-id=\"15207\" src=\"https:\/\/www.agriculture-machine.com\/wp-content\/uploads\/2023\/11\/paddy-rice-processing-production-line.webp\" alt=\"Reisverarbeitungsproduktionslinie f\u00fcr Reispaddy\" class=\"wp-image-15207\" srcset=\"https:\/\/www.agriculture-machine.com\/wp-content\/uploads\/2023\/11\/paddy-rice-processing-production-line.webp 720w, https:\/\/www.agriculture-machine.com\/wp-content\/uploads\/2023\/11\/paddy-rice-processing-production-line-360x270.webp 360w, https:\/\/www.agriculture-machine.com\/wp-content\/uploads\/2023\/11\/paddy-rice-processing-production-line-240x180.webp 240w\" sizes=\"auto, (max-width: 720px) 100vw, 720px\" \/><figcaption class=\"wp-element-caption\">Reisverarbeitungsproduktionslinie f\u00fcr Reispaddy<\/figcaption><\/figure> <\/figure>    <h2 class=\"wp-block-heading\">Funktionsprinzip des Farbsortierers in der Reisverarbeitungsanlage<\/h2>    <ul class=\"wp-block-list\"> <li>Das Farbsortieren ist ein Vorgang, bei dem mit photoelektrischer Technologie einzelne (K\u00f6rner, Klumpen oder Kugeln) und Fremdbeimengungen, die eine abnormale Farbe aufweisen oder von Sch\u00e4dlingen und Krankheiten befallen sind, aus einer gro\u00dfen Menge an Sch\u00fcttgut erkannt und getrennt werden.<\/li>    <li>Der Lagerungsprozess kann aufgrund von Hitze und anderen Gr\u00fcnden dazu f\u00fchren, dass ein Teil des Reises verf\u00e4llt und gelbe K\u00f6rnerreis wird. Gelber K\u00f6rnerreis enth\u00e4lt sch\u00e4dliche Inhaltsstoffe, das fertige Reisprodukt enth\u00e4lt gelben K\u00f6rnerreis, was nicht nur den Handelswert des Reises beeintr\u00e4chtigt, sondern auch die Gesundheit der Verbraucher. Daher muss er so weit wie m\u00f6glich entfernt werden.<\/li>    <li>Aufgrund des gelben K\u00f6rnerreises und des normalen wei\u00dfen Reises ohne allgemeine physikalische Eigenschaften kann der Unterschied zwischen gelbem K\u00f6rnerreis und wei\u00dfem Reis nur anhand der Farbe und Reflexionsunterschiede mit fotoelektrischer Farbmetrik und entsprechender Ausr\u00fcstung erkannt werden. Der Farbunterschied kann auch genutzt werden, um Fremdfarben wie kleine Glassplitter und Z\u00fcnder, die in den Reis eingemischt sind, zu entfernen.<\/li> <\/ul>    <figure class=\"wp-block-gallery has-nested-images columns-default is-cropped wp-block-gallery-4 is-layout-flex wp-block-gallery-is-layout-flex\"> <figure class=\"wp-block-image size-large\"><img loading=\"lazy\" decoding=\"async\" width=\"720\" height=\"540\" data-id=\"15209\" src=\"https:\/\/www.agriculture-machine.com\/wp-content\/uploads\/2023\/11\/color-sorter.webp\" alt=\"Farbsortierer\" class=\"wp-image-15209\" srcset=\"https:\/\/www.agriculture-machine.com\/wp-content\/uploads\/2023\/11\/color-sorter.webp 720w, https:\/\/www.agriculture-machine.com\/wp-content\/uploads\/2023\/11\/color-sorter-360x270.webp 360w, https:\/\/www.agriculture-machine.com\/wp-content\/uploads\/2023\/11\/color-sorter-240x180.webp 240w\" sizes=\"auto, (max-width: 720px) 100vw, 720px\" \/><figcaption class=\"wp-element-caption\">Farbsortierer<\/figcaption><\/figure>    <figure class=\"wp-block-image size-large\"><img loading=\"lazy\" decoding=\"async\" width=\"720\" height=\"540\" data-id=\"15210\" src=\"https:\/\/www.agriculture-machine.com\/wp-content\/uploads\/2023\/11\/rice-color-sorting-machine.webp\" alt=\"Reifasortiermaschine\" class=\"wp-image-15210\" srcset=\"https:\/\/www.agriculture-machine.com\/wp-content\/uploads\/2023\/11\/rice-color-sorting-machine.webp 720w, https:\/\/www.agriculture-machine.com\/wp-content\/uploads\/2023\/11\/rice-color-sorting-machine-360x270.webp 360w, https:\/\/www.agriculture-machine.com\/wp-content\/uploads\/2023\/11\/rice-color-sorting-machine-240x180.webp 240w\" sizes=\"auto, (max-width: 720px) 100vw, 720px\" \/><figcaption class=\"wp-element-caption\">Reifasortiermaschine<\/figcaption><\/figure> <\/figure>    <figure class=\"wp-block-gallery has-nested-images columns-default is-cropped wp-block-gallery-5 is-layout-flex wp-block-gallery-is-layout-flex\"> <figure class=\"wp-block-image size-large\"><img loading=\"lazy\" decoding=\"async\" width=\"720\" height=\"540\" data-id=\"15215\" src=\"https:\/\/www.agriculture-machine.com\/wp-content\/uploads\/2023\/11\/automatic-rice-milling-plant.webp\" alt=\"Automatische Reism\u00fchle-Anlage\" class=\"wp-image-15215\" srcset=\"https:\/\/www.agriculture-machine.com\/wp-content\/uploads\/2023\/11\/automatic-rice-milling-plant.webp 720w, https:\/\/www.agriculture-machine.com\/wp-content\/uploads\/2023\/11\/automatic-rice-milling-plant-360x270.webp 360w, https:\/\/www.agriculture-machine.com\/wp-content\/uploads\/2023\/11\/automatic-rice-milling-plant-240x180.webp 240w\" sizes=\"auto, (max-width: 720px) 100vw, 720px\" \/><figcaption class=\"wp-element-caption\">Automatische Reism\u00fchle-Anlage<\/figcaption><\/figure>    <figure class=\"wp-block-image size-large\"><img loading=\"lazy\" decoding=\"async\" width=\"720\" height=\"540\" data-id=\"15216\" src=\"https:\/\/www.agriculture-machine.com\/wp-content\/uploads\/2023\/11\/complete-paddy-rice-milling-line.webp\" alt=\"Komplette Reissch\u00e4lmaschine f\u00fcr Reisreinigung\" class=\"wp-image-15216\" srcset=\"https:\/\/www.agriculture-machine.com\/wp-content\/uploads\/2023\/11\/complete-paddy-rice-milling-line.webp 720w, https:\/\/www.agriculture-machine.com\/wp-content\/uploads\/2023\/11\/complete-paddy-rice-milling-line-360x270.webp 360w, https:\/\/www.agriculture-machine.com\/wp-content\/uploads\/2023\/11\/complete-paddy-rice-milling-line-240x180.webp 240w\" sizes=\"auto, (max-width: 720px) 100vw, 720px\" \/><figcaption class=\"wp-element-caption\">Komplette Reissch\u00e4lmaschine f\u00fcr Reisreinigung<\/figcaption><\/figure> <\/figure>    <h2 class=\"wp-block-heading\">Reism\u00fchlen-Einheit Ersatzteil-Show<\/h2>    <p>F\u00fcr die Reiskocherlinie mit h\u00f6herer Arbeitsintensit\u00e4t m\u00fcssen die Verschlei\u00dfteile regelm\u00e4\u00dfig ausgetauscht werden, um die Maschine besser zu warten und ihre Lebensdauer zu verl\u00e4ngern. Teile k\u00f6nnen mit Rabatten gekauft werden.<\/p>    <figure class=\"wp-block-gallery has-nested-images columns-default is-cropped wp-block-gallery-6 is-layout-flex wp-block-gallery-is-layout-flex\"> <figure class=\"wp-block-image size-large\"><img loading=\"lazy\" decoding=\"async\" width=\"720\" height=\"540\" data-id=\"15211\" src=\"https:\/\/www.agriculture-machine.com\/wp-content\/uploads\/2023\/11\/iron-roller.webp\" alt=\"Eisenrolle\" class=\"wp-image-15211\" srcset=\"https:\/\/www.agriculture-machine.com\/wp-content\/uploads\/2023\/11\/iron-roller.webp 720w, https:\/\/www.agriculture-machine.com\/wp-content\/uploads\/2023\/11\/iron-roller-360x270.webp 360w, https:\/\/www.agriculture-machine.com\/wp-content\/uploads\/2023\/11\/iron-roller-240x180.webp 240w\" sizes=\"auto, (max-width: 720px) 100vw, 720px\" \/><figcaption class=\"wp-element-caption\">Eisenrolle<\/figcaption><\/figure>    <figure class=\"wp-block-image size-large\"><img loading=\"lazy\" decoding=\"async\" width=\"720\" height=\"540\" data-id=\"15212\" src=\"https:\/\/www.agriculture-machine.com\/wp-content\/uploads\/2023\/11\/polisher-Emery-roller.webp\" alt=\"Polierer Emery-Roller\" class=\"wp-image-15212\" srcset=\"https:\/\/www.agriculture-machine.com\/wp-content\/uploads\/2023\/11\/polisher-Emery-roller.webp 720w, https:\/\/www.agriculture-machine.com\/wp-content\/uploads\/2023\/11\/polisher-Emery-roller-360x270.webp 360w, https:\/\/www.agriculture-machine.com\/wp-content\/uploads\/2023\/11\/polisher-Emery-roller-240x180.webp 240w\" sizes=\"auto, (max-width: 720px) 100vw, 720px\" \/><figcaption class=\"wp-element-caption\">Polierer Emery-Roller<\/figcaption><\/figure> <\/figure>    <p class=\"translation-block\">Darunter gibt es zwei Arten von Poliermaschinen, Eisenrollen und Emery-Rollen. Der Unterschied zwischen ihnen ist, dass der <strong>Eisenrolle<\/strong> f\u00fcr runden Reis geeignet ist und das Endprodukt heller ist, aber der Reis leicht bricht; der <strong>Emery-Rolle<\/strong> ist haupts\u00e4chlich f\u00fcr langen Reis geeignet, seine St\u00e4rke ist relativ gering, und der gewonnene Reis ist nicht leicht zu brechen. Es ist zu beachten, dass diese beiden Rollen im Vergleich zu anderen Verschlei\u00dfteilen l\u00e4nger verwendet werden k\u00f6nnen.<\/p>    <h2 class=\"wp-block-heading\">Ausstellung der Maschinen der Reiskocherlinie<\/h2>    <figure class=\"wp-block-gallery has-nested-images columns-default is-cropped wp-block-gallery-7 is-layout-flex wp-block-gallery-is-layout-flex\"> <figure class=\"wp-block-image size-large\"><img loading=\"lazy\" decoding=\"async\" width=\"720\" height=\"540\" data-id=\"15214\" src=\"https:\/\/www.agriculture-machine.com\/wp-content\/uploads\/2023\/11\/rice-processing-line-factory-show.webp\" alt=\"Reisverarbeitungsanlagen-Fabrikshow\" class=\"wp-image-15214\" srcset=\"https:\/\/www.agriculture-machine.com\/wp-content\/uploads\/2023\/11\/rice-processing-line-factory-show.webp 720w, https:\/\/www.agriculture-machine.com\/wp-content\/uploads\/2023\/11\/rice-processing-line-factory-show-360x270.webp 360w, https:\/\/www.agriculture-machine.com\/wp-content\/uploads\/2023\/11\/rice-processing-line-factory-show-240x180.webp 240w\" sizes=\"auto, (max-width: 720px) 100vw, 720px\" \/><figcaption class=\"wp-element-caption\">Reisverarbeitungsanlagen-Fabrikshow<\/figcaption><\/figure>    <figure class=\"wp-block-image size-large\"><img loading=\"lazy\" decoding=\"async\" width=\"720\" height=\"540\" data-id=\"15213\" src=\"https:\/\/www.agriculture-machine.com\/wp-content\/uploads\/2023\/11\/paddy-processing-line-factory.webp\" alt=\"Reisverarbeitungsanlagen-Fabrik\" class=\"wp-image-15213\" srcset=\"https:\/\/www.agriculture-machine.com\/wp-content\/uploads\/2023\/11\/paddy-processing-line-factory.webp 720w, https:\/\/www.agriculture-machine.com\/wp-content\/uploads\/2023\/11\/paddy-processing-line-factory-360x270.webp 360w, https:\/\/www.agriculture-machine.com\/wp-content\/uploads\/2023\/11\/paddy-processing-line-factory-240x180.webp 240w\" sizes=\"auto, (max-width: 720px) 100vw, 720px\" \/><figcaption class=\"wp-element-caption\">Reisverarbeitungsanlagen-Fabrik<\/figcaption><\/figure> <\/figure>    <p>Unsere Fabrik hat eine Lageranzeige, willkommen, unsere fortschrittlich aufger\u00fcstete Reism\u00fchlen-Produktionslinie zu besichtigen. Wir freuen uns auf die Zusammenarbeit mit Ihnen. Wenn Sie Fragen zur Maschine haben, z\u00f6gern Sie bitte nicht, uns zu kontaktieren.<\/p>","protected":false},"excerpt":{"rendered":"<p>This advanced rice processing line formed by upgrading the rice milling unit plus the color sorter and packaging machine is a comprehensive solution to improve the quality and efficiency of rice processing. The color sorter intelligently screens the rice grains through optical technology to ensure more consistent color, shape, and quality of the finished product. [&hellip;]<\/p>\n","protected":false},"author":1,"featured_media":15204,"parent":0,"comment_status":"closed","ping_status":"closed","template":"","tags":[796],"product-type":[875,906],"class_list":["post-15191","product","type-product","status-publish","has-post-thumbnail","hentry","tag-rice","product-type-rice-mill-category","product-type-rice-mill-production-line"],"_links":{"self":[{"href":"https:\/\/www.agriculture-machine.com\/de\/wp-json\/wp\/v2\/product\/15191","targetHints":{"allow":["GET"]}}],"collection":[{"href":"https:\/\/www.agriculture-machine.com\/de\/wp-json\/wp\/v2\/product"}],"about":[{"href":"https:\/\/www.agriculture-machine.com\/de\/wp-json\/wp\/v2\/types\/product"}],"author":[{"embeddable":true,"href":"https:\/\/www.agriculture-machine.com\/de\/wp-json\/wp\/v2\/users\/1"}],"replies":[{"embeddable":true,"href":"https:\/\/www.agriculture-machine.com\/de\/wp-json\/wp\/v2\/comments?post=15191"}],"wp:featuredmedia":[{"embeddable":true,"href":"https:\/\/www.agriculture-machine.com\/de\/wp-json\/wp\/v2\/media\/15204"}],"wp:attachment":[{"href":"https:\/\/www.agriculture-machine.com\/de\/wp-json\/wp\/v2\/media?parent=15191"}],"wp:term":[{"taxonomy":"post_tag","embeddable":true,"href":"https:\/\/www.agriculture-machine.com\/de\/wp-json\/wp\/v2\/tags?post=15191"},{"taxonomy":"product-type","embeddable":true,"href":"https:\/\/www.agriculture-machine.com\/de\/wp-json\/wp\/v2\/product-type?post=15191"}],"curies":[{"name":"wp","href":"https:\/\/api.w.org\/{rel}","templated":true}]}}