{"id":15220,"date":"2023-11-20T11:46:30","date_gmt":"2023-11-20T03:46:30","guid":{"rendered":"https:\/\/www.agriculture-machine.com\/?post_type=product&#038;p=15220"},"modified":"2024-09-18T16:04:46","modified_gmt":"2024-09-18T08:04:46","slug":"rice-mill-line","status":"publish","type":"product","link":"https:\/\/www.agriculture-machine.com\/de\/rice-mill-line\/","title":{"rendered":"Hochwertige 15TPD Reism\u00fchlenlinie mit Wasserpolierer und Lagerbeh\u00e4lter"},"content":{"rendered":"<p class=\"translation-block\">Welcome to our upgraded rice mill line&#8217;s advanced production plant, which combines color sorting and packaging machines with a high-standard water polishing machine and intelligent storage bin to provide you with the ultimate <strong><a href=\"https:\/\/www.agriculture-machine.com\/de\/rice-mill-category\/\">rice processing experience<\/a><\/strong>.<\/p>    <figure class=\"wp-block-gallery has-nested-images columns-default is-cropped wp-block-gallery-2 is-layout-flex wp-block-gallery-is-layout-flex\"> <figure class=\"wp-block-image size-large\"><img loading=\"lazy\" decoding=\"async\" width=\"720\" height=\"540\" data-id=\"15222\" src=\"https:\/\/www.agriculture-machine.com\/wp-content\/uploads\/2023\/11\/rice-mill-line-for-sale.webp\" alt=\"Reism\u00fchlenlinie zum Verkauf\" class=\"wp-image-15222\" srcset=\"https:\/\/www.agriculture-machine.com\/wp-content\/uploads\/2023\/11\/rice-mill-line-for-sale.webp 720w, https:\/\/www.agriculture-machine.com\/wp-content\/uploads\/2023\/11\/rice-mill-line-for-sale-360x270.webp 360w, https:\/\/www.agriculture-machine.com\/wp-content\/uploads\/2023\/11\/rice-mill-line-for-sale-240x180.webp 240w\" sizes=\"auto, (max-width: 720px) 100vw, 720px\" \/><figcaption class=\"wp-element-caption\">Reism\u00fchlenlinie zum Verkauf<\/figcaption><\/figure>    <figure class=\"wp-block-image size-large\"><img loading=\"lazy\" decoding=\"async\" width=\"720\" height=\"540\" data-id=\"15223\" src=\"https:\/\/www.agriculture-machine.com\/wp-content\/uploads\/2023\/11\/united-rice-mill.webp\" alt=\"Vereinigte Reism\u00fchle\" class=\"wp-image-15223\" srcset=\"https:\/\/www.agriculture-machine.com\/wp-content\/uploads\/2023\/11\/united-rice-mill.webp 720w, https:\/\/www.agriculture-machine.com\/wp-content\/uploads\/2023\/11\/united-rice-mill-360x270.webp 360w, https:\/\/www.agriculture-machine.com\/wp-content\/uploads\/2023\/11\/united-rice-mill-240x180.webp 240w\" sizes=\"auto, (max-width: 720px) 100vw, 720px\" \/><figcaption class=\"wp-element-caption\">Vereinigte Reism\u00fchle<\/figcaption><\/figure> <\/figure>    <h2 class=\"wp-block-heading\">Hochwertige 15TPD-Reism\u00fchlenlinie Struktur<\/h2>    <p class=\"translation-block\"><strong>1. Notwendige Teile: (Sie m\u00fcssen alle kaufen)<\/strong><\/p>    <p>Pre-cleaner&#8212; Destoner&#8212; Paddy Husker&#8211; Gravity Separator &#8212;-Rice Mill&#8212;<\/p>    <p class=\"translation-block\"><strong>2. Optionale Teile: (Sie k\u00f6nnen eines oder mehrere der folgenden Maschinen je nach Budget w\u00e4hlen)<\/strong><\/p>    <p>Rice Polisher&#8212;Rice Grader&#8212;-Color Sorter&#8212;Storage Bin &#8212;Weighting and Packing Scale<\/p>    <p class=\"translation-block\"><strong>Ergebnis: Je mehr Maschinen Sie kaufen, desto wei\u00dfer und glatter wird die Reissqualit\u00e4t.<\/strong><\/p>    <figure class=\"wp-block-image size-full\"><img loading=\"lazy\" decoding=\"async\" width=\"720\" height=\"540\" src=\"https:\/\/www.agriculture-machine.com\/wp-content\/uploads\/2023\/11\/rice-mill-line-main-structure.webp\" alt=\"Hauptstruktur der Reism\u00fchlenlinie\" class=\"wp-image-15224\" srcset=\"https:\/\/www.agriculture-machine.com\/wp-content\/uploads\/2023\/11\/rice-mill-line-main-structure.webp 720w, https:\/\/www.agriculture-machine.com\/wp-content\/uploads\/2023\/11\/rice-mill-line-main-structure-360x270.webp 360w, https:\/\/www.agriculture-machine.com\/wp-content\/uploads\/2023\/11\/rice-mill-line-main-structure-240x180.webp 240w\" sizes=\"auto, (max-width: 720px) 100vw, 720px\" \/><figcaption class=\"wp-element-caption\">Hauptstruktur der Reism\u00fchlenlinie<\/figcaption><\/figure>    <h2 class=\"wp-block-heading\"><strong>L\u00f6sung f\u00fcr 600-800 kg\/h Reism\u00fchlenlinie<\/strong><\/h2>    <figure class=\"wp-block-table is-style-stripes\"><table><tbody><tr><td><strong>Spezifikation<\/strong><strong><\/strong><\/td><td><strong>&nbsp;Qualit\u00e4tssicherungszeitraum <\/strong><strong><\/strong><\/td><\/tr><tr><td><strong>Reis-Husker <\/strong><br>Modell: LG15 Leistung: 5,5 kW<\/td><td>Trennen Sie braunen Reis vom Reiskorn anhand von Gravitation und Oberfl\u00e4chenreibung<\/td><\/tr><tr><td><strong>Reis-Voranreiniger <\/strong><br>Modell: SCQY40 Leistung: 0,75 3\u00a0\u00a0<\/td><td>Haupts\u00e4chlich zur Entfernung von Steinen im Reiskorn, aber auch zur Entfernung gr\u00f6\u00dferer Strohreste als Reiskorn sowie kleinerem Sand oder Staub als Reiskorn.<\/td><\/tr><tr><td><strong>Reis-Husker <\/strong><br>Modell: LG15 Leistung: 5,5 kW<\/td><td>Entfernen Sie die \u00e4u\u00dfere Schale, um braunen Reis zu erhalten<\/td><\/tr><tr><td><strong>Schwerkraft-Reissch\u00e4ler<\/strong><br>Modell: MGCZ70*5 Leistung: 0,75 kW \u00a0\u00a0<\/td><td>Verwenden Sie die zweite Reism\u00fchle, um wei\u00dferen Reis zu erhalten und die Bruchrate zu verringern.<\/td><\/tr><tr><td><strong>Erste Reism\u00fchle<\/strong>\u00a0<br>Modell: NS150 Leistung: 15 kW \u00a0\u00a0\u00a0\u00a0\u00a0\u00a0<\/td><td>Verwenden Sie die erste Reism\u00fchle, um die braune Schale zu entfernen und wei\u00dfen Reis zu erhalten.<\/td><\/tr><tr><td><strong>Magnetabscheider<\/strong><\/td><td>Entfernen Sie kleine Metalle aus dem Reis<\/td><\/tr><tr><td><strong>Reis-Polierer mit Wasser <\/strong><br>Modell: MP12,5 Leistung: 15 kW   4 kW<\/td><td>Auswahl anderer Reissorten oder schimmeligem Reis aus wei\u00dfem Reis.<\/td><\/tr><tr><td><strong>Reis-Polierer mit Wasser<\/strong><br>Modell: MP12,5 Leistung: 15 kW   4 kW<\/td><td>Polieren Sie den wei\u00dfen Reis mit Wassernebel, um ihn wei\u00dfer und leichter zu machen.<\/td><\/tr><tr><td><strong>Farbselektor<\/strong><br>Modell: 6SXM-64(CCD) Leistung: 1,5 kW \u00a0<strong>\u00a0<\/strong><\/td><td>Ganzreis in 2 Sorten erhalten und ganzes Reis und Bruchreis trennen.<\/td><\/tr><tr><td><strong>Wei\u00dfe-Reis-Gradierer<\/strong><br>Modell: MMJP50X2 Leistung: 0,35 kW \u00a0<\/td><td>Der fertige Reis kann lange im Beh\u00e4lter bleiben, ohne dass eine Person st\u00e4ndig an der Verpackungsmaschine arbeiten muss. Wenn Sie Arbeitskraft sparen m\u00f6chten, k\u00f6nnen wir vor der Verpackungsmaschine einen Lagerbeh\u00e4lter einrichten.\u00a0<\/td><\/tr><tr><td><strong>Lagerbeh\u00e4lter und Aufzug<\/strong><br>Volumen: 3 Tonnen<strong>\u00a0\u00a0<\/strong><\/td><td>Zur Entfernung von Staub, Reisschalen und anderen kleinen Verunreinigungen<\/td><\/tr><tr><td><strong>W\u00e4g- und Verpackungsmaschine <\/strong><br>Modell: DCS-50 Leistung: 0,37 0,37 kW<\/td><td>W\u00e4gung, Bef\u00fcllung in die T\u00fcte und Versiegelung der T\u00fcte. W\u00e4gbereich: 5-50 kg \u00a0\u00a0\u00a0<\/td><\/tr><tr><td><strong>Wei\u00dfe-Reis-Gradierer<\/strong><br>Modell: MMJP50X2 Leistung: 0,35 kW \u00a0<\/td><td>Zur Verbindung aller Maschinen, die zusammenarbeiten<\/td><\/tr><tr><td><strong>Staubsammelrohre, Zyklon und andere kleine Zubeh\u00f6rteile<\/strong><\/td><td>Zur Entfernung von Staub, Reisschalen und anderen kleinen Verunreinigungen<\/td><\/tr><tr><td><strong>Elektrik-Kabine <\/strong>\u00a0<\/td><td>Einfach und sicher im Betrieb \u00a0<\/td><\/tr><tr><td><strong>Werkzeuge<\/strong><\/td><td>Werkzeuge f\u00fcr Installation und Wartung<\/td><\/tr><\/tbody><\/table><\/figure>    <h2 class=\"wp-block-heading\">Warum eine Wasserpoliermaschine verwenden<\/h2>    <ul class=\"wp-block-list\"> <li>Der Wasserpolierer und die Reismaschine sehen sehr \u00e4hnlich aus, der Hauptunterschied besteht darin, dass die Wassernebelpoliermaschine mit einem Wasserschlauch, einer Wasserpumpe und einem Wasserbeh\u00e4lter ausgestattet ist. <\/li>    <li>Die Reismaschine kann Eisen- oder Emory-Rollen verwenden, w\u00e4hrend der Wasserpolierer Eisenrollen nutzt. Die Funktion besteht haupts\u00e4chlich darin, mit feinem Wassernebel den Reis glatter und wei\u00dfer zu machen.<\/li> <\/ul>    <figure class=\"wp-block-gallery has-nested-images columns-default is-cropped wp-block-gallery-3 is-layout-flex wp-block-gallery-is-layout-flex\"> <figure class=\"wp-block-image size-large\"><img loading=\"lazy\" decoding=\"async\" width=\"720\" height=\"540\" data-id=\"15225\" src=\"https:\/\/www.agriculture-machine.com\/wp-content\/uploads\/2023\/11\/integrated-rice-milling-unit.webp\" alt=\"Integrierte Reism\u00fchleinheit\" class=\"wp-image-15225\" srcset=\"https:\/\/www.agriculture-machine.com\/wp-content\/uploads\/2023\/11\/integrated-rice-milling-unit.webp 720w, https:\/\/www.agriculture-machine.com\/wp-content\/uploads\/2023\/11\/integrated-rice-milling-unit-360x270.webp 360w, https:\/\/www.agriculture-machine.com\/wp-content\/uploads\/2023\/11\/integrated-rice-milling-unit-240x180.webp 240w\" sizes=\"auto, (max-width: 720px) 100vw, 720px\" \/><figcaption class=\"wp-element-caption\">Integrierte Reism\u00fchleinheit<\/figcaption><\/figure>    <figure class=\"wp-block-image size-large\"><img loading=\"lazy\" decoding=\"async\" width=\"720\" height=\"540\" data-id=\"15226\" src=\"https:\/\/www.agriculture-machine.com\/wp-content\/uploads\/2023\/11\/paddy-processing-unit-rice-mill.webp\" alt=\"Reism\u00fchle f\u00fcr Reiskernverarbeitung\" class=\"wp-image-15226\" srcset=\"https:\/\/www.agriculture-machine.com\/wp-content\/uploads\/2023\/11\/paddy-processing-unit-rice-mill.webp 720w, https:\/\/www.agriculture-machine.com\/wp-content\/uploads\/2023\/11\/paddy-processing-unit-rice-mill-360x270.webp 360w, https:\/\/www.agriculture-machine.com\/wp-content\/uploads\/2023\/11\/paddy-processing-unit-rice-mill-240x180.webp 240w\" sizes=\"auto, (max-width: 720px) 100vw, 720px\" \/><figcaption class=\"wp-element-caption\">Reism\u00fchle f\u00fcr Reiskernverarbeitung<\/figcaption><\/figure> <\/figure>    <h2 class=\"wp-block-heading\"><strong>Was ist die Funktion des Lagerbeh\u00e4lters<\/strong><\/h2>    <ul class=\"wp-block-list\"> <li>Da die Verpackungsmaschine sehr schnell ist, kann sie in weniger als einer Minute einen 50-kg-Reissack verpacken und somit drei Tonnen Reis pro Stunde verpacken. Eine 15TPD-Reism\u00fchle produziert 600 kg wei\u00dfen Reis pro Stunde.<\/li>    <li>Wenn ein 3-Tonnen-Lagerbeh\u00e4lter vor der Verpackungsmaschine steht, dauert es 5 Stunden, um den Beh\u00e4lter zu f\u00fcllen. Wenn der Beh\u00e4lter voll ist, wird der Verpacker eingeschaltet und der Verpackungsprozess beginnt. Auf diese Weise muss die Verpackungsmaschine nicht st\u00e4ndig arbeiten und ein Bediener muss nicht die ganze Zeit anwesend sein.<\/li> <\/ul>    <figure class=\"wp-block-gallery has-nested-images columns-default is-cropped wp-block-gallery-4 is-layout-flex wp-block-gallery-is-layout-flex\"> <figure class=\"wp-block-image size-large\"><img loading=\"lazy\" decoding=\"async\" width=\"720\" height=\"540\" data-id=\"15228\" src=\"https:\/\/www.agriculture-machine.com\/wp-content\/uploads\/2023\/11\/rice-mill-processing-unit.webp\" alt=\"Reisverarbeitungsanlage\" class=\"wp-image-15228\" srcset=\"https:\/\/www.agriculture-machine.com\/wp-content\/uploads\/2023\/11\/rice-mill-processing-unit.webp 720w, https:\/\/www.agriculture-machine.com\/wp-content\/uploads\/2023\/11\/rice-mill-processing-unit-360x270.webp 360w, https:\/\/www.agriculture-machine.com\/wp-content\/uploads\/2023\/11\/rice-mill-processing-unit-240x180.webp 240w\" sizes=\"auto, (max-width: 720px) 100vw, 720px\" \/><figcaption class=\"wp-element-caption\">Reisverarbeitungsanlage<\/figcaption><\/figure>    <figure class=\"wp-block-image size-large\"><img loading=\"lazy\" decoding=\"async\" width=\"720\" height=\"540\" data-id=\"15227\" src=\"https:\/\/www.agriculture-machine.com\/wp-content\/uploads\/2023\/11\/fully-automatic-rice-mill-plant-cost.webp\" alt=\"Kosten f\u00fcr vollautomatisches Reism\u00fchlenwerk\" class=\"wp-image-15227\" srcset=\"https:\/\/www.agriculture-machine.com\/wp-content\/uploads\/2023\/11\/fully-automatic-rice-mill-plant-cost.webp 720w, https:\/\/www.agriculture-machine.com\/wp-content\/uploads\/2023\/11\/fully-automatic-rice-mill-plant-cost-360x270.webp 360w, https:\/\/www.agriculture-machine.com\/wp-content\/uploads\/2023\/11\/fully-automatic-rice-mill-plant-cost-240x180.webp 240w\" sizes=\"auto, (max-width: 720px) 100vw, 720px\" \/><figcaption class=\"wp-element-caption\">Kosten f\u00fcr vollautomatisches Reism\u00fchlenwerk<\/figcaption><\/figure> <\/figure>    <h2 class=\"wp-block-heading\">Referenzierbare Konstruktionszeichnungen<\/h2>    <figure class=\"wp-block-image size-full\"><img loading=\"lazy\" decoding=\"async\" width=\"720\" height=\"540\" src=\"https:\/\/www.agriculture-machine.com\/wp-content\/uploads\/2023\/11\/rice-mill-line-installation-drawing.webp\" alt=\"Zeichnung der Reism\u00fchlenlinieninstallation\" class=\"wp-image-15229\" srcset=\"https:\/\/www.agriculture-machine.com\/wp-content\/uploads\/2023\/11\/rice-mill-line-installation-drawing.webp 720w, https:\/\/www.agriculture-machine.com\/wp-content\/uploads\/2023\/11\/rice-mill-line-installation-drawing-360x270.webp 360w, https:\/\/www.agriculture-machine.com\/wp-content\/uploads\/2023\/11\/rice-mill-line-installation-drawing-240x180.webp 240w\" sizes=\"auto, (max-width: 720px) 100vw, 720px\" \/><figcaption class=\"wp-element-caption\">Zeichnung der Reism\u00fchlenlinieninstallation<\/figcaption><\/figure>    <h2 class=\"wp-block-heading\">Taizy Reism\u00fchlenlinien-Maschinenfabrik Show<\/h2>    <figure class=\"wp-block-gallery has-nested-images columns-2 is-cropped wp-block-gallery-5 is-layout-flex wp-block-gallery-is-layout-flex\"> <figure class=\"wp-block-image size-large\"><img loading=\"lazy\" decoding=\"async\" width=\"720\" height=\"540\" data-id=\"15231\" src=\"https:\/\/www.agriculture-machine.com\/wp-content\/uploads\/2023\/11\/paddy-processing-machine-factory.webp\" alt=\"Reisverarbeitungsmaschinenfabrik\" class=\"wp-image-15231\" srcset=\"https:\/\/www.agriculture-machine.com\/wp-content\/uploads\/2023\/11\/paddy-processing-machine-factory.webp 720w, https:\/\/www.agriculture-machine.com\/wp-content\/uploads\/2023\/11\/paddy-processing-machine-factory-360x270.webp 360w, https:\/\/www.agriculture-machine.com\/wp-content\/uploads\/2023\/11\/paddy-processing-machine-factory-240x180.webp 240w\" sizes=\"auto, (max-width: 720px) 100vw, 720px\" \/><figcaption class=\"wp-element-caption\">Reisverarbeitungsmaschinenfabrik<\/figcaption><\/figure>    <figure class=\"wp-block-image size-large\"><img loading=\"lazy\" decoding=\"async\" width=\"720\" height=\"540\" data-id=\"15230\" src=\"https:\/\/www.agriculture-machine.com\/wp-content\/uploads\/2023\/11\/complete-rice-milling-plant-machinery.webp\" alt=\"Komplette Reism\u00fchlenanlagenmaschinen\" class=\"wp-image-15230\" srcset=\"https:\/\/www.agriculture-machine.com\/wp-content\/uploads\/2023\/11\/complete-rice-milling-plant-machinery.webp 720w, https:\/\/www.agriculture-machine.com\/wp-content\/uploads\/2023\/11\/complete-rice-milling-plant-machinery-360x270.webp 360w, https:\/\/www.agriculture-machine.com\/wp-content\/uploads\/2023\/11\/complete-rice-milling-plant-machinery-240x180.webp 240w\" sizes=\"auto, (max-width: 720px) 100vw, 720px\" \/><figcaption class=\"wp-element-caption\">Komplette Reism\u00fchlenanlagenmaschinen<\/figcaption><\/figure>    <figure class=\"wp-block-image size-large\"><img loading=\"lazy\" decoding=\"async\" width=\"720\" height=\"540\" data-id=\"15232\" src=\"https:\/\/www.agriculture-machine.com\/wp-content\/uploads\/2023\/11\/rice-mill-line-factory.webp\" alt=\"Reism\u00fchlenlinienfabrik\" class=\"wp-image-15232\" srcset=\"https:\/\/www.agriculture-machine.com\/wp-content\/uploads\/2023\/11\/rice-mill-line-factory.webp 720w, https:\/\/www.agriculture-machine.com\/wp-content\/uploads\/2023\/11\/rice-mill-line-factory-360x270.webp 360w, https:\/\/www.agriculture-machine.com\/wp-content\/uploads\/2023\/11\/rice-mill-line-factory-240x180.webp 240w\" sizes=\"auto, (max-width: 720px) 100vw, 720px\" \/><figcaption class=\"wp-element-caption\">Reism\u00fchlenlinienfabrik<\/figcaption><\/figure>    <figure class=\"wp-block-image size-large\"><img loading=\"lazy\" decoding=\"async\" width=\"720\" height=\"540\" data-id=\"15233\" src=\"https:\/\/www.agriculture-machine.com\/wp-content\/uploads\/2023\/11\/rice-milling-plant-packing-and-shipping.webp\" alt=\"Reism\u00fchlenanlage Verpackung und Versand\" class=\"wp-image-15233\" srcset=\"https:\/\/www.agriculture-machine.com\/wp-content\/uploads\/2023\/11\/rice-milling-plant-packing-and-shipping.webp 720w, https:\/\/www.agriculture-machine.com\/wp-content\/uploads\/2023\/11\/rice-milling-plant-packing-and-shipping-360x270.webp 360w, https:\/\/www.agriculture-machine.com\/wp-content\/uploads\/2023\/11\/rice-milling-plant-packing-and-shipping-240x180.webp 240w\" sizes=\"auto, (max-width: 720px) 100vw, 720px\" \/><figcaption class=\"wp-element-caption\">Reism\u00fchlenanlage Verpackung und Versand<\/figcaption><\/figure> <\/figure>    <p>Welcome to the advanced production line of our upgraded rice mill line, which combines color sorting and packaging machines with a high-quality rice polisher with water and an intelligent bin, presenting you with the ultimate rice processing experience and demonstrating our company&#8217;s commitment to providing advanced technology and high-quality rice production process, we look forward to your visit and cooperation.<\/p>","protected":false},"excerpt":{"rendered":"<p>Welcome to our upgraded rice mill line&#8217;s advanced production plant, which combines color sorting and packaging machines with a high-standard water polishing machine and intelligent storage bin to provide you with the ultimate rice processing experience. High Standard 15TPD Rice Mill Line Structure 1. Necessary Parts : (you need to buy all ) Pre-cleaner&#8212; Destoner&#8212; [&hellip;]<\/p>\n","protected":false},"author":1,"featured_media":15234,"parent":0,"comment_status":"closed","ping_status":"closed","template":"","tags":[796],"product-type":[875,906],"class_list":["post-15220","product","type-product","status-publish","has-post-thumbnail","hentry","tag-rice","product-type-rice-mill-category","product-type-rice-mill-production-line"],"_links":{"self":[{"href":"https:\/\/www.agriculture-machine.com\/de\/wp-json\/wp\/v2\/product\/15220","targetHints":{"allow":["GET"]}}],"collection":[{"href":"https:\/\/www.agriculture-machine.com\/de\/wp-json\/wp\/v2\/product"}],"about":[{"href":"https:\/\/www.agriculture-machine.com\/de\/wp-json\/wp\/v2\/types\/product"}],"author":[{"embeddable":true,"href":"https:\/\/www.agriculture-machine.com\/de\/wp-json\/wp\/v2\/users\/1"}],"replies":[{"embeddable":true,"href":"https:\/\/www.agriculture-machine.com\/de\/wp-json\/wp\/v2\/comments?post=15220"}],"wp:featuredmedia":[{"embeddable":true,"href":"https:\/\/www.agriculture-machine.com\/de\/wp-json\/wp\/v2\/media\/15234"}],"wp:attachment":[{"href":"https:\/\/www.agriculture-machine.com\/de\/wp-json\/wp\/v2\/media?parent=15220"}],"wp:term":[{"taxonomy":"post_tag","embeddable":true,"href":"https:\/\/www.agriculture-machine.com\/de\/wp-json\/wp\/v2\/tags?post=15220"},{"taxonomy":"product-type","embeddable":true,"href":"https:\/\/www.agriculture-machine.com\/de\/wp-json\/wp\/v2\/product-type?post=15220"}],"curies":[{"name":"wp","href":"https:\/\/api.w.org\/{rel}","templated":true}]}}