{"id":15261,"date":"2023-11-24T15:08:23","date_gmt":"2023-11-24T07:08:23","guid":{"rendered":"https:\/\/www.agriculture-machine.com\/?post_type=product&#038;p=15261"},"modified":"2024-09-18T15:43:43","modified_gmt":"2024-09-18T07:43:43","slug":"25tpd-rice-miller-unit","status":"publish","type":"product","link":"https:\/\/www.agriculture-machine.com\/de\/25tpd-rice-miller-unit\/","title":{"rendered":"25-Tonnen\/Tag Reism\u00fchlen-Einheit ohne Stahlrahmen"},"content":{"rendered":"<p>K\u00fcrzlich wurde unsere stolze Reism\u00fchlen-Einheit, die 25 Tonnen Getreide pro Tag verarbeiten kann, wieder erfolgreich zum Verkauf angeboten. Im Gegensatz zum traditionellen Design entfernt diese Produktionslinie absichtlich die Stahlrahmen-Konfiguration, macht das Ganze kompakter und praktischer und passt sich allen Arten von Platzbeschr\u00e4nkungen an.<\/p>    <figure class=\"wp-block-image size-full\"><img loading=\"lazy\" decoding=\"async\" width=\"720\" height=\"540\" src=\"https:\/\/www.agriculture-machine.com\/wp-content\/uploads\/2023\/11\/25TPD-rice-miller-unit-main-structure.webp\" alt=\"Hauptstruktur der 25 TPD Reism\u00fchlen-Einheit\" class=\"wp-image-15274\" srcset=\"https:\/\/www.agriculture-machine.com\/wp-content\/uploads\/2023\/11\/25TPD-rice-miller-unit-main-structure.webp 720w, https:\/\/www.agriculture-machine.com\/wp-content\/uploads\/2023\/11\/25TPD-rice-miller-unit-main-structure-360x270.webp 360w, https:\/\/www.agriculture-machine.com\/wp-content\/uploads\/2023\/11\/25TPD-rice-miller-unit-main-structure-240x180.webp 240w\" sizes=\"auto, (max-width: 720px) 100vw, 720px\" \/><figcaption class=\"wp-element-caption\">Hauptstruktur der 25 TPD Reism\u00fchlen-Einheit<\/figcaption><\/figure>    <p class=\"translation-block\">Nat\u00fcrlich haben wir auch die entsprechende Produktionslinie mit Stahlrahmenstruktur, bitte klicken Sie hier: <strong><a href=\"https:\/\/www.agriculture-machine.com\/de\/25tpd-rice-milling-line\/\">25TPD Reism\u00fchlen-Linie mit Stahlrahmen<\/a><\/strong>.<\/p>    <h2 class=\"wp-block-heading\">F\u00fcnf Konfigurationen der Reism\u00fchlen-Einheit<\/h2>    <p>Unter den Produktlinien, auf die unser Unternehmen stolz ist, ist die 25-Tonnen-pro-Tag-Reism\u00fchlen-Einheit nicht nur f\u00fcr ihre hohe Leistung bekannt, sondern auch bei Kunden wegen ihrer vielf\u00e4ltigen Konfigurationsm\u00f6glichkeiten beliebt, um flexibel auf unterschiedliche Bed\u00fcrfnisse zu reagieren. Sie k\u00f6nnen alle nach Ihren Bed\u00fcrfnissen und Ihrem Budget ausw\u00e4hlen.<\/p>    <p>F\u00fcnf Kombinationen sind unten kurz aufgef\u00fchrt. Nat\u00fcrlich k\u00f6nnen Sie uns bei anderen Ideen gerne kontaktieren, und wir empfehlen Ihnen die passendste Option.<\/p>    <h3 class=\"wp-block-heading\">Typ 1<\/h3>    <figure class=\"wp-block-gallery has-nested-images columns-default is-cropped wp-block-gallery-2 is-layout-flex wp-block-gallery-is-layout-flex\"> <figure class=\"wp-block-image size-large\"><img loading=\"lazy\" decoding=\"async\" width=\"720\" height=\"540\" data-id=\"15264\" src=\"https:\/\/www.agriculture-machine.com\/wp-content\/uploads\/2023\/11\/rice-millers-for-sale.webp\" alt=\"Reism\u00fchlen zum Verkauf\" class=\"wp-image-15264\" srcset=\"https:\/\/www.agriculture-machine.com\/wp-content\/uploads\/2023\/11\/rice-millers-for-sale.webp 720w, https:\/\/www.agriculture-machine.com\/wp-content\/uploads\/2023\/11\/rice-millers-for-sale-360x270.webp 360w, https:\/\/www.agriculture-machine.com\/wp-content\/uploads\/2023\/11\/rice-millers-for-sale-240x180.webp 240w\" sizes=\"auto, (max-width: 720px) 100vw, 720px\" \/><figcaption class=\"wp-element-caption\">Reism\u00fchlen zum Verkauf<\/figcaption><\/figure>    <figure class=\"wp-block-image size-large\"><img loading=\"lazy\" decoding=\"async\" width=\"720\" height=\"540\" data-id=\"15263\" src=\"https:\/\/www.agriculture-machine.com\/wp-content\/uploads\/2023\/11\/paddy-rice-process-equipment.webp\" alt=\"Reisfeldverarbeitungsger\u00e4te\" class=\"wp-image-15263\" srcset=\"https:\/\/www.agriculture-machine.com\/wp-content\/uploads\/2023\/11\/paddy-rice-process-equipment.webp 720w, https:\/\/www.agriculture-machine.com\/wp-content\/uploads\/2023\/11\/paddy-rice-process-equipment-360x270.webp 360w, https:\/\/www.agriculture-machine.com\/wp-content\/uploads\/2023\/11\/paddy-rice-process-equipment-240x180.webp 240w\" sizes=\"auto, (max-width: 720px) 100vw, 720px\" \/><figcaption class=\"wp-element-caption\">Reisfeldverarbeitungsger\u00e4te<\/figcaption><\/figure> <\/figure>    <p class=\"translation-block\">Dies ist eine relativ einfache Kombination der Reism\u00fchlen-Einheit, und die in der gesamten Linie enthaltenen Maschinen sind in Reihenfolge: ein Zuf\u00fchrtrichter, ein Entst\u00f6rer, ein Reissch\u00e4ler, ein Schwerkraft-Reisseparator, zwei Reism\u00fchlen und ein Wei\u00dfreis-Gradierer. Die Gesamt-Konfiguration entspricht 15T\/D (<a href=\"https:\/\/www.agriculture-machine.com\/de\/rice-mill-production-line\/\"><strong>15TPD Reism\u00fchlen-Produktionslinie mit Polierer und Wei\u00dfreis-Gradierer<\/strong><\/a>), aber die Gr\u00f6\u00dfe jeder Maschine ist entsprechend gr\u00f6\u00dfer.<\/p>    <h3 class=\"wp-block-heading\">Komplette Reverarbeitungsanlage<\/h3>    <figure class=\"wp-block-gallery has-nested-images columns-default is-cropped wp-block-gallery-3 is-layout-flex wp-block-gallery-is-layout-flex\"> <figure class=\"wp-block-image size-large\"><img loading=\"lazy\" decoding=\"async\" width=\"720\" height=\"540\" data-id=\"15266\" src=\"https:\/\/www.agriculture-machine.com\/wp-content\/uploads\/2023\/11\/white-rice-making-line.webp\" alt=\"Wei\u00dfreis-Herstellungslinie\" class=\"wp-image-15266\" srcset=\"https:\/\/www.agriculture-machine.com\/wp-content\/uploads\/2023\/11\/white-rice-making-line.webp 720w, https:\/\/www.agriculture-machine.com\/wp-content\/uploads\/2023\/11\/white-rice-making-line-360x270.webp 360w, https:\/\/www.agriculture-machine.com\/wp-content\/uploads\/2023\/11\/white-rice-making-line-240x180.webp 240w\" sizes=\"auto, (max-width: 720px) 100vw, 720px\" \/><figcaption class=\"wp-element-caption\">Wei\u00dfreis-Herstellungslinie<\/figcaption><\/figure>    <figure class=\"wp-block-image size-large\"><img loading=\"lazy\" decoding=\"async\" width=\"720\" height=\"540\" data-id=\"15265\" src=\"https:\/\/www.agriculture-machine.com\/wp-content\/uploads\/2023\/11\/rice-paddy-processing-plant.webp\" alt=\"Reisfeldverarbeitungsanlage\" class=\"wp-image-15265\" srcset=\"https:\/\/www.agriculture-machine.com\/wp-content\/uploads\/2023\/11\/rice-paddy-processing-plant.webp 720w, https:\/\/www.agriculture-machine.com\/wp-content\/uploads\/2023\/11\/rice-paddy-processing-plant-360x270.webp 360w, https:\/\/www.agriculture-machine.com\/wp-content\/uploads\/2023\/11\/rice-paddy-processing-plant-240x180.webp 240w\" sizes=\"auto, (max-width: 720px) 100vw, 720px\" \/><figcaption class=\"wp-element-caption\">Reisfeldverarbeitungsanlage<\/figcaption><\/figure> <\/figure>    <p class=\"translation-block\">Diese Maschinenreihe basiert auf <strong>Type 1<\/strong> mit der Erg\u00e4nzung einer zus\u00e4tzlichen Reism\u00fchle und eines Polierers sowie einer Reispaketiermaschine am Ende der Linie.<\/p>    <h3 class=\"wp-block-heading\">Moderne Reism\u00fchlenlinie Fabrik<\/h3>    <figure class=\"wp-block-gallery has-nested-images columns-default is-cropped wp-block-gallery-4 is-layout-flex wp-block-gallery-is-layout-flex\"> <figure class=\"wp-block-image size-large\"><img loading=\"lazy\" decoding=\"async\" width=\"720\" height=\"540\" data-id=\"15267\" src=\"https:\/\/www.agriculture-machine.com\/wp-content\/uploads\/2023\/11\/automatic-rice-mill-production-line.webp\" alt=\"Reism\u00fchlensystem\" class=\"wp-image-15267\" srcset=\"https:\/\/www.agriculture-machine.com\/wp-content\/uploads\/2023\/11\/automatic-rice-mill-production-line.webp 720w, https:\/\/www.agriculture-machine.com\/wp-content\/uploads\/2023\/11\/automatic-rice-mill-production-line-360x270.webp 360w, https:\/\/www.agriculture-machine.com\/wp-content\/uploads\/2023\/11\/automatic-rice-mill-production-line-240x180.webp 240w\" sizes=\"auto, (max-width: 720px) 100vw, 720px\" \/><figcaption class=\"wp-element-caption\">Reism\u00fchlensystem<\/figcaption><\/figure>    <figure class=\"wp-block-image size-large\"><img loading=\"lazy\" decoding=\"async\" width=\"720\" height=\"540\" data-id=\"15268\" src=\"https:\/\/www.agriculture-machine.com\/wp-content\/uploads\/2023\/11\/rice-milling-system.webp\" alt=\"Reism\u00fchlen-Einheit\" class=\"wp-image-15268\" srcset=\"https:\/\/www.agriculture-machine.com\/wp-content\/uploads\/2023\/11\/rice-milling-system.webp 720w, https:\/\/www.agriculture-machine.com\/wp-content\/uploads\/2023\/11\/rice-milling-system-360x270.webp 360w, https:\/\/www.agriculture-machine.com\/wp-content\/uploads\/2023\/11\/rice-milling-system-240x180.webp 240w\" sizes=\"auto, (max-width: 720px) 100vw, 720px\" \/><figcaption class=\"wp-element-caption\">Reism\u00fchlen-Einheit<\/figcaption><\/figure> <\/figure>    <p class=\"translation-block\">Die Kombination dieser Reism\u00fchlen-Einheit ist ebenfalls relativ einfach, indem am Ende von <strong>Type 1<\/strong> ein zus\u00e4tzlicher Farbenseparator und eine Verpackungsmaschine hinzugef\u00fcgt werden. Der Farbenseparator erkennt die Farbe und Form des Reises mittels eines hochintelligenten optischen Systems, wodurch ungeeigneter Reis, Farbflecken, Fremdk\u00f6rper und andere problematische Reisk\u00f6rner aussortiert werden k\u00f6nnen.<\/p>    <h3 class=\"wp-block-heading\">Wasserpolierer, Farbenseparator<\/h3>    <figure class=\"wp-block-gallery has-nested-images columns-default is-cropped wp-block-gallery-5 is-layout-flex wp-block-gallery-is-layout-flex\"> <figure class=\"wp-block-image size-large\"><img loading=\"lazy\" decoding=\"async\" width=\"720\" height=\"540\" data-id=\"15269\" src=\"https:\/\/www.agriculture-machine.com\/wp-content\/uploads\/2023\/11\/rice-miller-unit.webp\" alt=\"Integrierte Reissystemlinie\" class=\"wp-image-15269\" srcset=\"https:\/\/www.agriculture-machine.com\/wp-content\/uploads\/2023\/11\/rice-miller-unit.webp 720w, https:\/\/www.agriculture-machine.com\/wp-content\/uploads\/2023\/11\/rice-miller-unit-360x270.webp 360w, https:\/\/www.agriculture-machine.com\/wp-content\/uploads\/2023\/11\/rice-miller-unit-240x180.webp 240w\" sizes=\"auto, (max-width: 720px) 100vw, 720px\" \/><figcaption class=\"wp-element-caption\">Integrierte Reissystemlinie<\/figcaption><\/figure>    <figure class=\"wp-block-image size-large\"><img loading=\"lazy\" decoding=\"async\" width=\"720\" height=\"540\" data-id=\"15270\" src=\"https:\/\/www.agriculture-machine.com\/wp-content\/uploads\/2023\/11\/water-polisher-color-sorter.webp\" alt=\"Reis- und Reism\u00fchlen-Verarbeitungsanlagen\" class=\"wp-image-15270\" srcset=\"https:\/\/www.agriculture-machine.com\/wp-content\/uploads\/2023\/11\/water-polisher-color-sorter.webp 720w, https:\/\/www.agriculture-machine.com\/wp-content\/uploads\/2023\/11\/water-polisher-color-sorter-360x270.webp 360w, https:\/\/www.agriculture-machine.com\/wp-content\/uploads\/2023\/11\/water-polisher-color-sorter-240x180.webp 240w\" sizes=\"auto, (max-width: 720px) 100vw, 720px\" \/><figcaption class=\"wp-element-caption\">Reis- und Reism\u00fchlen-Verarbeitungsanlagen<\/figcaption><\/figure> <\/figure>    <p class=\"translation-block\">Diese Konfiguration baut auf <strong>Type 1<\/strong> auf, indem unmittelbar nach der Reism\u00fchle eine Wasserpoliermaschine hinzugef\u00fcgt wird, sowie Farbenseparator und Verpackungsausr\u00fcstung direkt nach dem Wei\u00dfreis-Gradierer (Details der zus\u00e4tzlichen Maschinen sind rechts dargestellt).<\/p>    <h3 class=\"wp-block-heading\">Designzeichnung-Service<\/h3>    <figure class=\"wp-block-gallery has-nested-images columns-default is-cropped wp-block-gallery-6 is-layout-flex wp-block-gallery-is-layout-flex\"> <figure class=\"wp-block-image size-large\"><img loading=\"lazy\" decoding=\"async\" width=\"720\" height=\"540\" data-id=\"15271\" src=\"https:\/\/www.agriculture-machine.com\/wp-content\/uploads\/2023\/11\/integrated-rice-processsing-line.webp\" alt=\"Nach Erhalt der Anzahlung k\u00f6nnen Sie uns den Layout-Plan Ihres Produktionswerks zusenden. Unsere Ingenieure werden das gesamte Design der Reism\u00fchlen-Einheit entsprechend Ihrer Werkstattgr\u00f6\u00dfe zeichnen. Ein Beispielplan ist unten dargestellt.\" class=\"wp-image-15271\" srcset=\"https:\/\/www.agriculture-machine.com\/wp-content\/uploads\/2023\/11\/integrated-rice-processsing-line.webp 720w, https:\/\/www.agriculture-machine.com\/wp-content\/uploads\/2023\/11\/integrated-rice-processsing-line-360x270.webp 360w, https:\/\/www.agriculture-machine.com\/wp-content\/uploads\/2023\/11\/integrated-rice-processsing-line-240x180.webp 240w\" sizes=\"auto, (max-width: 720px) 100vw, 720px\" \/><figcaption class=\"wp-element-caption\">Nach Erhalt der Anzahlung k\u00f6nnen Sie uns den Layout-Plan Ihres Produktionswerks zusenden. Unsere Ingenieure werden das gesamte Design der Reism\u00fchlen-Einheit entsprechend Ihrer Werkstattgr\u00f6\u00dfe zeichnen. Ein Beispielplan ist unten dargestellt.<\/figcaption><\/figure>    <figure class=\"wp-block-image size-large\"><img loading=\"lazy\" decoding=\"async\" width=\"720\" height=\"540\" data-id=\"15272\" src=\"https:\/\/www.agriculture-machine.com\/wp-content\/uploads\/2023\/11\/paddy-and-rice-processing-mills.webp\" alt=\"Zeichnung der Installation der Reism\u00fchlen-Einheit\" class=\"wp-image-15272\" srcset=\"https:\/\/www.agriculture-machine.com\/wp-content\/uploads\/2023\/11\/paddy-and-rice-processing-mills.webp 720w, https:\/\/www.agriculture-machine.com\/wp-content\/uploads\/2023\/11\/paddy-and-rice-processing-mills-360x270.webp 360w, https:\/\/www.agriculture-machine.com\/wp-content\/uploads\/2023\/11\/paddy-and-rice-processing-mills-240x180.webp 240w\" sizes=\"auto, (max-width: 720px) 100vw, 720px\" \/><figcaption class=\"wp-element-caption\">Zeichnung der Installation der Reism\u00fchlen-Einheit<\/figcaption><\/figure> <\/figure>    <p class=\"translation-block\">Das Set ist \u00e4hnlich wie die <strong>Type 4<\/strong> Konfiguration, mit dem Unterschied, dass die Anordnung einiger Maschinen vertauscht wurde. Der Farbenseparator wurde nach der ersten Reism\u00fchle platziert, der Wassernebel-Polierer nach dem Wei\u00dfreis-Gradierer, und unmittelbar danach wurde ein zus\u00e4tzlicher Lagerbeh\u00e4lter hinzugef\u00fcgt, um zu verhindern, dass die M\u00fchlengeschwindigkeit mit der Verpackungsmaschine Schritt h\u00e4lt.<\/p>    <h2 class=\"wp-block-heading\">Basierend auf den f\u00fcnf verschiedenen Kombinationen der Reism\u00fchlen-Einheit oben ist es leicht zu erkennen, dass Ihre Optionen beim Kauf einer Maschine zur Reisherstellung sehr flexibel sein k\u00f6nnen. Sie k\u00f6nnen w\u00e4hlen, ob Sie bestimmte zus\u00e4tzliche Maschinen kaufen m\u00f6chten oder nicht, und Sie k\u00f6nnen auch einige Maschinen an Ihre Vorlieben anpassen. Diese Vielseitigkeit erm\u00f6glicht es der Linie, Reproduktionsszenarien mit unterschiedlichen Verarbeitungsanforderungen zu erf\u00fcllen.<\/h2>    <p>25 TPD Reism\u00fchlen-Linie<\/p>    <figure class=\"wp-block-image size-full\"><img loading=\"lazy\" decoding=\"async\" width=\"720\" height=\"540\" src=\"https:\/\/www.agriculture-machine.com\/wp-content\/uploads\/2023\/11\/rice-miller-unit-installation-drawing.webp\" alt=\"K\u00fcrzlich wurde unsere stolze Reism\u00fchlen-Einheit, die 25 Tonnen Getreide pro Tag verarbeiten kann, wieder erfolgreich zum Verkauf angeboten. Diese Linie entfernt die Stahlrahmen-Konfiguration, macht das Ganze kompakter und praktischer und passt sich allen Arten von Platzbeschr\u00e4nkungen an.\" class=\"wp-image-15273\" srcset=\"https:\/\/www.agriculture-machine.com\/wp-content\/uploads\/2023\/11\/rice-miller-unit-installation-drawing.webp 720w, https:\/\/www.agriculture-machine.com\/wp-content\/uploads\/2023\/11\/rice-miller-unit-installation-drawing-360x270.webp 360w, https:\/\/www.agriculture-machine.com\/wp-content\/uploads\/2023\/11\/rice-miller-unit-installation-drawing-240x180.webp 240w\" sizes=\"auto, (max-width: 720px) 100vw, 720px\" \/><figcaption class=\"wp-element-caption\">K\u00fcrzlich wurde unsere stolze Reism\u00fchlen-Einheit, die 25 Tonnen Getreide pro Tag verarbeiten kann, wieder erfolgreich zum Verkauf angeboten. Diese Linie entfernt die Stahlrahmen-Konfiguration, macht das Ganze kompakter und praktischer und passt sich allen Arten von Platzbeschr\u00e4nkungen an.<\/figcaption><\/figure>    <p>Based on the five different rice miller unit combinations above, it&#8217;s easy to see that your options can be very flexible when it comes to purchasing a machine to process rice. You can choose whether or not to purchase certain additional machines, and you can also adjust some of the machines to suit your preferences. This versatility allows the line to meet rice production scenarios with different processing requirements.<\/p>    <p class=\"translation-block\">F\u00fcr weitere Konfigurationen der Reism\u00fchlen-Produktionslinie besuchen Sie bitte diese Website: <a href=\"https:\/\/www.agriculture-machine.com\/de\/rice-mill-category\/\"><strong>https:\/\/www.agriculture-machine.com\/rice-mill-category\/<\/strong><\/a>, und z\u00f6gern Sie nicht, uns f\u00fcr Beratung und Angebot zu kontaktieren.<\/p>","protected":false},"excerpt":{"rendered":"<p>Recently, our proud rice miller unit that can process 25 tons of grain per day has been successfully offered for sale again. Different from the traditional design, this production line purposely removes the steel frame configuration, making the whole more compact and convenient, adapting to all kinds of plant space limitations. Of course, we also [&hellip;]<\/p>\n","protected":false},"author":1,"featured_media":15262,"parent":0,"comment_status":"closed","ping_status":"closed","template":"","tags":[796],"product-type":[875,906],"class_list":["post-15261","product","type-product","status-publish","has-post-thumbnail","hentry","tag-rice","product-type-rice-mill-category","product-type-rice-mill-production-line"],"_links":{"self":[{"href":"https:\/\/www.agriculture-machine.com\/de\/wp-json\/wp\/v2\/product\/15261","targetHints":{"allow":["GET"]}}],"collection":[{"href":"https:\/\/www.agriculture-machine.com\/de\/wp-json\/wp\/v2\/product"}],"about":[{"href":"https:\/\/www.agriculture-machine.com\/de\/wp-json\/wp\/v2\/types\/product"}],"author":[{"embeddable":true,"href":"https:\/\/www.agriculture-machine.com\/de\/wp-json\/wp\/v2\/users\/1"}],"replies":[{"embeddable":true,"href":"https:\/\/www.agriculture-machine.com\/de\/wp-json\/wp\/v2\/comments?post=15261"}],"wp:featuredmedia":[{"embeddable":true,"href":"https:\/\/www.agriculture-machine.com\/de\/wp-json\/wp\/v2\/media\/15262"}],"wp:attachment":[{"href":"https:\/\/www.agriculture-machine.com\/de\/wp-json\/wp\/v2\/media?parent=15261"}],"wp:term":[{"taxonomy":"post_tag","embeddable":true,"href":"https:\/\/www.agriculture-machine.com\/de\/wp-json\/wp\/v2\/tags?post=15261"},{"taxonomy":"product-type","embeddable":true,"href":"https:\/\/www.agriculture-machine.com\/de\/wp-json\/wp\/v2\/product-type?post=15261"}],"curies":[{"name":"wp","href":"https:\/\/api.w.org\/{rel}","templated":true}]}}