{"id":15278,"date":"2023-11-24T17:17:45","date_gmt":"2023-11-24T09:17:45","guid":{"rendered":"https:\/\/www.agriculture-machine.com\/?post_type=product&#038;p=15278"},"modified":"2024-09-18T15:44:15","modified_gmt":"2024-09-18T07:44:15","slug":"25tpd-rice-milling-line","status":"publish","type":"product","link":"https:\/\/www.agriculture-machine.com\/de\/25tpd-rice-milling-line\/","title":{"rendered":"25TPD Reism\u00fchlenlinie mit Stahlrahmen"},"content":{"rendered":"<p>Die Taizy-Firma bietet eine Reism\u00fchlenlinie mit einer Tagesleistung von 25 Tonnen, die mit einem robusten Stahlrahmen ausgestattet ist, um eine effiziente und zuverl\u00e4ssige L\u00f6sung f\u00fcr Ihre Reisherstellung zu bieten. Die Kapazit\u00e4t von 25 Tonnen pro Tag stellt sicher, dass Sie gro\u00dfe Reism\u00fchlenbed\u00fcrfnisse sowohl f\u00fcr mittelgro\u00dfe als auch f\u00fcr gro\u00dfe Reishersteller bew\u00e4ltigen k\u00f6nnen.<\/p>    <figure class=\"wp-block-image size-full\"><img loading=\"lazy\" decoding=\"async\" width=\"720\" height=\"540\" src=\"https:\/\/www.agriculture-machine.com\/wp-content\/uploads\/2023\/11\/rice-milling-line-with-frame-structure.webp\" alt=\"Die Taizy-Firma bietet eine Reism\u00fchlenlinie mit einer Tagesleistung von 25 Tonnen, die mit einer robusten Stahlrahmenkonfiguration ausgestattet ist, um eine effiziente und zuverl\u00e4ssige L\u00f6sung f\u00fcr Ihre Reisherstellung zu bieten.\" class=\"wp-image-15282\" srcset=\"https:\/\/www.agriculture-machine.com\/wp-content\/uploads\/2023\/11\/rice-milling-line-with-frame-structure.webp 720w, https:\/\/www.agriculture-machine.com\/wp-content\/uploads\/2023\/11\/rice-milling-line-with-frame-structure-360x270.webp 360w, https:\/\/www.agriculture-machine.com\/wp-content\/uploads\/2023\/11\/rice-milling-line-with-frame-structure-240x180.webp 240w\" sizes=\"auto, (max-width: 720px) 100vw, 720px\" \/><figcaption class=\"wp-element-caption\">Reism\u00fchlenlinie mit Rahmenstruktur<\/figcaption><\/figure>    <p class=\"translation-block\">In der Zwischenzeit haben wir auch die gleiche Produktionslinie ohne Stahlrahmen verf\u00fcgbar, bitte klicken Sie hier, um zu sehen: die <strong><a href=\"https:\/\/www.agriculture-machine.com\/de\/25tpd-rice-miller-unit\/\">25-Tonnen\/Tag Reism\u00fchlen-Einheit ohne Stahlrahmen<\/a><\/strong>.<\/p>    <h2 class=\"wp-block-heading\">This Paddy Processing Line&#8217;s Main Features<\/h2>    <ul class=\"wp-block-list\"> <li><strong>Robuster Stahlrahmen:<\/strong> Hochwertig aus Stahl gefertigt, ist die Struktur robust und langlebig, was die Stabilit\u00e4t und langfristige Zuverl\u00e4ssigkeit der gesamten Produktionslinie gew\u00e4hrleistet.<\/li>    <li><strong>Hoch anpassbar:<\/strong> Sie k\u00f6nnen die passende Konfiguration entsprechend Ihrer Produktionsgr\u00f6\u00dfe und Anforderungen w\u00e4hlen, was eine hochgradig personalisierte Anpassung der Reism\u00fchlenlinie erm\u00f6glicht.<\/li>    <li><strong>Platzsparend:<\/strong> Die kompakte und robuste Stahlrahmenstruktur bietet nicht nur eine starke Unterst\u00fctzung, sondern nutzt auch den Platz in der Anlage effektiv, um eine effiziente Anordnung der Ger\u00e4te zu gew\u00e4hrleisten.<\/li>    <li><strong>Flexible Konfiguration:<\/strong> It can be customized according to the customer&#8217;s needs, including components such as rice milling machine type, polishing machine, color sorter, etc. to meet different rice milling requirements.<\/li> <\/ul>    <figure class=\"wp-block-gallery has-nested-images columns-default is-cropped wp-block-gallery-2 is-layout-flex wp-block-gallery-is-layout-flex\"> <figure class=\"wp-block-image size-large\"><img loading=\"lazy\" decoding=\"async\" width=\"720\" height=\"540\" data-id=\"15280\" src=\"https:\/\/www.agriculture-machine.com\/wp-content\/uploads\/2023\/11\/paddy-mill-production-line.webp\" alt=\"Reisfeldm\u00fchle Produktionslinie\" class=\"wp-image-15280\" srcset=\"https:\/\/www.agriculture-machine.com\/wp-content\/uploads\/2023\/11\/paddy-mill-production-line.webp 720w, https:\/\/www.agriculture-machine.com\/wp-content\/uploads\/2023\/11\/paddy-mill-production-line-360x270.webp 360w, https:\/\/www.agriculture-machine.com\/wp-content\/uploads\/2023\/11\/paddy-mill-production-line-240x180.webp 240w\" sizes=\"auto, (max-width: 720px) 100vw, 720px\" \/><figcaption class=\"wp-element-caption\">Reisfeldm\u00fchle Produktionslinie<\/figcaption><\/figure>    <figure class=\"wp-block-image size-large\"><img loading=\"lazy\" decoding=\"async\" width=\"720\" height=\"540\" data-id=\"15281\" src=\"https:\/\/www.agriculture-machine.com\/wp-content\/uploads\/2023\/11\/paddy-rice-processing-system.webp\" alt=\"Paddy-Reisverarbeitungssystem\" class=\"wp-image-15281\" srcset=\"https:\/\/www.agriculture-machine.com\/wp-content\/uploads\/2023\/11\/paddy-rice-processing-system.webp 720w, https:\/\/www.agriculture-machine.com\/wp-content\/uploads\/2023\/11\/paddy-rice-processing-system-360x270.webp 360w, https:\/\/www.agriculture-machine.com\/wp-content\/uploads\/2023\/11\/paddy-rice-processing-system-240x180.webp 240w\" sizes=\"auto, (max-width: 720px) 100vw, 720px\" \/><figcaption class=\"wp-element-caption\">Paddy-Reisverarbeitungssystem<\/figcaption><\/figure> <\/figure>    <p>Die zugrunde liegende Plattform ist strategisch integriert, um sicherzustellen, dass alle Maschinen nahtlos auf derselben Ebene arbeiten. Dies f\u00f6rdert nicht nur einen harmonischen Arbeitsablauf, sondern erleichtert auch die effiziente Verbindung zwischen den verschiedenen Komponenten. Die obere Plattform bietet einen praktischen Raum f\u00fcr Aufzugsinspektionen und Wartung, was die Ausfallzeiten reduziert und die Lebensdauer der Einheit verbessert.<\/p>    <h2 class=\"wp-block-heading\">Drei Arten von Reism\u00fchlenlinien mit Stahlrahmen<\/h2>    <p>Reism\u00fchlenproduktionslinien k\u00f6nnen auf vielf\u00e4ltige Weise kombiniert werden. Drei Konfigurationen sind unten aufgef\u00fchrt, die kurz die Zusammensetzung jeder Linie beschreiben.<\/p>    <h3 class=\"wp-block-heading\">Typ 1<\/h3>    <figure class=\"wp-block-gallery has-nested-images columns-default is-cropped wp-block-gallery-3 is-layout-flex wp-block-gallery-is-layout-flex\"> <figure class=\"wp-block-image size-large\"><img loading=\"lazy\" decoding=\"async\" width=\"720\" height=\"540\" data-id=\"15284\" src=\"https:\/\/www.agriculture-machine.com\/wp-content\/uploads\/2023\/11\/rice-miller-equipments.webp\" alt=\"25TPD Erschwingliche automatische Reism\u00fchlenlinie mit Stahlrahmenstruktur\" class=\"wp-image-15284\" srcset=\"https:\/\/www.agriculture-machine.com\/wp-content\/uploads\/2023\/11\/rice-miller-equipments.webp 720w, https:\/\/www.agriculture-machine.com\/wp-content\/uploads\/2023\/11\/rice-miller-equipments-360x270.webp 360w, https:\/\/www.agriculture-machine.com\/wp-content\/uploads\/2023\/11\/rice-miller-equipments-240x180.webp 240w\" sizes=\"auto, (max-width: 720px) 100vw, 720px\" \/><figcaption class=\"wp-element-caption\">Reism\u00fchlenausr\u00fcstung<\/figcaption><\/figure>    <figure class=\"wp-block-image size-large\"><img loading=\"lazy\" decoding=\"async\" width=\"720\" height=\"540\" data-id=\"15283\" src=\"https:\/\/www.agriculture-machine.com\/wp-content\/uploads\/2023\/11\/complete-rice-milling-machine.webp\" alt=\"Komplette Reism\u00fchlenmaschine\" class=\"wp-image-15283\" srcset=\"https:\/\/www.agriculture-machine.com\/wp-content\/uploads\/2023\/11\/complete-rice-milling-machine.webp 720w, https:\/\/www.agriculture-machine.com\/wp-content\/uploads\/2023\/11\/complete-rice-milling-machine-360x270.webp 360w, https:\/\/www.agriculture-machine.com\/wp-content\/uploads\/2023\/11\/complete-rice-milling-machine-240x180.webp 240w\" sizes=\"auto, (max-width: 720px) 100vw, 720px\" \/><figcaption class=\"wp-element-caption\">Komplette Reism\u00fchlenmaschine<\/figcaption><\/figure> <\/figure>    <p>Diese Kombination der Reism\u00fchlenlinie ist eine herk\u00f6mmliche Paddy-Reis-Entsch\u00e4umer, Sch\u00e4lmaschine, Schwerkraft-Paddy-Separator, zwei Reism\u00fchlen, gefolgt von einem Farbsortierer, Polierer, Wei\u00dfreisgrader und einer Gewichtungs- und Verpackungsmaschine.<\/p>    <h3 class=\"wp-block-heading\">Komplette Reverarbeitungsanlage<\/h3>    <figure class=\"wp-block-gallery has-nested-images columns-default is-cropped wp-block-gallery-4 is-layout-flex wp-block-gallery-is-layout-flex\"> <figure class=\"wp-block-image size-large\"><img loading=\"lazy\" decoding=\"async\" width=\"720\" height=\"540\" data-id=\"15285\" src=\"https:\/\/www.agriculture-machine.com\/wp-content\/uploads\/2023\/11\/complete-rice-processing-plant.webp\" alt=\"Wei\u00dfreisverarbeitungsservice\" class=\"wp-image-15285\" srcset=\"https:\/\/www.agriculture-machine.com\/wp-content\/uploads\/2023\/11\/complete-rice-processing-plant.webp 720w, https:\/\/www.agriculture-machine.com\/wp-content\/uploads\/2023\/11\/complete-rice-processing-plant-360x270.webp 360w, https:\/\/www.agriculture-machine.com\/wp-content\/uploads\/2023\/11\/complete-rice-processing-plant-240x180.webp 240w\" sizes=\"auto, (max-width: 720px) 100vw, 720px\" \/><figcaption class=\"wp-element-caption\">Wei\u00dfreisverarbeitungsservice<\/figcaption><\/figure>    <figure class=\"wp-block-image size-large\"><img loading=\"lazy\" decoding=\"async\" width=\"720\" height=\"540\" data-id=\"15286\" src=\"https:\/\/www.agriculture-machine.com\/wp-content\/uploads\/2023\/11\/white-rice-processing-service.webp\" alt=\"Wei\u00dfreis-Herstellungsprozess\" class=\"wp-image-15286\" srcset=\"https:\/\/www.agriculture-machine.com\/wp-content\/uploads\/2023\/11\/white-rice-processing-service.webp 720w, https:\/\/www.agriculture-machine.com\/wp-content\/uploads\/2023\/11\/white-rice-processing-service-360x270.webp 360w, https:\/\/www.agriculture-machine.com\/wp-content\/uploads\/2023\/11\/white-rice-processing-service-240x180.webp 240w\" sizes=\"auto, (max-width: 720px) 100vw, 720px\" \/><figcaption class=\"wp-element-caption\">Wei\u00dfreis-Herstellungsprozess<\/figcaption><\/figure> <\/figure>    <p class=\"translation-block\">This set is basically the same as the <strong>Type 1<\/strong>&#8216;s, with the only difference being the replacement of the polisher with a water-mist polishing machine, plus the addition of a storage bin after the white rice grader.<\/p>    <h3 class=\"wp-block-heading\">Moderne Reism\u00fchlenlinie Fabrik<\/h3>    <figure class=\"wp-block-gallery has-nested-images columns-default is-cropped wp-block-gallery-5 is-layout-flex wp-block-gallery-is-layout-flex\"> <figure class=\"wp-block-image size-large\"><img loading=\"lazy\" decoding=\"async\" width=\"720\" height=\"540\" data-id=\"15288\" src=\"https:\/\/www.agriculture-machine.com\/wp-content\/uploads\/2023\/11\/white-rice-making-process.webp\" alt=\"Verglichen mit den beiden oben genannten Konfigurationen verwendet dieses Set drei Reism\u00fchlen, um den Reis von h\u00f6herer Qualit\u00e4t herzustellen. Es nutzt auch eine fortschrittliche Vakuumverpackungsmaschine, um die Frische und Qualit\u00e4t des Reises zu gew\u00e4hrleisten und seine Haltbarkeit zu verl\u00e4ngern.\" class=\"wp-image-15288\" srcset=\"https:\/\/www.agriculture-machine.com\/wp-content\/uploads\/2023\/11\/white-rice-making-process.webp 720w, https:\/\/www.agriculture-machine.com\/wp-content\/uploads\/2023\/11\/white-rice-making-process-360x270.webp 360w, https:\/\/www.agriculture-machine.com\/wp-content\/uploads\/2023\/11\/white-rice-making-process-240x180.webp 240w\" sizes=\"auto, (max-width: 720px) 100vw, 720px\" \/><figcaption class=\"wp-element-caption\">Verglichen mit den beiden oben genannten Konfigurationen verwendet dieses Set drei Reism\u00fchlen, um den Reis von h\u00f6herer Qualit\u00e4t herzustellen. Es nutzt auch eine fortschrittliche Vakuumverpackungsmaschine, um die Frische und Qualit\u00e4t des Reises zu gew\u00e4hrleisten und seine Haltbarkeit zu verl\u00e4ngern.<\/figcaption><\/figure>    <figure class=\"wp-block-image size-large\"><img loading=\"lazy\" decoding=\"async\" width=\"720\" height=\"540\" data-id=\"15287\" src=\"https:\/\/www.agriculture-machine.com\/wp-content\/uploads\/2023\/11\/modern-rice-milling-line-factory.webp\" alt=\"Firmenpr\u00e4sentation und Kundenbesuch\" class=\"wp-image-15287\" srcset=\"https:\/\/www.agriculture-machine.com\/wp-content\/uploads\/2023\/11\/modern-rice-milling-line-factory.webp 720w, https:\/\/www.agriculture-machine.com\/wp-content\/uploads\/2023\/11\/modern-rice-milling-line-factory-360x270.webp 360w, https:\/\/www.agriculture-machine.com\/wp-content\/uploads\/2023\/11\/modern-rice-milling-line-factory-240x180.webp 240w\" sizes=\"auto, (max-width: 720px) 100vw, 720px\" \/><figcaption class=\"wp-element-caption\">Firmenpr\u00e4sentation und Kundenbesuch<\/figcaption><\/figure> <\/figure>    <p>Willkommen in unserem Werk. Wir zeichnen uns durch unseren starken Lagerbestand und effiziente Logistik aus, um eine termingerechte Lieferung zu gew\u00e4hrleisten, die Ihren Bed\u00fcrfnissen entspricht.<\/p>    <h2 class=\"wp-block-heading\">Vor-Ort-Demonstration der Reism\u00fchlenlinie<\/h2>    <p>Kundenbesuch bei Reism\u00fchlenanlage<\/p>    <figure class=\"wp-block-gallery has-nested-images columns-default is-cropped wp-block-gallery-6 is-layout-flex wp-block-gallery-is-layout-flex\"> <figure class=\"wp-block-image size-large\"><img loading=\"lazy\" decoding=\"async\" width=\"720\" height=\"540\" data-id=\"15290\" src=\"https:\/\/www.agriculture-machine.com\/wp-content\/uploads\/2023\/11\/rice-milling-line-on-site-demonstration.webp\" alt=\"Reism\u00fchlenlinie Kundendienst nach dem Verkauf\" class=\"wp-image-15290\" srcset=\"https:\/\/www.agriculture-machine.com\/wp-content\/uploads\/2023\/11\/rice-milling-line-on-site-demonstration.webp 720w, https:\/\/www.agriculture-machine.com\/wp-content\/uploads\/2023\/11\/rice-milling-line-on-site-demonstration-360x270.webp 360w, https:\/\/www.agriculture-machine.com\/wp-content\/uploads\/2023\/11\/rice-milling-line-on-site-demonstration-240x180.webp 240w\" sizes=\"auto, (max-width: 720px) 100vw, 720px\" \/><figcaption class=\"wp-element-caption\">Reism\u00fchlenlinie Kundendienst nach dem Verkauf<\/figcaption><\/figure>    <figure class=\"wp-block-image size-large\"><img loading=\"lazy\" decoding=\"async\" width=\"720\" height=\"540\" data-id=\"15289\" src=\"https:\/\/www.agriculture-machine.com\/wp-content\/uploads\/2023\/11\/rice-mill-unit-customer-visit.webp\" alt=\"Nachdem wir alle Maschinen der Reism\u00fchlenlinie fertiggestellt haben, wird jeder Teil mit einem Etikett versehen. Wir stellen auch Betriebsanleitungen f\u00fcr jede Maschine bereit.\" class=\"wp-image-15289\" srcset=\"https:\/\/www.agriculture-machine.com\/wp-content\/uploads\/2023\/11\/rice-mill-unit-customer-visit.webp 720w, https:\/\/www.agriculture-machine.com\/wp-content\/uploads\/2023\/11\/rice-mill-unit-customer-visit-360x270.webp 360w, https:\/\/www.agriculture-machine.com\/wp-content\/uploads\/2023\/11\/rice-mill-unit-customer-visit-240x180.webp 240w\" sizes=\"auto, (max-width: 720px) 100vw, 720px\" \/><figcaption class=\"wp-element-caption\">Nachdem wir alle Maschinen der Reism\u00fchlenlinie fertiggestellt haben, wird jeder Teil mit einem Etikett versehen. Wir stellen auch Betriebsanleitungen f\u00fcr jede Maschine bereit.<\/figcaption><\/figure> <\/figure>    <h2 class=\"wp-block-heading\">Wir installieren jeden Teil in unserer Fabrik und nehmen ein klares Video vom Installationsprozess auf. Sie folgen unseren Bildern und Videos f\u00fcr die Installation.<\/h2>    <ol class=\"wp-block-list\"> <li>Bei Fragen k\u00f6nnen Sie Bilder und Videos machen, wir bieten Online-Service. Oder wir k\u00f6nnen direkt per Videochat kommunizieren.<\/li>    <li>Wir k\u00f6nnen Ingenieure zu Ihnen schicken, um die Installation, Inbetriebnahme und Schulung des Personals zu begleiten.<\/li>    <li>Au\u00dfer Verschlei\u00dfteilen, menschlichem Schaden und unsachgem\u00e4\u00dfer Bedienung sind die Hauptger\u00e4te und Motoren f\u00fcr 1 Jahr garantiert, und wir bieten lebenslangen Online-Technik-Support.<\/li>    <li>Reism\u00fchlenlinie mit Stahlrahmen<\/li>    <li>Reism\u00fchlenlinie mit Rahmenstruktur<\/li> <\/ol>    <p class=\"translation-block\">Um mehr \u00fcber Reisl\u00f6sungen zu erfahren, besuchen Sie bitte diese Website <strong><a href=\"https:\/\/www.agriculture-machine.com\/de\/rice-mill-category\/\">https:\/\/www.agriculture-machine.com\/rice-mill-category\/<\/a><\/strong>. Bei Fragen z\u00f6gern Sie bitte nicht, uns zu kontaktieren. Wir bieten Ihnen die optimale L\u00f6sung!<\/p>","protected":false},"excerpt":{"rendered":"<p>Taizy company offers a 25 tons per day output rice milling line that carries a sturdy steel frame configuration designed to provide an efficient and reliable solution for your rice production. The 25 tons per day capacity ensures that you can cope with large-scale rice milling needs for both medium and large rice producers. Meanwhile, [&hellip;]<\/p>\n","protected":false},"author":1,"featured_media":15279,"parent":0,"comment_status":"closed","ping_status":"closed","template":"","tags":[796],"product-type":[875,906],"class_list":["post-15278","product","type-product","status-publish","has-post-thumbnail","hentry","tag-rice","product-type-rice-mill-category","product-type-rice-mill-production-line"],"_links":{"self":[{"href":"https:\/\/www.agriculture-machine.com\/de\/wp-json\/wp\/v2\/product\/15278","targetHints":{"allow":["GET"]}}],"collection":[{"href":"https:\/\/www.agriculture-machine.com\/de\/wp-json\/wp\/v2\/product"}],"about":[{"href":"https:\/\/www.agriculture-machine.com\/de\/wp-json\/wp\/v2\/types\/product"}],"author":[{"embeddable":true,"href":"https:\/\/www.agriculture-machine.com\/de\/wp-json\/wp\/v2\/users\/1"}],"replies":[{"embeddable":true,"href":"https:\/\/www.agriculture-machine.com\/de\/wp-json\/wp\/v2\/comments?post=15278"}],"wp:featuredmedia":[{"embeddable":true,"href":"https:\/\/www.agriculture-machine.com\/de\/wp-json\/wp\/v2\/media\/15279"}],"wp:attachment":[{"href":"https:\/\/www.agriculture-machine.com\/de\/wp-json\/wp\/v2\/media?parent=15278"}],"wp:term":[{"taxonomy":"post_tag","embeddable":true,"href":"https:\/\/www.agriculture-machine.com\/de\/wp-json\/wp\/v2\/tags?post=15278"},{"taxonomy":"product-type","embeddable":true,"href":"https:\/\/www.agriculture-machine.com\/de\/wp-json\/wp\/v2\/product-type?post=15278"}],"curies":[{"name":"wp","href":"https:\/\/api.w.org\/{rel}","templated":true}]}}