{"id":15356,"date":"2023-12-06T15:55:33","date_gmt":"2023-12-06T07:55:33","guid":{"rendered":"https:\/\/www.agriculture-machine.com\/?post_type=product&#038;p=15356"},"modified":"2024-09-18T15:44:23","modified_gmt":"2024-09-18T07:44:23","slug":"30tpd-rice-hulling-plant","status":"publish","type":"product","link":"https:\/\/www.agriculture-machine.com\/de\/30tpd-rice-hulling-plant\/","title":{"rendered":"30TPD Modernes integriertes Reissch\u00e4lwerk"},"content":{"rendered":"<p class=\"translation-block\">Die <strong>30TPD Reissch\u00e4lanlage<\/strong> ist in der Regel f\u00fcr mittelgro\u00dfe bis gro\u00dfe Reism\u00fchlen oder Verarbeitungsanlagen geeignet, um die Marktnachfrage nach essbarem wei\u00dfen Reis zu decken. Es gibt verschiedene Tonnenzahlen und Konfigurationen von Reismaschinen, die Sie auf dieser Seite ansehen k\u00f6nnen: <strong><a href=\"https:\/\/www.agriculture-machine.com\/de\/rice-mill-category\/\">https:\/\/www.agriculture-machine.com\/rice-mill-category\/<\/a><\/strong>.<\/p>    <figure class=\"wp-block-image size-full\"><img loading=\"lazy\" decoding=\"async\" width=\"720\" height=\"540\" src=\"https:\/\/www.agriculture-machine.com\/wp-content\/uploads\/2023\/12\/complete-rice-hulling-and-milling-line.webp\" alt=\"Komplette Reissch\u00e4l- und M\u00fchlanlage\" class=\"wp-image-15361\" srcset=\"https:\/\/www.agriculture-machine.com\/wp-content\/uploads\/2023\/12\/complete-rice-hulling-and-milling-line.webp 720w, https:\/\/www.agriculture-machine.com\/wp-content\/uploads\/2023\/12\/complete-rice-hulling-and-milling-line-360x270.webp 360w, https:\/\/www.agriculture-machine.com\/wp-content\/uploads\/2023\/12\/complete-rice-hulling-and-milling-line-240x180.webp 240w\" sizes=\"auto, (max-width: 720px) 100vw, 720px\" \/><figcaption class=\"wp-element-caption\">Komplette Reissch\u00e4l- und M\u00fchlanlage<\/figcaption><\/figure>    <h2 class=\"wp-block-heading\">Hauptkomponenten der 30TPD Reissch\u00e4lanlage<\/h2>    <p class=\"translation-block\">Die unten gezeigte Kombination ist relativ einfach, mit einem Arbeitsablauf von links nach rechts, mit einem Entstauber, Sch\u00e4lmaschine, Schwerkraftklassifizierer, Reism\u00fchle, einer zweiten Reism\u00fchle sowie einem wei\u00dfen Reissortierer. Dies \u00e4hnelt der erweiterten 15-Tonnen-pro-Tag-Linie (<a href=\"https:\/\/www.agriculture-machine.com\/de\/rice-mill-production-line\/\"><strong>15TPD Reism\u00fchlenproduktionslinie mit Polierer und wei\u00dfem Reissortierer<\/strong><\/a>), au\u00dfer dass jede Maschine gr\u00f6\u00dfer gebaut wurde.<\/p>    <p>Nat\u00fcrlich k\u00f6nnen Sie je nach Bedarf auch einen Wassernebel-Polierer hinzuf\u00fcgen. Sie k\u00f6nnen sp\u00e4ter auch Farbsortierer, Beh\u00e4lter und Verpackungsmaschinen erg\u00e4nzen.<\/p>    <figure class=\"wp-block-image size-full\"><img loading=\"lazy\" decoding=\"async\" width=\"720\" height=\"540\" src=\"https:\/\/www.agriculture-machine.com\/wp-content\/uploads\/2023\/12\/rice-hulling-plant-for-sale.webp\" alt=\"Reissch\u00e4lanlage zum Verkauf\" class=\"wp-image-15357\" srcset=\"https:\/\/www.agriculture-machine.com\/wp-content\/uploads\/2023\/12\/rice-hulling-plant-for-sale.webp 720w, https:\/\/www.agriculture-machine.com\/wp-content\/uploads\/2023\/12\/rice-hulling-plant-for-sale-360x270.webp 360w, https:\/\/www.agriculture-machine.com\/wp-content\/uploads\/2023\/12\/rice-hulling-plant-for-sale-240x180.webp 240w\" sizes=\"auto, (max-width: 720px) 100vw, 720px\" \/><\/figure>    <h2 class=\"wp-block-heading\">Wirtschaftliche Vorteile der 30-Tonnen-pro-Tag-Reisverarbeitungsanlage<\/h2>    <ol class=\"wp-block-list\"> <li><strong>Hohe Kapitalrendite:<\/strong> Da diese Reissch\u00e4lanlage eine hoch effiziente Produktionskapazit\u00e4t hat, die eine signifikante Steigerung der Ausbeute erm\u00f6glicht und somit eine schnellere Kapitalrendite bietet, k\u00f6nnen Investoren mit einer hohen Rendite rechnen.<\/li>    <li><strong>Geringere Produktionskosten:<\/strong> Das automatische Steuersystem erm\u00f6glicht eine intelligente Produktion, reduziert Abfall w\u00e4hrend des Betriebs und senkt effektiv Arbeitskosten sowie Energieverbrauch.<\/li>    <li><strong>Verbesserte Ausbeute und Effizienz:<\/strong> More raw materials can be processed efficiently. This is essential for coping with fluctuations in market demand, handling large orders, and improving the company&#8217;s resilience.<\/li>    <li><strong>Starke Wettbewerbsf\u00e4higkeit auf dem Markt:<\/strong> Dank der effizienten Produktionskapazit\u00e4t und der \u00fcberlegenen Produktqualit\u00e4t k\u00f6nnen Investoren eine g\u00fcnstige Marktposition einnehmen. Es kann ein gutes Markenimage aufbauen, den Marktanteil erh\u00f6hen und mehr Kunden gewinnen.<\/li> <\/ol>    <figure class=\"wp-block-image size-full\"><img loading=\"lazy\" decoding=\"async\" width=\"720\" height=\"540\" src=\"https:\/\/www.agriculture-machine.com\/wp-content\/uploads\/2023\/12\/rice-hulling-plant-factory.webp\" alt=\"Reissch\u00e4lanlagenfabrik\" class=\"wp-image-15359\" srcset=\"https:\/\/www.agriculture-machine.com\/wp-content\/uploads\/2023\/12\/rice-hulling-plant-factory.webp 720w, https:\/\/www.agriculture-machine.com\/wp-content\/uploads\/2023\/12\/rice-hulling-plant-factory-360x270.webp 360w, https:\/\/www.agriculture-machine.com\/wp-content\/uploads\/2023\/12\/rice-hulling-plant-factory-240x180.webp 240w\" sizes=\"auto, (max-width: 720px) 100vw, 720px\" \/><figcaption class=\"wp-element-caption\">Reissch\u00e4lanlagenfabrik<\/figcaption><\/figure>    <h2 class=\"wp-block-heading\">Grundprinzipien der Reisverarbeitung<\/h2>    <p>Brauner Reis hat eine relativ glatte und robuste Hautschicht, die eine gewisse Verbindung zum Endosperm aufweist, sodass das Entfernen der Hautschicht externe Kraft erfordert, um diese Verbindung zu brechen. <\/p>    <p>Derzeit wird in verschiedenen Reism\u00fchlen h\u00e4ufig die Verwendung der Komponenten der wei\u00dfen Reism\u00fchle und die mechanische Kraft zwischen den Reisk\u00f6rnern sowie die Kollision und Reibung zwischen den Reisk\u00f6rnern genutzt, um braunen Reis zu wei\u00dfen zu verarbeiten.<\/p>    <figure class=\"wp-block-image size-full\"><img loading=\"lazy\" decoding=\"async\" width=\"720\" height=\"540\" src=\"https:\/\/www.agriculture-machine.com\/wp-content\/uploads\/2023\/12\/paddy-processing-line-machines.webp\" alt=\"Reisverarbeitungsmaschinenlinie\" class=\"wp-image-15360\" srcset=\"https:\/\/www.agriculture-machine.com\/wp-content\/uploads\/2023\/12\/paddy-processing-line-machines.webp 720w, https:\/\/www.agriculture-machine.com\/wp-content\/uploads\/2023\/12\/paddy-processing-line-machines-360x270.webp 360w, https:\/\/www.agriculture-machine.com\/wp-content\/uploads\/2023\/12\/paddy-processing-line-machines-240x180.webp 240w\" sizes=\"auto, (max-width: 720px) 100vw, 720px\" \/><figcaption class=\"wp-element-caption\">Reisverarbeitungsmaschinenlinie<\/figcaption><\/figure>    <h2 class=\"wp-block-heading\">Produktqualit\u00e4tsgarantie<\/h2>    <ul class=\"wp-block-list\" start=\"3\"> <li><strong>Effizientes Siebssystem:<\/strong> Die f\u00fchrende Farbsortiertechnologie kann \u00fcbernommen werden, die effizient Fremdstoffe und minderwertige Produkte aussortiert, um die Reinheit und Qualit\u00e4t der Endprodukte zu sichern.<\/li>    <li><strong>Auswahl hochwertiger Materialien:<\/strong> Schl\u00fcsselteile und Materialien werden sorgf\u00e4ltig ausgew\u00e4hlt, um eine gute Verschlei\u00dffestigkeit, Stabilit\u00e4t und Korrosionsbest\u00e4ndigkeit zu gew\u00e4hrleisten, was die Lebensdauer der Reiskernsch\u00e4lanlage verl\u00e4ngert.<\/li>    <li><strong>Strenger Qualit\u00e4tskontrollprozess:<\/strong> W\u00e4hrend des Produktionsprozesses werden strenge Qualit\u00e4tskontrollpunkte eingerichtet, um sicherzustellen, dass jedes Produkt die hohen Qualit\u00e4tsstandards durch mehrere Runden multidimensionaler Tests erf\u00fcllt.<\/li>    <li><strong>Kundendienst nach dem Verkauf:<\/strong> Wir bieten umfassenden Kundendienst, einschlie\u00dflich Schulung, Wartung und Upgrades, um sicherzustellen, dass Kunden w\u00e4hrend des Gebrauchs rechtzeitig Unterst\u00fctzung erhalten und die Ausr\u00fcstung effizient l\u00e4uft.<\/li> <\/ul>    <figure class=\"wp-block-image size-full\"><img loading=\"lazy\" decoding=\"async\" width=\"720\" height=\"540\" src=\"https:\/\/www.agriculture-machine.com\/wp-content\/uploads\/2023\/12\/25-30TPD-rice-hulling-plant-drawing.webp\" alt=\"Zeichnung der 25-30TPD Reissch\u00e4lanlage\" class=\"wp-image-15358\" srcset=\"https:\/\/www.agriculture-machine.com\/wp-content\/uploads\/2023\/12\/25-30TPD-rice-hulling-plant-drawing.webp 720w, https:\/\/www.agriculture-machine.com\/wp-content\/uploads\/2023\/12\/25-30TPD-rice-hulling-plant-drawing-360x270.webp 360w, https:\/\/www.agriculture-machine.com\/wp-content\/uploads\/2023\/12\/25-30TPD-rice-hulling-plant-drawing-240x180.webp 240w\" sizes=\"auto, (max-width: 720px) 100vw, 720px\" \/><figcaption class=\"wp-element-caption\">Zeichnung der 25-30TPD Reissch\u00e4lanlage<\/figcaption><\/figure>    <h2 class=\"wp-block-heading\">Erfolgreiche F\u00e4lle<\/h2>    <p>Unsere Reism\u00fchlen-Produktionslinie wurde nach Nigeria, Togo, die Philippinen, Ghana, Malawi, Iran, Indien und andere L\u00e4nder geliefert. Hier sind einige der bedeutenden F\u00e4lle:<\/p>    <ol class=\"wp-block-list\"> <li>Eine indonesische Reism\u00fchle f\u00fchrte unsere 30TPD Reissch\u00e4lanlage ein, was ihre Produktionskapazit\u00e4t erheblich steigerte. Nach Inbetriebnahme berichteten sie von einer Produktionssteigerung um 30 % und einer deutlichen Verbesserung der Produktqualit\u00e4t.<\/li>    <li>Ein Kleinbauer in Bangladesch automatisierte erfolgreich den Reism\u00fchlenprozess mit unserer Produktionslinie. Dies verbessert nicht nur die Produktionseffizienz, sondern er\u00f6ffnet auch einen gr\u00f6\u00dferen Markt f\u00fcr seine Produkte.<\/li>    <li>Eine vietnamesische Reism\u00fchle setzte unsere Anlage ein und verbesserte die Reissqualit\u00e4t durch fortschrittliche Farbsortiertechnologie. Dies half ihnen, ihr Markenimage auf dem wettbewerbsintensiven Markt zu st\u00e4rken.<\/li> <\/ol>    <p>Egal, was Ihre Bed\u00fcrfnisse sind, z\u00f6gern Sie nicht, uns zu kontaktieren und uns dies mitzuteilen. Unsere Gesch\u00e4ftsleiter helfen Ihnen gerne bei der Auswahl der passendsten und wirtschaftlichsten L\u00f6sung.<\/p>","protected":false},"excerpt":{"rendered":"<p>The 30TPD Rice Hulling Plant is usually suitable for medium to large-scale rice mills or processing plants to meet the market demand for edible white rice. There are various tonnages and configurations of rice milling equipment to choose from, which you can view by clicking on this page: https:\/\/www.agriculture-machine.com\/rice-mill-category\/. 30TPD Rice Hulling Plant Main Equipment [&hellip;]<\/p>\n","protected":false},"author":1,"featured_media":15399,"parent":0,"comment_status":"closed","ping_status":"closed","template":"","tags":[796],"product-type":[875,906],"class_list":["post-15356","product","type-product","status-publish","has-post-thumbnail","hentry","tag-rice","product-type-rice-mill-category","product-type-rice-mill-production-line"],"_links":{"self":[{"href":"https:\/\/www.agriculture-machine.com\/de\/wp-json\/wp\/v2\/product\/15356","targetHints":{"allow":["GET"]}}],"collection":[{"href":"https:\/\/www.agriculture-machine.com\/de\/wp-json\/wp\/v2\/product"}],"about":[{"href":"https:\/\/www.agriculture-machine.com\/de\/wp-json\/wp\/v2\/types\/product"}],"author":[{"embeddable":true,"href":"https:\/\/www.agriculture-machine.com\/de\/wp-json\/wp\/v2\/users\/1"}],"replies":[{"embeddable":true,"href":"https:\/\/www.agriculture-machine.com\/de\/wp-json\/wp\/v2\/comments?post=15356"}],"wp:featuredmedia":[{"embeddable":true,"href":"https:\/\/www.agriculture-machine.com\/de\/wp-json\/wp\/v2\/media\/15399"}],"wp:attachment":[{"href":"https:\/\/www.agriculture-machine.com\/de\/wp-json\/wp\/v2\/media?parent=15356"}],"wp:term":[{"taxonomy":"post_tag","embeddable":true,"href":"https:\/\/www.agriculture-machine.com\/de\/wp-json\/wp\/v2\/tags?post=15356"},{"taxonomy":"product-type","embeddable":true,"href":"https:\/\/www.agriculture-machine.com\/de\/wp-json\/wp\/v2\/product-type?post=15356"}],"curies":[{"name":"wp","href":"https:\/\/api.w.org\/{rel}","templated":true}]}}