{"id":15370,"date":"2023-12-07T13:37:51","date_gmt":"2023-12-07T05:37:51","guid":{"rendered":"https:\/\/www.agriculture-machine.com\/?post_type=product&#038;p=15370"},"modified":"2024-09-18T15:45:01","modified_gmt":"2024-09-18T07:45:01","slug":"40ton-paddy-husking-and-milling-line","status":"publish","type":"product","link":"https:\/\/www.agriculture-machine.com\/de\/40ton-paddy-husking-and-milling-line\/","title":{"rendered":"40 Tonnen\/Tag automatisierte Reissch\u00e4l- und Mahlanlage"},"content":{"rendered":"<p class=\"translation-block\">Taizy&#8217;s 30 tons per day output paddy husking and milling line is a set of highly efficient automated rice processing systems. The line includes a storage bin, water polishing, color sorting, and <strong><a href=\"https:\/\/www.agriculture-machine.com\/de\/rice-milling-plant-machine\/\">necessary essential infrastructure equipment<\/a><\/strong>, providing an integrated solution for farmers and rice processors, and reliable support for the modernization of the agricultural production chain.<\/p>    <figure class=\"wp-block-image size-full\"><img loading=\"lazy\" decoding=\"async\" width=\"720\" height=\"540\" src=\"https:\/\/www.agriculture-machine.com\/wp-content\/uploads\/2023\/12\/paddy-husking-and-milling-line-machines.webp\" alt=\"Reissch\u00e4l- und Mahlmaschinen\" class=\"wp-image-15373\" srcset=\"https:\/\/www.agriculture-machine.com\/wp-content\/uploads\/2023\/12\/paddy-husking-and-milling-line-machines.webp 720w, https:\/\/www.agriculture-machine.com\/wp-content\/uploads\/2023\/12\/paddy-husking-and-milling-line-machines-360x270.webp 360w, https:\/\/www.agriculture-machine.com\/wp-content\/uploads\/2023\/12\/paddy-husking-and-milling-line-machines-240x180.webp 240w\" sizes=\"auto, (max-width: 720px) 100vw, 720px\" \/><figcaption class=\"wp-element-caption\">Reissch\u00e4l- und Mahlmaschinen<\/figcaption><\/figure>    <h2 class=\"wp-block-heading\">40 TPD Reissch\u00e4l- und Mahlmaschinenstruktur<\/h2>    <p>Die Linie verl\u00e4uft von rechts nach links, beginnend mit einer Vorreinigungsmaschine, gefolgt von einer Entstaubungsmaschine (auch als umfassende Reinigungs- und Entstaubungsmaschine erh\u00e4ltlich), dann der bekannten H\u00fcllmaschine, Schwerkraftsortierer mit drei Durchg\u00e4ngen von Reis (oder Sie k\u00f6nnen nur zwei M\u00fchlen verwenden), gefolgt von einem Beh\u00e4lter und einem Wasserpolierer, Farbabstimmung, Vakuumverpackung und einer Verpackungsmaschine. Au\u00dferdem verwenden Sie einen Entgasungstank und einen Luftkompressor.<\/p>    <figure class=\"wp-block-image size-full\"><img loading=\"lazy\" decoding=\"async\" width=\"720\" height=\"540\" src=\"https:\/\/www.agriculture-machine.com\/wp-content\/uploads\/2023\/12\/rice-mill-machine-production-line.webp\" alt=\"Reism\u00fchlenmaschinen-Produktionslinie\" class=\"wp-image-15371\" srcset=\"https:\/\/www.agriculture-machine.com\/wp-content\/uploads\/2023\/12\/rice-mill-machine-production-line.webp 720w, https:\/\/www.agriculture-machine.com\/wp-content\/uploads\/2023\/12\/rice-mill-machine-production-line-360x270.webp 360w, https:\/\/www.agriculture-machine.com\/wp-content\/uploads\/2023\/12\/rice-mill-machine-production-line-240x180.webp 240w\" sizes=\"auto, (max-width: 720px) 100vw, 720px\" \/><figcaption class=\"wp-element-caption\">Reism\u00fchlenmaschinen-Produktionslinie<\/figcaption><\/figure>    <h2 class=\"wp-block-heading\"><strong>Beste Feuchtigkeit des Reiskorns f\u00fcr das Mahlen<\/strong><\/h2>    <ul class=\"wp-block-list\"> <li>Die optimale Feuchtigkeit des Reiskorns sollte 14,5 % betragen, und die Bruchrate beim Mahlen sollte etwa 2 % sein.<\/li>    <li>Niedriger als 14,5 % ist die Bruchrate h\u00f6her.<\/li>    <li>Higher than 14.5%, the breakage rate will be higher, and part of the paddy husk and bran will be blocked inside the machine, affecting the machine&#8217;s normal running, even motor burns.<\/li> <\/ul>    <figure class=\"wp-block-image size-full\"><img loading=\"lazy\" decoding=\"async\" width=\"720\" height=\"540\" src=\"https:\/\/www.agriculture-machine.com\/wp-content\/uploads\/2023\/12\/automatic-white-rice-processing-equipment.webp\" alt=\"Automatische Wei\u00dfreisverarbeitungsanlage\" class=\"wp-image-15375\" srcset=\"https:\/\/www.agriculture-machine.com\/wp-content\/uploads\/2023\/12\/automatic-white-rice-processing-equipment.webp 720w, https:\/\/www.agriculture-machine.com\/wp-content\/uploads\/2023\/12\/automatic-white-rice-processing-equipment-360x270.webp 360w, https:\/\/www.agriculture-machine.com\/wp-content\/uploads\/2023\/12\/automatic-white-rice-processing-equipment-240x180.webp 240w\" sizes=\"auto, (max-width: 720px) 100vw, 720px\" \/><figcaption class=\"wp-element-caption\">Automatische Wei\u00dfreisverarbeitungsanlage<\/figcaption><\/figure>    <h2 class=\"wp-block-heading\">Verwendungen von Stahlrahmenplattformen<\/h2>    <ul class=\"wp-block-list\"> <li>Die untere Plattform wird verwendet, um alle Maschinen der Reissch\u00e4l- und Mahllinie auf derselben Ebene zu platzieren, damit sie gut zusammenarbeiten k\u00f6nnen.<\/li>    <li>Die obere Plattform wird verwendet, um die Aufz\u00fcge zu \u00fcberpr\u00fcfen und zu reparieren.<\/li>    <li>Wenn Sie die Zementplattform selbst bauen k\u00f6nnen, k\u00f6nnen Sie sie entfernen und den entsprechenden Preis reduzieren.<\/li> <\/ul>    <h2 class=\"wp-block-heading\">Erfolgreiche F\u00e4lle der Reissch\u00e4l- und Mahllinie<\/h2>    <p>Our company&#8217;s rice milling unit production line has achieved remarkable success, not only recognized in the domestic market but also frequent transactions worldwide, involving more than ten countries including but not limited to Saudi Arabia, Vietnam, India, Pakistan, Bangladesh, Thailand, Nigeria, Kenya, Egypt, Brazil, Peru, and other countries.<\/p>    <figure class=\"wp-block-image size-full\"><img loading=\"lazy\" decoding=\"async\" width=\"720\" height=\"540\" src=\"https:\/\/www.agriculture-machine.com\/wp-content\/uploads\/2023\/12\/rice-milling-whitening-plant.webp\" alt=\"Reis-Mahl- und Wei\u00dfungsanlage\" class=\"wp-image-15376\" srcset=\"https:\/\/www.agriculture-machine.com\/wp-content\/uploads\/2023\/12\/rice-milling-whitening-plant.webp 720w, https:\/\/www.agriculture-machine.com\/wp-content\/uploads\/2023\/12\/rice-milling-whitening-plant-360x270.webp 360w, https:\/\/www.agriculture-machine.com\/wp-content\/uploads\/2023\/12\/rice-milling-whitening-plant-240x180.webp 240w\" sizes=\"auto, (max-width: 720px) 100vw, 720px\" \/><figcaption class=\"wp-element-caption\">Reis-Mahl- und Wei\u00dfungsanlage<\/figcaption><\/figure>    <p>Die Produktionslinie ist mit einem intelligenten Steuerungssystem ausgestattet, das einfach zu bedienen ist, die Arbeitskosten senkt und die Produktionseffizienz verbessert. Au\u00dferdem zeichnet sie sich durch starke Stabilit\u00e4t und hohe Haltbarkeit aus, was die Wartungskosten der Ausr\u00fcstung effektiv reduziert und ihre Lebensdauer verl\u00e4ngert. Diese Vorteile machen unsere Reism\u00fchlen-Produktionslinie auf dem Markt hervorstechend und bei Kunden sehr beliebt.<\/p>    <figure class=\"wp-block-image size-full\"><img loading=\"lazy\" decoding=\"async\" width=\"720\" height=\"540\" src=\"https:\/\/www.agriculture-machine.com\/wp-content\/uploads\/2023\/12\/40TPD-rice-husking-and-milling-line.webp\" alt=\"40 TPD Reissch\u00e4l- und Mahlmaschine\" class=\"wp-image-15377\" srcset=\"https:\/\/www.agriculture-machine.com\/wp-content\/uploads\/2023\/12\/40TPD-rice-husking-and-milling-line.webp 720w, https:\/\/www.agriculture-machine.com\/wp-content\/uploads\/2023\/12\/40TPD-rice-husking-and-milling-line-360x270.webp 360w, https:\/\/www.agriculture-machine.com\/wp-content\/uploads\/2023\/12\/40TPD-rice-husking-and-milling-line-240x180.webp 240w\" sizes=\"auto, (max-width: 720px) 100vw, 720px\" \/><figcaption class=\"wp-element-caption\">40 TPD Reissch\u00e4l- und Mahlmaschine<\/figcaption><\/figure>    <h2 class=\"wp-block-heading\">Reis-Mahl- und Nebenprodukttrennlinie<\/h2>    <p>Das Nebenprodukt, das aus der Reissch\u00e4l- und Mahllinie sowie der Fertigproduktveredelung gewonnen wird, ist die Mischung aus Kleie und Schale, die nicht nur Reiskleie und Reisschale (Endosperm-K\u00f6rner mit kleinerem Korn als bei kleinem Bruchreis) enth\u00e4lt, sondern auch vollst\u00e4ndige Reisk\u00f6rner aufgrund des Risses im Reissieb oder wegen unsachgem\u00e4\u00dfer Bedienung usw.<\/p>    <ul class=\"wp-block-list\"> <li>Reiskleie hat einen hohen wirtschaftlichen Wert, nicht nur f\u00fcr die Herstellung von Reiskleie\u00f6l, sondern auch f\u00fcr die Extraktion von Produkten wie Gluten, Calcium-Phytat usw., sowie f\u00fcr die Herstellung von Futtermitteln.<\/li>    <li>Die chemische Zusammensetzung des Reisscharms ist die gleiche wie die des Vollreises, sodass sie als Rohstoff f\u00fcr die Herstellung von Zucker und Wein verwendet werden kann.<\/li>    <li>Ganzer Reiskorn muss zur weiteren Mahlung in die Reism\u00fchle zur\u00fcckgef\u00fchrt werden, um eine h\u00f6here Ausbeute zu erzielen.<\/li>    <li>Bruchreis kann zur Herstellung von proteinreichem Reismehl, Getr\u00e4nken, Wein und bequemen Brei verwendet werden.<\/li> <\/ul>    <figure class=\"wp-block-image size-full\"><img loading=\"lazy\" decoding=\"async\" width=\"720\" height=\"540\" src=\"https:\/\/www.agriculture-machine.com\/wp-content\/uploads\/2023\/12\/white-rice-processing.webp\" alt=\"Wei\u00dfreisverarbeitung\" class=\"wp-image-15372\" srcset=\"https:\/\/www.agriculture-machine.com\/wp-content\/uploads\/2023\/12\/white-rice-processing.webp 720w, https:\/\/www.agriculture-machine.com\/wp-content\/uploads\/2023\/12\/white-rice-processing-360x270.webp 360w, https:\/\/www.agriculture-machine.com\/wp-content\/uploads\/2023\/12\/white-rice-processing-240x180.webp 240w\" sizes=\"auto, (max-width: 720px) 100vw, 720px\" \/><figcaption class=\"wp-element-caption\">Wei\u00dfreisverarbeitung<\/figcaption><\/figure>    <p>Zu diesem Zweck ist es notwendig, Reiskleie, Reisschale, Bruchreis und Vollreis nacheinander zu trennen, um den besten Nutzen daraus zu ziehen, was als Nebenprodukttrennung bezeichnet wird.<\/p>    <p class=\"translation-block\">Wenn Sie an der Technologie der Reissch\u00e4l- und Mahllinie f\u00fcr die Wei\u00dfreisverarbeitung interessiert sind, besuchen Sie bitte diese Seite: <a href=\"https:\/\/www.agriculture-machine.com\/de\/rice-mill-category\/\"><strong>https:\/\/www.agriculture-machine.com\/rice-mill-category\/<\/strong><\/a>, um weitere Konfigurationen zu sehen, und Sie k\u00f6nnen uns jederzeit kontaktieren, wir entwerfen das f\u00fcr Sie am besten geeignete Programm.<\/p>","protected":false},"excerpt":{"rendered":"<p>Taizy&#8217;s 30 tons per day output paddy husking and milling line is a set of highly efficient automated rice processing systems. The line includes a storage bin, water polishing, color sorting, and necessary essential infrastructure equipment, providing an integrated solution for farmers and rice processors, and reliable support for the modernization of the agricultural production [&hellip;]<\/p>\n","protected":false},"author":1,"featured_media":15398,"parent":0,"comment_status":"closed","ping_status":"closed","template":"","tags":[796],"product-type":[875,906],"class_list":["post-15370","product","type-product","status-publish","has-post-thumbnail","hentry","tag-rice","product-type-rice-mill-category","product-type-rice-mill-production-line"],"_links":{"self":[{"href":"https:\/\/www.agriculture-machine.com\/de\/wp-json\/wp\/v2\/product\/15370","targetHints":{"allow":["GET"]}}],"collection":[{"href":"https:\/\/www.agriculture-machine.com\/de\/wp-json\/wp\/v2\/product"}],"about":[{"href":"https:\/\/www.agriculture-machine.com\/de\/wp-json\/wp\/v2\/types\/product"}],"author":[{"embeddable":true,"href":"https:\/\/www.agriculture-machine.com\/de\/wp-json\/wp\/v2\/users\/1"}],"replies":[{"embeddable":true,"href":"https:\/\/www.agriculture-machine.com\/de\/wp-json\/wp\/v2\/comments?post=15370"}],"wp:featuredmedia":[{"embeddable":true,"href":"https:\/\/www.agriculture-machine.com\/de\/wp-json\/wp\/v2\/media\/15398"}],"wp:attachment":[{"href":"https:\/\/www.agriculture-machine.com\/de\/wp-json\/wp\/v2\/media?parent=15370"}],"wp:term":[{"taxonomy":"post_tag","embeddable":true,"href":"https:\/\/www.agriculture-machine.com\/de\/wp-json\/wp\/v2\/tags?post=15370"},{"taxonomy":"product-type","embeddable":true,"href":"https:\/\/www.agriculture-machine.com\/de\/wp-json\/wp\/v2\/product-type?post=15370"}],"curies":[{"name":"wp","href":"https:\/\/api.w.org\/{rel}","templated":true}]}}