{"id":15378,"date":"2023-12-08T15:22:17","date_gmt":"2023-12-08T07:22:17","guid":{"rendered":"https:\/\/www.agriculture-machine.com\/?post_type=product&#038;p=15378"},"modified":"2024-09-18T15:45:09","modified_gmt":"2024-09-18T07:45:09","slug":"60tpd-rice-processing-unit","status":"publish","type":"product","link":"https:\/\/www.agriculture-machine.com\/de\/60tpd-rice-processing-unit\/","title":{"rendered":"50-60 Tonnen pro Tag Komplettset Reiskonvertierungsanlage"},"content":{"rendered":"<p>Diese Reiskonservierungslinie ist speziell f\u00fcr die Verarbeitung von 50-60 Tonnen Reis pro Tag konzipiert, um eine hohe Ausbeute und Qualit\u00e4t zu gew\u00e4hrleisten, und eignet sich f\u00fcr gro\u00dfe Reism\u00fchlen oder Getreideverarbeitungsbetriebe.<\/p>    <p>Diese Produktionslinie kann je nach Benutzerbedarf mit unterschiedlichen Konfigurationen angepasst werden. Sie verbessert nicht nur die Reiserzeugungseffizienz, sondern spart auch erhebliche Kosten und bietet Reish\u00e4ndlern eine zuverl\u00e4ssige, effiziente und fortschrittliche Produktionsl\u00f6sung.<\/p>    <figure class=\"wp-block-image size-full\"><img loading=\"lazy\" decoding=\"async\" width=\"720\" height=\"540\" src=\"https:\/\/www.agriculture-machine.com\/wp-content\/uploads\/2023\/12\/60TPD-rice-processing-unit.webp\" alt=\"60 TPD Reiskonservierungseinheit\" class=\"wp-image-15380\" srcset=\"https:\/\/www.agriculture-machine.com\/wp-content\/uploads\/2023\/12\/60TPD-rice-processing-unit.webp 720w, https:\/\/www.agriculture-machine.com\/wp-content\/uploads\/2023\/12\/60TPD-rice-processing-unit-360x270.webp 360w, https:\/\/www.agriculture-machine.com\/wp-content\/uploads\/2023\/12\/60TPD-rice-processing-unit-240x180.webp 240w\" sizes=\"auto, (max-width: 720px) 100vw, 720px\" \/><figcaption class=\"wp-element-caption\">60 TPD Reiskonservierungseinheit<\/figcaption><\/figure>    <h2 class=\"wp-block-heading\">Hauptstruktur der 60 TPD Reiskonservierungseinheit<\/h2>    <p class=\"translation-block\">Die Komponenten dieser Linie sind unten dargestellt. Es ist wichtig zu beachten, dass in einer <strong><a href=\"https:\/\/www.agriculture-machine.com\/de\/40ton-paddy-husking-and-milling-line\/\">Produktionslinie mit einer Kapazit\u00e4t von 40 Tonnen pro Tag<\/a><\/strong> 2 oder 3 Reism\u00fchlen verwendet werden k\u00f6nnen, aber in diesem Fall mit einer Kapazit\u00e4t von 50-60 Tonnen m\u00fcssen drei M\u00fchlen eingesetzt werden.<\/p>    <figure class=\"wp-block-image size-full\"><img loading=\"lazy\" decoding=\"async\" width=\"720\" height=\"540\" src=\"https:\/\/www.agriculture-machine.com\/wp-content\/uploads\/2023\/12\/rice-processing-equipment.webp\" alt=\"Reverarbeitungsausr\u00fcstung\" class=\"wp-image-15381\" srcset=\"https:\/\/www.agriculture-machine.com\/wp-content\/uploads\/2023\/12\/rice-processing-equipment.webp 720w, https:\/\/www.agriculture-machine.com\/wp-content\/uploads\/2023\/12\/rice-processing-equipment-360x270.webp 360w, https:\/\/www.agriculture-machine.com\/wp-content\/uploads\/2023\/12\/rice-processing-equipment-240x180.webp 240w\" sizes=\"auto, (max-width: 720px) 100vw, 720px\" \/><figcaption class=\"wp-element-caption\">Reverarbeitungsausr\u00fcstung<\/figcaption><\/figure>    <h2 class=\"wp-block-heading\">Zweck und Anforderungen des Reismahlens<\/h2>    <p class=\"translation-block\">Das Reismahlen nimmt im gesamten <strong><a href=\"https:\/\/www.agriculture-machine.com\/de\/rice-milling-plant-machine\/\">Wei\u00dfreis-Herstellungsprozess<\/a><\/strong> eine wichtige Position ein, was der wichtigste Schritt bei der Reiskonservierung ist und auch ein entscheidender Schritt zur Sicherung der Reissqualit\u00e4t, Steigerung des Reisertrags und Reduzierung des Energieverbrauchs.<\/p>    <ul class=\"wp-block-list\"> <li>Die Oberfl\u00e4che des braunen Reises enth\u00e4lt viel Rohfaser, die vom menschlichen K\u00f6rper schwer verdaut werden kann; au\u00dferdem nimmt brauner Reis Wasser nicht leicht auf und dehnt sich nicht, was die Kochzeit verl\u00e4ngert, die Reissch\u00fcttung verringert, die Farbe dunkel macht, die Viskosit\u00e4t schlecht ist und der Geschmack schlecht ist. Daher muss brauner Reis durch die Reiskonservierungseinheit von seiner Schale befreit werden.<\/li>    <li>Der Grad des Entpelings von braunem Reis bestimmt die Pr\u00e4zision des Reises. Je mehr Schalen vom braunen Reis entfernt werden, desto h\u00f6her ist die Pr\u00e4zision des fertigen Reises, obwohl der N\u00e4hrstoffverlust gr\u00f6\u00dfer ist. Verschiedene Reissorten, neben den unterschiedlichen Schalenretentionsgraden, weisen auch andere Indikatoren auf, wie Verunreinigungen, Bruchst\u00fccke usw.<\/li> <\/ul>    <figure class=\"wp-block-image size-full\"><img loading=\"lazy\" decoding=\"async\" width=\"720\" height=\"540\" src=\"https:\/\/www.agriculture-machine.com\/wp-content\/uploads\/2023\/12\/grain-processing-and-rice-polishing-machine.webp\" alt=\"Getreideverarbeitungs- und Reispoliermaschine\" class=\"wp-image-15382\" srcset=\"https:\/\/www.agriculture-machine.com\/wp-content\/uploads\/2023\/12\/grain-processing-and-rice-polishing-machine.webp 720w, https:\/\/www.agriculture-machine.com\/wp-content\/uploads\/2023\/12\/grain-processing-and-rice-polishing-machine-360x270.webp 360w, https:\/\/www.agriculture-machine.com\/wp-content\/uploads\/2023\/12\/grain-processing-and-rice-polishing-machine-240x180.webp 240w\" sizes=\"auto, (max-width: 720px) 100vw, 720px\" \/><figcaption class=\"wp-element-caption\">Getreideverarbeitungs- und Reispoliermaschine<\/figcaption><\/figure>    <p>In der braunen Reiskonservierungseinheit kann unsere Maschine den fertigen Reis gem\u00e4\u00df den vorgeschriebenen Qualit\u00e4tsstandards erreichen, wobei die Integrit\u00e4t der Reisk\u00f6rner gewahrt bleibt, Bruchreis reduziert wird, die Reiskraft verbessert, die Kosten gesenkt und die Produktionssicherheit gew\u00e4hrleistet wird.<\/p>    <h2 class=\"wp-block-heading\">Fertiges Produkt der kombinierten Handelsreism\u00fchle<\/h2>    <ul class=\"wp-block-list\"> <li>Nach dem Mahlen des Reism\u00fchlen-Systems wird wei\u00dfer Reis gemahlen, vermischt mit Spreu und Bruchreis, und die Reisetemperatur ist relativ hoch, was nicht nur die Qualit\u00e4t des Endprodukts beeintr\u00e4chtigt, sondern auch die Lagerung des Reises erschwert.<\/li>    <li>Daher muss das vorverpackte wei\u00dfe Reisprodukt sortiert werden, damit der fertige Reis Spreu enth\u00e4lt, der Bruchanteil den Standardanforderungen entspricht, die Temperatur des Reises auf den Lagerbereich gesenkt wird und die Standards f\u00fcr Bruchanteile im Endprodukt gem\u00e4\u00df den nationalen Vorschriften eingestuft werden.<\/li>    <li>In addition, the people&#8217;s standard of living has been improved, and high taste and high-quality rice is gradually favored by consumers so that the rice can be surface treated so that it is crystal clear.<\/li>    <li>Der Reiskornfarbe (haupts\u00e4chlich gelber Reis, das hei\u00dft, das Endosperm ist gelb, und die normale Reiskornfarbe ist unterschiedlich vom Reiskorn) kann ebenfalls entfernt werden, um den kommerziellen Wert zu steigern und die Lebensmittelqualit\u00e4t zu verbessern.<\/li> <\/ul>    <figure class=\"wp-block-image size-full\"><img loading=\"lazy\" decoding=\"async\" width=\"720\" height=\"540\" src=\"https:\/\/www.agriculture-machine.com\/wp-content\/uploads\/2023\/12\/grain-paddy-rice-processing-unit.webp\" alt=\"Getreide-Reisverarbeitungsanlage\" class=\"wp-image-15384\" srcset=\"https:\/\/www.agriculture-machine.com\/wp-content\/uploads\/2023\/12\/grain-paddy-rice-processing-unit.webp 720w, https:\/\/www.agriculture-machine.com\/wp-content\/uploads\/2023\/12\/grain-paddy-rice-processing-unit-360x270.webp 360w, https:\/\/www.agriculture-machine.com\/wp-content\/uploads\/2023\/12\/grain-paddy-rice-processing-unit-240x180.webp 240w\" sizes=\"auto, (max-width: 720px) 100vw, 720px\" \/><figcaption class=\"wp-element-caption\">Getreide-Reisverarbeitungsanlage<\/figcaption><\/figure>    <h2 class=\"wp-block-heading\">Kundendienst und Installationsservice<\/h2>    <ul class=\"wp-block-list\"> <li>Wir k\u00f6nnen Installationszeichnungen entsprechend Ihrem Verarbeitungsstandort entwerfen und nach dem Kauf unserer Reiskonservierungseinheiten eine schnelle und pr\u00e4zise Vor-Ort-Installation gew\u00e4hrleisten.<\/li>    <li>Dar\u00fcber hinaus bieten wir eine umfassende Schulung an, um sicherzustellen, dass unsere Kunden wissen, wie sie die Ger\u00e4te richtig bedienen und warten.<\/li>    <li>Unser Kundendienstteam steht stets bereit, um schnell auf Probleme bei der Ger\u00e4tebedienung zu reagieren und Fernsupport oder Vor-Ort-Service zu bieten.<\/li> <\/ul>    <figure class=\"wp-block-image size-full\"><img loading=\"lazy\" decoding=\"async\" width=\"720\" height=\"540\" src=\"https:\/\/www.agriculture-machine.com\/wp-content\/uploads\/2023\/12\/60TPD-rice-processing-unit-drawing.webp\" alt=\"Zeichnung der 60 TPD Reiskonservierungseinheit\" class=\"wp-image-15383\" srcset=\"https:\/\/www.agriculture-machine.com\/wp-content\/uploads\/2023\/12\/60TPD-rice-processing-unit-drawing.webp 720w, https:\/\/www.agriculture-machine.com\/wp-content\/uploads\/2023\/12\/60TPD-rice-processing-unit-drawing-360x270.webp 360w, https:\/\/www.agriculture-machine.com\/wp-content\/uploads\/2023\/12\/60TPD-rice-processing-unit-drawing-240x180.webp 240w\" sizes=\"auto, (max-width: 720px) 100vw, 720px\" \/><figcaption class=\"wp-element-caption\">Zeichnung der 60 TPD Reiskonservierungseinheit<\/figcaption><\/figure>    <p>Schlie\u00dflich k\u00f6nnen wir auch eine Reiskonservierungseinheit mit einer Produktionskapazit\u00e4t von 100 Tonnen pro Tag entwerfen und herstellen, wie in der Abbildung unten zur Referenz:<\/p>    <figure class=\"wp-block-image size-full\"><img loading=\"lazy\" decoding=\"async\" width=\"720\" height=\"540\" src=\"https:\/\/www.agriculture-machine.com\/wp-content\/uploads\/2023\/12\/paddy-rice-milling-plant-drawing.webp\" alt=\"Zeichnung der Reissch\u00e4lmaschine\" class=\"wp-image-15385\" srcset=\"https:\/\/www.agriculture-machine.com\/wp-content\/uploads\/2023\/12\/paddy-rice-milling-plant-drawing.webp 720w, https:\/\/www.agriculture-machine.com\/wp-content\/uploads\/2023\/12\/paddy-rice-milling-plant-drawing-360x270.webp 360w, https:\/\/www.agriculture-machine.com\/wp-content\/uploads\/2023\/12\/paddy-rice-milling-plant-drawing-240x180.webp 240w\" sizes=\"auto, (max-width: 720px) 100vw, 720px\" \/><figcaption class=\"wp-element-caption\">Zeichnung der Reissch\u00e4lmaschine<\/figcaption><\/figure>    <p>Willkommen auf dieser Website, um weitere unterschiedliche Konfigurationen und Ausgaben der Reiskonservierung zu erhalten. Sie k\u00f6nnen uns auch jederzeit f\u00fcr weitere Parameterinformationen und Angebote kontaktieren.<\/p>","protected":false},"excerpt":{"rendered":"<p>This rice processing unit production line is uniquely designed to handle 50-60 tons of paddy per day, ensuring high yield and quality of rice, and is suitable for large-scale rice mills or grain processing enterprises. This production line can be customized with different configurations according to user needs. It not only improves rice production efficiency [&hellip;]<\/p>\n","protected":false},"author":1,"featured_media":15379,"parent":0,"comment_status":"closed","ping_status":"closed","template":"","tags":[796],"product-type":[875,906],"class_list":["post-15378","product","type-product","status-publish","has-post-thumbnail","hentry","tag-rice","product-type-rice-mill-category","product-type-rice-mill-production-line"],"_links":{"self":[{"href":"https:\/\/www.agriculture-machine.com\/de\/wp-json\/wp\/v2\/product\/15378","targetHints":{"allow":["GET"]}}],"collection":[{"href":"https:\/\/www.agriculture-machine.com\/de\/wp-json\/wp\/v2\/product"}],"about":[{"href":"https:\/\/www.agriculture-machine.com\/de\/wp-json\/wp\/v2\/types\/product"}],"author":[{"embeddable":true,"href":"https:\/\/www.agriculture-machine.com\/de\/wp-json\/wp\/v2\/users\/1"}],"replies":[{"embeddable":true,"href":"https:\/\/www.agriculture-machine.com\/de\/wp-json\/wp\/v2\/comments?post=15378"}],"wp:featuredmedia":[{"embeddable":true,"href":"https:\/\/www.agriculture-machine.com\/de\/wp-json\/wp\/v2\/media\/15379"}],"wp:attachment":[{"href":"https:\/\/www.agriculture-machine.com\/de\/wp-json\/wp\/v2\/media?parent=15378"}],"wp:term":[{"taxonomy":"post_tag","embeddable":true,"href":"https:\/\/www.agriculture-machine.com\/de\/wp-json\/wp\/v2\/tags?post=15378"},{"taxonomy":"product-type","embeddable":true,"href":"https:\/\/www.agriculture-machine.com\/de\/wp-json\/wp\/v2\/product-type?post=15378"}],"curies":[{"name":"wp","href":"https:\/\/api.w.org\/{rel}","templated":true}]}}