{"id":15451,"date":"2023-12-25T15:05:47","date_gmt":"2023-12-25T07:05:47","guid":{"rendered":"https:\/\/www.agriculture-machine.com\/?post_type=product&#038;p=15451"},"modified":"2024-09-23T11:26:51","modified_gmt":"2024-09-23T03:26:51","slug":"corn-cleaner-machine","status":"publish","type":"product","link":"https:\/\/www.agriculture-machine.com\/de\/corn-cleaner-machine\/","title":{"rendered":"Hocheffiziente Maisreinigungsmaschine f\u00fcr den Verkauf"},"content":{"rendered":"<p class=\"translation-block\">Die <strong>Maisreinigungsmaschine<\/strong> wird haupts\u00e4chlich zum Reinigen von Weizen, Mais, Sojabohnen und anderen Getreidearten mit gro\u00dfen, mittleren und kleinen Verunreinigungen verwendet. Es ist ein wichtiges Ger\u00e4t, das unentbehrlich ist, um das Rohgetreide vor der Weizenmehlherstellung zu reinigen. Die Leistung kann 500-600 kg\/h erreichen.<\/p>    <figure class=\"wp-block-embed aligncenter is-type-video is-provider-youtube wp-block-embed-youtube wp-embed-aspect-16-9 wp-has-aspect-ratio\"><div class=\"wp-block-embed__wrapper\"> <iframe loading=\"lazy\" title=\"Gute Kapazit\u00e4t Getreidereinigungsmaschine f\u00fcr eine Vielzahl von Kulturen!\" width=\"500\" height=\"281\" src=\"https:\/\/www.youtube.com\/embed\/853oAV9d2gA?feature=oembed\" frameborder=\"0\" allow=\"accelerometer; autoplay; clipboard-write; encrypted-media; gyroscope; picture-in-picture; web-share\" referrerpolicy=\"strict-origin-when-cross-origin\" allowfullscreen><\/iframe> <\/div><figcaption class=\"wp-element-caption\">Arbeitsvideo der Getreidereinigungsmaschine<\/figcaption><\/figure>    <p class=\"translation-block\">Diese Getreidereinigungsmaschine besteht aus vier Teilen: automatisches Beladen, zweilagiges Sieben, Netz-Entsteinung, Weizenbeater und Entmischung. Sie zeichnet sich durch kleines Volumen, geringes Gewicht, niedrigen Energieverbrauch, stabile Leistung, fortschrittlichen Prozess und multifunktionale Integration aus. Die Maisreinigungsmaschine ist die ideale unterst\u00fctzende Ausr\u00fcstung f\u00fcr <strong><a href=\"https:\/\/www.agriculture-machine.com\/de\/corn-grits-making-machine\/\"><em>Maisgrie\u00dfherstellungsmaschine<\/em><\/a><\/strong> und <strong><a href=\"https:\/\/www.agriculture-machine.com\/de\/corn-grinder-machine\/\"><em>Maismehlm\u00fchle<\/em><\/a><\/strong>.<\/p>    <figure class=\"wp-block-gallery has-nested-images columns-2 is-cropped wp-block-gallery-2 is-layout-flex wp-block-gallery-is-layout-flex\"> <figure class=\"wp-block-image size-large\"><img loading=\"lazy\" decoding=\"async\" width=\"720\" height=\"540\" data-id=\"16348\" src=\"https:\/\/www.agriculture-machine.com\/wp-content\/uploads\/2023\/12\/grain-seed-cleaner.webp\" alt=\"Getreides\u00e4uberungsmaschine\" class=\"wp-image-16348\" srcset=\"https:\/\/www.agriculture-machine.com\/wp-content\/uploads\/2023\/12\/grain-seed-cleaner.webp 720w, https:\/\/www.agriculture-machine.com\/wp-content\/uploads\/2023\/12\/grain-seed-cleaner-360x270.webp 360w, https:\/\/www.agriculture-machine.com\/wp-content\/uploads\/2023\/12\/grain-seed-cleaner-240x180.webp 240w, https:\/\/www.agriculture-machine.com\/wp-content\/uploads\/2023\/12\/grain-seed-cleaner-16x12.webp 16w\" sizes=\"auto, (max-width: 720px) 100vw, 720px\" \/><figcaption class=\"wp-element-caption\">Getreides\u00e4uberungsmaschine<\/figcaption><\/figure>    <figure class=\"wp-block-image size-large\"><img loading=\"lazy\" decoding=\"async\" width=\"720\" height=\"540\" data-id=\"16347\" src=\"https:\/\/www.agriculture-machine.com\/wp-content\/uploads\/2023\/12\/crop-cleaning-machine.webp\" alt=\"Erntes\u00e4uberungsmaschine\" class=\"wp-image-16347\" srcset=\"https:\/\/www.agriculture-machine.com\/wp-content\/uploads\/2023\/12\/crop-cleaning-machine.webp 720w, https:\/\/www.agriculture-machine.com\/wp-content\/uploads\/2023\/12\/crop-cleaning-machine-360x270.webp 360w, https:\/\/www.agriculture-machine.com\/wp-content\/uploads\/2023\/12\/crop-cleaning-machine-240x180.webp 240w, https:\/\/www.agriculture-machine.com\/wp-content\/uploads\/2023\/12\/crop-cleaning-machine-16x12.webp 16w\" sizes=\"auto, (max-width: 720px) 100vw, 720px\" \/><figcaption class=\"wp-element-caption\">Erntes\u00e4uberungsmaschine<\/figcaption><\/figure>    <figure class=\"wp-block-image size-large\"><img loading=\"lazy\" decoding=\"async\" width=\"720\" height=\"540\" data-id=\"16349\" src=\"https:\/\/www.agriculture-machine.com\/wp-content\/uploads\/2023\/12\/grain-sifter.webp\" alt=\"Getreidesieb\" class=\"wp-image-16349\" srcset=\"https:\/\/www.agriculture-machine.com\/wp-content\/uploads\/2023\/12\/grain-sifter.webp 720w, https:\/\/www.agriculture-machine.com\/wp-content\/uploads\/2023\/12\/grain-sifter-360x270.webp 360w, https:\/\/www.agriculture-machine.com\/wp-content\/uploads\/2023\/12\/grain-sifter-240x180.webp 240w, https:\/\/www.agriculture-machine.com\/wp-content\/uploads\/2023\/12\/grain-sifter-16x12.webp 16w\" sizes=\"auto, (max-width: 720px) 100vw, 720px\" \/><figcaption class=\"wp-element-caption\">Getreidesieb<\/figcaption><\/figure>    <figure class=\"wp-block-image size-large\"><img loading=\"lazy\" decoding=\"async\" width=\"720\" height=\"540\" data-id=\"16350\" src=\"https:\/\/www.agriculture-machine.com\/wp-content\/uploads\/2023\/12\/grain-sorter.webp\" alt=\"Getreidesortierer\" class=\"wp-image-16350\" srcset=\"https:\/\/www.agriculture-machine.com\/wp-content\/uploads\/2023\/12\/grain-sorter.webp 720w, https:\/\/www.agriculture-machine.com\/wp-content\/uploads\/2023\/12\/grain-sorter-360x270.webp 360w, https:\/\/www.agriculture-machine.com\/wp-content\/uploads\/2023\/12\/grain-sorter-240x180.webp 240w, https:\/\/www.agriculture-machine.com\/wp-content\/uploads\/2023\/12\/grain-sorter-16x12.webp 16w\" sizes=\"auto, (max-width: 720px) 100vw, 720px\" \/><figcaption class=\"wp-element-caption\">Getreidesortierer<\/figcaption><\/figure> <\/figure>    <h2 class=\"wp-block-heading\">Struktur und Funktion der Maisreinigungsmaschine<\/h2>    <ul class=\"wp-block-list\"> <li><strong>Ventilator:<\/strong> Automatisches Beladen und Staubabsaugung, das verarbeitete Material wird durch Hochgeschwindigkeitsluftstrom getragen und gehoben und gelangt durch das F\u00f6rderschneidrohr in den Dreiecks-Entlader. Aufgrund der Schwerkraft sinkt das Material ab und flie\u00dft durch das geschlossene Luftrohr aus und gelangt in den ersten Flachbildschirm.<\/li>    <li><strong>Flachsiebe:<\/strong> Verwendung von Materialien und Verunreinigungen unterschiedlicher Partikelgr\u00f6\u00dfen, entfernen Sie Verunreinigungen, die kleiner oder gr\u00f6\u00dfer als das Material sind. Das Sieb verwendet eine doppelte obere und untere Siebstruktur, gro\u00dfe Amplitude und hohe Verunreinigungsentfernung.<\/li>    <li><strong>Entsteinungsmaschine:<\/strong> Die Verwendung von Materialien mit unterschiedlicher spezifischer Dichte, die Geschwindigkeit der Suspension ist unterschiedlich. Die Wirkung des Ventilators auf den Wind, aufgrund der Vibration der Siebplatte, entfernt das Material von gro\u00dfen Verunreinigungen.<\/li>    <li><strong>Weizenbeater:<\/strong> Verwendung der Hochgeschwindigkeitsrotation der Schlagplatte, um Materialien und Verunreinigungen zu bek\u00e4mpfen. Der anhaftende Boden und die br\u00fcchigen Verunreinigungen am Material werden zerbrochen und durch die Entlade\u00f6ffnung ausgeschieden.<\/li> <\/ul>    <figure class=\"wp-block-gallery has-nested-images columns-default is-cropped wp-block-gallery-3 is-layout-flex wp-block-gallery-is-layout-flex\"> <figure class=\"wp-block-image size-large\"><img loading=\"lazy\" decoding=\"async\" width=\"720\" height=\"540\" data-id=\"16346\" src=\"https:\/\/www.agriculture-machine.com\/wp-content\/uploads\/2023\/12\/structure-of-grain-cleaning-machine.webp\" alt=\"Struktur der Getreidereinigungsmaschine\" class=\"wp-image-16346\" srcset=\"https:\/\/www.agriculture-machine.com\/wp-content\/uploads\/2023\/12\/structure-of-grain-cleaning-machine.webp 720w, https:\/\/www.agriculture-machine.com\/wp-content\/uploads\/2023\/12\/structure-of-grain-cleaning-machine-360x270.webp 360w, https:\/\/www.agriculture-machine.com\/wp-content\/uploads\/2023\/12\/structure-of-grain-cleaning-machine-240x180.webp 240w, https:\/\/www.agriculture-machine.com\/wp-content\/uploads\/2023\/12\/structure-of-grain-cleaning-machine-16x12.webp 16w\" sizes=\"auto, (max-width: 720px) 100vw, 720px\" \/><figcaption class=\"wp-element-caption\">Struktur der Getreidereinigungsmaschine<\/figcaption><\/figure>    <figure class=\"wp-block-image size-large\"><img loading=\"lazy\" decoding=\"async\" width=\"720\" height=\"540\" data-id=\"16345\" src=\"https:\/\/www.agriculture-machine.com\/wp-content\/uploads\/2023\/12\/grain-cleaner-basic-components.webp\" alt=\"Grundkomponenten der Getreidereinigungsmaschine\" class=\"wp-image-16345\" srcset=\"https:\/\/www.agriculture-machine.com\/wp-content\/uploads\/2023\/12\/grain-cleaner-basic-components.webp 720w, https:\/\/www.agriculture-machine.com\/wp-content\/uploads\/2023\/12\/grain-cleaner-basic-components-360x270.webp 360w, https:\/\/www.agriculture-machine.com\/wp-content\/uploads\/2023\/12\/grain-cleaner-basic-components-240x180.webp 240w, https:\/\/www.agriculture-machine.com\/wp-content\/uploads\/2023\/12\/grain-cleaner-basic-components-16x12.webp 16w\" sizes=\"auto, (max-width: 720px) 100vw, 720px\" \/><figcaption class=\"wp-element-caption\">Grundkomponenten der Getreidereinigungsmaschine<\/figcaption><\/figure> <\/figure>    <h2 class=\"wp-block-heading\">Technische Parameter der Maisreinigungsmaschine<\/h2>    <ul class=\"wp-block-list\"> <li>Externe Abmessungen: 1200*770*2900 mm (L\u00e4nge\u00d7Breite\u00d7H\u00f6he)<\/li>    <li>Gewicht: 300 kg<\/li>    <li>Ausgang: 600 kg\/h<\/li>    <li>Unterst\u00fctzungsleistung: 4 Stufen 3 kW<\/li>    <li>Gebl\u00e4segeschwindigkeit: 3100 U\/min <\/li>    <li>Wheat Beater Geschwindigkeit: 1200 U\/min<\/li>    <li>Siebegeh\u00e4use-Vibrationsfrequenz: 550 U\/min<\/li>    <li>Entsteinungsmaschinen-L\u00fcftergeschwindigkeit: 1230 U\/min<\/li> <\/ul>    <figure class=\"wp-block-gallery has-nested-images columns-default is-cropped wp-block-gallery-4 is-layout-flex wp-block-gallery-is-layout-flex\"> <figure class=\"wp-block-image size-large\"><img loading=\"lazy\" decoding=\"async\" width=\"720\" height=\"540\" data-id=\"15452\" src=\"https:\/\/www.agriculture-machine.com\/wp-content\/uploads\/2023\/12\/maize-cleaning-machine.webp\" alt=\"Maisreinigungsmaschine\" class=\"wp-image-15452\" srcset=\"https:\/\/www.agriculture-machine.com\/wp-content\/uploads\/2023\/12\/maize-cleaning-machine.webp 720w, https:\/\/www.agriculture-machine.com\/wp-content\/uploads\/2023\/12\/maize-cleaning-machine-360x270.webp 360w, https:\/\/www.agriculture-machine.com\/wp-content\/uploads\/2023\/12\/maize-cleaning-machine-240x180.webp 240w\" sizes=\"auto, (max-width: 720px) 100vw, 720px\" \/><figcaption class=\"wp-element-caption\">Maisreinigungsmaschine<\/figcaption><\/figure>    <figure class=\"wp-block-image size-large\"><img loading=\"lazy\" decoding=\"async\" width=\"720\" height=\"540\" data-id=\"15456\" src=\"https:\/\/www.agriculture-machine.com\/wp-content\/uploads\/2023\/12\/grain-cleaning-equipment.webp\" alt=\"Getreidereinigungsger\u00e4t\" class=\"wp-image-15456\" srcset=\"https:\/\/www.agriculture-machine.com\/wp-content\/uploads\/2023\/12\/grain-cleaning-equipment.webp 720w, https:\/\/www.agriculture-machine.com\/wp-content\/uploads\/2023\/12\/grain-cleaning-equipment-360x270.webp 360w, https:\/\/www.agriculture-machine.com\/wp-content\/uploads\/2023\/12\/grain-cleaning-equipment-240x180.webp 240w\" sizes=\"auto, (max-width: 720px) 100vw, 720px\" \/><figcaption class=\"wp-element-caption\">Getreidereinigungsger\u00e4t<\/figcaption><\/figure> <\/figure>    <h2 class=\"wp-block-heading\">Vorsichtsma\u00dfnahmen bei der Installation der Getreidereinigungsmaschine<\/h2>    <ul class=\"wp-block-list\"> <li>Das Fundament f\u00fcr die Installation muss eben sein und die Ankerbolzen m\u00fcssen fest sitzen.<\/li>    <li>Die Drehrichtung des Motors sollte mit der auf der Spindel markierten Drehrichtung \u00fcbereinstimmen.<\/li>    <li>Die Installation der Kabel und Motoren sollte von Elektrikern und Technikern gemeinsam durchgef\u00fchrt werden.<\/li>    <li>Diese Maisreinigungsmaschine wird in Verbindung mit anderem Mahlger\u00e4t verwendet, wobei die relative Position des Getreidespeichers ber\u00fccksichtigt wird.<\/li> <\/ul>    <figure class=\"wp-block-gallery has-nested-images columns-default is-cropped wp-block-gallery-5 is-layout-flex wp-block-gallery-is-layout-flex\"> <figure class=\"wp-block-image size-large\"><img loading=\"lazy\" decoding=\"async\" width=\"720\" height=\"540\" data-id=\"15453\" src=\"https:\/\/www.agriculture-machine.com\/wp-content\/uploads\/2023\/12\/corn-cleaner-for-sale.webp\" alt=\"Maisreinigungsmaschine zum Verkauf\" class=\"wp-image-15453\" srcset=\"https:\/\/www.agriculture-machine.com\/wp-content\/uploads\/2023\/12\/corn-cleaner-for-sale.webp 720w, https:\/\/www.agriculture-machine.com\/wp-content\/uploads\/2023\/12\/corn-cleaner-for-sale-360x270.webp 360w, https:\/\/www.agriculture-machine.com\/wp-content\/uploads\/2023\/12\/corn-cleaner-for-sale-240x180.webp 240w\" sizes=\"auto, (max-width: 720px) 100vw, 720px\" \/><figcaption class=\"wp-element-caption\">Maisreinigungsmaschine zum Verkauf<\/figcaption><\/figure>    <figure class=\"wp-block-image size-large\"><img loading=\"lazy\" decoding=\"async\" width=\"720\" height=\"540\" data-id=\"15454\" src=\"https:\/\/www.agriculture-machine.com\/wp-content\/uploads\/2023\/12\/corn-cleaning-machine-for-sale.webp\" alt=\"Maisreinigungsmaschine zum Verkauf\" class=\"wp-image-15454\" srcset=\"https:\/\/www.agriculture-machine.com\/wp-content\/uploads\/2023\/12\/corn-cleaning-machine-for-sale.webp 720w, https:\/\/www.agriculture-machine.com\/wp-content\/uploads\/2023\/12\/corn-cleaning-machine-for-sale-360x270.webp 360w, https:\/\/www.agriculture-machine.com\/wp-content\/uploads\/2023\/12\/corn-cleaning-machine-for-sale-240x180.webp 240w\" sizes=\"auto, (max-width: 720px) 100vw, 720px\" \/><figcaption class=\"wp-element-caption\">Maisreinigungsmaschine zum Verkauf<\/figcaption><\/figure> <\/figure>    <h2 class=\"wp-block-heading\"><strong>Installationsanpassung und Betrieb<\/strong><\/h2>    <p>Vor der Installation pr\u00fcfen, ob sich auf der Ausr\u00fcstung Schmutz oder Ablagerungen befinden. Der Bediener sollte zuerst die Sicherheit von Personen und Maschinen gew\u00e4hrleisten.<\/p>    <ul class=\"wp-block-list\"> <li>Nachdem die Maisreinigungsmaschine 1-2 Minuten im Leerlauf war, \u00f6ffnen Sie den Zuf\u00fchrer unter normalen Bedingungen und stellen Sie das Tor auf die passende Position von klein bis gro\u00df ein.<\/li>    <li>Der Druck des elastischen Bandes des geschlossenen Luftkanals sollte so eingestellt werden, dass der Mais gleichm\u00e4\u00dfig entladen wird und nicht aus dem Ventil ausstr\u00f6mt. Es sollte nicht zu locker oder zu straff sein.<\/li>    <li>Beim Entsteinungsger\u00e4t sollte der Abstand zwischen dem Mund und dem Einlass des Weizenbeaters richtig abgestimmt werden. Andernfalls kann jeder Schlag die Wirkung des Entsteinens beeintr\u00e4chtigen.<\/li>    <li>Enge Zusammenarbeit zwischen dem Ausgang des Weizenbeaters und dem Eingang des Mischers. Es darf kein Materialaustritt geben.<\/li>    <li>Sichern Sie die Feuchtigkeit des Weizens, die Feuchtigkeit von Hartweizen kann 15,5%-16,5% betragen.<\/li>    <li>Der Luftauslass des Ventilators sollte nicht mit Beuteln verbunden sein, um sicherzustellen, dass der Luftauslass frei ist.<\/li> <\/ul>    <figure class=\"wp-block-gallery has-nested-images columns-default is-cropped wp-block-gallery-6 is-layout-flex wp-block-gallery-is-layout-flex\"> <figure class=\"wp-block-image size-large\"><img loading=\"lazy\" decoding=\"async\" width=\"720\" height=\"540\" data-id=\"15455\" src=\"https:\/\/www.agriculture-machine.com\/wp-content\/uploads\/2023\/12\/maize-corn-cleaner-machine.webp\" alt=\"Maisreinigungsmaschine\" class=\"wp-image-15455\" srcset=\"https:\/\/www.agriculture-machine.com\/wp-content\/uploads\/2023\/12\/maize-corn-cleaner-machine.webp 720w, https:\/\/www.agriculture-machine.com\/wp-content\/uploads\/2023\/12\/maize-corn-cleaner-machine-360x270.webp 360w, https:\/\/www.agriculture-machine.com\/wp-content\/uploads\/2023\/12\/maize-corn-cleaner-machine-240x180.webp 240w\" sizes=\"auto, (max-width: 720px) 100vw, 720px\" \/><figcaption class=\"wp-element-caption\">Maisreinigungsmaschine<\/figcaption><\/figure>    <figure class=\"wp-block-image size-large\"><img loading=\"lazy\" decoding=\"async\" width=\"720\" height=\"540\" data-id=\"15457\" src=\"https:\/\/www.agriculture-machine.com\/wp-content\/uploads\/2023\/12\/grain-cleaner-packing-site.webp\" alt=\"Verpackungsort der Getreidereinigungsmaschine\" class=\"wp-image-15457\" srcset=\"https:\/\/www.agriculture-machine.com\/wp-content\/uploads\/2023\/12\/grain-cleaner-packing-site.webp 720w, https:\/\/www.agriculture-machine.com\/wp-content\/uploads\/2023\/12\/grain-cleaner-packing-site-360x270.webp 360w, https:\/\/www.agriculture-machine.com\/wp-content\/uploads\/2023\/12\/grain-cleaner-packing-site-240x180.webp 240w\" sizes=\"auto, (max-width: 720px) 100vw, 720px\" \/><figcaption class=\"wp-element-caption\">Verpackungsort der Getreidereinigungsmaschine<\/figcaption><\/figure> <\/figure>    <p>Von der Aussaat bis zur Ernte, vom Mahlen der K\u00f6rner bis zu einer Reihe anderer Prozesse haben wir die entsprechenden Maschinen. Bitte z\u00f6gern Sie nicht, uns zu kontaktieren, uns Ihre Bed\u00fcrfnisse mitzuteilen, und wir empfehlen Ihnen die am besten geeignete Maschine.<\/p>","protected":false},"excerpt":{"rendered":"<p>Die Hauptfunktion des Maisreinigers besteht darin, Verunreinigungen im Mais und anderen Getreidearten zu entfernen, entsprechend den Anforderungen des Marktes und der Lebensmittelsicherheit.<\/p>","protected":false},"author":1,"featured_media":16353,"parent":0,"comment_status":"closed","ping_status":"closed","template":"","tags":[2636],"product-type":[873],"class_list":["post-15451","product","type-product","status-publish","has-post-thumbnail","hentry","tag-cleaning","product-type-corn-grains-grinding-equipment"],"_links":{"self":[{"href":"https:\/\/www.agriculture-machine.com\/de\/wp-json\/wp\/v2\/product\/15451","targetHints":{"allow":["GET"]}}],"collection":[{"href":"https:\/\/www.agriculture-machine.com\/de\/wp-json\/wp\/v2\/product"}],"about":[{"href":"https:\/\/www.agriculture-machine.com\/de\/wp-json\/wp\/v2\/types\/product"}],"author":[{"embeddable":true,"href":"https:\/\/www.agriculture-machine.com\/de\/wp-json\/wp\/v2\/users\/1"}],"replies":[{"embeddable":true,"href":"https:\/\/www.agriculture-machine.com\/de\/wp-json\/wp\/v2\/comments?post=15451"}],"wp:featuredmedia":[{"embeddable":true,"href":"https:\/\/www.agriculture-machine.com\/de\/wp-json\/wp\/v2\/media\/16353"}],"wp:attachment":[{"href":"https:\/\/www.agriculture-machine.com\/de\/wp-json\/wp\/v2\/media?parent=15451"}],"wp:term":[{"taxonomy":"post_tag","embeddable":true,"href":"https:\/\/www.agriculture-machine.com\/de\/wp-json\/wp\/v2\/tags?post=15451"},{"taxonomy":"product-type","embeddable":true,"href":"https:\/\/www.agriculture-machine.com\/de\/wp-json\/wp\/v2\/product-type?post=15451"}],"curies":[{"name":"wp","href":"https:\/\/api.w.org\/{rel}","templated":true}]}}