{"id":15641,"date":"2024-01-25T14:30:54","date_gmt":"2024-01-25T06:30:54","guid":{"rendered":"https:\/\/www.agriculture-machine.com\/?post_type=product&#038;p=15641"},"modified":"2025-08-25T16:48:08","modified_gmt":"2025-08-25T08:48:08","slug":"silage-spreader-feeding-car","status":"publish","type":"product","link":"https:\/\/www.agriculture-machine.com\/de\/silage-spreader-feeding-car\/","title":{"rendered":"Elektrischer Gras-Mischer Silage-Verteiler Tierhaltung F\u00fctterungswagen"},"content":{"rendered":"<p>Der Silageverteiler wird haupts\u00e4chlich verwendet, um Silagefutter oder anderes Futter gleichm\u00e4\u00dfig zu mischen und dann schnell und gleichm\u00e4\u00dfig in die Futterbereiche f\u00fcr Rinder und Schafe zu verteilen. Der Einsatz dieser Ausr\u00fcstung kann die Futterausnutzung um 15%-20% erh\u00f6hen und Abfall erheblich reduzieren.<\/p>    <p>Dieses Ger\u00e4t integriert Misch-, Transport- und Verteilfunktionen, bietet bequeme Bedienung und hohe Effizienz, erm\u00f6glicht wissenschaftliche und gro\u00df angelegte Futterverteilung.<\/p>    <p>Es verbessert nicht nur die F\u00fctterungseffizienz und die landwirtschaftlichen Managementstandards erheblich, sondern stellt auch sicher, dass Rinder und Schafe ausgewogen ern\u00e4hrt werden, was gesundes Wachstum f\u00f6rdert und die Futterkosten senkt.<\/p>    <figure class=\"wp-block-embed aligncenter is-type-video is-provider-youtube wp-block-embed-youtube wp-embed-aspect-16-9 wp-has-aspect-ratio\"><div class=\"wp-block-embed__wrapper\"> <iframe loading=\"lazy\" title=\"Effiziente Silagehandhabung! Live-Betriebsvideo des Gras-Mischers, Futter-Silage-Verteiler-LKW#Silage\" width=\"500\" height=\"281\" src=\"https:\/\/www.youtube.com\/embed\/OP465T0OIl0?feature=oembed\" frameborder=\"0\" allow=\"accelerometer; autoplay; clipboard-write; encrypted-media; gyroscope; picture-in-picture; web-share\" referrerpolicy=\"strict-origin-when-cross-origin\" allowfullscreen><\/iframe> <\/div><figcaption class=\"wp-element-caption\">Gefl\u00fcgel-F\u00fctterungs-Video<\/figcaption><\/figure>    <h2 class=\"wp-block-heading\">Anwendungen der Silage-Verteilmaschine<\/h2>    <ul class=\"wp-block-list\"> <li>Viehfutter f\u00fcr Betriebe: geeignet f\u00fcr Gro\u00dfbetriebe und familiengef\u00fchrte Viehbetriebe, dieses System ist f\u00fcr die F\u00fctterung von Wiederk\u00e4uern wie Rindern und Schafen mit Silage, Stroh, Futter und Pelletfutter konzipiert.<\/li>    <li>Kompatibel mit mehreren Futterarten: in der Lage, verschiedene Futtermaterialien wie Mais-Silage, Strohmehl, Heu und Mischfutter zu verarbeiten.<\/li>    <li>Mehrumfeldanwendung: Ob auf offenen Weiden, in St\u00e4llen oder in halbgeschlossenen landwirtschaftlichen Umgebungen, er kann flexibel arbeiten, um eine gleichm\u00e4\u00dfige Futterverteilung zu gew\u00e4hrleisten.<\/li>    <li>Geeignet f\u00fcr verschiedene landwirtschaftliche Gr\u00f6\u00dfen: geeignet f\u00fcr kleine Familienbetriebe sowie gro\u00dfe Viehunternehmen, mit Optionen f\u00fcr unterschiedliche Kapazit\u00e4ten und Modelle je nach Bedarf.<\/li> <\/ul>    <figure class=\"wp-block-image aligncenter size-full\"><img loading=\"lazy\" decoding=\"async\" width=\"720\" height=\"540\" src=\"https:\/\/www.agriculture-machine.com\/wp-content\/uploads\/2024\/01\/automatic-animal-feed-spreader.webp\" alt=\"Automatischer Tierfutterverteiler\" class=\"wp-image-15647\" srcset=\"https:\/\/www.agriculture-machine.com\/wp-content\/uploads\/2024\/01\/automatic-animal-feed-spreader.webp 720w, https:\/\/www.agriculture-machine.com\/wp-content\/uploads\/2024\/01\/automatic-animal-feed-spreader-360x270.webp 360w, https:\/\/www.agriculture-machine.com\/wp-content\/uploads\/2024\/01\/automatic-animal-feed-spreader-240x180.webp 240w\" sizes=\"auto, (max-width: 720px) 100vw, 720px\" \/><figcaption class=\"wp-element-caption\">Automatischer Tierfutterverteiler<\/figcaption><\/figure>    <h2 class=\"wp-block-heading\">Vorteile des Tierhaltung-F\u00fctterwagens<\/h2>    <ul class=\"wp-block-list\"> <li>Hoch effizient und energiesparend: Mehrfach effizienter als manuelle F\u00fctterung, eine Maschine kann Hunderte von Rindern und Schafen pro Stunde f\u00fcttern.<\/li>    <li>Hohe Futterausnutzung: Gleichm\u00e4\u00dfige Verteilung des Futters verhindert selektives Fressen und Verschwendung, verbessert die Futterausnutzung um 15%-20%.<\/li>    <li>Reduzierte Arbeitskosten: Automatisierter Betrieb reduziert den Arbeitsaufwand erheblich und senkt die Arbeitskosten.<\/li>    <li>Flexibel und wendig: Kompaktes Design und flexible Bedienung erm\u00f6glichen freie Beweglichkeit und Einsatz auf verschiedenen Gel\u00e4nden und landwirtschaftlichen Umgebungen.<\/li>    <li>Sicher und zuverl\u00e4ssig: gebaut aus verschlei\u00dffestem Stahl und einem Hochleistungs-Getriebesystem, verf\u00fcgt die Maschine \u00fcber eine robuste Struktur, lange Lebensdauer und einfache Wartung.<\/li>    <li>F\u00f6rdert die Gesundheit der Nutztiere: Sichert eine ausgewogene Ern\u00e4hrung, f\u00f6rdert gesundes Wachstum und verbessert die Marktf\u00e4higkeit sowie die Milchproduktionsraten.<\/li> <\/ul>    <h2 class=\"wp-block-heading\">Arten von Silage-Verteilern<\/h2>    <p>Entsprechend Ihren Bed\u00fcrfnissen bieten wir verschiedene Arten von Silage-Verteiler-LKWs an, die Sie je nach Situation ausw\u00e4hlen k\u00f6nnen.<\/p>    <h3 class=\"wp-block-heading\">Vertikaler und horizontaler Silageverteiler<\/h3>    <p>Der einzige Unterschied zwischen diesen beiden Typen besteht darin, dass der vertikale zylindrisch ist und der horizontale kubisch. Volumen sind in 3 und 5 Kubikmeter erh\u00e4ltlich. Die beiden Bilder unten zeigen ihre Unterschiede.<\/p>    <figure class=\"wp-block-image aligncenter size-full\"><img loading=\"lazy\" decoding=\"async\" width=\"720\" height=\"540\" src=\"https:\/\/www.agriculture-machine.com\/wp-content\/uploads\/2024\/01\/vertical-type-silage-spreader.webp\" alt=\"Vertikaler Silageverteiler\" class=\"wp-image-15643\" srcset=\"https:\/\/www.agriculture-machine.com\/wp-content\/uploads\/2024\/01\/vertical-type-silage-spreader.webp 720w, https:\/\/www.agriculture-machine.com\/wp-content\/uploads\/2024\/01\/vertical-type-silage-spreader-360x270.webp 360w, https:\/\/www.agriculture-machine.com\/wp-content\/uploads\/2024\/01\/vertical-type-silage-spreader-240x180.webp 240w\" sizes=\"auto, (max-width: 720px) 100vw, 720px\" \/><figcaption class=\"wp-element-caption\">Vertikaler Silageverteiler<\/figcaption><\/figure>    <figure class=\"wp-block-image aligncenter size-full\"><img loading=\"lazy\" decoding=\"async\" width=\"720\" height=\"540\" src=\"https:\/\/www.agriculture-machine.com\/wp-content\/uploads\/2024\/01\/horizontal-type-feeding-car.webp\" alt=\"Horizontaler Futterwagen\" class=\"wp-image-15644\" srcset=\"https:\/\/www.agriculture-machine.com\/wp-content\/uploads\/2024\/01\/horizontal-type-feeding-car.webp 720w, https:\/\/www.agriculture-machine.com\/wp-content\/uploads\/2024\/01\/horizontal-type-feeding-car-360x270.webp 360w, https:\/\/www.agriculture-machine.com\/wp-content\/uploads\/2024\/01\/horizontal-type-feeding-car-240x180.webp 240w\" sizes=\"auto, (max-width: 720px) 100vw, 720px\" \/><figcaption class=\"wp-element-caption\">Horizontaler Futterwagen<\/figcaption><\/figure>    <h3 class=\"wp-block-heading\">Elektrisch angetriebener Verteilwagen<\/h3>    <p>Diese Art von Silageverteiler verwendet ein Elektrofahrzeug als Energiequelle und ist in der Regel mit einem leistungsstarken Elektromotor ausgestattet. <\/p>    <p>Die Vorteile des elektrischen Antriebs sind Umweltfreundlichkeit, geringe Ger\u00e4uschentwicklung und niedriger Energieverbrauch, was sie f\u00fcr den Einsatz in relativ ruhigen und sauberen Umgebungen geeignet macht. Gleichzeitig bieten elektrische Modelle hervorragende Flexibilit\u00e4t und Steuerbarkeit, was die Bedienung in begrenzten R\u00e4umen wie Weiden und Betrieben erleichtert.<\/p>    <figure class=\"wp-block-image aligncenter size-full\"><img loading=\"lazy\" decoding=\"async\" width=\"720\" height=\"540\" src=\"https:\/\/www.agriculture-machine.com\/wp-content\/uploads\/2024\/01\/electric-cattle-feed-spreader.webp\" alt=\"Elektrischer Rinderfutterverteiler\" class=\"wp-image-15645\" srcset=\"https:\/\/www.agriculture-machine.com\/wp-content\/uploads\/2024\/01\/electric-cattle-feed-spreader.webp 720w, https:\/\/www.agriculture-machine.com\/wp-content\/uploads\/2024\/01\/electric-cattle-feed-spreader-360x270.webp 360w, https:\/\/www.agriculture-machine.com\/wp-content\/uploads\/2024\/01\/electric-cattle-feed-spreader-240x180.webp 240w\" sizes=\"auto, (max-width: 720px) 100vw, 720px\" \/><figcaption class=\"wp-element-caption\">Elektrischer Rinderfutterverteiler<\/figcaption><\/figure>    <p class=\"translation-block\">Dieses Ger\u00e4t muss mit einem separaten Mischer ausgestattet werden, um die Silageballen zu verteilen (meist mit einem Ballenwickler, der die Fermentation erh\u00e4lt). <strong><em><a href=\"https:\/\/www.agriculture-machine.com\/de\/full-automatic-silage-baling-machine\/\">Verwandter Artikel: Silageballenmaschine | Vollautomatische Silageballenpresse<\/a><\/em><\/strong>). Diese wird dann \u00fcber ein F\u00f6rderband an den Silageverteiler weitergeleitet.<\/p>    <h3 class=\"wp-block-heading\">Dieselmotorischer Rinderfutterverteiler<\/h3>    <p>Dieses Ger\u00e4t wird ebenfalls von einem Elektrofahrzeug angetrieben, ist jedoch mit einem Dieselmotor ausgestattet, sodass die eigenst\u00e4ndige Mischfunktion direkt nach dem Mischen und Zuf\u00fchren erfolgt, ohne dass ein separater Mischer erforderlich ist. <\/p>    <p>Der Vorteil des Dieselmotors ist die hohe Energiedichte des Kraftstoffs, sodass er \u00fcber einen langen Zeitraum eine kontinuierliche und starke Leistung liefern kann, geeignet f\u00fcr langzeitige, hochintensive Nutzung.<\/p>    <figure class=\"wp-block-image aligncenter size-full\"><img loading=\"lazy\" decoding=\"async\" width=\"720\" height=\"540\" src=\"https:\/\/www.agriculture-machine.com\/wp-content\/uploads\/2024\/01\/disel-huabandry-silage-spreader.webp\" alt=\"Dieselmotorischer Tierhaltung-Silageverteiler\" class=\"wp-image-15646\" srcset=\"https:\/\/www.agriculture-machine.com\/wp-content\/uploads\/2024\/01\/disel-huabandry-silage-spreader.webp 720w, https:\/\/www.agriculture-machine.com\/wp-content\/uploads\/2024\/01\/disel-huabandry-silage-spreader-360x270.webp 360w, https:\/\/www.agriculture-machine.com\/wp-content\/uploads\/2024\/01\/disel-huabandry-silage-spreader-240x180.webp 240w\" sizes=\"auto, (max-width: 720px) 100vw, 720px\" \/><figcaption class=\"wp-element-caption\">Dieselmotorischer Tierhaltung-Silageverteiler<\/figcaption><\/figure>    <h2 class=\"wp-block-heading\">Wie funktioniert der Rinder- und Schaf-Futterverteiler?<\/h2>   <div id=\"rank-math-howto\" class=\"rank-math-block\" > <div class=\"rank-math-howto-description\">  <p>Das Funktionsprinzip des Silage- und Schafe- und Rinderfutterverteilers ist in zwei Hauptschritte unterteilt:<\/p>  <\/div>  <div class=\"rank-math-steps\"> <div id=\"howto-step-1706084567805\" class=\"rank-math-step\"> <h3 class=\"rank-math-step-title\">Futterladung<\/h3> <div class=\"rank-math-step-content\"><p>Zuerst l\u00e4dt der Bediener die Silage (meist gehacktes Futter oder Pflanzen) in den Beh\u00e4lter des Verteilers. Dies kann durch ein mechanisches Ladesystem oder andere Ladeger\u00e4te erfolgen. <\/p> <p>Einige Verteilwagen verf\u00fcgen m\u00f6glicherweise auch \u00fcber eine Mischladefunktion, die es erm\u00f6glicht, verschiedene Arten von Futter zu mischen, um eine ausgewogene Ern\u00e4hrung der Tiere zu gew\u00e4hrleisten.<\/p> <\/div> <\/div> <div id=\"howto-step-1706084630549\" class=\"rank-math-step\"> <h3 class=\"rank-math-step-title\">Verteilprozess<\/h3> <div class=\"rank-math-step-content\"><p>Sobald das Futter geladen ist, verteilt der Silage-Verteilerwagen das Futter gleichm\u00e4\u00dfig \u00fcber den Futterbereich durch ein mechanisches System. <\/p> <p>Dies wird normalerweise durch Drehen eines Ventilators oder eines runden Verteilers erreicht. Der Verteiler passt die Verteilungsweite und -dichte an, um eine gleichm\u00e4\u00dfige Verteilung des Futters im Viehfutterbereich zu gew\u00e4hrleisten. <\/p> <p>Die Geschwindigkeit, mit der das Fahrzeug f\u00e4hrt, und die Drehzahl des Verteilers k\u00f6nnen oft angepasst werden, um den Bed\u00fcrfnissen verschiedener Futterstellen gerecht zu werden.<\/p> <\/div> <\/div> <\/div> <\/div>       <h2 class=\"wp-block-heading\">Parameter des Silage-Mischers und Verteilers<\/h2>    <figure class=\"wp-block-table is-style-stripes\"><table><tbody><tr><td class=\"has-text-align-center\" data-align=\"center\">Modell<\/td><td class=\"has-text-align-center\" data-align=\"center\">SL-3<\/td><\/tr><tr><td class=\"has-text-align-center\" data-align=\"center\">Gesamtabmessungen<\/td><td class=\"has-text-align-center\" data-align=\"center\">3,6*1,5*2,0m<\/td><\/tr><tr><td class=\"has-text-align-center\" data-align=\"center\">Beh\u00e4ltergr\u00f6\u00dfe<\/td><td class=\"has-text-align-center\" data-align=\"center\">2,0*1,2*1,4m<\/td><\/tr><tr><td class=\"has-text-align-center\" data-align=\"center\">G\u00fcrtelbreite<\/td><td class=\"has-text-align-center\" data-align=\"center\">400mm<\/td><\/tr><tr><td class=\"has-text-align-center\" data-align=\"center\">Anzahl der Batterien<\/td><td class=\"has-text-align-center\" data-align=\"center\">6<\/td><\/tr><tr><td class=\"has-text-align-center\" data-align=\"center\">Eingangsspannung<\/td><td class=\"has-text-align-center\" data-align=\"center\">72V<\/td><\/tr><tr><td class=\"has-text-align-center\" data-align=\"center\">Batteriespezifikation<\/td><td class=\"has-text-align-center\" data-align=\"center\">Trockenbatterie Chaowei oder Camel-Marke<\/td><\/tr><tr><td class=\"has-text-align-center\" data-align=\"center\">Reifenmodell<\/td><td class=\"has-text-align-center\" data-align=\"center\">Hinterr\u00e4der 3,50*12(2)   5,00*12(1)<\/td><\/tr><tr><td class=\"has-text-align-center\" data-align=\"center\">Beh\u00e4ltergr\u00f6\u00dfe<\/td><td class=\"has-text-align-center\" data-align=\"center\">3m\u00b3<\/td><\/tr><tr><td class=\"has-text-align-center\" data-align=\"center\">Lager<\/td><td class=\"has-text-align-center\" data-align=\"center\">F206(4)<\/td><\/tr><tr><td class=\"has-text-align-center\" data-align=\"center\">F\u00f6rdermethode<\/td><td class=\"has-text-align-center\" data-align=\"center\">Sch\u00fcrze<\/td><\/tr><tr><td class=\"has-text-align-center\" data-align=\"center\">Verteilmethode<\/td><td class=\"has-text-align-center\" data-align=\"center\">Bidirektionalit\u00e4t<\/td><\/tr><tr><td class=\"has-text-align-center\" data-align=\"center\">Bremse<\/td><td class=\"has-text-align-center\" data-align=\"center\">\u00d6l-Bremse<\/td><\/tr><tr><td class=\"has-text-align-center\" data-align=\"center\">Verteilh\u00f6he<\/td><td class=\"has-text-align-center\" data-align=\"center\">60cm<\/td><\/tr><tr><td class=\"has-text-align-center\" data-align=\"center\">Getriebe<\/td><td class=\"has-text-align-center\" data-align=\"center\">Ketten<\/td><\/tr><tr><td class=\"has-text-align-center\" data-align=\"center\">Lenkrad<\/td><td class=\"has-text-align-center\" data-align=\"center\">Riffelung<\/td><\/tr><tr><td class=\"has-text-align-center\" data-align=\"center\">Elektromotor<\/td><td class=\"has-text-align-center\" data-align=\"center\">1.5\/1.5\/2.2<\/td><\/tr><tr><td class=\"has-text-align-center\" data-align=\"center\">Batteriekapazit\u00e4t<\/td><td class=\"has-text-align-center\" data-align=\"center\">70A<\/td><\/tr><\/tbody><\/table><figcaption class=\"wp-element-caption\">Technische Daten des Rinder- und Schaf-Silage-Verteilers<\/figcaption><\/figure>    <h2 class=\"wp-block-heading\">Kontaktieren Sie uns jederzeit<\/h2>    <p>Wenn Sie an unserem Silageverteiler interessiert sind, kontaktieren Sie uns bitte f\u00fcr detaillierte Informationen zum Ger\u00e4t. Wir freuen uns, Ihnen detaillierte Produktbeschreibungen und Anpassungsvorschl\u00e4ge zu unterbreiten, um Ihre spezifischen Bed\u00fcrfnisse zu erf\u00fcllen. Au\u00dferdem laden wir Sie herzlich ein, unsere Fabrik zu besuchen, und freuen uns auf die Zusammenarbeit, um effizientere und intelligentere F\u00fctterungsl\u00f6sungen zu entwickeln.<\/p>","protected":false},"excerpt":{"rendered":"<p>Der Silageverteiler kann Silage und verschiedene Arten von Futter gleichm\u00e4\u00dfig in die Futterbereiche f\u00fcr Rinder und Schafe verteilen, was die Futterausnutzung verbessert und die Arbeitskosten senkt.<\/p>","protected":false},"author":1,"featured_media":15645,"parent":0,"comment_status":"closed","ping_status":"closed","template":"","tags":[591],"product-type":[876],"class_list":["post-15641","product","type-product","status-publish","has-post-thumbnail","hentry","tag-silage","product-type-silage-machine"],"_links":{"self":[{"href":"https:\/\/www.agriculture-machine.com\/de\/wp-json\/wp\/v2\/product\/15641","targetHints":{"allow":["GET"]}}],"collection":[{"href":"https:\/\/www.agriculture-machine.com\/de\/wp-json\/wp\/v2\/product"}],"about":[{"href":"https:\/\/www.agriculture-machine.com\/de\/wp-json\/wp\/v2\/types\/product"}],"author":[{"embeddable":true,"href":"https:\/\/www.agriculture-machine.com\/de\/wp-json\/wp\/v2\/users\/1"}],"replies":[{"embeddable":true,"href":"https:\/\/www.agriculture-machine.com\/de\/wp-json\/wp\/v2\/comments?post=15641"}],"wp:featuredmedia":[{"embeddable":true,"href":"https:\/\/www.agriculture-machine.com\/de\/wp-json\/wp\/v2\/media\/15645"}],"wp:attachment":[{"href":"https:\/\/www.agriculture-machine.com\/de\/wp-json\/wp\/v2\/media?parent=15641"}],"wp:term":[{"taxonomy":"post_tag","embeddable":true,"href":"https:\/\/www.agriculture-machine.com\/de\/wp-json\/wp\/v2\/tags?post=15641"},{"taxonomy":"product-type","embeddable":true,"href":"https:\/\/www.agriculture-machine.com\/de\/wp-json\/wp\/v2\/product-type?post=15641"}],"curies":[{"name":"wp","href":"https:\/\/api.w.org\/{rel}","templated":true}]}}