{"id":15769,"date":"2024-03-07T16:43:43","date_gmt":"2024-03-07T08:43:43","guid":{"rendered":"https:\/\/www.agriculture-machine.com\/?post_type=product&#038;p=15769"},"modified":"2024-08-20T17:42:26","modified_gmt":"2024-08-20T09:42:26","slug":"peanut-roasting-machine","status":"publish","type":"product","link":"https:\/\/www.agriculture-machine.com\/de\/peanut-roasting-machine\/","title":{"rendered":"Elektrische &amp; Gase Erdnussr\u00f6stmaschine Groundnut Roster Zum Verkauf"},"content":{"rendered":"<p class=\"translation-block\">Die <strong>Erdnussr\u00f6stmaschine<\/strong> wird haupts\u00e4chlich zum R\u00f6sten oder Trocknen von Erdn\u00fcssen, Waln\u00fcssen, Mandeln, Bohnen, Kaffeebohnen, Melonensamen und anderen granularen Materialien und Pulvern verwendet.<\/p>    <p>Dieses Ger\u00e4t verwendet elektrische Heizung, \u00d6l, Gas oder Kohle als W\u00e4rmequelle. Es nutzt rotierende Trommel, W\u00e4rmeleitung und W\u00e4rmestrahlung, und verwendet Kohle als Brennstoff, die Produktionskosten sind niedrig. Das Ger\u00e4t ist einfach zu bedienen, effizient, energiesparend und langlebig. Die gebackenen Produkte sind von guter Qualit\u00e4t, hygienisch im Geschmack und erf\u00fcllen Exportstandards.<\/p>    <figure class=\"wp-block-embed aligncenter is-type-video is-provider-youtube wp-block-embed-youtube wp-embed-aspect-16-9 wp-has-aspect-ratio\"><div class=\"wp-block-embed__wrapper\"> <iframe loading=\"lazy\" title=\"Meistere die Kunst des Erdnussr\u00f6stens: Ultimativer Leitfaden zur Verwendung einer Erdnussr\u00f6stmaschine!\" width=\"500\" height=\"281\" src=\"https:\/\/www.youtube.com\/embed\/ywy1h1PrqeQ?feature=oembed\" frameborder=\"0\" allow=\"accelerometer; autoplay; clipboard-write; encrypted-media; gyroscope; picture-in-picture; web-share\" referrerpolicy=\"strict-origin-when-cross-origin\" allowfullscreen><\/iframe> <\/div><figcaption class=\"wp-element-caption\">Video zur Arbeitsweise der Groundnut-R\u00f6stmaschine<\/figcaption><\/figure>    <h2 class=\"wp-block-heading\">Wie funktioniert die Erdnussr\u00f6stmaschine?<\/h2>   <div id=\"rank-math-howto\" class=\"rank-math-block\" > <div class=\"rank-math-howto-description\">  <p>Das Funktionsprinzip der Erdnussr\u00f6stmaschine ist in den folgenden Schritten unterteilt:<\/p>  <\/div>  <div class=\"rank-math-steps\"> <div id=\"howto-step-1709796115027\" class=\"rank-math-step\"> <h3 class=\"rank-math-step-title\">Laden<\/h3> <div class=\"rank-math-step-content\"><p>Erdn\u00fcsse werden am Eingang platziert und durch eine F\u00f6rderband oder andere Mittel in die Backkammer gef\u00fchrt.<\/p> <\/div> <\/div> <div id=\"howto-step-1709796163601\" class=\"rank-math-step\"> <h3 class=\"rank-math-step-title\">Vorheizen<\/h3> <div class=\"rank-math-step-content\"><p>Bevor die Erdn\u00fcsse die Backkammer betreten, wird die Maschine kurz vorgeheizt. Dies stellt sicher, dass das gesamte System die richtige Temperatur hat, um einen effizienten Backprozess zu starten. Allgemein auf Raumtemperatur 300 Grad eingestellt.<\/p> <\/div> <\/div> <div id=\"howto-step-1709796223154\" class=\"rank-math-step\"> <h3 class=\"rank-math-step-title\">R\u00f6sten<\/h3> <div class=\"rank-math-step-content\"><p>Erdn\u00fcsse werden in der Backkammer f\u00fcr eine bestimmte Zeit durch Hei\u00dfluft oder Strahlungsw\u00e4rme ger\u00f6stet. Die Temperatur- und Zeitkontrolle ist sehr kritisch, um sicherzustellen, dass die Erdn\u00fcsse gleichm\u00e4\u00dfig erhitzt werden und den gew\u00fcnschten Geschmack und die Farbe erreichen.<\/p> <\/div> <\/div> <div id=\"howto-step-1709796242114\" class=\"rank-math-step\"> <h3 class=\"rank-math-step-title\">K\u00fchlung<\/h3> <div class=\"rank-math-step-content\"><p>Nach dem R\u00f6sten m\u00fcssen die ger\u00f6steten Erdn\u00fcsse in der Maschine gek\u00fchlt werden. Diese Phase hilft, die Temperatur der Erdn\u00fcsse zu stabilisieren und \u00dcberhitzung zu vermeiden, was ihre Qualit\u00e4t beeintr\u00e4chtigen k\u00f6nnte.<\/p> <\/div> <\/div> <div id=\"howto-step-1709796257088\" class=\"rank-math-step\"> <h3 class=\"rank-math-step-title\">Entladen<\/h3> <div class=\"rank-math-step-content\"><p>Die gek\u00fchlten Erdn\u00fcsse verlassen schlie\u00dflich die Maschine und k\u00f6nnen durch F\u00f6rderb\u00e4nder oder andere Systeme gesammelt oder in nachfolgende Verarbeitungsschritte eingespeist werden.<\/p> <\/div> <\/div> <\/div> <\/div>       <figure class=\"wp-block-embed aligncenter is-type-video is-provider-youtube wp-block-embed-youtube wp-embed-aspect-16-9 wp-has-aspect-ratio\"><div class=\"wp-block-embed__wrapper\"> <iframe loading=\"lazy\" title=\"Effiziente Erdnussr\u00f6st- &amp; K\u00fchlmaschine in Aktion!#erdnuss #groundnut #r\u00f6st\" width=\"500\" height=\"281\" src=\"https:\/\/www.youtube.com\/embed\/4rRCnqDT7xk?feature=oembed\" frameborder=\"0\" allow=\"accelerometer; autoplay; clipboard-write; encrypted-media; gyroscope; picture-in-picture; web-share\" referrerpolicy=\"strict-origin-when-cross-origin\" allowfullscreen><\/iframe> <\/div><figcaption class=\"wp-element-caption\">Video vom Erdnussr\u00f6sten und K\u00fchlen in Aktion<\/figcaption><\/figure>    <h2 class=\"wp-block-heading\">Parameter der Erdnussr\u00f6stmaschine<\/h2>    <figure class=\"wp-block-table is-style-stripes\"><table><tbody><tr><td class=\"has-text-align-center\" data-align=\"center\"><strong>Modell<\/strong><\/td><td class=\"has-text-align-center\" data-align=\"center\"><strong>Abmessung(mm)<\/strong><\/td><td class=\"has-text-align-center\" data-align=\"center\"><strong>Kapazit\u00e4t(kg\/h)<\/strong><\/td><td class=\"has-text-align-center\" data-align=\"center\"><strong>Leistung(kW)<\/strong><\/td><td class=\"has-text-align-center\" data-align=\"center\"><strong>Elektrische Heizleistung(kW)<\/strong><\/td><td class=\"has-text-align-center\" data-align=\"center\"><strong>Gasverbrauch(kg)<\/strong><\/td><\/tr><tr><td class=\"has-text-align-center\" data-align=\"center\">MHK\u20141<\/td><td class=\"has-text-align-center\" data-align=\"center\">3000*1200*1700<\/td><td class=\"has-text-align-center\" data-align=\"center\">80\u2014120<\/td><td class=\"has-text-align-center\" data-align=\"center\">1.1<\/td><td class=\"has-text-align-center\" data-align=\"center\">22<\/td><td class=\"has-text-align-center\" data-align=\"center\">2-3<\/td><\/tr><tr><td class=\"has-text-align-center\" data-align=\"center\">MHK\u20142<\/td><td class=\"has-text-align-center\" data-align=\"center\">3000*2200*1700<\/td><td class=\"has-text-align-center\" data-align=\"center\">180\u2014250<\/td><td class=\"has-text-align-center\" data-align=\"center\">2.2<\/td><td class=\"has-text-align-center\" data-align=\"center\">44<\/td><td class=\"has-text-align-center\" data-align=\"center\">3-6<\/td><\/tr><tr><td class=\"has-text-align-center\" data-align=\"center\">MHK\u20143<\/td><td class=\"has-text-align-center\" data-align=\"center\">3000*3300*1700<\/td><td class=\"has-text-align-center\" data-align=\"center\">280\u2014350<\/td><td class=\"has-text-align-center\" data-align=\"center\">3.3<\/td><td class=\"has-text-align-center\" data-align=\"center\">66<\/td><td class=\"has-text-align-center\" data-align=\"center\">6-9<\/td><\/tr><tr><td class=\"has-text-align-center\" data-align=\"center\">MHK\u20144<\/td><td class=\"has-text-align-center\" data-align=\"center\">3000*4400*1700<\/td><td class=\"has-text-align-center\" data-align=\"center\">380\u2014450<\/td><td class=\"has-text-align-center\" data-align=\"center\">4.4<\/td><td class=\"has-text-align-center\" data-align=\"center\">88<\/td><td class=\"has-text-align-center\" data-align=\"center\">9-12<\/td><\/tr><tr><td class=\"has-text-align-center\" data-align=\"center\">MHK\u20145<\/td><td class=\"has-text-align-center\" data-align=\"center\">3000*5500*1700<\/td><td class=\"has-text-align-center\" data-align=\"center\">500&#8211;650<\/td><td class=\"has-text-align-center\" data-align=\"center\">5.5<\/td><td class=\"has-text-align-center\" data-align=\"center\">110<\/td><td class=\"has-text-align-center\" data-align=\"center\">12-15<\/td><\/tr><\/tbody><\/table><figcaption class=\"wp-element-caption\">Detaillierte technische Daten des Groundnut-R\u00f6sters<\/figcaption><\/figure>    <figure class=\"wp-block-gallery has-nested-images columns-default is-cropped wp-block-gallery-2 is-layout-flex wp-block-gallery-is-layout-flex\"> <figure class=\"wp-block-image size-large\"><img loading=\"lazy\" decoding=\"async\" width=\"720\" height=\"540\" data-id=\"15805\" src=\"https:\/\/www.agriculture-machine.com\/wp-content\/uploads\/2024\/03\/automatic-nut-roasting-equipment.webp\" alt=\"Automatisierte Nussr\u00f6stger\u00e4te\" class=\"wp-image-15805\" srcset=\"https:\/\/www.agriculture-machine.com\/wp-content\/uploads\/2024\/03\/automatic-nut-roasting-equipment.webp 720w, https:\/\/www.agriculture-machine.com\/wp-content\/uploads\/2024\/03\/automatic-nut-roasting-equipment-360x270.webp 360w, https:\/\/www.agriculture-machine.com\/wp-content\/uploads\/2024\/03\/automatic-nut-roasting-equipment-240x180.webp 240w, https:\/\/www.agriculture-machine.com\/wp-content\/uploads\/2024\/03\/automatic-nut-roasting-equipment-16x12.webp 16w\" sizes=\"auto, (max-width: 720px) 100vw, 720px\" \/><figcaption class=\"wp-element-caption\">Automatisierte Nussr\u00f6stger\u00e4te<\/figcaption><\/figure>    <figure class=\"wp-block-image size-large\"><img loading=\"lazy\" decoding=\"async\" width=\"720\" height=\"540\" data-id=\"15806\" src=\"https:\/\/www.agriculture-machine.com\/wp-content\/uploads\/2024\/03\/efficient-nut-roasting-machine.webp\" alt=\"Effiziente Nussr\u00f6stmaschine\" class=\"wp-image-15806\" srcset=\"https:\/\/www.agriculture-machine.com\/wp-content\/uploads\/2024\/03\/efficient-nut-roasting-machine.webp 720w, https:\/\/www.agriculture-machine.com\/wp-content\/uploads\/2024\/03\/efficient-nut-roasting-machine-360x270.webp 360w, https:\/\/www.agriculture-machine.com\/wp-content\/uploads\/2024\/03\/efficient-nut-roasting-machine-240x180.webp 240w, https:\/\/www.agriculture-machine.com\/wp-content\/uploads\/2024\/03\/efficient-nut-roasting-machine-16x12.webp 16w\" sizes=\"auto, (max-width: 720px) 100vw, 720px\" \/><figcaption class=\"wp-element-caption\">Effiziente Nussr\u00f6stmaschine<\/figcaption><\/figure> <\/figure>    <h2 class=\"wp-block-heading\">Mehrere Maschinentypen<\/h2>    <p>Unsere Fabrik produziert R\u00f6stger\u00e4te mit 1-5 Zylindern. Zus\u00e4tzlich zum Trommeltyp k\u00f6nnen wir auch F\u00f6rderband- und kombinierte R\u00f6st- und K\u00fchlmaschinen anbieten.<\/p>    <p>Je nach Ihren Anforderungen an Maschinengr\u00f6\u00dfe und Output k\u00f6nnen wir verschiedene Typen herstellen. <\/p>    <p>Hier sind zwei Arten von Erdnussr\u00f6stmaschinen, Einzylinder und Doppelzylinder. Diese beiden sind auch die meistverkauften Maschinen.<\/p>    <h3 class=\"wp-block-heading\">Einzylinder-Erdnussr\u00f6stmaschine<\/h3>    <figure class=\"wp-block-gallery has-nested-images columns-default is-cropped wp-block-gallery-3 is-layout-flex wp-block-gallery-is-layout-flex\"> <figure class=\"wp-block-image size-large\"><img loading=\"lazy\" decoding=\"async\" width=\"720\" height=\"540\" data-id=\"15808\" src=\"https:\/\/www.agriculture-machine.com\/wp-content\/uploads\/2024\/03\/small-scale-nut-roasting-machine.webp\" alt=\"Kleine Nussr\u00f6stmaschine\" class=\"wp-image-15808\" srcset=\"https:\/\/www.agriculture-machine.com\/wp-content\/uploads\/2024\/03\/small-scale-nut-roasting-machine.webp 720w, https:\/\/www.agriculture-machine.com\/wp-content\/uploads\/2024\/03\/small-scale-nut-roasting-machine-360x270.webp 360w, https:\/\/www.agriculture-machine.com\/wp-content\/uploads\/2024\/03\/small-scale-nut-roasting-machine-240x180.webp 240w, https:\/\/www.agriculture-machine.com\/wp-content\/uploads\/2024\/03\/small-scale-nut-roasting-machine-16x12.webp 16w\" sizes=\"auto, (max-width: 720px) 100vw, 720px\" \/><figcaption class=\"wp-element-caption\">Kleine Nussr\u00f6stmaschine<\/figcaption><\/figure>    <figure class=\"wp-block-image size-large\"><img loading=\"lazy\" decoding=\"async\" width=\"720\" height=\"540\" data-id=\"15807\" src=\"https:\/\/www.agriculture-machine.com\/wp-content\/uploads\/2024\/03\/peanut-processing-machinery.webp\" alt=\"Erdnussverarbeitungsmaschinen\" class=\"wp-image-15807\" srcset=\"https:\/\/www.agriculture-machine.com\/wp-content\/uploads\/2024\/03\/peanut-processing-machinery.webp 720w, https:\/\/www.agriculture-machine.com\/wp-content\/uploads\/2024\/03\/peanut-processing-machinery-360x270.webp 360w, https:\/\/www.agriculture-machine.com\/wp-content\/uploads\/2024\/03\/peanut-processing-machinery-240x180.webp 240w, https:\/\/www.agriculture-machine.com\/wp-content\/uploads\/2024\/03\/peanut-processing-machinery-16x12.webp 16w\" sizes=\"auto, (max-width: 720px) 100vw, 720px\" \/><figcaption class=\"wp-element-caption\">Erdnussverarbeitungsmaschinen<\/figcaption><\/figure> <\/figure>    <h3 class=\"wp-block-heading\">Doppelzylinder-Erdnussr\u00f6stmaschine<\/h3>    <figure class=\"wp-block-gallery has-nested-images columns-default is-cropped wp-block-gallery-4 is-layout-flex wp-block-gallery-is-layout-flex\"> <figure class=\"wp-block-image size-large\"><img loading=\"lazy\" decoding=\"async\" width=\"720\" height=\"540\" data-id=\"15810\" src=\"https:\/\/www.agriculture-machine.com\/wp-content\/uploads\/2024\/03\/roasted-nut-production-machine.webp\" alt=\"Ger\u00f6stete Nussproduktionsmaschine\" class=\"wp-image-15810\" srcset=\"https:\/\/www.agriculture-machine.com\/wp-content\/uploads\/2024\/03\/roasted-nut-production-machine.webp 720w, https:\/\/www.agriculture-machine.com\/wp-content\/uploads\/2024\/03\/roasted-nut-production-machine-360x270.webp 360w, https:\/\/www.agriculture-machine.com\/wp-content\/uploads\/2024\/03\/roasted-nut-production-machine-240x180.webp 240w, https:\/\/www.agriculture-machine.com\/wp-content\/uploads\/2024\/03\/roasted-nut-production-machine-16x12.webp 16w\" sizes=\"auto, (max-width: 720px) 100vw, 720px\" \/><figcaption class=\"wp-element-caption\">Ger\u00f6stete Nussproduktionsmaschine<\/figcaption><\/figure>    <figure class=\"wp-block-image size-large\"><img loading=\"lazy\" decoding=\"async\" width=\"720\" height=\"540\" data-id=\"15809\" src=\"https:\/\/www.agriculture-machine.com\/wp-content\/uploads\/2024\/03\/high-capacity-peanut-roasting-machine.webp\" alt=\"Hochkapazit\u00e4ts-Erdnussr\u00f6stmaschine\" class=\"wp-image-15809\" srcset=\"https:\/\/www.agriculture-machine.com\/wp-content\/uploads\/2024\/03\/high-capacity-peanut-roasting-machine.webp 720w, https:\/\/www.agriculture-machine.com\/wp-content\/uploads\/2024\/03\/high-capacity-peanut-roasting-machine-360x270.webp 360w, https:\/\/www.agriculture-machine.com\/wp-content\/uploads\/2024\/03\/high-capacity-peanut-roasting-machine-240x180.webp 240w, https:\/\/www.agriculture-machine.com\/wp-content\/uploads\/2024\/03\/high-capacity-peanut-roasting-machine-16x12.webp 16w\" sizes=\"auto, (max-width: 720px) 100vw, 720px\" \/><figcaption class=\"wp-element-caption\">Hochkapazit\u00e4ts-Erdnussr\u00f6stmaschine<\/figcaption><\/figure> <\/figure>    <h2 class=\"wp-block-heading\">Hauptvorteile der Erdnussr\u00f6stmaschine<\/h2>    <ol class=\"wp-block-list\"> <li><strong>Gleichm\u00e4\u00dfiges R\u00f6sten<\/strong>: Die Erdnussr\u00f6stmaschine verwendet fortschrittliche Trommeltechnologie, um sicherzustellen, dass die Erdn\u00fcsse gleichm\u00e4\u00dfig erhitzt werden, \u00dcber- oder Unterr\u00f6stung vermieden wird und ein gleichbleibender Geschmack des Produkts gew\u00e4hrleistet ist.<\/li>    <li><strong>Intelligentes Steuerungssystem<\/strong>: Ausgestattet mit einem intelligenten Temperatur- und Zeitschaltsteuerungssystem, was die Bedienung erleichtert, den Produktionsprozess besser kontrollierbar macht, menschliche Fehler reduziert und die Produktionseffizienz steigert.<\/li>    <li><strong>Hohe Produktionseffizienz<\/strong>: Durch automatisierte Prozesse und kontinuierlichen Betrieb kann die Erdnussr\u00f6stmaschine in kurzer Zeit Massenproduktion durchf\u00fchren, die Produktionseffizienz verbessern und die Produktionskosten senken.<\/li>    <li><strong>Multifunktionales Design<\/strong>: es ist geeignet zum R\u00f6sten verschiedener N\u00fcsse und Spezifikationen und besitzt eine hohe Vielseitigkeit, was es zu einer idealen Wahl f\u00fcr Lebensmittelverarbeitungsunternehmen macht, um flexibel auf Marktnachfragen zu reagieren.<\/li>    <li><strong>Stabile Produktqualit\u00e4t<\/strong>: the machine&#8217;s precise temperature control and operating system ensure the consistency of the roasting quality of each batch of peanuts, providing manufacturers with more reliable products.<\/li> <\/ol>    <figure class=\"wp-block-gallery has-nested-images columns-default is-cropped wp-block-gallery-5 is-layout-flex wp-block-gallery-is-layout-flex\"> <figure class=\"wp-block-image size-large\"><img loading=\"lazy\" decoding=\"async\" width=\"720\" height=\"540\" data-id=\"15803\" src=\"https:\/\/www.agriculture-machine.com\/wp-content\/uploads\/2024\/03\/peanut-roasting-machine-working-site.webp\" alt=\"Arbeitsstelle der Erdnussr\u00f6stmaschine\" class=\"wp-image-15803\" srcset=\"https:\/\/www.agriculture-machine.com\/wp-content\/uploads\/2024\/03\/peanut-roasting-machine-working-site.webp 720w, https:\/\/www.agriculture-machine.com\/wp-content\/uploads\/2024\/03\/peanut-roasting-machine-working-site-360x270.webp 360w, https:\/\/www.agriculture-machine.com\/wp-content\/uploads\/2024\/03\/peanut-roasting-machine-working-site-240x180.webp 240w, https:\/\/www.agriculture-machine.com\/wp-content\/uploads\/2024\/03\/peanut-roasting-machine-working-site-16x12.webp 16w\" sizes=\"auto, (max-width: 720px) 100vw, 720px\" \/><figcaption class=\"wp-element-caption\">Arbeitsstelle der Erdnussr\u00f6stmaschine<\/figcaption><\/figure>    <figure class=\"wp-block-image size-large\"><img loading=\"lazy\" decoding=\"async\" width=\"720\" height=\"540\" data-id=\"15804\" src=\"https:\/\/www.agriculture-machine.com\/wp-content\/uploads\/2024\/03\/professional-nut-roasting-system.webp\" alt=\"Professionelles Nussr\u00f6stsystem\" class=\"wp-image-15804\" srcset=\"https:\/\/www.agriculture-machine.com\/wp-content\/uploads\/2024\/03\/professional-nut-roasting-system.webp 720w, https:\/\/www.agriculture-machine.com\/wp-content\/uploads\/2024\/03\/professional-nut-roasting-system-360x270.webp 360w, https:\/\/www.agriculture-machine.com\/wp-content\/uploads\/2024\/03\/professional-nut-roasting-system-240x180.webp 240w, https:\/\/www.agriculture-machine.com\/wp-content\/uploads\/2024\/03\/professional-nut-roasting-system-16x12.webp 16w\" sizes=\"auto, (max-width: 720px) 100vw, 720px\" \/><figcaption class=\"wp-element-caption\">Professionelles Nussr\u00f6stsystem<\/figcaption><\/figure> <\/figure>    <h2 class=\"wp-block-heading\">Erfolgsgeschichten mit Groundnut-R\u00f6stmaschinen<\/h2>    <p>Unsere Erdnussr\u00f6stmaschine wurde erfolgreich in viele L\u00e4nder geliefert, z.B. Ghana, Tansania, Pakistan, Bangladesch, Deutschland usw. Das Bild unten zeigt die Verpackung und Versanddiagramm der Maschine.<\/p>    <p>K\u00fcrzlich haben wir zwei Einheiten unserer Erdnussr\u00f6stmaschine erfolgreich an einen Kunden in Ghana versandt. Dieser betreibt ein florierendes Snack-Gesch\u00e4ft, spezialisiert auf die Produktion und den Verkauf ger\u00f6steter Erdn\u00fcsse und anderer Nuss-Snacks.<\/p>    <p>Mit unserer Maschine wollen sie die wachsende Nachfrage auf lokalen M\u00e4rkten decken und ihr Produktangebot um innovative Snack-Varianten erweitern.<\/p>    <figure class=\"wp-block-gallery has-nested-images columns-default is-cropped wp-block-gallery-6 is-layout-flex wp-block-gallery-is-layout-flex\"> <figure class=\"wp-block-image size-large\"><img loading=\"lazy\" decoding=\"async\" width=\"720\" height=\"540\" data-id=\"15801\" src=\"https:\/\/www.agriculture-machine.com\/wp-content\/uploads\/2024\/03\/commercial-nut-roaster.webp\" alt=\"Handelnder Nussr\u00f6ster\" class=\"wp-image-15801\" srcset=\"https:\/\/www.agriculture-machine.com\/wp-content\/uploads\/2024\/03\/commercial-nut-roaster.webp 720w, https:\/\/www.agriculture-machine.com\/wp-content\/uploads\/2024\/03\/commercial-nut-roaster-360x270.webp 360w, https:\/\/www.agriculture-machine.com\/wp-content\/uploads\/2024\/03\/commercial-nut-roaster-240x180.webp 240w, https:\/\/www.agriculture-machine.com\/wp-content\/uploads\/2024\/03\/commercial-nut-roaster-16x12.webp 16w\" sizes=\"auto, (max-width: 720px) 100vw, 720px\" \/><figcaption class=\"wp-element-caption\">Handelnder Nussr\u00f6ster<\/figcaption><\/figure>    <figure class=\"wp-block-image size-large\"><img loading=\"lazy\" decoding=\"async\" width=\"720\" height=\"540\" data-id=\"15802\" src=\"https:\/\/www.agriculture-machine.com\/wp-content\/uploads\/2024\/03\/industrial-peanut-roaster.webp\" alt=\"Industrielle Erdnussr\u00f6stmaschine\" class=\"wp-image-15802\" srcset=\"https:\/\/www.agriculture-machine.com\/wp-content\/uploads\/2024\/03\/industrial-peanut-roaster.webp 720w, https:\/\/www.agriculture-machine.com\/wp-content\/uploads\/2024\/03\/industrial-peanut-roaster-360x270.webp 360w, https:\/\/www.agriculture-machine.com\/wp-content\/uploads\/2024\/03\/industrial-peanut-roaster-240x180.webp 240w, https:\/\/www.agriculture-machine.com\/wp-content\/uploads\/2024\/03\/industrial-peanut-roaster-16x12.webp 16w\" sizes=\"auto, (max-width: 720px) 100vw, 720px\" \/><figcaption class=\"wp-element-caption\">Industrielle Erdnussr\u00f6stmaschine<\/figcaption><\/figure> <\/figure>    <h2 class=\"wp-block-heading\">Kontaktieren Sie uns jederzeit<\/h2>    <p>Wenn Sie an dieser Erdnussr\u00f6stmaschine interessiert sind, z\u00f6gern Sie bitte nicht, uns zu kontaktieren. Wir senden Ihnen weitere Details und ein Angebot. <\/p>    <p class=\"translation-block\">Um Ihre Produktionskette umfassend zu verbessern, empfehlen wir auch andere erdnussbezogene Verarbeitungsmaschinen aus unserem Unternehmen, einschlie\u00dflich <strong><em><a href=\"https:\/\/www.agriculture-machine.com\/de\/peanut-planter-peanut-planting-machine\/\">Erdnuss-S\u00e4maschinen<\/a><\/em><\/strong>, <strong><em><a href=\"https:\/\/www.agriculture-machine.com\/de\/peanut-harvester\/\">Groundnut-Erntemaschinen<\/a><\/em><\/strong>, <strong><em><a href=\"https:\/\/www.agriculture-machine.com\/de\/peanut-sheller\/\">Erdnuss-Sch\u00e4lmaschinen<\/a><\/em><\/strong>, usw., um eine vollst\u00e4ndige L\u00f6sung zu gew\u00e4hrleisten. <\/p>    <p>Sie sind herzlich eingeladen, unsere Fabrik zu besuchen, um diese innovativen Technologien aus erster Hand zu erleben und zu verstehen. Lassen Sie uns gemeinsam daran arbeiten, Ihren Erfolg in der Erdnussbranche zu steigern!<\/p>","protected":false},"excerpt":{"rendered":"<p>Die Erdnussr\u00f6stmaschine bietet effiziente, gleichm\u00e4\u00dfige und hochwertige L\u00f6sungen f\u00fcr die Erdnussproduktion durch fortschrittliche R\u00f6sttechnologie und intelligentes Steuerungssystem.<\/p>","protected":false},"author":1,"featured_media":15811,"parent":0,"comment_status":"closed","ping_status":"closed","template":"","tags":[798,797],"product-type":[1],"class_list":["post-15769","product","type-product","status-publish","has-post-thumbnail","hentry","tag-groundnut","tag-peanut","product-type-other"],"_links":{"self":[{"href":"https:\/\/www.agriculture-machine.com\/de\/wp-json\/wp\/v2\/product\/15769","targetHints":{"allow":["GET"]}}],"collection":[{"href":"https:\/\/www.agriculture-machine.com\/de\/wp-json\/wp\/v2\/product"}],"about":[{"href":"https:\/\/www.agriculture-machine.com\/de\/wp-json\/wp\/v2\/types\/product"}],"author":[{"embeddable":true,"href":"https:\/\/www.agriculture-machine.com\/de\/wp-json\/wp\/v2\/users\/1"}],"replies":[{"embeddable":true,"href":"https:\/\/www.agriculture-machine.com\/de\/wp-json\/wp\/v2\/comments?post=15769"}],"wp:featuredmedia":[{"embeddable":true,"href":"https:\/\/www.agriculture-machine.com\/de\/wp-json\/wp\/v2\/media\/15811"}],"wp:attachment":[{"href":"https:\/\/www.agriculture-machine.com\/de\/wp-json\/wp\/v2\/media?parent=15769"}],"wp:term":[{"taxonomy":"post_tag","embeddable":true,"href":"https:\/\/www.agriculture-machine.com\/de\/wp-json\/wp\/v2\/tags?post=15769"},{"taxonomy":"product-type","embeddable":true,"href":"https:\/\/www.agriculture-machine.com\/de\/wp-json\/wp\/v2\/product-type?post=15769"}],"curies":[{"name":"wp","href":"https:\/\/api.w.org\/{rel}","templated":true}]}}