{"id":16007,"date":"2024-05-15T16:41:38","date_gmt":"2024-05-15T08:41:38","guid":{"rendered":"https:\/\/www.agriculture-machine.com\/?post_type=product&#038;p=16007"},"modified":"2024-08-20T17:44:02","modified_gmt":"2024-08-20T09:44:02","slug":"peanut-peeling-machine","status":"publish","type":"product","link":"https:\/\/www.agriculture-machine.com\/de\/peanut-peeling-machine\/","title":{"rendered":"Erdnuss-Peeling-Maschine, ger\u00f6stete Groundnut-Schale-Entferner Zum Verkauf"},"content":{"rendered":"<p class=\"translation-block\">Die <strong>Erdnuss-Sch\u00e4lermaschine<\/strong> ist speziell daf\u00fcr entwickelt, ger\u00f6stete Erdn\u00fcsse zu sch\u00e4len. Diese Maschine arbeitet nach dem Prinzip der differentialen Walzenreib-\u00dcbertragung. Sie kann die rote Au\u00dfenhaut automatisch entfernen, ohne die Erdnusskerne zu besch\u00e4digen. <\/p>    <p>Our factory processes different models of roasted peanut red skin peeler machines for choice, with output ranging from 200-1000kg\/h. The peanut&#8217;s peeling rate is as high as 98%, and the kernel damage rate is less than 2%.<\/p>    <p>Diese Erdnuss-Sch\u00e4lermaschine wird weit verbreitet verwendet bei der Herstellung von gebratenen Erdn\u00fcssen, vielf\u00e4ltigen Erdnussknabbereien, Erdnussmilch, Erdnussproteinpulver, Erdnussbonbons, Erdnusskaramell, Erdnusskuchen, Erdnussbutter und Konservenprodukten.<\/p>    <figure class=\"wp-block-embed aligncenter is-type-video is-provider-youtube wp-block-embed-youtube wp-embed-aspect-16-9 wp-has-aspect-ratio\"><div class=\"wp-block-embed__wrapper\"> <iframe loading=\"lazy\" title=\"Effiziente Erdnuss-Sch\u00e4lermaschine f\u00fcr die Erdnu\u00dfverarbeitung!#Erdnuss #Erdnu\u00df #Sch\u00e4len\" width=\"500\" height=\"281\" src=\"https:\/\/www.youtube.com\/embed\/_HGeXxUyVp0?feature=oembed\" frameborder=\"0\" allow=\"accelerometer; autoplay; clipboard-write; encrypted-media; gyroscope; picture-in-picture; web-share\" referrerpolicy=\"strict-origin-when-cross-origin\" allowfullscreen><\/iframe> <\/div><figcaption class=\"wp-element-caption\">Arbeitsvideo eines ger\u00f6steten Erdnuss-Sch\u00e4lers<\/figcaption><\/figure>    <h2 class=\"wp-block-heading\">Anforderungen an die Rohstoffe<\/h2>    <ol class=\"wp-block-list\"> <li>Der Wassergehalt der Rohstoffe nach dem R\u00f6sten\/Braten liegt bei etwa 4%.<\/li>    <li>Nachdem das Rohmaterial aus dem Ofen kommt, ist die Temperatur zu hoch, was den Sch\u00e4leffekt beeintr\u00e4chtigt und die Maschine besch\u00e4digen kann.<\/li>    <li>Die zu sch\u00e4lenden Rohstoffe d\u00fcrfen keine Verunreinigungen wie Eisenpartikel und Steine enthalten, um Sch\u00e4den an der Maschine zu verhindern.<\/li> <\/ol>    <p class=\"translation-block\">Erdn\u00fcsse werden normalerweise mit einer Erdnussr\u00f6stmaschine ger\u00f6stet, bevor sie gesch\u00e4lt werden. Wir k\u00f6nnen dies ebenfalls anbieten. F\u00fcr weitere Informationen klicken Sie bitte <strong><em><a href=\"https:\/\/www.agriculture-machine.com\/de\/peanut-roasting-machine\/\">Elektrische &amp; Gas Erdnussr\u00f6stmaschine Erdnu\u00dfr\u00f6ster zum Verkauf<\/a><\/em><\/strong>.<\/p>    <h2 class=\"wp-block-heading\">Verdrahtung und Betriebsanleitung<\/h2>    <ol class=\"wp-block-list\"> <li>Spannung: 380V, 3 Phasen, 50 Hz.<\/li>    <li>Nach dem Verdrahten aus dem Trichter hinten an der Maschine befindet sich ein Schalter. Den Schalter einschalten, um die Verkabelung zu starten.<\/li>    <li>Stellen Sie die Maschine stabil und waagerecht auf, legen Sie eine Lederbeutel am Ventilatormund auf.<\/li>    <li>Vor dem Starten der Maschine pr\u00fcfen, ob die Stromleitung normal ist, ob die Bauteile fest sitzen und ob der Probelauf normal ist.<\/li>    <li>Stellen Sie sicher, dass das Haupteinheit und der Ventilator sich vorw\u00e4rts drehen.<\/li> <\/ol>    <figure class=\"wp-block-gallery has-nested-images columns-default is-cropped wp-block-gallery-2 is-layout-flex wp-block-gallery-is-layout-flex\"> <figure class=\"wp-block-image size-large\"><img loading=\"lazy\" decoding=\"async\" width=\"720\" height=\"540\" data-id=\"16011\" src=\"https:\/\/www.agriculture-machine.com\/wp-content\/uploads\/2024\/05\/peanut-peeling-machine-for-sale.webp\" alt=\"Erdnuss-Sch\u00e4lermaschine zu verkaufen\" class=\"wp-image-16011\" srcset=\"https:\/\/www.agriculture-machine.com\/wp-content\/uploads\/2024\/05\/peanut-peeling-machine-for-sale.webp 720w, https:\/\/www.agriculture-machine.com\/wp-content\/uploads\/2024\/05\/peanut-peeling-machine-for-sale-360x270.webp 360w, https:\/\/www.agriculture-machine.com\/wp-content\/uploads\/2024\/05\/peanut-peeling-machine-for-sale-240x180.webp 240w, https:\/\/www.agriculture-machine.com\/wp-content\/uploads\/2024\/05\/peanut-peeling-machine-for-sale-16x12.webp 16w\" sizes=\"auto, (max-width: 720px) 100vw, 720px\" \/><figcaption class=\"wp-element-caption\">Erdnuss-Sch\u00e4lermaschine zu verkaufen<\/figcaption><\/figure>    <figure class=\"wp-block-image size-large\"><img loading=\"lazy\" decoding=\"async\" width=\"720\" height=\"540\" data-id=\"16010\" src=\"https:\/\/www.agriculture-machine.com\/wp-content\/uploads\/2024\/05\/high-efficiency-peanut-peeler.webp\" alt=\"hochleistungsf\u00e4higer Erdnuss-Sch\u00e4ler\" class=\"wp-image-16010\" srcset=\"https:\/\/www.agriculture-machine.com\/wp-content\/uploads\/2024\/05\/high-efficiency-peanut-peeler.webp 720w, https:\/\/www.agriculture-machine.com\/wp-content\/uploads\/2024\/05\/high-efficiency-peanut-peeler-360x270.webp 360w, https:\/\/www.agriculture-machine.com\/wp-content\/uploads\/2024\/05\/high-efficiency-peanut-peeler-240x180.webp 240w, https:\/\/www.agriculture-machine.com\/wp-content\/uploads\/2024\/05\/high-efficiency-peanut-peeler-16x12.webp 16w\" sizes=\"auto, (max-width: 720px) 100vw, 720px\" \/><figcaption class=\"wp-element-caption\">hochleistungsf\u00e4higer Erdnuss-Sch\u00e4ler<\/figcaption><\/figure> <\/figure>    <h2 class=\"wp-block-heading\">Hauptstruktur und Funktion<\/h2>    <p>Diese Einheit besteht aus einer Erdnuss-Sch\u00e4lermaschine und einer Hautspeicheranlage.<\/p>    <ol class=\"wp-block-list\"> <li>Der Sch\u00e4ler dient zum Entfernen der roten Haut von Erdn\u00fcssen verschiedener Gr\u00f6\u00dfen.<\/li>    <li>Die Hautspeicheranlage wird verwendet, um die gesch\u00e4lten Hautreste durch den Ventilator in die Hauttasche zu absorbieren.<\/li> <\/ol>    <p>Hauptfunktion:<\/p>    <p>Durch den Rollreibung-Struktur wird die getrocknete Erdnusskern in die Hauptmaschine durch den Trichter eingef\u00fchrt. Die rote Haut wird durch den Hochgeschwindigkeitsreibwalzen entfernt und vom Ventilator abgesaugt, und der gesch\u00e4lte wei\u00dfe Kern wird durch die vordere Material\u00f6ffnung ausgeworfen.<\/p>    <h2 class=\"wp-block-heading\">Betrieb der Erdnuss-Sch\u00e4lermaschine<\/h2>    <p>Vor dem Start der Maschine pr\u00fcfen, ob der Stromkreis normal ist und der Probelauf normal verl\u00e4uft.<\/p>   <div id=\"rank-math-howto\" class=\"rank-math-block\" > <div class=\"rank-math-howto-description\">  <\/div>  <div class=\"rank-math-steps\"> <div id=\"howto-step-1715758075524\" class=\"rank-math-step\"> <div class=\"rank-math-step-content\"><p>Starten Sie zuerst die Erdnuss-Sch\u00e4lermaschine, dann legen Sie die abgek\u00fchlten gekochten Erdn\u00fcsse hinein.<\/p> <\/div> <\/div> <div id=\"howto-step-1715758090000\" class=\"rank-math-step\"> <div class=\"rank-math-step-content\"><p>Rotate the peeler machine&#8217;s discharge plate rod to the right to raise the discharge plate and slow the rapid outflow of peanuts.<\/p> <\/div> <\/div> <div id=\"howto-step-1715758095905\" class=\"rank-math-step\"> <div class=\"rank-math-step-content\"><p>Stellen Sie die Ausgabestelle auf die niedrigste H\u00f6he ein, mit einer geringen Halbwarnh\u00f6he und hoher Sch\u00e4leffizienz.<\/p> <\/div> <\/div> <\/div> <\/div>       <figure class=\"wp-block-gallery has-nested-images columns-default is-cropped wp-block-gallery-3 is-layout-flex wp-block-gallery-is-layout-flex\"> <figure class=\"wp-block-image size-large\"><img loading=\"lazy\" decoding=\"async\" width=\"720\" height=\"540\" data-id=\"16013\" src=\"https:\/\/www.agriculture-machine.com\/wp-content\/uploads\/2024\/05\/groundnut-dry-peeling-machine.webp\" alt=\"Erdnuss-Trocken-Sch\u00e4lermaschine\" class=\"wp-image-16013\" srcset=\"https:\/\/www.agriculture-machine.com\/wp-content\/uploads\/2024\/05\/groundnut-dry-peeling-machine.webp 720w, https:\/\/www.agriculture-machine.com\/wp-content\/uploads\/2024\/05\/groundnut-dry-peeling-machine-360x270.webp 360w, https:\/\/www.agriculture-machine.com\/wp-content\/uploads\/2024\/05\/groundnut-dry-peeling-machine-240x180.webp 240w, https:\/\/www.agriculture-machine.com\/wp-content\/uploads\/2024\/05\/groundnut-dry-peeling-machine-16x12.webp 16w\" sizes=\"auto, (max-width: 720px) 100vw, 720px\" \/><figcaption class=\"wp-element-caption\">Erdnuss-Trocken-Sch\u00e4lermaschine<\/figcaption><\/figure>    <figure class=\"wp-block-image size-large\"><img loading=\"lazy\" decoding=\"async\" width=\"720\" height=\"540\" data-id=\"16012\" src=\"https:\/\/www.agriculture-machine.com\/wp-content\/uploads\/2024\/05\/automatic-groundnut-peeler.webp\" alt=\"automatischer Erdnuss-Sch\u00e4ler\" class=\"wp-image-16012\" srcset=\"https:\/\/www.agriculture-machine.com\/wp-content\/uploads\/2024\/05\/automatic-groundnut-peeler.webp 720w, https:\/\/www.agriculture-machine.com\/wp-content\/uploads\/2024\/05\/automatic-groundnut-peeler-360x270.webp 360w, https:\/\/www.agriculture-machine.com\/wp-content\/uploads\/2024\/05\/automatic-groundnut-peeler-240x180.webp 240w, https:\/\/www.agriculture-machine.com\/wp-content\/uploads\/2024\/05\/automatic-groundnut-peeler-16x12.webp 16w\" sizes=\"auto, (max-width: 720px) 100vw, 720px\" \/><figcaption class=\"wp-element-caption\">automatischer Erdnuss-Sch\u00e4ler<\/figcaption><\/figure> <\/figure>    <h2 class=\"wp-block-heading\">Vorteile der Hautentferner f\u00fcr Erdn\u00fcsse<\/h2>    <ul class=\"wp-block-list\"> <li>Die Sch\u00e4leffizienz betr\u00e4gt bis zu 98% und die Zerkleinerungsrate ist gering.<\/li>    <li>Die Maschine ist klein, einfach zu installieren und zu bedienen.<\/li>    <li>Erdnusskern und rote Haut werden automatisch getrennt, einfach zu sammeln.<\/li>    <li>Die rote Haut wird von einer Windmaschine gesammelt, praktisch f\u00fcr andere Verwendungen wie Pharmazie.<\/li> <\/ul>    <figure class=\"wp-block-gallery has-nested-images columns-default is-cropped wp-block-gallery-4 is-layout-flex wp-block-gallery-is-layout-flex\"> <figure class=\"wp-block-image size-large\"><img loading=\"lazy\" decoding=\"async\" width=\"405\" height=\"540\" data-id=\"16008\" src=\"https:\/\/www.agriculture-machine.com\/wp-content\/uploads\/2024\/05\/commercial-nut-processing-machine-405x540.webp\" alt=\"kommerzieller Nuss-Verarbeitungsmaschine\" class=\"wp-image-16008\" srcset=\"https:\/\/www.agriculture-machine.com\/wp-content\/uploads\/2024\/05\/commercial-nut-processing-machine-405x540.webp 405w, https:\/\/www.agriculture-machine.com\/wp-content\/uploads\/2024\/05\/commercial-nut-processing-machine-203x270.webp 203w, https:\/\/www.agriculture-machine.com\/wp-content\/uploads\/2024\/05\/commercial-nut-processing-machine-9x12.webp 9w, https:\/\/www.agriculture-machine.com\/wp-content\/uploads\/2024\/05\/commercial-nut-processing-machine.webp 540w\" sizes=\"auto, (max-width: 405px) 100vw, 405px\" \/><figcaption class=\"wp-element-caption\">kommerzieller Nuss-Verarbeitungsmaschine<\/figcaption><\/figure>    <figure class=\"wp-block-image size-large\"><img loading=\"lazy\" decoding=\"async\" width=\"405\" height=\"540\" data-id=\"16009\" src=\"https:\/\/www.agriculture-machine.com\/wp-content\/uploads\/2024\/05\/peanut-skin-removal-machine-405x540.webp\" alt=\"Erdnusssch\u00e4lermaschine\" class=\"wp-image-16009\" srcset=\"https:\/\/www.agriculture-machine.com\/wp-content\/uploads\/2024\/05\/peanut-skin-removal-machine-405x540.webp 405w, https:\/\/www.agriculture-machine.com\/wp-content\/uploads\/2024\/05\/peanut-skin-removal-machine-203x270.webp 203w, https:\/\/www.agriculture-machine.com\/wp-content\/uploads\/2024\/05\/peanut-skin-removal-machine-9x12.webp 9w, https:\/\/www.agriculture-machine.com\/wp-content\/uploads\/2024\/05\/peanut-skin-removal-machine.webp 540w\" sizes=\"auto, (max-width: 405px) 100vw, 405px\" \/><figcaption class=\"wp-element-caption\">Erdnusssch\u00e4lermaschine<\/figcaption><\/figure> <\/figure>    <h2 class=\"wp-block-heading\">Parameter der Erdnuss-Hautentfernermaschine<\/h2>    <figure class=\"wp-block-table is-style-stripes\"><table><tbody><tr><td>Modell<\/td><td>Kapazit\u00e4t<\/td><td>Parameter<\/td><\/tr><tr><td>ht-1<\/td><td>200-250 kg\/h<\/td><td>Motorkraft: 0,55 kW<br>L\u00fcfterleistung: 0,37 kW<br>Spannung: 380V\/220V<br>Spannung: 50 Hz<br>Gewicht: 110 kg<br>Sch\u00e4leffekt: \u226598%<br>Gr\u00f6\u00dfe: 1200*500*1200 mm<\/td><\/tr><tr><td>ht-2<\/td><td>400-500kg\/h<\/td><td>Motorkraft: 0,55 kW*2<br>L\u00fcfterleistung: 0,55 kW<br>Spannung: 380V\/220V<br>Spannung: 50 Hz<br>Gewicht: 200 kg<br>Sch\u00e4leffekt: \u226598%<br>Gr\u00f6\u00dfe: 1200*750*1200 mm<\/td><\/tr><tr><td>ht-3<\/td><td>600-750 kg\/h<\/td><td>Motorkraft: 0,55 kW*3<br>L\u00fcfterleistung: 0,75 kW<br>Spannung: 380V\/220V<br>Spannung: 50 Hz<br>Gewicht: 280 kg<br>Sch\u00e4leffekt: \u226598%<br>Gr\u00f6\u00dfe: 1200*1050*1200 mm<\/td><\/tr><tr><td>ht-4<\/td><td>800-1000kg\/h<\/td><td>Motorkraft: 0,55 kW*4<br>L\u00fcfterleistung: 1,5 kW<br>Spannung: 380V\/220V<br>Spannung: 50 Hz<br>Gewicht: 360 kg<br>Sch\u00e4leffekt: \u226598%<br>Gr\u00f6\u00dfe: 1200*1400*1200 mm<\/td><\/tr><\/tbody><\/table><figcaption class=\"wp-element-caption\">Technische Daten der Erdnuss-Sch\u00e4lermaschine<\/figcaption><\/figure>    <h2 class=\"wp-block-heading\">Maschine <strong>Wartung und Reparatur<\/strong><\/h2>    <ul class=\"wp-block-list\"> <li>Nach der Arbeit sollte der Sandrollenr\u00fcckstand mit einer B\u00fcrste entfernt und der zugeschnittene Lederabfall der Speichertasche (Schacht) gereinigt werden.<\/li>    <li>Reinigen Sie regelm\u00e4\u00dfig die Schleifrolle.<\/li>    <li>Reinigen Sie jeden Tag die Erdn\u00fcsse und K\u00f6rner im Ventilationskorb des Ventilators und \u00f6ffnen Sie die Schiebet\u00fcr am unteren Ende der Maschine, um die Partikel freizugeben.<\/li>    <li>Wenn der einzelne Sand sich nicht dreht, bitte den Riemen ersetzen.<\/li>    <li>Reinigen Sie regelm\u00e4\u00dfig den Ventilatorimpeller (ein Erdnussmehlstaub und zerkleinerte Haut auf dem Impeller).<\/li> <\/ul>    <p>Sie k\u00f6nnen eine fabrikationspreisg\u00fcnstige Erdnuss-Sch\u00e4lermaschine von Taizy Machinery Manufacturing Bezitzer mit kostenloser Anleitung kaufen. Wir haben Maschinen zu geringen Kosten nach Spanien, Vietnam, Kamerun, Kenia, Iran, Kongo, Tansania, Bolivien, Sri Lanka, Nigeria und \u00c4gypten geschickt. Senden Sie uns Ihre spezifischen Bed\u00fcrfnisse \u00fcber das Nachrichtenformular rechts, und hoffentlich k\u00f6nnen wir Ihnen die passende Ausr\u00fcstung f\u00fcr Ihr Erdnussverarbeitungsprojekt anbieten.<\/p>","protected":false},"excerpt":{"rendered":"<p>Die Erdnuss-Sch\u00e4lermaschine ist speziell darauf ausgelegt, die \u00e4u\u00dfere Haut der Erdnuss schnell zu entfernen und eignet sich f\u00fcr die gro\u00df angelegte Erdnuss-Nahrungsmittelverarbeitung.<\/p>","protected":false},"author":1,"featured_media":16014,"parent":0,"comment_status":"closed","ping_status":"closed","template":"","tags":[798,797,799],"product-type":[162,2],"class_list":["post-16007","product","type-product","status-publish","has-post-thumbnail","hentry","tag-groundnut","tag-peanut","tag-peanut-kernel","product-type-other-type","product-type-products"],"_links":{"self":[{"href":"https:\/\/www.agriculture-machine.com\/de\/wp-json\/wp\/v2\/product\/16007","targetHints":{"allow":["GET"]}}],"collection":[{"href":"https:\/\/www.agriculture-machine.com\/de\/wp-json\/wp\/v2\/product"}],"about":[{"href":"https:\/\/www.agriculture-machine.com\/de\/wp-json\/wp\/v2\/types\/product"}],"author":[{"embeddable":true,"href":"https:\/\/www.agriculture-machine.com\/de\/wp-json\/wp\/v2\/users\/1"}],"replies":[{"embeddable":true,"href":"https:\/\/www.agriculture-machine.com\/de\/wp-json\/wp\/v2\/comments?post=16007"}],"wp:featuredmedia":[{"embeddable":true,"href":"https:\/\/www.agriculture-machine.com\/de\/wp-json\/wp\/v2\/media\/16014"}],"wp:attachment":[{"href":"https:\/\/www.agriculture-machine.com\/de\/wp-json\/wp\/v2\/media?parent=16007"}],"wp:term":[{"taxonomy":"post_tag","embeddable":true,"href":"https:\/\/www.agriculture-machine.com\/de\/wp-json\/wp\/v2\/tags?post=16007"},{"taxonomy":"product-type","embeddable":true,"href":"https:\/\/www.agriculture-machine.com\/de\/wp-json\/wp\/v2\/product-type?post=16007"}],"curies":[{"name":"wp","href":"https:\/\/api.w.org\/{rel}","templated":true}]}}