{"id":173,"date":"2018-07-12T07:03:18","date_gmt":"2018-07-11T23:03:18","guid":{"rendered":"https:\/\/www.agriculture-machine.com\/?p=173"},"modified":"2024-09-18T16:02:03","modified_gmt":"2024-09-18T08:02:03","slug":"maize-sheller","status":"publish","type":"product","link":"https:\/\/www.agriculture-machine.com\/de\/maize-sheller\/","title":{"rendered":"Gro\u00dfartige Leistung bei Mais-Sch\u00e4lmaschinen\u4e28Maisdreschmaschine"},"content":{"rendered":"<p>Der Maisentk\u00f6rner ist ein professionelles Ger\u00e4t zum Entk\u00f6rnen von sonnengetrocknetem Mais. Die Maschine hat einen kleinen Fu\u00dfabdruck, hohe Arbeitseffizienz und ist leicht zu bewegen. Es ist einfach, sie \u00fcberallhin zu transportieren. Daher ist dieser Maisentk\u00f6rner die erste Wahl f\u00fcr die h\u00e4usliche Maisentk\u00f6rnung. <\/p>    <p>Als Hersteller landwirtschaftlicher Maschinen verbessern wir st\u00e4ndig die Maisentk\u00f6rnermaschine, und die aktuelle Maschine ist das neueste Modell. Die Arbeit der Maisentk\u00f6rnermaschine ist stabiler und langlebiger.<\/p>    <figure class=\"wp-block-embed aligncenter is-type-video is-provider-youtube wp-block-embed-youtube wp-embed-aspect-16-9 wp-has-aspect-ratio\"><div class=\"wp-block-embed__wrapper\"> <iframe loading=\"lazy\" title=\"Effizient und bequem! Der neueste Leitfaden f\u00fcr den Betrieb der Maisentk\u00f6rnermaschine!\" width=\"500\" height=\"281\" src=\"https:\/\/www.youtube.com\/embed\/1nKcF5ElUqA?feature=oembed\" frameborder=\"0\" allow=\"accelerometer; autoplay; clipboard-write; encrypted-media; gyroscope; picture-in-picture; web-share\" referrerpolicy=\"strict-origin-when-cross-origin\" allowfullscreen><\/iframe> <\/div><figcaption class=\"wp-element-caption\">Arbeitsvideo der Maisentk\u00f6rnermaschine<\/figcaption><\/figure>    <h2 class=\"wp-block-heading\" id=\"h-brief-introduction-of-corn-sheller-machine\">Kurze Einf\u00fchrung in die Maisentk\u00f6rnermaschine<\/h2>    <p>Die Maisentk\u00f6rnermaschine ist mit einer hohen Kapazit\u00e4t (3-4t\/h) ausgestattet. Mit leichtem Gewicht (86kg) und 4 R\u00e4dern ist sie f\u00fcr Landwirte leicht zu bewegen. Diese Hand-Maisentk\u00f6rnermaschine hat eine hohe Sch\u00e4lrate und eine niedrige Bruchrate, weshalb unsere Kunden dieses Ger\u00e4t sehr loben. Der neue Designzylinder erm\u00f6glicht es, den Mais nicht leicht zu besch\u00e4digen.<\/p>    <p class=\"translation-block\">Wir k\u00f6nnen diese Maisentk\u00f6rnermaschine mit drei verschiedenen Antriebsarten ausstatten: Motor, Benzinmotor und Dieselmotor. So ist sie f\u00fcr Kunden \u00fcberall bequem zu verwenden. Wir haben auch andere Entk\u00f6rnermaschinen, wie <a href=\"https:\/\/www.agriculture-machine.com\/de\/multifunctional-thresher-for-maize-beans-sorghum-millet\/\">Multifunktionale Entk\u00f6rnermaschine<\/a>, <a href=\"https:\/\/taizyfarmequipment.com\/product\/thresher-machine-for-rice-wheat\/\" target=\"_blank\" rel=\"noopener\">Reis- und Weizentrenner<\/a>, <a href=\"https:\/\/www.agriculture-machine.com\/de\/small-sweet-corn-sheller-for-fresh-maize\/\">Frischer Maisentkerner<\/a>, usw.<\/p>    <figure class=\"wp-block-gallery has-nested-images columns-2 is-cropped wp-block-gallery-2 is-layout-flex wp-block-gallery-is-layout-flex\"> <figure class=\"wp-block-image size-large\"><img loading=\"lazy\" decoding=\"async\" width=\"720\" height=\"540\" data-id=\"13356\" src=\"https:\/\/www.agriculture-machine.com\/wp-content\/uploads\/2022\/04\/corn-sheller-0.jpg\" alt=\"Maisdrescher\" class=\"wp-image-13356\" title=\"Maisdrescher\" srcset=\"https:\/\/www.agriculture-machine.com\/wp-content\/uploads\/2022\/04\/corn-sheller-0.jpg 720w, https:\/\/www.agriculture-machine.com\/wp-content\/uploads\/2022\/04\/corn-sheller-0-360x270.jpg 360w, https:\/\/www.agriculture-machine.com\/wp-content\/uploads\/2022\/04\/corn-sheller-0-240x180.jpg 240w\" sizes=\"auto, (max-width: 720px) 100vw, 720px\" \/><figcaption class=\"wp-element-caption\">Maisdrescher<\/figcaption><\/figure>    <figure class=\"wp-block-image size-large\"><img loading=\"lazy\" decoding=\"async\" width=\"720\" height=\"540\" data-id=\"13357\" src=\"https:\/\/www.agriculture-machine.com\/wp-content\/uploads\/2022\/04\/corn-thresher0.jpg\" alt=\"Mais-Sch\u00e4ler\" class=\"wp-image-13357\" title=\"Mais-Sch\u00e4ler\" srcset=\"https:\/\/www.agriculture-machine.com\/wp-content\/uploads\/2022\/04\/corn-thresher0.jpg 720w, https:\/\/www.agriculture-machine.com\/wp-content\/uploads\/2022\/04\/corn-thresher0-360x270.jpg 360w, https:\/\/www.agriculture-machine.com\/wp-content\/uploads\/2022\/04\/corn-thresher0-240x180.jpg 240w\" sizes=\"auto, (max-width: 720px) 100vw, 720px\" \/><figcaption class=\"wp-element-caption\">Mais-Sch\u00e4ler<\/figcaption><\/figure>    <figure class=\"wp-block-image size-large\"><img loading=\"lazy\" decoding=\"async\" width=\"720\" height=\"540\" data-id=\"13358\" src=\"https:\/\/www.agriculture-machine.com\/wp-content\/uploads\/2022\/04\/maize-threshing-machine0.jpg\" alt=\"Maisentk\u00f6rnermaschine\" class=\"wp-image-13358\" title=\"Maisentk\u00f6rnermaschine\" srcset=\"https:\/\/www.agriculture-machine.com\/wp-content\/uploads\/2022\/04\/maize-threshing-machine0.jpg 720w, https:\/\/www.agriculture-machine.com\/wp-content\/uploads\/2022\/04\/maize-threshing-machine0-360x270.jpg 360w, https:\/\/www.agriculture-machine.com\/wp-content\/uploads\/2022\/04\/maize-threshing-machine0-240x180.jpg 240w\" sizes=\"auto, (max-width: 720px) 100vw, 720px\" \/><figcaption class=\"wp-element-caption\">Maisentk\u00f6rnermaschine<\/figcaption><\/figure>    <figure class=\"wp-block-image size-large\"><img loading=\"lazy\" decoding=\"async\" width=\"720\" height=\"540\" data-id=\"13359\" src=\"https:\/\/www.agriculture-machine.com\/wp-content\/uploads\/2022\/04\/maize-thresher0.jpg\" alt=\"Mais-Sch\u00e4ler\" class=\"wp-image-13359\" title=\"Mais-Sch\u00e4ler\" srcset=\"https:\/\/www.agriculture-machine.com\/wp-content\/uploads\/2022\/04\/maize-thresher0.jpg 720w, https:\/\/www.agriculture-machine.com\/wp-content\/uploads\/2022\/04\/maize-thresher0-360x270.jpg 360w, https:\/\/www.agriculture-machine.com\/wp-content\/uploads\/2022\/04\/maize-thresher0-240x180.jpg 240w\" sizes=\"auto, (max-width: 720px) 100vw, 720px\" \/><figcaption class=\"wp-element-caption\">Mais-Sch\u00e4ler<\/figcaption><\/figure> <\/figure>    <h2 class=\"wp-block-heading\" id=\"h-main-structure-of-maize-threshing-machine\">Hauptstruktur der Maisentk\u00f6rnermaschine<\/h2>    <p>Die Hauptstruktur einer Maisentk\u00f6rnermaschine besteht haupts\u00e4chlich aus einem Rahmen, einem Materialeinlass, einem Entk\u00f6rnungsger\u00e4t, einem Sieb, einem Motor (Motor, Benzin- oder Dieselmotor), einem Rad, einem Maiskorn-Ausgang, einem Maiskolben-Ausgang usw. Die Maisentk\u00f6rnermaschine hat ein sch\u00f6nes Erscheinungsbild und eine lange Lebensdauer, was eine gute Hilfe f\u00fcr h\u00e4usliche Maisentk\u00f6rner ist.<\/p>    <figure class=\"wp-block-image aligncenter size-full\"><img loading=\"lazy\" decoding=\"async\" width=\"720\" height=\"540\" src=\"https:\/\/www.agriculture-machine.com\/wp-content\/uploads\/2022\/04\/corn-shellers-structure-1.jpg\" alt=\"Struktur des Maisentk\u00f6rners \" class=\"wp-image-13360\" title=\"Struktur des Maisentk\u00f6rners \" srcset=\"https:\/\/www.agriculture-machine.com\/wp-content\/uploads\/2022\/04\/corn-shellers-structure-1.jpg 720w, https:\/\/www.agriculture-machine.com\/wp-content\/uploads\/2022\/04\/corn-shellers-structure-1-360x270.jpg 360w, https:\/\/www.agriculture-machine.com\/wp-content\/uploads\/2022\/04\/corn-shellers-structure-1-240x180.jpg 240w\" sizes=\"auto, (max-width: 720px) 100vw, 720px\" \/><figcaption class=\"wp-element-caption\">corn sheller&#8217;s structure<\/figcaption><\/figure>    <h2 class=\"wp-block-heading\">Technische Parameter der Maisentk\u00f6rnermaschine<\/h2>    <div class=\"table-responsive\"> <table class=\"table table-striped\"> <tbody> <tr> <td width=\"284\">Modell<\/td> <td width=\"284\">SL-B<\/td> <\/tr> <tr> <td width=\"284\">Leistung<\/td> <td width=\"284\">2,2 kW Motor, Benzinmotor und Dieselmotor<\/td> <\/tr> <tr> <td width=\"284\">Kapazit\u00e4t<\/td> <td width=\"284\">3-4t\/h<\/td> <\/tr> <tr> <td width=\"284\">Gewicht<\/td> <td width=\"284\">86kg<\/td> <\/tr> <tr> <td width=\"284\">Gr\u00f6\u00dfe<\/td> <td width=\"284\">1080*6500*1300mm<\/td> <\/tr> <\/tbody> <\/table> <\/div>    <h2 class=\"wp-block-heading\" id=\"h-what-advantages-does-the-maize-sheller-machine-has\">Welche Vorteile hat die Maisentk\u00f6rnermaschine?<\/h2>    <p>1. Die Maisentk\u00f6rnermaschine hat eine kompakte Struktur und hochwertigen Stahl. So kann sie lange verwendet werden.<br>2. Hohe Reinigungsrate. Die Maschine hat nicht nur eine hohe Entfernung, sondern auch die endg\u00fcltigen Maisk\u00f6rner sind sauber.<br>3. Mit speziellen Materialien werden unsere neuen Designwalzen im Inneren der Maschine die K\u00f6rner nicht besch\u00e4digen. So k\u00f6nnen die Maisk\u00f6rner direkt verkauft werden. <br>4. Der Maisentk\u00f6rner ist einfach zu bedienen und einzustellen, nimmt wenig Platz ein und hat eine hohe Leistung. Daher ist er sowohl im In- als auch im Ausland beliebt. <br>5. Seine flexible Struktur kann Arbeitskraft, Energie und Zeit sparen und Operationen wie Entk\u00f6rnen, Sieben und Reinigen abschlie\u00dfen.<\/p>    <figure class=\"wp-block-image aligncenter size-full\"><img loading=\"lazy\" decoding=\"async\" width=\"720\" height=\"540\" src=\"https:\/\/www.agriculture-machine.com\/wp-content\/uploads\/2022\/04\/threshing-effect-0.jpg\" alt=\"Entk\u00f6rnungseffekt\" class=\"wp-image-13382\" title=\"Entk\u00f6rnungseffekt\" srcset=\"https:\/\/www.agriculture-machine.com\/wp-content\/uploads\/2022\/04\/threshing-effect-0.jpg 720w, https:\/\/www.agriculture-machine.com\/wp-content\/uploads\/2022\/04\/threshing-effect-0-360x270.jpg 360w, https:\/\/www.agriculture-machine.com\/wp-content\/uploads\/2022\/04\/threshing-effect-0-240x180.jpg 240w\" sizes=\"auto, (max-width: 720px) 100vw, 720px\" \/><figcaption class=\"wp-element-caption\">Entk\u00f6rnungseffekt<\/figcaption><\/figure>    <h2 class=\"wp-block-heading\">Funktionsprinzip der Maisentk\u00f6rnermaschine<\/h2>    <p>1. Wenn die Maisentk\u00f6rnermaschine arbeitet, legen die Bediener zuerst den Mais in den Einlass.<br>2. Der Mais gelangt durch die Zufuhrr\u00f6hre in die Entk\u00f6rnungskammer, dann trifft der Rotor die Maisk\u00f6rner.<br>3. Die Walzen drehen sich unter der Kraft des Motors und entk\u00f6rnen den Mais mit erstaunlicher Geschwindigkeit, wenn der Mais in die Mitte der beiden Walzen gelangt.<br>4. Maiskolben werden vom Schwanz der Maisentk\u00f6rnermaschine entladen. Die Maisbl\u00e4tter und andere Verunreinigungen werden vom Gebl\u00e4se ausgeblasen, das H\u00fcll- und kleine Partikel aufnehmen kann, um die Maisk\u00f6rner sauber zu halten.<br>5. Die Maisk\u00f6rner fallen durch die Sieb\u00f6ffnungen. Im unteren Teil des Einlasses befindet sich eine Abdeckung, um zu verhindern, dass die fallenden Maisk\u00f6rner Menschen verletzen.<\/p>    <p>Hinweis: Die Entk\u00f6rnungsleistung der Maisentk\u00f6rnermaschine h\u00e4ngt von der L\u00e4nge und dem Durchmesser der Trommel ab. Der Stachel auf dem Rotor ist anf\u00e4llig. Wir sollten ihn regelm\u00e4\u00dfig \u00fcberpr\u00fcfen. Wenn er ein Viertel der Z\u00e4hne abgenutzt ist, k\u00f6nnen wir ihn korrigieren oder mit Elektroschwei\u00dfen ersetzen, um das Gleichgewicht des Rotors zu gew\u00e4hrleisten. Das Sieb ist ebenfalls ein Verbrauchsteil. Es sollte ersetzt werden, wenn es besch\u00e4digt ist.<\/p>    <figure class=\"wp-block-gallery has-nested-images columns-default is-cropped wp-block-gallery-3 is-layout-flex wp-block-gallery-is-layout-flex\"> <figure class=\"wp-block-image size-large\"><img loading=\"lazy\" decoding=\"async\" width=\"720\" height=\"540\" data-id=\"13365\" src=\"https:\/\/www.agriculture-machine.com\/wp-content\/uploads\/2022\/04\/high-efficiency-corn-thresher-0.jpg\" alt=\"Hocheffiziente Maisentk\u00f6rnermaschine\" class=\"wp-image-13365\" title=\"Hocheffiziente Maisentk\u00f6rnermaschine\" srcset=\"https:\/\/www.agriculture-machine.com\/wp-content\/uploads\/2022\/04\/high-efficiency-corn-thresher-0.jpg 720w, https:\/\/www.agriculture-machine.com\/wp-content\/uploads\/2022\/04\/high-efficiency-corn-thresher-0-360x270.jpg 360w, https:\/\/www.agriculture-machine.com\/wp-content\/uploads\/2022\/04\/high-efficiency-corn-thresher-0-240x180.jpg 240w\" sizes=\"auto, (max-width: 720px) 100vw, 720px\" \/><figcaption class=\"wp-element-caption\">Hocheffiziente Maisentk\u00f6rnermaschine<\/figcaption><\/figure>    <figure class=\"wp-block-image size-large\"><img loading=\"lazy\" decoding=\"async\" width=\"720\" height=\"540\" data-id=\"13366\" src=\"https:\/\/www.agriculture-machine.com\/wp-content\/uploads\/2022\/04\/working-situation-0.jpg\" alt=\"Arbeitslage\" class=\"wp-image-13366\" title=\"Arbeitslage\" srcset=\"https:\/\/www.agriculture-machine.com\/wp-content\/uploads\/2022\/04\/working-situation-0.jpg 720w, https:\/\/www.agriculture-machine.com\/wp-content\/uploads\/2022\/04\/working-situation-0-360x270.jpg 360w, https:\/\/www.agriculture-machine.com\/wp-content\/uploads\/2022\/04\/working-situation-0-240x180.jpg 240w\" sizes=\"auto, (max-width: 720px) 100vw, 720px\" \/><figcaption class=\"wp-element-caption\">Arbeitslage<\/figcaption><\/figure> <\/figure>    <h2 class=\"wp-block-heading\" id=\"h-application-of-corn-sheller-machine\">Anwendung der Maisentk\u00f6rnermaschine<\/h2>    <p>Der Maisentk\u00f6rner trennt die Maisk\u00f6rner von den Kolben mit erstaunlicher Geschwindigkeit, wobei die K\u00f6rner intakt bleiben. Es wird h\u00e4ufig in der Tierhaltung, auf Bauernh\u00f6fen sowie im t\u00e4glichen Gebrauch verwendet.<\/p>    <h2 class=\"wp-block-heading\" id=\"h-the-successful-case-of-corn-sheller-machine\">Der erfolgreiche Fall der Maisentk\u00f6rnermaschine<\/h2>    <p>Unsere Kunden sind sehr zufrieden mit der Maisentk\u00f6rnermaschine, vor allem wegen ihrer niedrigen Zerst\u00f6rungsrate, hervorragender Sauberkeit und hoher Effizienz. Bis jetzt haben wir viele Maisentk\u00f6rnermaschinen weltweit exportiert. <\/p>    <p>Und sie haben gutes Feedback von ihnen erhalten. Mit perfektem After-Sales-Service und aufrichtigem Verhalten haben wir das Vertrauen der Kunden gewonnen. Wir setzen uns immer in die Lage des Kunden und behandeln deren Nutzen als Priorit\u00e4t.<\/p>    <figure class=\"wp-block-gallery has-nested-images columns-default is-cropped wp-block-gallery-4 is-layout-flex wp-block-gallery-is-layout-flex\"> <figure class=\"wp-block-image size-large\"><img loading=\"lazy\" decoding=\"async\" width=\"720\" height=\"540\" data-id=\"13375\" src=\"https:\/\/www.agriculture-machine.com\/wp-content\/uploads\/2022\/04\/maize-sheller-0.jpg\" alt=\"Maisdrescher\" class=\"wp-image-13375\" title=\"Maisdrescher\" srcset=\"https:\/\/www.agriculture-machine.com\/wp-content\/uploads\/2022\/04\/maize-sheller-0.jpg 720w, https:\/\/www.agriculture-machine.com\/wp-content\/uploads\/2022\/04\/maize-sheller-0-360x270.jpg 360w, https:\/\/www.agriculture-machine.com\/wp-content\/uploads\/2022\/04\/maize-sheller-0-240x180.jpg 240w\" sizes=\"auto, (max-width: 720px) 100vw, 720px\" \/><figcaption class=\"wp-element-caption\">Maisdrescher<\/figcaption><\/figure>    <figure class=\"wp-block-image size-large\"><img loading=\"lazy\" decoding=\"async\" width=\"720\" height=\"540\" data-id=\"13376\" src=\"https:\/\/www.agriculture-machine.com\/wp-content\/uploads\/2022\/04\/corn-thresher-0.jpg\" alt=\"Mais-Sch\u00e4ler\" class=\"wp-image-13376\" title=\"Mais-Sch\u00e4ler\" srcset=\"https:\/\/www.agriculture-machine.com\/wp-content\/uploads\/2022\/04\/corn-thresher-0.jpg 720w, https:\/\/www.agriculture-machine.com\/wp-content\/uploads\/2022\/04\/corn-thresher-0-360x270.jpg 360w, https:\/\/www.agriculture-machine.com\/wp-content\/uploads\/2022\/04\/corn-thresher-0-240x180.jpg 240w\" sizes=\"auto, (max-width: 720px) 100vw, 720px\" \/><figcaption class=\"wp-element-caption\">Mais-Sch\u00e4ler<\/figcaption><\/figure>    <figure class=\"wp-block-image size-large\"><img loading=\"lazy\" decoding=\"async\" width=\"720\" height=\"540\" data-id=\"13377\" src=\"https:\/\/www.agriculture-machine.com\/wp-content\/uploads\/2022\/04\/shipping-of-the-corn-thresher-0.jpg\" alt=\"Versand der Maisentk\u00f6rnermaschine\" class=\"wp-image-13377\" title=\"Versand der Maisentk\u00f6rnermaschine\" srcset=\"https:\/\/www.agriculture-machine.com\/wp-content\/uploads\/2022\/04\/shipping-of-the-corn-thresher-0.jpg 720w, https:\/\/www.agriculture-machine.com\/wp-content\/uploads\/2022\/04\/shipping-of-the-corn-thresher-0-360x270.jpg 360w, https:\/\/www.agriculture-machine.com\/wp-content\/uploads\/2022\/04\/shipping-of-the-corn-thresher-0-240x180.jpg 240w\" sizes=\"auto, (max-width: 720px) 100vw, 720px\" \/><figcaption class=\"wp-element-caption\">Versand der Maisentk\u00f6rnermaschine<\/figcaption><\/figure> <\/figure>    <h2 class=\"wp-block-heading\" id=\"h-faq\">FAQ<\/h2>   <div id=\"rank-math-faq\" class=\"rank-math-block\"> <div class=\"rank-math-list\"> <div id=\"faq-question-1714386534812\" class=\"rank-math-list-item\"> <h3 class=\"rank-math-question\">Entk\u00f6rnt diese Maschine nur Mais?<\/h3> <div class=\"rank-math-answer\">  <p>Ja, es ist nur f\u00fcr Mais.<\/p>  <\/div> <\/div> <div id=\"faq-question-1714386538716\" class=\"rank-math-list-item\"> <h3 class=\"rank-math-question\">Was ist der verletzliche Teil dieser Maschine?<\/h3> <div class=\"rank-math-answer\">  <p>Der Walzen- und Sieb sind anf\u00e4llig. Wir sollten sie regelm\u00e4\u00dfig austauschen.<\/p>  <\/div> <\/div> <div id=\"faq-question-1714386569735\" class=\"rank-math-list-item\"> <h3 class=\"rank-math-question\">Wie viele Arten von Maisentk\u00f6rnermaschinen haben Sie?<\/h3> <div class=\"rank-math-answer\">  <p>Die Maisentk\u00f6rnermaschine ist unser meistverkauftes Produkt. Wir haben verschiedene Kapazit\u00e4ten wie 1t\/h, 3-4t\/h, 4t\/h, 5t\/h, 6t\/h. Kontaktieren Sie uns, um mehr zu erfahren.<\/p>  <\/div> <\/div> <div id=\"faq-question-1714386580546\" class=\"rank-math-list-item\"> <h3 class=\"rank-math-question\">Wie wechselt man das Sieb?<\/h3> <div class=\"rank-math-answer\">  <p>Das Sieb ist leicht zu wechseln. Wir stellen Ihnen ein detailliertes Video zum Siebwechsel zur Verf\u00fcgung.<\/p>  <\/div> <\/div> <\/div> <\/div>","protected":false},"excerpt":{"rendered":"<p>Die Maisentk\u00f6rnermaschine ist ein professionelles Ger\u00e4t zum Entk\u00f6rnen von sonnengetrocknetem Mais. Sie hat einen kleinen Fu\u00dfabdruck, hohe Arbeitseffizienz und ist leicht zu bewegen.<\/p>","protected":false},"author":1,"featured_media":0,"parent":0,"comment_status":"closed","ping_status":"closed","template":"","tags":[491,2613],"product-type":[893],"class_list":["post-173","product","type-product","status-publish","hentry","tag-corn","tag-peeling","product-type-corn-thresher"],"_links":{"self":[{"href":"https:\/\/www.agriculture-machine.com\/de\/wp-json\/wp\/v2\/product\/173","targetHints":{"allow":["GET"]}}],"collection":[{"href":"https:\/\/www.agriculture-machine.com\/de\/wp-json\/wp\/v2\/product"}],"about":[{"href":"https:\/\/www.agriculture-machine.com\/de\/wp-json\/wp\/v2\/types\/product"}],"author":[{"embeddable":true,"href":"https:\/\/www.agriculture-machine.com\/de\/wp-json\/wp\/v2\/users\/1"}],"replies":[{"embeddable":true,"href":"https:\/\/www.agriculture-machine.com\/de\/wp-json\/wp\/v2\/comments?post=173"}],"wp:attachment":[{"href":"https:\/\/www.agriculture-machine.com\/de\/wp-json\/wp\/v2\/media?parent=173"}],"wp:term":[{"taxonomy":"post_tag","embeddable":true,"href":"https:\/\/www.agriculture-machine.com\/de\/wp-json\/wp\/v2\/tags?post=173"},{"taxonomy":"product-type","embeddable":true,"href":"https:\/\/www.agriculture-machine.com\/de\/wp-json\/wp\/v2\/product-type?post=173"}],"curies":[{"name":"wp","href":"https:\/\/api.w.org\/{rel}","templated":true}]}}