{"id":17458,"date":"2026-02-27T17:02:53","date_gmt":"2026-02-27T09:02:53","guid":{"rendered":"https:\/\/www.agriculture-machine.com\/?post_type=product&#038;p=17458"},"modified":"2026-02-27T17:02:55","modified_gmt":"2026-02-27T09:02:55","slug":"silage-round-baler-wrapper","status":"publish","type":"product","link":"https:\/\/www.agriculture-machine.com\/de\/silage-round-baler-wrapper\/","title":{"rendered":"9YDB-60 Silage-Rundballenpresse mit Umh\u00fcllung | Futterballenwickelmaschine"},"content":{"rendered":"<p>Effizientes Ballen und versiegelte Lagerung von Silage sind entscheidende Schritte zur Reduzierung der Futterkosten und zur Verbesserung der Futterqualit\u00e4t. Die neu aufger\u00fcstete 9YDB-60 G\u00fcrteltyp Silage-Rundballenpresse-Wrapper verf\u00fcgt \u00fcber eine Fischgr\u00e4ten-Gurtkompressionsstruktur und ein vollautomatisches PLC-Steuerungssystem. Es erreicht die Vollautomatisierung des Prozesses f\u00fcr Ballenbildung, Folienziehen, Wickeln, Beh\u00e4lter\u00f6ffnung\/-schlie\u00dfung und Ballenwenden\/-auswurf.<\/p>    <p>Das Ger\u00e4t erreicht eine Produktionsleistung von 50\u201375 Ballen pro Stunde, mit einzelnen Ballengewichten von 90\u2013140kg. Die Ballenma\u00dfe sind \u03a6600\u00d7520mm, und die Ballendichte \u00fcbertrifft 800kg\/m\u00b3, was eine t\u00e4gliche Verarbeitung von \u00fcber 48 Tonnen erm\u00f6glicht.<\/p>    <p>Hochdichte Verdichtung in Kombination mit mehrlagiger Futterfolienversiegelung blockiert effektiv Luft, f\u00f6rdert Milchs\u00e4urefermentation und reduziert Verderbnisraten erheblich. Damit ist es die ideale Silageausr\u00fcstung f\u00fcr Ranches, Genossenschaften und gro\u00dfe landwirtschaftliche Betriebe.<\/p>    <figure class=\"wp-block-embed aligncenter is-type-video is-provider-youtube wp-block-embed-youtube wp-embed-aspect-16-9 wp-has-aspect-ratio\"><div class=\"wp-block-embed__wrapper\"> <iframe loading=\"lazy\" title=\"New Model Belt Type Silage Baler Wrapper | Efficient &amp; Durable | Latest Design!#silage #silagebaler\" width=\"500\" height=\"281\" src=\"https:\/\/www.youtube.com\/embed\/1WBs7jM_mDE?feature=oembed\" frameborder=\"0\" allow=\"accelerometer; autoplay; clipboard-write; encrypted-media; gyroscope; picture-in-picture; web-share\" referrerpolicy=\"strict-origin-when-cross-origin\" allowfullscreen><\/iframe> <\/div><figcaption class=\"wp-element-caption\">Neues Video der G\u00fcrteltyp-Silageballenpresse- und Wickelmaschine<\/figcaption><\/figure>    <h2 class=\"wp-block-heading\">Anwendungsbereiche der Silage-Rundballenpresse<\/h2>    <ul class=\"wp-block-list\"> <li>F\u00fcr gro\u00dfe Ranches: Zentralisierte Verarbeitung und langfristige Lagerung von Weide, Maisst\u00e4ngeln und Silage f\u00fcr Milch-, Rind- und Schafsbetriebe.<\/li>    <li>F\u00fcr Genossenschaften &amp; Familienbetriebe: Verbesserung der Lagerungseffizienz, Reduzierung der Arbeitskosten und Senkung der Futterkosten f\u00fcr kleine bis mittlere Feld- und Viehwirtschaftsbetriebe.<\/li>    <li>F\u00fcr gro\u00dfe Agrarbetriebe: Unterst\u00fctzung bei hochintensivem, kontinuierlichem Betrieb w\u00e4hrend der Silageernte, f\u00fcr Transport, Verkauf und grenz\u00fcberschreitende Lagerung.<\/li>    <li>F\u00fcr Maschinenverleiher: Bieten Sie Silageballenwickeldienste f\u00fcr lokale Landwirte mit kurzer Amortisationszeit an.<\/li> <\/ul>    <figure class=\"wp-block-gallery has-nested-images columns-default is-cropped wp-block-gallery-2 is-layout-flex wp-block-gallery-is-layout-flex\"> <figure class=\"wp-block-image size-large\"><img loading=\"lazy\" decoding=\"async\" width=\"720\" height=\"540\" data-id=\"17465\" src=\"https:\/\/www.agriculture-machine.com\/wp-content\/uploads\/2026\/02\/silage-round-baler-wrapper.webp\" alt=\"Silage-Rundballenpresse-Wrapper\" class=\"wp-image-17465\" srcset=\"https:\/\/www.agriculture-machine.com\/wp-content\/uploads\/2026\/02\/silage-round-baler-wrapper.webp 720w, https:\/\/www.agriculture-machine.com\/wp-content\/uploads\/2026\/02\/silage-round-baler-wrapper-360x270.webp 360w, https:\/\/www.agriculture-machine.com\/wp-content\/uploads\/2026\/02\/silage-round-baler-wrapper-240x180.webp 240w, https:\/\/www.agriculture-machine.com\/wp-content\/uploads\/2026\/02\/silage-round-baler-wrapper-16x12.webp 16w\" sizes=\"auto, (max-width: 720px) 100vw, 720px\" \/><figcaption class=\"wp-element-caption\">Silage-Rundballenpresse-Wrapper<\/figcaption><\/figure>    <figure class=\"wp-block-image size-large\"><img loading=\"lazy\" decoding=\"async\" width=\"720\" height=\"540\" data-id=\"17464\" src=\"https:\/\/www.agriculture-machine.com\/wp-content\/uploads\/2026\/02\/hay-silage-baler-and-wrapper.webp\" alt=\"Heu-Silage-Presse und Wrapper\" class=\"wp-image-17464\" srcset=\"https:\/\/www.agriculture-machine.com\/wp-content\/uploads\/2026\/02\/hay-silage-baler-and-wrapper.webp 720w, https:\/\/www.agriculture-machine.com\/wp-content\/uploads\/2026\/02\/hay-silage-baler-and-wrapper-360x270.webp 360w, https:\/\/www.agriculture-machine.com\/wp-content\/uploads\/2026\/02\/hay-silage-baler-and-wrapper-240x180.webp 240w, https:\/\/www.agriculture-machine.com\/wp-content\/uploads\/2026\/02\/hay-silage-baler-and-wrapper-16x12.webp 16w\" sizes=\"auto, (max-width: 720px) 100vw, 720px\" \/><figcaption class=\"wp-element-caption\">Heu-Silage-Presse und Wrapper<\/figcaption><\/figure> <\/figure>    <h2 class=\"wp-block-heading\">Struktur des G\u00fcrteltyps Silagepresse<\/h2>    <p>Dieses Silage-Rundballenpresse-Wrapper-Maschine besteht haupts\u00e4chlich aus zwei Kernkomponenten: dem Ballenbildungs- und dem Wickelsystem.<\/p>    <p class=\"translation-block\"><strong>Ballenkammerabschnitt<\/strong><\/p>    <ul class=\"wp-block-list\"> <li>Fischgr\u00e4ten-\u00e4hnlicher F\u00f6rderband-Kompressionsgurt<\/li>    <li>Mehrrollen-Hochleistungs-Aluminiumguss<\/li>    <li>Automatisches \u00d6ffnen\/Schlie\u00dfen der Kammer<\/li>    <li>Automatischer Ballenwender und -auswerfer<\/li> <\/ul>    <p class=\"translation-block\"><strong>Wickelabschnitt<\/strong><\/p>    <ul class=\"wp-block-list\"> <li>Automatischer Folienziehvorrichtung<\/li>    <li>Schneckengetriebe-Reduktordrive<\/li>    <li>Wickelschichtanzahl-Justierungssystem<\/li>    <li>Automatischer Folienabschneider<\/li> <\/ul>    <p>Im Gegensatz zu den \u00e4lteren Modellen TZ-55-52 und 70 Silage-Rundballenpresse-Wrapper, verwendet das Modell 9YDB-60 eine transparente Futterfolie mit integrierter Ballen- und Wickelstruktur, die eine \u00fcberlegene Abdichtungsleistung bietet.<\/p>    <figure class=\"wp-block-gallery has-nested-images columns-2 is-cropped wp-block-gallery-3 is-layout-flex wp-block-gallery-is-layout-flex\"> <figure class=\"wp-block-image size-large\"><img loading=\"lazy\" decoding=\"async\" width=\"720\" height=\"540\" data-id=\"17468\" src=\"https:\/\/www.agriculture-machine.com\/wp-content\/uploads\/2026\/02\/conveyor-belt-and-plastic-film.webp\" alt=\"F\u00f6rderband und Kunststofffolie\" class=\"wp-image-17468\" srcset=\"https:\/\/www.agriculture-machine.com\/wp-content\/uploads\/2026\/02\/conveyor-belt-and-plastic-film.webp 720w, https:\/\/www.agriculture-machine.com\/wp-content\/uploads\/2026\/02\/conveyor-belt-and-plastic-film-360x270.webp 360w, https:\/\/www.agriculture-machine.com\/wp-content\/uploads\/2026\/02\/conveyor-belt-and-plastic-film-240x180.webp 240w, https:\/\/www.agriculture-machine.com\/wp-content\/uploads\/2026\/02\/conveyor-belt-and-plastic-film-16x12.webp 16w\" sizes=\"auto, (max-width: 720px) 100vw, 720px\" \/><figcaption class=\"wp-element-caption\">F\u00f6rderband und Kunststofffolie<\/figcaption><\/figure>    <figure class=\"wp-block-image size-large\"><img loading=\"lazy\" decoding=\"async\" width=\"720\" height=\"540\" data-id=\"17469\" src=\"https:\/\/www.agriculture-machine.com\/wp-content\/uploads\/2026\/02\/PLC-control-cabinet-and-bin.webp\" alt=\"PLC-Steuerkasten und Beh\u00e4lter\" class=\"wp-image-17469\" srcset=\"https:\/\/www.agriculture-machine.com\/wp-content\/uploads\/2026\/02\/PLC-control-cabinet-and-bin.webp 720w, https:\/\/www.agriculture-machine.com\/wp-content\/uploads\/2026\/02\/PLC-control-cabinet-and-bin-360x270.webp 360w, https:\/\/www.agriculture-machine.com\/wp-content\/uploads\/2026\/02\/PLC-control-cabinet-and-bin-240x180.webp 240w, https:\/\/www.agriculture-machine.com\/wp-content\/uploads\/2026\/02\/PLC-control-cabinet-and-bin-16x12.webp 16w\" sizes=\"auto, (max-width: 720px) 100vw, 720px\" \/><figcaption class=\"wp-element-caption\">PLC-Steuerkasten und Beh\u00e4lter<\/figcaption><\/figure>    <figure class=\"wp-block-image size-large\"><img loading=\"lazy\" decoding=\"async\" width=\"720\" height=\"540\" data-id=\"17467\" src=\"https:\/\/www.agriculture-machine.com\/wp-content\/uploads\/2026\/02\/baling-belt-and-wrap-device.webp\" alt=\"Ballenband und Wickelvorrichtung\" class=\"wp-image-17467\" srcset=\"https:\/\/www.agriculture-machine.com\/wp-content\/uploads\/2026\/02\/baling-belt-and-wrap-device.webp 720w, https:\/\/www.agriculture-machine.com\/wp-content\/uploads\/2026\/02\/baling-belt-and-wrap-device-360x270.webp 360w, https:\/\/www.agriculture-machine.com\/wp-content\/uploads\/2026\/02\/baling-belt-and-wrap-device-240x180.webp 240w, https:\/\/www.agriculture-machine.com\/wp-content\/uploads\/2026\/02\/baling-belt-and-wrap-device-16x12.webp 16w\" sizes=\"auto, (max-width: 720px) 100vw, 720px\" \/><figcaption class=\"wp-element-caption\">Ballenband und Wickelvorrichtung<\/figcaption><\/figure>    <figure class=\"wp-block-image size-large\"><img loading=\"lazy\" decoding=\"async\" width=\"720\" height=\"540\" data-id=\"17466\" src=\"https:\/\/www.agriculture-machine.com\/wp-content\/uploads\/2026\/02\/automatic-film-cutting-and-alarming.webp\" alt=\"Automatischer Folienabschneider und Alarmanlage\" class=\"wp-image-17466\" srcset=\"https:\/\/www.agriculture-machine.com\/wp-content\/uploads\/2026\/02\/automatic-film-cutting-and-alarming.webp 720w, https:\/\/www.agriculture-machine.com\/wp-content\/uploads\/2026\/02\/automatic-film-cutting-and-alarming-360x270.webp 360w, https:\/\/www.agriculture-machine.com\/wp-content\/uploads\/2026\/02\/automatic-film-cutting-and-alarming-240x180.webp 240w, https:\/\/www.agriculture-machine.com\/wp-content\/uploads\/2026\/02\/automatic-film-cutting-and-alarming-16x12.webp 16w\" sizes=\"auto, (max-width: 720px) 100vw, 720px\" \/><figcaption class=\"wp-element-caption\">Automatischer Folienabschneider und Alarmanlage<\/figcaption><\/figure> <\/figure>    <h3 class=\"wp-block-heading\">Wichtige Detailsanzeige<\/h3>    <div class=\"wp-block-media-text is-stacked-on-mobile\"><figure class=\"wp-block-media-text__media\"><img loading=\"lazy\" decoding=\"async\" width=\"720\" height=\"540\" src=\"https:\/\/www.agriculture-machine.com\/wp-content\/uploads\/2026\/02\/belt-type-silage-round-baler-wrapper-structure.webp\" alt=\"Der 9YDB-60 Silage-Rundballenpresse-Wrapper verf\u00fcgt \u00fcber ein Fischgr\u00e4ten-Gurtsystem f\u00fcr Hochdichtekompression, liefert 50\u201375 Ballen pro Stunde f\u00fcr effizientes Ballen, Wickeln und langfristige Silagerhaltung.\" class=\"wp-image-17476 size-full\" srcset=\"https:\/\/www.agriculture-machine.com\/wp-content\/uploads\/2026\/02\/belt-type-silage-round-baler-wrapper-structure.webp 720w, https:\/\/www.agriculture-machine.com\/wp-content\/uploads\/2026\/02\/belt-type-silage-round-baler-wrapper-structure-360x270.webp 360w, https:\/\/www.agriculture-machine.com\/wp-content\/uploads\/2026\/02\/belt-type-silage-round-baler-wrapper-structure-240x180.webp 240w, https:\/\/www.agriculture-machine.com\/wp-content\/uploads\/2026\/02\/belt-type-silage-round-baler-wrapper-structure-16x12.webp 16w\" sizes=\"auto, (max-width: 720px) 100vw, 720px\" \/><\/figure><div class=\"wp-block-media-text__content\"> <ul class=\"wp-block-list\"> <li>F\u00f6rderbandabmessungen: 2500\u00d7517mm<\/li>    <li>Fischgr\u00e4ten-Gurtabmessungen: 2300\u00d7517mm (Fester Beh\u00e4lter), 2470\u00d7517mm (Beweglicher Beh\u00e4lter)<\/li>    <li>G\u00fcrteldicke: 5mm<\/li>    <li>Druckrollenwellen-Durchmesser: 30mm<\/li>    <li>Aluminium-Rollenlager Modell: FC205 (Vier-Schrauben-Montage)<\/li>    <li>Kettentyp: 12A Industrielle Kette<\/li>    <li>Seitenwandst\u00e4rke: 6mm<\/li>    <li>Gesamteinheit pulverbeschichtet f\u00fcr hervorragenden Korrosionsschutz<\/li>    <li>Mit Luftgewehr f\u00fcr einfache t\u00e4gliche Wartung<\/li> <\/ul> <\/div><\/div>    <h2 class=\"wp-block-heading\">Funktionsprinzip der Futterpresse und des Wickelger\u00e4ts<\/h2>    <ol class=\"wp-block-list\"> <li>Vorverarbeitung des Rohmaterials: Silage-Rohstoff wird typischerweise durch einen Zerkleinerer zerkleinert, bevor er automatisch in die Ballenbildungs-Kammer eingespeist wird.<\/li>    <li>Verpressungsformung: Das Band und die Druckrollen arbeiten zusammen, um das Material zu komprimieren und zylindrische Ballen hoher Dichte zu formen.<\/li>    <li>Automatisches Folienwickeln: Nach Abschluss des Ballens wird die Folie automatisch gezogen und gleichm\u00e4\u00dfig um den Ballen gewickelt, um eine vollst\u00e4ndige Versiegelung zu erreichen.<\/li>    <li>Automatisches Ballenwenden und -auswerfen: Der verpackte Ballen wird automatisch gewendet und zum bequemen Laden oder Lagern ausgeworfen.<\/li> <\/ol>    <figure class=\"wp-block-gallery has-nested-images columns-default is-cropped wp-block-gallery-4 is-layout-flex wp-block-gallery-is-layout-flex\"> <figure class=\"wp-block-image size-large\"><img loading=\"lazy\" decoding=\"async\" width=\"720\" height=\"540\" data-id=\"17470\" src=\"https:\/\/www.agriculture-machine.com\/wp-content\/uploads\/2026\/02\/automatic-forage-bale-wrapper.webp\" alt=\"Automatischer Futterballenwickler\" class=\"wp-image-17470\" srcset=\"https:\/\/www.agriculture-machine.com\/wp-content\/uploads\/2026\/02\/automatic-forage-bale-wrapper.webp 720w, https:\/\/www.agriculture-machine.com\/wp-content\/uploads\/2026\/02\/automatic-forage-bale-wrapper-360x270.webp 360w, https:\/\/www.agriculture-machine.com\/wp-content\/uploads\/2026\/02\/automatic-forage-bale-wrapper-240x180.webp 240w, https:\/\/www.agriculture-machine.com\/wp-content\/uploads\/2026\/02\/automatic-forage-bale-wrapper-16x12.webp 16w\" sizes=\"auto, (max-width: 720px) 100vw, 720px\" \/><figcaption class=\"wp-element-caption\">Automatischer Futterballenwickler<\/figcaption><\/figure>    <figure class=\"wp-block-image size-large\"><img loading=\"lazy\" decoding=\"async\" width=\"720\" height=\"540\" data-id=\"17471\" src=\"https:\/\/www.agriculture-machine.com\/wp-content\/uploads\/2026\/02\/high\u2011density-forage-bale-wrapper-machine.webp\" alt=\"Hochdichte Futterballenwickelmaschine\" class=\"wp-image-17471\" srcset=\"https:\/\/www.agriculture-machine.com\/wp-content\/uploads\/2026\/02\/high\u2011density-forage-bale-wrapper-machine.webp 720w, https:\/\/www.agriculture-machine.com\/wp-content\/uploads\/2026\/02\/high\u2011density-forage-bale-wrapper-machine-360x270.webp 360w, https:\/\/www.agriculture-machine.com\/wp-content\/uploads\/2026\/02\/high\u2011density-forage-bale-wrapper-machine-240x180.webp 240w, https:\/\/www.agriculture-machine.com\/wp-content\/uploads\/2026\/02\/high\u2011density-forage-bale-wrapper-machine-16x12.webp 16w\" sizes=\"auto, (max-width: 720px) 100vw, 720px\" \/><figcaption class=\"wp-element-caption\">Hochdichte Futterballenwickelmaschine<\/figcaption><\/figure> <\/figure>    <h2 class=\"wp-block-heading\">Spezifikationen des Silage-Heupressen-Wickelger\u00e4ts<\/h2>    <figure class=\"wp-block-table is-style-stripes\"><table class=\"has-fixed-layout\"><tbody><tr><td><strong>Modell<\/strong><\/td><td><strong>9YDB-60 G\u00fcrteltyp<\/strong><\/td><\/tr><tr><td>Ballengr\u00f6\u00dfe<\/td><td>\u03a6600\u00d7520 mm<\/td><\/tr><tr><td>Ballengewicht<\/td><td>90\u2013140 kg<\/td><\/tr><tr><td>Produktivit\u00e4t<\/td><td>50\u201375 Ballen\/h<\/td><\/tr><tr><td>T\u00e4gliche Kapazit\u00e4t<\/td><td>Bis zu 48 Tonnen<\/td><\/tr><tr><td>Hauptleistung<\/td><td>7,5 kW<\/td><\/tr><tr><td>Luftkompressor-Motor<\/td><td>1,5 kW<\/td><\/tr><tr><td>Wickelmotor<\/td><td>0,75 kW<\/td><\/tr><tr><td>Nennleistung<\/td><td>350 U\/min<\/td><\/tr><tr><td>Dichte<\/td><td>\u2265800 kg\/m\u00b3<\/td><\/tr><tr><td>Maschinengr\u00f6\u00dfe<\/td><td>3500\u00d71450\u00d71550 mm<\/td><\/tr><tr><td>G\u00fcrteldicke<\/td><td>5 mm<\/td><\/tr><tr><td>Wandplattenst\u00e4rke<\/td><td>6 mm<\/td><\/tr><tr><td>Wickelschichten<\/td><td>Verstellbar<\/td><\/tr><tr><td>Verpackungsmaterial<\/td><td>Silage-Folie<\/td><\/tr><\/tbody><\/table><figcaption class=\"wp-element-caption\">Technische Parameter der G\u00fcrteltyp-Silage-Rundballenpresse-Wrapper-Maschine<\/figcaption><\/figure>    <figure class=\"wp-block-gallery has-nested-images columns-default is-cropped wp-block-gallery-5 is-layout-flex wp-block-gallery-is-layout-flex\"> <figure class=\"wp-block-image size-large\"><img loading=\"lazy\" decoding=\"async\" width=\"720\" height=\"540\" data-id=\"17473\" src=\"https:\/\/www.agriculture-machine.com\/wp-content\/uploads\/2026\/02\/silage-round-bale-packing-machine.webp\" alt=\"Silage-Rundballenverpackungsmaschine\" class=\"wp-image-17473\" srcset=\"https:\/\/www.agriculture-machine.com\/wp-content\/uploads\/2026\/02\/silage-round-bale-packing-machine.webp 720w, https:\/\/www.agriculture-machine.com\/wp-content\/uploads\/2026\/02\/silage-round-bale-packing-machine-360x270.webp 360w, https:\/\/www.agriculture-machine.com\/wp-content\/uploads\/2026\/02\/silage-round-bale-packing-machine-240x180.webp 240w, https:\/\/www.agriculture-machine.com\/wp-content\/uploads\/2026\/02\/silage-round-bale-packing-machine-16x12.webp 16w\" sizes=\"auto, (max-width: 720px) 100vw, 720px\" \/><figcaption class=\"wp-element-caption\">Silage-Rundballenverpackungsmaschine<\/figcaption><\/figure>    <figure class=\"wp-block-image size-large\"><img loading=\"lazy\" decoding=\"async\" width=\"720\" height=\"540\" data-id=\"17472\" src=\"https:\/\/www.agriculture-machine.com\/wp-content\/uploads\/2026\/02\/agricultural-baling-machinery.webp\" alt=\"Landwirtschaftliche Ballenpressenmaschinen\" class=\"wp-image-17472\" srcset=\"https:\/\/www.agriculture-machine.com\/wp-content\/uploads\/2026\/02\/agricultural-baling-machinery.webp 720w, https:\/\/www.agriculture-machine.com\/wp-content\/uploads\/2026\/02\/agricultural-baling-machinery-360x270.webp 360w, https:\/\/www.agriculture-machine.com\/wp-content\/uploads\/2026\/02\/agricultural-baling-machinery-240x180.webp 240w, https:\/\/www.agriculture-machine.com\/wp-content\/uploads\/2026\/02\/agricultural-baling-machinery-16x12.webp 16w\" sizes=\"auto, (max-width: 720px) 100vw, 720px\" \/><figcaption class=\"wp-element-caption\">Landwirtschaftliche Ballenpressenmaschinen<\/figcaption><\/figure> <\/figure>    <h2 class=\"wp-block-heading\">Hauptvorteile des G\u00fcrteltyps Futterballenpresse<\/h2>    <ul class=\"wp-block-list\"> <li>Hochdichte Kompression mit Fischgr\u00e4tenb\u00e4ndern: Diese Struktur f\u00fcr bewegliche und feste Kammern, mit 17 Pressrollen (8 beweglich   9 fest) f\u00fcr gleichm\u00e4\u00dfige Kompression und dichte Ballenbildung.<\/li>    <li>Vollautomatische intelligente Steuerung: PLC-Steuerungskasten mit Auto\/Manuell-Modus; automatische Ballenbildung, Wickeln, Wenden und R\u00fcckf\u00fchrung, was die Arbeit erheblich reduziert.<\/li>    <li>Verstellbares Dichtesystem: Dichte kann durch Stromst\u00e4rke angepasst werden, geeignet f\u00fcr Materialien mit unterschiedlichem Feuchtigkeitsgehalt.<\/li>    <li>Doppel-Feder-Folienhalter: sorgt f\u00fcr gleichm\u00e4\u00dfiges Dehnen und stabiles Wickeln der Stretchfolie, verbessert die Abdichtungsleistung.<\/li>    <li>Externe Lagerstrukture: Alle Lager sind extern montiert f\u00fcr einfache Wartung und l\u00e4ngere Lebensdauer.<\/li> <\/ul>    <h2 class=\"wp-block-heading\">Unterst\u00fctzendes Zubeh\u00f6r f\u00fcr Silageballenwickler<\/h2>    <ul class=\"wp-block-list\"> <li>Automatischer Silage-Zuf\u00fchrer: Empfohlen f\u00fcr den Einsatz mit automatischen Zuf\u00fchrf\u00f6rderanlagen, um kontinuierliche, gleichm\u00e4\u00dfige Zuf\u00fchrung zu gew\u00e4hrleisten und die Betriebssicherheit zu erh\u00f6hen.<\/li>    <li>Kostenloser Transportwagen: Inklusive kostenlosem Transportwagen f\u00fcr einfachen Ballentransfer und Stapelung, was die Betriebseffizienz verbessert.<\/li> <\/ul>    <figure class=\"wp-block-gallery has-nested-images columns-default is-cropped wp-block-gallery-6 is-layout-flex wp-block-gallery-is-layout-flex\"> <figure class=\"wp-block-image size-large\"><img loading=\"lazy\" decoding=\"async\" width=\"720\" height=\"540\" data-id=\"17475\" src=\"https:\/\/www.agriculture-machine.com\/wp-content\/uploads\/2026\/02\/silage-baler-with-a-feeder.webp\" alt=\"Silage-Presse mit Zuf\u00fchrung\" class=\"wp-image-17475\" srcset=\"https:\/\/www.agriculture-machine.com\/wp-content\/uploads\/2026\/02\/silage-baler-with-a-feeder.webp 720w, https:\/\/www.agriculture-machine.com\/wp-content\/uploads\/2026\/02\/silage-baler-with-a-feeder-360x270.webp 360w, https:\/\/www.agriculture-machine.com\/wp-content\/uploads\/2026\/02\/silage-baler-with-a-feeder-240x180.webp 240w, https:\/\/www.agriculture-machine.com\/wp-content\/uploads\/2026\/02\/silage-baler-with-a-feeder-16x12.webp 16w\" sizes=\"auto, (max-width: 720px) 100vw, 720px\" \/><figcaption class=\"wp-element-caption\">Silage-Presse mit Zuf\u00fchrung<\/figcaption><\/figure>    <figure class=\"wp-block-image size-large\"><img loading=\"lazy\" decoding=\"async\" width=\"720\" height=\"540\" data-id=\"17474\" src=\"https:\/\/www.agriculture-machine.com\/wp-content\/uploads\/2026\/02\/complimentary-trolley.webp\" alt=\"kostenloser Wagen\" class=\"wp-image-17474\" srcset=\"https:\/\/www.agriculture-machine.com\/wp-content\/uploads\/2026\/02\/complimentary-trolley.webp 720w, https:\/\/www.agriculture-machine.com\/wp-content\/uploads\/2026\/02\/complimentary-trolley-360x270.webp 360w, https:\/\/www.agriculture-machine.com\/wp-content\/uploads\/2026\/02\/complimentary-trolley-240x180.webp 240w, https:\/\/www.agriculture-machine.com\/wp-content\/uploads\/2026\/02\/complimentary-trolley-16x12.webp 16w\" sizes=\"auto, (max-width: 720px) 100vw, 720px\" \/><figcaption class=\"wp-element-caption\">Kostenloser Transportwagen f\u00fcr Silage-Rundballenpresse-Wrapper<\/figcaption><\/figure> <\/figure>    <figure class=\"wp-block-embed aligncenter is-type-video is-provider-youtube wp-block-embed-youtube wp-embed-aspect-16-9 wp-has-aspect-ratio\"><div class=\"wp-block-embed__wrapper\"> <iframe loading=\"lazy\" title=\"Silage Baler Wrapper with Storage Hopper | Higher Efficiency &amp; Continuous Operation!#silagebaler\" width=\"500\" height=\"281\" src=\"https:\/\/www.youtube.com\/embed\/8sUb9oKwDqk?feature=oembed\" frameborder=\"0\" allow=\"accelerometer; autoplay; clipboard-write; encrypted-media; gyroscope; picture-in-picture; web-share\" referrerpolicy=\"strict-origin-when-cross-origin\" allowfullscreen><\/iframe> <\/div><figcaption class=\"wp-element-caption\">Arbeitsvideo des Silage-Rundballenpresse-Wrapper mit Silage-Zuf\u00fchrung<\/figcaption><\/figure>    <p class=\"translation-block\">F\u00fcr weitere Modelle der Silage-Rundballenpresse-Wrapper, bitte klicken: <a href=\"https:\/\/www.agriculture-machine.com\/de\/full-automatic-silage-baling-machine\/\"><strong><em>Vollautomatische Silagepresse f\u00fcr Futterballenwickelger\u00e4te<\/em><\/strong><\/a>.<\/p>    <p>Wenn Sie mehr \u00fcber Ger\u00e4tevideos, Angebotserstellungen oder Anpassungsdienste erfahren m\u00f6chten, kontaktieren Sie uns jederzeit. Wir laden Sie auch herzlich ein, unsere Fabrik f\u00fcr eine Vor-Ort-Besichtigung zu besuchen. Wir freuen uns auf die Zusammenarbeit mit Ihnen!<\/p>","protected":false},"excerpt":{"rendered":"<p>Der 9YDB-60 Silage-Rundballenwickler verf\u00fcgt \u00fcber ein Fischgr\u00e4tenband-System f\u00fcr Hochdichtekompression und liefert 50\u201375 Ballen pro Stunde f\u00fcr effizientes Ballen, Wickeln und langfristige Silagelagerung.<\/p>","protected":false},"author":1,"featured_media":17477,"parent":0,"comment_status":"open","ping_status":"closed","template":"","tags":[772,591,807],"product-type":[876,908],"class_list":["post-17458","product","type-product","status-publish","has-post-thumbnail","hentry","tag-forage","tag-silage","tag-silage-bale","product-type-silage-machine","product-type-sliage-baler"],"_links":{"self":[{"href":"https:\/\/www.agriculture-machine.com\/de\/wp-json\/wp\/v2\/product\/17458","targetHints":{"allow":["GET"]}}],"collection":[{"href":"https:\/\/www.agriculture-machine.com\/de\/wp-json\/wp\/v2\/product"}],"about":[{"href":"https:\/\/www.agriculture-machine.com\/de\/wp-json\/wp\/v2\/types\/product"}],"author":[{"embeddable":true,"href":"https:\/\/www.agriculture-machine.com\/de\/wp-json\/wp\/v2\/users\/1"}],"replies":[{"embeddable":true,"href":"https:\/\/www.agriculture-machine.com\/de\/wp-json\/wp\/v2\/comments?post=17458"}],"wp:featuredmedia":[{"embeddable":true,"href":"https:\/\/www.agriculture-machine.com\/de\/wp-json\/wp\/v2\/media\/17477"}],"wp:attachment":[{"href":"https:\/\/www.agriculture-machine.com\/de\/wp-json\/wp\/v2\/media?parent=17458"}],"wp:term":[{"taxonomy":"post_tag","embeddable":true,"href":"https:\/\/www.agriculture-machine.com\/de\/wp-json\/wp\/v2\/tags?post=17458"},{"taxonomy":"product-type","embeddable":true,"href":"https:\/\/www.agriculture-machine.com\/de\/wp-json\/wp\/v2\/product-type?post=17458"}],"curies":[{"name":"wp","href":"https:\/\/api.w.org\/{rel}","templated":true}]}}