{"id":17495,"date":"2026-03-05T17:40:30","date_gmt":"2026-03-05T09:40:30","guid":{"rendered":"https:\/\/www.agriculture-machine.com\/?post_type=product&#038;p=17495"},"modified":"2026-04-13T15:59:27","modified_gmt":"2026-04-13T07:59:27","slug":"silage-packing-baler","status":"publish","type":"product","link":"https:\/\/www.agriculture-machine.com\/de\/silage-packing-baler\/","title":{"rendered":"9YDB-60-2 Silage-Verpackungsballenpresse | Doppel-Folienwickelballenpresse"},"content":{"rendered":"<p>Der 9YDB-60-2 tractorgef\u00fchrte Doppel-Folien-Verpackungsballenpresse f\u00fcr Silage ist eine neu entwickelte Hochleistungs-Rundballenpresse und Doppel-Schicht-Verpackung, speziell f\u00fcr hochdichte Silage konzipiert.<\/p>    <p>Produziert Ballen mit \u03a6550\u00d7550 mm und einem Gewicht von 80-120 kg, mit einer Leistung von 60-85 Ballen pro Stunde. Dies verbessert die Qualit\u00e4t der Silagefermentation und die Lagerstabilit\u00e4t erheblich, w\u00e4hrend Materialverluste minimiert werden. <\/p>    <p>Mit elektrischem Motorantrieb und Kettentransportsystem bietet die Maschine einen einfachen, stabilen Betrieb mit niedrigen Wartungskosten, ideal f\u00fcr Bauernh\u00f6fe, Silageverarbeitungszentren und H\u00e4ndler.<\/p>    <figure class=\"wp-block-embed aligncenter is-type-video is-provider-youtube wp-block-embed-youtube wp-embed-aspect-16-9 wp-has-aspect-ratio\"><div class=\"wp-block-embed__wrapper\"> <iframe loading=\"lazy\" title=\"Neu aufger\u00fcstete Silagepresse-Verpackungsmaschine | Schneller, intelligenter, effizienter \ud83c\udf3e\ud83d\ude9c#silage #silagebaler\" width=\"500\" height=\"281\" src=\"https:\/\/www.youtube.com\/embed\/aGn-YblQw_g?feature=oembed\" frameborder=\"0\" allow=\"accelerometer; autoplay; clipboard-write; encrypted-media; gyroscope; picture-in-picture; web-share\" referrerpolicy=\"strict-origin-when-cross-origin\" allowfullscreen><\/iframe> <\/div><figcaption class=\"wp-element-caption\">Neues Modell T60 Silageverpackungsballenpresse-Video<\/figcaption><\/figure>    <h2 class=\"wp-block-heading\">Anwendungen der Silageverpackungsballenpresse<\/h2>    <p>Diese Doppel-Folien-Verpackungs-Silageballenpresse ist geeignet zum Komprimieren und Versiegeln verschiedener Silagefutter und findet breite Anwendung in den folgenden Sektoren:<\/p>    <ul class=\"wp-block-list\"> <li>Ranches und Milchviehbetriebe: zum Ballen und Wickeln von Silagefutter wie Maisst\u00e4ngeln, Weidegras und Luzerne.<\/li>    <li>Silageverarbeitungszentren: f\u00fcr die gro\u00dffl\u00e4chige Silageproduktion und -versorgung.<\/li>    <li>Landwirtschaftliche Genossenschaften: zentrale Verarbeitung von Getreidestroh-Ressourcen.<\/li>    <li>Futterverarbeitungsbetriebe: Verbesserung der Silage-Lagerqualit\u00e4t und Kommerzialisierung.<\/li> <\/ul>    <p>Nach dem Wickeln und Versiegeln fermentiert die Silage unter anaeroben Bedingungen, was den N\u00e4hrstoffverlust effektiv minimiert und die Lagerdauer verl\u00e4ngert.<\/p>    <h2 class=\"wp-block-heading\">Vorteile der Silageballenwickelmaschine<\/h2>    <ul class=\"wp-block-list\"> <li>Doppel-Lagen-Wickeldesign: verbessert die Gleichm\u00e4\u00dfigkeit der Futterfermentation und verl\u00e4ngert die Lagerdauer.<\/li>    <li>Kettentransport   Rollenkonstruktion: minimiert Materialverlust und reduziert Silageverluste.<\/li>    <li>Voll elektrische Antrieb: sorgt f\u00fcr reibungslosen Betrieb mit niedrigen Wartungskosten.<\/li>    <li>Modulares Konstruktionsdesign: erleichtert die routinem\u00e4\u00dfige Wartung und Fehlerdiagnose.<\/li>    <li>Hochfeste Materialien und verst\u00e4rkte Lager: verl\u00e4ngert die Lebensdauer.<\/li>    <li>LCD- und PLC-Steuerung: intuitive Bedienung mit pr\u00e4zisen Parameter-Einstellungen.<\/li>    <li>Kundenspezifischer Service: Ma\u00dfe und Wickelmethode an die Anforderungen des Kunden anpassbar.<\/li>    <li>Traktorgezogener Gro\u00dfreifen-Design: kompatibel mit Traktorzugbetrieb auf Weiden oder in Silagegruben.<\/li> <\/ul>    <figure class=\"wp-block-gallery has-nested-images columns-default is-cropped wp-block-gallery-2 is-layout-flex wp-block-gallery-is-layout-flex\"> <figure class=\"wp-block-image size-large\"><img loading=\"lazy\" decoding=\"async\" width=\"720\" height=\"540\" data-id=\"17503\" src=\"https:\/\/www.agriculture-machine.com\/wp-content\/uploads\/2026\/03\/round-silage-baler-machine.webp\" alt=\"Rundballen-Silagepresse\" class=\"wp-image-17503\" srcset=\"https:\/\/www.agriculture-machine.com\/wp-content\/uploads\/2026\/03\/round-silage-baler-machine.webp 720w, https:\/\/www.agriculture-machine.com\/wp-content\/uploads\/2026\/03\/round-silage-baler-machine-360x270.webp 360w, https:\/\/www.agriculture-machine.com\/wp-content\/uploads\/2026\/03\/round-silage-baler-machine-240x180.webp 240w, https:\/\/www.agriculture-machine.com\/wp-content\/uploads\/2026\/03\/round-silage-baler-machine-16x12.webp 16w\" sizes=\"auto, (max-width: 720px) 100vw, 720px\" \/><figcaption class=\"wp-element-caption\">Rundballen-Silagepresse<\/figcaption><\/figure>    <figure class=\"wp-block-image size-large\"><img loading=\"lazy\" decoding=\"async\" width=\"720\" height=\"540\" data-id=\"17502\" src=\"https:\/\/www.agriculture-machine.com\/wp-content\/uploads\/2026\/03\/round-bale-silage-wrapper.webp\" alt=\"Rundballen-Silagewickler\" class=\"wp-image-17502\" srcset=\"https:\/\/www.agriculture-machine.com\/wp-content\/uploads\/2026\/03\/round-bale-silage-wrapper.webp 720w, https:\/\/www.agriculture-machine.com\/wp-content\/uploads\/2026\/03\/round-bale-silage-wrapper-360x270.webp 360w, https:\/\/www.agriculture-machine.com\/wp-content\/uploads\/2026\/03\/round-bale-silage-wrapper-240x180.webp 240w, https:\/\/www.agriculture-machine.com\/wp-content\/uploads\/2026\/03\/round-bale-silage-wrapper-16x12.webp 16w\" sizes=\"auto, (max-width: 720px) 100vw, 720px\" \/><figcaption class=\"wp-element-caption\">Rundballen-Silagewickler<\/figcaption><\/figure> <\/figure>    <h2 class=\"wp-block-heading\">Aufbau des Silage-Grasballenpresse-Verpackers<\/h2>    <ul class=\"wp-block-list\"> <li>F\u00fctterungs- und Kompressionssystem: transportiert Futter \u00fcber ein F\u00f6rderband in die Ballenkammer zur Kompression.<\/li>    <li>Ballen- und Formungssystem: komprimiert Futter zu Standard-Rundballen und f\u00fchrt die erste Wicklung durch.<\/li>    <li>Doppel-Lagen-Wickelsystem: f\u00fchrt automatisch zwei Schichten Kunststofffolie zum sicheren Fermentationsverschluss des Futters.<\/li>    <li>Kettentransportsystem: sorgt f\u00fcr reibungslosen Materialtransport, minimiert Versch\u00fcttungen und Blockaden.<\/li>    <li>Motorantriebs- und Steuerungssystem: PLC-gesteuerter Betrieb f\u00fcr Ballenpressen, Wickeln und Entladen.<\/li> <\/ul>    <p>Modulares und transparentes Design erleichtert die Wartung und garantiert langfristige Betriebszuverl\u00e4ssigkeit.<\/p>    <figure class=\"wp-block-gallery has-nested-images columns-default is-cropped wp-block-gallery-3 is-layout-flex wp-block-gallery-is-layout-flex\"> <figure class=\"wp-block-image size-large\"><img loading=\"lazy\" decoding=\"async\" width=\"720\" height=\"540\" data-id=\"17500\" src=\"https:\/\/www.agriculture-machine.com\/wp-content\/uploads\/2026\/03\/forage-baler-wrapper-machine.webp\" alt=\"Futterballenwickelmaschine\" class=\"wp-image-17500\" srcset=\"https:\/\/www.agriculture-machine.com\/wp-content\/uploads\/2026\/03\/forage-baler-wrapper-machine.webp 720w, https:\/\/www.agriculture-machine.com\/wp-content\/uploads\/2026\/03\/forage-baler-wrapper-machine-360x270.webp 360w, https:\/\/www.agriculture-machine.com\/wp-content\/uploads\/2026\/03\/forage-baler-wrapper-machine-240x180.webp 240w, https:\/\/www.agriculture-machine.com\/wp-content\/uploads\/2026\/03\/forage-baler-wrapper-machine-16x12.webp 16w\" sizes=\"auto, (max-width: 720px) 100vw, 720px\" \/><figcaption class=\"wp-element-caption\">Futterballenwickelmaschine<\/figcaption><\/figure>    <figure class=\"wp-block-image size-large\"><img loading=\"lazy\" decoding=\"async\" width=\"720\" height=\"540\" data-id=\"17501\" src=\"https:\/\/www.agriculture-machine.com\/wp-content\/uploads\/2026\/03\/silage-packing-baler-wrapper.webp\" alt=\"Silage-Verpackungsballenpresse\" class=\"wp-image-17501\" srcset=\"https:\/\/www.agriculture-machine.com\/wp-content\/uploads\/2026\/03\/silage-packing-baler-wrapper.webp 720w, https:\/\/www.agriculture-machine.com\/wp-content\/uploads\/2026\/03\/silage-packing-baler-wrapper-360x270.webp 360w, https:\/\/www.agriculture-machine.com\/wp-content\/uploads\/2026\/03\/silage-packing-baler-wrapper-240x180.webp 240w, https:\/\/www.agriculture-machine.com\/wp-content\/uploads\/2026\/03\/silage-packing-baler-wrapper-16x12.webp 16w\" sizes=\"auto, (max-width: 720px) 100vw, 720px\" \/><figcaption class=\"wp-element-caption\">Silage-Verpackungsballenpresse<\/figcaption><\/figure> <\/figure>    <h2 class=\"wp-block-heading\">Arbeitsprinzip des Rundballen-Silagewicklers<\/h2>    <ol class=\"wp-block-list\"> <li>Silage gelangt \u00fcber ein F\u00f6rderband in die Ballenkammer.<\/li>    <li>Das Material wird zu Standard-Rundballen komprimiert und vorbindet mit Schnur oder Kunststoffnetz.<\/li>    <li>Nach Abschluss des Bindevorgangs \u00f6ffnet sich die Kammert\u00fcr automatisch, sodass der Rundballen in die Wickelzone gelangen kann.<\/li>    <li>Eine doppelte Schicht Kunststofffolie umh\u00fcllt automatisch den Ballen, Dicke und Spannung sind \u00fcber das PLC-Steuerfeld einstellbar.<\/li>    <li>Nach Abschluss des Wickelvorgangs wird der Ballen automatisch entladen.<\/li>    <li>Der gesamte Prozess l\u00e4uft kontinuierlich ab, minimiert manuellen Aufwand und erh\u00f6ht die Produktionseffizienz.<\/li> <\/ol>    <figure class=\"wp-block-gallery has-nested-images columns-default is-cropped wp-block-gallery-4 is-layout-flex wp-block-gallery-is-layout-flex\"> <figure class=\"wp-block-image size-large\"><img loading=\"lazy\" decoding=\"async\" width=\"720\" height=\"540\" data-id=\"17505\" src=\"https:\/\/www.agriculture-machine.com\/wp-content\/uploads\/2026\/03\/silage-wrapping-hay-baler.webp\" alt=\"Silage-Wickelballenpresse\" class=\"wp-image-17505\" srcset=\"https:\/\/www.agriculture-machine.com\/wp-content\/uploads\/2026\/03\/silage-wrapping-hay-baler.webp 720w, https:\/\/www.agriculture-machine.com\/wp-content\/uploads\/2026\/03\/silage-wrapping-hay-baler-360x270.webp 360w, https:\/\/www.agriculture-machine.com\/wp-content\/uploads\/2026\/03\/silage-wrapping-hay-baler-240x180.webp 240w, https:\/\/www.agriculture-machine.com\/wp-content\/uploads\/2026\/03\/silage-wrapping-hay-baler-16x12.webp 16w\" sizes=\"auto, (max-width: 720px) 100vw, 720px\" \/><figcaption class=\"wp-element-caption\">Silage-Wickelballenpresse<\/figcaption><\/figure>    <figure class=\"wp-block-image size-large\"><img loading=\"lazy\" decoding=\"async\" width=\"720\" height=\"540\" data-id=\"17504\" src=\"https:\/\/www.agriculture-machine.com\/wp-content\/uploads\/2026\/03\/automatic-silage-baler-wrapper.webp\" alt=\"automatischer Silageballen- und Umreifungsmaschine\" class=\"wp-image-17504\" srcset=\"https:\/\/www.agriculture-machine.com\/wp-content\/uploads\/2026\/03\/automatic-silage-baler-wrapper.webp 720w, https:\/\/www.agriculture-machine.com\/wp-content\/uploads\/2026\/03\/automatic-silage-baler-wrapper-360x270.webp 360w, https:\/\/www.agriculture-machine.com\/wp-content\/uploads\/2026\/03\/automatic-silage-baler-wrapper-240x180.webp 240w, https:\/\/www.agriculture-machine.com\/wp-content\/uploads\/2026\/03\/automatic-silage-baler-wrapper-16x12.webp 16w\" sizes=\"auto, (max-width: 720px) 100vw, 720px\" \/><figcaption class=\"wp-element-caption\">automatischer Silageballen- und Umreifungsmaschine<\/figcaption><\/figure> <\/figure>    <h2 class=\"wp-block-heading\">Spezifikationen der T60 Silageverpackungsballenpresse<\/h2>    <figure class=\"wp-block-table is-style-stripes\"><table class=\"has-fixed-layout\"><tbody><tr><td><strong>Modell<\/strong><\/td><td><strong>9YDB-60-2<\/strong><\/td><\/tr><tr><td>Ballengr\u00f6\u00dfe<\/td><td>\u03a6550\u00d7550 mm<\/td><\/tr><tr><td>Ballengewicht<\/td><td>80-120 kg<\/td><\/tr><tr><td>Nennleistung<\/td><td>7,5kW-6<\/td><\/tr><tr><td>Kompressor-Motor<\/td><td>3 kW<\/td><\/tr><tr><td>Filmrollenanzahl<\/td><td>14 St\u00fcck<\/td><\/tr><tr><td>F\u00f6rderband (L\u00d7W)<\/td><td>2500\u00d763 mm<\/td><\/tr><tr><td>Wandst\u00e4rke<\/td><td>8 mm<\/td><\/tr><tr><td>Film-Umlaufradius<\/td><td>775 \u00b15 mm<\/td><\/tr><tr><td>Ausgabe<\/td><td>60-85 Ballen\/h<\/td><\/tr><tr><td>Gesamtgewicht<\/td><td>1700 kg<\/td><\/tr><tr><td>Filmbreite<\/td><td>600 mm<\/td><\/tr><tr><td>Silage-Folie<\/td><td>1800m\u00d7250mm\u00d725\u03bcm<\/td><\/tr><tr><td>Anzahl der R\u00e4der<\/td><td>2<\/td><\/tr><\/tbody><\/table><figcaption class=\"wp-element-caption\">Technische Parameter der neuen Silageverpackungsballenpresse-Verpackungsmaschine<\/figcaption><\/figure>    <p>Die T60 Traktor-aufgesetzte Silageballenpresse-Verpackungskombination, mit hoher Leistung, Doppel-Lagen-Wickelkapazit\u00e4t und vollelektrischem Antrieb, ist die ideale Wahl f\u00fcr Bauernh\u00f6fe und Silageverarbeitungszentren.<\/p>    <p class=\"translation-block\">Wir bieten auch andere Ballen- und Verpackermodelle an, wie den <strong><em><a href=\"https:\/\/www.agriculture-machine.com\/de\/baling-and-wrapping-machine\/\">TZ-55-52 Silage-Rundballenpresse<\/a><\/em><\/strong> und die <strong><em><a href=\"https:\/\/www.agriculture-machine.com\/de\/silage-round-baler-wrapper\/\">9YDB-60 Silageballenwickelmaschine<\/a><\/em><\/strong>, um den unterschiedlichen Produktionsanforderungen unserer Kunden gerecht zu werden. Bitte z\u00f6gern Sie nicht, jederzeit eine Anfrage zum Kauf zu stellen.<\/p>","protected":false},"excerpt":{"rendered":"<p>Der 9YDB-60-2 Doppel-Folien-Verpackungsballenpresse f\u00fcr Silage produziert \u03a655\u00d755 cm Rundballen mit einer Rate von 60-85 Ballen pro Stunde. Seine Doppel-Folien-Verpackung sorgt f\u00fcr eine stabile Futterfermentation.<\/p>","protected":false},"author":1,"featured_media":17506,"parent":0,"comment_status":"open","ping_status":"closed","template":"","tags":[772,591,807],"product-type":[876,908],"class_list":["post-17495","product","type-product","status-publish","has-post-thumbnail","hentry","tag-forage","tag-silage","tag-silage-bale","product-type-silage-machine","product-type-sliage-baler"],"_links":{"self":[{"href":"https:\/\/www.agriculture-machine.com\/de\/wp-json\/wp\/v2\/product\/17495","targetHints":{"allow":["GET"]}}],"collection":[{"href":"https:\/\/www.agriculture-machine.com\/de\/wp-json\/wp\/v2\/product"}],"about":[{"href":"https:\/\/www.agriculture-machine.com\/de\/wp-json\/wp\/v2\/types\/product"}],"author":[{"embeddable":true,"href":"https:\/\/www.agriculture-machine.com\/de\/wp-json\/wp\/v2\/users\/1"}],"replies":[{"embeddable":true,"href":"https:\/\/www.agriculture-machine.com\/de\/wp-json\/wp\/v2\/comments?post=17495"}],"wp:featuredmedia":[{"embeddable":true,"href":"https:\/\/www.agriculture-machine.com\/de\/wp-json\/wp\/v2\/media\/17506"}],"wp:attachment":[{"href":"https:\/\/www.agriculture-machine.com\/de\/wp-json\/wp\/v2\/media?parent=17495"}],"wp:term":[{"taxonomy":"post_tag","embeddable":true,"href":"https:\/\/www.agriculture-machine.com\/de\/wp-json\/wp\/v2\/tags?post=17495"},{"taxonomy":"product-type","embeddable":true,"href":"https:\/\/www.agriculture-machine.com\/de\/wp-json\/wp\/v2\/product-type?post=17495"}],"curies":[{"name":"wp","href":"https:\/\/api.w.org\/{rel}","templated":true}]}}