{"id":17514,"date":"2026-03-10T14:56:50","date_gmt":"2026-03-10T06:56:50","guid":{"rendered":"https:\/\/www.agriculture-machine.com\/?post_type=product&#038;p=17514"},"modified":"2026-03-10T14:58:45","modified_gmt":"2026-03-10T06:58:45","slug":"silage-baler-and-wrapper-machine","status":"publish","type":"product","link":"https:\/\/www.agriculture-machine.com\/de\/silage-baler-and-wrapper-machine\/","title":{"rendered":"9YDB-70 Silageballenpresse und -verpackungsmaschine"},"content":{"rendered":"<p>Das Modell 9YDB-70 Silageballenpresse und Verpackungsmaschine verarbeitet verschiedene Materialien, darunter Weizenstroh, Maisst\u00e4ngel und nat\u00fcrliches Futtergras, speziell f\u00fcr die Futterlagerung und Viehzucht. Es produziert Ballen mit \u03a670\u00d770cm, jeweils 150-200kg schwer. Es arbeitet mit hoher Effizienz bei 55-75 Ballen pro Stunde und steigert die Produktivit\u00e4t erheblich.<\/p>    <p>Fermentierte Strohballen sind besser f\u00fcr die Tierf\u00fctterung geeignet, bieten reichhaltige N\u00e4hrstoffe und eine bequeme Langzeitlagerung. Diese Maschine wurde nach Asien, Afrika und Europa exportiert, darunter Indonesien, die Philippinen, Portugal, die Niederlande, Nigeria und Simbabwe, und erhielt breite Anerkennung.<\/p>    <figure class=\"wp-block-embed aligncenter is-type-video is-provider-youtube wp-block-embed-youtube wp-embed-aspect-16-9 wp-has-aspect-ratio\"><div class=\"wp-block-embed__wrapper\"> <iframe loading=\"lazy\" title=\"Heavy-Duty Silage Baling &amp; Wrapping Machine | Large-Size Packaging Solution#silage #silagebaler\" width=\"500\" height=\"281\" src=\"https:\/\/www.youtube.com\/embed\/49EW7mGd7Gs?feature=oembed\" frameborder=\"0\" allow=\"accelerometer; autoplay; clipboard-write; encrypted-media; gyroscope; picture-in-picture; web-share\" referrerpolicy=\"strict-origin-when-cross-origin\" allowfullscreen><\/iframe> <\/div><figcaption class=\"wp-element-caption\">Arbeitsvideo der Modell 9YDB-70 Silageballenpresse und Verpackungsmaschine<\/figcaption><\/figure>    <h2 class=\"wp-block-heading\">Anwendungsszenarien f\u00fcr Silageballenmaschinen<\/h2>    <p>Die Silageballen- und Verpackungsmaschine wird h\u00e4ufig in der Viehzucht und bei der Verarbeitung von Getreidestroh verwendet, einschlie\u00dflich:<\/p>    <ul class=\"wp-block-list\"> <li>Vorbereitung von Silagefutter f\u00fcr Rinder, Schafe, Pferde und andere Nutztiere.<\/li>    <li>Ballen und Lagerung von Mais- und Weizengr\u00e4ben.<\/li>    <li>Effiziente Verarbeitung von nat\u00fcrlichem Weidegras nach der Ernte.<\/li>    <li>Gro\u00dffl\u00e4chige Lagerung und Transport von Stroh auf Bauernh\u00f6fen.<\/li> <\/ul>    <p>Dieses Ger\u00e4t eignet sich nicht nur f\u00fcr mittelgro\u00dfe bis gro\u00dfe landwirtschaftliche Betriebe, sondern auch f\u00fcr die Beseitigung von Abf\u00e4llen als Abfallmanagementl\u00f6sung.<\/p>    <figure class=\"wp-block-gallery has-nested-images columns-default is-cropped wp-block-gallery-2 is-layout-flex wp-block-gallery-is-layout-flex\"> <figure class=\"wp-block-image size-large\"><img loading=\"lazy\" decoding=\"async\" width=\"720\" height=\"540\" data-id=\"17519\" src=\"https:\/\/www.agriculture-machine.com\/wp-content\/uploads\/2026\/03\/hay-baler-and-wrapper.webp\" alt=\"Heupresse und Verpackung\" class=\"wp-image-17519\" srcset=\"https:\/\/www.agriculture-machine.com\/wp-content\/uploads\/2026\/03\/hay-baler-and-wrapper.webp 720w, https:\/\/www.agriculture-machine.com\/wp-content\/uploads\/2026\/03\/hay-baler-and-wrapper-360x270.webp 360w, https:\/\/www.agriculture-machine.com\/wp-content\/uploads\/2026\/03\/hay-baler-and-wrapper-240x180.webp 240w, https:\/\/www.agriculture-machine.com\/wp-content\/uploads\/2026\/03\/hay-baler-and-wrapper-16x12.webp 16w\" sizes=\"auto, (max-width: 720px) 100vw, 720px\" \/><figcaption class=\"wp-element-caption\">Heupresse und Verpackung<\/figcaption><\/figure>    <figure class=\"wp-block-image size-large\"><img loading=\"lazy\" decoding=\"async\" width=\"720\" height=\"540\" data-id=\"17518\" src=\"https:\/\/www.agriculture-machine.com\/wp-content\/uploads\/2026\/03\/forage-feed-bales.webp\" alt=\"Futterballen\" class=\"wp-image-17518\" srcset=\"https:\/\/www.agriculture-machine.com\/wp-content\/uploads\/2026\/03\/forage-feed-bales.webp 720w, https:\/\/www.agriculture-machine.com\/wp-content\/uploads\/2026\/03\/forage-feed-bales-360x270.webp 360w, https:\/\/www.agriculture-machine.com\/wp-content\/uploads\/2026\/03\/forage-feed-bales-240x180.webp 240w, https:\/\/www.agriculture-machine.com\/wp-content\/uploads\/2026\/03\/forage-feed-bales-16x12.webp 16w\" sizes=\"auto, (max-width: 720px) 100vw, 720px\" \/><figcaption class=\"wp-element-caption\">Futterballen<\/figcaption><\/figure> <\/figure>    <h2 class=\"wp-block-heading\">Vorteile der Silageballen- und Verpackungsmaschine<\/h2>    <ul class=\"wp-block-list\"> <li>Hocheffizienter Betrieb: 55-75 Ballen pro Stunde, was die Betriebseffizienz erheblich steigert.<\/li>    <li>Standardisierte Ballen: einheitliche \u03a670\u00d770cm Abmessungen mit stabilem Gewicht f\u00fcr einfache Lagerung und Transport.<\/li>    <li>Fermentationsoptimierung: bereit f\u00fcr die direkte Silageverarbeitung nach dem Ballen, verbessert den N\u00e4hrwert des Futters.<\/li>    <li>Optionale Konfigurationen: kompatibel mit Futtermischern, Aufz\u00fcgen und anderem Zubeh\u00f6r f\u00fcr vollautomatisierten Betrieb.<\/li>    <li>Vielseitige Anwendung: unterst\u00fctzt verschiedene Materialien wie Stroh, Futtergras und Maisst\u00e4ngel.<\/li>    <li>Platzsparendes Design: standardisierte Ballen erleichtern das Stapeln und die Lagerverwaltung.<\/li> <\/ul>    <figure class=\"wp-block-gallery has-nested-images columns-default is-cropped wp-block-gallery-3 is-layout-flex wp-block-gallery-is-layout-flex\"> <figure class=\"wp-block-image size-large\"><img loading=\"lazy\" decoding=\"async\" width=\"720\" height=\"540\" data-id=\"17521\" src=\"https:\/\/www.agriculture-machine.com\/wp-content\/uploads\/2026\/03\/silage-baler-and-wrapper-machine.webp\" alt=\"Silage-Baler und Wrapper-Maschine\" class=\"wp-image-17521\" srcset=\"https:\/\/www.agriculture-machine.com\/wp-content\/uploads\/2026\/03\/silage-baler-and-wrapper-machine.webp 720w, https:\/\/www.agriculture-machine.com\/wp-content\/uploads\/2026\/03\/silage-baler-and-wrapper-machine-360x270.webp 360w, https:\/\/www.agriculture-machine.com\/wp-content\/uploads\/2026\/03\/silage-baler-and-wrapper-machine-240x180.webp 240w, https:\/\/www.agriculture-machine.com\/wp-content\/uploads\/2026\/03\/silage-baler-and-wrapper-machine-16x12.webp 16w\" sizes=\"auto, (max-width: 720px) 100vw, 720px\" \/><figcaption class=\"wp-element-caption\">Silage-Baler und Wrapper-Maschine<\/figcaption><\/figure>    <figure class=\"wp-block-image size-large\"><img loading=\"lazy\" decoding=\"async\" width=\"720\" height=\"540\" data-id=\"17520\" src=\"https:\/\/www.agriculture-machine.com\/wp-content\/uploads\/2026\/03\/forage-baling-wrapping-machine.webp\" alt=\"Futterballenverpackungsmaschine\" class=\"wp-image-17520\" srcset=\"https:\/\/www.agriculture-machine.com\/wp-content\/uploads\/2026\/03\/forage-baling-wrapping-machine.webp 720w, https:\/\/www.agriculture-machine.com\/wp-content\/uploads\/2026\/03\/forage-baling-wrapping-machine-360x270.webp 360w, https:\/\/www.agriculture-machine.com\/wp-content\/uploads\/2026\/03\/forage-baling-wrapping-machine-240x180.webp 240w, https:\/\/www.agriculture-machine.com\/wp-content\/uploads\/2026\/03\/forage-baling-wrapping-machine-16x12.webp 16w\" sizes=\"auto, (max-width: 720px) 100vw, 720px\" \/><figcaption class=\"wp-element-caption\">Futterballenverpackungsmaschine<\/figcaption><\/figure> <\/figure>    <h2 class=\"wp-block-heading\">Wie funktioniert die Silage-Rundballenpresse?<\/h2>    <p>Die 9YDB-70 Silageballenpresse und Verpackungsmaschine besteht haupts\u00e4chlich aus folgenden Komponenten:<\/p>    <ul class=\"wp-block-list\"> <li>Ballen-Einheit: verantwortlich f\u00fcr das Verdichten der Rohstoffe zu stabilen Strohballen.<\/li>    <li>Verpackungsmechanismus: nutzt automatische Folien-Schneidetechnologie f\u00fcr das sechs-lagige Kunststofffolienwickeln.<\/li>    <li>Futterf\u00f6rderbandsystem: Standardkonfiguration mit einem F\u00f6rderband von 700\u00d72100mm, das eine kontinuierliche Materialzufuhr gew\u00e4hrleistet.<\/li>    <li>Elektrisches Steuerungssystem: Mehrmotoren mit Steuerkasten f\u00fcr pr\u00e4zise Bedienung.<\/li> <\/ul>    <p>Funktionsprinzip: Rohstoffe werden \u00fcber den F\u00f6rderband in die Presse transportiert, dort durch Rollen zu standardisierten Strohballen verdichtet und anschlie\u00dfend automatisch mit Kunststofffolie verpackt. Dieser effiziente, kontinuierliche Prozess ist ideal f\u00fcr die gro\u00dfindustrielle Futterproduktion.<\/p>    <figure class=\"wp-block-embed aligncenter is-type-video is-provider-youtube wp-block-embed-youtube wp-embed-aspect-16-9 wp-has-aspect-ratio\"><div class=\"wp-block-embed__wrapper\"> <iframe loading=\"lazy\" title=\"Silage-Futter-Baling Wrapper-Maschine Indonesien Feedback!#silage\" width=\"500\" height=\"281\" src=\"https:\/\/www.youtube.com\/embed\/RYShT_NtZWw?feature=oembed\" frameborder=\"0\" allow=\"accelerometer; autoplay; clipboard-write; encrypted-media; gyroscope; picture-in-picture; web-share\" referrerpolicy=\"strict-origin-when-cross-origin\" allowfullscreen><\/iframe> <\/div><figcaption class=\"wp-element-caption\">Kundenfeedback-Video zur Futterballen- und Verpackungsmaschine<\/figcaption><\/figure>    <h2 class=\"wp-block-heading\">Spezifikationen der Futterballen- und Verpackungsmaschine<\/h2>    <figure class=\"wp-block-table is-style-stripes\"><table class=\"has-fixed-layout\"><tbody><tr><td><strong>Artikel<\/strong><\/td><td><strong>Details<\/strong><\/td><\/tr><tr><td>Modell<\/td><td>9YJD-70<\/td><\/tr><tr><td>Leistung<\/td><td>11kw 0,55kw 0,75kw 3kw 0,37kw<\/td><\/tr><tr><td>Ballengr\u00f6\u00dfe<\/td><td>\u03a670*70cm<\/td><\/tr><tr><td>Ballengewicht<\/td><td>150-200 kg\/Bale<\/td><\/tr><tr><td>Kapazit\u00e4t<\/td><td>55-75 Ballen\/h<\/td><\/tr><tr><td>Volumen des Luftkompressors<\/td><td>0,36m\u00b3<\/td><\/tr><tr><td>F\u00f6rderband (B x L)<\/td><td>700*2100mm<\/td><\/tr><tr><td>Filmbeschnitt<\/td><td>Automatisch<\/td><\/tr><tr><td>Verpackungsleistung<\/td><td>6 Schichten, 22s pro Ballen<\/td><\/tr><tr><td>Maschinengr\u00f6\u00dfe<\/td><td>4500\u00d71900\u00d72000mm<\/td><\/tr><tr><td>Maschinengewicht<\/td><td>1100kg<\/td><\/tr><\/tbody><\/table><figcaption class=\"wp-element-caption\">Technische Parameter der 9YDB-70 Silageballenpresse und Verpackungsmaschine<\/figcaption><\/figure>    <figure class=\"wp-block-gallery has-nested-images columns-default is-cropped wp-block-gallery-4 is-layout-flex wp-block-gallery-is-layout-flex\"> <figure class=\"wp-block-image size-large\"><img loading=\"lazy\" decoding=\"async\" width=\"720\" height=\"540\" data-id=\"17522\" src=\"https:\/\/www.agriculture-machine.com\/wp-content\/uploads\/2026\/03\/forage-baler-wrapper.webp\" alt=\"Futterballenpresse und Verpackung\" class=\"wp-image-17522\" srcset=\"https:\/\/www.agriculture-machine.com\/wp-content\/uploads\/2026\/03\/forage-baler-wrapper.webp 720w, https:\/\/www.agriculture-machine.com\/wp-content\/uploads\/2026\/03\/forage-baler-wrapper-360x270.webp 360w, https:\/\/www.agriculture-machine.com\/wp-content\/uploads\/2026\/03\/forage-baler-wrapper-240x180.webp 240w, https:\/\/www.agriculture-machine.com\/wp-content\/uploads\/2026\/03\/forage-baler-wrapper-16x12.webp 16w\" sizes=\"auto, (max-width: 720px) 100vw, 720px\" \/><figcaption class=\"wp-element-caption\">Futterballenpresse und Verpackung<\/figcaption><\/figure>    <figure class=\"wp-block-image size-large\"><img loading=\"lazy\" decoding=\"async\" width=\"720\" height=\"540\" data-id=\"17523\" src=\"https:\/\/www.agriculture-machine.com\/wp-content\/uploads\/2026\/03\/silage-bales.webp\" alt=\"Silageballen\" class=\"wp-image-17523\" srcset=\"https:\/\/www.agriculture-machine.com\/wp-content\/uploads\/2026\/03\/silage-bales.webp 720w, https:\/\/www.agriculture-machine.com\/wp-content\/uploads\/2026\/03\/silage-bales-360x270.webp 360w, https:\/\/www.agriculture-machine.com\/wp-content\/uploads\/2026\/03\/silage-bales-240x180.webp 240w, https:\/\/www.agriculture-machine.com\/wp-content\/uploads\/2026\/03\/silage-bales-16x12.webp 16w\" sizes=\"auto, (max-width: 720px) 100vw, 720px\" \/><figcaption class=\"wp-element-caption\">Silageballen<\/figcaption><\/figure> <\/figure>    <h3 class=\"wp-block-heading\">Verbrauchsmaterialien (Kunststoffnetz &amp; Folie)<\/h3>    <figure class=\"wp-block-table is-style-stripes\"><table class=\"has-fixed-layout\"><tbody><tr><td><strong>Artikel<\/strong><\/td><td><strong>Kunststoffnetz<\/strong><\/td><td><strong>Folie<\/strong><\/td><\/tr><tr><td>Material<\/td><td>PE<\/td><td>PE<\/td><\/tr><tr><td>Breite<\/td><td>70cm<\/td><td>33cm<\/td><\/tr><tr><td>Dicke<\/td><td>25um<\/td><td>25um<\/td><\/tr><tr><td>Gewicht<\/td><td>10kg<\/td><td>11,4kg<\/td><\/tr><tr><td>Gesamtl\u00e4nge<\/td><td>1500m<\/td><td>1800m<\/td><\/tr><\/tbody><\/table><figcaption class=\"wp-element-caption\">Details zum Silageballen-Kunststoffnetz und -folie<\/figcaption><\/figure>    <figure class=\"wp-block-gallery has-nested-images columns-default is-cropped wp-block-gallery-5 is-layout-flex wp-block-gallery-is-layout-flex\"> <figure class=\"wp-block-image size-large\"><img loading=\"lazy\" decoding=\"async\" width=\"720\" height=\"540\" data-id=\"17524\" src=\"https:\/\/www.agriculture-machine.com\/wp-content\/uploads\/2026\/03\/silage-bale-packing-machine.webp\" alt=\"Silageballen-Verpackungsmaschine\" class=\"wp-image-17524\" srcset=\"https:\/\/www.agriculture-machine.com\/wp-content\/uploads\/2026\/03\/silage-bale-packing-machine.webp 720w, https:\/\/www.agriculture-machine.com\/wp-content\/uploads\/2026\/03\/silage-bale-packing-machine-360x270.webp 360w, https:\/\/www.agriculture-machine.com\/wp-content\/uploads\/2026\/03\/silage-bale-packing-machine-240x180.webp 240w, https:\/\/www.agriculture-machine.com\/wp-content\/uploads\/2026\/03\/silage-bale-packing-machine-16x12.webp 16w\" sizes=\"auto, (max-width: 720px) 100vw, 720px\" \/><figcaption class=\"wp-element-caption\">Silageballen-Verpackungsmaschine<\/figcaption><\/figure>    <figure class=\"wp-block-image size-large\"><img loading=\"lazy\" decoding=\"async\" width=\"720\" height=\"540\" data-id=\"17525\" src=\"https:\/\/www.agriculture-machine.com\/wp-content\/uploads\/2026\/03\/silage-baling-equipment.webp\" alt=\"Silageballen-Ausr\u00fcstung\" class=\"wp-image-17525\" srcset=\"https:\/\/www.agriculture-machine.com\/wp-content\/uploads\/2026\/03\/silage-baling-equipment.webp 720w, https:\/\/www.agriculture-machine.com\/wp-content\/uploads\/2026\/03\/silage-baling-equipment-360x270.webp 360w, https:\/\/www.agriculture-machine.com\/wp-content\/uploads\/2026\/03\/silage-baling-equipment-240x180.webp 240w, https:\/\/www.agriculture-machine.com\/wp-content\/uploads\/2026\/03\/silage-baling-equipment-16x12.webp 16w\" sizes=\"auto, (max-width: 720px) 100vw, 720px\" \/><figcaption class=\"wp-element-caption\">Silageballen-Ausr\u00fcstung<\/figcaption><\/figure> <\/figure>    <h2 class=\"wp-block-heading\">Passendes Zubeh\u00f6r<\/h2>    <p>F\u00fcr effiziente, automatisierte Futterverarbeitung kann die 9YDB-70 Silageballenpresse und Verpackungsmaschine mit folgendem Zubeh\u00f6r verwendet werden:<\/p>    <h3 class=\"wp-block-heading\"><em><a href=\"https:\/\/www.agriculture-machine.com\/de\/4-15t-h-grass-cutting-machine-cutting-wet-grass-grass-cutter\/\">Futterh\u00e4cksler<\/a><\/em><\/h3>    <ul class=\"wp-block-list\"> <li>Wird verwendet, um Rohstoffe wie Maisst\u00e4ngel und Futtergras zu zerkleinern, was das Ballen und Fermentieren erleichtert.<\/li>    <li>Verbessert die Ballenqualit\u00e4t und die Silageeffektivit\u00e4t erheblich.<\/li> <\/ul>    <h3 class=\"wp-block-heading\">Silage-Mischer\/Blender<\/h3>    <p>Wird verwendet, um mehrere Rohstoffe gleichm\u00e4\u00dfig zu mischen und die N\u00e4hrstoffbalance des Futters zu verbessern.<\/p>    <ul class=\"wp-block-list\"> <li>Leistung: 3kW<\/li>    <li>Kapazit\u00e4t: 3-5m\u00b3<\/li>    <li>Abmessungen: 3100\u00d71440\u00d71740mm<\/li>    <li>Gewicht: 500-800kg<\/li> <\/ul>    <figure class=\"wp-block-gallery has-nested-images columns-default is-cropped wp-block-gallery-6 is-layout-flex wp-block-gallery-is-layout-flex\"> <figure class=\"wp-block-image size-large\"><img loading=\"lazy\" decoding=\"async\" width=\"720\" height=\"540\" data-id=\"17527\" src=\"https:\/\/www.agriculture-machine.com\/wp-content\/uploads\/2026\/03\/silage-production-machine.webp\" alt=\"Silageproduktionsmaschine\" class=\"wp-image-17527\" srcset=\"https:\/\/www.agriculture-machine.com\/wp-content\/uploads\/2026\/03\/silage-production-machine.webp 720w, https:\/\/www.agriculture-machine.com\/wp-content\/uploads\/2026\/03\/silage-production-machine-360x270.webp 360w, https:\/\/www.agriculture-machine.com\/wp-content\/uploads\/2026\/03\/silage-production-machine-240x180.webp 240w, https:\/\/www.agriculture-machine.com\/wp-content\/uploads\/2026\/03\/silage-production-machine-16x12.webp 16w\" sizes=\"auto, (max-width: 720px) 100vw, 720px\" \/><figcaption class=\"wp-element-caption\">Silageproduktionsmaschine<\/figcaption><\/figure>    <figure class=\"wp-block-image size-large\"><img loading=\"lazy\" decoding=\"async\" width=\"720\" height=\"540\" data-id=\"17526\" src=\"https:\/\/www.agriculture-machine.com\/wp-content\/uploads\/2026\/03\/hay-baling-wrapping-equipment.webp\" alt=\"Heupressen und Verpackungsausr\u00fcstung\" class=\"wp-image-17526\" srcset=\"https:\/\/www.agriculture-machine.com\/wp-content\/uploads\/2026\/03\/hay-baling-wrapping-equipment.webp 720w, https:\/\/www.agriculture-machine.com\/wp-content\/uploads\/2026\/03\/hay-baling-wrapping-equipment-360x270.webp 360w, https:\/\/www.agriculture-machine.com\/wp-content\/uploads\/2026\/03\/hay-baling-wrapping-equipment-240x180.webp 240w, https:\/\/www.agriculture-machine.com\/wp-content\/uploads\/2026\/03\/hay-baling-wrapping-equipment-16x12.webp 16w\" sizes=\"auto, (max-width: 720px) 100vw, 720px\" \/><figcaption class=\"wp-element-caption\">Heupressen und Verpackungsausr\u00fcstung<\/figcaption><\/figure> <\/figure>    <h3 class=\"wp-block-heading\">Aufzug<\/h3>    <ul class=\"wp-block-list\"> <li>Transportiert zerkleinertes oder gemischtes Rohmaterial zum Ballen, sorgt f\u00fcr einen kontinuierlichen und effizienten Betrieb.<\/li>    <li>H\u00f6he und Winkel k\u00f6nnen flexibel an Standort und Betriebsanforderungen angepasst werden.<\/li> <\/ul>    <p>Durch die kombinierte Nutzung der oben genannten Ausr\u00fcstung erm\u00f6glicht die 9YDB-70 Silageballenpresse und Verpackungsmaschine vollumf\u00e4ngliche Prozesse von der Futteraufbereitung und -mischung bis zum Ballen und Verpacken, was die Betriebseffizienz steigert und die Futterqualit\u00e4t sichert.<\/p>    <h2 class=\"wp-block-heading\">Fazit<\/h2>    <p class=\"translation-block\">F\u00fcr Kunden, die unterschiedliche Ballengr\u00f6\u00dfen ben\u00f6tigen, bieten wir auch Modelle wie den <strong><em><a href=\"https:\/\/www.agriculture-machine.com\/de\/baling-and-wrapping-machine\/\">55-52 Rundfutterballenverpacker<\/a><\/em><\/strong> und die <strong><em><a href=\"https:\/\/www.agriculture-machine.com\/de\/silage-round-baler-wrapper\/\">9YDB-60 Silageballenverpackungsmaschine<\/a><\/em><\/strong> an, um vielf\u00e4ltige Bed\u00fcrfnisse von kleinen bis gro\u00dfen Futterballen zu erf\u00fcllen. Kontaktieren Sie uns gerne.<\/p>","protected":false},"excerpt":{"rendered":"<p>Die 9YDB-70 Silageballenpresse und -verpackungsmaschine kann Futterballen in den Ma\u00dfen 70 \u00d7 70 cm mit einem Gewicht von 150\u2013200 kg produzieren. Sie kann mit Mischern und F\u00f6rderern integriert werden, um vollautomatisierte, hocheffiziente Abl\u00e4ufe zu erreichen.<\/p>","protected":false},"author":1,"featured_media":17529,"parent":0,"comment_status":"open","ping_status":"closed","template":"","tags":[772,591,807],"product-type":[876,908],"class_list":["post-17514","product","type-product","status-publish","has-post-thumbnail","hentry","tag-forage","tag-silage","tag-silage-bale","product-type-silage-machine","product-type-sliage-baler"],"_links":{"self":[{"href":"https:\/\/www.agriculture-machine.com\/de\/wp-json\/wp\/v2\/product\/17514","targetHints":{"allow":["GET"]}}],"collection":[{"href":"https:\/\/www.agriculture-machine.com\/de\/wp-json\/wp\/v2\/product"}],"about":[{"href":"https:\/\/www.agriculture-machine.com\/de\/wp-json\/wp\/v2\/types\/product"}],"author":[{"embeddable":true,"href":"https:\/\/www.agriculture-machine.com\/de\/wp-json\/wp\/v2\/users\/1"}],"replies":[{"embeddable":true,"href":"https:\/\/www.agriculture-machine.com\/de\/wp-json\/wp\/v2\/comments?post=17514"}],"wp:featuredmedia":[{"embeddable":true,"href":"https:\/\/www.agriculture-machine.com\/de\/wp-json\/wp\/v2\/media\/17529"}],"wp:attachment":[{"href":"https:\/\/www.agriculture-machine.com\/de\/wp-json\/wp\/v2\/media?parent=17514"}],"wp:term":[{"taxonomy":"post_tag","embeddable":true,"href":"https:\/\/www.agriculture-machine.com\/de\/wp-json\/wp\/v2\/tags?post=17514"},{"taxonomy":"product-type","embeddable":true,"href":"https:\/\/www.agriculture-machine.com\/de\/wp-json\/wp\/v2\/product-type?post=17514"}],"curies":[{"name":"wp","href":"https:\/\/api.w.org\/{rel}","templated":true}]}}