{"id":17539,"date":"2026-03-10T17:53:39","date_gmt":"2026-03-10T09:53:39","guid":{"rendered":"https:\/\/www.agriculture-machine.com\/?post_type=product&#038;p=17539"},"modified":"2026-04-23T16:35:09","modified_gmt":"2026-04-23T08:35:09","slug":"large-forage-bale-wrapper","status":"publish","type":"product","link":"https:\/\/www.agriculture-machine.com\/de\/large-forage-bale-wrapper\/","title":{"rendered":"9YDB-90 Futterballenwickler | Silageballenwickelmaschine"},"content":{"rendered":"<p>Die 9YDB-90 Futterballenwickelmaschine ist eine Hochleistungseinheit zur Silageverarbeitung, speziell entwickelt f\u00fcr gro\u00dffl\u00e4chige Ranches und intensive Viehbetriebe. Sie erreicht hochdichte Verdichtungsballenbildung und automatisches Umwickeln von Stroh und Futter.<\/p>    <p>Dieses Ger\u00e4t produziert gro\u00dfe 90\u00d790 cm Silageballen, mit Einzelballengewichten von 300\u2013430 kg. Es arbeitet kontinuierlich mit 55\u201360 Ballen pro Stunde und einer Gesamtverarbeitungseffizienz von \u00fcber 23 Tonnen pro Stunde.<\/p>    <p>Ausgestattet mit einer Doppelwickelarm-Struktur und 28 Verdichtungsrollen sorgt die Maschine f\u00fcr dichtere Futterkompaktierung und stabilere Fermentation. Geeignet zur Verarbeitung von Maisstroh, Futtergr\u00e4sern, Silagekulturen und anderem Material, verl\u00e4ngert sie effektiv die Futterlagerdauer und minimiert N\u00e4hrstoffverluste.<\/p>    <figure class=\"wp-block-embed aligncenter is-type-video is-provider-youtube wp-block-embed-youtube wp-embed-aspect-16-9 wp-has-aspect-ratio\"><div class=\"wp-block-embed__wrapper\"> <iframe loading=\"lazy\" title=\"90\u00d790 cm Silage-Ballenwickler im Einsatz | Effiziente Silageballen-Wickelmaschine \ud83c\udf3e\ud83d\ude9c#silagebaler\" width=\"500\" height=\"281\" src=\"https:\/\/www.youtube.com\/embed\/3rCwcse_3QM?feature=oembed\" frameborder=\"0\" allow=\"accelerometer; autoplay; clipboard-write; encrypted-media; gyroscope; picture-in-picture; web-share\" referrerpolicy=\"strict-origin-when-cross-origin\" allowfullscreen><\/iframe> <\/div><figcaption class=\"wp-element-caption\">Arbeitsvideo der gro\u00dfformatigen 9YDB-90 Silage-Futterballenwickelmaschine<\/figcaption><\/figure>    <h2 class=\"wp-block-heading\">Anwendungsbereiche des 9YDB-90 Silagepressen-Ballenwicklers<\/h2>    <p>F\u00fcr Betriebe, die gro\u00dffl\u00e4chige Silagelagerung ben\u00f6tigen, verbessert der 9YDB-90 die Futterverarbeitungseffizienz deutlich:<\/p>    <ul class=\"wp-block-list\"> <li>Gro\u00dffl\u00e4chige Weidesilageproduktion<\/li>    <li>Futterlagerung f\u00fcr Rinder- und Schafbetriebe<\/li>    <li>Verarbeitung von Maisstroh zu Silage<\/li>    <li>Konservierung und Fermentation von nat\u00fcrlichem Weidegras<\/li>    <li>Ganzheitliche Strohnutzungsprojekte<\/li> <\/ul>    <p>Durch das Verdichten von Weidegras oder Stroh zu dichten Gro\u00dfballen und das Versiegeln mit Folie wird die Futterkonservierungszeit erheblich verl\u00e4ngert und die Transport- und Lagerkosten werden reduziert.<\/p>    <h2 class=\"wp-block-heading\">Highlights des 9YDB-90 Futterballenwicklers<\/h2>    <ul class=\"wp-block-list\"> <li>Gro\u00dfformatige Silageballen: in der Lage, gro\u00dfe Ballen mit einem Durchmesser von 90 cm zu produzieren, jeder \u00fcber 300 kg schwer, ideal f\u00fcr gro\u00dffl\u00e4chige Ranches.<\/li>    <li>Hochintensive Verdichtungsstruktur: Ausgestattet mit 28 Verdichtungsrollen erreicht sie eine hohe Futterkompaktierung f\u00fcr optimale Silagefermentation und langfristige Lagerung.<\/li>    <li>Doppelarm-Wickelsystem: das Design mit zwei Wickelarmen erh\u00f6ht die Wickelgeschwindigkeit und gew\u00e4hrleistet gleichzeitig eine gleichm\u00e4\u00dfige und stabile Abdeckung.<\/li>    <li>Hohe Verarbeitungskapazit\u00e4t: verarbeitet \u00fcber 23 Tonnen Rohmaterial pro Stunde, geeignet f\u00fcr gro\u00df angelegte Dauerbetriebe.<\/li>    <li>Hoher Automatisierungsgrad: nutzt einen koordinierten Antrieb mehrerer Motoren, um Zuf\u00fchrung, Verdichtung, Ballenbildung und Wickeln automatisch abzuschlie\u00dfen.<\/li>    <li>Versch\u00fcttungsr\u00fcckgewinnung: verf\u00fcgt \u00fcber eine Schaber-R\u00fcckgewinnungsvorrichtung, um Materialverluste zu minimieren und die Rohstoffnutzung zu maximieren.<\/li> <\/ul>    <figure class=\"wp-block-gallery has-nested-images columns-default is-cropped wp-block-gallery-2 is-layout-flex wp-block-gallery-is-layout-flex\"> <figure class=\"wp-block-image size-large\"><img loading=\"lazy\" decoding=\"async\" width=\"720\" height=\"540\" data-id=\"17534\" src=\"https:\/\/www.agriculture-machine.com\/wp-content\/uploads\/2026\/03\/silage-bale-packing-machine-1.webp\" alt=\"Silageballen-Verpackungsmaschine\" class=\"wp-image-17534\" srcset=\"https:\/\/www.agriculture-machine.com\/wp-content\/uploads\/2026\/03\/silage-bale-packing-machine-1.webp 720w, https:\/\/www.agriculture-machine.com\/wp-content\/uploads\/2026\/03\/silage-bale-packing-machine-1-360x270.webp 360w, https:\/\/www.agriculture-machine.com\/wp-content\/uploads\/2026\/03\/silage-bale-packing-machine-1-240x180.webp 240w, https:\/\/www.agriculture-machine.com\/wp-content\/uploads\/2026\/03\/silage-bale-packing-machine-1-16x12.webp 16w\" sizes=\"auto, (max-width: 720px) 100vw, 720px\" \/><figcaption class=\"wp-element-caption\">Silageballen-Verpackungsmaschine<\/figcaption><\/figure>    <figure class=\"wp-block-image size-large\"><img loading=\"lazy\" decoding=\"async\" width=\"720\" height=\"540\" data-id=\"17533\" src=\"https:\/\/www.agriculture-machine.com\/wp-content\/uploads\/2026\/03\/9YDB-90-forage-bale-wrapper.webp\" alt=\"9YDB-90 Futterballenwickler\" class=\"wp-image-17533\" srcset=\"https:\/\/www.agriculture-machine.com\/wp-content\/uploads\/2026\/03\/9YDB-90-forage-bale-wrapper.webp 720w, https:\/\/www.agriculture-machine.com\/wp-content\/uploads\/2026\/03\/9YDB-90-forage-bale-wrapper-360x270.webp 360w, https:\/\/www.agriculture-machine.com\/wp-content\/uploads\/2026\/03\/9YDB-90-forage-bale-wrapper-240x180.webp 240w, https:\/\/www.agriculture-machine.com\/wp-content\/uploads\/2026\/03\/9YDB-90-forage-bale-wrapper-16x12.webp 16w\" sizes=\"auto, (max-width: 720px) 100vw, 720px\" \/><figcaption class=\"wp-element-caption\">9YDB-90 Futterballenwickler<\/figcaption><\/figure> <\/figure>    <h2 class=\"wp-block-heading\">Aufbau der Futterpress- und Wickelmaschine<\/h2>    <ul class=\"wp-block-list\"> <li>F\u00f6rdersystem: ein gro\u00dfer Trichter mit einer Breite von \u00fcber 170 cm fasst gr\u00f6\u00dfere Futtermengen und erh\u00f6ht die Zuf\u00fchreffizienz.<\/li>    <li>Verdichtungs- und Ballensystem: bestehend aus mehreren Rollen- und Kettenbaugruppen erreicht es eine hochdichte Futterverdichtung zur Bildung stabiler Ballen.<\/li>    <li>Wickelsystem: Zwei Wickelarme in Kombination mit speziellem Futterfilm sorgen f\u00fcr schnelles, gleichm\u00e4\u00dfiges Umwickeln.<\/li>    <li>F\u00f6rderungssystem: Eine Tablettenbandf\u00f6rderer-Konstruktion sorgt f\u00fcr einen reibungslosen Ballentransport und erh\u00f6ht die gesamte Betriebsstabilit\u00e4t.<\/li>    <li>R\u00fcckgewinnungssystem: Eine Schaberartige Versch\u00fcttungserfassungsvorrichtung sammelt automatisch verstreutes Material.<\/li> <\/ul>    <h2 class=\"wp-block-heading\">Wie funktioniert dieser Futterballenwickler?<\/h2>    <ol class=\"wp-block-list\"> <li>W\u00e4hrend des Betriebs gelangt Stroh oder Futter durch einen weiten Einf\u00fclltrichter in den Hopper. Unter Einwirkung von Verdichtungsrollen wird es kontinuierlich komprimiert und allm\u00e4hlich zu hochdichten Ballen geformt.<\/li>    <li>Wenn der Ballen die voreingestellten Abmessungen erreicht, f\u00fchrt das System automatisch das Binden durch und bef\u00f6rdert ihn \u00fcber den F\u00f6rdermechanismus in den Wickelbereich.<\/li>    <li>Anschlie\u00dfend rotieren die zwei Wickelarme und umh\u00fcllen den Ballen gleichm\u00e4\u00dfig mit Silagefolie, um ein verschlossenes Silagepaket zu bilden.<\/li> <\/ol>    <figure class=\"wp-block-gallery has-nested-images columns-default is-cropped wp-block-gallery-3 is-layout-flex wp-block-gallery-is-layout-flex\"> <figure class=\"wp-block-image size-large\"><img loading=\"lazy\" decoding=\"async\" width=\"720\" height=\"540\" data-id=\"17535\" src=\"https:\/\/www.agriculture-machine.com\/wp-content\/uploads\/2026\/03\/automatic-hay-bale-wrapper.webp\" alt=\"automatische Heuballenwickelmaschine\" class=\"wp-image-17535\" srcset=\"https:\/\/www.agriculture-machine.com\/wp-content\/uploads\/2026\/03\/automatic-hay-bale-wrapper.webp 720w, https:\/\/www.agriculture-machine.com\/wp-content\/uploads\/2026\/03\/automatic-hay-bale-wrapper-360x270.webp 360w, https:\/\/www.agriculture-machine.com\/wp-content\/uploads\/2026\/03\/automatic-hay-bale-wrapper-240x180.webp 240w, https:\/\/www.agriculture-machine.com\/wp-content\/uploads\/2026\/03\/automatic-hay-bale-wrapper-16x12.webp 16w\" sizes=\"auto, (max-width: 720px) 100vw, 720px\" \/><figcaption class=\"wp-element-caption\">automatische Heuballenwickelmaschine<\/figcaption><\/figure>    <figure class=\"wp-block-image size-large\"><img loading=\"lazy\" decoding=\"async\" width=\"720\" height=\"540\" data-id=\"17536\" src=\"https:\/\/www.agriculture-machine.com\/wp-content\/uploads\/2026\/03\/silage-bale-wrapping-machine.webp\" alt=\"Silageballenwickelmaschine\" class=\"wp-image-17536\" srcset=\"https:\/\/www.agriculture-machine.com\/wp-content\/uploads\/2026\/03\/silage-bale-wrapping-machine.webp 720w, https:\/\/www.agriculture-machine.com\/wp-content\/uploads\/2026\/03\/silage-bale-wrapping-machine-360x270.webp 360w, https:\/\/www.agriculture-machine.com\/wp-content\/uploads\/2026\/03\/silage-bale-wrapping-machine-240x180.webp 240w, https:\/\/www.agriculture-machine.com\/wp-content\/uploads\/2026\/03\/silage-bale-wrapping-machine-16x12.webp 16w\" sizes=\"auto, (max-width: 720px) 100vw, 720px\" \/><figcaption class=\"wp-element-caption\">Silageballenwickelmaschine<\/figcaption><\/figure> <\/figure>    <h2 class=\"wp-block-heading\">Technische Parameter der Silagepressen-Ballenwickelmaschine<\/h2>    <figure class=\"wp-block-table is-style-stripes\"><table class=\"has-fixed-layout\"><tbody><tr><td><strong>Artikel<\/strong><\/td><td><strong>Details<\/strong><\/td><\/tr><tr><td>Modell<\/td><td>9YDB-90<\/td><\/tr><tr><td>Ballengr\u00f6\u00dfe<\/td><td>90 \u00d7 90 cm<\/td><\/tr><tr><td>Ballengewicht<\/td><td>300\u2013430 kg<\/td><\/tr><tr><td>Stundenleistung<\/td><td>55\u201360 Ballen<\/td><\/tr><tr><td>Betriebsleistung<\/td><td>\u226523 T\/h<\/td><\/tr><tr><td>Leistung<\/td><td>39 kW<\/td><\/tr><tr><td>Anzahl der Rollen<\/td><td>\u226528<\/td><\/tr><tr><td>Wickelarme<\/td><td>2<\/td><\/tr><tr><td>Trichterbreite<\/td><td>\u2265170 cm<\/td><\/tr><tr><td>Einf\u00fcll\u00f6ffnung<\/td><td>\u2265900 mm<\/td><\/tr><tr><td>Maschinengewicht<\/td><td>\u22654200 kg<\/td><\/tr><tr><td>Abmessungen (L\u00d7B\u00d7H)<\/td><td>\u22658100 \u00d7 2400 \u00d7 3100 mm<\/td><\/tr><\/tbody><\/table><figcaption class=\"wp-element-caption\">Spezifikationen des 9YDB-90 Modells Futterballenwickelmaschine<\/figcaption><\/figure>    <figure class=\"wp-block-gallery has-nested-images columns-default is-cropped wp-block-gallery-4 is-layout-flex wp-block-gallery-is-layout-flex\"> <figure class=\"wp-block-image size-large\"><img loading=\"lazy\" decoding=\"async\" width=\"720\" height=\"540\" data-id=\"17537\" src=\"https:\/\/www.agriculture-machine.com\/wp-content\/uploads\/2026\/03\/forage-baling-and-wrapping-machine.webp\" alt=\"Futterpress- und Wickelmaschine\" class=\"wp-image-17537\" srcset=\"https:\/\/www.agriculture-machine.com\/wp-content\/uploads\/2026\/03\/forage-baling-and-wrapping-machine.webp 720w, https:\/\/www.agriculture-machine.com\/wp-content\/uploads\/2026\/03\/forage-baling-and-wrapping-machine-360x270.webp 360w, https:\/\/www.agriculture-machine.com\/wp-content\/uploads\/2026\/03\/forage-baling-and-wrapping-machine-240x180.webp 240w, https:\/\/www.agriculture-machine.com\/wp-content\/uploads\/2026\/03\/forage-baling-and-wrapping-machine-16x12.webp 16w\" sizes=\"auto, (max-width: 720px) 100vw, 720px\" \/><figcaption class=\"wp-element-caption\">Futterpress- und Wickelmaschine<\/figcaption><\/figure>    <figure class=\"wp-block-image size-large\"><img loading=\"lazy\" decoding=\"async\" width=\"720\" height=\"540\" data-id=\"17538\" src=\"https:\/\/www.agriculture-machine.com\/wp-content\/uploads\/2026\/03\/large-round-bale-wrapper.webp\" alt=\"gro\u00dfer Rundballenwickler\" class=\"wp-image-17538\" srcset=\"https:\/\/www.agriculture-machine.com\/wp-content\/uploads\/2026\/03\/large-round-bale-wrapper.webp 720w, https:\/\/www.agriculture-machine.com\/wp-content\/uploads\/2026\/03\/large-round-bale-wrapper-360x270.webp 360w, https:\/\/www.agriculture-machine.com\/wp-content\/uploads\/2026\/03\/large-round-bale-wrapper-240x180.webp 240w, https:\/\/www.agriculture-machine.com\/wp-content\/uploads\/2026\/03\/large-round-bale-wrapper-16x12.webp 16w\" sizes=\"auto, (max-width: 720px) 100vw, 720px\" \/><figcaption class=\"wp-element-caption\">gro\u00dfer Rundballenwickler<\/figcaption><\/figure> <\/figure>    <h2 class=\"wp-block-heading\">Verschiedene Modelle von Press- und Wickelmaschinen<\/h2>    <p class=\"translation-block\">Die haupts\u00e4chlichen Unterschiede zwischen Modellen von Silageballenwicklern liegen in den Ballenabmessungen, dem Einzelballengewicht und der geeigneten Betriebsgr\u00f6\u00dfe. Weitere g\u00e4ngige Modelle sind der <strong><em><a href=\"https:\/\/www.agriculture-machine.com\/de\/baling-and-wrapping-machine\/\">55-52 Ballenwickelmaschine<\/a><\/em><\/strong>, <strong><em><a href=\"https:\/\/www.agriculture-machine.com\/de\/silage-round-baler-wrapper\/\">9YDB-60 Futterheu-Presse<\/a><\/em><\/strong> und <strong><em><a href=\"https:\/\/www.agriculture-machine.com\/de\/silage-baler-and-wrapper-machine\/\">9YDB-70 Silagepressen-Ballenwickelmaschine<\/a><\/em><\/strong>.<\/p>    <figure class=\"wp-block-table is-style-stripes\"><table class=\"has-fixed-layout\"><tbody><tr><td><strong>Modell<\/strong><\/td><td><strong>Ballengr\u00f6\u00dfe<\/strong><\/td><td><strong>Ballengewicht<\/strong><\/td><td><strong>Geeignete Betriebsgr\u00f6\u00dfe<\/strong><\/td><\/tr><tr><td><strong>55-52 Modell<\/strong><\/td><td>\u03a655 \u00d7 52 cm<\/td><td>80\u2013120 kg<\/td><td>Kleinbetriebe \/ Familienbetriebe<\/td><\/tr><tr><td><strong>9YDB-60 Modell<\/strong><\/td><td>\u03a660 \u00d7 52 cm<\/td><td>90\u2013140 kg<\/td><td>Kleinere bis mittlere H\u00f6fe<\/td><\/tr><tr><td><strong>9YDB-70 Modell<\/strong><\/td><td>\u03a670 \u00d7 70 cm<\/td><td>150\u2013200 kg<\/td><td>Mittlere H\u00f6fe<\/td><\/tr><tr><td><strong>9YDB-90 Modell<\/strong><\/td><td>90 \u00d7 90 cm<\/td><td>300\u2013430 kg<\/td><td>Gro\u00dfbetriebe \/ Silageverarbeitungswerke<\/td><\/tr><\/tbody><\/table><figcaption class=\"wp-element-caption\">Verschiedene Modelle von Silage-Futterballenwickelmaschinen<\/figcaption><\/figure>    <p class=\"translation-block\"><strong>Zusammenfassung<\/strong><\/p>    <ul class=\"wp-block-list\"> <li>Gr\u00f6\u00dferes Modell \u2192 Gr\u00f6\u00dferer Ballen \u2192 H\u00f6here Produktionskapazit\u00e4t<\/li>    <li>Kleine Modelle eignen sich f\u00fcr flexible Nutzung, gr\u00f6\u00dfere Modelle f\u00fcr gro\u00dffl\u00e4chige Silageproduktion.<\/li> <\/ul>    <p>Sie k\u00f6nnen das passende Ballenwickel-Modell basierend auf Ranchgr\u00f6\u00dfe, Transportmethoden und Futterbedarf ausw\u00e4hlen. Bitte kontaktieren Sie uns bei Bedarf.<\/p>","protected":false},"excerpt":{"rendered":"<p>Der 9YDB-90 Futterballenwickler produziert Ballen mit 90\u00d790 cm Durchmesser und 300\u2013430 kg Gewicht. Mit einer Kapazit\u00e4t von 55\u201360 Ballen pro Stunde ist er ideal f\u00fcr gro\u00dfe Ranches und Viehbetriebe.<\/p>","protected":false},"author":1,"featured_media":17663,"parent":0,"comment_status":"open","ping_status":"closed","template":"","tags":[772,591,807],"product-type":[876,908],"class_list":["post-17539","product","type-product","status-publish","has-post-thumbnail","hentry","tag-forage","tag-silage","tag-silage-bale","product-type-silage-machine","product-type-sliage-baler"],"_links":{"self":[{"href":"https:\/\/www.agriculture-machine.com\/de\/wp-json\/wp\/v2\/product\/17539","targetHints":{"allow":["GET"]}}],"collection":[{"href":"https:\/\/www.agriculture-machine.com\/de\/wp-json\/wp\/v2\/product"}],"about":[{"href":"https:\/\/www.agriculture-machine.com\/de\/wp-json\/wp\/v2\/types\/product"}],"author":[{"embeddable":true,"href":"https:\/\/www.agriculture-machine.com\/de\/wp-json\/wp\/v2\/users\/1"}],"replies":[{"embeddable":true,"href":"https:\/\/www.agriculture-machine.com\/de\/wp-json\/wp\/v2\/comments?post=17539"}],"wp:featuredmedia":[{"embeddable":true,"href":"https:\/\/www.agriculture-machine.com\/de\/wp-json\/wp\/v2\/media\/17663"}],"wp:attachment":[{"href":"https:\/\/www.agriculture-machine.com\/de\/wp-json\/wp\/v2\/media?parent=17539"}],"wp:term":[{"taxonomy":"post_tag","embeddable":true,"href":"https:\/\/www.agriculture-machine.com\/de\/wp-json\/wp\/v2\/tags?post=17539"},{"taxonomy":"product-type","embeddable":true,"href":"https:\/\/www.agriculture-machine.com\/de\/wp-json\/wp\/v2\/product-type?post=17539"}],"curies":[{"name":"wp","href":"https:\/\/api.w.org\/{rel}","templated":true}]}}