{"id":17544,"date":"2026-03-17T17:53:56","date_gmt":"2026-03-17T09:53:56","guid":{"rendered":"https:\/\/www.agriculture-machine.com\/?post_type=product&#038;p=17544"},"modified":"2026-04-07T17:00:03","modified_gmt":"2026-04-07T09:00:03","slug":"cow-dung-cleaning-machine","status":"publish","type":"product","link":"https:\/\/www.agriculture-machine.com\/de\/cow-dung-cleaning-machine\/","title":{"rendered":"Kuhmist-Reinigungsmaschine | Viehmist-Sammler"},"content":{"rendered":"<p>Eine Kuhmist-Reinigungsmaschine ist ein automatisiertes Mistentfernungssystem, das speziell f\u00fcr moderne Viehzuchtbetriebe entwickelt wurde. Es wird haupts\u00e4chlich f\u00fcr die zentrale Sammlung und den Transport von Mist in Viehzuchtumgebungen wie Rinderst\u00e4llen, Schafsh\u00fctten und Viehzuchtbetrieben verwendet.<\/p>    <p>Das Ger\u00e4t integriert Mistaufnahme, -bef\u00f6rderung, -transport und -selbstausladung in einer Einheit. Durch eine vorne montierte Schneckenaufnahmevorrichtung und ein Ketten-Schaberf\u00f6rderersystem sammelt es schnell Mist und bef\u00f6rdert ihn in den hinteren Beh\u00e4lter, was hoch effiziente Reinigungsarbeiten erm\u00f6glicht.<\/p>    <p>Im Vergleich zu herk\u00f6mmlichen manuellen Mistentfernungsmethoden verbessert diese Ausr\u00fcstung die Reinigungsleistung erheblich. Zum Beispiel kann das 3\u202fm\u00b3-Modell eine volle Ladung Mist in 3\u20135 Minuten erledigen, w\u00e4hrend das 5\u202fm\u00b3-Modell etwa 5\u20138 Minuten ben\u00f6tigt.<\/p>    <figure class=\"wp-block-embed aligncenter is-type-video is-provider-youtube wp-block-embed-youtube wp-embed-aspect-16-9 wp-has-aspect-ratio\"><div class=\"wp-block-embed__wrapper\"> <iframe loading=\"lazy\" title=\"Efficient Cow &amp; Sheep Manure Cleaning Machine | Smart Farm Cleaning Equipment \ud83d\ude9c\ud83d\udc04#cleaner\" width=\"500\" height=\"281\" src=\"https:\/\/www.youtube.com\/embed\/Np55Evcl7-o?feature=oembed\" frameborder=\"0\" allow=\"accelerometer; autoplay; clipboard-write; encrypted-media; gyroscope; picture-in-picture; web-share\" referrerpolicy=\"strict-origin-when-cross-origin\" allowfullscreen><\/iframe> <\/div><figcaption class=\"wp-element-caption\">Video zur Funktionsweise des Kuhmist-Reinigungsger\u00e4ts<\/figcaption><\/figure>    <p>Das gesamte Ger\u00e4t ist dieselbetrieben und kompatibel mit Dreirad- oder Vierradfahrzeugen. Der Betrieb ist einfach, er erfordert nur eine Person, um die Mistentfernung durchzuf\u00fchren, was die Arbeitskosten erheblich senkt und die Hygiene auf dem Hof verbessert sowie die Standards der Tierhaltung erh\u00f6ht.<\/p>    <h2 class=\"wp-block-heading\">Anwendungen der Kuhmist-Reinigungsmaschine<\/h2>    <p>Mist-Sammelfahrzeuge werden haupts\u00e4chlich f\u00fcr die Mistentfernung und den Transport in verschiedenen Viehzuchtbetrieben verwendet und sind f\u00fcr die folgenden Szenarien geeignet:<\/p>    <ul class=\"wp-block-list\"> <li>Milchviehzuchtbetriebe<\/li>    <li>Rinderzuchtbetriebe<\/li>    <li>Schafzuchtbetriebe und Viehzuchtbetriebsst\u00e4tten<\/li>    <li>Gro\u00dfranches und standardisierte Viehzuchtbetriebe<\/li>    <li>Zentrale Viehmist-Behandlungsanlagen<\/li> <\/ul>    <p>Diese Kuhmistreinigungsmaschine kann schnell Mist und Abf\u00e4lle, die sich auf dem Boden der Rinderst\u00e4lle ansammeln, entfernen und zu den vorgesehenen Behandlungsbereichen transportieren, um eine saubere und hygienische Landwirtschaftsumgebung zu gew\u00e4hrleisten.<\/p>    <figure class=\"wp-block-gallery has-nested-images columns-default is-cropped wp-block-gallery-2 is-layout-flex wp-block-gallery-is-layout-flex\"> <figure class=\"wp-block-image size-large\"><img loading=\"lazy\" decoding=\"async\" width=\"720\" height=\"540\" data-id=\"17549\" src=\"https:\/\/www.agriculture-machine.com\/wp-content\/uploads\/2026\/03\/cattle-manure-scraper.webp\" alt=\"Rindermist-Schaber\" class=\"wp-image-17549\" srcset=\"https:\/\/www.agriculture-machine.com\/wp-content\/uploads\/2026\/03\/cattle-manure-scraper.webp 720w, https:\/\/www.agriculture-machine.com\/wp-content\/uploads\/2026\/03\/cattle-manure-scraper-360x270.webp 360w, https:\/\/www.agriculture-machine.com\/wp-content\/uploads\/2026\/03\/cattle-manure-scraper-240x180.webp 240w, https:\/\/www.agriculture-machine.com\/wp-content\/uploads\/2026\/03\/cattle-manure-scraper-16x12.webp 16w\" sizes=\"auto, (max-width: 720px) 100vw, 720px\" \/><figcaption class=\"wp-element-caption\">Rindermist-Schaber<\/figcaption><\/figure>    <figure class=\"wp-block-image size-large\"><img loading=\"lazy\" decoding=\"async\" width=\"720\" height=\"540\" data-id=\"17548\" src=\"https:\/\/www.agriculture-machine.com\/wp-content\/uploads\/2026\/03\/cattle-farm-cleaning-equipment.webp\" alt=\"Rinderzuchtbetrieb-Reinigungsger\u00e4te\" class=\"wp-image-17548\" srcset=\"https:\/\/www.agriculture-machine.com\/wp-content\/uploads\/2026\/03\/cattle-farm-cleaning-equipment.webp 720w, https:\/\/www.agriculture-machine.com\/wp-content\/uploads\/2026\/03\/cattle-farm-cleaning-equipment-360x270.webp 360w, https:\/\/www.agriculture-machine.com\/wp-content\/uploads\/2026\/03\/cattle-farm-cleaning-equipment-240x180.webp 240w, https:\/\/www.agriculture-machine.com\/wp-content\/uploads\/2026\/03\/cattle-farm-cleaning-equipment-16x12.webp 16w\" sizes=\"auto, (max-width: 720px) 100vw, 720px\" \/><figcaption class=\"wp-element-caption\">Rinderzuchtbetrieb-Reinigungsger\u00e4te<\/figcaption><\/figure> <\/figure>    <h2 class=\"wp-block-heading\">Vorteile der Mistentfernungsmaschine<\/h2>    <ul class=\"wp-block-list\"> <li>Hocheffiziente Mistentfernung: Nutzung einer Spiral-Sammelvorrichtung   Ketten-Schaberf\u00f6rderer-Struktur, die die Mistaufnahme und den Transport schnell abschlie\u00dft und die Reinigungsleistung auf dem Hof verbessert.<\/li>    <li>Arbeitskosteneinsparungen: Es ist nur ein Bediener erforderlich, um Mist zu entfernen, zu transportieren und zu entladen, was die Arbeitsanforderungen erheblich reduziert.<\/li>    <li>Hochkapazit\u00e4ts-Transportdesign: Ausgestattet mit einem 3\u202fm\u00b3 oder 5\u202fm\u00b3 Hochleistungskippbeh\u00e4lter, kann es gro\u00dfe Mengen Mist in einem einzigen Durchgang transportieren und so die Anzahl der Fahrten reduzieren.<\/li>    <li>Robustes Konstruktionsdesign: Das gesamte Ger\u00e4t verf\u00fcgt \u00fcber eine hochfeste Stahlkonstruktion und verschlei\u00dffeste Schabeketten, die Korrosionsbest\u00e4ndigkeit, Verschlei\u00dffestigkeit und eine lange Lebensdauer bieten.<\/li>    <li>Anpassungsf\u00e4higkeit an komplexe Farmumgebungen: Mit leistungsstarker Leistung ist die Ausr\u00fcstung f\u00fcr Betriebe verschiedener Gr\u00f6\u00dfen und komplexer Bodenverh\u00e4ltnisse geeignet und sorgt f\u00fcr einen stabilen und zuverl\u00e4ssigen Betrieb.<\/li> <\/ul>    <figure class=\"wp-block-gallery has-nested-images columns-default is-cropped wp-block-gallery-3 is-layout-flex wp-block-gallery-is-layout-flex\"> <figure class=\"wp-block-image size-large\"><img loading=\"lazy\" decoding=\"async\" width=\"720\" height=\"540\" data-id=\"17550\" src=\"https:\/\/www.agriculture-machine.com\/wp-content\/uploads\/2026\/03\/cow-dung-cleaner.webp\" alt=\"Kuhmist-Reiniger\" class=\"wp-image-17550\" srcset=\"https:\/\/www.agriculture-machine.com\/wp-content\/uploads\/2026\/03\/cow-dung-cleaner.webp 720w, https:\/\/www.agriculture-machine.com\/wp-content\/uploads\/2026\/03\/cow-dung-cleaner-360x270.webp 360w, https:\/\/www.agriculture-machine.com\/wp-content\/uploads\/2026\/03\/cow-dung-cleaner-240x180.webp 240w, https:\/\/www.agriculture-machine.com\/wp-content\/uploads\/2026\/03\/cow-dung-cleaner-16x12.webp 16w\" sizes=\"auto, (max-width: 720px) 100vw, 720px\" \/><figcaption class=\"wp-element-caption\">Kuhmist-Reiniger<\/figcaption><\/figure>    <figure class=\"wp-block-image size-large\"><img loading=\"lazy\" decoding=\"async\" width=\"720\" height=\"540\" data-id=\"17551\" src=\"https:\/\/www.agriculture-machine.com\/wp-content\/uploads\/2026\/03\/cow-shed-cleaning-machine.webp\" alt=\"Kuhstall-Reinigungsmaschine\" class=\"wp-image-17551\" srcset=\"https:\/\/www.agriculture-machine.com\/wp-content\/uploads\/2026\/03\/cow-shed-cleaning-machine.webp 720w, https:\/\/www.agriculture-machine.com\/wp-content\/uploads\/2026\/03\/cow-shed-cleaning-machine-360x270.webp 360w, https:\/\/www.agriculture-machine.com\/wp-content\/uploads\/2026\/03\/cow-shed-cleaning-machine-240x180.webp 240w, https:\/\/www.agriculture-machine.com\/wp-content\/uploads\/2026\/03\/cow-shed-cleaning-machine-16x12.webp 16w\" sizes=\"auto, (max-width: 720px) 100vw, 720px\" \/><figcaption class=\"wp-element-caption\">Kuhstall-Reinigungsmaschine<\/figcaption><\/figure> <\/figure>    <h2 class=\"wp-block-heading\">Funktionsprinzip des Kuhmist-Reinigers<\/h2>    <p>Die Kuhmist-Reinigungsmaschine f\u00fchrt haupts\u00e4chlich automatische Mistentfernung durch eine Spiral-Sammelvorrichtung, ein Ketten-Schaberf\u00f6rderersystem und einen hydraulischen Kippmechanismus aus. Der spezifische Prozess ist wie folgt:<\/p>    <ol class=\"wp-block-list\"> <li>Der Bediener startet das Ger\u00e4t und f\u00e4hrt das Mistaufnahmefahrzeug in den Stallgang.<\/li>    <li>Der vorne montierte Spiral-Sammler sammelt Mist vom Boden, w\u00e4hrend sich das Fahrzeug vorw\u00e4rts bewegt.<\/li>    <li>Der Mist wird \u00fcber das Ketten-Schaber-F\u00f6rderersystem in den hinteren Beh\u00e4lter transportiert.<\/li>    <li>Sobald der Beh\u00e4lter voll ist, bewegt sich das Fahrzeug zu einem vorgesehenen Bereich.<\/li>    <li>Das hydraulische Kipp-System entl\u00e4dt den Mist automatisch.<\/li> <\/ol>    <p>Der gesamte Prozess ist hochautomatisiert, was eine kontinuierliche Mistaufnahme und -transport erm\u00f6glicht.<\/p>    <figure class=\"wp-block-gallery has-nested-images columns-default is-cropped wp-block-gallery-4 is-layout-flex wp-block-gallery-is-layout-flex\"> <figure class=\"wp-block-image size-large\"><img loading=\"lazy\" decoding=\"async\" width=\"720\" height=\"540\" data-id=\"17553\" src=\"https:\/\/www.agriculture-machine.com\/wp-content\/uploads\/2026\/03\/manure-collector-machine.webp\" alt=\"Mist-Sammlerger\u00e4t\" class=\"wp-image-17553\" srcset=\"https:\/\/www.agriculture-machine.com\/wp-content\/uploads\/2026\/03\/manure-collector-machine.webp 720w, https:\/\/www.agriculture-machine.com\/wp-content\/uploads\/2026\/03\/manure-collector-machine-360x270.webp 360w, https:\/\/www.agriculture-machine.com\/wp-content\/uploads\/2026\/03\/manure-collector-machine-240x180.webp 240w, https:\/\/www.agriculture-machine.com\/wp-content\/uploads\/2026\/03\/manure-collector-machine-16x12.webp 16w\" sizes=\"auto, (max-width: 720px) 100vw, 720px\" \/><figcaption class=\"wp-element-caption\">Mist-Sammlerger\u00e4t<\/figcaption><\/figure>    <figure class=\"wp-block-image size-large\"><img loading=\"lazy\" decoding=\"async\" width=\"720\" height=\"540\" data-id=\"17552\" src=\"https:\/\/www.agriculture-machine.com\/wp-content\/uploads\/2026\/03\/cow-dung-cleaning-machine.webp\" alt=\"Kuhmist-Reinigungsmaschine\" class=\"wp-image-17552\" srcset=\"https:\/\/www.agriculture-machine.com\/wp-content\/uploads\/2026\/03\/cow-dung-cleaning-machine.webp 720w, https:\/\/www.agriculture-machine.com\/wp-content\/uploads\/2026\/03\/cow-dung-cleaning-machine-360x270.webp 360w, https:\/\/www.agriculture-machine.com\/wp-content\/uploads\/2026\/03\/cow-dung-cleaning-machine-240x180.webp 240w, https:\/\/www.agriculture-machine.com\/wp-content\/uploads\/2026\/03\/cow-dung-cleaning-machine-16x12.webp 16w\" sizes=\"auto, (max-width: 720px) 100vw, 720px\" \/><figcaption class=\"wp-element-caption\">Kuhmist-Reinigungsmaschine<\/figcaption><\/figure> <\/figure>    <h2 class=\"wp-block-heading\">Spezifikationen der Viehmist-Reinigungsmaschine<\/h2>    <figure class=\"wp-block-table is-style-stripes\"><table class=\"has-fixed-layout\"><tbody><tr><td><strong>Modell<\/strong><\/td><td><strong>QF-3<\/strong><\/td><td><strong>QF-5<\/strong><\/td><\/tr><tr><td>Karrenvolumen<\/td><td>3 m\u00b3<\/td><td>5\u202fm\u00b3<\/td><\/tr><tr><td>Abmessung<\/td><td>4500\u00d71450\u00d72450\u202fmm<\/td><td>5200\u00d72200\u00d72600\u202fmm<\/td><\/tr><tr><td>Leistung<\/td><td>25\u202fPS Dieselmotor<\/td><td>Dieselmotor<\/td><\/tr><tr><td>Gehende Antriebskraft<\/td><td>Dreirad<\/td><td>Vierzylinder-LKW<\/td><\/tr><tr><td>Produktionskapazit\u00e4t<\/td><td>3\u20135 Min.\/Fahrzeug<\/td><td>5\u20138 Min.\/Fahrzeug<\/td><\/tr><tr><td>Mist-Reinigungsbreite<\/td><td>1500\u202fmm<\/td><td>2000\u202fmm<\/td><\/tr><tr><td>Anzahl der Reifen<\/td><td>3 St\u00fcck<\/td><td>4 St\u00fcck<\/td><\/tr><tr><td>Mist-Sammelsystem<\/td><td>Schnecken-   Ketten-Schaber-F\u00f6rderer<\/td><td>Schnecken-   Ketten-Schaber-F\u00f6rderer<\/td><\/tr><tr><td>Entladeverfahren<\/td><td>Hydraulisches Kippen<\/td><td>Hydraulisches Kippen<\/td><\/tr><\/tbody><\/table><figcaption class=\"wp-element-caption\">Technische Parameter der Kuhmist-Reinigungsmaschine<\/figcaption><\/figure>    <h2 class=\"wp-block-heading\">Warum sollten Sie uns w\u00e4hlen?<\/h2>    <p>Die Wahl unserer Kuhmist-Reinigungsmaschine bietet Betrieben eine stabile und zuverl\u00e4ssige Mistmanagementl\u00f6sung:<\/p>    <ul class=\"wp-block-list\"> <li>Bew\u00e4hrte Fertigungserfahrung: Mit jahrelanger Erfahrung in der Herstellung von Viehzuchtmaschinen werden unsere Produkte in mehrere L\u00e4nder exportiert.<\/li>    <li>Mehrere Modelloptionen: Wir bieten Ger\u00e4te in verschiedenen Spezifikationen, wie z.B. 3\u202fm\u00b3 und 5\u202fm\u00b3, um die Bed\u00fcrfnisse verschiedener Betriebe zu erf\u00fcllen.<\/li>    <li>Hochwertige Kernkomponenten: ausgestattet mit verschlei\u00dffesten Schabeketten und einem hochwertigen Antriebssystem f\u00fcr einen stabilen Betrieb.<\/li>    <li>Kundenspezifische Dienstleistungen: Wir unterst\u00fctzen die Anpassung der Mistaufnahmebreite, Kapazit\u00e4t und des Fahrgestelltyps entsprechend der Betriebsgr\u00f6\u00dfe.<\/li>    <li>Umfassender After-Sales-Support: Wir bieten technische Beratung, Installationsunterst\u00fctzung und langfristige Wartungsdienste.<\/li> <\/ul>    <p class=\"translation-block\">Neben einer effizienten Mistsammlung kann der verarbeitete Abfall mit unserem Miststreuer-LKW f\u00fcr die Feldanwendung weiter genutzt werden. F\u00fcr weitere Details klicken Sie bitte: <a href=\"https:\/\/www.agriculture-machine.com\/de\/fertilizer-spreader-truck\/\"><strong><em>D\u00fcngerstreuer-LKW | Traktor Miststreu Maschine<\/em><\/strong><\/a>. Bitte z\u00f6gern Sie nicht, uns zu kontaktieren, wenn Sie Fragen haben.<\/p>","protected":false},"excerpt":{"rendered":"<p>Die Kuhmist-Reinigungsmaschine ist geeignet f\u00fcr Milchviehbetriebe, Rinderfarmen und Gro\u00dfranches. Sie kann eine volle Ladung Mist in 3\u20138 Minuten entfernen, wodurch die Arbeitskosten effektiv gesenkt und die landwirtschaftliche Umgebung verbessert werden.<\/p>","protected":false},"author":1,"featured_media":17618,"parent":0,"comment_status":"open","ping_status":"closed","template":"","tags":[2646],"product-type":[162,2],"class_list":["post-17544","product","type-product","status-publish","has-post-thumbnail","hentry","tag-manure","product-type-other-type","product-type-products"],"_links":{"self":[{"href":"https:\/\/www.agriculture-machine.com\/de\/wp-json\/wp\/v2\/product\/17544","targetHints":{"allow":["GET"]}}],"collection":[{"href":"https:\/\/www.agriculture-machine.com\/de\/wp-json\/wp\/v2\/product"}],"about":[{"href":"https:\/\/www.agriculture-machine.com\/de\/wp-json\/wp\/v2\/types\/product"}],"author":[{"embeddable":true,"href":"https:\/\/www.agriculture-machine.com\/de\/wp-json\/wp\/v2\/users\/1"}],"replies":[{"embeddable":true,"href":"https:\/\/www.agriculture-machine.com\/de\/wp-json\/wp\/v2\/comments?post=17544"}],"wp:featuredmedia":[{"embeddable":true,"href":"https:\/\/www.agriculture-machine.com\/de\/wp-json\/wp\/v2\/media\/17618"}],"wp:attachment":[{"href":"https:\/\/www.agriculture-machine.com\/de\/wp-json\/wp\/v2\/media?parent=17544"}],"wp:term":[{"taxonomy":"post_tag","embeddable":true,"href":"https:\/\/www.agriculture-machine.com\/de\/wp-json\/wp\/v2\/tags?post=17544"},{"taxonomy":"product-type","embeddable":true,"href":"https:\/\/www.agriculture-machine.com\/de\/wp-json\/wp\/v2\/product-type?post=17544"}],"curies":[{"name":"wp","href":"https:\/\/api.w.org\/{rel}","templated":true}]}}