{"id":17559,"date":"2026-03-20T15:51:29","date_gmt":"2026-03-20T07:51:29","guid":{"rendered":"https:\/\/www.agriculture-machine.com\/?post_type=product&#038;p=17559"},"modified":"2026-03-20T15:52:07","modified_gmt":"2026-03-20T07:52:07","slug":"fertilizer-spreader-truck","status":"publish","type":"product","link":"https:\/\/www.agriculture-machine.com\/de\/fertilizer-spreader-truck\/","title":{"rendered":"D\u00fcngerstreuer-LKW | Traktor-Miststreuer"},"content":{"rendered":"<p>Der D\u00fcngerstreuer-LKW ist breit einsetzbar f\u00fcr verschiedene Arten von D\u00fcngemitteln, einschlie\u00dflich Trocken- und Nassmist, organischer D\u00fcnger, granuliertem D\u00fcnger und chemischem D\u00fcnger. Er eignet sich f\u00fcr gro\u00dffl\u00e4chige D\u00fcngungsarbeiten bei landwirtschaftlichen Genossenschaften, gro\u00dfen Anbaufl\u00e4chen und Viehzuchtbetrieben.<\/p>    <p>Dieses Ger\u00e4t verf\u00fcgt \u00fcber eine Dreipunktaufnahme und einen PTO-Antrieb, kompatibel mit Traktoren ab 50 PS. Es bietet mehrere Kapazit\u00e4tsoptionen \u2013 3 m\u00b3, 6 m\u00b3, 8 m\u00b3, 10 m\u00b3 und 12 m\u00b3 \u2013 mit einer Verbreiterung von 4\u201316 Metern. <\/p>    <p>Am Beispiel des 6 m\u00b3 Modells kann eine einzelne Ladung D\u00fcnger in 5\u201310 Minuten verteilt werden. Es kann t\u00e4glich eine Fl\u00e4che von etwa 500 Mu abdecken, was die D\u00fcngungseffizienz erheblich verbessert und die Arbeitskosten senkt.<\/p>    <figure class=\"wp-block-embed aligncenter is-type-video is-provider-youtube wp-block-embed-youtube wp-embed-aspect-16-9 wp-has-aspect-ratio\"><div class=\"wp-block-embed__wrapper\"> <iframe loading=\"lazy\" title=\"\ud83d\ude9c Leistungsstarker Mist- und D\u00fcngestreuer-LKW in Aktion | Steigern Sie Ihre Farm-Effizienz \ud83c\udf31\" width=\"500\" height=\"281\" src=\"https:\/\/www.youtube.com\/embed\/87AOeTAYJJ4?feature=oembed\" frameborder=\"0\" allow=\"accelerometer; autoplay; clipboard-write; encrypted-media; gyroscope; picture-in-picture; web-share\" referrerpolicy=\"strict-origin-when-cross-origin\" allowfullscreen><\/iframe> <\/div><figcaption class=\"wp-element-caption\">Feldbetriebs-Videos der verschiedenen D\u00fcngerstreuer-Typen<\/figcaption><\/figure>    <p>Das gesamte Ger\u00e4t verf\u00fcgt \u00fcber hydraulische Steuerung und ist aus einer vollgeformten, nicht verschwei\u00dften Struktur gefertigt, was Haltbarkeit und starke Korrosionsbest\u00e4ndigkeit gew\u00e4hrleistet. <\/p>    <p>Der fortschrittliche Doppel-Scheiben-Verteilmechanismus und das hydraulische Ketten-D\u00fcngerzufuhrsystem gew\u00e4hrleisten eine gleichm\u00e4\u00dfige Verteilung verschiedener granul\u00e4rer und trockener D\u00fcngerarten, maximieren die D\u00fcngerausnutzung.<\/p>    <h2 class=\"wp-block-heading\">Anwendungen des D\u00fcngerstreuer-LKW<\/h2>    <ul class=\"wp-block-list\"> <li>Betrieb auf landwirtschaftlichen Miststellen: ideal f\u00fcr die effiziente Verteilung von Mist von Rinder-, Schaf- und Schweinefarmen.<\/li>    <li>Anwendung von organischem D\u00fcnger an Pflanzstellen: erm\u00f6glicht eine schnelle und gleichm\u00e4\u00dfige Verteilung, um die Bodenqualit\u00e4t zu verbessern.<\/li>    <li>Gro\u00dfprojekte der D\u00fcngung f\u00fcr landwirtschaftliche Genossenschaften: erf\u00fcllt die zentralisierten D\u00fcngungsbed\u00fcrfnisse gro\u00dfer Anbaufl\u00e4chen.<\/li> <\/ul>    <figure class=\"wp-block-gallery has-nested-images columns-default is-cropped wp-block-gallery-2 is-layout-flex wp-block-gallery-is-layout-flex\"> <figure class=\"wp-block-image size-large\"><img loading=\"lazy\" decoding=\"async\" width=\"720\" height=\"540\" data-id=\"17564\" src=\"https:\/\/www.agriculture-machine.com\/wp-content\/uploads\/2026\/03\/fertilizer-spreader-truck.webp\" alt=\"D\u00fcngerstreuer-LKW\" class=\"wp-image-17564\" srcset=\"https:\/\/www.agriculture-machine.com\/wp-content\/uploads\/2026\/03\/fertilizer-spreader-truck.webp 720w, https:\/\/www.agriculture-machine.com\/wp-content\/uploads\/2026\/03\/fertilizer-spreader-truck-360x270.webp 360w, https:\/\/www.agriculture-machine.com\/wp-content\/uploads\/2026\/03\/fertilizer-spreader-truck-240x180.webp 240w, https:\/\/www.agriculture-machine.com\/wp-content\/uploads\/2026\/03\/fertilizer-spreader-truck-16x12.webp 16w\" sizes=\"auto, (max-width: 720px) 100vw, 720px\" \/><figcaption class=\"wp-element-caption\">D\u00fcngerstreuer-LKW<\/figcaption><\/figure>    <figure class=\"wp-block-image size-large\"><img loading=\"lazy\" decoding=\"async\" width=\"720\" height=\"540\" data-id=\"17565\" src=\"https:\/\/www.agriculture-machine.com\/wp-content\/uploads\/2026\/03\/tractor-manure-spreader.webp\" alt=\"Pferdegetriebener Miststreuer\" class=\"wp-image-17565\" srcset=\"https:\/\/www.agriculture-machine.com\/wp-content\/uploads\/2026\/03\/tractor-manure-spreader.webp 720w, https:\/\/www.agriculture-machine.com\/wp-content\/uploads\/2026\/03\/tractor-manure-spreader-360x270.webp 360w, https:\/\/www.agriculture-machine.com\/wp-content\/uploads\/2026\/03\/tractor-manure-spreader-240x180.webp 240w, https:\/\/www.agriculture-machine.com\/wp-content\/uploads\/2026\/03\/tractor-manure-spreader-16x12.webp 16w\" sizes=\"auto, (max-width: 720px) 100vw, 720px\" \/><figcaption class=\"wp-element-caption\">Pferdegetriebener Miststreuer<\/figcaption><\/figure> <\/figure>    <h2 class=\"wp-block-heading\">Vorteile der Miststreuer-Maschine<\/h2>    <ul class=\"wp-block-list\"> <li>Robuster und langlebiger Rahmen: der Anh\u00e4ngerrahmen besteht aus 20\u00d720 cm quadratischem Rohr, was eine stabile Struktur und au\u00dfergew\u00f6hnliche Haltbarkeit gew\u00e4hrleistet.<\/li>    <li>Hochfestes D\u00fcngerf\u00f6rderketten: die Kette besteht aus 4\u00d76 cm quadratischem Rohr, mit bergbaustandard Kettengliedern, die auch nach l\u00e4ngerer Nutzung formstabil bleiben.<\/li>    <li>Gro\u00dfer Hydraulik\u00f6lbeh\u00e4lter: mit Luftk\u00fchlsystem zur Sicherstellung eines stabilen Betriebs des Hydrauliksystems.<\/li>    <li>Verstellbares Durchflussregelventil: mit 10 Einstellungen; h\u00f6here Einstellungen f\u00fchren zu schnelleren Verteilgeschwindigkeiten, um verschiedenen D\u00fcngungsanforderungen gerecht zu werden.<\/li>    <li>Doppel-Scheiben-Verteilungssystem: mit einem Durchmesser von 68 cm, die Verteilentfernung kann frei von 4 bis 15 Metern eingestellt werden, um eine gleichm\u00e4\u00dfige Verteilung zu erreichen.<\/li> <\/ul>    <figure class=\"wp-block-gallery has-nested-images columns-default is-cropped wp-block-gallery-3 is-layout-flex wp-block-gallery-is-layout-flex\"> <figure class=\"wp-block-image size-large\"><img loading=\"lazy\" decoding=\"async\" width=\"720\" height=\"540\" data-id=\"17566\" src=\"https:\/\/www.agriculture-machine.com\/wp-content\/uploads\/2026\/03\/disc-type-fertilizer-spreader.webp\" alt=\"Scheiben-Typ D\u00fcngerstreuer\" class=\"wp-image-17566\" srcset=\"https:\/\/www.agriculture-machine.com\/wp-content\/uploads\/2026\/03\/disc-type-fertilizer-spreader.webp 720w, https:\/\/www.agriculture-machine.com\/wp-content\/uploads\/2026\/03\/disc-type-fertilizer-spreader-360x270.webp 360w, https:\/\/www.agriculture-machine.com\/wp-content\/uploads\/2026\/03\/disc-type-fertilizer-spreader-240x180.webp 240w, https:\/\/www.agriculture-machine.com\/wp-content\/uploads\/2026\/03\/disc-type-fertilizer-spreader-16x12.webp 16w\" sizes=\"auto, (max-width: 720px) 100vw, 720px\" \/><figcaption class=\"wp-element-caption\">Scheiben-Typ D\u00fcngerstreuer<\/figcaption><\/figure>    <figure class=\"wp-block-image size-large\"><img loading=\"lazy\" decoding=\"async\" width=\"720\" height=\"540\" data-id=\"17567\" src=\"https:\/\/www.agriculture-machine.com\/wp-content\/uploads\/2026\/03\/vertical-spiral-manure-spreader.webp\" alt=\"Vertikalspiral-Miststreuer\" class=\"wp-image-17567\" srcset=\"https:\/\/www.agriculture-machine.com\/wp-content\/uploads\/2026\/03\/vertical-spiral-manure-spreader.webp 720w, https:\/\/www.agriculture-machine.com\/wp-content\/uploads\/2026\/03\/vertical-spiral-manure-spreader-360x270.webp 360w, https:\/\/www.agriculture-machine.com\/wp-content\/uploads\/2026\/03\/vertical-spiral-manure-spreader-240x180.webp 240w, https:\/\/www.agriculture-machine.com\/wp-content\/uploads\/2026\/03\/vertical-spiral-manure-spreader-16x12.webp 16w\" sizes=\"auto, (max-width: 720px) 100vw, 720px\" \/><figcaption class=\"wp-element-caption\">Vertikalspiral-Miststreuer<\/figcaption><\/figure> <\/figure>    <h2 class=\"wp-block-heading\">Wie funktioniert der D\u00fcngerstreuer?<\/h2>    <p>Der Taizy-D\u00fcngerstreuer-LKW wird vom PTO-Antrieb eines Traktors angetrieben, und eine hydraulische Kette f\u00fchrt den D\u00fcnger gleichm\u00e4\u00dfig zum hinteren Doppel-Scheiben-Verteilmechanismus.<\/p>    <p>Der D\u00fcnger wird \u00fcber die Hochgeschwindigkeits-Drehdoppelr\u00e4der auf dem Feld verteilt, was eine gro\u00dffl\u00e4chige, effiziente D\u00fcngung erm\u00f6glicht.<\/p>    <p>Betriebsparameter k\u00f6nnen frei angepasst werden, je nach D\u00fcngerart, Anwendungsgebiet und Verteilentfernung.<\/p>    <h2 class=\"wp-block-heading\">What&#8217;s the tractor manure spreader price?<\/h2>    <p>Der Preis eines D\u00fcngerstreuer-LKW variiert je nach Kapazit\u00e4t, Ausstattung und ob er ma\u00dfgeschneidert ist. Zum Beispiel kostet ein 6m\u00b3 D\u00fcngerstreuer mit vertikalem Schneckenantrieb mehr als die Version mit hydraulisch gesteuerten Doppel-Scheiben.<\/p>    <figure class=\"wp-block-gallery has-nested-images columns-default is-cropped wp-block-gallery-4 is-layout-flex wp-block-gallery-is-layout-flex\"> <figure class=\"wp-block-image size-large\"><img loading=\"lazy\" decoding=\"async\" width=\"720\" height=\"540\" data-id=\"17569\" src=\"https:\/\/www.agriculture-machine.com\/wp-content\/uploads\/2026\/03\/large-fertilizer-spreading-machine.webp\" alt=\"Gro\u00dfer D\u00fcngerstreuer\" class=\"wp-image-17569\" srcset=\"https:\/\/www.agriculture-machine.com\/wp-content\/uploads\/2026\/03\/large-fertilizer-spreading-machine.webp 720w, https:\/\/www.agriculture-machine.com\/wp-content\/uploads\/2026\/03\/large-fertilizer-spreading-machine-360x270.webp 360w, https:\/\/www.agriculture-machine.com\/wp-content\/uploads\/2026\/03\/large-fertilizer-spreading-machine-240x180.webp 240w, https:\/\/www.agriculture-machine.com\/wp-content\/uploads\/2026\/03\/large-fertilizer-spreading-machine-16x12.webp 16w\" sizes=\"auto, (max-width: 720px) 100vw, 720px\" \/><figcaption class=\"wp-element-caption\">Gro\u00dfer D\u00fcngerstreuer<\/figcaption><\/figure>    <figure class=\"wp-block-image size-large\"><img loading=\"lazy\" decoding=\"async\" width=\"720\" height=\"540\" data-id=\"17568\" src=\"https:\/\/www.agriculture-machine.com\/wp-content\/uploads\/2026\/03\/8m\u00b3-agricultural-manure-spreader.webp\" alt=\"8m\u00b3 landwirtschaftlicher Miststreuer\" class=\"wp-image-17568\" srcset=\"https:\/\/www.agriculture-machine.com\/wp-content\/uploads\/2026\/03\/8m\u00b3-agricultural-manure-spreader.webp 720w, https:\/\/www.agriculture-machine.com\/wp-content\/uploads\/2026\/03\/8m\u00b3-agricultural-manure-spreader-360x270.webp 360w, https:\/\/www.agriculture-machine.com\/wp-content\/uploads\/2026\/03\/8m\u00b3-agricultural-manure-spreader-240x180.webp 240w, https:\/\/www.agriculture-machine.com\/wp-content\/uploads\/2026\/03\/8m\u00b3-agricultural-manure-spreader-16x12.webp 16w\" sizes=\"auto, (max-width: 720px) 100vw, 720px\" \/><figcaption class=\"wp-element-caption\">8m\u00b3 landwirtschaftlicher Miststreuer<\/figcaption><\/figure> <\/figure>    <p>Wir bieten ma\u00dfgeschneiderte L\u00f6sungen, die auf Ihr Budget und Ihre betrieblichen Bed\u00fcrfnisse zugeschnitten sind. Bitte z\u00f6gern Sie nicht, uns f\u00fcr die neuesten Angebote und Versandoptionen zu kontaktieren.<\/p>    <h2 class=\"wp-block-heading\">Wie w\u00e4hlt man einen geeigneten D\u00fcngerstreuer aus?<\/h2>    <ul class=\"wp-block-list\"> <li>Bestimmen Sie das Anwendungsszenario und den D\u00fcngertyp: Trocken-, Nass- oder granulierte D\u00fcnger haben jeweils unterschiedliche Anforderungen an die Verteilvorrichtung und die D\u00fcngerzufuhr.<\/li>    <li>W\u00e4hlen Sie das passende Volumen: w\u00e4hlen Sie ein geeignetes Volumen basierend auf dem Anwendungsgebiet und der D\u00fcngungseffizienz.<\/li>    <li>Ber\u00fccksichtigen Sie die Verbreiterung und Effizienz: sorgen Sie f\u00fcr eine schnelle und gleichm\u00e4\u00dfige Anwendung.<\/li>    <li>Traktorleistungskopplung: mindestens 50 PS PTO-Leistung erforderlich; w\u00e4hlen Sie eine h\u00f6here Leistung basierend auf der Kapazit\u00e4t.<\/li>    <li>Ber\u00fccksichtigen Sie das Hydrauliksystem und die Bedienungsfreundlichkeit: sorgen Sie f\u00fcr eine langfristige, stabile Leistung.<\/li>    <li>W\u00e4hlen Sie einen zuverl\u00e4ssigen Anbieter: einen, der After-Sales-Support, Ersatzteile und Ferntechnikunterst\u00fctzung bietet.<\/li> <\/ul>    <figure class=\"wp-block-gallery has-nested-images columns-default is-cropped wp-block-gallery-5 is-layout-flex wp-block-gallery-is-layout-flex\"> <figure class=\"wp-block-image size-large\"><img loading=\"lazy\" decoding=\"async\" width=\"720\" height=\"540\" data-id=\"17570\" src=\"https:\/\/www.agriculture-machine.com\/wp-content\/uploads\/2026\/03\/fertilizer-spreader-trucks-factory.webp\" alt=\"Fabrik f\u00fcr D\u00fcngerstreuer-LKW\" class=\"wp-image-17570\" srcset=\"https:\/\/www.agriculture-machine.com\/wp-content\/uploads\/2026\/03\/fertilizer-spreader-trucks-factory.webp 720w, https:\/\/www.agriculture-machine.com\/wp-content\/uploads\/2026\/03\/fertilizer-spreader-trucks-factory-360x270.webp 360w, https:\/\/www.agriculture-machine.com\/wp-content\/uploads\/2026\/03\/fertilizer-spreader-trucks-factory-240x180.webp 240w, https:\/\/www.agriculture-machine.com\/wp-content\/uploads\/2026\/03\/fertilizer-spreader-trucks-factory-16x12.webp 16w\" sizes=\"auto, (max-width: 720px) 100vw, 720px\" \/><figcaption class=\"wp-element-caption\">Fabrik f\u00fcr D\u00fcngerstreuer-LKW<\/figcaption><\/figure>    <figure class=\"wp-block-image size-large\"><img loading=\"lazy\" decoding=\"async\" width=\"720\" height=\"540\" data-id=\"17571\" src=\"https:\/\/www.agriculture-machine.com\/wp-content\/uploads\/2026\/03\/tractor-driven-manure-spreader-machine.webp\" alt=\"Pferdegetriebene Miststreuer-Maschine\" class=\"wp-image-17571\" srcset=\"https:\/\/www.agriculture-machine.com\/wp-content\/uploads\/2026\/03\/tractor-driven-manure-spreader-machine.webp 720w, https:\/\/www.agriculture-machine.com\/wp-content\/uploads\/2026\/03\/tractor-driven-manure-spreader-machine-360x270.webp 360w, https:\/\/www.agriculture-machine.com\/wp-content\/uploads\/2026\/03\/tractor-driven-manure-spreader-machine-240x180.webp 240w, https:\/\/www.agriculture-machine.com\/wp-content\/uploads\/2026\/03\/tractor-driven-manure-spreader-machine-16x12.webp 16w\" sizes=\"auto, (max-width: 720px) 100vw, 720px\" \/><figcaption class=\"wp-element-caption\">Pferdegetriebene Miststreuer-Maschine<\/figcaption><\/figure> <\/figure>    <h2 class=\"wp-block-heading\">Spezifikationen des Viehmiststreuers<\/h2>    <figure class=\"wp-block-table is-style-stripes\"><table class=\"has-fixed-layout\"><tbody><tr><td><strong>Artikel<\/strong><\/td><td><strong>2FGH-3<\/strong><\/td><td><strong>2FGH-6<\/strong><\/td><td><strong>2FGH-8<\/strong><\/td><\/tr><tr><td>Silo-Volumen<\/td><td>3m\u00b3<\/td><td>6m\u00b3<\/td><td>8m\u00b3<\/td><\/tr><tr><td>Gesamtabmessungen<\/td><td>4850*1800*2050mm<\/td><td>5750*2050*2430mm<\/td><td>6350*2200*2430mm<\/td><\/tr><tr><td>Strukturform<\/td><td>Box-Typ<\/td><td>Box-Typ<\/td><td>Box-Typ<\/td><\/tr><tr><td>Arbeitsweise<\/td><td>Hinterwurf<\/td><td>Hinterwurf<\/td><td>Hinterwurf<\/td><\/tr><tr><td>Organischer D\u00fcnger <br>Liefermethode<\/td><td>Hydraulische Kettenstoss<\/td><td>Hydraulische Kettenstoss<\/td><td>Hydraulische Kettenstoss<\/td><\/tr><tr><td>Verteilvorrichtungstyp<\/td><td>Hintere Doppel-Scheibe<\/td><td>Hintere Doppel-Scheibe<\/td><td>Hintere Doppel-Scheibe<\/td><\/tr><tr><td>Verbreiterung<\/td><td>\u22655m<\/td><td>\u22655m<\/td><td>\u22655m<\/td><\/tr><tr><td>Scheibenanzahl<\/td><td>2 St\u00fcck<\/td><td>2 St\u00fcck<\/td><td>2 St\u00fcck<\/td><\/tr><tr><td>Reifen<\/td><td>2 St\u00fcck<\/td><td>2 St\u00fcck<\/td><td>2 St\u00fcck<\/td><\/tr><tr><td>Reifen Nr.<\/td><td>20.5\/70-16<\/td><td>298\/60R22.5<\/td><td>295\/60R22.5<\/td><\/tr><tr><td>Passende Leistung<\/td><td>\u226550PS<\/td><td>\u226560.3kw<\/td><td>\u226570kw<\/td><\/tr><tr><td>Maximale Tragf\u00e4higkeit<\/td><td>2400kg<\/td><td>4800kg<\/td><td>6000kg<\/td><\/tr><tr><td>Arbeitsleistung<\/td><td>5-10min\/LKW<\/td><td>5-10min\/LKW<\/td><td>5-10min\/LKW<\/td><\/tr><\/tbody><\/table><figcaption class=\"wp-element-caption\">Technische Parameter der D\u00fcngerstreuer-LKW<\/figcaption><\/figure>    <p class=\"translation-block\">Wir bieten auch eine Reihe anderer landwirtschaftlicher Maschinen an, wie <strong><em><a href=\"https:\/\/www.agriculture-machine.com\/de\/cow-dung-cleaning-machine\/\">Viehmist-Reiniger und -Sammler<\/a><\/em><\/strong>, um die Gesamteffizienz der Farmverwaltung zu verbessern. Bitte z\u00f6gern Sie nicht, uns f\u00fcr ein kostenloses Angebot, Ger\u00e4tevideos und fachkundige technische Beratung zu kontaktieren.<\/p>","protected":false},"excerpt":{"rendered":"<p>Taizy PTO-getriebener D\u00fcngerstreuer-LKW verarbeitet effizient Trocken- \/ Nassmist, organischen \/ granulierten D\u00fcnger. Mit 3\u201312m\u00b3 Kapazit\u00e4t und 4\u201316m Verbreiterung steigert er die Produktivit\u00e4t und reduziert die Arbeit.<\/p>","protected":false},"author":1,"featured_media":17573,"parent":0,"comment_status":"open","ping_status":"closed","template":"","tags":[2646],"product-type":[162,2],"class_list":["post-17559","product","type-product","status-publish","has-post-thumbnail","hentry","tag-manure","product-type-other-type","product-type-products"],"_links":{"self":[{"href":"https:\/\/www.agriculture-machine.com\/de\/wp-json\/wp\/v2\/product\/17559","targetHints":{"allow":["GET"]}}],"collection":[{"href":"https:\/\/www.agriculture-machine.com\/de\/wp-json\/wp\/v2\/product"}],"about":[{"href":"https:\/\/www.agriculture-machine.com\/de\/wp-json\/wp\/v2\/types\/product"}],"author":[{"embeddable":true,"href":"https:\/\/www.agriculture-machine.com\/de\/wp-json\/wp\/v2\/users\/1"}],"replies":[{"embeddable":true,"href":"https:\/\/www.agriculture-machine.com\/de\/wp-json\/wp\/v2\/comments?post=17559"}],"wp:featuredmedia":[{"embeddable":true,"href":"https:\/\/www.agriculture-machine.com\/de\/wp-json\/wp\/v2\/media\/17573"}],"wp:attachment":[{"href":"https:\/\/www.agriculture-machine.com\/de\/wp-json\/wp\/v2\/media?parent=17559"}],"wp:term":[{"taxonomy":"post_tag","embeddable":true,"href":"https:\/\/www.agriculture-machine.com\/de\/wp-json\/wp\/v2\/tags?post=17559"},{"taxonomy":"product-type","embeddable":true,"href":"https:\/\/www.agriculture-machine.com\/de\/wp-json\/wp\/v2\/product-type?post=17559"}],"curies":[{"name":"wp","href":"https:\/\/api.w.org\/{rel}","templated":true}]}}