{"id":17605,"date":"2026-04-02T15:32:46","date_gmt":"2026-04-02T07:32:46","guid":{"rendered":"https:\/\/www.agriculture-machine.com\/?post_type=product&#038;p=17605"},"modified":"2026-04-02T15:32:48","modified_gmt":"2026-04-02T07:32:48","slug":"forage-harvester","status":"publish","type":"product","link":"https:\/\/www.agriculture-machine.com\/de\/forage-harvester\/","title":{"rendered":"Futterernter f\u00fcr Silage: R\u00e4der, Ketten- &amp; Aufsitzl\u00f6sungen"},"content":{"rendered":"<p>Der Futtererntemaschine ist eine moderne landwirtschaftliche und Tierhaltungseinheit, die Schneiden, Zerkleinern, F\u00f6rdern und Entladen in einem Ger\u00e4t vereint. Sie wird h\u00e4ufig f\u00fcr die Ernte und Verarbeitung von Silagepflanzen wie Maisst\u00e4ngeln, Futtergras und Sorghum verwendet. Sie erm\u00f6glicht einen kontinuierlichen Betrieb und gleichzeitige Ernte und Beladung, was den manuellen Arbeitsaufwand erheblich reduziert und die Betriebseffizienz steigert.<\/p>    <p>Je nach Modell und Konfiguration kann die Ausr\u00fcstung eine Betriebsleistung von 0,3\u20131,0 Hektar pro Stunde erreichen, mit einstellbaren Zerkleinerungsl\u00e4ngen (typischerweise 5\u201320 mm). Dies erleichtert die Verdichtung und Fermentation der Silage, verbessert die Futterqualit\u00e4t und Nutzung.<\/p>    <figure class=\"wp-block-embed aligncenter is-type-video is-provider-youtube wp-block-embed-youtube wp-embed-aspect-16-9 wp-has-aspect-ratio\"><div class=\"wp-block-embed__wrapper\"> <iframe loading=\"lazy\" title=\"Kettentyp Silage-Ernter | Leistungsstarke Performance f\u00fcr effiziente Futterernte#silage\" width=\"500\" height=\"281\" src=\"https:\/\/www.youtube.com\/embed\/uG3zA_K-sQ0?feature=oembed\" frameborder=\"0\" allow=\"accelerometer; autoplay; clipboard-write; encrypted-media; gyroscope; picture-in-picture; web-share\" referrerpolicy=\"strict-origin-when-cross-origin\" allowfullscreen><\/iframe> <\/div><figcaption class=\"wp-element-caption\">Arbeitsvideo des selbstfahrenden Greenfeed-Erntemaschine<\/figcaption><\/figure>    <p>Diese Serie bietet eine Vielzahl von Silage-Headern, einschlie\u00dflich Rad-, Ketten- und Rucksackmodellen, die eine flexible Auswahl basierend auf Gel\u00e4nde und Betriebsgr\u00f6\u00dfe erm\u00f6glichen. Geeignet f\u00fcr Weiden, Viehzuchtbetriebe und landwirtschaftliche Genossenschaften, helfen diese Maschinen, eine mechanisierte und gro\u00dffl\u00e4chige Silageproduktion zu realisieren.<\/p>    <h2 class=\"wp-block-heading\">Anwendungen der Futtererntemaschine<\/h2>    <p>Silage-Erntemaschinen werden haupts\u00e4chlich f\u00fcr die Ernte und Verarbeitung verschiedener Futterpflanzen verwendet und haben eine breite Anwendungspalette:<\/p>    <ul class=\"wp-block-list\"> <li>Ganzpflanzen-Ernte und Zerkleinerung von Maissilage.<\/li>    <li>Verarbeitung von Futterpflanzen wie Luzerne und Ryegrass.<\/li>    <li>Verwendung von Strohfr\u00fcchten wie Sorghum und Zuckerr\u00fcbenbl\u00e4ttern.<\/li>    <li>T\u00e4gliche Futterverarbeitung und Lagerung auf Viehzuchtbetrieben.<\/li>    <li>Zentralisierte Betriebe bei landwirtschaftlichen Genossenschaften und Gro\u00dfbetrieben.<\/li> <\/ul>    <figure class=\"wp-block-gallery has-nested-images columns-default is-cropped wp-block-gallery-2 is-layout-flex wp-block-gallery-is-layout-flex\"> <figure class=\"wp-block-image size-large\"><img loading=\"lazy\" decoding=\"async\" width=\"720\" height=\"540\" data-id=\"17612\" src=\"https:\/\/www.agriculture-machine.com\/wp-content\/uploads\/2026\/04\/wheeled-forage-harvester.webp\" alt=\"Rad-Futtererntemaschine\" class=\"wp-image-17612\" srcset=\"https:\/\/www.agriculture-machine.com\/wp-content\/uploads\/2026\/04\/wheeled-forage-harvester.webp 720w, https:\/\/www.agriculture-machine.com\/wp-content\/uploads\/2026\/04\/wheeled-forage-harvester-360x270.webp 360w, https:\/\/www.agriculture-machine.com\/wp-content\/uploads\/2026\/04\/wheeled-forage-harvester-240x180.webp 240w, https:\/\/www.agriculture-machine.com\/wp-content\/uploads\/2026\/04\/wheeled-forage-harvester-16x12.webp 16w\" sizes=\"auto, (max-width: 720px) 100vw, 720px\" \/><figcaption class=\"wp-element-caption\">Rad-Futtererntemaschine<\/figcaption><\/figure>    <figure class=\"wp-block-image size-large\"><img loading=\"lazy\" decoding=\"async\" width=\"720\" height=\"540\" data-id=\"17611\" src=\"https:\/\/www.agriculture-machine.com\/wp-content\/uploads\/2026\/04\/self\u2011propelled-silage-harvester.webp\" alt=\"Selbstfahrender Silage-Ernter\" class=\"wp-image-17611\" srcset=\"https:\/\/www.agriculture-machine.com\/wp-content\/uploads\/2026\/04\/self\u2011propelled-silage-harvester.webp 720w, https:\/\/www.agriculture-machine.com\/wp-content\/uploads\/2026\/04\/self\u2011propelled-silage-harvester-360x270.webp 360w, https:\/\/www.agriculture-machine.com\/wp-content\/uploads\/2026\/04\/self\u2011propelled-silage-harvester-240x180.webp 240w, https:\/\/www.agriculture-machine.com\/wp-content\/uploads\/2026\/04\/self\u2011propelled-silage-harvester-16x12.webp 16w\" sizes=\"auto, (max-width: 720px) 100vw, 720px\" \/><figcaption class=\"wp-element-caption\">Selbstfahrender Silage-Ernter<\/figcaption><\/figure> <\/figure>    <h2 class=\"wp-block-heading\">Strukturelle Vorteile der Silage-Erntemaschine<\/h2>    <p>In Bezug auf das strukturelle Design legt der Futtererntemaschine mehr Wert auf Haltbarkeit und Betriebssicherheit:<\/p>    <ul class=\"wp-block-list\"> <li>Hochleistungs-Zerkleinerungssystem: ausgestattet mit verschlei\u00dffesten Legierungsschneiden f\u00fcr gleichm\u00e4\u00dfiges Zerkleinern, was die Silagequalit\u00e4t verbessert.<\/li>    <li>Leistungsstarkes Auswurfsystem: lange Auswurfdistanz erm\u00f6glicht direkte Beladung auf LKWs, reduziert Zwischenschritte.<\/li>    <li>Hydraulisches Steuersystem: flexible Bedienung, passt sich an unterschiedliche Pflanzenh\u00f6hen und -dichten an.<\/li>    <li>Kompaktes Chassis-Design: wendige Drehung und exzellente Man\u00f6vrierf\u00e4higkeit, geeignet f\u00fcr vielf\u00e4ltiges Gel\u00e4nde.<\/li>    <li>Verst\u00e4rkte Schl\u00fcsselkomponenten: verl\u00e4ngert die Lebensdauer und reduziert Wartungskosten.<\/li> <\/ul>    <h2 class=\"wp-block-heading\">Wie funktioniert die Futtererntemaschine?<\/h2>    <p>Der Silage-Ernter nutzt seinen Antriebsstrang, um den vorne montierten Header anzutreiben, der die Ernte schneidet und in die Zerkleinerungseinheit einspeist, wo sie durch hochdrehende Messer zerkleinert wird.<\/p>    <p>The material is then carried by an airflow generated by the fan into the discharge chute and directly discharged into the transport vehicle, achieving an integrated &#8220;harvesting\u2013chopping\u2013loading&#8221; workflow.<\/p>    <figure class=\"wp-block-embed aligncenter is-type-video is-provider-youtube wp-block-embed-youtube wp-embed-aspect-16-9 wp-has-aspect-ratio\"><div class=\"wp-block-embed__wrapper\"> <iframe loading=\"lazy\" title=\"Silage-Erntemaschine im Einsatz auf dem Feld | Hochleistungs-Futterernte \ud83c\udf3d\ud83d\ude9c#silage\" width=\"500\" height=\"281\" src=\"https:\/\/www.youtube.com\/embed\/Nyi1S7FPDEs?feature=oembed\" frameborder=\"0\" allow=\"accelerometer; autoplay; clipboard-write; encrypted-media; gyroscope; picture-in-picture; web-share\" referrerpolicy=\"strict-origin-when-cross-origin\" allowfullscreen><\/iframe> <\/div><figcaption class=\"wp-element-caption\">Video eines Silage-Erntemaschinen im Einsatz auf dem Feld<\/figcaption><\/figure>    <h2 class=\"wp-block-heading\">Einf\u00fchrung in drei Arten von Silage-Erntemaschinen<\/h2>    <h3 class=\"wp-block-heading\">Rad-Silage-Erntemaschine<\/h3>    <p>Radmodelle sind f\u00fcr den Einsatz auf flachem, gro\u00dffl\u00e4chigem Ackerland geeignet.<\/p>    <p>Sie zeichnen sich durch schnelle Reisegeschwindigkeiten, hohe Betriebseffizienz und einfache Standortwechsel aus, was sie ideal f\u00fcr gro\u00dffl\u00e4chige landwirtschaftliche Betriebe macht.<\/p>    <h3 class=\"wp-block-heading\">Ketten-Silage-Erntemaschine<\/h3>    <p>Kettenmodelle sind haupts\u00e4chlich f\u00fcr schlammiges, nasses oder komplexes Gel\u00e4nde konzipiert.<\/p>    <p>Sie bieten hervorragenden Grip und Stabilit\u00e4t, sind weniger rutschanf\u00e4llig und besonders f\u00fcr Reisfelder in s\u00fcdlichen Regionen oder bei Regen geeignet.<\/p>    <h3 class=\"wp-block-heading\">Montierter Silage-Schneider<\/h3>    <p>Montierte Schneidwerke erfordern die Verwendung mit einem Traktor und haben geringere Gesamtkosten.<\/p>    <p>Sie bieten hohe Flexibilit\u00e4t und sind geeignet f\u00fcr kleine und mittlere Landwirte oder Betriebe auf verstreuten Fl\u00e4chen, was sie zu einer wirtschaftlichen und praktischen Wahl macht.<\/p>    <figure class=\"wp-block-gallery has-nested-images columns-default is-cropped wp-block-gallery-3 is-layout-flex wp-block-gallery-is-layout-flex\"> <figure class=\"wp-block-image size-large\"><img loading=\"lazy\" decoding=\"async\" width=\"720\" height=\"540\" data-id=\"17614\" src=\"https:\/\/www.agriculture-machine.com\/wp-content\/uploads\/2026\/04\/silage-straw-cutting-harvester.webp\" alt=\"Silage-Strohschneider\" class=\"wp-image-17614\" srcset=\"https:\/\/www.agriculture-machine.com\/wp-content\/uploads\/2026\/04\/silage-straw-cutting-harvester.webp 720w, https:\/\/www.agriculture-machine.com\/wp-content\/uploads\/2026\/04\/silage-straw-cutting-harvester-360x270.webp 360w, https:\/\/www.agriculture-machine.com\/wp-content\/uploads\/2026\/04\/silage-straw-cutting-harvester-240x180.webp 240w, https:\/\/www.agriculture-machine.com\/wp-content\/uploads\/2026\/04\/silage-straw-cutting-harvester-16x12.webp 16w\" sizes=\"auto, (max-width: 720px) 100vw, 720px\" \/><figcaption class=\"wp-element-caption\">Silage-Strohschneider<\/figcaption><\/figure>    <figure class=\"wp-block-image size-large\"><img loading=\"lazy\" decoding=\"async\" width=\"720\" height=\"540\" data-id=\"17613\" src=\"https:\/\/www.agriculture-machine.com\/wp-content\/uploads\/2026\/04\/crawler-silage-harvesting-machine.webp\" alt=\"Kettensilagerntemaschine\" class=\"wp-image-17613\" srcset=\"https:\/\/www.agriculture-machine.com\/wp-content\/uploads\/2026\/04\/crawler-silage-harvesting-machine.webp 720w, https:\/\/www.agriculture-machine.com\/wp-content\/uploads\/2026\/04\/crawler-silage-harvesting-machine-360x270.webp 360w, https:\/\/www.agriculture-machine.com\/wp-content\/uploads\/2026\/04\/crawler-silage-harvesting-machine-240x180.webp 240w, https:\/\/www.agriculture-machine.com\/wp-content\/uploads\/2026\/04\/crawler-silage-harvesting-machine-16x12.webp 16w\" sizes=\"auto, (max-width: 720px) 100vw, 720px\" \/><figcaption class=\"wp-element-caption\">Kettensilagerntemaschine<\/figcaption><\/figure> <\/figure>    <h2 class=\"wp-block-heading\">What&#8217;s the price of a green feed harvester?<\/h2>    <p>Der Preis f\u00fcr Futtererntemaschinen wird haupts\u00e4chlich durch die Art der Ausr\u00fcstung, die Leistungsspezifikationen und die funktionalen Unterschiede beeinflusst:<\/p>    <ul class=\"wp-block-list\"> <li>Rucksackstil: geringere Anfangsinvestition, geeignet f\u00fcr Nutzer mit begrenztem Budget.<\/li>    <li>Rad-\/Kettenmodelle: relativ h\u00f6herer Preis, aber mit gr\u00f6\u00dferer Effizienz und h\u00f6herem Automatisierungsgrad.<\/li> <\/ul>    <p>Wir bieten kundenspezifische Konfigurationen basierend auf den Bed\u00fcrfnissen der Kunden. Bitte z\u00f6gern Sie nicht, uns f\u00fcr detaillierte Angebote und Empfehlungen zu kontaktieren.<\/p>    <h2 class=\"wp-block-heading\">Wie w\u00e4hlt man den passenden Futtererntemaschine?<\/h2>    <p>Beim Kauf eines Silage-Erntemaschine empfehlen wir, auf folgende Faktoren zu achten:<\/p>    <ul class=\"wp-block-list\"> <li>Gel\u00e4nde: Radmodelle sind f\u00fcr flaches Gel\u00e4nde vorzuziehen, w\u00e4hrend Kettenmodelle f\u00fcr komplexes Gel\u00e4nde empfohlen werden.<\/li>    <li>Betriebsgr\u00f6\u00dfe: Je gr\u00f6\u00dfer die Fl\u00e4che, desto effizienter sollte das Modell sein.<\/li>    <li>Leistungsverh\u00e4ltnis: Best\u00e4tigen Sie, dass die Leistung des Traktors oder selbstfahrenden Systems kompatibel ist.<\/li>    <li>Zerkleinerungsleistung: Dies beeinflusst direkt die Silagequalit\u00e4t und die anschlie\u00dfende Nutzung.<\/li>    <li>Kundendienst: Sicherstellung eines langfristigen, stabilen Betriebs der Ausr\u00fcstung.<\/li> <\/ul>    <figure class=\"wp-block-gallery has-nested-images columns-default is-cropped wp-block-gallery-4 is-layout-flex wp-block-gallery-is-layout-flex\"> <figure class=\"wp-block-image size-large\"><img loading=\"lazy\" decoding=\"async\" width=\"720\" height=\"540\" data-id=\"17615\" src=\"https:\/\/www.agriculture-machine.com\/wp-content\/uploads\/2026\/04\/corn-forage-harvester-machine.webp\" alt=\"Maisfuttererntemaschine\" class=\"wp-image-17615\" srcset=\"https:\/\/www.agriculture-machine.com\/wp-content\/uploads\/2026\/04\/corn-forage-harvester-machine.webp 720w, https:\/\/www.agriculture-machine.com\/wp-content\/uploads\/2026\/04\/corn-forage-harvester-machine-360x270.webp 360w, https:\/\/www.agriculture-machine.com\/wp-content\/uploads\/2026\/04\/corn-forage-harvester-machine-240x180.webp 240w, https:\/\/www.agriculture-machine.com\/wp-content\/uploads\/2026\/04\/corn-forage-harvester-machine-16x12.webp 16w\" sizes=\"auto, (max-width: 720px) 100vw, 720px\" \/><figcaption class=\"wp-element-caption\">Maisfuttererntemaschine<\/figcaption><\/figure>    <figure class=\"wp-block-image size-large\"><img loading=\"lazy\" decoding=\"async\" width=\"720\" height=\"540\" data-id=\"17616\" src=\"https:\/\/www.agriculture-machine.com\/wp-content\/uploads\/2026\/04\/forage-crop-harvesting-machine.webp\" alt=\"Futterpflanzen-Erntemaschine\" class=\"wp-image-17616\" srcset=\"https:\/\/www.agriculture-machine.com\/wp-content\/uploads\/2026\/04\/forage-crop-harvesting-machine.webp 720w, https:\/\/www.agriculture-machine.com\/wp-content\/uploads\/2026\/04\/forage-crop-harvesting-machine-360x270.webp 360w, https:\/\/www.agriculture-machine.com\/wp-content\/uploads\/2026\/04\/forage-crop-harvesting-machine-240x180.webp 240w, https:\/\/www.agriculture-machine.com\/wp-content\/uploads\/2026\/04\/forage-crop-harvesting-machine-16x12.webp 16w\" sizes=\"auto, (max-width: 720px) 100vw, 720px\" \/><figcaption class=\"wp-element-caption\">Futterpflanzen-Erntemaschine<\/figcaption><\/figure> <\/figure>    <h2 class=\"wp-block-heading\">Technische Parameter des Silage-Greenfeed-Erntemaschine<\/h2>    <figure class=\"wp-block-table is-style-stripes\"><table class=\"has-fixed-layout\"><tbody><tr><td><strong>Artikel<\/strong><\/td><td><strong>Radtyp<\/strong><\/td><td><strong>Ketten-Typ<\/strong><\/td><td><strong>Montierter Typ<\/strong><\/td><\/tr><tr><td>Leistung<\/td><td>50\u2013100 PS<\/td><td>60\u2013120 PS<\/td><td>\u226550 PS Traktor<\/td><\/tr><tr><td>Kapazit\u00e4t<\/td><td>0,5\u20131,0 ha\/h<\/td><td>0,3\u20130,8 ha\/h<\/td><td>0,3\u20130,6 ha\/h<\/td><\/tr><tr><td>Zerkleinerungsl\u00e4nge<\/td><td>5\u201320 mm<\/td><td>5\u201320 mm<\/td><td>5\u201320 mm<\/td><\/tr><tr><td>Arbeitsbreite<\/td><td>1,3\u20132,2 m<\/td><td>1,3\u20132,0 m<\/td><td>1,0\u20131,8 m<\/td><\/tr><tr><td>Entladungstyp<\/td><td>Hydraulisches Werfen<\/td><td>Hydraulisches Werfen<\/td><td>PTO-Antrieb<\/td><\/tr><tr><td>Anwendung<\/td><td>Flachland<\/td><td>Nass\/raues Terrain<\/td><td>Kleine Betriebe<\/td><\/tr><\/tbody><\/table><figcaption class=\"wp-element-caption\">Technische Parameter der Futtererntemaschinen<\/figcaption><\/figure>    <p class=\"translation-block\">In Verbindung mit Ger\u00e4ten wie Spreu- oder Futterballenwickelmaschinen kann dieser Futtererntemaschine ein vollst\u00e4ndiges System von Ernte bis Lagerung und Nutzung bilden, was die Effizienz der Tierhaltung erheblich verbessert.<\/p>    <p>Wenn Sie nach einer hochleistungsf\u00e4higen, zuverl\u00e4ssigen Silage-L\u00f6sung suchen, kontaktieren Sie uns jederzeit f\u00fcr Ger\u00e4tevideos, Angebote und pers\u00f6nliche Empfehlungen!<\/p>","protected":false},"excerpt":{"rendered":"<p>Der Futtererntemaschine integriert Schneiden, Zerkleinern und Blasen, um eine effiziente Silageernte zu erreichen. Mit mehreren Typen, die unterschiedliche Gel\u00e4ndearten bedienen, hilft sie, die Produktivit\u00e4t zu steigern und gleichzeitig den Arbeitsaufwand zu reduzieren.<\/p>","protected":false},"author":1,"featured_media":17610,"parent":0,"comment_status":"open","ping_status":"closed","template":"","tags":[772,591],"product-type":[162,2],"class_list":["post-17605","product","type-product","status-publish","has-post-thumbnail","hentry","tag-forage","tag-silage","product-type-other-type","product-type-products"],"_links":{"self":[{"href":"https:\/\/www.agriculture-machine.com\/de\/wp-json\/wp\/v2\/product\/17605","targetHints":{"allow":["GET"]}}],"collection":[{"href":"https:\/\/www.agriculture-machine.com\/de\/wp-json\/wp\/v2\/product"}],"about":[{"href":"https:\/\/www.agriculture-machine.com\/de\/wp-json\/wp\/v2\/types\/product"}],"author":[{"embeddable":true,"href":"https:\/\/www.agriculture-machine.com\/de\/wp-json\/wp\/v2\/users\/1"}],"replies":[{"embeddable":true,"href":"https:\/\/www.agriculture-machine.com\/de\/wp-json\/wp\/v2\/comments?post=17605"}],"wp:featuredmedia":[{"embeddable":true,"href":"https:\/\/www.agriculture-machine.com\/de\/wp-json\/wp\/v2\/media\/17610"}],"wp:attachment":[{"href":"https:\/\/www.agriculture-machine.com\/de\/wp-json\/wp\/v2\/media?parent=17605"}],"wp:term":[{"taxonomy":"post_tag","embeddable":true,"href":"https:\/\/www.agriculture-machine.com\/de\/wp-json\/wp\/v2\/tags?post=17605"},{"taxonomy":"product-type","embeddable":true,"href":"https:\/\/www.agriculture-machine.com\/de\/wp-json\/wp\/v2\/product-type?post=17605"}],"curies":[{"name":"wp","href":"https:\/\/api.w.org\/{rel}","templated":true}]}}