{"id":17620,"date":"2026-04-08T15:42:05","date_gmt":"2026-04-08T07:42:05","guid":{"rendered":"https:\/\/www.agriculture-machine.com\/?post_type=product&#038;p=17620"},"modified":"2026-04-08T15:43:54","modified_gmt":"2026-04-08T07:43:54","slug":"tmr-silage-mixer-and-spreader","status":"publish","type":"product","link":"https:\/\/www.agriculture-machine.com\/de\/tmr-silage-mixer-and-spreader\/","title":{"rendered":"5m\u00b3 Dieselbetriebener TMR-Silage-Mischer und -Verteiler"},"content":{"rendered":"<p>Der 5m\u00b3 Diesel-TMR-Silage-Mischer und -Verteiler ist geeignet f\u00fcr mittelgro\u00dfe bis gro\u00dfe Milch- und Rinderbetriebe, integriert Futtermahlung, gleichm\u00e4\u00dfiges Mischen und automatisches Verteilen in einem Ger\u00e4t. Angetrieben von einem 35-PS-Dieselmotor, erh\u00e4ltlich in vertikaler und horizontaler Konfiguration. Mit einer Gesamtkapazit\u00e4t von 5m\u00b3 kann er die F\u00fctterungsbed\u00fcrfnisse von Hunderten von Rindern in einem Durchgang erf\u00fcllen.<\/p>    <p>Der gesamte Prozess \u2013 vom Beladen \u00fcber das Mischen bis zum Verteilen \u2013 ist vollautomatisch. Ausgestattet mit einem hydraulischen Beladungshopper, einem F\u00f6rderbandsystem und einem pr\u00e4zisen Wiegesystem, gew\u00e4hrleistet es eine Futtergleichm\u00e4\u00dfigkeit und F\u00fctterungsgenauigkeit. Im Vergleich zu herk\u00f6mmlichen manuellen F\u00fctterungsmethoden reduziert es die Arbeitskosten um \u00fcber 50 %, verbessert die F\u00fctterungseffizienz und die Managementstandards auf dem Hof.<\/p>    <figure class=\"wp-block-embed aligncenter is-type-video is-provider-youtube wp-block-embed-youtube wp-embed-aspect-16-9 wp-has-aspect-ratio\"><div class=\"wp-block-embed__wrapper\"> <iframe loading=\"lazy\" title=\"5m\u00b3 Diesel Silage Mixer &amp; Feed Spreader Truck | Powerful &amp; Efficient Feeding Solution#silage\" width=\"500\" height=\"281\" src=\"https:\/\/www.youtube.com\/embed\/-03Ujdk6nXE?feature=oembed\" frameborder=\"0\" allow=\"accelerometer; autoplay; clipboard-write; encrypted-media; gyroscope; picture-in-picture; web-share\" referrerpolicy=\"strict-origin-when-cross-origin\" allowfullscreen><\/iframe> <\/div><figcaption class=\"wp-element-caption\">Betrieb und Arbeitsbereich des TMR-Silage-Mischers und -Verteilers.<\/figcaption><\/figure>    <h2 class=\"wp-block-heading\">Anwendungen des TMR-Silage-Mischwagens<\/h2>    <ul class=\"wp-block-list\"> <li>Gro\u00dfbetriebe in der Tierhaltung, einschlie\u00dflich Milchvieh-, Rinder- und Schafbetriebe.<\/li>    <li>Mischf\u00fctterung verschiedener Futtersorten wie Silage, Heu und Konzentrate.<\/li>    <li>Geeignet f\u00fcr die t\u00e4gliche F\u00fctterung und pr\u00e4zise Verwaltung auf mittelgro\u00dfen bis gro\u00dfen Bauernh\u00f6fen.<\/li>    <li>Kann f\u00fcr die Vorbereitung und gleichm\u00e4\u00dfige Verteilung von TMR (Total Mixed Rations) verwendet werden.<\/li> <\/ul>    <h2 class=\"wp-block-heading\">Vorteile des TMR-Silage-Mischers und -Verteilers<\/h2>    <ul class=\"wp-block-list\"> <li>All-in-One-Betrieb: kombiniert F\u00fctterung, Mischen, Transport und Verteilung in einem Ger\u00e4t, reduziert die Ger\u00e4tekosten.<\/li>    <li>Hohe Effizienz und Energieeinsparung: Mit einem 5m\u00b3 gro\u00dfen Fassungsverm\u00f6gen kann er die F\u00fctterungsbed\u00fcrfnisse von Hunderten von K\u00fchen in einem Durchgang erf\u00fcllen.<\/li>    <li>Pr\u00e4zise F\u00fctterung: Ausgestattet mit einem Wiegesystem, um wissenschaftlich genaue Futterverh\u00e4ltnisse zu gew\u00e4hrleisten und Abfall zu minimieren.<\/li>    <li>Flexibles Design: erh\u00e4ltlich in vertikaler (f\u00fcr gleichm\u00e4\u00dfigere Mischung) und horizontaler (f\u00fcr schnellere Entladung) Konfiguration.<\/li>    <li>Benutzerfreundliche Bedienung: Hydraulisches Steuerungssystem erm\u00f6glicht einem einzelnen Bediener alle Aufgaben auszuf\u00fchren.<\/li>    <li>Stabil und langlebig: Mit einem robusten Fahrgestell und hochfestem Stahl gebaut, um anspruchsvolle Ranch-Umgebungen zu widerstehen.<\/li> <\/ul>    <figure class=\"wp-block-gallery has-nested-images columns-default is-cropped wp-block-gallery-2 is-layout-flex wp-block-gallery-is-layout-flex\"> <figure class=\"wp-block-image size-large\"><img loading=\"lazy\" decoding=\"async\" width=\"720\" height=\"540\" data-id=\"17626\" src=\"https:\/\/www.agriculture-machine.com\/wp-content\/uploads\/2026\/04\/TMR-silage-mixer-and-spreader.webp\" alt=\"TMR-Silage-Mischer und -Verteiler\" class=\"wp-image-17626\" srcset=\"https:\/\/www.agriculture-machine.com\/wp-content\/uploads\/2026\/04\/TMR-silage-mixer-and-spreader.webp 720w, https:\/\/www.agriculture-machine.com\/wp-content\/uploads\/2026\/04\/TMR-silage-mixer-and-spreader-360x270.webp 360w, https:\/\/www.agriculture-machine.com\/wp-content\/uploads\/2026\/04\/TMR-silage-mixer-and-spreader-240x180.webp 240w, https:\/\/www.agriculture-machine.com\/wp-content\/uploads\/2026\/04\/TMR-silage-mixer-and-spreader-16x12.webp 16w\" sizes=\"auto, (max-width: 720px) 100vw, 720px\" \/><figcaption class=\"wp-element-caption\">TMR-Silage-Mischer und -Verteiler<\/figcaption><\/figure>    <figure class=\"wp-block-image size-large\"><img loading=\"lazy\" decoding=\"async\" width=\"720\" height=\"540\" data-id=\"17625\" src=\"https:\/\/www.agriculture-machine.com\/wp-content\/uploads\/2026\/04\/feed-mixing-and-spreading-machine.webp\" alt=\"Futtermisch- und Verteilmaschine\" class=\"wp-image-17625\" srcset=\"https:\/\/www.agriculture-machine.com\/wp-content\/uploads\/2026\/04\/feed-mixing-and-spreading-machine.webp 720w, https:\/\/www.agriculture-machine.com\/wp-content\/uploads\/2026\/04\/feed-mixing-and-spreading-machine-360x270.webp 360w, https:\/\/www.agriculture-machine.com\/wp-content\/uploads\/2026\/04\/feed-mixing-and-spreading-machine-240x180.webp 240w, https:\/\/www.agriculture-machine.com\/wp-content\/uploads\/2026\/04\/feed-mixing-and-spreading-machine-16x12.webp 16w\" sizes=\"auto, (max-width: 720px) 100vw, 720px\" \/><figcaption class=\"wp-element-caption\">Futtermisch- und Verteilmaschine<\/figcaption><\/figure> <\/figure>    <h2 class=\"wp-block-heading\">Wie funktioniert der Rinderfuttermischer-Verteiler?<\/h2>    <ol class=\"wp-block-list\"> <li>Silage, Futter und Konzentrate werden \u00fcber ein hydraulisches Beladungssystem in den Trichter gef\u00fcllt.<\/li>    <li>Das Mischsystem zerkleinert und vermischt das Futter gr\u00fcndlich, um eine einheitliche TMR-Ration zu erstellen.<\/li>    <li>Nach Abschluss des Mischvorgangs wird das Futter gleichm\u00e4\u00dfig \u00fcber ein seitlich montiertes F\u00f6rderbandsystem verteilt.<\/li>    <li>Der gesamte Prozess wird durch ein Hydrauliksystem gesteuert, was einen kontinuierlichen und effizienten Betrieb gew\u00e4hrleistet.<\/li> <\/ol>    <h2 class=\"wp-block-heading\">Spezifikationen des Silagemisch- und Verteilwagens<\/h2>    <figure class=\"wp-block-table is-style-stripes\"><table class=\"has-fixed-layout\"><tbody><tr><td><strong>Artikel<\/strong><\/td><td><strong>Vertikaler Typ (5m\u00b3)<\/strong><\/td><td><strong>Horizontaler Typ (5m\u00b3)<\/strong><\/td><\/tr><tr><td>Modell<\/td><td>TMR-5 Vertikal<\/td><td>TMR-5 Horizontal<\/td><\/tr><tr><td>Kapazit\u00e4t<\/td><td>5\u202fm\u00b3<\/td><td>5\u202fm\u00b3<\/td><\/tr><tr><td>Abmessung (L\u00d7B\u00d7H)<\/td><td>5250\u00d72300\u00d72580 mm<\/td><td>4700\u00d71700\u00d72200 mm<\/td><\/tr><tr><td>Gewicht<\/td><td>2874 kg<\/td><td>3500 kg<\/td><\/tr><tr><td>Leistung<\/td><td>35 PS Dieselmotor<\/td><td>35 PS Dieselmotor<\/td><\/tr><tr><td>Fahrgestell<\/td><td>Wuzheng 5-Rad<\/td><td>Wuzheng Dreirad\/4-Rad<\/td><\/tr><tr><td>F\u00fctterungssystem<\/td><td>Hydraulischer Hebe-Trichter<\/td><td>Hydraulische F\u00fctterung<\/td><\/tr><tr><td>Entladeverfahren<\/td><td>Hydraulischer F\u00f6rderband<\/td><td>Schaber \/ F\u00f6rderbandentladung<\/td><\/tr><tr><td>Mischungstyp<\/td><td>Vertikale Schnecke<\/td><td>Horizontaler Schneckenf\u00f6rderer<\/td><\/tr><tr><td>Wiegesystem<\/td><td>Ja<\/td><td>Optional<\/td><\/tr><tr><td>Antriebssystem<\/td><td>Hydraulik<\/td><td>Kette   Hydraulik<\/td><\/tr><tr><td>Reifenanzahl<\/td><td>5 St\u00fcck<\/td><td>3\u20134 St\u00fcck<\/td><\/tr><\/tbody><\/table><figcaption class=\"wp-element-caption\">Technische Parameter des Diesel-Silage-Mischers und -Verteilers<\/figcaption><\/figure>    <figure class=\"wp-block-gallery has-nested-images columns-default is-cropped wp-block-gallery-3 is-layout-flex wp-block-gallery-is-layout-flex\"> <figure class=\"wp-block-image size-large\"><img loading=\"lazy\" decoding=\"async\" width=\"720\" height=\"540\" data-id=\"17623\" src=\"https:\/\/www.agriculture-machine.com\/wp-content\/uploads\/2026\/04\/silage-mixing-and-spreading-car.webp\" alt=\"Silagemisch- und Verteilwagen\" class=\"wp-image-17623\" srcset=\"https:\/\/www.agriculture-machine.com\/wp-content\/uploads\/2026\/04\/silage-mixing-and-spreading-car.webp 720w, https:\/\/www.agriculture-machine.com\/wp-content\/uploads\/2026\/04\/silage-mixing-and-spreading-car-360x270.webp 360w, https:\/\/www.agriculture-machine.com\/wp-content\/uploads\/2026\/04\/silage-mixing-and-spreading-car-240x180.webp 240w, https:\/\/www.agriculture-machine.com\/wp-content\/uploads\/2026\/04\/silage-mixing-and-spreading-car-16x12.webp 16w\" sizes=\"auto, (max-width: 720px) 100vw, 720px\" \/><figcaption class=\"wp-element-caption\">Silagemisch- und Verteilwagen<\/figcaption><\/figure>    <figure class=\"wp-block-image size-large\"><img loading=\"lazy\" decoding=\"async\" width=\"720\" height=\"540\" data-id=\"17624\" src=\"https:\/\/www.agriculture-machine.com\/wp-content\/uploads\/2026\/04\/vertical-feed-mixer-spreader.webp\" alt=\"Vertikaler Futtermischer-Verteiler\" class=\"wp-image-17624\" srcset=\"https:\/\/www.agriculture-machine.com\/wp-content\/uploads\/2026\/04\/vertical-feed-mixer-spreader.webp 720w, https:\/\/www.agriculture-machine.com\/wp-content\/uploads\/2026\/04\/vertical-feed-mixer-spreader-360x270.webp 360w, https:\/\/www.agriculture-machine.com\/wp-content\/uploads\/2026\/04\/vertical-feed-mixer-spreader-240x180.webp 240w, https:\/\/www.agriculture-machine.com\/wp-content\/uploads\/2026\/04\/vertical-feed-mixer-spreader-16x12.webp 16w\" sizes=\"auto, (max-width: 720px) 100vw, 720px\" \/><figcaption class=\"wp-element-caption\">Vertikaler Futtermischer-Verteiler<\/figcaption><\/figure> <\/figure>    <h2 class=\"wp-block-heading\">Wie w\u00e4hlt man einen geeigneten Silagemischer und -verteiler aus?<\/h2>    <ul class=\"wp-block-list\"> <li>Betriebsgr\u00f6\u00dfe: F\u00fcr Herden unter 200 Tieren wird ein Modell mit kleinerer Kapazit\u00e4t empfohlen; f\u00fcr Herden ab 300 Tieren wird ein 5 m\u00b3 Modell empfohlen.<\/li>    <li>Futterart: F\u00fcr Futter mit hohem Rohfasergehalt wird ein vertikales Modell empfohlen; f\u00fcr Futter mit hoher Flie\u00dff\u00e4higkeit wird ein horizontales Modell empfohlen.<\/li>    <li>Betriebspr\u00e4ferenzen: W\u00e4hlen Sie ein horizontales Modell f\u00fcr schnelle Entladung; w\u00e4hlen Sie ein vertikales Modell f\u00fcr gleichm\u00e4\u00dfige Verteilung.<\/li>    <li>Standortbedingungen: F\u00fcr enge G\u00e4nge wird ein Dreiradfahrgestell empfohlen; f\u00fcr ger\u00e4umige Weiden wird ein Vier-Rad-Modell empfohlen.<\/li> <\/ul>    <h2 class=\"wp-block-heading\">Warum sollten Sie uns w\u00e4hlen?<\/h2>    <ul class=\"wp-block-list\"> <li>Bew\u00e4hrte Erfolgsbilanz: Spezialisiert auf Viehzuchtmaschinen, unsere Produkte wurden in mehreren M\u00e4rkten getestet und validiert.<\/li>    <li>Mehrere Konfigurationen verf\u00fcgbar: vertikale und horizontale Modelle, um die Bed\u00fcrfnisse verschiedener Bauernh\u00f6fe zu erf\u00fcllen.<\/li>    <li>Zuverl\u00e4ssige Kernkomponenten: Wuzheng-Chassis   Hochleistungs-Dieselmotor, der leistungsstarke und stabile Leistung liefert.<\/li>    <li>Ma\u00dfgeschneiderte Dienstleistungen: individuelle L\u00f6sungen basierend auf Hofgr\u00f6\u00dfe und Herdenzahl.<\/li>    <li>Umfassender After-Sales-Support: Installationsanleitung, technische Schulung und langfristige Servicegarantie.<\/li> <\/ul>    <figure class=\"wp-block-gallery has-nested-images columns-default is-cropped wp-block-gallery-4 is-layout-flex wp-block-gallery-is-layout-flex\"> <figure class=\"wp-block-image size-large\"><img loading=\"lazy\" decoding=\"async\" width=\"720\" height=\"540\" data-id=\"17627\" src=\"https:\/\/www.agriculture-machine.com\/wp-content\/uploads\/2026\/04\/diesel-silage-feed-mixer-and-spreader.webp\" alt=\"Der 5m\u00b3 Diesel-TMR-Silage-Mischer und -Verteiler integriert F\u00fctterung, Mischen und Verteilung. Er verbessert die F\u00fctterungseffizienz, sorgt f\u00fcr gleichm\u00e4\u00dfige Rationen und reduziert Arbeitskosten auf mittelgro\u00dfen und gro\u00dfen H\u00f6fen.\" class=\"wp-image-17627\" srcset=\"https:\/\/www.agriculture-machine.com\/wp-content\/uploads\/2026\/04\/diesel-silage-feed-mixer-and-spreader.webp 720w, https:\/\/www.agriculture-machine.com\/wp-content\/uploads\/2026\/04\/diesel-silage-feed-mixer-and-spreader-360x270.webp 360w, https:\/\/www.agriculture-machine.com\/wp-content\/uploads\/2026\/04\/diesel-silage-feed-mixer-and-spreader-240x180.webp 240w, https:\/\/www.agriculture-machine.com\/wp-content\/uploads\/2026\/04\/diesel-silage-feed-mixer-and-spreader-16x12.webp 16w\" sizes=\"auto, (max-width: 720px) 100vw, 720px\" \/><figcaption class=\"wp-element-caption\">Diesel-Silage-Mischer und -Verteiler<\/figcaption><\/figure>    <figure class=\"wp-block-image size-large\"><img loading=\"lazy\" decoding=\"async\" width=\"720\" height=\"540\" data-id=\"17628\" src=\"https:\/\/www.agriculture-machine.com\/wp-content\/uploads\/2026\/04\/horizontal-livestock-feed-mixer-spreader.webp\" alt=\"Horizontaler Viehfuttermischer-Verteiler\" class=\"wp-image-17628\" srcset=\"https:\/\/www.agriculture-machine.com\/wp-content\/uploads\/2026\/04\/horizontal-livestock-feed-mixer-spreader.webp 720w, https:\/\/www.agriculture-machine.com\/wp-content\/uploads\/2026\/04\/horizontal-livestock-feed-mixer-spreader-360x270.webp 360w, https:\/\/www.agriculture-machine.com\/wp-content\/uploads\/2026\/04\/horizontal-livestock-feed-mixer-spreader-240x180.webp 240w, https:\/\/www.agriculture-machine.com\/wp-content\/uploads\/2026\/04\/horizontal-livestock-feed-mixer-spreader-16x12.webp 16w\" sizes=\"auto, (max-width: 720px) 100vw, 720px\" \/><figcaption class=\"wp-element-caption\">Horizontaler Viehfuttermischer-Verteiler<\/figcaption><\/figure> <\/figure>    <h2 class=\"wp-block-heading\">FAQ<\/h2>   <div id=\"rank-math-faq\" class=\"rank-math-block\"> <div class=\"rank-math-list\"> <div id=\"faq-question-1775630970816\" class=\"rank-math-list-item\"> <h3 class=\"rank-math-question\">Was ist der Unterschied zwischen vertikalen und horizontalen Modellen?<\/h3> <div class=\"rank-math-answer\">  <p>Vertikale Mischer sorgen f\u00fcr eine gleichm\u00e4\u00dfigere Mischung und sind f\u00fcr faserreiches Futter geeignet; horizontale Mischer entladen schneller und eignen sich f\u00fcr eine effiziente F\u00fctterung.<\/p>  <\/div> <\/div> <div id=\"faq-question-1775630981229\" class=\"rank-math-list-item\"> <h3 class=\"rank-math-question\">Wie viele K\u00fche kann eine Einheit f\u00fcttern?<\/h3> <div class=\"rank-math-answer\">  <p>Das 5m\u00b3 Modell des Silagemischers und -verteilers kann den t\u00e4glichen F\u00fctterungsbedarf von etwa 200\u2013500 K\u00fchen decken.<\/p>  <\/div> <\/div> <div id=\"faq-question-1775631005344\" class=\"rank-math-list-item\"> <h3 class=\"rank-math-question\">Ist die Bedienung der Ausr\u00fcstung schwierig?<\/h3> <div class=\"rank-math-answer\">  <p>Mit vollhydraulischer Steuerung kann ein einzelner Bediener das Beladen, Mischen und Verteilen \u00fcbernehmen.<\/p>  <\/div> <\/div> <div id=\"faq-question-1775631016914\" class=\"rank-math-list-item\"> <h3 class=\"rank-math-question\">Ist ein Dieselmotor erforderlich?<\/h3> <div class=\"rank-math-answer\">  <p>Dieselmotoren eignen sich f\u00fcr mobile Eins\u00e4tze im Freien, aber wir bieten auch Elektromotor-Modelle als Option an.<\/p>  <\/div> <\/div> <\/div> <\/div>   <p class=\"translation-block\">Wir bieten auch eine Vielzahl von F\u00fctterungsausr\u00fcstungen an, darunter <strong><em><a href=\"https:\/\/www.agriculture-machine.com\/de\/silage-spreader-feeding-car\/\">motorisierte Futterverteiler<\/a><\/em><\/strong> und <strong><em><a href=\"https:\/\/www.agriculture-machine.com\/de\/horizontal-tmr-feed-mixer-for-sale-forage-mixer-mash-mixer\/\">station\u00e4re Silage-Futtermischer<\/a><\/em><\/strong>, um die Bed\u00fcrfnisse verschiedener H\u00f6fe zu erf\u00fcllen. Kontaktieren Sie uns gerne f\u00fcr detaillierte Vorschl\u00e4ge und Angebote; wir sind hier, um Ihnen eine Komplettl\u00f6sung f\u00fcr die Hofmechanisierung zu bieten.<\/p>","protected":false},"excerpt":{"rendered":"<p>Der 5m\u00b3 Diesel-TMR-Silage-Mischer und -Verteiler integriert F\u00fctterung, Mischen und Verteilen. Er verbessert die F\u00fctterungseffizienz, sorgt f\u00fcr gleichm\u00e4\u00dfige Rationen und reduziert die Arbeitskosten f\u00fcr mittelgro\u00dfe und gro\u00dfe Bauernh\u00f6fe.<\/p>","protected":false},"author":1,"featured_media":17630,"parent":0,"comment_status":"open","ping_status":"closed","template":"","tags":[772,591],"product-type":[2],"class_list":["post-17620","product","type-product","status-publish","has-post-thumbnail","hentry","tag-forage","tag-silage","product-type-products"],"_links":{"self":[{"href":"https:\/\/www.agriculture-machine.com\/de\/wp-json\/wp\/v2\/product\/17620","targetHints":{"allow":["GET"]}}],"collection":[{"href":"https:\/\/www.agriculture-machine.com\/de\/wp-json\/wp\/v2\/product"}],"about":[{"href":"https:\/\/www.agriculture-machine.com\/de\/wp-json\/wp\/v2\/types\/product"}],"author":[{"embeddable":true,"href":"https:\/\/www.agriculture-machine.com\/de\/wp-json\/wp\/v2\/users\/1"}],"replies":[{"embeddable":true,"href":"https:\/\/www.agriculture-machine.com\/de\/wp-json\/wp\/v2\/comments?post=17620"}],"wp:featuredmedia":[{"embeddable":true,"href":"https:\/\/www.agriculture-machine.com\/de\/wp-json\/wp\/v2\/media\/17630"}],"wp:attachment":[{"href":"https:\/\/www.agriculture-machine.com\/de\/wp-json\/wp\/v2\/media?parent=17620"}],"wp:term":[{"taxonomy":"post_tag","embeddable":true,"href":"https:\/\/www.agriculture-machine.com\/de\/wp-json\/wp\/v2\/tags?post=17620"},{"taxonomy":"product-type","embeddable":true,"href":"https:\/\/www.agriculture-machine.com\/de\/wp-json\/wp\/v2\/product-type?post=17620"}],"curies":[{"name":"wp","href":"https:\/\/api.w.org\/{rel}","templated":true}]}}