{"id":17641,"date":"2026-04-17T15:23:34","date_gmt":"2026-04-17T07:23:34","guid":{"rendered":"https:\/\/www.agriculture-machine.com\/?post_type=product&#038;p=17641"},"modified":"2026-04-17T15:23:35","modified_gmt":"2026-04-17T07:23:35","slug":"tmr-vertical-feed-mixer","status":"publish","type":"product","link":"https:\/\/www.agriculture-machine.com\/de\/tmr-vertical-feed-mixer\/","title":{"rendered":"TMR Vertikaler Futtermischer | Silage-Mischwagen"},"content":{"rendered":"<p>Der vertikale TMR-Futtermischer wird f\u00fcr die Herstellung von vollgemischten Rationen auf Gro\u00dfbetrieben eingesetzt. Das vertikale Schneckenmischsystem vermischt Silage, Heu, Stroh, Konzentrate und Mineralstoffzus\u00e4tze gr\u00fcndlich in den richtigen Anteilen, um eine ern\u00e4hrungsphysiologisch ausgewogene F\u00fctterung zu gew\u00e4hrleisten.<\/p>    <p>Das Ger\u00e4t ist in Kapazit\u00e4ten von 3 bis 36 m\u00b3 erh\u00e4ltlich. Das g\u00e4ngige 7 m\u00b3 Modell (9JGL-7) erf\u00fcllt die t\u00e4glichen Anforderungen mittelgro\u00dfer Rinderbetriebe und erreicht in der Regel eine gleichm\u00e4\u00dfige Mischung innerhalb von 5 bis 15 Minuten. <\/p>    <p>Mit einer Produktionskapazit\u00e4t von ca. 3.000\u20134.000 kg\/h und einem Antriebssystem von 70 PS oder mehr eignet er sich f\u00fcr Viehzuchtbetriebe, die Rinder, Schafe und andere Tiere halten.<\/p>    <p>Der vertikale Futtermischer verf\u00fcgt \u00fcber verschlei\u00dffeste Legierungsklingen und eine verst\u00e4rkte Stahlplattenkonstruktion, kombiniert mit einem Wiegesystem und einem hochfesten Getriebedesign. Dies verbessert die Futtergleichm\u00e4\u00dfigkeit, reduziert selektives Fressen und erh\u00f6ht die Futterverwertung, was ihn zu einem unverzichtbaren Ger\u00e4t f\u00fcr moderne, standardisierte Viehzuchtbetriebe macht.<\/p>    <figure class=\"wp-block-embed aligncenter is-type-video is-provider-youtube wp-block-embed-youtube wp-embed-aspect-16-9 wp-has-aspect-ratio\"><div class=\"wp-block-embed__wrapper\"> <iframe loading=\"lazy\" title=\"Vertikaler TMR-Silage-Futtermischer | Hochleistungs-Landwirtschaftsf\u00fctterungsl\u00f6sung \ud83d\ude9c\ud83d\udc04#silage #mischer\" width=\"500\" height=\"281\" src=\"https:\/\/www.youtube.com\/embed\/fKL42jTkmH4?feature=oembed\" frameborder=\"0\" allow=\"accelerometer; autoplay; clipboard-write; encrypted-media; gyroscope; picture-in-picture; web-share\" referrerpolicy=\"strict-origin-when-cross-origin\" allowfullscreen><\/iframe> <\/div><figcaption class=\"wp-element-caption\">Arbeitsvideo des TMR-Silage-Vertikalfuttermischers<\/figcaption><\/figure>    <h2 class=\"wp-block-heading\">Anwendungen von Viehfuttermaschinen<\/h2>    <p>Dieses Ger\u00e4t wird h\u00e4ufig auf Milchviehbetrieben, Rinderfarmen, Schafzuchtbetrieben und gro\u00dfen Viehzuchtanlagen eingesetzt.<\/p>    <p>Es kann f\u00fcr die gleichm\u00e4\u00dfige Mischung und Vermischung von Silage-Mais, Luzerne, Heu, Stroh und Konzentraten verwendet werden. Es hilft, ein wissenschaftliches TMR-F\u00fctterungssystem aufzubauen und die landwirtschaftliche Effizienz insgesamt zu verbessern.<\/p>    <h2 class=\"wp-block-heading\">Vorteile des Vertikalfuttermischers<\/h2>    <ul class=\"wp-block-list\"> <li>Vertikales Spiraldesign f\u00fcr hohe Schneid- und Mischleistung.<\/li>    <li>Legierungsverschlei\u00dffeste Klingen, geeignet zum Schneiden von langfaserigem Stroh.<\/li>    <li>Verhindert effektiv das selektive Fressen durch Tiere und verbessert die Di\u00e4tbalance.<\/li>    <li>Einfaches Design, niedrige Wartungskosten und hervorragende Kosteneffizienz.<\/li>    <li>Ausgestattet mit einem Wiegesystem f\u00fcr pr\u00e4zisere Chargenbildung.<\/li>    <li>Verst\u00e4rkte Stahlplattenkonstruktion f\u00fcr eine l\u00e4ngere Lebensdauer.<\/li>    <li>Unterst\u00fctzt mehrere Energieoptionen: Diesel, Elektromotor oder Traktor.<\/li> <\/ul>    <figure class=\"wp-block-gallery has-nested-images columns-default is-cropped wp-block-gallery-2 is-layout-flex wp-block-gallery-is-layout-flex\"> <figure class=\"wp-block-image size-large\"><img loading=\"lazy\" decoding=\"async\" width=\"720\" height=\"540\" data-id=\"17646\" src=\"https:\/\/www.agriculture-machine.com\/wp-content\/uploads\/2026\/04\/feed-blending-machine.webp\" alt=\"Futtermischmaschine\" class=\"wp-image-17646\" srcset=\"https:\/\/www.agriculture-machine.com\/wp-content\/uploads\/2026\/04\/feed-blending-machine.webp 720w, https:\/\/www.agriculture-machine.com\/wp-content\/uploads\/2026\/04\/feed-blending-machine-360x270.webp 360w, https:\/\/www.agriculture-machine.com\/wp-content\/uploads\/2026\/04\/feed-blending-machine-240x180.webp 240w, https:\/\/www.agriculture-machine.com\/wp-content\/uploads\/2026\/04\/feed-blending-machine-16x12.webp 16w\" sizes=\"auto, (max-width: 720px) 100vw, 720px\" \/><figcaption class=\"wp-element-caption\">Futtermischmaschine<\/figcaption><\/figure>    <figure class=\"wp-block-image size-large\"><img loading=\"lazy\" decoding=\"async\" width=\"720\" height=\"540\" data-id=\"17647\" src=\"https:\/\/www.agriculture-machine.com\/wp-content\/uploads\/2026\/04\/vertical-silage-mixer-machine.webp\" alt=\"Vertikaler Silagemischer\" class=\"wp-image-17647\" srcset=\"https:\/\/www.agriculture-machine.com\/wp-content\/uploads\/2026\/04\/vertical-silage-mixer-machine.webp 720w, https:\/\/www.agriculture-machine.com\/wp-content\/uploads\/2026\/04\/vertical-silage-mixer-machine-360x270.webp 360w, https:\/\/www.agriculture-machine.com\/wp-content\/uploads\/2026\/04\/vertical-silage-mixer-machine-240x180.webp 240w, https:\/\/www.agriculture-machine.com\/wp-content\/uploads\/2026\/04\/vertical-silage-mixer-machine-16x12.webp 16w\" sizes=\"auto, (max-width: 720px) 100vw, 720px\" \/><figcaption class=\"wp-element-caption\">Vertikaler Silagemischer<\/figcaption><\/figure> <\/figure>    <h2 class=\"wp-block-heading\">Technische Daten des TMR-Mischwagens<\/h2>    <figure class=\"wp-block-table is-style-stripes\"><table class=\"has-fixed-layout\"><tbody><tr><td><strong>Artikel<\/strong><\/td><td><strong>Spezifikation<\/strong><\/td><td><strong>Artikel<\/strong><\/td><td><strong>Spezifikation<\/strong><\/td><\/tr><tr><td>Modell<\/td><td>9JGL-7<\/td><td>Mischvolumen<\/td><td>7 m\u00b3<\/td><\/tr><tr><td>Struktur<\/td><td>Vertikale Zugart<\/td><td>Energiequelle<\/td><td>Traktor-PTO<\/td><\/tr><tr><td>Ben\u00f6tigte Leistung<\/td><td>\u226570 PS<\/td><td>Getriebehersteller<\/td><td>Jiangling-Reduzierer<\/td><\/tr><tr><td>Hauptwellen-Drehzahl<\/td><td>23 U\/min<\/td><td>Hauptwellenanzahl<\/td><td>1<\/td><\/tr><tr><td>Klingenanzahl<\/td><td>7 gro\u00dfe   6 kleine<\/td><td>Klingenmaterial<\/td><td>Cr12MoV<\/td><\/tr><tr><td>Maschinengr\u00f6\u00dfe<\/td><td>3700 \u00d7 2200 \u00d7 2300 mm<\/td><td>Obertankgr\u00f6\u00dfe<\/td><td>2700 \u00d7 2100 mm<\/td><\/tr><tr><td>Stahlst\u00e4rke<\/td><td>Seite 8 mm \/ Boden 20 mm<\/td><td>Ausgangskapazit\u00e4t<\/td><td>3000\u20134000 kg\/h<\/td><\/tr><tr><td>Steuerungssystem<\/td><td>Wiegesystem<\/td><td>Entladungs\u00f6ffnung<\/td><td>1<\/td><\/tr><tr><td>F\u00fctterungsmethode<\/td><td>Oberladung<\/td><td>Betriebsart<\/td><td>Zugtyp<\/td><\/tr><\/tbody><\/table><figcaption class=\"wp-element-caption\">Technische Parameter des 7 m\u00b3 Vertikalfuttermischers<\/figcaption><\/figure>    <figure class=\"wp-block-gallery has-nested-images columns-default is-cropped wp-block-gallery-3 is-layout-flex wp-block-gallery-is-layout-flex\"> <figure class=\"wp-block-image size-large\"><img loading=\"lazy\" decoding=\"async\" width=\"720\" height=\"540\" data-id=\"17649\" src=\"https:\/\/www.agriculture-machine.com\/wp-content\/uploads\/2026\/04\/vertical-feed-mixer.webp\" alt=\"Vertikaler Futtermischer\" class=\"wp-image-17649\" srcset=\"https:\/\/www.agriculture-machine.com\/wp-content\/uploads\/2026\/04\/vertical-feed-mixer.webp 720w, https:\/\/www.agriculture-machine.com\/wp-content\/uploads\/2026\/04\/vertical-feed-mixer-360x270.webp 360w, https:\/\/www.agriculture-machine.com\/wp-content\/uploads\/2026\/04\/vertical-feed-mixer-240x180.webp 240w, https:\/\/www.agriculture-machine.com\/wp-content\/uploads\/2026\/04\/vertical-feed-mixer-16x12.webp 16w\" sizes=\"auto, (max-width: 720px) 100vw, 720px\" \/><figcaption class=\"wp-element-caption\">Vertikaler Futtermischer<\/figcaption><\/figure>    <figure class=\"wp-block-image size-large\"><img loading=\"lazy\" decoding=\"async\" width=\"720\" height=\"540\" data-id=\"17648\" src=\"https:\/\/www.agriculture-machine.com\/wp-content\/uploads\/2026\/04\/total-mixed-ration-mixer.webp\" alt=\"Vollgemischter Ration-Mischer\" class=\"wp-image-17648\" srcset=\"https:\/\/www.agriculture-machine.com\/wp-content\/uploads\/2026\/04\/total-mixed-ration-mixer.webp 720w, https:\/\/www.agriculture-machine.com\/wp-content\/uploads\/2026\/04\/total-mixed-ration-mixer-360x270.webp 360w, https:\/\/www.agriculture-machine.com\/wp-content\/uploads\/2026\/04\/total-mixed-ration-mixer-240x180.webp 240w, https:\/\/www.agriculture-machine.com\/wp-content\/uploads\/2026\/04\/total-mixed-ration-mixer-16x12.webp 16w\" sizes=\"auto, (max-width: 720px) 100vw, 720px\" \/><figcaption class=\"wp-element-caption\">Vollgemischter Ration-Mischer<\/figcaption><\/figure> <\/figure>    <h2 class=\"wp-block-heading\">Arbeitsprinzip des vertikalen TMR-Silage-Mischers<\/h2>    <p>Sobald die Rohstoffe \u00fcber die Lade\u00f6ffnung in die Mischkammer gelangen, werden sie vertikal angehoben und durch die vertikale Spiralwellenwelle geschnitten, w\u00e4hrend die unteren Klingen eine sekund\u00e4re Zerkleinerung durchf\u00fchren. Dies stellt sicher, dass verschiedene Rohstoffe kontinuierlich im Inneren der Kammer gewendet und gemischt werden. <\/p>    <p>In Verbindung mit einem Wiegesystem, das das Mischungsverh\u00e4ltnis pr\u00e4zise steuert, wird die Mischung letztlich gleichm\u00e4\u00dfig durch die Entladung ausgetragen, was die F\u00fctterung von gleichm\u00e4\u00dfig gemischten Vollrationen erm\u00f6glicht.<\/p>    <h2 class=\"wp-block-heading\">Wie w\u00e4hlt man den richtigen TMR-Mischer aus?<\/h2>    <p>Bei der Auswahl eines TMR-Mischers sollte die Entscheidung auf der Betriebsgr\u00f6\u00dfe, der t\u00e4glichen Futteraufnahme und den Standortbedingungen basieren. Es ist auch wichtig, die Energiequelle (Elektromotor, Traktor oder Diesel) sowie die Notwendigkeit eines Wiegesystems und automatisierter Funktionen zu ber\u00fccksichtigen.<\/p>    <p>Kleinbetriebe k\u00f6nnen Modelle mit 3\u20137 m\u00b3 Kapazit\u00e4t w\u00e4hlen; mittelgro\u00dfe Betriebe sollten Modelle mit 7\u201315 m\u00b3 w\u00e4hlen. F\u00fcr gro\u00dfe Betriebe sind Ger\u00e4te mit 20 m\u00b3 oder mehr (wie im Bild unten gezeigt) am besten geeignet.<\/p>    <figure class=\"wp-block-gallery has-nested-images columns-default is-cropped wp-block-gallery-4 is-layout-flex wp-block-gallery-is-layout-flex\"> <figure class=\"wp-block-image size-large\"><img loading=\"lazy\" decoding=\"async\" width=\"720\" height=\"540\" data-id=\"17650\" src=\"https:\/\/www.agriculture-machine.com\/wp-content\/uploads\/2026\/04\/20-m\u00b3-vertical-feed-mixer.webp\" alt=\"20 m\u00b3 Vertikalfuttermischer\" class=\"wp-image-17650\" srcset=\"https:\/\/www.agriculture-machine.com\/wp-content\/uploads\/2026\/04\/20-m\u00b3-vertical-feed-mixer.webp 720w, https:\/\/www.agriculture-machine.com\/wp-content\/uploads\/2026\/04\/20-m\u00b3-vertical-feed-mixer-360x270.webp 360w, https:\/\/www.agriculture-machine.com\/wp-content\/uploads\/2026\/04\/20-m\u00b3-vertical-feed-mixer-240x180.webp 240w, https:\/\/www.agriculture-machine.com\/wp-content\/uploads\/2026\/04\/20-m\u00b3-vertical-feed-mixer-16x12.webp 16w\" sizes=\"auto, (max-width: 720px) 100vw, 720px\" \/><figcaption class=\"wp-element-caption\">20 m\u00b3 Vertikalfuttermischer<\/figcaption><\/figure>    <figure class=\"wp-block-image size-large\"><img loading=\"lazy\" decoding=\"async\" width=\"720\" height=\"540\" data-id=\"17651\" src=\"https:\/\/www.agriculture-machine.com\/wp-content\/uploads\/2026\/04\/large-feed-mixing-wagon.webp\" alt=\"gro\u00dfer Futtermischwagen\" class=\"wp-image-17651\" srcset=\"https:\/\/www.agriculture-machine.com\/wp-content\/uploads\/2026\/04\/large-feed-mixing-wagon.webp 720w, https:\/\/www.agriculture-machine.com\/wp-content\/uploads\/2026\/04\/large-feed-mixing-wagon-360x270.webp 360w, https:\/\/www.agriculture-machine.com\/wp-content\/uploads\/2026\/04\/large-feed-mixing-wagon-240x180.webp 240w, https:\/\/www.agriculture-machine.com\/wp-content\/uploads\/2026\/04\/large-feed-mixing-wagon-16x12.webp 16w\" sizes=\"auto, (max-width: 720px) 100vw, 720px\" \/><figcaption class=\"wp-element-caption\">gro\u00dfer Futtermischwagen<\/figcaption><\/figure> <\/figure>    <h2 class=\"wp-block-heading\">Warum sollten Sie uns w\u00e4hlen?<\/h2>    <p>Wir sind spezialisiert auf Forschung, Entwicklung und Herstellung von Viehfutteranlagen. Unsere Ger\u00e4te sind aus hochfesten, industriellen Materialien gefertigt und verf\u00fcgen \u00fcber bew\u00e4hrte Konstruktionsdesigns, die einen langfristigen, zuverl\u00e4ssigen Betrieb gew\u00e4hrleisten.<\/p>    <p class=\"translation-block\">Wir liefern auch <strong><em><a href=\"https:\/\/www.agriculture-machine.com\/de\/horizontal-tmr-feed-mixer-for-sale-forage-mixer-mash-mixer\/\">horizontalen TMR-Futtermischer<\/a><\/em><\/strong> und <strong><em><a href=\"https:\/\/www.agriculture-machine.com\/de\/tmr-silage-mixer-and-spreader\/\">Futterverteilmaschinen<\/a><\/em><\/strong>, um den Bed\u00fcrfnissen von Betrieben jeder Gr\u00f6\u00dfe gerecht zu werden. Kontaktieren Sie uns gerne f\u00fcr detaillierte L\u00f6sungen und Angebote, um ein effizienteres, modernes F\u00fctterungssystem zu schaffen.<\/p>","protected":false},"excerpt":{"rendered":"<p>Der TMR-Vertikalfuttermischer ist so konzipiert, dass Silage und Konzentrate gleichm\u00e4\u00dfig vermischt werden, um die Futterverwertung zu verbessern, und eignet sich f\u00fcr gro\u00dfe Rinder- und Schafbetriebe.<\/p>","protected":false},"author":1,"featured_media":17652,"parent":0,"comment_status":"open","ping_status":"closed","template":"","tags":[772,591],"product-type":[2],"class_list":["post-17641","product","type-product","status-publish","has-post-thumbnail","hentry","tag-forage","tag-silage","product-type-products"],"_links":{"self":[{"href":"https:\/\/www.agriculture-machine.com\/de\/wp-json\/wp\/v2\/product\/17641","targetHints":{"allow":["GET"]}}],"collection":[{"href":"https:\/\/www.agriculture-machine.com\/de\/wp-json\/wp\/v2\/product"}],"about":[{"href":"https:\/\/www.agriculture-machine.com\/de\/wp-json\/wp\/v2\/types\/product"}],"author":[{"embeddable":true,"href":"https:\/\/www.agriculture-machine.com\/de\/wp-json\/wp\/v2\/users\/1"}],"replies":[{"embeddable":true,"href":"https:\/\/www.agriculture-machine.com\/de\/wp-json\/wp\/v2\/comments?post=17641"}],"wp:featuredmedia":[{"embeddable":true,"href":"https:\/\/www.agriculture-machine.com\/de\/wp-json\/wp\/v2\/media\/17652"}],"wp:attachment":[{"href":"https:\/\/www.agriculture-machine.com\/de\/wp-json\/wp\/v2\/media?parent=17641"}],"wp:term":[{"taxonomy":"post_tag","embeddable":true,"href":"https:\/\/www.agriculture-machine.com\/de\/wp-json\/wp\/v2\/tags?post=17641"},{"taxonomy":"product-type","embeddable":true,"href":"https:\/\/www.agriculture-machine.com\/de\/wp-json\/wp\/v2\/product-type?post=17641"}],"curies":[{"name":"wp","href":"https:\/\/api.w.org\/{rel}","templated":true}]}}