{"id":180,"date":"2018-07-12T07:09:54","date_gmt":"2018-07-11T23:09:54","guid":{"rendered":"https:\/\/www.agriculture-machine.com\/?p=180"},"modified":"2024-08-20T17:41:00","modified_gmt":"2024-08-20T09:41:00","slug":"peanut-sheller","status":"publish","type":"product","link":"https:\/\/www.agriculture-machine.com\/de\/peanut-sheller\/","title":{"rendered":"Erdnuss-Sch\u00e4ler \/ Erdnusssch\u00e4lmaschine \/ Fabrik"},"content":{"rendered":"<h2 class=\"wp-block-heading\">Kurze Einf\u00fchrung in die Erdnuss-Sch\u00e4lermaschine<\/h2>    <p class=\"translation-block\">Die Erdnuss-Sch\u00e4lermaschine entfernt haupts\u00e4chlich die Schalen der Erdn\u00fcsse, das hei\u00dft, durch den Hochgeschwindigkeitsdrehk\u00f6rper werden die Schalen der Erdn\u00fcsse entfernt, wobei die Erdn\u00fcsse intakt bleiben. Die Erdnuss-Sch\u00e4lermaschine wird auch <strong>Erdnuss-Sch\u00e4ler<\/strong> oder Erdnusssch\u00e4lmaschine genannt.<\/p>    <p class=\"translation-block\">Wir haben 2 Arten von <strong>Erdnuss-Sch\u00e4lmaschinen<\/strong>, und verschiedene Typen haben unterschiedliche Kapazit\u00e4ten, n\u00e4mlich 200 kg\/h und 600-800 kg\/h. Sie k\u00f6nnen die kleinere f\u00fcr den Hausgebrauch w\u00e4hlen, und beide sind bei der Arbeit sehr leistungsf\u00e4hig.<\/p>    <center><\/center>    <center> <p><\/p><\/center>   <p><iframe loading=\"lazy\" title=\"Feedback-Video der Erdnuss-Sch\u00e4ler-Sch\u00e4lmaschine \/ Erdnusssch\u00e4lmaschine\" width=\"500\" height=\"281\" src=\"https:\/\/www.youtube.com\/embed\/dxo5IU9mOk4?feature=oembed\" frameborder=\"0\" allow=\"accelerometer; autoplay; clipboard-write; encrypted-media; gyroscope; picture-in-picture; web-share\" referrerpolicy=\"strict-origin-when-cross-origin\" allowfullscreen><\/iframe><\/p>   <p><iframe loading=\"lazy\" title=\"800 kg\/h Erdnuss-Sch\u00e4ler \/ Erdnusssch\u00e4lmaschine \/ Sch\u00e4lmaschine f\u00fcr Erdn\u00fcsse\" width=\"500\" height=\"281\" src=\"https:\/\/www.youtube.com\/embed\/R4L8zYg9cd8?feature=oembed\" frameborder=\"0\" allow=\"accelerometer; autoplay; clipboard-write; encrypted-media; gyroscope; picture-in-picture; web-share\" referrerpolicy=\"strict-origin-when-cross-origin\" allowfullscreen><\/iframe><\/p>    <p class=\"translation-block\"><strong>Typ eins (200 kg\/h)<\/strong><\/p>    <center><img decoding=\"async\" src=\"https:\/\/www.agriculture-machine.com\/wp-content\/uploads\/2018\/07\/Peanut-Sheller01.jpg\" alt=\"Erdnuss-Sch\u00e4ler01\"><\/center>    <h2 class=\"wp-block-heading\">Technische Parameter der Erdnuss-Sch\u00e4lermaschine<\/h2>    <div class=\"table-responsive\"> <table class=\"table table-striped\"> <tbody> <tr> <td width=\"187\">Modell<\/td> <td width=\"349\">TBX- 200<\/td> <\/tr> <tr> <td width=\"187\">Kapazit\u00e4t<\/td> <td width=\"349\">200 kg\/h<\/td> <\/tr> <tr> <td width=\"187\">Gr\u00f6\u00dfe<\/td> <td width=\"349\">650*560*1000mm<\/td> <\/tr> <tr> <td width=\"187\">Gewicht<\/td> <td width=\"349\">40kg<\/td> <\/tr> <tr> <td width=\"187\">Motor<\/td> <td width=\"349\">2,2 kW Motor, Benzin- oder Dieselmotor<\/td> <\/tr> <\/tbody> <\/table> <\/div>    <h2 class=\"wp-block-heading\">Detaillierte Bilder der Erdnuss-Sch\u00e4lermaschine<\/h2>    <p class=\"translation-block\"><img decoding=\"async\" style=\"width: 345px; float: left; margin-right: 10px; margin-bottom: 10px;\" src=\"https:\/\/www.agriculture-machine.com\/wp-content\/uploads\/2018\/07\/Peanut-Sheller03.jpg\" alt=\"Peanut-Sheller03\"><img decoding=\"async\" style=\"width: 345px; margin-bottom: 10px;\" src=\"https:\/\/www.agriculture-machine.com\/wp-content\/uploads\/2018\/07\/Peanut-Sheller04.jpg\" alt=\"Peanut-Sheller04\"><br><img decoding=\"async\" style=\"width: 345px; float: left; margin-right: 10px;\" src=\"https:\/\/www.agriculture-machine.com\/wp-content\/uploads\/2018\/07\/Peanut-Sheller05.jpg\" alt=\"Peanut-Sheller05\"><img decoding=\"async\" style=\"width: 345px;\" src=\"https:\/\/www.agriculture-machine.com\/wp-content\/uploads\/2018\/07\/Peanut-Sheller06.jpg\" alt=\"Peanut-Sheller06\"><br><strong>Type two(600-800kg\/h\uff09<\/strong><\/p>    <h2 class=\"wp-block-heading\">Technische Parameter der Erdnuss-Sch\u00e4lermaschine<\/h2>    <div class=\"table-responsive\"> <table class=\"table table-striped\"> <tbody> <tr> <td width=\"210\"><strong><b>Modell<\/b><\/strong><\/td> <td width=\"353\"><strong><b>TBH-800<\/b><\/strong><\/td> <\/tr> <tr> <td width=\"210\"><strong><b>Leistung<\/b><\/strong><\/td> <td width=\"353\"><strong><b>3KW-Motor oder Benzin- oder Dieselmotor<\/b><\/strong><\/td> <\/tr> <tr> <td width=\"210\"><strong><b>Gr\u00f6\u00dfe<\/b><\/strong><\/td> <td width=\"353\"><strong><b>1330x750x1570mm<\/b><\/strong><\/td> <\/tr> <tr> <td width=\"210\"><strong><b>Kapazit\u00e4t<\/b><\/strong><\/td> <td width=\"353\"><strong><b>600-800kg\/h<\/b><\/strong><\/td> <\/tr> <tr> <td width=\"210\"><strong><b>Gewicht<\/b><\/strong><\/td> <td width=\"353\"><strong><b>160kg<\/b><\/strong><\/td> <\/tr> <\/tbody> <\/table> <\/div>    <h2 class=\"wp-block-heading\">Funktionsprinzip von <a href=\"https:\/\/www.agriculture-machine.com\/de\/combined-peanut-cleaning-and-shelling-machine\/\">Erdnuss-Sch\u00e4lmaschine<\/a><\/h2>    <p>1. Der Bediener legt die Erdn\u00fcsse nach dem Anlaufen der Maschine mehrere Minuten lang von Hand in den Einlass.<br>2. Erdn\u00fcsse fallen in die Gummiwalze. Aufgrund der Kraft zwischen der Rotation der Gummiwalze werden die Erdnusskerne und die Schalen getrennt.<br>3. Dann fallen die Erdn\u00fcsse gleichzeitig auf das Gitter, und die Schalen werden durch den Wind ausgeblasen.<br>4. Bei der kleineren Erdnuss-Sch\u00e4lmaschine ist der Vorgang abgeschlossen, und Sie erhalten saubere Erdnusskerne.<br>5. Bei gro\u00dfen Erdnuss-Sch\u00e4lmaschinen fallen einige ungesch\u00e4lte Erdn\u00fcsse in den Dichte-Sortiersieb. Diese Erdn\u00fcsse mit Schalen werden von einem Kunststoffheber transportiert und dann wieder in die Walze gef\u00fchrt, um erneut gesch\u00e4lt zu werden. Schlie\u00dflich fallen die Kerne in den Beh\u00e4lter.<\/p>    <center><img decoding=\"async\" src=\"https:\/\/www.agriculture-machine.com\/wp-content\/uploads\/2018\/07\/Peanut-Sheller02.jpg\" alt=\"Erdnuss-Sch\u00e4ler02\"><\/center>    <h2 class=\"wp-block-heading\">Anforderungen an die Erdnuss-Sch\u00e4lermaschine<\/h2>    <p>1. Anforderungen an die Erdnuss-Sch\u00e4lmaschine. Es ist verboten, harte Gegenst\u00e4nde in die Maschine fallen zu lassen.<br>2. Anforderungen an Erdn\u00fcsse. Erdn\u00fcsse sollten nicht zu trocken oder zu nass sein, da dies die Sch\u00e4lrate verringert und die Arbeitseffizienz beeintr\u00e4chtigt.<\/p>    <h2 class=\"wp-block-heading\">Vorteile der Erdnuss-Sch\u00e4lermaschine<\/h2>    <p>1. Der Erdnuss-Sch\u00e4ler integriert Erdnusssch\u00e4len, Lufttransport und Trennung als Ganzes und arbeitet mit hoher Effizienz (600-800 kg\/h). Die Sch\u00e4lrate kann 97 % oder mehr erreichen.<br>2. Vier R\u00e4der erleichtern die Bewegung.<br>3. Geringe Bruchrate. Alle Erdn\u00fcsse k\u00f6nnen nach dem Sch\u00e4lvorgang unzerbrochen bleiben.<br>4. Hohe Reinigungsrate. Es gibt eine Abdeckung am Ausgang der Erdnusskerne, die effektiv verhindert, dass die Schale herauskommt, und verbessert die Reinigungsrate.<br>5. Anstatt eine Stahlwalze zu verwenden, verursacht eine Gummiwalze keinen Schaden an der Erdnuss selbst.<br>6. Dank des Kunststoffhebers an der Seite der Maschine k\u00f6nnen kleine Erdn\u00fcsse und nicht vollst\u00e4ndig gesch\u00e4lte Erdn\u00fcsse erneut gesch\u00e4lt werden.<\/p>    <figure class=\"wp-block-image aligncenter\"><img decoding=\"async\" src=\"https:\/\/www.agriculture-machine.com\/wp-content\/uploads\/2018\/07\/Peanut-Sheller8.jpg\" alt=\"Erdnuss-Sch\u00e4ler8\"\/><\/figure>    <figure class=\"wp-block-image aligncenter\"><img decoding=\"async\" src=\"https:\/\/www.agriculture-machine.com\/wp-content\/uploads\/2018\/07\/Peanut-Sheller6-1.jpg\" alt=\"Erdnuss-Sch\u00e4ler6-1\"\/><\/figure>    <figure class=\"wp-block-image aligncenter\"><img decoding=\"async\" src=\"https:\/\/www.agriculture-machine.com\/wp-content\/uploads\/2018\/07\/Peanut-Sheller4-1.jpg\" alt=\"Erdnuss-Sch\u00e4ler4-1\"\/><\/figure>    <figure class=\"wp-block-image aligncenter\"><img decoding=\"async\" src=\"https:\/\/www.agriculture-machine.com\/wp-content\/uploads\/2018\/07\/Peanut-Sheller3-1.jpg\" alt=\"Erdnuss-Sch\u00e4ler3-1\"\/><\/figure>    <figure class=\"wp-block-image aligncenter\"><img decoding=\"async\" src=\"https:\/\/www.agriculture-machine.com\/wp-content\/uploads\/2018\/07\/Peanut-Sheller2-1.jpg\" alt=\"Erdnuss-Sch\u00e4ler2-1\"\/><\/figure>    <figure class=\"wp-block-image aligncenter\"><img decoding=\"async\" src=\"https:\/\/www.agriculture-machine.com\/wp-content\/uploads\/2018\/07\/Peanut-Sheller1-1.jpg\" alt=\"Erdnuss-Sch\u00e4ler1-1\"\/><\/figure>    <h2 class=\"wp-block-heading\">Vorsichtsma\u00dfnahmen f\u00fcr die Erdnuss-Sch\u00e4lermaschine<\/h2>    <p>1. W\u00e4hrend des Betriebs d\u00fcrfen keine Verunreinigungen wie Eisenst\u00fccke, Steine und andere harte Gegenst\u00e4nde in den Einlass gelangen.<br>2. Der Bildschirm im Inneren der Maschine sollte die Gr\u00f6\u00dfe einer Erdnuss haben, sonst werden einige Erdn\u00fcsse m\u00f6glicherweise nicht vollst\u00e4ndig gesch\u00e4lt.<br>3. Es ist notwendig, einen Ventilatorabweiser zu verwenden, der nicht nur den Windsto\u00df erh\u00f6ht, sondern auch die Schalen in den Erdnusskernen reduziert.<br>4. Bei einer Bruchrate von mehr als 5 % sollte der Bediener den Abstand zwischen den Walzen vergr\u00f6\u00dfern, aber es sollte innerhalb von 25~40 mm bleiben.<br>5. \u00dcberpr\u00fcfen Sie vor dem Betrieb, ob die Maschine besch\u00e4digt ist.<br>6. W\u00e4hrend des Betriebs sollte der Bediener den Einlass schlie\u00dfen und 1-2 cm \u00f6ffnen, um die Erdn\u00fcsse herauskommen zu lassen, wenn der Bildschirm voll ist.<br>7. Normalerweise muss der Bildschirm w\u00e4hrend des Betriebs voll bleiben, sonst werden einige Erdn\u00fcsse nicht vollst\u00e4ndig gesch\u00e4lt.<br>8. Wenn Erdn\u00fcsse au\u00dferhalb des Ausgangs fallen, sollte der Bediener den Windabweiser nach au\u00dfen einstellen oder den Lufteinlass schlie\u00dfen.<br>9. Wenn die Bruchrate hoch ist und die rote Haut entfernt wird. Die Erdnuss ist zu trocken, spr\u00fchen Sie Wasser auf die Erdnuss und sch\u00e4len Sie sie sp\u00e4ter.<br>10. Es gibt vier Positionierungslager auf beiden Seiten der Maschine, und alle vier Stunden wird Butter in die Mitte des Siebs und des Lagers gegeben, w\u00e4hrend der Betrieb l\u00e4uft.<\/p>    <h2 class=\"wp-block-heading\">Erfolgsfall der Erdnuss-Sch\u00e4lermaschine<\/h2>    <p>Letztes Jahr haben wir 70 Erdnuss-Sch\u00e4lermaschinen nach Nigeria exportiert und gutes Feedback von unseren Kunden erhalten. Er ist H\u00e4ndler und hat sie an lokale Bauern verkauft. <\/p>    <p>Unser Erdnuss-Sch\u00e4ler hilft ihnen, die Arbeitseffizienz sowie den Lebensstandard zu verbessern. Wir hoffen, dass jeder Bauer von unserer Maschine profitieren kann und ihr Leben immer besser wird.<br><img decoding=\"async\" style=\"width: 345px; float: left; margin-right: 10px; margin-bottom: 10px;\" src=\"https:\/\/www.agriculture-machine.com\/wp-content\/uploads\/2018\/07\/Peanut-Sheller08.jpg\" alt=\"Erdnuss-Sch\u00e4ler08\"><img decoding=\"async\" style=\"width: 345px; margin-bottom: 10px;\" src=\"https:\/\/www.agriculture-machine.com\/wp-content\/uploads\/2018\/07\/Peanut-Sheller11.jpg\" alt=\"Erdnuss-Sch\u00e4ler11\"><br><img decoding=\"async\" style=\"width: 345px; float: left; margin-right: 10px;\" src=\"https:\/\/www.agriculture-machine.com\/wp-content\/uploads\/2018\/07\/Peanut-Sheller10.jpg\" alt=\"Erdnuss-Sch\u00e4ler12\"><img decoding=\"async\" style=\"width: 345px;\" src=\"https:\/\/www.agriculture-machine.com\/wp-content\/uploads\/2018\/07\/Peanut-Sheller12.jpg\" alt=\"Erdnuss-Sch\u00e4ler10\"><br><img decoding=\"async\" src=\"https:\/\/www.agriculture-machine.com\/wp-content\/uploads\/2018\/07\/Peanut-Sheller.jpg\" alt=\"Erdnuss-Sch\u00e4ler\"><\/p>    <h2 class=\"wp-block-heading\">FAQ<\/h2>   <div id=\"rank-math-faq\" class=\"rank-math-block\"> <div class=\"rank-math-list\"> <div id=\"faq-question-1710754185820\" class=\"rank-math-list-item\"> <h3 class=\"rank-math-question\">Haben die beiden Arten von Erdnuss-Sch\u00e4lern die gleichen Funktionen?<\/h3> <div class=\"rank-math-answer\">  <p class=\"translation-block\">Ja, Sie k\u00f6nnen nach dem Dreschen saubere <a href=\"https:\/\/en.wikipedia.org\/wiki\/Peanut\" target=\"_blank\" rel=\"noopener\">Erdnuss<\/a>-Kerne erhalten.<\/p>  <\/div> <\/div> <div id=\"faq-question-1710754189960\" class=\"rank-math-list-item\"> <h3 class=\"rank-math-question\">Was ist der Unterschied zwischen den beiden Typen?<\/h3> <div class=\"rank-math-answer\">  <p>Kleinere Erdnuss-Sch\u00e4ler haben keinen Hebearm wie die anderen. Au\u00dferdem ist die Kapazit\u00e4t unterschiedlich.<\/p>  <\/div> <\/div> <div id=\"faq-question-1710754206867\" class=\"rank-math-list-item\"> <h3 class=\"rank-math-question\">Wie lange ist die Lieferzeit?<\/h3> <div class=\"rank-math-answer\">  <p>Wir haben zwei Typen auf Lager und k\u00f6nnen sie jederzeit an Sie liefern.<\/p>  <\/div> <\/div> <div id=\"faq-question-1710754215113\" class=\"rank-math-list-item\"> <h3 class=\"rank-math-question\">Wie hoch ist die Bruchrate?<\/h3> <div class=\"rank-math-answer\">  <p>Weniger als 5 %.<\/p>  <\/div> <\/div> <div id=\"faq-question-1710754227280\" class=\"rank-math-list-item\"> <h3 class=\"rank-math-question\">In welche L\u00e4nder haben Sie diese Maschinen exportiert?<\/h3> <div class=\"rank-math-answer\">  <p class=\"translation-block\">Wir haben in viele L\u00e4nder exportiert, insbesondere in den <a href=\"https:\/\/www.agriculture-machine.com\/de\/three-combined-peanut-sheller-machine-sold-to-kenya\/\">afrikanischen Markt<\/a>.<\/p>  <\/div> <\/div> <\/div> <\/div>","protected":false},"excerpt":{"rendered":"<p>Brief Introduction of Peanut Sheller Machine The peanut sheller machine mainly removes the shells of the peanuts, that is, through the high-speed rotating body the shells of the peanuts, and the peanuts are kept intact. The peanut sheller machine is also called the groundnut sheller or groundnut shell removing machine. We have 2 types of [&hellip;]<\/p>\n","protected":false},"author":1,"featured_media":0,"parent":0,"comment_status":"closed","ping_status":"closed","template":"","tags":[],"product-type":[895],"class_list":["post-180","product","type-product","status-publish","hentry","product-type-peanut-sheller"],"_links":{"self":[{"href":"https:\/\/www.agriculture-machine.com\/de\/wp-json\/wp\/v2\/product\/180","targetHints":{"allow":["GET"]}}],"collection":[{"href":"https:\/\/www.agriculture-machine.com\/de\/wp-json\/wp\/v2\/product"}],"about":[{"href":"https:\/\/www.agriculture-machine.com\/de\/wp-json\/wp\/v2\/types\/product"}],"author":[{"embeddable":true,"href":"https:\/\/www.agriculture-machine.com\/de\/wp-json\/wp\/v2\/users\/1"}],"replies":[{"embeddable":true,"href":"https:\/\/www.agriculture-machine.com\/de\/wp-json\/wp\/v2\/comments?post=180"}],"wp:attachment":[{"href":"https:\/\/www.agriculture-machine.com\/de\/wp-json\/wp\/v2\/media?parent=180"}],"wp:term":[{"taxonomy":"post_tag","embeddable":true,"href":"https:\/\/www.agriculture-machine.com\/de\/wp-json\/wp\/v2\/tags?post=180"},{"taxonomy":"product-type","embeddable":true,"href":"https:\/\/www.agriculture-machine.com\/de\/wp-json\/wp\/v2\/product-type?post=180"}],"curies":[{"name":"wp","href":"https:\/\/api.w.org\/{rel}","templated":true}]}}