{"id":1889,"date":"2019-02-14T07:41:31","date_gmt":"2019-02-13T23:41:31","guid":{"rendered":"https:\/\/www.agriculture-machine.com\/?p=1889"},"modified":"2025-06-23T16:22:12","modified_gmt":"2025-06-23T08:22:12","slug":"corn-planter","status":"publish","type":"product","link":"https:\/\/www.agriculture-machine.com\/de\/corn-planter\/","title":{"rendered":"Traktorgetriebene Maispflanzmaschine"},"content":{"rendered":"<p>Der Maispflanzautomat kann gleichzeitig die Aussaat f\u00fcr mehrere Reihen durchf\u00fchren. Er spart nicht nur Samen, sondern sorgt auch f\u00fcr eine gleichm\u00e4\u00dfige Tiefe und Abstand der Aussaat, was die Qualit\u00e4t der Maiskeimlinge erheblich verbessert.<\/p>    <p>Stabile Leistung, einfache Bedienung, eine einzige Bedienung kann den gesamten Prozess des Furchegrabens, D\u00fcngung, Aussaat, Mulchen, Komprimieren, Aussaatfehler \u2264 \u00b1 1cm, Pflanzenabstand-Qualit\u00e4tsrate \u226595% abschlie\u00dfen.<\/p>    <p>Die von unserem Unternehmen entwickelte Maispflanzmaschine unterst\u00fctzt das Pflanzen in 2, 3, 4, 5, 6 und 8 Reihen. Wird in verschiedenen landwirtschaftlichen Betrieben eingesetzt und von Kunden aus El Salvador, Nigeria, den USA, Mauretanien, Burkina Faso, Guinea und anderen L\u00e4ndern gesch\u00e4tzt.<\/p>    <figure class=\"wp-block-embed aligncenter is-type-video is-provider-youtube wp-block-embed-youtube wp-embed-aspect-16-9 wp-has-aspect-ratio\"><div class=\"wp-block-embed__wrapper\"> <iframe loading=\"lazy\" title=\"Traktormontierte Mais-S\u00e4maschine | Effiziente &amp; Pr\u00e4zise Pflanztechnik#mais #pflanzer\" width=\"500\" height=\"281\" src=\"https:\/\/www.youtube.com\/embed\/tu_HUx3x9x0?feature=oembed\" frameborder=\"0\" allow=\"accelerometer; autoplay; clipboard-write; encrypted-media; gyroscope; picture-in-picture; web-share\" referrerpolicy=\"strict-origin-when-cross-origin\" allowfullscreen><\/iframe> <\/div><figcaption class=\"wp-element-caption\">Arbeitsvideo der Maispflanzmaschine<\/figcaption><\/figure>    <h2 class=\"wp-block-heading\" id=\"h-brief-introduction-of-corn-planter\">Vorteile der Maispflanzmaschine<\/h2>    <ol class=\"wp-block-list\"> <li>Erm\u00f6glicht gleichm\u00e4\u00dfige Samenplatzierung und gleichm\u00e4\u00dfige Tiefe (3-10cm), Fehler \u2264 \u00b1 1cm, ordentliche Keimung, verbessert die Erntequalit\u00e4t.<\/li>    <li>Unterst\u00fctzt flexible Anpassung des Reihenabstands von 45-70cm und des Pflanzabstands von 15-30cm, geeignet f\u00fcr unterschiedliche Bodenbedingungen und Pflanzmethoden.<\/li>    <li>Doppelkammer-Isolationsd\u00fcngerbox erm\u00f6glicht das Schichten von Samen und D\u00fcnger, der Abstand ist von 3-7cm einstellbar, um Keimlingsverbrennungen zu vermeiden.<\/li>    <li>2-8 Reihen Modelle k\u00f6nnen ausgew\u00e4hlt werden, um den gesamten Prozess des Furchegrabens, D\u00fcngung, Aussaat usw. in einem Durchgang abzuschlie\u00dfen, mit einer Effizienz von bis zu 40 Mu\/Stunde.<\/li>    <li>Geeignet f\u00fcr Traktoren mit 11-180 PS, Ein-Klick-Anschluss, Ein-Personen-Sitzbetrieb kann die Arbeit abschlie\u00dfen.<\/li> <\/ol>    <figure class=\"wp-block-gallery has-nested-images columns-default is-cropped wp-block-gallery-2 is-layout-flex wp-block-gallery-is-layout-flex\"> <figure class=\"wp-block-image size-large\"><img loading=\"lazy\" decoding=\"async\" width=\"720\" height=\"540\" data-id=\"12701\" src=\"https:\/\/www.agriculture-machine.com\/wp-content\/uploads\/2022\/03\/corn-planter-_720_540.jpg\" alt=\"Maispflanzer\" class=\"wp-image-12701\" title=\"Maispflanzer\" srcset=\"https:\/\/www.agriculture-machine.com\/wp-content\/uploads\/2022\/03\/corn-planter-_720_540.jpg 720w, https:\/\/www.agriculture-machine.com\/wp-content\/uploads\/2022\/03\/corn-planter-_720_540-360x270.jpg 360w, https:\/\/www.agriculture-machine.com\/wp-content\/uploads\/2022\/03\/corn-planter-_720_540-240x180.jpg 240w\" sizes=\"auto, (max-width: 720px) 100vw, 720px\" \/><figcaption class=\"wp-element-caption\">Maispflanzer<\/figcaption><\/figure>    <figure class=\"wp-block-image size-large\"><img loading=\"lazy\" decoding=\"async\" width=\"720\" height=\"540\" data-id=\"12702\" src=\"https:\/\/www.agriculture-machine.com\/wp-content\/uploads\/2022\/03\/maize-planting-machine_720_540.jpg\" alt=\"Maispflanzmaschine\" class=\"wp-image-12702\" title=\"Maispflanzmaschine\" srcset=\"https:\/\/www.agriculture-machine.com\/wp-content\/uploads\/2022\/03\/maize-planting-machine_720_540.jpg 720w, https:\/\/www.agriculture-machine.com\/wp-content\/uploads\/2022\/03\/maize-planting-machine_720_540-360x270.jpg 360w, https:\/\/www.agriculture-machine.com\/wp-content\/uploads\/2022\/03\/maize-planting-machine_720_540-240x180.jpg 240w\" sizes=\"auto, (max-width: 720px) 100vw, 720px\" \/><figcaption class=\"wp-element-caption\">Maispflanzmaschine<\/figcaption><\/figure> <figcaption class=\"blocks-gallery-caption wp-element-caption\">Traktormontierte Maispflanzmaschine<\/figcaption><\/figure>    <h2 class=\"wp-block-heading\" id=\"h-how-does-the-corn-planting-machine-work\">Wie funktioniert die Maispflanzmaschine?<\/h2>    <p>Das Funktionsprinzip des Maispflanzers kann in die folgenden Schritte unterteilt werden:<\/p>    <ol class=\"wp-block-list\"> <li>Traktorgetrieben: Durch Anschluss an den Traktor wird der Pflanzautomat vorw\u00e4rts bewegt und beginnt zu arbeiten.<\/li>    <li>Furchenbildung: Der vordere Furche\u00f6ffner schafft eine gleichm\u00e4\u00dfige Saatfurche im Boden.<\/li>    <li>Pr\u00e4zises S\u00e4en: Das Entladeger\u00e4t platziert die Maisk\u00f6rner genau in die Rillen entsprechend dem eingestellten Abstand.<\/li>    <li>Mulchen: Der Mulcher bedeckt die Samen in den Rillen mit Erde.<\/li>    <li>Unterdr\u00fcckungsformen: Das Unterdr\u00fcckungsrad verdichtet die Oberfl\u00e4chenerde, um den Kontakt zwischen Samen und Erde zu verbessern und die Keimrate zu erh\u00f6hen.<\/li> <\/ol>    <figure class=\"wp-block-embed aligncenter is-type-video is-provider-youtube wp-block-embed-youtube wp-embed-aspect-16-9 wp-has-aspect-ratio\"><div class=\"wp-block-embed__wrapper\"> <iframe loading=\"lazy\" title=\"Landwirte n\u00fctzliches Werkzeug Mais-Maiss\u00e4maschine\u4e28 Maispflanzer\u4e28Erdnusspflanze\u4e28Maismaschine mit Traktor\" width=\"500\" height=\"281\" src=\"https:\/\/www.youtube.com\/embed\/2iS0mMUiw34?feature=oembed\" frameborder=\"0\" allow=\"accelerometer; autoplay; clipboard-write; encrypted-media; gyroscope; picture-in-picture; web-share\" referrerpolicy=\"strict-origin-when-cross-origin\" allowfullscreen><\/iframe> <\/div><figcaption class=\"wp-element-caption\">Arbeitsstelle der 3-Reihen-Maisk\u00f6rnerpflanzmaschine<\/figcaption><\/figure>    <h2 class=\"wp-block-heading\" id=\"h-technical-parameter-of-the-maize-planter\">Technische Parameter der Maispflanzmaschine<\/h2>    <figure class=\"wp-block-table is-style-stripes\"><table class=\"has-fixed-layout\"><tbody><tr><td>Modell<\/td><td>2BYSF-2<\/td><td>2BYSF-3<\/td><td>2BYSF-4<\/td><td>2BYSF-5<\/td><td>2BYSF-6<\/td><td>2BYSF-8<\/td><\/tr><tr><td>Gr\u00f6\u00dfe<\/td><td>1,57*1,3*1,2m<\/td><td>1,57*1,7*1,2m<\/td><td>1,62*2,35*1,2m<\/td><td>1,62*2,75*1,2m<\/td><td>1,62*3,35*1,2m<\/td><td>1,64*4,6*1,2m<\/td><\/tr><tr><td>Reihe<\/td><td>2<\/td><td>3<\/td><td>4<\/td><td>5<\/td><td>6<\/td><td>8<\/td><\/tr><tr><td>Reihenabstand<\/td><td>428-570mm<\/td><td>428-570mm<\/td><td>428-570mm<\/td><td>428-570mm<\/td><td>428-570mm<\/td><td>428-570mm<\/td><\/tr><tr><td>Reihenabstand<\/td><td>140mm-280mm<\/td><td>140mm-280mm<\/td><td>140mm-280mm<\/td><td>140mm-280mm<\/td><td>140mm-280mm<\/td><td>140mm-280mm<\/td><\/tr><tr><td>Grubentiefe<\/td><td>60-80mm<\/td><td>60-80mm<\/td><td>60-80mm<\/td><td>60-80mm<\/td><td>60-80mm<\/td><td>60-80mm<\/td><\/tr><tr><td>D\u00fcngungstiefe<\/td><td>60-80mm<\/td><td>60-80mm<\/td><td>60-80mm<\/td><td>60-80mm<\/td><td>60-80mm<\/td><td>60-80mm<\/td><\/tr><tr><td>Aussaattiefe<\/td><td>30-50mm<\/td><td>30-50mm<\/td><td>30-50mm<\/td><td>30-50mm<\/td><td>30-50mm<\/td><td>30-50mm<\/td><\/tr><tr><td>D\u00fcngerbeh\u00e4lterkapazit\u00e4t<\/td><td>18,75L x2<\/td><td>18,75L x3<\/td><td>18,75L x4<\/td><td>18,75L x5<\/td><td>18,75L x6<\/td><td>18,75L x8<\/td><\/tr><tr><td>Kapazit\u00e4t des Samenkastens<\/td><td>8,5 x 2<\/td><td>8,5 x 3<\/td><td>8,5 x 4<\/td><td>8,5 x 5<\/td><td>8,5 x 6<\/td><td>8,5 x 8<\/td><\/tr><tr><td>Gewicht<\/td><td>150kg<\/td><td>200kg<\/td><td>295kg<\/td><td>360kg<\/td><td>425kg<\/td><td>650kg<\/td><\/tr><tr><td>Passende Leistung<\/td><td>&nbsp;12-18PS<\/td><td>15-25PS<\/td><td>25-40PS<\/td><td>40-60PS<\/td><td>50-80PS<\/td><td>75-100PS<\/td><\/tr><tr><td>Verbindung<\/td><td>&nbsp;Dreipunkt<\/td><td>&nbsp;Dreipunkt<\/td><td>&nbsp;Dreipunkt<\/td><td>&nbsp;Dreipunkt<\/td><td>&nbsp;Dreipunkt<\/td><td>&nbsp;Dreipunkt<\/td><\/tr><\/tbody><\/table><figcaption class=\"wp-element-caption\">Technische Daten der traktorgetriebenen Maispflanzmaschine<\/figcaption><\/figure>    <figure class=\"wp-block-gallery has-nested-images columns-default is-cropped wp-block-gallery-3 is-layout-flex wp-block-gallery-is-layout-flex\"> <figure class=\"wp-block-image size-large\"><img loading=\"lazy\" decoding=\"async\" width=\"720\" height=\"540\" data-id=\"12703\" src=\"https:\/\/www.agriculture-machine.com\/wp-content\/uploads\/2022\/03\/factory-of-corn-planting-machine-.jpg\" alt=\"Fabrik \" class=\"wp-image-12703\" title=\"Fabrik \" srcset=\"https:\/\/www.agriculture-machine.com\/wp-content\/uploads\/2022\/03\/factory-of-corn-planting-machine-.jpg 720w, https:\/\/www.agriculture-machine.com\/wp-content\/uploads\/2022\/03\/factory-of-corn-planting-machine--360x270.jpg 360w, https:\/\/www.agriculture-machine.com\/wp-content\/uploads\/2022\/03\/factory-of-corn-planting-machine--240x180.jpg 240w\" sizes=\"auto, (max-width: 720px) 100vw, 720px\" \/><figcaption class=\"wp-element-caption\">Fabrik <\/figcaption><\/figure>    <figure class=\"wp-block-image size-large\"><img loading=\"lazy\" decoding=\"async\" width=\"720\" height=\"540\" data-id=\"12704\" src=\"https:\/\/www.agriculture-machine.com\/wp-content\/uploads\/2022\/03\/multi-row-maize-planter-.jpg\" alt=\"Herstellung der Pflanzmaschine\" class=\"wp-image-12704\" title=\"Herstellung der Pflanzmaschine\" srcset=\"https:\/\/www.agriculture-machine.com\/wp-content\/uploads\/2022\/03\/multi-row-maize-planter-.jpg 720w, https:\/\/www.agriculture-machine.com\/wp-content\/uploads\/2022\/03\/multi-row-maize-planter--360x270.jpg 360w, https:\/\/www.agriculture-machine.com\/wp-content\/uploads\/2022\/03\/multi-row-maize-planter--240x180.jpg 240w\" sizes=\"auto, (max-width: 720px) 100vw, 720px\" \/><figcaption class=\"wp-element-caption\">Herstellung der Pflanzmaschine<\/figcaption><\/figure> <figcaption class=\"blocks-gallery-caption wp-element-caption\">Maispflanzmaschine<\/figcaption><\/figure>    <h2 class=\"wp-block-heading\" id=\"h-how-to-use-a-4-row-corn-planter\">Vorsichtsma\u00dfnahmen bei der Verwendung eines Maispflanzers<\/h2>    <ol class=\"wp-block-list\"> <li>Vor Gebrauch pr\u00fcfen und reinigen: Entfernen Sie Ablagerungen im Samenkasten sowie Gras und Erde am Furche\u00f6ffner, um sicherzustellen, dass die Ausr\u00fcstung sauber und frei von Blockaden ist.<\/li>    <li>Schmierung und Wartung: Gem\u00e4\u00df den Vorgaben des Handbuchs rechtzeitig Schmiermittel in die Getriebeteile und rotierenden Teile des Traktors einf\u00fcgen.<\/li>    <li>Befestigungen \u00fcberpr\u00fcfen: Achten Sie darauf, die Antriebskette des Pflanzers, die Spannungssituation und die Schrauben auf Festigkeit zu pr\u00fcfen.<\/li>    <li>Halten Sie den K\u00f6rper eben: Nach Anschluss des Pflanzers an den Traktor sollte der K\u00f6rper vor und nach dem Anschluss eben gehalten werden, um Kippungen und Beeintr\u00e4chtigung der Aussaat zu vermeiden.<\/li>    <li>Angemessene Parameteranpassung: Korrekte Einstellung der Samenmenge, des Reihenabstands des \u00d6ffners und der Aussaattiefe des Rillenrads, um eine gleichm\u00e4\u00dfige und effiziente Aussaat zu gew\u00e4hrleisten.<\/li> <\/ol>    <figure class=\"wp-block-image aligncenter size-full is-resized\"><img loading=\"lazy\" decoding=\"async\" width=\"720\" height=\"540\" src=\"https:\/\/www.agriculture-machine.com\/wp-content\/uploads\/2022\/03\/planter1_720_540.jpg\" alt=\"Maispflanzmaschine\" class=\"wp-image-12707\" title=\"Pflanzmaschine\" srcset=\"https:\/\/www.agriculture-machine.com\/wp-content\/uploads\/2022\/03\/planter1_720_540.jpg 720w, https:\/\/www.agriculture-machine.com\/wp-content\/uploads\/2022\/03\/planter1_720_540-360x270.jpg 360w, https:\/\/www.agriculture-machine.com\/wp-content\/uploads\/2022\/03\/planter1_720_540-240x180.jpg 240w\" sizes=\"auto, (max-width: 720px) 100vw, 720px\" \/><figcaption class=\"wp-element-caption\">Maispflanzmaschine<\/figcaption><\/figure>    <h2 class=\"wp-block-heading\">Erfolgreiche F\u00e4lle von traktorgetriebenen Maiss\u00e4maschinen<\/h2>    <p class=\"translation-block\">Wir haben viele <a href=\"https:\/\/www.agriculture-machine.com\/de\/we-sold-4-row-and-8-row-corn-planter-machine-to-the-united-states\/\">Erfolgsf\u00e4lle von Maispflanzmaschinen<\/a>, die ins Ausland exportiert wurden. Zum Beispiel haben wir 5 S\u00e4tze 3-Reihen-Maispflanzmaschinen mit D\u00fcnger nach Panama verkauft. Dieser Kunde besuchte unsere Fabrik, um die Bestellung zu best\u00e4tigen. Vor dem Kauf dieser Maispflanzmaschine kaufte er einen 20PS Traktor. Daher empfehlen wir ihm, eine 3-Reihen-Maschine zu kaufen, die zu seinem Traktor passt.<\/p>    <p class=\"translation-block\">Recently, we exported a 4-row corn planter machine to <a href=\"https:\/\/en.wikipedia.org\/wiki\/El_Salvador\" target=\"_blank\" rel=\"noopener\">El Salvador<\/a>. It is worth mentioning that we have customized machines for our customers. according to the customer&#8217;s requirements. we also have customized the seed box for him.<\/p>    <figure class=\"wp-block-gallery has-nested-images columns-2 is-cropped wp-block-gallery-4 is-layout-flex wp-block-gallery-is-layout-flex\"> <figure class=\"wp-block-image size-large\"><a href=\"https:\/\/www.agriculture-machine.com\/wp-content\/uploads\/2022\/03\/wrap-film-4.jpg\"><img loading=\"lazy\" decoding=\"async\" width=\"720\" height=\"540\" data-id=\"12708\" src=\"https:\/\/www.agriculture-machine.com\/wp-content\/uploads\/2022\/03\/wrap-film-4.jpg\" alt=\"Wrap-Folie\" class=\"wp-image-12708\" title=\"Wrap-Folie\" srcset=\"https:\/\/www.agriculture-machine.com\/wp-content\/uploads\/2022\/03\/wrap-film-4.jpg 720w, https:\/\/www.agriculture-machine.com\/wp-content\/uploads\/2022\/03\/wrap-film-4-360x270.jpg 360w, https:\/\/www.agriculture-machine.com\/wp-content\/uploads\/2022\/03\/wrap-film-4-240x180.jpg 240w\" sizes=\"auto, (max-width: 720px) 100vw, 720px\" \/><\/a><figcaption class=\"wp-element-caption\">Wrap-Folie<\/figcaption><\/figure>    <figure class=\"wp-block-image size-large\"><a href=\"https:\/\/www.agriculture-machine.com\/wp-content\/uploads\/2022\/03\/loading-tuya.jpg\"><img loading=\"lazy\" decoding=\"async\" width=\"720\" height=\"540\" data-id=\"12709\" src=\"https:\/\/www.agriculture-machine.com\/wp-content\/uploads\/2022\/03\/loading-tuya.jpg\" alt=\"Ladung\" class=\"wp-image-12709\" title=\"Ladung\" srcset=\"https:\/\/www.agriculture-machine.com\/wp-content\/uploads\/2022\/03\/loading-tuya.jpg 720w, https:\/\/www.agriculture-machine.com\/wp-content\/uploads\/2022\/03\/loading-tuya-360x270.jpg 360w, https:\/\/www.agriculture-machine.com\/wp-content\/uploads\/2022\/03\/loading-tuya-240x180.jpg 240w\" sizes=\"auto, (max-width: 720px) 100vw, 720px\" \/><\/a><figcaption class=\"wp-element-caption\">Ladung<\/figcaption><\/figure>    <figure class=\"wp-block-image size-large\"><a href=\"https:\/\/www.agriculture-machine.com\/wp-content\/uploads\/2022\/03\/shipping-3.jpg\"><img loading=\"lazy\" decoding=\"async\" width=\"720\" height=\"540\" data-id=\"12710\" src=\"https:\/\/www.agriculture-machine.com\/wp-content\/uploads\/2022\/03\/shipping-3.jpg\" alt=\"Versand\" class=\"wp-image-12710\" title=\"Versand\" srcset=\"https:\/\/www.agriculture-machine.com\/wp-content\/uploads\/2022\/03\/shipping-3.jpg 720w, https:\/\/www.agriculture-machine.com\/wp-content\/uploads\/2022\/03\/shipping-3-360x270.jpg 360w, https:\/\/www.agriculture-machine.com\/wp-content\/uploads\/2022\/03\/shipping-3-240x180.jpg 240w\" sizes=\"auto, (max-width: 720px) 100vw, 720px\" \/><\/a><figcaption class=\"wp-element-caption\">Versand<\/figcaption><\/figure>    <figure class=\"wp-block-image size-large\"><a href=\"https:\/\/www.agriculture-machine.com\/wp-content\/uploads\/2022\/03\/in-container1-.jpg\"><img loading=\"lazy\" decoding=\"async\" width=\"720\" height=\"540\" data-id=\"12711\" src=\"https:\/\/www.agriculture-machine.com\/wp-content\/uploads\/2022\/03\/in-container1-.jpg\" alt=\"im Container\" class=\"wp-image-12711\" title=\"im Container\" srcset=\"https:\/\/www.agriculture-machine.com\/wp-content\/uploads\/2022\/03\/in-container1-.jpg 720w, https:\/\/www.agriculture-machine.com\/wp-content\/uploads\/2022\/03\/in-container1--360x270.jpg 360w, https:\/\/www.agriculture-machine.com\/wp-content\/uploads\/2022\/03\/in-container1--240x180.jpg 240w\" sizes=\"auto, (max-width: 720px) 100vw, 720px\" \/><\/a><figcaption class=\"wp-element-caption\">im Container<\/figcaption><\/figure> <figcaption class=\"blocks-gallery-caption wp-element-caption\">Verpackung und Versand der Maispflanzmaschinen<\/figcaption><\/figure>    <h2 class=\"wp-block-heading\" id=\"h-the-troubleshooting-and-solutions\"><a href=\"https:\/\/www.agriculture-machine.com\/de\/what-should-you-pay-attention-to-when-using-corn-planter-machine\/\">Fehlerbehebung und L\u00f6sungen<\/a><\/h2>    <ol class=\"wp-block-list\"> <li>Kein Samen: M\u00f6glicherweise ist das Getriebe nicht eingeklinkt oder das Walzenquersloch ist abgenutzt. \u00dcberpr\u00fcfen und reparieren oder Teile austauschen.<\/li>    <li>Einzelne Aussaatvorrichtung funktioniert nicht: In der Regel ist die Samen\u00f6ffnung mit Ablagerungen verstopft, durch Reinigung kann sie wieder normal funktionieren.<\/li>    <li>Kein Samen im Boden, aber kein Samen vorhanden: Es zeigt an, dass der \u00d6ffner oder die Samenleitung blockiert ist. Muss rechtzeitig gereinigt werden, um einen reibungslosen Betrieb zu gew\u00e4hrleisten.<\/li> <\/ol>    <h2 class=\"wp-block-heading\" id=\"h-faq\">FAQ<\/h2>   <div id=\"rank-math-faq\" class=\"rank-math-block\"> <div class=\"rank-math-list\"> <div id=\"faq-question-1717040469237\" class=\"rank-math-list-item\"> <h3 class=\"rank-math-question\">Wie viele Reihen Maispflanzmaschinen haben Sie?<\/h3> <div class=\"rank-math-answer\">  <p>Wir haben Maispflanzmaschinen mit 2, 3, 4, 5, 6 und 8 Reihen. Sie k\u00f6nnen sie also entsprechend Ihren Bed\u00fcrfnissen ausw\u00e4hlen.<\/p>  <\/div> <\/div> <div id=\"faq-question-1717040477193\" class=\"rank-math-list-item\"> <h3 class=\"rank-math-question\">Sind Reihenabstand und Pflanzabstand verstellbar?<\/h3> <div class=\"rank-math-answer\">  <p>Ja, sie sind verstellbar.<\/p>  <\/div> <\/div> <div id=\"faq-question-1717040488671\" class=\"rank-math-list-item\"> <h3 class=\"rank-math-question\">Ben\u00f6tigen Maispflanzmaschinen mit unterschiedlichen Reihenanzahlen einen anderen Traktor?<\/h3> <div class=\"rank-math-answer\">  <p>Nat\u00fcrlich ist der Motor des Traktors f\u00fcr verschiedene Reihen von Pflanzmaschinen unterschiedlich.<\/p>  <\/div> <\/div> <div id=\"faq-question-1717040497645\" class=\"rank-math-list-item\"> <h3 class=\"rank-math-question\">Ist es einfach, den zum Verkauf stehenden Maispflanzer mit dem Traktor zu verbinden?<\/h3> <div class=\"rank-math-answer\">  <p>Ja, es ist einfach. Und machen Sie sich keine Sorgen, wir zeigen Ihnen, wie es geht.<\/p>  <\/div> <\/div> <\/div> <\/div>   <p class=\"translation-block\">Neben Maispflanzmaschinen bieten wir auch <a href=\"https:\/\/www.agriculture-machine.com\/de\/corn-maize-harvester-machine\/\">Maisernteger\u00e4te<\/a>, <a href=\"https:\/\/www.agriculture-machine.com\/de\/maize-peeler-and-thresher\/\">Maisdrescher<\/a> und <a href=\"https:\/\/www.agriculture-machine.com\/de\/corn-grits-making-machine\/\">Maisgrie\u00dfmaschinen<\/a> an, die alle Aspekte von der Aussaat bis zur Weiterverarbeitung abdecken, um Ihnen bei der effizienten Bew\u00e4ltigung des gesamten Maisverarbeitungsprozesses zu helfen. Kontaktieren Sie uns gerne f\u00fcr passende Maumaschinenl\u00f6sungen!<\/p>","protected":false},"excerpt":{"rendered":"<p>Die Maispflanzmaschine kann eine gleichm\u00e4\u00dfige Aussaat und D\u00fcngungssynchronisation erreichen. Wir haben 2-8 Mehrreihen-Aussaaten, die in allen Arten von Feldbestellungsarbeiten weit verbreitet sind.<\/p>","protected":false},"author":1,"featured_media":12713,"parent":0,"comment_status":"closed","ping_status":"closed","template":"","tags":[491,481],"product-type":[882,870],"class_list":["post-1889","product","type-product","status-publish","has-post-thumbnail","hentry","tag-corn","tag-maize","product-type-corn-planter","product-type-planter"],"_links":{"self":[{"href":"https:\/\/www.agriculture-machine.com\/de\/wp-json\/wp\/v2\/product\/1889","targetHints":{"allow":["GET"]}}],"collection":[{"href":"https:\/\/www.agriculture-machine.com\/de\/wp-json\/wp\/v2\/product"}],"about":[{"href":"https:\/\/www.agriculture-machine.com\/de\/wp-json\/wp\/v2\/types\/product"}],"author":[{"embeddable":true,"href":"https:\/\/www.agriculture-machine.com\/de\/wp-json\/wp\/v2\/users\/1"}],"replies":[{"embeddable":true,"href":"https:\/\/www.agriculture-machine.com\/de\/wp-json\/wp\/v2\/comments?post=1889"}],"wp:featuredmedia":[{"embeddable":true,"href":"https:\/\/www.agriculture-machine.com\/de\/wp-json\/wp\/v2\/media\/12713"}],"wp:attachment":[{"href":"https:\/\/www.agriculture-machine.com\/de\/wp-json\/wp\/v2\/media?parent=1889"}],"wp:term":[{"taxonomy":"post_tag","embeddable":true,"href":"https:\/\/www.agriculture-machine.com\/de\/wp-json\/wp\/v2\/tags?post=1889"},{"taxonomy":"product-type","embeddable":true,"href":"https:\/\/www.agriculture-machine.com\/de\/wp-json\/wp\/v2\/product-type?post=1889"}],"curies":[{"name":"wp","href":"https:\/\/api.w.org\/{rel}","templated":true}]}}