{"id":1925,"date":"2019-02-15T09:27:53","date_gmt":"2019-02-15T01:27:53","guid":{"rendered":"https:\/\/www.agriculture-machine.com\/?p=1925"},"modified":"2026-03-02T17:54:39","modified_gmt":"2026-03-02T09:54:39","slug":"peony-transplant-cucumber-transplant-factory-direct","status":"publish","type":"product","link":"https:\/\/www.agriculture-machine.com\/de\/peony-transplant-cucumber-transplant-factory-direct\/","title":{"rendered":"Pfingstrosen-Transplanter Gurken-Gem\u00fcse-Transplantationsmaschine"},"content":{"rendered":"<p>Der Pfingstrosen-Transplantierer ist f\u00fcr pr\u00e4zises Umpflanzen von Tomaten, Paprika, Auberginen, Kohl, Salat, Zwiebeln, Brokkoli, Gurken, Wassermelonen, S\u00fc\u00dfmais, R\u00fcben, S\u00fc\u00dfkartoffeln, Pfingstrosen und verschiedenen Heilkr\u00e4utern konzipiert. <\/p>    <p>Wir bieten drei Modelle an: radgetrieben, Ketten- und tractorgezogen. <\/p>    <p>Angetrieben von 4,05\u20137,5 kW Benzinmotoren oder \u226530 PS Traktoren, unterst\u00fctzt 1\u201312 Reihen mit einstellbarem Pflanzenabstand (8\u201350 cm), Reihenabstand (10\u201350 cm) und Tiefe (4\u201315 cm). Effizienz erreicht bis zu 3.600 Pflanzen\/Stunde oder \u00fcber 4.000\u33a1\/h. <\/p>    <p>Funktioniert stabil auf Flachland, H\u00fcgeln, Terrassen und Feuchtgebieten, sorgt f\u00fcr gleichm\u00e4\u00dfige Bepflanzung und hohe \u00dcberlebensraten \u2014 ideal f\u00fcr moderne Gem\u00fcsebasis, Kooperativen und gro\u00dfe Farmen.<\/p>    <figure class=\"wp-block-embed aligncenter is-type-video is-provider-youtube wp-block-embed-youtube wp-embed-aspect-16-9 wp-has-aspect-ratio\"><div class=\"wp-block-embed__wrapper\"> <iframe loading=\"lazy\" title=\"Unglaublicher Gem\u00fcsesetzlings-Transplanter\" width=\"500\" height=\"281\" src=\"https:\/\/www.youtube.com\/embed\/BIM_KAOJubE?feature=oembed\" frameborder=\"0\" allow=\"accelerometer; autoplay; clipboard-write; encrypted-media; gyroscope; picture-in-picture; web-share\" referrerpolicy=\"strict-origin-when-cross-origin\" allowfullscreen><\/iframe> <\/div><figcaption class=\"wp-element-caption\">Pfingstrosen-Umsetzmotor-Videofilm<\/figcaption><\/figure>    <p class=\"translation-block\">Diese Maschine wird in der Regel in Verbindung mit einer Baumschulmaschine verwendet, um die kultivierten Setzlinge zu pflanzen. Weitere Informationen zu Setzlingsmaschinen erhalten Sie durch Klicken auf: <strong><em><a href=\"https:\/\/www.agriculture-machine.com\/de\/nursery-seeding-machine-seeder-machine-vegetable-seeder-machine\/\">Baumschul-S\u00e4maschine | S\u00e4maschine | Gem\u00fcse-S\u00e4maschine<\/a><\/em><\/strong>.<\/p>    <h2 class=\"wp-block-heading\"><strong><b>Typ eins: Traktorgetriebene Transplantationsmaschine<\/b><\/strong><\/h2>    <p>The tractor-driven peony transplanter machine is driven by the tractor&#8217;s PTO, with no need for a separate power system. Its simple structure ensures stable operation, ideal for large-scale planting bases. <\/p>    <p>Bietet 2\u2011, 4\u2011, 6\u2011, 8\u2011, 10\u2011 oder 12\u2011Reihen-Modelle, um verschiedenen Farmgr\u00f6\u00dfen und Kulturen gerecht zu werden. Der Pflanzenabstand ist verstellbar von 100\u2013500 mm, Reihenabstand 150\u2013500 mm, und die Pflanztiefe 4\u201315 cm, um verschiedenen agronomischen Anforderungen zu entsprechen. <\/p>    <p>Es arbeitet f\u00fcr Tomaten, Paprika, Ananas, Pfingstrosen und andere Knollenkulturen. Optionale Module umfassen Hochbeet, D\u00fcngung, Mulchen, Tropfb\u00e4nder, Spr\u00fchen und Bew\u00e4sserung. Dieses All-in-One-Ger\u00e4t verbessert die Effizienz erheblich und senkt die Arbeitskosten, was es zu einem Schl\u00fcsselger\u00e4t f\u00fcr die moderne landwirtschaftliche Mechanisierung macht.<\/p>    <figure class=\"wp-block-gallery has-nested-images columns-default is-cropped wp-block-gallery-2 is-layout-flex wp-block-gallery-is-layout-flex\"> <figure class=\"wp-block-image size-large\"><img loading=\"lazy\" decoding=\"async\" width=\"720\" height=\"540\" data-id=\"16122\" src=\"https:\/\/www.agriculture-machine.com\/wp-content\/uploads\/2019\/02\/2-row-tractor-driven-transplanter.webp\" alt=\"2-Reihen-Traktorgetriebener Transplanter\" class=\"wp-image-16122\" srcset=\"https:\/\/www.agriculture-machine.com\/wp-content\/uploads\/2019\/02\/2-row-tractor-driven-transplanter.webp 720w, https:\/\/www.agriculture-machine.com\/wp-content\/uploads\/2019\/02\/2-row-tractor-driven-transplanter-360x270.webp 360w, https:\/\/www.agriculture-machine.com\/wp-content\/uploads\/2019\/02\/2-row-tractor-driven-transplanter-240x180.webp 240w, https:\/\/www.agriculture-machine.com\/wp-content\/uploads\/2019\/02\/2-row-tractor-driven-transplanter-16x12.webp 16w\" sizes=\"auto, (max-width: 720px) 100vw, 720px\" \/><figcaption class=\"wp-element-caption\">2-Reihen-Traktorgetriebener Transplanter<\/figcaption><\/figure>    <figure class=\"wp-block-image size-large\"><img loading=\"lazy\" decoding=\"async\" width=\"720\" height=\"540\" data-id=\"16123\" src=\"https:\/\/www.agriculture-machine.com\/wp-content\/uploads\/2019\/02\/4-row-towed-transplanting-machine.webp\" alt=\"4-Reihen-gezogenes Transplantationsger\u00e4t\" class=\"wp-image-16123\" srcset=\"https:\/\/www.agriculture-machine.com\/wp-content\/uploads\/2019\/02\/4-row-towed-transplanting-machine.webp 720w, https:\/\/www.agriculture-machine.com\/wp-content\/uploads\/2019\/02\/4-row-towed-transplanting-machine-360x270.webp 360w, https:\/\/www.agriculture-machine.com\/wp-content\/uploads\/2019\/02\/4-row-towed-transplanting-machine-240x180.webp 240w, https:\/\/www.agriculture-machine.com\/wp-content\/uploads\/2019\/02\/4-row-towed-transplanting-machine-16x12.webp 16w\" sizes=\"auto, (max-width: 720px) 100vw, 720px\" \/><figcaption class=\"wp-element-caption\">4-Reihen-gezogenes Transplantationsger\u00e4t<\/figcaption><\/figure> <\/figure>    <h3 class=\"wp-block-heading\"><strong><b>Technische Parameter des traktorgetriebenen Transplantationsger\u00e4ts<\/b><\/strong><\/h3>    <figure class=\"wp-block-table is-style-stripes\"><table class=\"has-fixed-layout\"><tbody><tr><td>Modell<\/td><td>Reihenabstand<\/td><td>Reihenabstand<\/td><td>Kapazit\u00e4t<\/td><td>Reihe<\/td><td>Leistung<\/td><\/tr><tr><td>2ZBX-2<\/td><td>200-500mm<\/td><td>250-500mm<\/td><td>1000-1700\u33a1\/h<\/td><td>2<\/td><td>\u226530PS<\/td><\/tr><tr><td>2ZBX-4<\/td><td>200-500mm<\/td><td>250-500mm<\/td><td>1000-2700\u33a1\/h<\/td><td>4<\/td><td>\u226550PS<\/td><\/tr><tr><td>2ZBX-6<\/td><td>100-400mm<\/td><td>150-300mm<\/td><td>1400-3400\u33a1\/h<\/td><td>6<\/td><td>\u226560PS<\/td><\/tr><tr><td>2ZBX-8<\/td><td>100-400mm<\/td><td>150-300mm<\/td><td>2000-4000\u33a1\/h<\/td><td>8<\/td><td>\u226560PS<\/td><\/tr><tr><td>2ZBX-10<\/td><td>100-400mm<\/td><td>150-300mm<\/td><td>2700-5400\u33a1\/h<\/td><td>10<\/td><td>\u226560PS<\/td><\/tr><tr><td>2ZBX-12<\/td><td>100-400mm<\/td><td>150-300mm<\/td><td>3700-6700\u33a1\/h<\/td><td>12<\/td><td>\u226560PS<\/td><\/tr><\/tbody><\/table><figcaption class=\"wp-element-caption\">Technische Daten des tractorgetriebenen Pfingstrosen-Transplantierers<\/figcaption><\/figure>    <figure class=\"wp-block-image aligncenter\"><img decoding=\"async\" src=\"https:\/\/www.agriculture-machine.com\/wp-content\/uploads\/2019\/02\/peony-transplant5.jpg\" alt=\"pfingstrosen-umsetzen5\"\/><\/figure>    <h2 class=\"wp-block-heading\">Typ zwei: Selbstfahrender Transplantierer<\/h2>    <p>Die selbstfahrenden Pfingstrosen-Transplantierer gibt es in zwei Ausf\u00fchrungen: Rad- und Kettenmodelle. Beide werden von Benzinmotoren angetrieben und integrieren automatische Bewegungs- und Transplantationsfunktionen f\u00fcr flexible Bedienung.<\/p>    <p>Sie eignen sich f\u00fcr kleine bis mittelgro\u00dfe Farmen und vielf\u00e4ltige Gel\u00e4nde. Die Leistung reicht von 4,05 kW bis 7,5 kW, und die Konfigurationen unterst\u00fctzen 1 bis 12 Reihen, um unterschiedliche Pflanzgr\u00f6\u00dfenanforderungen zu erf\u00fcllen.<\/p>    <h3 class=\"wp-block-heading\">Radgetriebener Selbstfahrer-Transplanter<\/h3>    <p>Kompakte Bauweise, reaktionsschnelles Lenken und einfacher Transport machen es geeignet f\u00fcr Ebenen, Gew\u00e4chsh\u00e4user und allgemeine H\u00fcgelgebiete.<\/p>    <p>Unterst\u00fctzt 1-Reihe, 2-Reihe oder 4-Reihen Betrieb mit einstellbarem Pflanzenabstand von 20\u201350cm, liefert stabile Effizienz.<\/p>    <p>Manuelle Setzlingsplatzierung sorgt f\u00fcr eine gleichm\u00e4\u00dfige und ordentliche Bepflanzung, was den Arbeitsaufwand erheblich reduziert.<\/p>    <figure class=\"wp-block-table is-style-stripes\"><table class=\"has-fixed-layout\"><tbody><tr><td>Modell<\/td><td>Benzin <br>Motorleistung(kW)<\/td><td>Pflanzenabstand(cm)<\/td><td>Reihenabstand(cm)<\/td><td>Kapazit\u00e4t(Acker\/h)<\/td><td>Arbeitsreihen<\/td><\/tr><tr><td>2ZBZ-1A<\/td><td>4.06<\/td><td>20-50<\/td><td>\/<\/td><td>0.25<\/td><td>1<\/td><\/tr><tr><td>2ZBZ-2A<\/td><td>4.06<\/td><td>20-50<\/td><td>30-50<\/td><td>0.25-0.3<\/td><td>2<\/td><\/tr><tr><td>2ZBZ-4A<\/td><td>4.06<\/td><td>20-50<\/td><td>15-30<\/td><td>0.25-0.5<\/td><td>4<\/td><\/tr><\/tbody><\/table><figcaption class=\"wp-element-caption\">Technische Parameter des radgetriebenen Pfingstrosen-Transplantierers<\/figcaption><\/figure>    <figure class=\"wp-block-gallery has-nested-images columns-default is-cropped wp-block-gallery-3 is-layout-flex wp-block-gallery-is-layout-flex\"> <figure class=\"wp-block-image size-large\"><img loading=\"lazy\" decoding=\"async\" width=\"720\" height=\"540\" data-id=\"16126\" src=\"https:\/\/www.agriculture-machine.com\/wp-content\/uploads\/2019\/02\/wheeled-self-propelled-type.webp\" alt=\"Radgetriebene selbstfahrende Typ\" class=\"wp-image-16126\" srcset=\"https:\/\/www.agriculture-machine.com\/wp-content\/uploads\/2019\/02\/wheeled-self-propelled-type.webp 720w, https:\/\/www.agriculture-machine.com\/wp-content\/uploads\/2019\/02\/wheeled-self-propelled-type-360x270.webp 360w, https:\/\/www.agriculture-machine.com\/wp-content\/uploads\/2019\/02\/wheeled-self-propelled-type-240x180.webp 240w, https:\/\/www.agriculture-machine.com\/wp-content\/uploads\/2019\/02\/wheeled-self-propelled-type-16x12.webp 16w\" sizes=\"auto, (max-width: 720px) 100vw, 720px\" \/><figcaption class=\"wp-element-caption\">Radgetriebene selbstfahrende Typ<\/figcaption><\/figure>    <figure class=\"wp-block-image size-large\"><img loading=\"lazy\" decoding=\"async\" width=\"720\" height=\"540\" data-id=\"16125\" src=\"https:\/\/www.agriculture-machine.com\/wp-content\/uploads\/2019\/02\/crawler-type-peony-transplanter.webp\" alt=\"Kettenpfingstrosen-Transplanter\" class=\"wp-image-16125\" srcset=\"https:\/\/www.agriculture-machine.com\/wp-content\/uploads\/2019\/02\/crawler-type-peony-transplanter.webp 720w, https:\/\/www.agriculture-machine.com\/wp-content\/uploads\/2019\/02\/crawler-type-peony-transplanter-360x270.webp 360w, https:\/\/www.agriculture-machine.com\/wp-content\/uploads\/2019\/02\/crawler-type-peony-transplanter-240x180.webp 240w, https:\/\/www.agriculture-machine.com\/wp-content\/uploads\/2019\/02\/crawler-type-peony-transplanter-16x12.webp 16w\" sizes=\"auto, (max-width: 720px) 100vw, 720px\" \/><figcaption class=\"wp-element-caption\">Kettenpfingstrosen-Transplanter<\/figcaption><\/figure> <\/figure>    <h3 class=\"wp-block-heading\">Kettengetriebener Selbstfahrer-Transplanter<\/h3>    <p>Verf\u00fcgt \u00fcber eine Kettenlaufstruktur mit gro\u00dfem Bodenkontaktbereich und starker Traktion, was einen stabilen Betrieb auf komplexen Gel\u00e4nden wie Feuchtgebieten, H\u00fcgeln und Terrassenfeldern erm\u00f6glicht.<\/p>    <p>Unterst\u00fctzt effizientes 4\u201312-Reihen-Transplantieren mit einstellbarem Pflanzenabstand (8\u201320cm) und anpassbarem Reihenabstand, um agronomische Anforderungen zu erf\u00fcllen.<\/p>    <p>Ideal f\u00fcr Hochdichtekulturen wie Zwiebeln, Kohl, Brokkoli und Heilkr\u00e4uter, besonders geeignet f\u00fcr gro\u00dffl\u00e4chige, kontinuierliche Feldproduktion.<\/p>    <figure class=\"wp-block-table is-style-stripes\"><table class=\"has-fixed-layout\"><tbody><tr><td>Modell<\/td><td>Gewicht<br>(kg)<\/td><td>Struktur<\/td><td>Pflanzung <br>Werkzeug<\/td><td>Pflanzen <br>Abstand<br>(cm)<\/td><td>Reihe <br>Abstand <br>(cm)<\/td><td>H\u00f6he <br>von <br>Setzling<br>(cm)<\/td><td>Reihen<\/td><td>Bediener<\/td><td>Leistung<br>(kW)<\/td><\/tr><tr><td>2ZBLZ-4A<\/td><td>450<\/td><td>Selbst-<br>angetrieben<\/td><td>Die Ente <br>Mund <br>H\u00e4ngbecher<\/td><td>8-20<\/td><td>25-40<\/td><td>10-20<\/td><td>4<\/td><td>3<\/td><td>7.5<\/td><\/tr><tr><td>2ZBLZ-6<\/td><td>1050<\/td><td>Selbst-<br>angetrieben <br>Kette<\/td><td>Die Ente <br>Mund <br>H\u00e4ngbecher<\/td><td>8-20<\/td><td>15-20<\/td><td>10-20<\/td><td>6<\/td><td>4<\/td><td>7.5<\/td><\/tr><tr><td>2ZBLZ-8<\/td><td>1150<\/td><td>Selbst-<br>angetrieben <br>Kette<\/td><td>Die Ente <br>Mund <br>H\u00e4ngbecher<\/td><td>8-20<\/td><td>10-20<\/td><td>10-20<\/td><td>8<\/td><td>5<\/td><td>7.5<\/td><\/tr><tr><td>2ZBLZ-10<\/td><td>1250<\/td><td>Selbst-<br>angetrieben <br>Kette<\/td><td>Die Ente <br>Mund <br>H\u00e4ngbecher<\/td><td>8-20<\/td><td>15<\/td><td>10-20<\/td><td>10<\/td><td>6<\/td><td>7.5<\/td><\/tr><tr><td>2ZBLZ-12<\/td><td>1350<\/td><td>Selbst-<br>angetrieben <br>Kette<\/td><td>Die Ente <br>Mund <br>H\u00e4ngbecher<\/td><td>8-20<\/td><td>10-15<\/td><td>10-20<\/td><td>12<\/td><td>7<\/td><td>7.5<\/td><\/tr><\/tbody><\/table><figcaption class=\"wp-element-caption\">Spezifikationen des Ketten-Setzlings-Transplantierers<\/figcaption><\/figure>    <h2 class=\"wp-block-heading\">Funktionsprinzip des Pfingstrosen-Transplantierers<\/h2>    <p>Das Hauptarbeitsprinzip ist die Anwendung der Rotation der Doppelwellen, um die Setzennadel zu treiben. Die Kraft zwischen der Setzennadel und dem Traktor kann sicherstellen, dass die Setzlinge vertikal gepflanzt werden.<\/p>    <figure class=\"wp-block-embed aligncenter is-type-video is-provider-youtube wp-block-embed-youtube wp-embed-aspect-16-9 wp-has-aspect-ratio\"><div class=\"wp-block-embed__wrapper\"> <iframe loading=\"lazy\" title=\"Live-Demonstration des traktorgetriebenen Transplanters | Schnelle Transplantationstechnologie!\" width=\"500\" height=\"281\" src=\"https:\/\/www.youtube.com\/embed\/dFsIqkHmOaU?start=1&#038;feature=oembed\" frameborder=\"0\" allow=\"accelerometer; autoplay; clipboard-write; encrypted-media; gyroscope; picture-in-picture; web-share\" referrerpolicy=\"strict-origin-when-cross-origin\" allowfullscreen><\/iframe> <\/div><figcaption class=\"wp-element-caption\">Arbeitsstelle des tractorgetriebenen Gem\u00fcsetransplantierers<\/figcaption><\/figure>    <h2 class=\"wp-block-heading\">Vorteile der Pfingstrosen-Transplanter-Maschine<\/h2>    <ul class=\"wp-block-list\"> <li>Hocheffiziente 1\u201312-Reihen-Betrieb, \u00fcber 3.600 Pflanzen\/Stunde.<\/li>    <li>Pr\u00e4ziser und verstellbarer Pflanzenabstand, Reihenabstand und Pflanztiefe.<\/li>    <li>Gro\u00dfe Gel\u00e4ndetauglichkeit f\u00fcr Ebenen, H\u00fcgel, Gew\u00e4chsh\u00e4user und gro\u00dfe Farmen.<\/li>    <li>Reduziert den Arbeitsaufwand erheblich und senkt die Arbeitskosten.<\/li>    <li>Geeignet f\u00fcr Gem\u00fcse, Knollen, Blumen und Heilkr\u00e4uter.<\/li>    <li>Erweiterbar mit Funktionen f\u00fcr Hochbeet, D\u00fcngung, Mulchen und Spr\u00fchen.<\/li>    <li>Stabile Struktur, zuverl\u00e4ssige Leistung und einfache Wartung.<\/li>    <li>Flexible Modelle f\u00fcr Familienbetriebe und gro\u00dfe landwirtschaftliche Unternehmen.<br><img decoding=\"async\" src=\"https:\/\/www.agriculture-machine.com\/wp-content\/uploads\/2019\/02\/peony-transplant1.jpg\" alt=\"pfingstrosen-umsetzen1\"><\/li> <\/ul>    <h2 class=\"wp-block-heading\">Quantitative Produktionskapazit\u00e4tsgarantie<\/h2>    <p>Nach mehr als 20 Jahren technischer Entwicklung verwenden unsere Gem\u00fcsesetzlings-Transplantationsmaschinen Kernkomponenten im modularen Design, mit intelligenter Montagelinie, und haben jetzt eine stabile Produktion von 50 S\u00e4tzen pro Tag erreicht.<\/p>    <p>Um sicherzustellen, dass jede Maschine den Fabrikstandards entspricht, haben wir ein dreistufiges Qualit\u00e4tssicherungssystem eingerichtet. <\/p>    <ul class=\"wp-block-list\"> <li>100% importierte Pr\u00e4zisionsteile Qualit\u00e4tskontrolle.<\/li>    <li>Fehlerkontrolle bei der Montage der Maschine innerhalb von 0,3 mm.<\/li>    <li>48 Stunden ununterbrochener Testlauf vor Verlassen des Werks. <\/li> <\/ul>    <p>Klicken Sie auf das untenstehende Video, um die ordentlich verpackte Ausr\u00fcstung zu sehen, die versendet wird:<\/p>    <figure class=\"wp-block-embed aligncenter is-type-video is-provider-youtube wp-block-embed-youtube wp-embed-aspect-16-9 wp-has-aspect-ratio\"><div class=\"wp-block-embed__wrapper\"> <iframe loading=\"lazy\" title=\"Gem\u00fcse-Setzlings-Transplanter Fabrik Massenproduktion &amp; Arbeitsszene Demonstration#transplanter\" width=\"500\" height=\"281\" src=\"https:\/\/www.youtube.com\/embed\/Ew5S8QEcbaU?feature=oembed\" frameborder=\"0\" allow=\"accelerometer; autoplay; clipboard-write; encrypted-media; gyroscope; picture-in-picture; web-share\" referrerpolicy=\"strict-origin-when-cross-origin\" allowfullscreen><\/iframe> <\/div><figcaption class=\"wp-element-caption\">Gem\u00fcse-Pfingstrosen-Transplanter Maschinen in Fabrik<\/figcaption><\/figure>    <h2 class=\"wp-block-heading\">FAQ<\/h2>   <div id=\"rank-math-faq\" class=\"rank-math-block\"> <div class=\"rank-math-list\"> <div id=\"faq-question-1717062234738\" class=\"rank-math-list-item\"> <h3 class=\"rank-math-question\">F\u00fcr welche Farmen sind diese Transplantierer geeignet?<\/h3> <div class=\"rank-math-answer\">  <p>Rad: kleine &amp; mittlere Farmen &amp; Flachland; Ketten: H\u00fcgel, Feuchtgebiete, Terrassen; tractorgezogen: gro\u00dffl\u00e4chige Farmen.<\/p>  <\/div> <\/div> <div id=\"faq-question-1717062238523\" class=\"rank-math-list-item\"> <h3 class=\"rank-math-question\">Wie viele Reihen kann eine Maschine transplantieren?<\/h3> <div class=\"rank-math-answer\">  <p>1\u201312 Reihen. Rad: 1\u20134 Reihen; Ketten &amp; gezogen: 4\u201312 Reihen.<\/p>  <\/div> <\/div> <div id=\"faq-question-1717062249115\" class=\"rank-math-list-item\"> <h3 class=\"rank-math-question\">Sind Pflanzabstand und Reihenabstand verstellbar?<\/h3> <div class=\"rank-math-answer\">  <p>Ja. Pflanzenabstand: 8\u201350 cm; Reihenabstand: 10\u201350 cm. F\u00fcr einige gezogene Modelle auf Wunsch erh\u00e4ltlich.<\/p>  <\/div> <\/div> <div id=\"faq-question-1717062257275\" class=\"rank-math-list-item\"> <h3 class=\"rank-math-question\">Welche Kulturen k\u00f6nnen transplantiert werden?<\/h3> <div class=\"rank-math-answer\">  <p>Tomate, Paprika, Aubergine, Kohl, Salat, Zwiebel, Brokkoli, S\u00fc\u00dfkartoffel, S\u00fc\u00dfmais, Pfingstrose und verschiedene Heilkr\u00e4uter.<\/p>  <\/div> <\/div> <div id=\"faq-question-1772443962396\" class=\"rank-math-list-item\"> <h3 class=\"rank-math-question\">Welcher Traktorleistung ist erforderlich?<\/h3> <div class=\"rank-math-answer\">  <p>Zugfahrbare Transplantierer ben\u00f6tigen Traktoren mit \u226530 PS.<\/p>  <\/div> <\/div> <div id=\"faq-question-1772443974302\" class=\"rank-math-list-item\"> <h3 class=\"rank-math-question\">Welcher Traktorleistung ist erforderlich?<\/h3> <div class=\"rank-math-answer\">  <p>Zugfahrbare Transplantierer ben\u00f6tigen Traktoren mit \u226530 PS.<\/p>  <\/div> <\/div> <div id=\"faq-question-1772443984546\" class=\"rank-math-list-item\"> <h3 class=\"rank-math-question\">Ist die Pflanzentiefe verstellbar?<\/h3> <div class=\"rank-math-answer\">  <p>Ja, 4\u201315 cm f\u00fcr verschiedene Kulturen.<\/p>  <\/div> <\/div> <div id=\"faq-question-1772443993439\" class=\"rank-math-list-item\"> <h3 class=\"rank-math-question\">K\u00f6nnen zus\u00e4tzliche Funktionen hinzugef\u00fcgt werden?<\/h3> <div class=\"rank-math-answer\">  <p>Ja. Zugfahrbare Pfingstrosen-Transplantierer k\u00f6nnen mit Hochbeet, D\u00fcngung, Mulchen, Tropfb\u00e4nder, Spr\u00fchen und Bew\u00e4sserung ausgestattet werden.<\/p>  <\/div> <\/div> <div id=\"faq-question-1772444006485\" class=\"rank-math-list-item\"> <h3 class=\"rank-math-question\">Wie sieht der Kundendienst nach dem Verkauf aus?<\/h3> <div class=\"rank-math-answer\">  <p>Garantie, Ersatzteile, Installationsvideos und Fernsupport werden bereitgestellt.<\/p>  <\/div> <\/div> <\/div> <\/div>","protected":false},"excerpt":{"rendered":"<p>Dieser Artikel stellt drei Arten von Pfingstrosen-Transplantierern vor: radgetriebene, Ketten- und tractorgezogene. Er behandelt ihre anwendbaren Kulturen, technische Spezifikationen und betrieblichen Vorteile.<\/p>","protected":false},"author":1,"featured_media":14627,"parent":0,"comment_status":"closed","ping_status":"closed","template":"","tags":[930],"product-type":[877,916],"class_list":["post-1925","product","type-product","status-publish","has-post-thumbnail","hentry","tag-vegetable-seedling","product-type-nursery-transplanter","product-type-vegetable-transplanter"],"_links":{"self":[{"href":"https:\/\/www.agriculture-machine.com\/de\/wp-json\/wp\/v2\/product\/1925","targetHints":{"allow":["GET"]}}],"collection":[{"href":"https:\/\/www.agriculture-machine.com\/de\/wp-json\/wp\/v2\/product"}],"about":[{"href":"https:\/\/www.agriculture-machine.com\/de\/wp-json\/wp\/v2\/types\/product"}],"author":[{"embeddable":true,"href":"https:\/\/www.agriculture-machine.com\/de\/wp-json\/wp\/v2\/users\/1"}],"replies":[{"embeddable":true,"href":"https:\/\/www.agriculture-machine.com\/de\/wp-json\/wp\/v2\/comments?post=1925"}],"wp:featuredmedia":[{"embeddable":true,"href":"https:\/\/www.agriculture-machine.com\/de\/wp-json\/wp\/v2\/media\/14627"}],"wp:attachment":[{"href":"https:\/\/www.agriculture-machine.com\/de\/wp-json\/wp\/v2\/media?parent=1925"}],"wp:term":[{"taxonomy":"post_tag","embeddable":true,"href":"https:\/\/www.agriculture-machine.com\/de\/wp-json\/wp\/v2\/tags?post=1925"},{"taxonomy":"product-type","embeddable":true,"href":"https:\/\/www.agriculture-machine.com\/de\/wp-json\/wp\/v2\/product-type?post=1925"}],"curies":[{"name":"wp","href":"https:\/\/api.w.org\/{rel}","templated":true}]}}