{"id":1931,"date":"2019-02-20T09:34:02","date_gmt":"2019-02-20T01:34:02","guid":{"rendered":"https:\/\/www.agriculture-machine.com\/?p=1931"},"modified":"2025-03-14T17:56:59","modified_gmt":"2025-03-14T09:56:59","slug":"combine-harvester","status":"publish","type":"product","link":"https:\/\/www.agriculture-machine.com\/de\/combine-harvester\/","title":{"rendered":"Kombinierte Weizen-Reis-Erntemaschine"},"content":{"rendered":"<p>Bei der traditionellen Methode der Reisernte erfordern die getrennten Aufgaben des manuellen Erntens und Dreschens nicht nur viel Arbeit, sondern f\u00fchren auch zu einem Getreideverlust von etwa 10% bis 15%.<\/p>    <p>Betreten Sie die kleine Kombi-Reiserntemaschine, die die Ernte- und Dreschprozesse geschickt in einer effizienten Operation vereint. Mit der F\u00e4higkeit, 50 bis 80 Mu an einem Tag zu bew\u00e4ltigen und einer Verlustrate von nur 1,5% oder weniger, bietet sie eine umfassende L\u00f6sung f\u00fcr die moderne Landwirtschaft, die Sie nahtlos vom Feld zum Getreidesilo f\u00fchrt.<\/p>    <figure class=\"wp-block-embed aligncenter is-type-video is-provider-youtube wp-block-embed-youtube wp-embed-aspect-16-9 wp-has-aspect-ratio\"><div class=\"wp-block-embed__wrapper\"> <iframe loading=\"lazy\" title=\"Fortschrittliche Technologie, eine Maschine! Die Reisschweine- und Drescher-Maschine macht einen beeindruckenden Auftritt!\" width=\"500\" height=\"281\" src=\"https:\/\/www.youtube.com\/embed\/-JwfU0i0ZWo?start=24&#038;feature=oembed\" frameborder=\"0\" allow=\"accelerometer; autoplay; clipboard-write; encrypted-media; gyroscope; picture-in-picture; web-share\" referrerpolicy=\"strict-origin-when-cross-origin\" allowfullscreen><\/iframe> <\/div><figcaption class=\"wp-element-caption\">Kleines Kombi-Erntemaschinen-Video<\/figcaption><\/figure>    <p>Das Beste ist, dass Sie nicht in zwei separate Maschinen investieren m\u00fcssen \u2013 einen kleinen Kombi-Ernter und einen Drescher. Diese Art von Maschine kann Ihnen wirklich helfen, sowohl Geld als auch Energie zu sparen. In diesem Artikel werden wir die beiden verschiedenen Arten von Reiserntemaschinen untersuchen.<\/p>    <h2 class=\"wp-block-heading\">Typ eins<\/h2>    <p>Dieses kleine Kombi-Erntemaschine ist f\u00fcr Reis und Weizen konzipiert. Es erntet die Pflanzen effizient, indem es sie direkt vom Feld schneidet, w\u00e4hrend es gleichzeitig das Dreschen, das Trennen der Strohhalme und das Entfernen von Verunreinigungen in einem Schritt \u00fcbernimmt. <\/p>    <p>Kurz gesagt, diese Maschine schneidet nicht nur Reis oder Weizen, sondern drescht sie auch, sodass Sie am Ende saubere Kerne erhalten. Au\u00dferdem weist sie eine Bruchrate der Kerne von nur 1,5% und eine Reisverlustrate von 2% auf.<\/p>    <figure class=\"wp-block-image aligncenter wp-image-4063 size-full\"><img loading=\"lazy\" decoding=\"async\" width=\"750\" height=\"600\" src=\"https:\/\/www.agriculture-machine.com\/wp-content\/uploads\/2019\/02\/harvester-machine-5.jpg\" alt=\"Kleine Kombi-Erntemaschine\" class=\"wp-image-4063\" srcset=\"https:\/\/www.agriculture-machine.com\/wp-content\/uploads\/2019\/02\/harvester-machine-5.jpg 750w, https:\/\/www.agriculture-machine.com\/wp-content\/uploads\/2019\/02\/harvester-machine-5-338x270.jpg 338w, https:\/\/www.agriculture-machine.com\/wp-content\/uploads\/2019\/02\/harvester-machine-5-675x540.jpg 675w\" sizes=\"auto, (max-width: 750px) 100vw, 750px\" \/><figcaption class=\"wp-element-caption\">Kleine Kombi-Erntemaschine<\/figcaption><\/figure>    <figure class=\"wp-block-image aligncenter\"><img decoding=\"async\" src=\"https:\/\/www.agriculture-machine.com\/wp-content\/uploads\/2019\/02\/combine-harvester06.jpg\" alt=\"Struktur des Weizen-Erntemaschine\"\/><figcaption class=\"wp-element-caption\">Struktur des Weizen-Erntemaschine<\/figcaption><\/figure>    <h3 class=\"wp-block-heading\">Technische Parameter der kleinen Kombi-Erntemaschine<\/h3>    <figure class=\"wp-block-table is-style-stripes\"><table class=\"has-fixed-layout\"><tbody><tr><td>Modell<\/td><td><strong><strong>4LZ-0.8(Spur)<\/strong><\/strong><\/td><\/tr><tr><td>Verbindung\/Antrieb<\/td><td>Einzelschaft, Zug, Traktion<\/td><\/tr><tr><td>Startmodus<\/td><td>Elektrischer Start<\/td><\/tr><tr><td>Beleuchtung<\/td><td>12V\/100W<\/td><\/tr><tr><td>K\u00fchlung<\/td><td>Luftk\u00fchlung<\/td><\/tr><tr><td>Gewicht<\/td><td>450 kg<\/td><\/tr><tr><td>Abmessungen<\/td><td>2700*1420*1350 mm<\/td><\/tr><tr><td>Motormodell<\/td><td>188 F<\/td><\/tr><tr><td>Dieselmotor<\/td><td>Einzylinder, horizontal, Verdunstungswasser, Direktinjektion<\/td><\/tr><tr><td>Nennleistung<\/td><td>13,5 Hp<\/td><\/tr><tr><td>Nennmotor-Drehzahl<\/td><td>3600 r\/min<\/td><\/tr><tr><td>Kraftstoffverbrauch<\/td><td>20 kg\/hm2<\/td><\/tr><tr><td>Theoretische Arbeitsgeschwindigkeit<\/td><td>2.56 (Zweiter Gang)<\/td><\/tr><tr><td>Produktivit\u00e4t<\/td><td>400-1000m2\/h<\/td><\/tr><tr><td>Bruchrate<\/td><td>1.5%<\/td><\/tr><tr><td>Reisverlustrate<\/td><td>2%<\/td><\/tr><tr><td>Weizenverlustrate<\/td><td>3.5%<\/td><\/tr><tr><td>Nennschnittbreite<\/td><td>1200 mm<\/td><\/tr><tr><td>Min. Bodendurchfahrtsh\u00f6he<\/td><td>180 mm<\/td><\/tr><tr><td>Kettenlauf<\/td><td>L\u00e4nge 800 *Breite 250 mm<\/td><\/tr><tr><td>Reifengr\u00f6\u00dfe<\/td><td>5.00-12<\/td><\/tr><\/tbody><\/table><figcaption class=\"wp-element-caption\">Technische Daten der kleinen Kombi-Erntemaschine<\/figcaption><\/figure>    <h3 class=\"wp-block-heading\">Voreingenommenheit der kleinen Kombi-Erntemaschine<\/h3>    <ul class=\"wp-block-list\"> <li>Die Reiserntemaschine sollte gerade ins Feld fahren, um die Arbeitseffizienz zu verbessern und Getreideverluste zu vermeiden.<\/li>    <li>Der Benutzer sollte die Geschwindigkeit der Weizen-Erntemaschine entsprechend der H\u00f6he, Feuchtigkeit der Pflanzen und der Feuchtigkeit des Feldes steuern. Bei hohen Pflanzen die Geschwindigkeit verringern, bei trockenen Feldern beschleunigen.<\/li> <\/ul>    <figure class=\"wp-block-image aligncenter\"><img decoding=\"async\" src=\"https:\/\/www.agriculture-machine.com\/wp-content\/uploads\/2019\/02\/combine-harvester08.jpg\" alt=\"Arbeitsstelle der Reiserntemaschine\"\/><figcaption class=\"wp-element-caption\">Arbeitsstelle der kleinen Reiserntemaschine<\/figcaption><\/figure>    <h3 class=\"wp-block-heading\">Vorteile der Reiserntemaschine<\/h3>    <ul class=\"wp-block-list\"> <li>Hochentwickelte Dreschtechnologie f\u00fcr saubere Kerne und gr\u00fcndliche Trennung.<\/li>    <li>Verwenden Sie eine Drei-in-Eins-Trommel mit geringem Lade- und Bruchrate.<\/li>    <li>Weiteres Zuf\u00fchrungsportal: Rohmaterial kann reibungslos in die Maschine eingef\u00fchrt werden, ohne zu blockieren.<\/li>    <li>Weiteres Liftf\u00f6rderband: erleichtert den Transport der Pflanzen.<\/li>    <li>Unsere kombinierte Reiserntemaschine hat ein vern\u00fcnftiges Design, hohe Zuverl\u00e4ssigkeit, einfache Wartung und niedrige Kosten.<\/li>    <li>Hohe Dreschrate. Die Dreschrate liegt bei \u00fcber 95%.<\/li>    <li>Menschen k\u00f6nnen auf der Maschine sitzen, um sie zu bedienen, was Zeit und Energie spart.<\/li> <\/ul>    <h2 class=\"wp-block-heading\">Typ zwei<\/h2>    <p>Die kleine selbstfahrende Kombi-Erntemaschine ist so konzipiert, dass sie Gehen, Ernten, Reinigen und Dreschen in einer Maschine \u00fcbernimmt, angetrieben von einem Dieselmotor. Sie erm\u00f6glicht es den Bedienern, bequem zu sitzen, was sie f\u00fcr Landwirte sehr praktisch macht. <\/p>    <p>Dieses Ernteger\u00e4t bietet hervorragende Man\u00f6vrierf\u00e4higkeit, einfache Bewegung und beeindruckende Produktionseffizienz. Nach der Ernte werden die Pflanzen in die Trommel f\u00fcr das Dreschen eingespeist, was Zeit und Arbeit spart. Sein hohes Fassungsverm\u00f6gen und die niedrige Verlustrate geh\u00f6ren zu den gr\u00f6\u00dften Vorteilen.<\/p>    <figure class=\"wp-block-image aligncenter wp-image-2050 size-full\"><img loading=\"lazy\" decoding=\"async\" width=\"667\" height=\"502\" src=\"https:\/\/www.agriculture-machine.com\/wp-content\/uploads\/2018\/10\/rice-harvester2.jpg\" alt=\"Vollst\u00e4ndige Reiserntemaschine\" class=\"wp-image-2050\" srcset=\"https:\/\/www.agriculture-machine.com\/wp-content\/uploads\/2018\/10\/rice-harvester2.jpg 667w, https:\/\/www.agriculture-machine.com\/wp-content\/uploads\/2018\/10\/rice-harvester2-360x270.jpg 360w, https:\/\/www.agriculture-machine.com\/wp-content\/uploads\/2018\/10\/rice-harvester2-240x180.jpg 240w\" sizes=\"auto, (max-width: 667px) 100vw, 667px\" \/><figcaption class=\"wp-element-caption\">Vollst\u00e4ndige Reiserntemaschine<\/figcaption><\/figure>    <figure class=\"wp-block-table is-style-stripes\"><table><tbody><tr><td>Modell<\/td><td>TZY-100A<\/td><\/tr><tr><td>Typ<\/td><td>Fahrzeugtyp (Menschen k\u00f6nnen sitzen)<\/td><\/tr><tr><td>Motor<\/td><td>9,2 kW<\/td><\/tr><tr><td>Motor<\/td><td>12,5 Hp Dieselmotor<\/td><\/tr><tr><td>Schnittbreite<\/td><td>120cm<\/td><\/tr><tr><td>Schnitt-H\u00f6he<\/td><td>12-75cm<\/td><\/tr><tr><td>Bruchrate<\/td><td>&lt;5%<\/td><\/tr><tr><td>F\u00fcllgehalt an Abfall<\/td><td>&lt;7%<\/td><\/tr><tr><td>Kapazit\u00e4t<\/td><td>1000m\u00b3\/h<\/td><\/tr><tr><td>Gr\u00f6\u00dfe<\/td><td>2600*1340*1540mm<\/td><\/tr><tr><td>Gewicht<\/td><td>450kg<\/td><\/tr><\/tbody><\/table><figcaption class=\"wp-element-caption\">Technische Daten des kleinen Kombi-Erntemaschine<\/figcaption><\/figure>    <figure class=\"wp-block-image aligncenter wp-image-4061 size-full\"><img loading=\"lazy\" decoding=\"async\" width=\"750\" height=\"600\" src=\"https:\/\/www.agriculture-machine.com\/wp-content\/uploads\/2019\/02\/harvester-machine-3.jpg\" alt=\"Reiserntemaschine\" class=\"wp-image-4061\" srcset=\"https:\/\/www.agriculture-machine.com\/wp-content\/uploads\/2019\/02\/harvester-machine-3.jpg 750w, https:\/\/www.agriculture-machine.com\/wp-content\/uploads\/2019\/02\/harvester-machine-3-338x270.jpg 338w, https:\/\/www.agriculture-machine.com\/wp-content\/uploads\/2019\/02\/harvester-machine-3-675x540.jpg 675w\" sizes=\"auto, (max-width: 750px) 100vw, 750px\" \/><figcaption class=\"wp-element-caption\">Reiserntemaschine<\/figcaption><\/figure>    <h2 class=\"wp-block-heading\">Voreingenommenheit der Reiserntemaschine<\/h2>    <ol class=\"wp-block-list\"> <li>Lesen Sie vor der Verwendung unbedingt die Bedienungsanleitung. Die Struktur der Weizen-Erntemaschine ist komplex, obwohl die Qualit\u00e4t der Maschine sehr gut ist, m\u00fcssen Sie dennoch die innere Struktur kennen und der Anleitung folgen, um sie zu bedienen. Andernfalls ist die kleine Kombi-Erntemaschine anf\u00e4llig f\u00fcr Fehler.<\/li>    <li>Die Bedingungen der geernteten Pflanzen variieren stark, z.B. Sorten, Reifegrad, Feuchtigkeitsgehalt, Ertrag und Pflanzenh\u00f6he. Daher sollten die entsprechenden Mechanismen der Maschine rechtzeitig angepasst werden, um eine gute Leistung zu gew\u00e4hrleisten.<\/li>    <li>Das Schutzger\u00e4t an der Reiserntemaschine dient dem Schutz der Sicherheit des Bedieners. Es darf w\u00e4hrend des Betriebs nicht demontiert werden. Wenn es w\u00e4hrend der Wartung demontiert wurde, sollte es wieder installiert werden, um einen Unfall zu vermeiden.<\/li>    <li>Die Reiserntemaschine sollte regelm\u00e4\u00dfig inspiziert und gewartet werden, z.B. \u00dcberpr\u00fcfung auf fehlendes Schmier\u00f6l oder Wasser, Schraubenlockerung und ungew\u00f6hnliche Ger\u00e4usche.<\/li>    <li>Alle Teile der <a href=\"https:\/\/www.agriculture-machine.com\/de\/reaper-binder\/\"><strong>Weizen-Erntemaschine<\/strong><\/a> Sind so konzipiert, dass sie aufeinander abgestimmt sind und nicht nach Belieben modifiziert werden k\u00f6nnen.<\/li> <\/ol>    <figure class=\"wp-block-image aligncenter wp-image-2049 size-full\"><img loading=\"lazy\" decoding=\"async\" width=\"668\" height=\"473\" src=\"https:\/\/www.agriculture-machine.com\/wp-content\/uploads\/2018\/10\/rice-harvester1.jpg\" alt=\"Reiserntemaschine\" class=\"wp-image-2049\" srcset=\"https:\/\/www.agriculture-machine.com\/wp-content\/uploads\/2018\/10\/rice-harvester1.jpg 668w, https:\/\/www.agriculture-machine.com\/wp-content\/uploads\/2018\/10\/rice-harvester1-360x255.jpg 360w\" sizes=\"auto, (max-width: 668px) 100vw, 668px\" \/><figcaption class=\"wp-element-caption\">Reiserntemaschine<\/figcaption><\/figure>    <figure class=\"wp-block-image aligncenter\"><img decoding=\"async\" src=\"https:\/\/www.agriculture-machine.com\/wp-content\/uploads\/2019\/02\/combine-harvester05.jpg\" alt=\"Vorteile der Reiserntemaschine\"\/><figcaption class=\"wp-element-caption\">Vorteile der Reiserntemaschine<\/figcaption><\/figure>    <h2 class=\"wp-block-heading\"><strong>Vorteile der kleinen Reiserntemaschine<\/strong><\/h2>    <ol class=\"wp-block-list\"> <li>Niedrige Bruchrate. Es sind nur 5% und Sie erhalten sehr intakte und saubere Kerne.<\/li>    <li>Hohe Kapazit\u00e4t. Diese Kombi-Erntemaschine hat eine h\u00f6here Kapazit\u00e4t (1000m\u00b3\/h) im Vergleich zu anderen Erntemaschinen.<\/li>    <li>Die Schnitth\u00f6he ist einstellbar (12-75cm).<\/li>    <li>Einfache Bedienung. Nur eine Person kann alle Prozesse abschlie\u00dfen.<\/li>    <li>Mehrere Funktionen. Es kann zuerst Reis und Weizen ernten und dann dreschen, um Kerne zu erhalten, was Zeit und Energie spart.<\/li> <\/ol>    <figure class=\"wp-block-image aligncenter wp-image-2051 size-full\"><img loading=\"lazy\" decoding=\"async\" width=\"672\" height=\"478\" src=\"https:\/\/www.agriculture-machine.com\/wp-content\/uploads\/2018\/10\/rice-harvester3.jpg\" alt=\"Reis-Erntemaschine\" class=\"wp-image-2051\" srcset=\"https:\/\/www.agriculture-machine.com\/wp-content\/uploads\/2018\/10\/rice-harvester3.jpg 672w, https:\/\/www.agriculture-machine.com\/wp-content\/uploads\/2018\/10\/rice-harvester3-360x256.jpg 360w\" sizes=\"auto, (max-width: 672px) 100vw, 672px\" \/><figcaption class=\"wp-element-caption\">Reiserntemaschine<\/figcaption><\/figure>    <h2 class=\"wp-block-heading\">Fehler und entsprechende L\u00f6sungen der Reiserntemaschine<\/h2>    <figure class=\"wp-block-table is-style-stripes\"><table><tbody><tr><td>Fehler<\/td><td>Grund<\/td><td>L\u00f6sung<\/td><\/tr><tr><td rowspan=\"4\">Schneidwerk ist blockiert.<\/td><td>1. Gras und Schlamm am Schneidwerk.<\/td><td>1. Stoppen und Hindernisse entfernen.<\/td><\/tr><tr><td>2. Der Klingenabstand ist zu gro\u00df.<\/td><td>2. Den Klingenabstand einstellen.<\/td><\/tr><tr><td>3. Die Menge der Pflanzen ist zu hoch.<\/td><td>3. Die Erntbreite verringern.<\/td><\/tr><tr><td>Schaden an der Klinge.<\/td><td>4. Reparieren oder ersetzen.<\/td><\/tr><tr><td rowspan=\"2\">Reduzieren Sie die Zuf\u00fchrmenge und arbeiten Sie mit mittlerer und gro\u00dfer Drossel.<\/td><td>1. Die Pflanze ist k\u00fcrzer als 55 cm.<\/td><td>1. Versuchen Sie, die Halmeh\u00f6he zu verringern.<\/td><\/tr><tr><td>2. Der Transportrahmen des Schneidwerks ist besch\u00e4digt.<\/td><td>2. Reparieren oder ersetzen.<\/td><\/tr><tr><td rowspan=\"4\">Der Dreschwalze ist blockiert.<\/td><td>1. Die Zufuhremenge ist zu hoch oder ungleichm\u00e4\u00dfig.<\/td><td>1. Den Schneidkopf w\u00e4hrend des Betriebs gleichm\u00e4\u00dfig die Pflanzen schneiden lassen.<\/td><\/tr><tr><td>2. Die Trommelspeed ist niedrig.<\/td><td>2. Mit mittlerer und gro\u00dfer Drossel arbeiten<\/td><\/tr><tr><td>3. Der Stiel ist zu nass, und die Kultur ist zu hoch.<\/td><td>3. W\u00e4hlen Sie trockene Pflanzen zum Ernten und erh\u00f6hen Sie die Halmeh\u00f6he.<\/td><\/tr><tr><td>4. Die F\u00fchrungsschiene ist abgel\u00f6st oder abgenutzt.<\/td><td>4. Reparieren oder ersetzen.<\/td><\/tr><tr><td rowspan=\"2\">Der Kernen-Ausgang ist blockiert.<\/td><td>1. Der Kernen-Ausgang ist voll, und der Kernenbeh\u00e4lter wird nicht rechtzeitig gewechselt.<\/td><td>1. Den Beh\u00e4lter rechtzeitig wechseln.<\/td><\/tr><tr><td>2. Der Stiel ist nass, und die K\u00f6rner enthalten Unkraut.<\/td><td>H\u00f6he des Schneidwerks einstellen.<\/td><\/tr><tr><td>Der Pflanzenkopf f\u00e4llt ins Feld.<\/td><td>Ernteschnitt-H\u00f6he \u00fcber 1,1 m.<\/td><td>H\u00f6he des Schneidwerks einstellen.<\/td><\/tr><\/tbody><\/table><figcaption class=\"wp-element-caption\">Wie benutzt man die kleine Kombi-Erntemaschine richtig?<\/figcaption><\/figure>    <h2 class=\"wp-block-heading\">Wie benutzt man eine Kombi-Weizen-Reiserntemaschine?<\/h2>    <p class=\"translation-block\">W\u00e4hrend der Erntesaison, aufgrund schwerer Aufgaben, <strong>Reiserntemaschine<\/strong> st\u00f6\u00dft oft auf verschiedene Kulturen, Felder mit unterschiedlichen Gr\u00f6\u00dfen und komplexe, vielf\u00e4ltige nat\u00fcrliche Bedingungen. Um die Arbeitseffizienz zu maximieren, sollte der Bediener nicht nur die strukturelle Leistung der kombinierten Reismaschine kennen, sondern auch die Methoden und Betriebsverfahren richtig beherrschen.<\/p>    <ol class=\"wp-block-list\"> <li>Vorbereitung vor der Verwendung.<\/li> <\/ol>    <p>Basierend auf Wartung sollten Sie einige notwendige Werkzeuge und anf\u00e4llige Teile mitf\u00fchren. Gleichzeitig sollten Sie gen\u00fcgend Kraftstoff und Schmier\u00f6l hinzuf\u00fcgen.<\/p>    <ol start=\"2\" class=\"wp-block-list\"> <li>Vorbereitungs- und Erntemethoden.<\/li> <\/ol>    <ul class=\"wp-block-list\"> <li>Sie sollten den Zustand der Stra\u00dfen, die Bodentiefe, die H\u00f6he der Kulturpflanzen und die Feuchtigkeit kennen, um die Reiserntemaschine entsprechend anzupassen.<\/li>    <li>Wenn die kleine Kombi-Erntemaschine ins Feld f\u00e4hrt, sollte sie in der Regel von der linken Ecke aus eintreten. Um Verluste zu vermeiden, sollte der offene Raum von 1,2 m x 2,4 m manuell in der rechten Ecke abgeschnitten werden. Wenn das Feld nicht hoch ist, kann die Reiserntemaschine direkt arbeiten.<\/li>    <li>Wenn das Gel\u00e4nde relativ eben ist und nicht hoch, k\u00f6nnen mehrere Felder verbunden werden, um die Produktionseffizienz zu steigern.<\/li> <\/ul>    <h2 class=\"wp-block-heading\">Ein erfolgreicher Fall einer Reiserntemaschine<\/h2>    <p>Anfang Juni versandten wir zwei Sets kleiner Kombi-Erntemaschinen f\u00fcr die Reiserntung nach Kongo. Der Kunde kam in unsere Fabrik, um die Maschinen zu testen, und zeigte gro\u00dfe Zufriedenheit mit ihrer Leistung. <\/p>    <p>Um eine starke langfristige Partnerschaft zu f\u00f6rdern, haben wir ihm einige wichtige Ersatzteile kostenlos bereitgestellt, da dies unsere erste Zusammenarbeit ist. Unser Team hat die Maschinen besonders sorgf\u00e4ltig verpackt, um Sch\u00e4den w\u00e4hrend der Lieferung zu vermeiden. Unten sind einige Bilder, die zeigen, wie wir die kleine Kombi-Erntemaschine verpackt haben.<\/p>    <figure class=\"wp-block-image aligncenter\"><img loading=\"lazy\" decoding=\"async\" width=\"720\" height=\"540\" src=\"https:\/\/www.agriculture-machine.com\/wp-content\/uploads\/2019\/02\/rice-harvester-1.jpg\" alt=\"Versandbild04\" class=\"wp-image-4281\" srcset=\"https:\/\/www.agriculture-machine.com\/wp-content\/uploads\/2019\/02\/rice-harvester-1.jpg 720w, https:\/\/www.agriculture-machine.com\/wp-content\/uploads\/2019\/02\/rice-harvester-1-360x270.jpg 360w, https:\/\/www.agriculture-machine.com\/wp-content\/uploads\/2019\/02\/rice-harvester-1-240x180.jpg 240w\" sizes=\"auto, (max-width: 720px) 100vw, 720px\" \/><\/figure>    <figure class=\"wp-block-image aligncenter\"><img loading=\"lazy\" decoding=\"async\" width=\"720\" height=\"540\" src=\"https:\/\/www.agriculture-machine.com\/wp-content\/uploads\/2019\/02\/rice-harvester-2.jpg\" alt=\"Versandbild05\" class=\"wp-image-4282\" srcset=\"https:\/\/www.agriculture-machine.com\/wp-content\/uploads\/2019\/02\/rice-harvester-2.jpg 720w, https:\/\/www.agriculture-machine.com\/wp-content\/uploads\/2019\/02\/rice-harvester-2-360x270.jpg 360w, https:\/\/www.agriculture-machine.com\/wp-content\/uploads\/2019\/02\/rice-harvester-2-240x180.jpg 240w\" sizes=\"auto, (max-width: 720px) 100vw, 720px\" \/><\/figure>    <figure class=\"wp-block-image aligncenter\"><img loading=\"lazy\" decoding=\"async\" width=\"720\" height=\"540\" src=\"https:\/\/www.agriculture-machine.com\/wp-content\/uploads\/2019\/02\/rice-harvester-3.jpg\" alt=\"Versandbild06\" class=\"wp-image-4283\" srcset=\"https:\/\/www.agriculture-machine.com\/wp-content\/uploads\/2019\/02\/rice-harvester-3.jpg 720w, https:\/\/www.agriculture-machine.com\/wp-content\/uploads\/2019\/02\/rice-harvester-3-360x270.jpg 360w, https:\/\/www.agriculture-machine.com\/wp-content\/uploads\/2019\/02\/rice-harvester-3-240x180.jpg 240w\" sizes=\"auto, (max-width: 720px) 100vw, 720px\" \/><\/figure>    <h2 class=\"wp-block-heading\">FAQ<\/h2>   <div id=\"rank-math-faq\" class=\"rank-math-block\"> <div class=\"rank-math-list\"> <div id=\"faq-question-1716197682348\" class=\"rank-math-list-item\"> <h3 class=\"rank-math-question\">Wie breit ist die Schnittbreite der beiden Reiserntemaschinen?<\/h3> <div class=\"rank-math-answer\">  <p>120cm f\u00fcr beide Maschinentypen.<\/p>  <\/div> <\/div> <div id=\"faq-question-1716197686223\" class=\"rank-math-list-item\"> <h3 class=\"rank-math-question\">Was ist die Schnitt-H\u00f6he?<\/h3> <div class=\"rank-math-answer\">  <p>12-75cm.<\/p>  <\/div> <\/div> <div id=\"faq-question-1716197697136\" class=\"rank-math-list-item\"> <h3 class=\"rank-math-question\">Was ist der Unterschied zwischen beiden Maschinen?<\/h3> <div class=\"rank-math-answer\">  <p>Typ eins ist elektrisch startend, Typ zwei ist fahrbar (Menschen k\u00f6nnen sitzen).<\/p>  <\/div> <\/div> <div id=\"faq-question-1716197708327\" class=\"rank-math-list-item\"> <h3 class=\"rank-math-question\">Wie hoch ist die Verlustrate beider Maschinen?<\/h3> <div class=\"rank-math-answer\">  <p>Typ eins: Reisverlustrate 2%.<br \/>Weizenverlustrate von 3,5%.<br \/>Typ zwei: weniger als 5%.<\/p>  <\/div> <\/div> <div id=\"faq-question-1716197720791\" class=\"rank-math-list-item\"> <h3 class=\"rank-math-question\">Kann ich mit dieser Reiserntemaschine saubere Kerne von Reis oder Weizen erhalten?<\/h3> <div class=\"rank-math-answer\">  <p>Ja, die Maschine kann gleichzeitig Reis oder Weizen schneiden und dreschen.<\/p>  <\/div> <\/div> <div id=\"faq-question-1716197734790\" class=\"rank-math-list-item\"> <h3 class=\"rank-math-question\">Was ist das Rohmaterial dieser Maschine?<\/h3> <div class=\"rank-math-answer\">  <p>Nur Reis und Weizen.<\/p>  <\/div> <\/div> <div id=\"faq-question-1716197744079\" class=\"rank-math-list-item\"> <h3 class=\"rank-math-question\">Sind Sie Hersteller?<\/h3> <div class=\"rank-math-answer\">  <p>Ja, wir sind es. Willkommen in unserem Werk.<\/p>  <\/div> <\/div> <div id=\"faq-question-1716197754447\" class=\"rank-math-list-item\"> <h3 class=\"rank-math-question\">Kannst du die Spannung der Maschine nach unseren W\u00fcnschen \u00e4ndern?<\/h3> <div class=\"rank-math-answer\">  <p>Ja, wir k\u00f6nnen.<\/p>  <\/div> <\/div> <div id=\"faq-question-1716197763735\" class=\"rank-math-list-item\"> <h3 class=\"rank-math-question\">Wie steht es um Ihren Kundendienst nach dem Verkauf?<\/h3> <div class=\"rank-math-answer\">  <p>Unser Ingenieur kann vor Ort gehen, um die Maschine zu installieren und Ihre Arbeiter im Betrieb der vollst\u00e4ndigen Linie zu schulen.<\/p>  <\/div> <\/div> <div id=\"faq-question-1716197773985\" class=\"rank-math-list-item\"> <h3 class=\"rank-math-question\">Garantierezeit Ihrer kleinen Kombi-Erntemaschine?<\/h3> <div class=\"rank-math-answer\">  <p>1 Jahr.<\/p>  <\/div> <\/div> <\/div> <\/div>   <p><br><\/p>","protected":false},"excerpt":{"rendered":"<p>Die kleine Kombi-Erntemaschine, die Funktionen f\u00fcr Reis- und Weizenernte sowie Dreschen umfasst, kann die Saat direkt vom Feld holen, mit einer Saatverlustrate von nur 1,5%.<\/p>","protected":false},"author":1,"featured_media":1943,"parent":0,"comment_status":"closed","ping_status":"closed","template":"","tags":[490,796,158],"product-type":[888],"class_list":["post-1931","product","type-product","status-publish","has-post-thumbnail","hentry","tag-harvester","tag-rice","tag-wheat","product-type-rice-reaper"],"_links":{"self":[{"href":"https:\/\/www.agriculture-machine.com\/de\/wp-json\/wp\/v2\/product\/1931","targetHints":{"allow":["GET"]}}],"collection":[{"href":"https:\/\/www.agriculture-machine.com\/de\/wp-json\/wp\/v2\/product"}],"about":[{"href":"https:\/\/www.agriculture-machine.com\/de\/wp-json\/wp\/v2\/types\/product"}],"author":[{"embeddable":true,"href":"https:\/\/www.agriculture-machine.com\/de\/wp-json\/wp\/v2\/users\/1"}],"replies":[{"embeddable":true,"href":"https:\/\/www.agriculture-machine.com\/de\/wp-json\/wp\/v2\/comments?post=1931"}],"wp:featuredmedia":[{"embeddable":true,"href":"https:\/\/www.agriculture-machine.com\/de\/wp-json\/wp\/v2\/media\/1943"}],"wp:attachment":[{"href":"https:\/\/www.agriculture-machine.com\/de\/wp-json\/wp\/v2\/media?parent=1931"}],"wp:term":[{"taxonomy":"post_tag","embeddable":true,"href":"https:\/\/www.agriculture-machine.com\/de\/wp-json\/wp\/v2\/tags?post=1931"},{"taxonomy":"product-type","embeddable":true,"href":"https:\/\/www.agriculture-machine.com\/de\/wp-json\/wp\/v2\/product-type?post=1931"}],"curies":[{"name":"wp","href":"https:\/\/api.w.org\/{rel}","templated":true}]}}