{"id":200,"date":"2018-07-12T07:22:03","date_gmt":"2018-07-11T23:22:03","guid":{"rendered":"https:\/\/www.agriculture-machine.com\/?p=200"},"modified":"2024-10-24T14:12:06","modified_gmt":"2024-10-24T06:12:06","slug":"small-chaff-cutter","status":"publish","type":"product","link":"https:\/\/www.agriculture-machine.com\/de\/small-chaff-cutter\/","title":{"rendered":"Drei Arten kleiner Heu-Schneider \/ Grasm\u00e4her Schneidemaschine"},"content":{"rendered":"<h1 class=\"wp-block-heading\"><span style=\"color: #ff0000;\">Typ eins<\/span><\/h1>    <p>HC-400 Grasschneider ist klein, aber ein n\u00fctzliches Werkzeug f\u00fcr Landwirte, und Sie k\u00f6nnen es ohne Z\u00f6gern w\u00e4hlen, wenn Sie Weizen, Mais oder Gr\u00e4ser anbauen. Geschnittenes Gras kann als Tierfutter verwendet werden und ist aufgrund seiner kleinen Form leicht verdaulich. Mit einer Kapazit\u00e4t von 400-500kg\/h haben wir zahlreiche Sets im In- und Ausland verkauft, was den Landwirten erheblich hilft, Energie und Zeit zu sparen.<\/p>   <p><iframe loading=\"lazy\" title=\"Verkaufsschlager g\u00fcnstiger H\u00e4cksler \/ Grasschneidemaschine \/ Silage-H\u00e4cksler in chinesischer Fabrik\" width=\"500\" height=\"281\" src=\"https:\/\/www.youtube.com\/embed\/xqezorsYNPE?start=3&#038;feature=oembed\" frameborder=\"0\" allow=\"accelerometer; autoplay; clipboard-write; encrypted-media; gyroscope; picture-in-picture; web-share\" referrerpolicy=\"strict-origin-when-cross-origin\" allowfullscreen><\/iframe><\/p>    <h2 class=\"wp-block-heading\">Technische Parameter des Rasenm\u00e4hers<\/h2>    <figure class=\"wp-block-image aligncenter\"><img loading=\"lazy\" decoding=\"async\" width=\"500\" height=\"500\" src=\"https:\/\/www.agriculture-machine.com\/wp-content\/uploads\/2018\/07\/11.jpg\" alt=\"H\u00e4cksler\" class=\"wp-image-2983\" srcset=\"https:\/\/www.agriculture-machine.com\/wp-content\/uploads\/2018\/07\/11.jpg 500w, https:\/\/www.agriculture-machine.com\/wp-content\/uploads\/2018\/07\/11-270x270.jpg 270w\" sizes=\"auto, (max-width: 500px) 100vw, 500px\" \/><figcaption class=\"wp-element-caption\">H\u00e4cksler<\/figcaption><\/figure>    <figure class=\"wp-block-table is-style-stripes\"><table><tbody><tr><td>Modell<\/td><td>HC-400<\/td><\/tr><tr><td>Leistung<\/td><td>2,2 kW Motor, Benzin- oder Dieselmotor<\/td><\/tr><tr><td>Kapazit\u00e4t<\/td><td>400-500kg\/h<\/td><\/tr><tr><td>Gewicht<\/td><td>80kg<\/td><\/tr><tr><td>Gr\u00f6\u00dfe<\/td><td>1050*580*800mm<\/td><\/tr><\/tbody><\/table><figcaption class=\"wp-element-caption\">Technische Daten der H\u00e4ckslermaschine<\/figcaption><\/figure>    <h2 class=\"wp-block-heading\">Aufbau des Grasschneiders<\/h2>    <figure class=\"wp-block-image aligncenter\"><img loading=\"lazy\" decoding=\"async\" width=\"500\" height=\"500\" src=\"https:\/\/www.agriculture-machine.com\/wp-content\/uploads\/2018\/07\/88.jpg\" alt=\"\" class=\"wp-image-2987\" srcset=\"https:\/\/www.agriculture-machine.com\/wp-content\/uploads\/2018\/07\/88.jpg 500w, https:\/\/www.agriculture-machine.com\/wp-content\/uploads\/2018\/07\/88-270x270.jpg 270w\" sizes=\"auto, (max-width: 500px) 100vw, 500px\" \/><\/figure>    <figure class=\"wp-block-image aligncenter\"><img loading=\"lazy\" decoding=\"async\" width=\"500\" height=\"500\" src=\"https:\/\/www.agriculture-machine.com\/wp-content\/uploads\/2018\/07\/77.jpg\" alt=\"\" class=\"wp-image-2986\" srcset=\"https:\/\/www.agriculture-machine.com\/wp-content\/uploads\/2018\/07\/77.jpg 500w, https:\/\/www.agriculture-machine.com\/wp-content\/uploads\/2018\/07\/77-270x270.jpg 270w\" sizes=\"auto, (max-width: 500px) 100vw, 500px\" \/><\/figure>    <figure class=\"wp-block-image aligncenter\"><img loading=\"lazy\" decoding=\"async\" width=\"500\" height=\"500\" src=\"https:\/\/www.agriculture-machine.com\/wp-content\/uploads\/2018\/07\/66.jpg\" alt=\"\" class=\"wp-image-2985\" srcset=\"https:\/\/www.agriculture-machine.com\/wp-content\/uploads\/2018\/07\/66.jpg 500w, https:\/\/www.agriculture-machine.com\/wp-content\/uploads\/2018\/07\/66-270x270.jpg 270w\" sizes=\"auto, (max-width: 500px) 100vw, 500px\" \/><\/figure>    <h2 class=\"wp-block-heading\">Anwendung der Grasschneidemaschine<\/h2>    <ol class=\"wp-block-list\"> <li>Futterh\u00e4cksler zum Verkauf kann die St\u00e4ngel von Bohnen, Mais, Reis, Weizen, Alfalfa, Gras, Heu, Weizengr\u00e4ben, Erdnussschoten, Bodenh\u00fchner usw. f\u00fcr die Zucht von K\u00fchen, Pferden, Schafen, G\u00e4nsen, H\u00fchnern, Enten und anderen Tieren schneiden.<\/li>    <li>Das Schwert der Grasschneidemaschine ist die mechanische Ausr\u00fcstung f\u00fcr die meisten l\u00e4ndlichen Landwirte und kleine oder mittelgro\u00dfe Futterverarbeitungsbetriebe und kann von Weidefl\u00e4chen, Papierfabriken und Heilpflanzen genutzt werden.<\/li> <\/ol>    <figure class=\"wp-block-image aligncenter\"><img loading=\"lazy\" decoding=\"async\" width=\"500\" height=\"500\" src=\"https:\/\/www.agriculture-machine.com\/wp-content\/uploads\/2018\/07\/99.jpg\" alt=\"Grasschneidemaschine\" class=\"wp-image-2988\" srcset=\"https:\/\/www.agriculture-machine.com\/wp-content\/uploads\/2018\/07\/99.jpg 500w, https:\/\/www.agriculture-machine.com\/wp-content\/uploads\/2018\/07\/99-270x270.jpg 270w\" sizes=\"auto, (max-width: 500px) 100vw, 500px\" \/><\/figure>    <h2 class=\"wp-block-heading\">Merkmale der Grasschneidemaschine<\/h2>    <ol class=\"wp-block-list\"> <li>Mit vier R\u00e4dern ist ein manueller Grasschneider leicht zu bewegen.<\/li>    <li>Die Schnittl\u00e4nge des Grases kann entsprechend den Anforderungen des Kunden eingestellt werden.<\/li>    <li>Das von dieser Maschine geschnittene Gras kann von Tieren leicht verdaut werden.<\/li>    <li>Hohe Schnittwirkung. Das Endergebnis der St\u00fccke ist sehr gut.<\/li>    <li>Klein und leicht. F\u00fcr den Heimgebrauch geeignet.<\/li> <\/ol>    <h1 class=\"wp-block-heading\"><span style=\"color: #ff0000;\">Typ zwei<\/span><\/h1>    <figure class=\"wp-block-image aligncenter\"><img decoding=\"async\" src=\"https:\/\/www.agriculture-machine.com\/wp-content\/uploads\/2018\/07\/IMG_7060.jpg\" alt=\"Grasschneidemaschine\" class=\"wp-image-3517\"\/><figcaption class=\"wp-element-caption\">Grasschneidemaschine<\/figcaption><\/figure>    <h2 class=\"wp-block-heading\"><strong><b>Kurze Einf\u00fchrung von <\/b><\/strong>Grasschneider<\/h2>    <p>Mit leichten R\u00e4dern ist die H\u00e4ckslermaschine einfach zu bewegen. Eine Strohschneidemaschine kann mit einem 2,2 kW Motor oder einem kleinen Benzinmotor betrieben werden, f\u00fcr Orte ohne Stromversorgung. Die Schnittl\u00e4nge des Grases kann entsprechend den Anforderungen des Kunden eingestellt werden.<\/p>    <figure class=\"wp-block-image aligncenter\"><img decoding=\"async\" src=\"https:\/\/www.agriculture-machine.com\/wp-content\/uploads\/2018\/07\/IMG_6925.jpg\" alt=\"Gras-Schneidemaschine\" class=\"wp-image-3516\"\/><figcaption class=\"wp-element-caption\">Gras-Schneidemaschine<\/figcaption><\/figure>    <figure class=\"wp-block-table is-style-stripes\"><table><tbody><tr><td>Kapazit\u00e4t<\/td><td>500kg\/h<\/td><\/tr><tr><td>Verpackungsgr\u00f6\u00dfe<\/td><td>400*500*600mm<\/td><\/tr><tr><td>Leistung<\/td><td>2,2 kW<\/td><\/tr><tr><td>Gewicht<\/td><td>50kg<\/td><\/tr><\/tbody><\/table><figcaption class=\"wp-element-caption\">Parameter der Grasschneidemaschine<\/figcaption><\/figure>    <h2 class=\"wp-block-heading\"><strong><b>Anwendung von <\/b><\/strong>Grasschneider<\/h2>    <p>Der Grasschneider kann Dinge wie Gras, Heu, Getreidestroh, Weizengestr, Maisst\u00e4ngel, Erdnussschoten usw. schneiden, die f\u00fcr die Zucht von K\u00fchen, Pferden, Schafen, G\u00e4nsen, H\u00fchnern, Enten und anderen Tieren geeignet sind, was die Verdauung f\u00f6rdert.<\/p>    <figure class=\"wp-block-image aligncenter\"><img decoding=\"async\" src=\"https:\/\/www.agriculture-machine.com\/wp-content\/uploads\/2018\/07\/IMG_7292.jpg\" alt=\"\" class=\"wp-image-3519\"\/><\/figure>    <h2 class=\"wp-block-heading\"><strong><b>Vorteil von <\/b><\/strong>H\u00e4cksler<\/h2>    <p>1. Heu-Schneidemaschine ist die mechanische Ausr\u00fcstung f\u00fcr die meisten l\u00e4ndlichen Landwirte und kleine oder mittelgro\u00dfe Futterverarbeitungsbetriebe und kann von Weidefl\u00e4chen, Papierfabriken und Heilpflanzen genutzt werden.<\/p>    <p>2. Das Messer ist aus hochwertigem Stahl mit Hochleistungsbolzen gefertigt und durch ein spezielles Verfahren veredelt, was es sicher, zuverl\u00e4ssig und langlebig macht.<\/p>    <figure class=\"wp-block-image aligncenter\"><img decoding=\"async\" src=\"https:\/\/www.agriculture-machine.com\/wp-content\/uploads\/2018\/07\/IMG_7082.jpg\" alt=\"\" class=\"wp-image-3518\"\/><\/figure>    <h1 class=\"wp-block-heading\"><span style=\"color: #ff0000;\">Typ drei<\/span><\/h1>    <figure class=\"wp-block-image aligncenter\"><img loading=\"lazy\" decoding=\"async\" width=\"750\" height=\"750\" src=\"https:\/\/www.agriculture-machine.com\/wp-content\/uploads\/2018\/07\/01.jpg\" alt=\"\" class=\"wp-image-3523\" srcset=\"https:\/\/www.agriculture-machine.com\/wp-content\/uploads\/2018\/07\/01.jpg 750w, https:\/\/www.agriculture-machine.com\/wp-content\/uploads\/2018\/07\/01-270x270.jpg 270w, https:\/\/www.agriculture-machine.com\/wp-content\/uploads\/2018\/07\/01-540x540.jpg 540w\" sizes=\"auto, (max-width: 750px) 100vw, 750px\" \/><\/figure>    <h2 class=\"wp-block-heading\">Kurze Einf\u00fchrung des Grasschneiders<\/h2>    <p>1. Zwei Funktionen dieses Ger\u00e4ts: H\u00e4ckseln und K\u00f6rnerzerkleinerung. Dieser Grasschneider integriert H\u00e4ckseln und K\u00f6rnerzerkleinerung als Ganzes.<\/p>    <p>2. Maisstroh, Heu, Gras, Getreide usw. k\u00f6nnen die Rohstoffe sein.<\/p>    <p>3. Verschiedene Maschenbildschirme k\u00f6nnen unterschiedliche Formen von Pulvern erzeugen.<\/p>    <p>4. Fertiges Produkt ist bei landwirtschaftlichem Vieh sehr beliebt.<\/p>    <p>5. Sie k\u00f6nnen je nach Bedarf verschiedene Feinde ausw\u00e4hlen.<\/p>    <p>6. Zwei flexible R\u00e4der und eine stabile Halterung machen den Transport bequem.<\/p>    <figure class=\"wp-block-image aligncenter\"><img loading=\"lazy\" decoding=\"async\" width=\"750\" height=\"750\" src=\"https:\/\/www.agriculture-machine.com\/wp-content\/uploads\/2018\/07\/03.jpg\" alt=\"\" class=\"wp-image-3524\" srcset=\"https:\/\/www.agriculture-machine.com\/wp-content\/uploads\/2018\/07\/03.jpg 750w, https:\/\/www.agriculture-machine.com\/wp-content\/uploads\/2018\/07\/03-270x270.jpg 270w, https:\/\/www.agriculture-machine.com\/wp-content\/uploads\/2018\/07\/03-540x540.jpg 540w\" sizes=\"auto, (max-width: 750px) 100vw, 750px\" \/><\/figure>    <figure class=\"wp-block-table is-style-stripes\"><table><tbody><tr><td> <p style=\"text-align: center; vertical-align: baseline; margin: 0.0000pt;\" align=\"center\" class=\"translation-block\"><strong><span style=\"font-family: Arial;color: #000000;font-weight: bold;font-style: normal;font-size: 10.5000pt\">Modell<\/span><\/strong><\/p> <\/td><td> <p style=\"text-align: center; vertical-align: baseline; margin: 0.0000pt;\" align=\"center\" class=\"translation-block\"><strong><span style=\"font-family: Arial;color: #000000;font-weight: bold;font-style: normal;font-size: 10.5000pt\">TZY-D1<\/span><\/strong><\/p> <\/td><\/tr><tr><td> <p style=\"text-align: center; vertical-align: baseline; margin: 0.0000pt;\" align=\"center\"><span style=\"font-family: Arial; color: #000000; font-style: normal; font-size: 10.5000pt;\">Motor<\/span><\/p> <\/td><td> <p style=\"text-align: center; vertical-align: baseline; margin: 0.0000pt;\" align=\"center\"><span style=\"font-family: Arial; color: #000000; font-style: normal; font-size: 10.5000pt;\">1,5 kW<\/span><\/p> <\/td><\/tr><tr><td> <p style=\"text-align: center; vertical-align: baseline; margin: 0.0000pt;\" align=\"center\"><span style=\"font-family: Arial; color: #000000; font-style: normal; font-size: 10.5000pt;\">Abmessung<\/span><\/p> <\/td><td> <p style=\"text-align: center; vertical-align: baseline; margin: 0.0000pt;\" align=\"center\"><span style=\"font-family: Arial; color: #000000; font-style: normal; font-size: 10.5000pt;\">1150*680*1360mm<\/span><\/p> <\/td><\/tr><tr><td> <p style=\"text-align: center; vertical-align: baseline; margin: 0.0000pt;\" align=\"center\"><span style=\"font-family: Arial; color: #000000; font-style: normal; font-size: 10.5000pt;\">Gewicht<\/span><\/p> <\/td><td> <p style=\"text-align: center; vertical-align: baseline; margin: 0.0000pt;\" align=\"center\"><span style=\"font-family: Arial; color: #000000; font-style: normal; font-size: 10.5000pt;\">87kg<\/span><\/p> <\/td><\/tr><tr><td> <p style=\"text-align: center; vertical-align: baseline; margin: 0.0000pt;\" align=\"center\"><span style=\"font-family: Arial; color: #000000; font-style: normal; font-size: 10.5000pt;\">Kapazit\u00e4t<\/span><\/p> <\/td><td> <p style=\"text-align: center; vertical-align: baseline; margin: 0.0000pt;\" align=\"center\"><span style=\"font-family: Arial; color: #000000; font-style: normal; font-size: 10.5000pt;\">1t\/h<\/span><\/p> <\/td><\/tr><\/tbody><\/table><figcaption class=\"wp-element-caption\">Detaillierte Informationen zur Getreidem\u00fchle<\/figcaption><\/figure>    <p class=\"translation-block\">Dar\u00fcber hinaus sind unsere \u00e4hnlichen Maschinen <strong><em>Tierfutter-Schneidemaschine | Strohschneider | Grasschneider mit gro\u00dfer Kapazit\u00e4t<\/em><\/strong>, und <strong><em>4-15t\/h Grasschneidemaschine \/ nasses Gras schneiden \/ Grasschneider<\/em><\/strong>.<\/p>    <h2 class=\"wp-block-heading\">Erfolgreicher Fall des Grasschneiders<\/h2>    <p>Dieses H\u00e4cksler-Modell ist das meistverkaufte Produkt in unserer Fabrik, und wir verkaufen jeden Monat viele Sets. Letzten Monat wurden 500 Sets nach Pakistan geliefert, unser Kunde hat alle Maschinen erhalten und lobt die Qualit\u00e4t sehr. Das folgende Bild zeigt die Verpackungsdetails.<\/p>    <p>Au\u00dferdem bieten wir ihm einen perfekten After-Sales-Service, wie 24\/7 Online-Services, kostenlose Ersatzteile innerhalb eines Jahres, die Organisation der Schulung seiner Arbeiter durch unseren Ingenieur usw. Insgesamt werden wir alles tun, um all seine Probleme zu l\u00f6sen.<\/p>    <figure class=\"wp-block-image aligncenter\"><img loading=\"lazy\" decoding=\"async\" width=\"500\" height=\"500\" src=\"https:\/\/www.agriculture-machine.com\/wp-content\/uploads\/2018\/07\/333.jpg\" alt=\"\" class=\"wp-image-2991\" srcset=\"https:\/\/www.agriculture-machine.com\/wp-content\/uploads\/2018\/07\/333.jpg 500w, https:\/\/www.agriculture-machine.com\/wp-content\/uploads\/2018\/07\/333-270x270.jpg 270w\" sizes=\"auto, (max-width: 500px) 100vw, 500px\" \/><\/figure>    <figure class=\"wp-block-image aligncenter\"><img loading=\"lazy\" decoding=\"async\" width=\"500\" height=\"500\" src=\"https:\/\/www.agriculture-machine.com\/wp-content\/uploads\/2018\/07\/555.jpg\" alt=\"\" class=\"wp-image-2992\" srcset=\"https:\/\/www.agriculture-machine.com\/wp-content\/uploads\/2018\/07\/555.jpg 500w, https:\/\/www.agriculture-machine.com\/wp-content\/uploads\/2018\/07\/555-270x270.jpg 270w\" sizes=\"auto, (max-width: 500px) 100vw, 500px\" \/><\/figure>    <h2 class=\"wp-block-heading\">FAQ<\/h2>   <div id=\"rank-math-faq\" class=\"rank-math-block\"> <div class=\"rank-math-list\"> <div id=\"faq-question-1709531769865\" class=\"rank-math-list-item\"> <h3 class=\"rank-math-question\">Wie viele Messer sind im Strohschneider enthalten?<\/h3> <div class=\"rank-math-answer\">  <p>4 Messer.<\/p>  <\/div> <\/div> <div id=\"faq-question-1709531776517\" class=\"rank-math-list-item\"> <h3 class=\"rank-math-question\">Welche Rohstoffe k\u00f6nnen mit dieser Maschine geschnitten werden?<\/h3> <div class=\"rank-math-answer\">  <p>Reisstroh, Weizenstroh, Maisstroh, Baumzweige und anderes Gras.<\/p>  <\/div> <\/div> <div id=\"faq-question-1709531783645\" class=\"rank-math-list-item\"> <h3 class=\"rank-math-question\">Haben Sie verschiedene Arten von Grasschneidemaschinen?<\/h3> <div class=\"rank-math-answer\">  <p>Ja, nat\u00fcrlich, es ist das kleinste, und wir haben auch andere gr\u00f6\u00dfere Gr\u00f6\u00dfen und leistungsst\u00e4rkere Grasschneidemaschinen.<\/p>  <\/div> <\/div> <div id=\"faq-question-1709531794566\" class=\"rank-math-list-item\"> <h3 class=\"rank-math-question\">Was ist die Kapazit\u00e4t einer Grasschneidemaschine?<\/h3> <div class=\"rank-math-answer\">  <p>Seine Kapazit\u00e4t betr\u00e4gt 400-500kg\/h.<\/p>  <\/div> <\/div> <div id=\"faq-question-1709531820733\" class=\"rank-math-list-item\"> <h3 class=\"rank-math-question\">Ist es f\u00fcr den Einzelgebrauch geeignet?<\/h3> <div class=\"rank-math-answer\">  <p>Ja, nat\u00fcrlich.<\/p>  <\/div> <\/div> <\/div> <\/div>","protected":false},"excerpt":{"rendered":"<p>Es ist eine kleine H\u00e4cksler-Maschine mit 4 Messern, die bei einzelnen Landwirten sehr beliebt ist. Das Rohmaterial kann Gras, Reis-, Mais- und Weizengras sein.<\/p>","protected":false},"author":1,"featured_media":0,"parent":0,"comment_status":"closed","ping_status":"closed","template":"","tags":[832,2609],"product-type":[912],"class_list":["post-200","product","type-product","status-publish","hentry","tag-chaff","tag-cutter","product-type-chaff-cutter"],"_links":{"self":[{"href":"https:\/\/www.agriculture-machine.com\/de\/wp-json\/wp\/v2\/product\/200","targetHints":{"allow":["GET"]}}],"collection":[{"href":"https:\/\/www.agriculture-machine.com\/de\/wp-json\/wp\/v2\/product"}],"about":[{"href":"https:\/\/www.agriculture-machine.com\/de\/wp-json\/wp\/v2\/types\/product"}],"author":[{"embeddable":true,"href":"https:\/\/www.agriculture-machine.com\/de\/wp-json\/wp\/v2\/users\/1"}],"replies":[{"embeddable":true,"href":"https:\/\/www.agriculture-machine.com\/de\/wp-json\/wp\/v2\/comments?post=200"}],"wp:attachment":[{"href":"https:\/\/www.agriculture-machine.com\/de\/wp-json\/wp\/v2\/media?parent=200"}],"wp:term":[{"taxonomy":"post_tag","embeddable":true,"href":"https:\/\/www.agriculture-machine.com\/de\/wp-json\/wp\/v2\/tags?post=200"},{"taxonomy":"product-type","embeddable":true,"href":"https:\/\/www.agriculture-machine.com\/de\/wp-json\/wp\/v2\/product-type?post=200"}],"curies":[{"name":"wp","href":"https:\/\/api.w.org\/{rel}","templated":true}]}}