{"id":2279,"date":"2018-10-17T09:50:12","date_gmt":"2018-10-17T01:50:12","guid":{"rendered":"https:\/\/www.agriculture-machine.com\/?p=1011"},"modified":"2024-09-18T16:08:35","modified_gmt":"2024-09-18T08:08:35","slug":"rice-transplanter-machine","status":"publish","type":"product","link":"https:\/\/www.agriculture-machine.com\/de\/rice-transplanter-machine\/","title":{"rendered":"2-Reihen-Reis-Transplanter"},"content":{"rendered":"<h2 class=\"wp-block-heading\">Kurze Einf\u00fchrung der 2-Reihen-Reispflanzmaschine<\/h2>    <p class=\"translation-block\">Es ist eine 2-Reihen <strong>Reispflanzmaschine<\/strong> und muss manuell bedient werden. Die Maschine ist leicht (20kg) und sehr geeignet f\u00fcr Landwirte. Der Reihenabstand betr\u00e4gt 250mm und ist nicht verstellbar. Die maximale Pflanztiefe ist 65mm und die maximale Pflanzfrequenz 120 St\u00fcck\/Min. Dieser kleine Reispflanzer ist einfach zu bedienen und ein Verkaufsschlager in unserer Fabrik.<\/p>   <p><iframe loading=\"lazy\" title=\"Kombinierte Reism\u00fchle |\u00a0Reism\u00fchlen- und Zerkleinerungsmaschine\" width=\"500\" height=\"281\" src=\"https:\/\/www.youtube.com\/embed\/DcsznGBC44g?feature=oembed\" frameborder=\"0\" allow=\"accelerometer; autoplay; clipboard-write; encrypted-media; gyroscope; picture-in-picture; web-share\" referrerpolicy=\"strict-origin-when-cross-origin\" allowfullscreen><\/iframe><\/p>    <figure class=\"wp-block-image aligncenter\"><img loading=\"lazy\" decoding=\"async\" width=\"750\" height=\"689\" src=\"https:\/\/www.agriculture-machine.com\/wp-content\/uploads\/2018\/10\/CY2-TRANSPLANTER-1.jpg\" alt=\"Reis-Transplanter\" class=\"wp-image-3245\" srcset=\"https:\/\/www.agriculture-machine.com\/wp-content\/uploads\/2018\/10\/CY2-TRANSPLANTER-1.jpg 750w, https:\/\/www.agriculture-machine.com\/wp-content\/uploads\/2018\/10\/CY2-TRANSPLANTER-1-294x270.jpg 294w, https:\/\/www.agriculture-machine.com\/wp-content\/uploads\/2018\/10\/CY2-TRANSPLANTER-1-588x540.jpg 588w\" sizes=\"auto, (max-width: 750px) 100vw, 750px\" \/><\/figure>    <h2 class=\"wp-block-heading\">Technische Parameter der 2-Reihen-Reispflanzmaschine<\/h2>    <figure class=\"wp-block-table is-style-stripes\"><table><tbody><tr><td>Name<\/td><td>Reispflanzmaschine<\/td><\/tr><tr><td>Modell<\/td><td>&nbsp;CY-2<\/td><\/tr><tr><td>Reihen<\/td><td>2 Reihen<\/td><\/tr><tr><td>Typ<\/td><td>&nbsp;Manuell<\/td><\/tr><tr><td>Reihenabstand<\/td><td>&nbsp;250mm, can&#8217;t adjusted<\/td><\/tr><tr><td>Maximale Pflanzfrequenz<\/td><td>&nbsp;1 20 St\u00fcck\/Min<\/td><\/tr><tr><td>Maximale Pflanztiefe<\/td><td>&nbsp;65mm<\/td><\/tr><tr><td>Gr\u00f6\u00dfe<\/td><td>600* 700** 800mm<\/td><\/tr><tr><td>Gewicht<\/td><td>20kg<\/td><\/tr><tr><td>20GP<\/td><td>190 Sets<\/td><\/tr><\/tbody><\/table><figcaption class=\"wp-element-caption\">Technische Daten der Zwei-Reihen-Reispflanzmaschine<\/figcaption><\/figure>    <h2 class=\"wp-block-heading\">Struktur der 2-Reihen-Reispflanzmaschine<\/h2>    <p>Sie besteht haupts\u00e4chlich aus einer Kette, Handgriffen, Setzlingsbetten und einer Plattform.<\/p>    <figure class=\"wp-block-image aligncenter\"><img loading=\"lazy\" decoding=\"async\" width=\"750\" height=\"869\" src=\"https:\/\/www.agriculture-machine.com\/wp-content\/uploads\/2018\/10\/CY2-TRANSPLANTER-2.jpg\" alt=\"Fallstudie\" class=\"wp-image-3246\" srcset=\"https:\/\/www.agriculture-machine.com\/wp-content\/uploads\/2018\/10\/CY2-TRANSPLANTER-2.jpg 750w, https:\/\/www.agriculture-machine.com\/wp-content\/uploads\/2018\/10\/CY2-TRANSPLANTER-2-233x270.jpg 233w, https:\/\/www.agriculture-machine.com\/wp-content\/uploads\/2018\/10\/CY2-TRANSPLANTER-2-466x540.jpg 466w\" sizes=\"auto, (max-width: 750px) 100vw, 750px\" \/><\/figure>    <h2 class=\"wp-block-heading\"><strong><b>Funktionsprinzip dieser Ausr\u00fcstung<\/b><\/strong><\/h2>    <ol class=\"wp-block-list\"> <li>Platzieren Sie die Setzlinge in den beiden Setzlingsbetten der Maschine<\/li>    <li>Dreh den Handgriff in die gleiche Richtung<\/li>    <li>Die Transplantationsnadel pflanzt die Setzlinge nacheinander<\/li>    <li>Dann in den Boden einf\u00fcgen<\/li>    <li>W\u00e4hrend des Prozesses sollte der Bediener dem Ger\u00e4t zugewandt sein und kontinuierlich zur\u00fcckgehen.<\/li> <\/ol>    <figure class=\"wp-block-image aligncenter\"><img loading=\"lazy\" decoding=\"async\" width=\"750\" height=\"1054\" src=\"https:\/\/www.agriculture-machine.com\/wp-content\/uploads\/2018\/10\/CY2-TRANSPLANTER-6.jpg\" alt=\"Versandbild 10\" class=\"wp-image-3247\" srcset=\"https:\/\/www.agriculture-machine.com\/wp-content\/uploads\/2018\/10\/CY2-TRANSPLANTER-6.jpg 750w, https:\/\/www.agriculture-machine.com\/wp-content\/uploads\/2018\/10\/CY2-TRANSPLANTER-6-192x270.jpg 192w, https:\/\/www.agriculture-machine.com\/wp-content\/uploads\/2018\/10\/CY2-TRANSPLANTER-6-384x540.jpg 384w\" sizes=\"auto, (max-width: 750px) 100vw, 750px\" \/><\/figure>    <h2 class=\"wp-block-heading\">Welche technischen Bedingungen hat unsere Reispflanzmaschine?<\/h2>    <ul class=\"wp-block-list\"> <li>Die Setzlingsh\u00f6he sollte zwischen 180-300mm liegen<\/li>    <li>Die Wurzeln der Setzlinge sollten etwa 60mm in den Boden eingef\u00fchrt werden<\/li>    <li>Die Arbeitstiefe sollte innerhalb von 10-20mm kontrolliert werden<\/li>    <li>Der Bediener sollte vor der Verwendung Schmier\u00f6l auf die Reibungsteile auftragen, um eine flexible Rotation zu erreichen<\/li>    <li>W\u00e4hrend des Betriebs sollten die Setzlinge parallel sein<\/li> <\/ul>    <h2 class=\"wp-block-heading\">Vorteil der 2-Reihen-Reispflanzmaschine<\/h2>    <ol class=\"wp-block-list\"> <li>Das Setzlingsbett l\u00e4sst sich leicht herausdr\u00fccken, um es zu reinigen<\/li>    <li>Leichtgewicht macht es einfach, im Reispaddy zu bewegen<\/li>    <li>Es braucht nur eine Person, um sie zu bedienen.<\/li>    <li>Setzlinge k\u00f6nnen vertikal und ordentlich in den Boden gesetzt werden<\/li>    <li>Hohe Anpassungsf\u00e4higkeit, geeignet f\u00fcr H\u00fcgel, Berge, Ebenen usw.<\/li> <\/ol>    <h2 class=\"wp-block-heading\">Erfolgsf\u00e4lle unserer Reispflanzmaschine<\/h2>    <p>Fall 1<\/p>    <p>Im August 2018 lieferten wir 190 Sets Reispflanzmaschinen nach Sri Lanka. November ist die Pflanzzeit in Sri Lanka, die Lieferzeit betr\u00e4gt etwa 40-50 Tage. Mit anderen Worten, unser Kunde kaufte im August eine Reispflanzmaschine und erh\u00e4lt sie im Oktober. Er ist H\u00e4ndler auf dem lokalen Markt, vertreibt Maschinen an Landwirte, die w\u00e4hrend der Pflanzzeit arbeiten.<\/p>    <figure class=\"wp-block-image aligncenter\"><img loading=\"lazy\" decoding=\"async\" width=\"960\" height=\"1280\" src=\"https:\/\/www.agriculture-machine.com\/wp-content\/uploads\/2018\/10\/6bfe28209ccdc550c111f8325ad1b82.jpg\" alt=\"Versandbild 12\" class=\"wp-image-3243\" srcset=\"https:\/\/www.agriculture-machine.com\/wp-content\/uploads\/2018\/10\/6bfe28209ccdc550c111f8325ad1b82.jpg 960w, https:\/\/www.agriculture-machine.com\/wp-content\/uploads\/2018\/10\/6bfe28209ccdc550c111f8325ad1b82-203x270.jpg 203w, https:\/\/www.agriculture-machine.com\/wp-content\/uploads\/2018\/10\/6bfe28209ccdc550c111f8325ad1b82-405x540.jpg 405w, https:\/\/www.agriculture-machine.com\/wp-content\/uploads\/2018\/10\/6bfe28209ccdc550c111f8325ad1b82-768x1024.jpg 768w\" sizes=\"auto, (max-width: 960px) 100vw, 960px\" \/><\/figure>    <figure class=\"wp-block-image aligncenter\"><img loading=\"lazy\" decoding=\"async\" width=\"960\" height=\"1280\" src=\"https:\/\/www.agriculture-machine.com\/wp-content\/uploads\/2018\/10\/92f84b9e6f760a47d96b2cf8bd56a06.jpg\" alt=\"Versandbild 12\" class=\"wp-image-3244\" srcset=\"https:\/\/www.agriculture-machine.com\/wp-content\/uploads\/2018\/10\/92f84b9e6f760a47d96b2cf8bd56a06.jpg 960w, https:\/\/www.agriculture-machine.com\/wp-content\/uploads\/2018\/10\/92f84b9e6f760a47d96b2cf8bd56a06-203x270.jpg 203w, https:\/\/www.agriculture-machine.com\/wp-content\/uploads\/2018\/10\/92f84b9e6f760a47d96b2cf8bd56a06-405x540.jpg 405w, https:\/\/www.agriculture-machine.com\/wp-content\/uploads\/2018\/10\/92f84b9e6f760a47d96b2cf8bd56a06-768x1024.jpg 768w\" sizes=\"auto, (max-width: 960px) 100vw, 960px\" \/><\/figure>    <p>Im Januar 2019 bestellte unser Kunde aus Amerika 100 Sets bei uns. Reis ist in Amerika sehr verbreitet, daher sind Reispflanzmaschinen bei amerikanischen Landwirten beliebt. Unsere 2-Reihen-Reispflanzmaschine ist leicht und funktional n\u00fctzlich, sie ist eine gute Wahl f\u00fcr einzelne Landwirte oder H\u00e4ndler<\/p>    <p>Nachdem Sie die hervorragende Leistung der Reispflanzmaschine kennen gelernt haben, z\u00f6gern Sie nicht, uns f\u00fcr weitere Details zu kontaktieren. Wir freuen uns darauf, weitere spannende Informationen \u00fcber unsere fortschrittlichen landwirtschaftlichen Maschinen mit Ihnen zu teilen! Au\u00dferdem laden wir Sie herzlich ein, unsere Fabrik zu besuchen, um unsere technische St\u00e4rke und unseren aufmerksamen Service zu erleben. Wir freuen uns auf eine weitere Zusammenarbeit mit Ihnen!<\/p>    <p class=\"translation-block\">Wir haben auch 6-Reihen- und 8-Reihen-Reispflanzmaschinen, bitte klicken Sie auf den folgenden Link, um weitere Informationen zu sehen. (<em>Verwandter Artikel: <strong><a href=\"https:\/\/www.agriculture-machine.com\/de\/8-rows-rice-transplanter\/\">Reispflanzmaschine \/ Reispflanzger\u00e4t<\/a><\/strong><\/em>)<\/p>    <h2 class=\"wp-block-heading\">Kontaktieren Sie uns jederzeit<\/h2>    <p>Kombinierte Reism\u00fchle |\u00a0Reism\u00fchlen- und Zerkleinerungsmaschine<\/p>","protected":false},"excerpt":{"rendered":"<p>Effiziente 2-Reihen-Reispflanzmaschine mit gutem Preis<\/p>","protected":false},"author":1,"featured_media":1031,"parent":0,"comment_status":"closed","ping_status":"closed","template":"","tags":[2607,492,796,151],"product-type":[914],"class_list":["post-2279","product","type-product","status-publish","has-post-thumbnail","hentry","tag-nursery","tag-planter","tag-rice","tag-transplanter","product-type-rice-transplanter"],"_links":{"self":[{"href":"https:\/\/www.agriculture-machine.com\/de\/wp-json\/wp\/v2\/product\/2279","targetHints":{"allow":["GET"]}}],"collection":[{"href":"https:\/\/www.agriculture-machine.com\/de\/wp-json\/wp\/v2\/product"}],"about":[{"href":"https:\/\/www.agriculture-machine.com\/de\/wp-json\/wp\/v2\/types\/product"}],"author":[{"embeddable":true,"href":"https:\/\/www.agriculture-machine.com\/de\/wp-json\/wp\/v2\/users\/1"}],"replies":[{"embeddable":true,"href":"https:\/\/www.agriculture-machine.com\/de\/wp-json\/wp\/v2\/comments?post=2279"}],"wp:featuredmedia":[{"embeddable":true,"href":"https:\/\/www.agriculture-machine.com\/de\/wp-json\/wp\/v2\/media\/1031"}],"wp:attachment":[{"href":"https:\/\/www.agriculture-machine.com\/de\/wp-json\/wp\/v2\/media?parent=2279"}],"wp:term":[{"taxonomy":"post_tag","embeddable":true,"href":"https:\/\/www.agriculture-machine.com\/de\/wp-json\/wp\/v2\/tags?post=2279"},{"taxonomy":"product-type","embeddable":true,"href":"https:\/\/www.agriculture-machine.com\/de\/wp-json\/wp\/v2\/product-type?post=2279"}],"curies":[{"name":"wp","href":"https:\/\/api.w.org\/{rel}","templated":true}]}}