{"id":240,"date":"2018-07-12T07:48:04","date_gmt":"2018-07-11T23:48:04","guid":{"rendered":"https:\/\/www.agriculture-machine.com\/?p=240"},"modified":"2024-09-18T16:13:05","modified_gmt":"2024-09-18T08:13:05","slug":"small-thresher-for-rice-wheat-beans-sorghum-millet","status":"publish","type":"product","link":"https:\/\/www.agriculture-machine.com\/de\/small-thresher-for-rice-wheat-beans-sorghum-millet\/","title":{"rendered":"Kleiner Drescher f\u00fcr Reis, Weizen, Bohnen, Sorghum, Hirse \/ Weizendrescher"},"content":{"rendered":"<p class=\"translation-block\">Dieser <strong>Weizensch\u00e4ler<\/strong> ist klein und leicht, bietet aber eine hohe Kapazit\u00e4t. Durch den Austausch verschiedener Bildschirme kann er f\u00fcr unterschiedliche Rohstoffe geeignet sein, so dass Sie keine anderen Sch\u00e4ler kaufen m\u00fcssen, und er ist weit verbreitet zum Sch\u00e4len vieler Pflanzen. Daher wird er von vielen Landwirten aus verschiedenen L\u00e4ndern gesch\u00e4tzt. Der Weizensch\u00e4ler kann mit Motor, Dieselmotor und Benzinmotor betrieben werden, um unterschiedlichen Kundenw\u00fcnschen gerecht zu werden.<\/p> <p>Wenn Sie Landwirt sind und Reis, Weizen, Bohnen, Sorghum oder Hirse anbauen. Pers\u00f6nlich gesagt, sind diese Pflanzen in unserem Alltag \u00fcblich, egal wo Sie herkommen. Wenn Sie einen Weizensch\u00e4ler suchen, um sie zu sch\u00e4len, warum nicht dieses kleine Modell w\u00e4hlen? Ich verspreche, dass Sie es nie bereuen werden, so einen Weizensch\u00e4ler zu kaufen, weil er Ihnen bei viel Arbeit helfen kann.<\/p> <p><img loading=\"lazy\" decoding=\"async\" class=\"alignnone wp-image-2962\" src=\"https:\/\/www.agriculture-machine.com\/wp-content\/uploads\/2018\/07\/wheat-thresher-machine-2.jpg\" alt=\"\" width=\"582\" height=\"698\" srcset=\"https:\/\/www.agriculture-machine.com\/wp-content\/uploads\/2018\/07\/wheat-thresher-machine-2.jpg 750w, https:\/\/www.agriculture-machine.com\/wp-content\/uploads\/2018\/07\/wheat-thresher-machine-2-225x270.jpg 225w, https:\/\/www.agriculture-machine.com\/wp-content\/uploads\/2018\/07\/wheat-thresher-machine-2-450x540.jpg 450w\" sizes=\"auto, (max-width: 582px) 100vw, 582px\" \/><\/p> <div class=\"img\"> <p>&nbsp;<\/p> <p>&nbsp;<\/p> <h2>Technische Parameter des Weizensch\u00e4lers<\/h2> <table> <tbody> <tr> <td width=\"284\">Modell<\/td> <td width=\"284\">SL-50<\/td> <\/tr> <tr> <td width=\"284\">Leistung<\/td> <td width=\"284\">3kw Motor, Benzinmotor oder 8HP Dieselmotor<\/td> <\/tr> <tr> <td width=\"284\">Kapazit\u00e4t<\/td> <td width=\"284\">400-500kg\/h<\/td> <\/tr> <tr> <td width=\"284\">Gewicht<\/td> <td width=\"284\">50kg<\/td> <\/tr> <tr> <td width=\"284\">Gr\u00f6\u00dfe<\/td> <td width=\"284\">980mm*500mm*1200mm<\/td> <\/tr> <\/tbody> <\/table> <h2>Vorteile der Weizen-Sch\u00e4lmaschine<\/h2> <ol> <li>Klein. Es ist sehr geeignet f\u00fcr den privaten Gebrauch zu Hause.<\/li> <li>Leichtgewicht. Das Gewicht betr\u00e4gt nur 50 kg, sodass Landwirte ihn leicht bewegen k\u00f6nnen.<\/li> <li>Mehrere Funktionen. Der zum Verkauf stehende Weizensch\u00e4ler kann Hirse, Bohnen, Sorghum, Reis und Weizen sch\u00e4len.<\/li> <li>Hohe Sch\u00e4lrate. Es bleiben fast keine K\u00f6rner im H\u00fcllblatt.<\/li> <li>Geringe Verlustrate. Sie liegt bei h\u00f6chstens 2 %.<\/li> <li>Weizensch\u00e4ler kann gleichm\u00e4\u00dfig laufen, ist einfach zu bedienen und zu warten.<\/li> <li>niedriger Preis, aber hoher Gewinn.<\/li> <\/ol> <p><img loading=\"lazy\" decoding=\"async\" class=\"alignnone wp-image-2967\" src=\"https:\/\/www.agriculture-machine.com\/wp-content\/uploads\/2018\/07\/wheat-thresher-machine-7.jpg\" alt=\"\" width=\"609\" height=\"731\" srcset=\"https:\/\/www.agriculture-machine.com\/wp-content\/uploads\/2018\/07\/wheat-thresher-machine-7.jpg 750w, https:\/\/www.agriculture-machine.com\/wp-content\/uploads\/2018\/07\/wheat-thresher-machine-7-225x270.jpg 225w, https:\/\/www.agriculture-machine.com\/wp-content\/uploads\/2018\/07\/wheat-thresher-machine-7-450x540.jpg 450w\" sizes=\"auto, (max-width: 609px) 100vw, 609px\" \/><\/p> <p><img loading=\"lazy\" decoding=\"async\" class=\"alignnone wp-image-2968\" src=\"https:\/\/www.agriculture-machine.com\/wp-content\/uploads\/2018\/07\/wheat-thresher-machine-8.jpg\" alt=\"\" width=\"606\" height=\"727\" srcset=\"https:\/\/www.agriculture-machine.com\/wp-content\/uploads\/2018\/07\/wheat-thresher-machine-8.jpg 750w, https:\/\/www.agriculture-machine.com\/wp-content\/uploads\/2018\/07\/wheat-thresher-machine-8-225x270.jpg 225w, https:\/\/www.agriculture-machine.com\/wp-content\/uploads\/2018\/07\/wheat-thresher-machine-8-450x540.jpg 450w\" sizes=\"auto, (max-width: 606px) 100vw, 606px\" \/><\/p> <h2>Erfolgreicher Fall eines Weizensch\u00e4lers<\/h2> <p class=\"translation-block\"><strong><span style=\"color: #ff0000\">Fall eins<\/span><\/strong><\/p> <p>Im Jahr 2018 lieferten wir 15.000 Sorghum-Sch\u00e4ler nach Tansania, die innerhalb von 3 Monaten fertiggestellt wurden. Sie luden die Maschinen auf die Container in den folgenden Bildern. Nachdem wir sein Vertrauen gewonnen hatten, bestellte er landwirtschaftliche Maschinen bei uns, solange es Bedarf gibt.<\/p> <p class=\"translation-block\"><strong><span style=\"color: #ff0000;\">Case two<\/span><\/strong><br \/> 10 sets wheat thresher are delivered to America last week, and this customer wants to thresh beans. We installed the beans screen for him so that he can use machine directly after receiving it. In addition, due to the first cooperation, my factory sent him 3 different screens for free.<\/p> <p><img loading=\"lazy\" decoding=\"async\" class=\"alignnone wp-image-2971\" src=\"https:\/\/www.agriculture-machine.com\/wp-content\/uploads\/2018\/07\/wheat-sheller-1.jpg\" alt=\"\" width=\"643\" height=\"643\" srcset=\"https:\/\/www.agriculture-machine.com\/wp-content\/uploads\/2018\/07\/wheat-sheller-1.jpg 750w, https:\/\/www.agriculture-machine.com\/wp-content\/uploads\/2018\/07\/wheat-sheller-1-270x270.jpg 270w, https:\/\/www.agriculture-machine.com\/wp-content\/uploads\/2018\/07\/wheat-sheller-1-540x540.jpg 540w\" sizes=\"auto, (max-width: 643px) 100vw, 643px\" \/><\/p> <p>&nbsp;<\/p> <p><img loading=\"lazy\" decoding=\"async\" class=\"alignnone wp-image-2972\" src=\"https:\/\/www.agriculture-machine.com\/wp-content\/uploads\/2018\/07\/wheat-sheller-2.jpg\" alt=\"\" width=\"641\" height=\"641\" srcset=\"https:\/\/www.agriculture-machine.com\/wp-content\/uploads\/2018\/07\/wheat-sheller-2.jpg 750w, https:\/\/www.agriculture-machine.com\/wp-content\/uploads\/2018\/07\/wheat-sheller-2-270x270.jpg 270w, https:\/\/www.agriculture-machine.com\/wp-content\/uploads\/2018\/07\/wheat-sheller-2-540x540.jpg 540w\" sizes=\"auto, (max-width: 641px) 100vw, 641px\" \/><\/p> <h2>FAQ<\/h2> <ol> <li>Was ist die Kapazit\u00e4t dieses Reissch\u00e4lers?<\/li> <\/ol> <p>Seine Kapazit\u00e4t betr\u00e4gt 400-500kg\/h<\/p> <ol start=\"2\"> <li>Was ist das Rohmaterial\uff1f<\/li> <\/ol> <p>Sie k\u00f6nnen ihn zum Sch\u00e4len von Reis, Hirse, Sorghum, Reis, Bohnen verwenden.<\/p> <ol start=\"3\"> <li>Wie kann ich einen passenden Motor ausw\u00e4hlen?<\/li> <\/ol> <p>Menschen verwenden meist einen 3kw Motor, der g\u00fcnstig ist, und er kann auch mit Benzinmotor oder 8HP Dieselmotor ausgestattet werden.<\/p> <ol start=\"4\"> <li>Werden Sie uns f\u00fcnf Bildschirme kostenlos schicken, weil es ein multifunktionaler Sch\u00e4ler ist?<\/li> <\/ol> <p>Wir werden eine Bildschirmeinheit kostenlos in die Maschine installieren, aber Sie sollten f\u00fcr die anderen vier Bildschirme extra bezahlen.<\/p> <ol start=\"5\"> <li>Muss ich andere Ersatzteile kaufen?<\/li> <\/ol> <p>Es ist besser, zus\u00e4tzliche Bildschirme zu haben, wenn Sie viele Pflanzen sch\u00e4len m\u00f6chten.<\/p> <ol start=\"6\"> <li>Haben Sie eine h\u00f6here Kapazit\u00e4t, wenn ich sehr gro\u00dfes Land habe?<\/li> <\/ol> <p>Ja, nat\u00fcrlich, wir haben auch Sch\u00e4ler mit 800-1000kg\/h, bitte kontaktieren Sie uns, um mehr \u00fcber die verwandten Maschinen zu erfahren.<\/p> <ol start=\"7\"> <li>In welches Land haben Sie den Hirse-Sch\u00e4ler exportiert?<\/li> <\/ol> <p>In den letzten Jahren haben wir diese Bohnen-Sch\u00e4ler in viele L\u00e4nder exportiert, wie Nigeria, S\u00fcdafrika, Tansania, Pakistan, USA, Malaysia, Vietnam, Ecuador, Sudan, Kongo usw.<\/p> <p>&nbsp;<\/p> <\/div>","protected":false},"excerpt":{"rendered":"<p>This wheat thresher has small size and light weight, but boasts high capacity. By changing different screens, it can fit for different raw materials, so you don\u2019t need to buy other threshers, widely applying to thresh many crops. Therefore, it is favored by many farmers from different countries. The wheat thresher can work with motor, [&hellip;]<\/p>\n","protected":false},"author":1,"featured_media":0,"parent":0,"comment_status":"closed","ping_status":"closed","template":"","tags":[2614],"product-type":[894],"class_list":["post-240","product","type-product","status-publish","hentry","tag-thresher","product-type-rice-and-wheat-thresher"],"_links":{"self":[{"href":"https:\/\/www.agriculture-machine.com\/de\/wp-json\/wp\/v2\/product\/240","targetHints":{"allow":["GET"]}}],"collection":[{"href":"https:\/\/www.agriculture-machine.com\/de\/wp-json\/wp\/v2\/product"}],"about":[{"href":"https:\/\/www.agriculture-machine.com\/de\/wp-json\/wp\/v2\/types\/product"}],"author":[{"embeddable":true,"href":"https:\/\/www.agriculture-machine.com\/de\/wp-json\/wp\/v2\/users\/1"}],"replies":[{"embeddable":true,"href":"https:\/\/www.agriculture-machine.com\/de\/wp-json\/wp\/v2\/comments?post=240"}],"wp:attachment":[{"href":"https:\/\/www.agriculture-machine.com\/de\/wp-json\/wp\/v2\/media?parent=240"}],"wp:term":[{"taxonomy":"post_tag","embeddable":true,"href":"https:\/\/www.agriculture-machine.com\/de\/wp-json\/wp\/v2\/tags?post=240"},{"taxonomy":"product-type","embeddable":true,"href":"https:\/\/www.agriculture-machine.com\/de\/wp-json\/wp\/v2\/product-type?post=240"}],"curies":[{"name":"wp","href":"https:\/\/api.w.org\/{rel}","templated":true}]}}