{"id":250,"date":"2018-07-12T07:56:10","date_gmt":"2018-07-11T23:56:10","guid":{"rendered":"https:\/\/www.agriculture-machine.com\/?p=250"},"modified":"2024-09-18T16:16:44","modified_gmt":"2024-09-18T08:16:44","slug":"big-thresher-for-rice-wheat-beans-sorghum-millet","status":"publish","type":"product","link":"https:\/\/www.agriculture-machine.com\/de\/big-thresher-for-rice-wheat-beans-sorghum-millet\/","title":{"rendered":"Reinigungsmaschine f\u00fcr Reis, Weizen, Hirse"},"content":{"rendered":"<h2 class=\"wp-block-heading\">Reissch\u00e4lmaschine<\/h2>    <p class=\"translation-block\">SL-125<strong>\u00a0<a href=\"https:\/\/www.agriculture-machine.com\/de\/multifunctional-thresher-machine\/\">Reissch\u00e4lmaschine<\/a><\/strong> ist eine gro\u00dfe Maschine und wird verwendet, um die Schale des Reises zu sch\u00e4len, um saubere Reisk\u00f6rner zu erhalten. Im Vergleich zu anderen Sch\u00e4lmaschinen kann sie auch f\u00fcr Hirse, Sorghum und Bohnen verwendet werden. K\u00fcrzlich haben wir viele Container mit Reissch\u00e4lmaschinen in andere L\u00e4nder wie S\u00fcdafrika, Nigeria, Amerika, Pakistan, Indien, Australien usw. verkauft und positive R\u00fcckmeldungen erhalten.<\/p>    <figure class=\"wp-block-embed aligncenter is-type-video is-provider-youtube wp-block-embed-youtube wp-embed-aspect-16-9 wp-has-aspect-ratio\"><div class=\"wp-block-embed__wrapper\"> <iframe loading=\"lazy\" title=\"\u0641\u064a\u062f\u064a\u0648 \u0631\u062f\u0648\u062f \u0627\u0644\u0641\u0639\u0644 \u0639\u0644\u0649 \u0622\u0644\u0629 \u062f\u0631\u0633 \u0627\u0644\u0623\u0631\u0632 \/ \u0622\u0644\u0629 \u062f\u0631\u0633 \u0627\u0644\u0642\u0645\u062d \/ \u0622\u0644\u0629 \u062f\u0631\u0633 \u0627\u0644\u062f\u062e\u0646 \u0648\u0627\u0644\u0630\u0631\u0629 \u0627\u0644\u0631\u0641\u064a\u0639\u0629 \/ \u0622\u0644\u0629 \u0627\u0644\u062f\u0631\u0633\" width=\"500\" height=\"281\" src=\"https:\/\/www.youtube.com\/embed\/OhbHTPxLlCM?feature=oembed\" frameborder=\"0\" allow=\"accelerometer; autoplay; clipboard-write; encrypted-media; gyroscope; picture-in-picture; web-share\" referrerpolicy=\"strict-origin-when-cross-origin\" allowfullscreen><\/iframe> <\/div><figcaption class=\"wp-element-caption\">Feedback-Video zur Reissch\u00e4lmaschine<\/figcaption><\/figure>    <h2 class=\"wp-block-heading\">Anwendung der Reissch\u00e4lmaschine<\/h2>    <p>Unsere Sch\u00e4lmaschine kann Reis, Weizen, Sorghum, Hirse und Bohnen sch\u00e4len, und die Benutzer sollten den Bildschirm im Inneren der Maschine wechseln, um verschiedenen Zwecken gerecht zu werden.<\/p>    <figure class=\"wp-block-image aligncenter wp-image-2859\"><img loading=\"lazy\" decoding=\"async\" width=\"750\" height=\"750\" src=\"https:\/\/www.agriculture-machine.com\/wp-content\/uploads\/2019\/03\/wheat-rice-thresher-2.jpg\" alt=\"Reissch\u00e4lmaschine\" class=\"wp-image-2859\" srcset=\"https:\/\/www.agriculture-machine.com\/wp-content\/uploads\/2019\/03\/wheat-rice-thresher-2.jpg 750w, https:\/\/www.agriculture-machine.com\/wp-content\/uploads\/2019\/03\/wheat-rice-thresher-2-270x270.jpg 270w, https:\/\/www.agriculture-machine.com\/wp-content\/uploads\/2019\/03\/wheat-rice-thresher-2-540x540.jpg 540w\" sizes=\"auto, (max-width: 750px) 100vw, 750px\" \/><figcaption class=\"wp-element-caption\">Reissch\u00e4lmaschine<\/figcaption><\/figure>    <h2 class=\"wp-block-heading\">Hauptstruktur der Reissch\u00e4lmaschine<\/h2>    <p>Diese Weizensch\u00e4lmaschine besteht haupts\u00e4chlich aus einem Zuf\u00fchrtrichter, Walze, Bildschirm, R\u00e4dern, Zugventilator usw., hat ein vern\u00fcnftiges Design und ist mit Rollen leicht zu bewegen.<\/p>    <h2 class=\"wp-block-heading\">Technische Parameter des Reissch\u00e4lers<\/h2>    <figure class=\"wp-block-table is-style-stripes\"><table><tbody><tr><td>Modell<\/td><td>SL-125<\/td><\/tr><tr><td>Rohmaterial<\/td><td>Reis, Weizen, Bohnen, Sorghum, Hirse<\/td><\/tr><tr><td>Leistung<\/td><td>3kW Motor<\/td><\/tr><tr><td>Motor<\/td><td>Ein Benzinmotor oder 12PS Dieselmotor<\/td><\/tr><tr><td>Kapazit\u00e4t<\/td><td>800-1000kg\/h<\/td><\/tr><tr><td>Gewicht<\/td><td>400kg<\/td><\/tr><tr><td>Gr\u00f6\u00dfe<\/td><td>1340*2030*1380mm<\/td><\/tr><\/tbody><\/table><figcaption class=\"wp-element-caption\">Technische Daten der Reissch\u00e4lmaschine<\/figcaption><\/figure>    <h2 class=\"wp-block-heading\">Funktionsprinzip des Reissch\u00e4lers<\/h2>    <ol class=\"wp-block-list\"> <li>Legen Sie den Reis, Weizen, Sorghum, Hirse oder Bohnen in den Einlass.<\/li>    <li>Wenn sie in den Sch\u00e4lbereich gelangen, werden die K\u00f6rner durch die Reibung zweier Walzen vollst\u00e4ndig getrennt.<\/li>    <li>Dann werden die K\u00f6rner durch den Bildschirm gefiltert und kommen aus dem letzten Einlass.<\/li>    <li>Der Zugfunke bl\u00e4st andere Verunreinigungen wie H\u00fcllspelze und Stroh aus.<\/li> <\/ol>    <figure class=\"wp-block-image aligncenter wp-image-2864 size-full\"><img loading=\"lazy\" decoding=\"async\" width=\"2560\" height=\"1707\" src=\"https:\/\/www.agriculture-machine.com\/wp-content\/uploads\/2019\/03\/wheat-rice-thresher-6.jpg\" alt=\"Weizenreaper\" class=\"wp-image-2864\" srcset=\"https:\/\/www.agriculture-machine.com\/wp-content\/uploads\/2019\/03\/wheat-rice-thresher-6.jpg 2560w, https:\/\/www.agriculture-machine.com\/wp-content\/uploads\/2019\/03\/wheat-rice-thresher-6-360x240.jpg 360w, https:\/\/www.agriculture-machine.com\/wp-content\/uploads\/2019\/03\/wheat-rice-thresher-6-720x480.jpg 720w, https:\/\/www.agriculture-machine.com\/wp-content\/uploads\/2019\/03\/wheat-rice-thresher-6-768x512.jpg 768w, https:\/\/www.agriculture-machine.com\/wp-content\/uploads\/2019\/03\/wheat-rice-thresher-6-1536x1024.jpg 1536w, https:\/\/www.agriculture-machine.com\/wp-content\/uploads\/2019\/03\/wheat-rice-thresher-6-2048x1366.jpg 2048w\" sizes=\"auto, (max-width: 2560px) 100vw, 2560px\" \/><figcaption class=\"wp-element-caption\">Weizenreaper<\/figcaption><\/figure>    <h2 class=\"wp-block-heading\">Vorteile der Weizen-Sch\u00e4lmaschine<\/h2>    <ol class=\"wp-block-list\"> <li>Hohe Sch\u00e4lrate. Die Sch\u00e4lrate kann 98% erreichen, und die Endk\u00f6rner sind sehr sauber.<\/li>    <li>Multifunktionale Funktionen. Diese Reissch\u00e4lmaschine ist geeignet f\u00fcr Reis, Weizen, Sorghum, Hirse und Bohnen.<\/li>    <li>Die Weizensch\u00e4lmaschine ist einfach zu bedienen, und der Ablageport ist mit einem leistungsstarken Gebl\u00e4se und einem Vibrationsbildschirm ausgestattet, die Verunreinigungen weiter ausblasen, w\u00e4hrend sie ziemlich saubere K\u00f6rner filtern.<\/li>    <li>Mit einer hohen Kapazit\u00e4t von 1000kg\/h ist die Hirse-Sch\u00e4lmaschine in Afrika sehr beliebt, wir liefern dort j\u00e4hrlich mehr als 10.000 St\u00fcck.<\/li> <\/ol>    <figure class=\"wp-block-image aligncenter wp-image-2865\"><img loading=\"lazy\" decoding=\"async\" width=\"2560\" height=\"1707\" src=\"https:\/\/www.agriculture-machine.com\/wp-content\/uploads\/2019\/03\/wheat-rice-thresher-7.jpg\" alt=\"Weizenreaper\" class=\"wp-image-2865\" srcset=\"https:\/\/www.agriculture-machine.com\/wp-content\/uploads\/2019\/03\/wheat-rice-thresher-7.jpg 2560w, https:\/\/www.agriculture-machine.com\/wp-content\/uploads\/2019\/03\/wheat-rice-thresher-7-360x240.jpg 360w, https:\/\/www.agriculture-machine.com\/wp-content\/uploads\/2019\/03\/wheat-rice-thresher-7-720x480.jpg 720w, https:\/\/www.agriculture-machine.com\/wp-content\/uploads\/2019\/03\/wheat-rice-thresher-7-768x512.jpg 768w, https:\/\/www.agriculture-machine.com\/wp-content\/uploads\/2019\/03\/wheat-rice-thresher-7-1536x1024.jpg 1536w, https:\/\/www.agriculture-machine.com\/wp-content\/uploads\/2019\/03\/wheat-rice-thresher-7-2048x1366.jpg 2048w\" sizes=\"auto, (max-width: 2560px) 100vw, 2560px\" \/><figcaption class=\"wp-element-caption\">Weizenreaper<\/figcaption><\/figure>    <h2 class=\"wp-block-heading\">Der erfolgreiche Fall<\/h2>    <p>Dies ist das Bild einer verpackten Weizensch\u00e4lmaschine zum Verkauf, die nach Nigeria geliefert werden soll. Dieser Kunde kaufte 2018 2000 Sets Reissch\u00e4lmaschinen, und wir legten gro\u00dfen Wert auf diese Bestellung, um eine sichere Produktion und Lieferung zu gew\u00e4hrleisten.<\/p>    <figure class=\"wp-block-image aligncenter wp-image-2862\"><img loading=\"lazy\" decoding=\"async\" width=\"750\" height=\"750\" src=\"https:\/\/www.agriculture-machine.com\/wp-content\/uploads\/2019\/03\/wheat-rice-thresher-5.jpg\" alt=\"Lieferort der Reissch\u00e4lmaschine\" class=\"wp-image-2862\" srcset=\"https:\/\/www.agriculture-machine.com\/wp-content\/uploads\/2019\/03\/wheat-rice-thresher-5.jpg 750w, https:\/\/www.agriculture-machine.com\/wp-content\/uploads\/2019\/03\/wheat-rice-thresher-5-270x270.jpg 270w, https:\/\/www.agriculture-machine.com\/wp-content\/uploads\/2019\/03\/wheat-rice-thresher-5-540x540.jpg 540w\" sizes=\"auto, (max-width: 750px) 100vw, 750px\" \/><figcaption class=\"wp-element-caption\">Lieferort der Reissch\u00e4lmaschine<\/figcaption><\/figure>    <p>Dies ist der Ort, an dem die Maschinen aufbewahrt werden, und er w\u00fcrde diese Maschinen an die lokalen Landwirte verteilen, um die Arbeitseffizienz zu verbessern.<\/p>    <figure class=\"wp-block-image aligncenter wp-image-2861\"><img loading=\"lazy\" decoding=\"async\" width=\"750\" height=\"750\" src=\"https:\/\/www.agriculture-machine.com\/wp-content\/uploads\/2019\/03\/wheat-rice-thresher-4.jpg\" alt=\"Hirse-Sch\u00e4lmaschine Einsatzort\" class=\"wp-image-2861\" srcset=\"https:\/\/www.agriculture-machine.com\/wp-content\/uploads\/2019\/03\/wheat-rice-thresher-4.jpg 750w, https:\/\/www.agriculture-machine.com\/wp-content\/uploads\/2019\/03\/wheat-rice-thresher-4-270x270.jpg 270w, https:\/\/www.agriculture-machine.com\/wp-content\/uploads\/2019\/03\/wheat-rice-thresher-4-540x540.jpg 540w\" sizes=\"auto, (max-width: 750px) 100vw, 750px\" \/><figcaption class=\"wp-element-caption\">Hirse-Sch\u00e4lmaschine Einsatzort<\/figcaption><\/figure>    <h2 class=\"wp-block-heading\">FAQ<\/h2>   <div id=\"rank-math-faq\" class=\"rank-math-block\"> <div class=\"rank-math-list\"> <div id=\"faq-question-1712114956297\" class=\"rank-math-list-item\"> <h3 class=\"rank-math-question\">Was ist das Rohmaterial dieser Sch\u00e4lmaschine?<\/h3> <div class=\"rank-math-answer\">  <p class=\"translation-block\">Das Rohmaterial kann Reis, Weizen, Bohnen, Sorghum und <a href=\"https:\/\/en.wikipedia.org\/wiki\/Millet\" target=\"_blank\" rel=\"noopener\">Hirse<\/a> sein.<\/p>  <\/div> <\/div> <div id=\"faq-question-1712114960765\" class=\"rank-math-list-item\"> <h3 class=\"rank-math-question\">Warum sch\u00e4lt eine Maschine viele Erntearten?<\/h3> <div class=\"rank-math-answer\">  <p>Weil der Bildschirm im Inneren der Maschine ausgetauscht werden kann.<br \/>Wir haben viele Bildschirme wie im folgenden Bild.<\/p>  <\/div> <\/div> <\/div> <\/div>   <figure class=\"wp-block-image aligncenter is-resized wp-image-2866\"><img loading=\"lazy\" decoding=\"async\" width=\"750\" height=\"750\" src=\"https:\/\/www.agriculture-machine.com\/wp-content\/uploads\/2019\/03\/wheat-rice-thresher-9.jpg\" alt=\"Die Bildschirme der Weizensch\u00e4lmaschine\" class=\"wp-image-2866\" style=\"width:750px;height:auto\" srcset=\"https:\/\/www.agriculture-machine.com\/wp-content\/uploads\/2019\/03\/wheat-rice-thresher-9.jpg 750w, https:\/\/www.agriculture-machine.com\/wp-content\/uploads\/2019\/03\/wheat-rice-thresher-9-270x270.jpg 270w, https:\/\/www.agriculture-machine.com\/wp-content\/uploads\/2019\/03\/wheat-rice-thresher-9-540x540.jpg 540w\" sizes=\"auto, (max-width: 750px) 100vw, 750px\" \/><figcaption class=\"wp-element-caption\">Die Bildschirme der Weizensch\u00e4lmaschine<\/figcaption><\/figure>   <div id=\"rank-math-faq\" class=\"rank-math-block\"> <div class=\"rank-math-list\"> <div id=\"faq-question-1712114994043\" class=\"rank-math-list-item\"> <h3 class=\"rank-math-question\">Ist es einfach, auf eine andere Maschine umzusteigen?<\/h3> <div class=\"rank-math-answer\">  <p>Ja, es ist einfach zu wechseln, und Sie m\u00fcssen nur die Schrauben im Inneren der Sch\u00e4lmaschine l\u00f6sen.<\/p>  <\/div> <\/div> <div id=\"faq-question-1712114997620\" class=\"rank-math-list-item\"> <h3 class=\"rank-math-question\">Wirst du mir f\u00fcnf Bildschirme schicken, wenn ich eine Maschine kaufe?<\/h3> <div class=\"rank-math-answer\">  <p>Wir schicken Ihnen nur einen Bildschirm kostenlos, und Sie m\u00fcssen extra bezahlen, um mehr zu kaufen. Es kostet 20 Dollar f\u00fcr einen Bildschirm.<\/p>  <\/div> <\/div> <\/div> <\/div>","protected":false},"excerpt":{"rendered":"<p>SL-125 Reissch\u00e4lmaschine ist eine Maschine gro\u00dfer Gr\u00f6\u00dfe, verglichen mit anderen Sch\u00e4lmaschinen, und sie kann f\u00fcr Reis, Hirse, Sorghum und Bohnen verwendet werden.<\/p>","protected":false},"author":1,"featured_media":0,"parent":0,"comment_status":"closed","ping_status":"closed","template":"","tags":[94,796,2614,158],"product-type":[894],"class_list":["post-250","product","type-product","status-publish","hentry","tag-millet","tag-rice","tag-thresher","tag-wheat","product-type-rice-and-wheat-thresher"],"_links":{"self":[{"href":"https:\/\/www.agriculture-machine.com\/de\/wp-json\/wp\/v2\/product\/250","targetHints":{"allow":["GET"]}}],"collection":[{"href":"https:\/\/www.agriculture-machine.com\/de\/wp-json\/wp\/v2\/product"}],"about":[{"href":"https:\/\/www.agriculture-machine.com\/de\/wp-json\/wp\/v2\/types\/product"}],"author":[{"embeddable":true,"href":"https:\/\/www.agriculture-machine.com\/de\/wp-json\/wp\/v2\/users\/1"}],"replies":[{"embeddable":true,"href":"https:\/\/www.agriculture-machine.com\/de\/wp-json\/wp\/v2\/comments?post=250"}],"wp:attachment":[{"href":"https:\/\/www.agriculture-machine.com\/de\/wp-json\/wp\/v2\/media?parent=250"}],"wp:term":[{"taxonomy":"post_tag","embeddable":true,"href":"https:\/\/www.agriculture-machine.com\/de\/wp-json\/wp\/v2\/tags?post=250"},{"taxonomy":"product-type","embeddable":true,"href":"https:\/\/www.agriculture-machine.com\/de\/wp-json\/wp\/v2\/product-type?post=250"}],"curies":[{"name":"wp","href":"https:\/\/api.w.org\/{rel}","templated":true}]}}