{"id":253,"date":"2018-07-12T08:01:38","date_gmt":"2018-07-12T00:01:38","guid":{"rendered":"https:\/\/www.agriculture-machine.com\/?p=253"},"modified":"2024-09-18T16:05:45","modified_gmt":"2024-09-18T08:05:45","slug":"kenaf-decorticator","status":"publish","type":"product","link":"https:\/\/www.agriculture-machine.com\/de\/kenaf-decorticator\/","title":{"rendered":"Kenaf-Jute-Hanf-Schneid- und Extraktionsmaschine \/ Kenaf-Entk\u00f6rner"},"content":{"rendered":"<h2>Kurze Einf\u00fchrung des Hanf-Dekortikators<\/h2> <p class=\"translation-block\">Unser <strong> Hanf-Sch\u00e4ler<\/strong> wird verwendet, um die Faser aus Hanf, Jute, Kenaf, Ramie usw. zu extrahieren. Mit zwei gro\u00dfen R\u00e4dern ist die Maschine leicht zu bewegen. Die Reinigungsrate kann 96% erreichen, ohne die Faser selbst zu besch\u00e4digen. Der Hanfdekortikator eignet sich sowohl f\u00fcr trockene als auch nasse Rohmaterialien in der Landwirtschaft und ist benutzerfreundlich.<\/p> <div align=\"center\"><\/div> <h2>Die Hauptstruktur des Hanf-Dekortikators<\/h2> <p>Der Kenaf-Dekortikator besteht haupts\u00e4chlich aus einem Rahmen, Messer, Messerscheibe, Zuf\u00fchr\u00f6ffnung, Sicherheitsabdeckung, Doppelrolle, Abf\u00fchrband usw.<br \/> Der innere Teil der Maschine (verschiedene Walzenwinkel)<\/p> <div id='gallery-1' class='gallery galleryid-253 gallery-columns-2 gallery-size-thumbnail'><figure class='gallery-item'> \t\t\t<div class='gallery-icon landscape'> \t\t\t\t<img loading=\"lazy\" decoding=\"async\" width=\"240\" height=\"180\" src=\"https:\/\/www.agriculture-machine.com\/wp-content\/uploads\/2018\/07\/hemp-cutter-machine-5-1-240x180.jpg\" class=\"attachment-thumbnail size-thumbnail\" alt=\"\" srcset=\"https:\/\/www.agriculture-machine.com\/wp-content\/uploads\/2018\/07\/hemp-cutter-machine-5-1-240x180.jpg 240w, https:\/\/www.agriculture-machine.com\/wp-content\/uploads\/2018\/07\/hemp-cutter-machine-5-1-360x270.jpg 360w, https:\/\/www.agriculture-machine.com\/wp-content\/uploads\/2018\/07\/hemp-cutter-machine-5-1.jpg 480w\" sizes=\"auto, (max-width: 240px) 100vw, 240px\" \/> \t\t\t<\/div><\/figure><figure class='gallery-item'> \t\t\t<div class='gallery-icon landscape'> \t\t\t\t<img loading=\"lazy\" decoding=\"async\" width=\"240\" height=\"180\" src=\"https:\/\/www.agriculture-machine.com\/wp-content\/uploads\/2018\/07\/hemp-cutter-machine-6-1-240x180.jpg\" class=\"attachment-thumbnail size-thumbnail\" alt=\"\" srcset=\"https:\/\/www.agriculture-machine.com\/wp-content\/uploads\/2018\/07\/hemp-cutter-machine-6-1-240x180.jpg 240w, https:\/\/www.agriculture-machine.com\/wp-content\/uploads\/2018\/07\/hemp-cutter-machine-6-1-360x270.jpg 360w, https:\/\/www.agriculture-machine.com\/wp-content\/uploads\/2018\/07\/hemp-cutter-machine-6-1.jpg 480w\" sizes=\"auto, (max-width: 240px) 100vw, 240px\" \/> \t\t\t<\/div><\/figure> \t\t<\/div>  <h2>Anwendung des Hanf-Dekortikators<\/h2> <p>Es kann den Kenaf-St\u00e4ngel zerquetschen und die Haut schnell abziehen, was sehr sauber ist. Diese Hanf-Sch\u00e4lmaschine kann f\u00fcr Hanf, Jute, Ramie, Kenaf usw. verwendet werden.<\/p> <p><img loading=\"lazy\" decoding=\"async\" class=\"alignnone size-full wp-image-4349\" src=\"https:\/\/www.agriculture-machine.com\/wp-content\/uploads\/2018\/07\/hemp-cutting-3.jpg\" alt=\"\" width=\"750\" height=\"750\" srcset=\"https:\/\/www.agriculture-machine.com\/wp-content\/uploads\/2018\/07\/hemp-cutting-3.jpg 750w, https:\/\/www.agriculture-machine.com\/wp-content\/uploads\/2018\/07\/hemp-cutting-3-270x270.jpg 270w, https:\/\/www.agriculture-machine.com\/wp-content\/uploads\/2018\/07\/hemp-cutting-3-540x540.jpg 540w\" sizes=\"auto, (max-width: 750px) 100vw, 750px\" \/><\/p> <h2>Vorteile des Hanf-Dekortikators<\/h2> <p>1. Im Vergleich zur herk\u00f6mmlichen Peelingsweise, frischer Hanfdekortikator<br \/> kann viel Arbeit und Zeit sparen.<br \/> 2. Zwei Walzen mit schr\u00e4gen Klingen k\u00f6nnen den St\u00e4ngel stark zerdr\u00fccken und die Arbeitsleistung verbessern.<br \/> 3. Hohe Reinigungsrate. Die endg\u00fcltige Faser ist sehr sauber<br \/> 4. Hohe Kapazit\u00e4t. Die gr\u00f6\u00dfte Kapazit\u00e4t betr\u00e4gt 150 m2\/h<\/p> <ol start=\"5\"> <li>Die Hanffaser wird nach dem Sch\u00e4len nicht gebrochen.<\/li> <li>Die Sch\u00e4lequote ist sehr hoch und fast alle Fasern k\u00f6nnen auf einmal abgezogen werden.<\/li> <li>Hanf-Dekortikatoren sind aufgrund zweier R\u00e4der leicht zu bewegen und geeignet f\u00fcr feuchten und trockenen Rohstoff.<\/li> <li>Der Hanfdekortikator hat eine Querstange am Ausgang, um Fasern nach dem Entsch\u00e4len zu sammeln.<\/li> <\/ol> <p>&nbsp;<\/p> <p><img decoding=\"async\" src=\"https:\/\/www.agriculture-machine.com\/wp-content\/uploads\/2018\/07\/hemp-cutter-machine-1.jpg\" alt=\"hanf-sch\u00e4ler-maschine-1\" \/><\/p> <h2>Funktionsprinzip des Hanf-Dekortikators<\/h2> <p>1. Der Bediener f\u00fchrt den Hanf in den F\u00f6rderbeh\u00e4lter ein<br \/> 2. Der Hanf geht in die Mitte der beiden Walzen<br \/> 3. Gebogene Messer an den Walzen, die vom Motor oder Diesel angetrieben werden, zerquetschen den St\u00e4ngel durch konstante Rotation.<br \/> 4. Die St\u00e4ngel werden vollst\u00e4ndig zerdr\u00fcckt und Fasern fliegen nach einigen Sekunden in den Rob.<\/p> <p><img loading=\"lazy\" decoding=\"async\" class=\"alignnone size-full wp-image-4348\" src=\"https:\/\/www.agriculture-machine.com\/wp-content\/uploads\/2018\/07\/hemp-cutting-2.jpg\" alt=\"\" width=\"750\" height=\"750\" srcset=\"https:\/\/www.agriculture-machine.com\/wp-content\/uploads\/2018\/07\/hemp-cutting-2.jpg 750w, https:\/\/www.agriculture-machine.com\/wp-content\/uploads\/2018\/07\/hemp-cutting-2-270x270.jpg 270w, https:\/\/www.agriculture-machine.com\/wp-content\/uploads\/2018\/07\/hemp-cutting-2-540x540.jpg 540w\" sizes=\"auto, (max-width: 750px) 100vw, 750px\" \/><\/p> <h2>Passende Leistung des Hanf-Dekortikators<\/h2> <p>Kenaf-Dekortikator-Maschine arbeitet mit 7,5 kW Motor oder 10 HP Dieselmotor.<\/p> <p><img loading=\"lazy\" decoding=\"async\" class=\"alignnone size-full wp-image-4347\" src=\"https:\/\/www.agriculture-machine.com\/wp-content\/uploads\/2018\/07\/hemp-cutting-1.jpg\" alt=\"\" width=\"750\" height=\"750\" srcset=\"https:\/\/www.agriculture-machine.com\/wp-content\/uploads\/2018\/07\/hemp-cutting-1.jpg 750w, https:\/\/www.agriculture-machine.com\/wp-content\/uploads\/2018\/07\/hemp-cutting-1-270x270.jpg 270w, https:\/\/www.agriculture-machine.com\/wp-content\/uploads\/2018\/07\/hemp-cutting-1-540x540.jpg 540w\" sizes=\"auto, (max-width: 750px) 100vw, 750px\" \/><\/p> <h2>Technische Parameter des Hanf-Dekortikators<\/h2> <div class=\"table-responsive\"> <table class=\"table table-striped\"> <tbody> <tr> <td width=\"346\"><strong><b>Modell<\/b><\/strong><\/td> <td width=\"293\"><strong><b>SLHM-550<\/b><\/strong><\/td> <\/tr> <tr> <td width=\"346\">Rotationsgeschwindigkeit der Hockey-Klinge<\/td> <td width=\"293\">1000-1200 U\/min<\/td> <\/tr> <tr> <td width=\"346\">Leistung des Motors<\/td> <td width=\"293\">7,5 kW \/(10 HP Dieselmotor)<\/td> <\/tr> <tr> <td width=\"346\">Kapazit\u00e4t<\/td> <td width=\"293\">150 m2\/h<\/td> <\/tr> <tr> <td width=\"346\">Abmessung<\/td> <td width=\"293\">1500*1400*1050mm<\/td> <\/tr> <tr> <td width=\"346\">Gewicht<\/td> <td width=\"293\">255 Kg<\/td> <\/tr> <tr> <td width=\"346\">Dreck-Prozentsatz<\/td> <td width=\"293\">&lt;0,2%<\/td> <\/tr> <\/tbody> <\/table> <h2>Neuester erfolgreicher Fall eines Hanf-Dekortikators<\/h2> <p class=\"translation-block\"><strong><span style=\"color: #ff0000\">fall eins<\/span><\/strong><\/p> <p>Im Februar 2019 haben wir eine Hanfsch\u00e4lmaschine an Polen verkauft, zu konkurrenzf\u00e4higem Preis. Er ist ein Landwirt und baut Hanf in den letzten Jahren an und m\u00f6chte dessen Fasern extrahieren. Das folgende Bild ist der Dialog zwischen unserem Vertriebsmanager und ihm.<br \/> <img decoding=\"async\" src=\"https:\/\/www.agriculture-machine.com\/wp-content\/uploads\/2018\/07\/hemp-cutter-machine-3.jpg\" alt=\"hanf-sch\u00e4ler-maschine-3\" \/><img decoding=\"async\" src=\"https:\/\/www.agriculture-machine.com\/wp-content\/uploads\/2018\/07\/hemp-cutter-machine.png\" alt=\"hanf-sch\u00e4ler-maschine\" \/><br \/> Eigentlich kontaktierte er uns im Januar und bestellte im Februar bei uns. Unser Manager l\u00f6ste sein Problem mit gro\u00dfer Geduld und wollte eine langfristige Partnerschaft mit ihm aufbauen.<\/p> <p>Die Verpackungsfotos sind wie folgt.<\/p> <div id='gallery-2' class='gallery galleryid-253 gallery-columns-2 gallery-size-full'><figure class='gallery-item'> \t\t\t<div class='gallery-icon landscape'> \t\t\t\t<a href='https:\/\/www.agriculture-machine.com\/de\/hemp-cutter-machine-8\/'><img loading=\"lazy\" decoding=\"async\" width=\"1440\" height=\"1080\" src=\"https:\/\/www.agriculture-machine.com\/wp-content\/uploads\/2018\/07\/hemp-cutter-machine-8.jpg\" class=\"attachment-full size-full\" alt=\"hanf sch\u00e4ler maschine (8)\" aria-describedby=\"gallery-2-2249\" srcset=\"https:\/\/www.agriculture-machine.com\/wp-content\/uploads\/2018\/07\/hemp-cutter-machine-8.jpg 1440w, https:\/\/www.agriculture-machine.com\/wp-content\/uploads\/2018\/07\/hemp-cutter-machine-8-360x270.jpg 360w, https:\/\/www.agriculture-machine.com\/wp-content\/uploads\/2018\/07\/hemp-cutter-machine-8-720x540.jpg 720w, https:\/\/www.agriculture-machine.com\/wp-content\/uploads\/2018\/07\/hemp-cutter-machine-8-240x180.jpg 240w, https:\/\/www.agriculture-machine.com\/wp-content\/uploads\/2018\/07\/hemp-cutter-machine-8-768x576.jpg 768w\" sizes=\"auto, (max-width: 1440px) 100vw, 1440px\" \/><\/a> \t\t\t<\/div> \t\t\t\t<figcaption class='wp-caption-text gallery-caption' id='gallery-2-2249'> \t\t\t\thanf sch\u00e4ler maschine (8) \t\t\t\t<\/figcaption><\/figure><figure class='gallery-item'> \t\t\t<div class='gallery-icon landscape'> \t\t\t\t<a href='https:\/\/www.agriculture-machine.com\/de\/hemp-cutter-machine-7\/'><img loading=\"lazy\" decoding=\"async\" width=\"1440\" height=\"1080\" src=\"https:\/\/www.agriculture-machine.com\/wp-content\/uploads\/2018\/07\/hemp-cutter-machine-7.jpg\" class=\"attachment-full size-full\" alt=\"Hanfsch\u00e4ler-Maschine (7)\" aria-describedby=\"gallery-2-2248\" srcset=\"https:\/\/www.agriculture-machine.com\/wp-content\/uploads\/2018\/07\/hemp-cutter-machine-7.jpg 1440w, https:\/\/www.agriculture-machine.com\/wp-content\/uploads\/2018\/07\/hemp-cutter-machine-7-360x270.jpg 360w, https:\/\/www.agriculture-machine.com\/wp-content\/uploads\/2018\/07\/hemp-cutter-machine-7-720x540.jpg 720w, https:\/\/www.agriculture-machine.com\/wp-content\/uploads\/2018\/07\/hemp-cutter-machine-7-240x180.jpg 240w, https:\/\/www.agriculture-machine.com\/wp-content\/uploads\/2018\/07\/hemp-cutter-machine-7-768x576.jpg 768w\" sizes=\"auto, (max-width: 1440px) 100vw, 1440px\" \/><\/a> \t\t\t<\/div> \t\t\t\t<figcaption class='wp-caption-text gallery-caption' id='gallery-2-2248'> \t\t\t\tHanfsch\u00e4ler-Maschine (7) \t\t\t\t<\/figcaption><\/figure> \t\t<\/div>  <h2><span style=\"color: #ff0000;\">fall two<\/span><\/h2> <p class=\"translation-block\">Zu Beginn des Mai erhielten wir eine Anfrage aus Kroatien, und er wollte einen <strong> Hanf-Dekortikator <\/strong> kaufen. Eigentlich sprach er nicht viel mit unserem Verk\u00e4ufer. Nachdem er die Informationen des Spediteurs best\u00e4tigt hatte, bestellte er einen Satz<strong> Hanf-Dekortikator <\/strong> von uns. Wir haben viele Dekortikatoren f\u00fcr Hanf auf Lager, daher brauchten wir einen Tag, um seine Maschine nach Zahlungseingang zu verpacken und zu liefern.<\/p> <div id='gallery-3' class='gallery galleryid-253 gallery-columns-2 gallery-size-full'><figure class='gallery-item'> \t\t\t<div class='gallery-icon portrait'> \t\t\t\t<a href='https:\/\/www.agriculture-machine.com\/de\/kenaf-decorticator\/attachment\/hemp-decorticator5\/'><img loading=\"lazy\" decoding=\"async\" width=\"450\" height=\"600\" src=\"https:\/\/www.agriculture-machine.com\/wp-content\/uploads\/2018\/07\/hemp-decorticator5.jpg\" class=\"attachment-full size-full\" alt=\"\" srcset=\"https:\/\/www.agriculture-machine.com\/wp-content\/uploads\/2018\/07\/hemp-decorticator5.jpg 450w, https:\/\/www.agriculture-machine.com\/wp-content\/uploads\/2018\/07\/hemp-decorticator5-203x270.jpg 203w, https:\/\/www.agriculture-machine.com\/wp-content\/uploads\/2018\/07\/hemp-decorticator5-405x540.jpg 405w\" sizes=\"auto, (max-width: 450px) 100vw, 450px\" \/><\/a> \t\t\t<\/div><\/figure><figure class='gallery-item'> \t\t\t<div class='gallery-icon portrait'> \t\t\t\t<a href='https:\/\/www.agriculture-machine.com\/de\/kenaf-decorticator\/attachment\/hemp-decorticator4\/'><img loading=\"lazy\" decoding=\"async\" width=\"450\" height=\"600\" src=\"https:\/\/www.agriculture-machine.com\/wp-content\/uploads\/2018\/07\/hemp-decorticator4.jpg\" class=\"attachment-full size-full\" alt=\"\" srcset=\"https:\/\/www.agriculture-machine.com\/wp-content\/uploads\/2018\/07\/hemp-decorticator4.jpg 450w, https:\/\/www.agriculture-machine.com\/wp-content\/uploads\/2018\/07\/hemp-decorticator4-203x270.jpg 203w, https:\/\/www.agriculture-machine.com\/wp-content\/uploads\/2018\/07\/hemp-decorticator4-405x540.jpg 405w\" sizes=\"auto, (max-width: 450px) 100vw, 450px\" \/><\/a> \t\t\t<\/div><\/figure> \t\t<\/div>  <div id='gallery-4' class='gallery galleryid-253 gallery-columns-2 gallery-size-full'><figure class='gallery-item'> \t\t\t<div class='gallery-icon portrait'> \t\t\t\t<a href='https:\/\/www.agriculture-machine.com\/de\/kenaf-decorticator\/attachment\/hemp-decorticator3\/'><img loading=\"lazy\" decoding=\"async\" width=\"450\" height=\"600\" src=\"https:\/\/www.agriculture-machine.com\/wp-content\/uploads\/2018\/07\/hemp-decorticator3.jpg\" class=\"attachment-full size-full\" alt=\"\" srcset=\"https:\/\/www.agriculture-machine.com\/wp-content\/uploads\/2018\/07\/hemp-decorticator3.jpg 450w, https:\/\/www.agriculture-machine.com\/wp-content\/uploads\/2018\/07\/hemp-decorticator3-203x270.jpg 203w, https:\/\/www.agriculture-machine.com\/wp-content\/uploads\/2018\/07\/hemp-decorticator3-405x540.jpg 405w\" sizes=\"auto, (max-width: 450px) 100vw, 450px\" \/><\/a> \t\t\t<\/div><\/figure><figure class='gallery-item'> \t\t\t<div class='gallery-icon portrait'> \t\t\t\t<a href='https:\/\/www.agriculture-machine.com\/de\/kenaf-decorticator\/attachment\/hemp-decorticator2\/'><img loading=\"lazy\" decoding=\"async\" width=\"450\" height=\"600\" src=\"https:\/\/www.agriculture-machine.com\/wp-content\/uploads\/2018\/07\/hemp-decorticator2.jpg\" class=\"attachment-full size-full\" alt=\"\" srcset=\"https:\/\/www.agriculture-machine.com\/wp-content\/uploads\/2018\/07\/hemp-decorticator2.jpg 450w, https:\/\/www.agriculture-machine.com\/wp-content\/uploads\/2018\/07\/hemp-decorticator2-203x270.jpg 203w, https:\/\/www.agriculture-machine.com\/wp-content\/uploads\/2018\/07\/hemp-decorticator2-405x540.jpg 405w\" sizes=\"auto, (max-width: 450px) 100vw, 450px\" \/><\/a> \t\t\t<\/div><\/figure> \t\t<\/div>  <h2>FAQ<\/h2> <p>1. Warum sind die zwei Walzen des Ger\u00e4ts schr\u00e4g?<br \/> Schr\u00e4g zwei Walzen k\u00f6nnen die Hanfst\u00e4ngel vollst\u00e4ndig zerdr\u00fccken und sie effektiv in Fasern trennen.<br \/> 2. Welche Rohmaterialien hat dieser Jute-Dekortikator?<br \/> Das Rohmaterial kann Hanf, Kenaf, Ramie, Jute usw. sein.<br \/> 3. Werden die zwei Walzen die Faser besch\u00e4digen?<br \/> Nein, es wird die Faser nicht besch\u00e4digen, weil die Klingen auf den Walzen stumpf sind.<br \/> 4. Wof\u00fcr kann das Endprodukt verwendet werden?<br \/> Es kann Seil oder Stoff herstellen.<br \/> 5. Ist es f\u00fcr feuchten und trockenen Hanf geeignet?<br \/> Ja, das kann.<br \/> <img decoding=\"async\" src=\"https:\/\/www.agriculture-machine.com\/wp-content\/uploads\/2018\/07\/hemp-cutter-machine-4.jpg\" alt=\"hanf-sch\u00e4ler-maschine-4\" \/><\/p> <h2>Warum sollten Sie uns w\u00e4hlen?<\/h2> <p>Du fragst dich vielleicht, warum du uns w\u00e4hlen solltest?<br \/> Dieses Bild zeigt den Bestand der Hanferfaser-Extraktionsmaschine, und wir verkaufen jedes Jahr mehr als 1000 S\u00e4tze in andere L\u00e4nder. Ehrlich gesagt k\u00f6nnen wir 500 S\u00e4tze pro Monat produzieren, um Ihre Nachfrage vollst\u00e4ndig zu decken.<\/p> <\/div>","protected":false},"excerpt":{"rendered":"<p>Brief introduction of hemp decorticator Our hemp cutter machine is to use to extract the fiber of hemp, jute, kenaf, ramie, etc. With two big wheels, the machine is easy to move. The cleaning rate can reach 96% without any damage to the fiber itself. Hemp decorticator is suitable for processing plant fibers of hemp, [&hellip;]<\/p>\n","protected":false},"author":1,"featured_media":0,"parent":0,"comment_status":"closed","ping_status":"closed","template":"","tags":[2618],"product-type":[917,1],"class_list":["post-253","product","type-product","status-publish","hentry","tag-hemp","product-type-hemp-peeling-machine","product-type-other"],"_links":{"self":[{"href":"https:\/\/www.agriculture-machine.com\/de\/wp-json\/wp\/v2\/product\/253","targetHints":{"allow":["GET"]}}],"collection":[{"href":"https:\/\/www.agriculture-machine.com\/de\/wp-json\/wp\/v2\/product"}],"about":[{"href":"https:\/\/www.agriculture-machine.com\/de\/wp-json\/wp\/v2\/types\/product"}],"author":[{"embeddable":true,"href":"https:\/\/www.agriculture-machine.com\/de\/wp-json\/wp\/v2\/users\/1"}],"replies":[{"embeddable":true,"href":"https:\/\/www.agriculture-machine.com\/de\/wp-json\/wp\/v2\/comments?post=253"}],"wp:attachment":[{"href":"https:\/\/www.agriculture-machine.com\/de\/wp-json\/wp\/v2\/media?parent=253"}],"wp:term":[{"taxonomy":"post_tag","embeddable":true,"href":"https:\/\/www.agriculture-machine.com\/de\/wp-json\/wp\/v2\/tags?post=253"},{"taxonomy":"product-type","embeddable":true,"href":"https:\/\/www.agriculture-machine.com\/de\/wp-json\/wp\/v2\/product-type?post=253"}],"curies":[{"name":"wp","href":"https:\/\/api.w.org\/{rel}","templated":true}]}}