{"id":2712,"date":"2019-03-19T21:57:01","date_gmt":"2019-03-19T13:57:01","guid":{"rendered":"https:\/\/www.agriculture-machine.com\/?p=2712"},"modified":"2025-06-19T16:29:05","modified_gmt":"2025-06-19T08:29:05","slug":"rice-wheat-destoner-machine","status":"publish","type":"product","link":"https:\/\/www.agriculture-machine.com\/de\/rice-wheat-destoner-machine\/","title":{"rendered":"Reissortiermaschine | Entferner f\u00fcr Steine und Verunreinigungen"},"content":{"rendered":"<p>Mit der Doppelkerne-Technologie \u201eSpezifisches Gewicht Sortierung   Luftstrom-Suspension\u201c realisiert die Reissortiermaschine die Trennung durch den Dichteunterschied zwischen Materialien und Steinen (das spezifische Gewicht der Steine betr\u00e4gt 2,5-3,0 g\/cm\u00b3, w\u00e4hrend das des Reises nur 1,1-1,3 g\/cm\u00b3 ist). <\/p>    <p>Kombiniert mit einer verstellbaren geneigten Sieboberfl\u00e4che und einem intelligenten Winddrucksystem kann diese Maschine effizient 1 Tonne Reis pro Stunde verarbeiten. Sie wird haupts\u00e4chlich in der Erstverarbeitung von Reis, Weizen und anderen K\u00f6rnern eingesetzt und ist weit verbreitet in Reism\u00fchlen, Getreidelagern und allen Arten von Getreideverarbeitungsbetrieben. <\/p>    <p>Mit einer kompakten Struktur, einem 2,2 kW Motor und einer De-Stoningsrate von \u226595 % ist die Reissortiermaschine nicht nur einfach zu bedienen, sondern hat auch eine bemerkenswerte Trennwirkung, was die ideale Wahl ist, um die Reinheit und die Produktionseffizienz des Reises zu verbessern.<\/p>    <figure class=\"wp-block-embed aligncenter is-type-video is-provider-youtube wp-block-embed-youtube wp-embed-aspect-16-9 wp-has-aspect-ratio\"><div class=\"wp-block-embed__wrapper\"> <iframe loading=\"lazy\" title=\"Verunreinigung Entfernen Maschine \/ Reissortierstein Entferner \/ Entfernen von Gras, Schlamm, trockenem Stroh aus Reis und Weizen\" width=\"500\" height=\"281\" src=\"https:\/\/www.youtube.com\/embed\/-BaB28ndhhc?start=3&#038;feature=oembed\" frameborder=\"0\" allow=\"accelerometer; autoplay; clipboard-write; encrypted-media; gyroscope; picture-in-picture; web-share\" referrerpolicy=\"strict-origin-when-cross-origin\" allowfullscreen><\/iframe> <\/div><figcaption class=\"wp-element-caption\">Arbeitsvideo der Paddy-Reis-Entst\u00f6rmaschine<\/figcaption><\/figure>    <h2 class=\"wp-block-heading\">Vorteile der Reissortiermaschine<\/h2>    <ul class=\"wp-block-list\"> <li>Hohe Verunreinigungserkennungsrate: Mit fortschrittlicher Sortiertechnologie kann es Steine, Kies und andere Verunreinigungen vollst\u00e4ndig entfernen, um sicherzustellen, dass der Reis sauber und frei von Fremdk\u00f6rpern ist, und die Produktqualit\u00e4t verbessern.<\/li>    <li>Stabiler Betrieb: Die gesamte Maschine hat eine kompakte Struktur, und das Antriebssystem l\u00e4uft reibungslos, was Vibrationen und Ger\u00e4usche effektiv reduziert und die Zuverl\u00e4ssigkeit verbessert.<\/li>    <li>Starke Verarbeitungskapazit\u00e4t: Es kann etwa 1 Tonne Reis pro Stunde verarbeiten, geeignet f\u00fcr kleine und mittlere Getreideverarbeitungsbetriebe, um den Bedarf an effizientem Dauerbetrieb zu decken.<\/li>    <li>Einfache Bedienung und energiesparend: einfach zu verwenden, einfacher Bedienungsprozess, reduziert manuellen Eingriff, spart Arbeits- und Energiekosten.<\/li> <\/ul>    <figure class=\"wp-block-image aligncenter wp-image-2714\"><img loading=\"lazy\" decoding=\"async\" width=\"750\" height=\"760\" src=\"https:\/\/www.agriculture-machine.com\/wp-content\/uploads\/2019\/03\/rice-destoner-machine-4-1.jpg\" alt=\"Reis-Entsch\u00e4umer\" class=\"wp-image-2714\" srcset=\"https:\/\/www.agriculture-machine.com\/wp-content\/uploads\/2019\/03\/rice-destoner-machine-4-1.jpg 750w, https:\/\/www.agriculture-machine.com\/wp-content\/uploads\/2019\/03\/rice-destoner-machine-4-1-266x270.jpg 266w, https:\/\/www.agriculture-machine.com\/wp-content\/uploads\/2019\/03\/rice-destoner-machine-4-1-533x540.jpg 533w\" sizes=\"auto, (max-width: 750px) 100vw, 750px\" \/><figcaption class=\"wp-element-caption\">Reis-Entsch\u00e4umer<\/figcaption><\/figure>    <h2 class=\"wp-block-heading\">Technische Parameter des Reistein-Entferners<\/h2>    <figure class=\"wp-block-table is-style-stripes\"><table><tbody><tr><td><strong><b>Modell<\/b><\/strong><\/td><td>SQ50<\/td><\/tr><tr><td>Produktivit\u00e4t<\/td><td>1t\/h<\/td><\/tr><tr><td>Leistung<\/td><td>2,2kw Motor<\/td><\/tr><tr><td>Abmessung<\/td><td>900*610*320mm<\/td><\/tr><tr><td>N\uff0eGewicht<\/td><td>86kg<\/td><\/tr><\/tbody><\/table><figcaption class=\"wp-element-caption\">Weizensortierdaten<\/figcaption><\/figure>    <h2 class=\"wp-block-heading\">Hauptstruktur der Reissortiermaschine<\/h2>    <p>Die Weizenstein-Entfernungsmaschine besteht haupts\u00e4chlich aus einem gro\u00dfen Steinausgang, einem Verunreinigungs-Ausgang, einem sauberen Reisausgang, einem kleinen Steinausgang und einem Reizuf\u00fchrtrichter.<\/p>    <figure class=\"wp-block-image aligncenter size-full\"><img loading=\"lazy\" decoding=\"async\" width=\"720\" height=\"540\" src=\"https:\/\/www.agriculture-machine.com\/wp-content\/uploads\/2019\/03\/paddy-rice-stone-removing-machine.webp\" alt=\"Paddy-Reisstein-Entfernungsmaschine\" class=\"wp-image-17057\" srcset=\"https:\/\/www.agriculture-machine.com\/wp-content\/uploads\/2019\/03\/paddy-rice-stone-removing-machine.webp 720w, https:\/\/www.agriculture-machine.com\/wp-content\/uploads\/2019\/03\/paddy-rice-stone-removing-machine-360x270.webp 360w, https:\/\/www.agriculture-machine.com\/wp-content\/uploads\/2019\/03\/paddy-rice-stone-removing-machine-240x180.webp 240w, https:\/\/www.agriculture-machine.com\/wp-content\/uploads\/2019\/03\/paddy-rice-stone-removing-machine-16x12.webp 16w\" sizes=\"auto, (max-width: 720px) 100vw, 720px\" \/><figcaption class=\"wp-element-caption\">Paddy-Reisstein-Entfernungsmaschine<\/figcaption><\/figure>    <figure class=\"wp-block-image aligncenter wp-image-5137 size-full\"><img loading=\"lazy\" decoding=\"async\" width=\"720\" height=\"481\" src=\"https:\/\/www.agriculture-machine.com\/wp-content\/uploads\/2019\/03\/rice-destoner-4.jpg\" alt=\" Reistein-Entferner\" class=\"wp-image-5137\" srcset=\"https:\/\/www.agriculture-machine.com\/wp-content\/uploads\/2019\/03\/rice-destoner-4.jpg 720w, https:\/\/www.agriculture-machine.com\/wp-content\/uploads\/2019\/03\/rice-destoner-4-360x241.jpg 360w\" sizes=\"auto, (max-width: 720px) 100vw, 720px\" \/><figcaption class=\"wp-element-caption\">Reistein-Entferner<\/figcaption><\/figure>    <figure class=\"wp-block-image aligncenter wp-image-5136 size-full\"><img loading=\"lazy\" decoding=\"async\" width=\"720\" height=\"481\" src=\"https:\/\/www.agriculture-machine.com\/wp-content\/uploads\/2019\/03\/rice-destoner-3.jpg\" alt=\"Reistein-Entfernungsmaschine Sieb\" class=\"wp-image-5136\" srcset=\"https:\/\/www.agriculture-machine.com\/wp-content\/uploads\/2019\/03\/rice-destoner-3.jpg 720w, https:\/\/www.agriculture-machine.com\/wp-content\/uploads\/2019\/03\/rice-destoner-3-360x241.jpg 360w\" sizes=\"auto, (max-width: 720px) 100vw, 720px\" \/><figcaption class=\"wp-element-caption\">Reistein-Entfernungsmaschine Sieb<\/figcaption><\/figure>    <h2 class=\"wp-block-heading\">Funktionsprinzip der Reissortiermaschine<\/h2>    <ol class=\"wp-block-list\"> <li>Der Bediener gibt den Reis oder Weizen in einen Zuf\u00fchrtrichter, wenn die Reissortiermaschine in Nigeria zu arbeiten beginnt.<\/li>    <li>Der 2,2 kW Motor treibt die Maschine an, sodass die elektrische Siebplatte st\u00e4ndig vibriert.<\/li>    <li>Der Stein bewegt sich nach oben, w\u00e4hrend Reis oder Weizen in die entgegengesetzte Richtung l\u00e4uft.<\/li>    <li>Nach einigen Minuten gehen sauberer Reis, kleine Steine, gro\u00dfe Steine und andere Verunreinigungen aus verschiedenen Ausg\u00e4ngen heraus.<\/li> <\/ol>    <figure class=\"wp-block-image aligncenter size-full\"><img loading=\"lazy\" decoding=\"async\" width=\"720\" height=\"540\" src=\"https:\/\/www.agriculture-machine.com\/wp-content\/uploads\/2019\/03\/rice-destoner-machine.webp\" alt=\"Reis-Entsch\u00e4umer\" class=\"wp-image-17058\" srcset=\"https:\/\/www.agriculture-machine.com\/wp-content\/uploads\/2019\/03\/rice-destoner-machine.webp 720w, https:\/\/www.agriculture-machine.com\/wp-content\/uploads\/2019\/03\/rice-destoner-machine-360x270.webp 360w, https:\/\/www.agriculture-machine.com\/wp-content\/uploads\/2019\/03\/rice-destoner-machine-240x180.webp 240w, https:\/\/www.agriculture-machine.com\/wp-content\/uploads\/2019\/03\/rice-destoner-machine-16x12.webp 16w\" sizes=\"auto, (max-width: 720px) 100vw, 720px\" \/><figcaption class=\"wp-element-caption\">Reis-Entsch\u00e4umer<\/figcaption><\/figure>    <figure class=\"wp-block-image aligncenter wp-image-5139 size-full\"><img loading=\"lazy\" decoding=\"async\" width=\"720\" height=\"480\" src=\"https:\/\/www.agriculture-machine.com\/wp-content\/uploads\/2019\/03\/rice-destoner-6.jpg\" alt=\" Reistein-Entferner\" class=\"wp-image-5139\" srcset=\"https:\/\/www.agriculture-machine.com\/wp-content\/uploads\/2019\/03\/rice-destoner-6.jpg 720w, https:\/\/www.agriculture-machine.com\/wp-content\/uploads\/2019\/03\/rice-destoner-6-360x240.jpg 360w\" sizes=\"auto, (max-width: 720px) 100vw, 720px\" \/><figcaption class=\"wp-element-caption\">Reistein-Entfernungsmaterial<\/figcaption><\/figure>    <h2 class=\"wp-block-heading\">Voreingenommenheit der Reissortiermaschine<\/h2>    <ol class=\"wp-block-list\"> <li>Vor dem Start sollten die Sieboberfl\u00e4che, der Ventilator und alle Befestigungen \u00fcberpr\u00fcft werden, und die Riemenscheibe sollte manuell gedreht werden, um sicherzustellen, dass keine Anomalien vorliegen, bevor die Maschine gestartet wird.<\/li>    <li>Der Neigungswinkel der Sieboberfl\u00e4che sollte zwischen 10\u00b0-13\u00b0 gehalten werden, zu gro\u00df oder zu klein beeintr\u00e4chtigt die De-Stonings-Wirkung und kann entsprechend dem Steingehalt angepasst werden.<\/li>    <li>Es sollte eine angemessene Menge an Paddy im Zuf\u00fchrport vorhanden sein, um direkten Aufprall des Paddy auf die Sieboberfl\u00e4che zu vermeiden, was den Schwebezustand und die De-Stonings-Rate beeintr\u00e4chtigen k\u00f6nnte.<\/li>    <li>Das Luftvolumen sollte entsprechend der Bewegung des Paddys auf der Sieboberfl\u00e4che eingestellt werden, und die Vibration ist zu stark, was bedeutet, dass das Luftvolumen zu gro\u00df ist, und wenn das Material nicht schwebt, ist das Luftvolumen zu klein.<\/li>    <li>Windt\u00fcr, Luftkan\u00e4le, Sieb\u00f6ffnungen sollten frei gehalten werden, bei Verstopfungen k\u00f6nnen sie mit einer Drahtb\u00fcrste gereinigt werden.<\/li>    <li>Der Betriebsprozess sollte stets beobachten, ob noch Steine im fertigen Reis vorhanden sind, und entsprechend anpassen.<\/li>    <li>Das Ger\u00e4t sollte regelm\u00e4\u00dfig gewartet, Lagerbuchsen gereinigt und mit Schmier\u00f6l gef\u00fcllt werden, und nach der Wartung sollte es leer laufen, um sicherzustellen, dass keine Fehler vorliegen.<\/li> <\/ol>    <figure class=\"wp-block-image aligncenter wp-image-5141 size-full\"><img loading=\"lazy\" decoding=\"async\" width=\"720\" height=\"480\" src=\"https:\/\/www.agriculture-machine.com\/wp-content\/uploads\/2019\/03\/rice-destoner-8.jpg\" alt=\"Der flie\u00dfende Reis der Reistein-Entfernungsmachine\" class=\"wp-image-5141\" srcset=\"https:\/\/www.agriculture-machine.com\/wp-content\/uploads\/2019\/03\/rice-destoner-8.jpg 720w, https:\/\/www.agriculture-machine.com\/wp-content\/uploads\/2019\/03\/rice-destoner-8-360x240.jpg 360w\" sizes=\"auto, (max-width: 720px) 100vw, 720px\" \/><figcaption class=\"wp-element-caption\">Der flie\u00dfende Reis der Reistein-Entfernungsmachine<\/figcaption><\/figure>    <figure class=\"wp-block-image aligncenter wp-image-5142 size-full\"><img loading=\"lazy\" decoding=\"async\" width=\"720\" height=\"480\" src=\"https:\/\/www.agriculture-machine.com\/wp-content\/uploads\/2019\/03\/rice-destoner-9.jpg\" alt=\"Der flie\u00dfende Reis der Reistein-Entfernungsmachine\" class=\"wp-image-5142\" srcset=\"https:\/\/www.agriculture-machine.com\/wp-content\/uploads\/2019\/03\/rice-destoner-9.jpg 720w, https:\/\/www.agriculture-machine.com\/wp-content\/uploads\/2019\/03\/rice-destoner-9-360x240.jpg 360w\" sizes=\"auto, (max-width: 720px) 100vw, 720px\" \/><figcaption class=\"wp-element-caption\">Der flie\u00dfende Reis der Reistein-Entfernungsmachine<\/figcaption><\/figure>    <h2 class=\"wp-block-heading\">Kosteneffektive Stein-Entfernungs-Reism\u00fchle<\/h2>    <p>Neben der separaten De-Stonings-Maschine bieten wir auch Reissortier- und Poliermaschinen an. Diese Ger\u00e4te k\u00f6nnen die Entfernung von Verunreinigungen, das De-Stonen und das Feinmahlen des Reises in einem Schritt durchf\u00fchren, was die Verarbeitungseffizienz erheblich verbessert und Arbeits- sowie Platzkosten spart. Sehen Sie sich das folgende Video an.<\/p>    <figure class=\"wp-block-embed aligncenter is-type-video is-provider-youtube wp-block-embed-youtube wp-embed-aspect-16-9 wp-has-aspect-ratio\"><div class=\"wp-block-embed__wrapper\"> <iframe loading=\"lazy\" title=\"Stein-Entfernungs-Reism\u00fchle | Traditionelle &amp; Effiziente Reism\u00fchle#ricemill #destoner\" width=\"500\" height=\"281\" src=\"https:\/\/www.youtube.com\/embed\/drwuNO_1Jrg?feature=oembed\" frameborder=\"0\" allow=\"accelerometer; autoplay; clipboard-write; encrypted-media; gyroscope; picture-in-picture; web-share\" referrerpolicy=\"strict-origin-when-cross-origin\" allowfullscreen><\/iframe> <\/div><figcaption class=\"wp-element-caption\">Arbeitsvideo der Reistein-Entfernung und Mahlmaschine<\/figcaption><\/figure>    <h2 class=\"wp-block-heading\">Erfolgsfall der Reissortiermaschine<\/h2>    <p>Unser Kunde aus S\u00fcdafrika hat in diesem Jahr 500 Sets Reissortiermaschinen bei uns bestellt. Wir haben bereits mehrfach mit ihm zusammengearbeitet, er arbeitet f\u00fcr die lokale Regierung. Daher legen wir gro\u00dfen Wert auf diese Weizensortiermaschine, um ihn zufriedenzustellen.<\/p>    <p>Wir haben alle Maschinen innerhalb eines Monats fertiggestellt und sorgf\u00e4ltig verpackt, um bei der Lieferung keine Unf\u00e4lle zu riskieren. Bis jetzt hat er die Maschinen erhalten und uns gutes Feedback gegeben.<\/p>    <figure class=\"wp-block-image aligncenter wp-image-5143 size-full\"><img loading=\"lazy\" decoding=\"async\" width=\"720\" height=\"336\" src=\"https:\/\/www.agriculture-machine.com\/wp-content\/uploads\/2019\/03\/rice-destoner-10.jpg\" alt=\"Reis-Entsch\u00e4umer\" class=\"wp-image-5143\" srcset=\"https:\/\/www.agriculture-machine.com\/wp-content\/uploads\/2019\/03\/rice-destoner-10.jpg 720w, https:\/\/www.agriculture-machine.com\/wp-content\/uploads\/2019\/03\/rice-destoner-10-360x168.jpg 360w\" sizes=\"auto, (max-width: 720px) 100vw, 720px\" \/><figcaption class=\"wp-element-caption\">Reissortiermaschine in der Fabrik<\/figcaption><\/figure>    <h2 class=\"wp-block-heading\">FAQ<\/h2>   <div id=\"rank-math-faq\" class=\"rank-math-block\"> <div class=\"rank-math-list\"> <div id=\"faq-question-1709540476318\" class=\"rank-math-list-item\"> <h3 class=\"rank-math-question\">Was ist das Rohmaterial der De-Stonings-Maschine?<\/h3> <div class=\"rank-math-answer\">  <p class=\"translation-block\">Das Rohmaterial ist Reis und <a href=\"https:\/\/en.wikipedia.org\/wiki\/Wheat\" target=\"_blank\" rel=\"noopener\">Weizen<\/a>.<\/p>  <\/div> <\/div> <div id=\"faq-question-1709540480518\" class=\"rank-math-list-item\"> <h3 class=\"rank-math-question\">Was ist die Reinigungsrate?<\/h3> <div class=\"rank-math-answer\">  <p>Die Reinigungsrate betr\u00e4gt 98 %, was bedeutet, dass die endg\u00fcltigen K\u00f6rner sehr sauber sind.<\/p>  <\/div> <\/div> <div id=\"faq-question-1709540492534\" class=\"rank-math-list-item\"> <h3 class=\"rank-math-question\">Warum enth\u00e4lt der endg\u00fcltige Reis wenig Steine?<\/h3> <div class=\"rank-math-answer\">  <p>Das Windvolumen ist klein und sollte rechtzeitig angepasst werden.<\/p>  <\/div> <\/div> <\/div> <\/div>   <h2 class=\"wp-block-heading\">Kontaktieren Sie uns jederzeit<\/h2>    <p class=\"translation-block\">Wenn Sie an unserer Stein-Entfernungsmaschine interessiert sind oder Fragen haben, z\u00f6gern Sie nicht, uns f\u00fcr weitere Informationen zu kontaktieren! Wenn Sie an der Reisverarbeitung interessiert sind, k\u00f6nnen Sie sich auf unsere beziehen: <a href=\"https:\/\/www.agriculture-machine.com\/de\/rice-milling-plant-machine\/\"><strong><em>Reism\u00fchlenanlage\u4e28Automatische Reism\u00fchle Produktionslinie<\/em><\/strong><\/a>.<\/p>    <p>Wir laden Sie herzlich ein, unsere Fabrik pers\u00f6nlich zu besuchen, um die Qualit\u00e4t unserer Produkte und Prozesse zu erleben und die tats\u00e4chliche Arbeitsleistung unserer Produkte zu sehen. Wir freuen uns auf die Zusammenarbeit mit Ihnen!<\/p>","protected":false},"excerpt":{"rendered":"<p>Die Reissortiermaschine ist eine Getreideverarbeitungsanlage, die spezifisches Gewicht Sortierung und Luftstrom-Suspensionstechnologie nutzt, um effizient Reis und Steine zu trennen.<\/p>","protected":false},"author":1,"featured_media":2714,"parent":0,"comment_status":"closed","ping_status":"closed","template":"","tags":[796,158],"product-type":[907],"class_list":["post-2712","product","type-product","status-publish","has-post-thumbnail","hentry","tag-rice","tag-wheat","product-type-paddy-rice-destoner"],"_links":{"self":[{"href":"https:\/\/www.agriculture-machine.com\/de\/wp-json\/wp\/v2\/product\/2712","targetHints":{"allow":["GET"]}}],"collection":[{"href":"https:\/\/www.agriculture-machine.com\/de\/wp-json\/wp\/v2\/product"}],"about":[{"href":"https:\/\/www.agriculture-machine.com\/de\/wp-json\/wp\/v2\/types\/product"}],"author":[{"embeddable":true,"href":"https:\/\/www.agriculture-machine.com\/de\/wp-json\/wp\/v2\/users\/1"}],"replies":[{"embeddable":true,"href":"https:\/\/www.agriculture-machine.com\/de\/wp-json\/wp\/v2\/comments?post=2712"}],"wp:featuredmedia":[{"embeddable":true,"href":"https:\/\/www.agriculture-machine.com\/de\/wp-json\/wp\/v2\/media\/2714"}],"wp:attachment":[{"href":"https:\/\/www.agriculture-machine.com\/de\/wp-json\/wp\/v2\/media?parent=2712"}],"wp:term":[{"taxonomy":"post_tag","embeddable":true,"href":"https:\/\/www.agriculture-machine.com\/de\/wp-json\/wp\/v2\/tags?post=2712"},{"taxonomy":"product-type","embeddable":true,"href":"https:\/\/www.agriculture-machine.com\/de\/wp-json\/wp\/v2\/product-type?post=2712"}],"curies":[{"name":"wp","href":"https:\/\/api.w.org\/{rel}","templated":true}]}}