{"id":3286,"date":"2019-04-19T22:57:14","date_gmt":"2019-04-19T14:57:14","guid":{"rendered":"https:\/\/www.agriculture-machine.com\/?p=3286"},"modified":"2024-09-23T11:15:58","modified_gmt":"2024-09-23T03:15:58","slug":"amazing-garden-sprayer-drones-in-agriculture-crop-spraying","status":"publish","type":"product","link":"https:\/\/www.agriculture-machine.com\/de\/amazing-garden-sprayer-drones-in-agriculture-crop-spraying\/","title":{"rendered":"Erstaunliches Gartenspr\u00fchger\u00e4t \/ Drohnen in der Landwirtschaft"},"content":{"rendered":"<p class=\"translation-block\">Es ist ein spezielles Design<strong> Gartenspr\u00fchger\u00e4t<\/strong>, und es kann verwendet werden, um Wasser, Pestizide auf die Oberfl\u00e4che der Pflanze zu spr\u00fchen. Es ist ein gutes Werkzeug f\u00fcr Landwirte, und sie k\u00f6nnen es f\u00fcr G\u00e4rten, Felder und andere Fl\u00e4chen verwenden. Die Spr\u00fchgeschwindigkeit von Drohnen in der Landwirtschaft betr\u00e4gt 4-8m\/s, was eine hohe Effizienz bedeutet. Das Volumen des Pestizidbeh\u00e4lters betr\u00e4gt 10L und 16L, und Sie k\u00f6nnen je nach Bedarf eines ausw\u00e4hlen.<\/p> <p><iframe loading=\"lazy\" title=\"Beste Drohnen 2018 \/ DJI Drohne \/ Gartenspr\u00fchger\u00e4t \/ Wie installiert man eine Drohnenspr\u00fchung\" width=\"500\" height=\"281\" src=\"https:\/\/www.youtube.com\/embed\/QPc56YfjM_A?feature=oembed\" frameborder=\"0\" allow=\"accelerometer; autoplay; clipboard-write; encrypted-media; gyroscope; picture-in-picture; web-share\" referrerpolicy=\"strict-origin-when-cross-origin\" allowfullscreen><\/iframe><\/p> <h2><\/h2> <h2><strong><b>Technische Parameter von <\/b><\/strong><strong><b>Gartenspr\u00fchger\u00e4t<\/b><\/strong><\/h2> <table> <tbody> <tr> <td width=\"189\">Modell<\/td> <td width=\"189\">3W4-10B<\/td> <td width=\"189\">3W4-16<\/td> <\/tr> <tr> <td width=\"189\">Nettogewicht<\/td> <td width=\"189\">24,2kg<\/td> <td width=\"189\">27.9<\/td> <\/tr> <tr> <td width=\"189\">Das Volumen des Pestizidbeh\u00e4lters<\/td> <td width=\"189\">10L<\/td> <td width=\"189\">16L<\/td> <\/tr> <tr> <td width=\"189\">Fl\u00fcssigkeitspumpe<\/td> <td width=\"189\">Membrpumpe<\/td> <td width=\"189\">Membrpumpe<\/td> <\/tr> <tr> <td width=\"189\">Anzahl der Fl\u00fcgel<\/td> <td width=\"189\">4<\/td> <td width=\"189\">4<\/td> <\/tr> <tr> <td width=\"189\">Motortyp<\/td> <td width=\"189\">b\u00fcrstenloser Gleichstrommotor<\/td> <td width=\"189\">b\u00fcrstenloser Gleichstrommotor<\/td> <\/tr> <tr> <td width=\"189\">Maximaler Motor<\/td> <td width=\"189\">5000W<\/td> <td width=\"189\">5000W<\/td> <\/tr> <tr> <td width=\"189\">Maximaler elektrischer Strom<\/td> <td width=\"189\">65A<\/td> <td width=\"189\">65A<\/td> <\/tr> <tr> <td width=\"189\">Batterie<\/td> <td width=\"189\">Lithiumbatterie<\/td> <td width=\"189\">Lithiumbatterie<\/td> <\/tr> <tr> <td width=\"189\">Durchmesser der Fl\u00fcgel<\/td> <td width=\"189\">890mm<\/td> <td width=\"189\">890mm<\/td> <\/tr> <tr> <td width=\"189\">Wasser- und Staubschutzklasse<\/td> <td width=\"189\">IP56<\/td> <td width=\"189\">IP56<\/td> <\/tr> <tr> <td width=\"189\">D\u00fcsen<\/td> <td width=\"189\">4<\/td> <td width=\"189\">4<\/td> <\/tr> <tr> <td width=\"189\">Das Spr\u00fchvolumen<\/td> <td width=\"189\">600-1600ml\/min<\/td> <td width=\"189\">600-2100ml\/min<\/td> <\/tr> <tr> <td width=\"189\">Spr\u00fchgeschwindigkeit<\/td> <td width=\"189\">4-8m\/s<\/td> <td width=\"189\">4-8m\/s<\/td> <\/tr> <tr> <td width=\"189\">Spr\u00fchbreite<\/td> <td width=\"189\">4-6m<\/td> <td width=\"189\">4-6m<\/td> <\/tr> <tr> <td width=\"189\">Arbeitsh\u00f6he<\/td> <td width=\"189\">1-3m<\/td> <td width=\"189\">1-3m<\/td> <\/tr> <tr> <td width=\"189\">Nachhaltige Spr\u00fchzeit (Kapazit\u00e4t)<\/td> <td width=\"189\">Mehr als 10 Minuten<\/td> <td width=\"189\">Mehr als 10 Minuten<\/td> <\/tr> <tr> <td width=\"189\">Spr\u00fchvolumen<\/td> <td width=\"189\">0,6-0,9hm2\/h<\/td> <td width=\"189\">0,9-1,3hm2\/h<\/td> <\/tr> <\/tbody> <\/table> <h2>Arbeitsablauf des Gartenspr\u00fchers<\/h2> <figure id=\"attachment_3291\" aria-describedby=\"caption-attachment-3291\" style=\"width: 600px\" class=\"wp-caption aligncenter\"><img loading=\"lazy\" decoding=\"async\" class=\"wp-image-3291 size-full\" src=\"https:\/\/www.agriculture-machine.com\/wp-content\/uploads\/2019\/04\/drone-sprayer-4.jpg\" alt=\"Drohnen-Spr\u00fcher\" width=\"600\" height=\"450\" srcset=\"https:\/\/www.agriculture-machine.com\/wp-content\/uploads\/2019\/04\/drone-sprayer-4.jpg 600w, https:\/\/www.agriculture-machine.com\/wp-content\/uploads\/2019\/04\/drone-sprayer-4-360x270.jpg 360w, https:\/\/www.agriculture-machine.com\/wp-content\/uploads\/2019\/04\/drone-sprayer-4-240x180.jpg 240w\" sizes=\"auto, (max-width: 600px) 100vw, 600px\" \/><figcaption id=\"caption-attachment-3291\" class=\"wp-caption-text\">Drohnen-Spr\u00fcher<\/figcaption><\/figure> <ol> <li>Zuerst installieren Sie die vier Fl\u00fcgel des Gartenspr\u00fchers.<\/li> <li>F\u00fcgen Sie den Schaummittel hinzu.<\/li> <li>Platzieren Sie die Batterie, die die Maschine f\u00fcr 10 Minuten fliegen l\u00e4sst.<\/li> <li>Das Ger\u00e4t wird w\u00e4hrend des Betriebs per Fernbedienung gesteuert.<\/li> <li>Das Pestizid kann an der R\u00fcckseite und an der Vorderseite der Pflanze haften, wodurch die Sch\u00e4dlinge effektiv get\u00f6tet werden.<\/li> <\/ol> <figure id=\"attachment_3288\" aria-describedby=\"caption-attachment-3288\" style=\"width: 600px\" class=\"wp-caption aligncenter\"><img loading=\"lazy\" decoding=\"async\" class=\"wp-image-3288 size-full\" src=\"https:\/\/www.agriculture-machine.com\/wp-content\/uploads\/2019\/04\/drone-sprayer-1.jpg\" alt=\"Gartenspr\u00fchger\u00e4t\" width=\"600\" height=\"450\" srcset=\"https:\/\/www.agriculture-machine.com\/wp-content\/uploads\/2019\/04\/drone-sprayer-1.jpg 600w, https:\/\/www.agriculture-machine.com\/wp-content\/uploads\/2019\/04\/drone-sprayer-1-360x270.jpg 360w, https:\/\/www.agriculture-machine.com\/wp-content\/uploads\/2019\/04\/drone-sprayer-1-240x180.jpg 240w\" sizes=\"auto, (max-width: 600px) 100vw, 600px\" \/><figcaption id=\"caption-attachment-3288\" class=\"wp-caption-text\">Gartenspr\u00fchger\u00e4t<\/figcaption><\/figure> <h2>Detailliertes Bild des Gartenspr\u00fchers<\/h2> <figure id=\"attachment_3295\" aria-describedby=\"caption-attachment-3295\" style=\"width: 600px\" class=\"wp-caption aligncenter\"><img loading=\"lazy\" decoding=\"async\" class=\"wp-image-3295 size-full\" src=\"https:\/\/www.agriculture-machine.com\/wp-content\/uploads\/2019\/04\/drone-sprayer-8.jpg\" alt=\"Landwirtschaftliche Spr\u00fchmaschinenfl\u00fcgel\" width=\"600\" height=\"450\" srcset=\"https:\/\/www.agriculture-machine.com\/wp-content\/uploads\/2019\/04\/drone-sprayer-8.jpg 600w, https:\/\/www.agriculture-machine.com\/wp-content\/uploads\/2019\/04\/drone-sprayer-8-360x270.jpg 360w, https:\/\/www.agriculture-machine.com\/wp-content\/uploads\/2019\/04\/drone-sprayer-8-240x180.jpg 240w\" sizes=\"auto, (max-width: 600px) 100vw, 600px\" \/><figcaption id=\"caption-attachment-3295\" class=\"wp-caption-text\">Landwirtschaftliche Spr\u00fchmaschinenfl\u00fcgel<\/figcaption><\/figure> <figure id=\"attachment_3294\" aria-describedby=\"caption-attachment-3294\" style=\"width: 600px\" class=\"wp-caption aligncenter\"><img loading=\"lazy\" decoding=\"async\" class=\"wp-image-3294 size-full\" src=\"https:\/\/www.agriculture-machine.com\/wp-content\/uploads\/2019\/04\/drone-sprayer-7.jpg\" alt=\"Gartenspr\u00fchmaschine\" width=\"600\" height=\"450\" srcset=\"https:\/\/www.agriculture-machine.com\/wp-content\/uploads\/2019\/04\/drone-sprayer-7.jpg 600w, https:\/\/www.agriculture-machine.com\/wp-content\/uploads\/2019\/04\/drone-sprayer-7-360x270.jpg 360w, https:\/\/www.agriculture-machine.com\/wp-content\/uploads\/2019\/04\/drone-sprayer-7-240x180.jpg 240w\" sizes=\"auto, (max-width: 600px) 100vw, 600px\" \/><figcaption id=\"caption-attachment-3294\" class=\"wp-caption-text\">Gartenspr\u00fchd\u00fcse<\/figcaption><\/figure> <figure id=\"attachment_3293\" aria-describedby=\"caption-attachment-3293\" style=\"width: 600px\" class=\"wp-caption aligncenter\"><img loading=\"lazy\" decoding=\"async\" class=\"wp-image-3293 size-full\" src=\"https:\/\/www.agriculture-machine.com\/wp-content\/uploads\/2019\/04\/drone-sprayer-6.jpg\" alt=\"Gartenspr\u00fchd\u00fcse\" width=\"600\" height=\"450\" srcset=\"https:\/\/www.agriculture-machine.com\/wp-content\/uploads\/2019\/04\/drone-sprayer-6.jpg 600w, https:\/\/www.agriculture-machine.com\/wp-content\/uploads\/2019\/04\/drone-sprayer-6-360x270.jpg 360w, https:\/\/www.agriculture-machine.com\/wp-content\/uploads\/2019\/04\/drone-sprayer-6-240x180.jpg 240w\" sizes=\"auto, (max-width: 600px) 100vw, 600px\" \/><figcaption id=\"caption-attachment-3293\" class=\"wp-caption-text\">Gartenspr\u00fchd\u00fcse<\/figcaption><\/figure> <figure id=\"attachment_3292\" aria-describedby=\"caption-attachment-3292\" style=\"width: 600px\" class=\"wp-caption aligncenter\"><img loading=\"lazy\" decoding=\"async\" class=\"wp-image-3292 size-full\" src=\"https:\/\/www.agriculture-machine.com\/wp-content\/uploads\/2019\/04\/drone-sprayer-5.jpg\" alt=\"Spr\u00fchmaschinen-Teil\" width=\"600\" height=\"450\" srcset=\"https:\/\/www.agriculture-machine.com\/wp-content\/uploads\/2019\/04\/drone-sprayer-5.jpg 600w, https:\/\/www.agriculture-machine.com\/wp-content\/uploads\/2019\/04\/drone-sprayer-5-360x270.jpg 360w, https:\/\/www.agriculture-machine.com\/wp-content\/uploads\/2019\/04\/drone-sprayer-5-240x180.jpg 240w\" sizes=\"auto, (max-width: 600px) 100vw, 600px\" \/><figcaption id=\"caption-attachment-3292\" class=\"wp-caption-text\">Spr\u00fchmaschinen-Teil<\/figcaption><\/figure> <h2>Breite Anwendung des Gartenspr\u00fchers<\/h2> <p>Der landwirtschaftliche Spr\u00fchdrohne wird nicht nur in der Landwirtschaft eingesetzt, sondern kann auch in den folgenden Bereichen verwendet werden.<\/p> <p>1. Elektrische Energie.<\/p> <p>2. Der Verkehr.<\/p> <p>3. Wasserwirtschaft<\/p> <p>3. Die \u00f6ffentliche Sicherheit im Terrorismus.<\/p> <figure id=\"attachment_3296\" aria-describedby=\"caption-attachment-3296\" style=\"width: 600px\" class=\"wp-caption aligncenter\"><img loading=\"lazy\" decoding=\"async\" class=\"wp-image-3296 size-full\" src=\"https:\/\/www.agriculture-machine.com\/wp-content\/uploads\/2019\/04\/drone-sprayer-9.jpg\" alt=\"Spr\u00fchmaschine\" width=\"600\" height=\"450\" srcset=\"https:\/\/www.agriculture-machine.com\/wp-content\/uploads\/2019\/04\/drone-sprayer-9.jpg 600w, https:\/\/www.agriculture-machine.com\/wp-content\/uploads\/2019\/04\/drone-sprayer-9-360x270.jpg 360w, https:\/\/www.agriculture-machine.com\/wp-content\/uploads\/2019\/04\/drone-sprayer-9-240x180.jpg 240w\" sizes=\"auto, (max-width: 600px) 100vw, 600px\" \/><figcaption id=\"caption-attachment-3296\" class=\"wp-caption-text\">Spr\u00fchmaschine<\/figcaption><\/figure> <h2>Vorteil des Gartenspr\u00fchers<\/h2> <p>1. Der Erntespr\u00fchmaschine kann Pestizide per Fernbedienung spr\u00fchen, was sicher und arbeitsersparend ist.<\/p> <p>2. Im Vergleich zu traditionellen Spr\u00fchmethoden m\u00fcssen die Menschen den Pestizid nicht direkt ber\u00fchren, was die Gefahr f\u00fcr den Menschen effektiv verringert.<\/p> <p>3. Die Arbeitseffizienz des UAV-Erntespr\u00fchers ist 30-mal so hoch wie die manuelle Spr\u00fchung.<\/p> <p>4. Durch die Verwendung von Hochatomisierung und Mikrotr\u00f6pfchen-Spr\u00fchung kann dieser Drohnenspr\u00fcher die Nutzungseffizienz des Pestizids vollst\u00e4ndig verbessern.<\/p> <p>5. Der Rotor erzeugt einen Abw\u00e4rtsfluss, der die Penetration des Nebelstroms in die Kultur erh\u00f6ht und eine gute Kontrolleffekt erm\u00f6glicht.<\/p> <figure id=\"attachment_3290\" aria-describedby=\"caption-attachment-3290\" style=\"width: 600px\" class=\"wp-caption aligncenter\"><img loading=\"lazy\" decoding=\"async\" class=\"wp-image-3290 size-full\" src=\"https:\/\/www.agriculture-machine.com\/wp-content\/uploads\/2019\/04\/drone-sprayer-3.jpg\" alt=\"Landwirtschaftlicher Spr\u00fcher-Display\" width=\"600\" height=\"450\" srcset=\"https:\/\/www.agriculture-machine.com\/wp-content\/uploads\/2019\/04\/drone-sprayer-3.jpg 600w, https:\/\/www.agriculture-machine.com\/wp-content\/uploads\/2019\/04\/drone-sprayer-3-360x270.jpg 360w, https:\/\/www.agriculture-machine.com\/wp-content\/uploads\/2019\/04\/drone-sprayer-3-240x180.jpg 240w\" sizes=\"auto, (max-width: 600px) 100vw, 600px\" \/><figcaption id=\"caption-attachment-3290\" class=\"wp-caption-text\">Landwirtschaftlicher Spr\u00fcher-Display<\/figcaption><\/figure> <h2>Warum brauchen Sie einen Gartenspr\u00fchger\u00e4t?<\/h2> <p>China ist ein \u00fcberwiegend landwirtschaftliches Land, das 3 Millionen Morgen Grundland bewirtschaftet, was j\u00e4hrlich eine gro\u00dfe Menge an Pflanzenschutzspr\u00fchger\u00e4ten erfordert. Ungl\u00fccklicherweise gibt es in China j\u00e4hrlich mehr als 100.000 Unf\u00e4lle durch Pestizidvergiftung, und die Todesrate erreicht 20%. Es gibt keine offiziellen Statistiken \u00fcber die Zahl der Todesf\u00e4lle durch Pestizidr\u00fcckst\u00e4nde und Verschmutzung, was eine erstaunliche Zahl sein muss.<\/p> <p>Die von unserem Unternehmen hergestellten landwirtschaftlichen ferngesteuerten Erntespr\u00fchdrohnen k\u00f6nnen 10-17 kg Pestizide laden und bei niedriger H\u00f6he spr\u00fchen. Dieser beste Gartenspr\u00fchger\u00e4t kann in weniger als 10 Minuten 20 Hektar Ackerland vollst\u00e4ndig bespr\u00fchen und ist geeignet f\u00fcr Felder wie Reisschl\u00e4ge und Hangfelder, wo die Arbeit f\u00fcr Menschen schwierig ist.<\/p> <p class=\"translation-block\">Die Spr\u00fcheffizienz des <strong>Gartenspr\u00fchers<\/strong> ist 30-mal so hoch wie die traditionelle Arbeit. Der durch den Rotor erzeugte Abw\u00e4rtsfluss hilft, die Penetration des Nebelstroms in die Kultur zu erh\u00f6hen, und die Kontrolleffekt ist gut. Gleichzeitig verbessert die Fernbedienung die Sicherheit beim Pestizidspr\u00fch.<\/p> <figure id=\"attachment_3289\" aria-describedby=\"caption-attachment-3289\" style=\"width: 600px\" class=\"wp-caption aligncenter\"><img loading=\"lazy\" decoding=\"async\" class=\"wp-image-3289 size-full\" src=\"https:\/\/www.agriculture-machine.com\/wp-content\/uploads\/2019\/04\/drone-sprayer-2.jpg\" alt=\"Landwirtschaftlicher Spr\u00fcher\" width=\"600\" height=\"450\" srcset=\"https:\/\/www.agriculture-machine.com\/wp-content\/uploads\/2019\/04\/drone-sprayer-2.jpg 600w, https:\/\/www.agriculture-machine.com\/wp-content\/uploads\/2019\/04\/drone-sprayer-2-360x270.jpg 360w, https:\/\/www.agriculture-machine.com\/wp-content\/uploads\/2019\/04\/drone-sprayer-2-240x180.jpg 240w\" sizes=\"auto, (max-width: 600px) 100vw, 600px\" \/><figcaption id=\"caption-attachment-3289\" class=\"wp-caption-text\">Landwirtschaftlicher Spr\u00fcher<\/figcaption><\/figure> <h2>FAQ<\/h2> <ol> <li>Ist der Gartenspr\u00fchger\u00e4t w\u00e4hrend des Betriebs sicher?<\/li> <\/ol> <p>Ja, nat\u00fcrlich haben wir viele Tests durchgef\u00fchrt, um einen sicheren Betrieb zu gew\u00e4hrleisten.<\/p> <ol start=\"2\"> <li>Kann das Pestizid, das mit diesem Erntespr\u00fchger\u00e4t gespr\u00fcht wird, alle Sch\u00e4dlinge vollst\u00e4ndig t\u00f6ten?<\/li> <\/ol> <p>99% der Sch\u00e4dlinge k\u00f6nnen vollst\u00e4ndig get\u00f6tet werden.<\/p> <ol start=\"3\"> <li>Muss ich geschult werden, wenn ich diese landwirtschaftliche Drohne zum Spr\u00fchen kaufe?<\/li> <\/ol> <p>Um eine sichere Verwendung zu gew\u00e4hrleisten, ist es notwendig, dass Sie in unsere Fabrik kommen, um fast 5 Tage geschult zu werden.<\/p> <ol start=\"4\"> <li>Kann ich die H\u00f6he des Spr\u00fchger\u00e4ts kontrollieren?<\/li> <\/ol> <p>Ja, das k\u00f6nnen Sie per Fernbedienung steuern.<\/p> <ol start=\"5\"> <li>Was ist der Bereich der Flugh\u00f6he?<\/li> <\/ol> <p>Es liegt innerhalb von 1-3m.<\/p>","protected":false},"excerpt":{"rendered":"<p>It is a special design garden sprayer,and it can be used to spray water, pesticide to the surface of the plant. It is a good tool for farmers, and they can use it for gardens, farmlands and other fields. The spraying speed of drones in agriculture is 4-8m\/s, which means it works with high efficiency. [&hellip;]<\/p>\n","protected":false},"author":1,"featured_media":3297,"parent":0,"comment_status":"closed","ping_status":"closed","template":"","tags":[136],"product-type":[920,1],"class_list":["post-3286","product","type-product","status-publish","has-post-thumbnail","hentry","tag-sprayer","product-type-drone-sprayer","product-type-other"],"_links":{"self":[{"href":"https:\/\/www.agriculture-machine.com\/de\/wp-json\/wp\/v2\/product\/3286","targetHints":{"allow":["GET"]}}],"collection":[{"href":"https:\/\/www.agriculture-machine.com\/de\/wp-json\/wp\/v2\/product"}],"about":[{"href":"https:\/\/www.agriculture-machine.com\/de\/wp-json\/wp\/v2\/types\/product"}],"author":[{"embeddable":true,"href":"https:\/\/www.agriculture-machine.com\/de\/wp-json\/wp\/v2\/users\/1"}],"replies":[{"embeddable":true,"href":"https:\/\/www.agriculture-machine.com\/de\/wp-json\/wp\/v2\/comments?post=3286"}],"wp:featuredmedia":[{"embeddable":true,"href":"https:\/\/www.agriculture-machine.com\/de\/wp-json\/wp\/v2\/media\/3297"}],"wp:attachment":[{"href":"https:\/\/www.agriculture-machine.com\/de\/wp-json\/wp\/v2\/media?parent=3286"}],"wp:term":[{"taxonomy":"post_tag","embeddable":true,"href":"https:\/\/www.agriculture-machine.com\/de\/wp-json\/wp\/v2\/tags?post=3286"},{"taxonomy":"product-type","embeddable":true,"href":"https:\/\/www.agriculture-machine.com\/de\/wp-json\/wp\/v2\/product-type?post=3286"}],"curies":[{"name":"wp","href":"https:\/\/api.w.org\/{rel}","templated":true}]}}