{"id":3374,"date":"2019-04-28T03:32:40","date_gmt":"2019-04-27T19:32:40","guid":{"rendered":"https:\/\/www.agriculture-machine.com\/?p=3374"},"modified":"2026-02-27T17:12:18","modified_gmt":"2026-02-27T09:12:18","slug":"big-size-corn-sheller-machine-for-sale-corn-thresher-shelling-corn-maize","status":"publish","type":"product","link":"https:\/\/www.agriculture-machine.com\/de\/big-size-corn-sheller-machine-for-sale-corn-thresher-shelling-corn-maize\/","title":{"rendered":"Gro\u00dfe Maiskolbensch\u00e4lmaschine zum Verkauf | Maisdrescher | Maiskolben entkernen"},"content":{"rendered":"<p class=\"translation-block\">Dies ist eine Supergr\u00f6\u00dfe <strong>Maiskornsch\u00e4lmaschine<\/strong> und eine Maschine kann f\u00fcr ein ganzes Dorf dienen, passend f\u00fcr einen Traktor mit 28-35 PS, daher ist sie einfach zu bedienen.<\/p>   <p><iframe loading=\"lazy\" title=\"-Entsch\u00e4l- und -Sch\u00e4lmaschine mit hoher Kapazit\u00e4t von 12 Tonnen pro Stunde\" width=\"500\" height=\"281\" src=\"https:\/\/www.youtube.com\/embed\/x3JAf3rrtdA?start=31&#038;feature=oembed\" frameborder=\"0\" allow=\"accelerometer; autoplay; clipboard-write; encrypted-media; gyroscope; picture-in-picture; web-share\" referrerpolicy=\"strict-origin-when-cross-origin\" allowfullscreen><\/iframe><\/p>    <h2 class=\"wp-block-heading\"><strong><b>&nbsp;<\/b><\/strong><strong><b>Hauptstruktur von <\/b><\/strong>Maisdrescher<\/h2>    <p>Diese Sch\u00e4lmaschine f\u00fcr Mais besteht haupts\u00e4chlich aus Sammelteil, F\u00f6rderteil, Sch\u00e4lteil, Trenn- und Reinigungsabschnitt sowie Hilfsst\u00fcck.<\/p>    <ul class=\"wp-block-list\"> <li>Sammelbereich: sammelt die zun\u00e4chst bel\u00fcfteten Maiskolben.<\/li>    <li>F\u00f6rderteil: transportiert die gesammelten Maiskolben zum Sch\u00e4lteil.<\/li>    <li>Dreschbereich: trennt Maisk\u00f6rner und Maiskolben.<\/li>    <li>Trenn- und Reinigungsabschnitt: trennt\u00a0andere Verunreinigungen im Inneren der Maisk\u00f6rner\u00a0erneut.<\/li>    <li>Hilfsger\u00e4t: einschlie\u00dflich Kupplungsvorrichtungen, \u00dcbertragungsvorrichtungen, Sicherheitsvorrichtungen usw.<\/li> <\/ul>    <figure class=\"wp-block-image aligncenter wp-image-6501 size-full\"><img loading=\"lazy\" decoding=\"async\" width=\"750\" height=\"792\" src=\"https:\/\/www.agriculture-machine.com\/wp-content\/uploads\/2019\/04\/corn-sheller.jpg\" alt=\"Mais-Sch\u00e4lmaschine\" class=\"wp-image-6501\" srcset=\"https:\/\/www.agriculture-machine.com\/wp-content\/uploads\/2019\/04\/corn-sheller.jpg 750w, https:\/\/www.agriculture-machine.com\/wp-content\/uploads\/2019\/04\/corn-sheller-256x270.jpg 256w, https:\/\/www.agriculture-machine.com\/wp-content\/uploads\/2019\/04\/corn-sheller-511x540.jpg 511w\" sizes=\"auto, (max-width: 750px) 100vw, 750px\" \/><figcaption class=\"wp-element-caption\">Mais-Sch\u00e4lmaschine<\/figcaption><\/figure>    <figure class=\"wp-block-image aligncenter wp-image-3376\"><img loading=\"lazy\" decoding=\"async\" width=\"760\" height=\"760\" src=\"https:\/\/www.agriculture-machine.com\/wp-content\/uploads\/2019\/04\/1-1.jpg\" alt=\"Maisdrescher\" class=\"wp-image-3376\" srcset=\"https:\/\/www.agriculture-machine.com\/wp-content\/uploads\/2019\/04\/1-1.jpg 760w, https:\/\/www.agriculture-machine.com\/wp-content\/uploads\/2019\/04\/1-1-270x270.jpg 270w, https:\/\/www.agriculture-machine.com\/wp-content\/uploads\/2019\/04\/1-1-540x540.jpg 540w\" sizes=\"auto, (max-width: 760px) 100vw, 760px\" \/><figcaption class=\"wp-element-caption\">Maisdrescher<\/figcaption><\/figure>    <h2 class=\"wp-block-heading\">Technische Parameter der Maiskolbensch\u00e4lmaschine<\/h2>    <figure class=\"wp-block-table\"><table class=\"has-fixed-layout\"><tbody><tr><td>Modell<\/td><td>9TY-900<\/td><\/tr><tr><td>Leistung<\/td><td>Traktor mit 28-35 PS<\/td><\/tr><tr><td>Kapazit\u00e4t<\/td><td>10-12 t\/h<\/td><\/tr><tr><td>Gewicht<\/td><td>2000kg<\/td><\/tr><tr><td>Gr\u00f6\u00dfe<\/td><td>5500*1550*2100 mm<\/td><\/tr><\/tbody><\/table><\/figure>    <h2 class=\"wp-block-heading\">Vorteile der Maiskolbensch\u00e4lmaschine<\/h2>    <ol class=\"wp-block-list\"> <li>Sie verf\u00fcgt \u00fcber einen automatischen Zuf\u00fchrtrichter, der die Arbeitseffizienz verbessert.<\/li>    <li>Hohe Kapazit\u00e4t. Ihre Kapazit\u00e4t betr\u00e4gt 10-12 t\/h.<\/li>    <li>Der Benutzer kann sitzen, um zu bedienen, was viel Energie spart.<\/li>    <li>Der Ausgang an der R\u00fcckseite der Maschine ist immer mit einem gro\u00dfen Beutel verbunden, der Staub und andere Verunreinigungen in der Luft vermeidet.<\/li>    <li>Der Vibrationsbereich ist in der Lage, die Maisk\u00f6rner vollst\u00e4ndig von zerquetschten Maiskolben zu trennen, die aus der entgegengesetzten Richtung fallen.<\/li>    <li>Ein spezielles Design, zwei Ausg\u00e4nge zum Entladen von zerquetschten Maiskolben, verbessert die Reinigungsrate erheblich.<\/li>    <li>Es gibt einen kleinen Ausgang zum Entladen von zerquetschten Maispartikeln, die zum F\u00fcttern von Tieren verwendet werden k\u00f6nnen.<\/li> <\/ol>    <figure class=\"wp-block-image alignnone wp-image-6502 size-full\"><img loading=\"lazy\" decoding=\"async\" width=\"750\" height=\"1467\" src=\"https:\/\/www.agriculture-machine.com\/wp-content\/uploads\/2019\/04\/corn-shelling-machine-.jpg\" alt=\"Maisdreschmaschine\" class=\"wp-image-6502\" srcset=\"https:\/\/www.agriculture-machine.com\/wp-content\/uploads\/2019\/04\/corn-shelling-machine-.jpg 750w, https:\/\/www.agriculture-machine.com\/wp-content\/uploads\/2019\/04\/corn-shelling-machine--138x270.jpg 138w, https:\/\/www.agriculture-machine.com\/wp-content\/uploads\/2019\/04\/corn-shelling-machine--276x540.jpg 276w\" sizes=\"auto, (max-width: 750px) 100vw, 750px\" \/><figcaption class=\"wp-element-caption\">Maisdreschmaschine<\/figcaption><\/figure>    <h2 class=\"wp-block-heading\">FAQ der Maiskolbensch\u00e4lmaschine<\/h2>   <div id=\"rank-math-faq\" class=\"rank-math-block\"> <div class=\"rank-math-list\"> <div id=\"faq-question-1772096703108\" class=\"rank-math-list-item\"> <h3 class=\"rank-math-question\">Brauche ich einen Traktor?<\/h3> <div class=\"rank-math-answer\">  <p>Ja, nat\u00fcrlich, Traktor mit 28-35 PS.<\/p>  <\/div> <\/div> <div id=\"faq-question-1772096710749\" class=\"rank-math-list-item\"> <h3 class=\"rank-math-question\">Was ist die Kapazit\u00e4t dieses Maisabschneiders?<\/h3> <div class=\"rank-math-answer\">  <p>10-12t\/h.<\/p>  <\/div> <\/div> <div id=\"faq-question-1772096728053\" class=\"rank-math-list-item\"> <h3 class=\"rank-math-question\">Ist diese Maiskornsch\u00e4lmaschine nur f\u00fcr Mais geeignet?<\/h3> <div class=\"rank-math-answer\">  <p>Ja, es ist nur f\u00fcr das Dreschen von Mais.<\/p>  <\/div> <\/div> <div id=\"faq-question-1772096736518\" class=\"rank-math-list-item\"> <h3 class=\"rank-math-question\">Haben Sie andere <a href=\"https:\/\/www.agriculture-machine.com\/de\/maize-sheller\/\"><strong>Kleine Maiskornsch\u00e4lmaschine<\/strong><\/a>?<\/h3> <div class=\"rank-math-answer\">  <p>Ja, nat\u00fcrlich, wir haben auch andere Arten von Maiskornsch\u00e4lmaschinen.<\/p>  <\/div> <\/div> <\/div> <\/div>","protected":false},"excerpt":{"rendered":"<p>Dies ist eine Supergr\u00f6\u00dfe Maiskolbensch\u00e4lmaschine und eine Maschine kann f\u00fcr ein ganzes Dorf dienen, passend zu einem Traktor mit 28-35 PS, daher ist sie einfach zu bedienen.<\/p>","protected":false},"author":1,"featured_media":3383,"parent":0,"comment_status":"closed","ping_status":"closed","template":"","tags":[2619],"product-type":[893],"class_list":["post-3374","product","type-product","status-publish","has-post-thumbnail","hentry","tag-sheller","product-type-corn-thresher"],"_links":{"self":[{"href":"https:\/\/www.agriculture-machine.com\/de\/wp-json\/wp\/v2\/product\/3374","targetHints":{"allow":["GET"]}}],"collection":[{"href":"https:\/\/www.agriculture-machine.com\/de\/wp-json\/wp\/v2\/product"}],"about":[{"href":"https:\/\/www.agriculture-machine.com\/de\/wp-json\/wp\/v2\/types\/product"}],"author":[{"embeddable":true,"href":"https:\/\/www.agriculture-machine.com\/de\/wp-json\/wp\/v2\/users\/1"}],"replies":[{"embeddable":true,"href":"https:\/\/www.agriculture-machine.com\/de\/wp-json\/wp\/v2\/comments?post=3374"}],"wp:featuredmedia":[{"embeddable":true,"href":"https:\/\/www.agriculture-machine.com\/de\/wp-json\/wp\/v2\/media\/3383"}],"wp:attachment":[{"href":"https:\/\/www.agriculture-machine.com\/de\/wp-json\/wp\/v2\/media?parent=3374"}],"wp:term":[{"taxonomy":"post_tag","embeddable":true,"href":"https:\/\/www.agriculture-machine.com\/de\/wp-json\/wp\/v2\/tags?post=3374"},{"taxonomy":"product-type","embeddable":true,"href":"https:\/\/www.agriculture-machine.com\/de\/wp-json\/wp\/v2\/product-type?post=3374"}],"curies":[{"name":"wp","href":"https:\/\/api.w.org\/{rel}","templated":true}]}}