{"id":3502,"date":"2019-05-04T05:53:46","date_gmt":"2019-05-03T21:53:46","guid":{"rendered":"https:\/\/www.agriculture-machine.com\/?p=3502"},"modified":"2024-09-23T11:25:52","modified_gmt":"2024-09-23T03:25:52","slug":"high-capacity-beans-peeling-peeler-machine","status":"publish","type":"product","link":"https:\/\/www.agriculture-machine.com\/de\/high-capacity-beans-peeling-peeler-machine\/","title":{"rendered":"Hochleistungs-Bohnenpeelingsmaschine\u4e28Maisdreschmaschine"},"content":{"rendered":"<p class=\"translation-block\">TK-300-Serie <a href=\"https:\/\/www.agriculture-machine.com\/de\/bean-peeling-machine-green-bean-peeler\/\"><strong>Bohnen-Sch\u00e4lmaschine<\/strong><\/a> ist ein neues Produkt, das von unserer Fabrik entwickelt wurde und geeignet ist zum Sch\u00e4len von Buschbohnen, Sojabohnen, Erbsen usw. <\/p>    <p>Dieses Ger\u00e4t verwendet eine spezielle Schleifscheibe zum Sch\u00e4len der Haut, und der Abstand kann je nach Gr\u00f6\u00dfe der Bohne eingestellt werden, um die Lebensdauer zu verl\u00e4ngern und eine hervorragende Sch\u00e4lwirkung zu erzielen.<\/p>    <p>Gleichzeitig wird der Entstauber verwendet, um die Bohnenschale und den Bohnenkern zu trennen. Das reduziert nicht nur die Bruchrate, sondern verbessert auch die Qualit\u00e4t des Endprodukts.<\/p>    <figure class=\"wp-block-image aligncenter is-resized\"><img loading=\"lazy\" decoding=\"async\" width=\"600\" height=\"500\" src=\"https:\/\/www.agriculture-machine.com\/wp-content\/uploads\/2019\/05\/beans-peeling-machine-2.jpg\" alt=\"\" class=\"wp-image-3504\" srcset=\"https:\/\/www.agriculture-machine.com\/wp-content\/uploads\/2019\/05\/beans-peeling-machine-2.jpg 600w, https:\/\/www.agriculture-machine.com\/wp-content\/uploads\/2019\/05\/beans-peeling-machine-2-324x270.jpg 324w\" sizes=\"auto, (max-width: 600px) 100vw, 600px\" \/><\/figure>    <figure class=\"wp-block-image aligncenter\"><img loading=\"lazy\" decoding=\"async\" width=\"600\" height=\"500\" src=\"https:\/\/www.agriculture-machine.com\/wp-content\/uploads\/2019\/05\/beans-peeling-machine-1.jpg\" alt=\"\" class=\"wp-image-3503\" srcset=\"https:\/\/www.agriculture-machine.com\/wp-content\/uploads\/2019\/05\/beans-peeling-machine-1.jpg 600w, https:\/\/www.agriculture-machine.com\/wp-content\/uploads\/2019\/05\/beans-peeling-machine-1-324x270.jpg 324w\" sizes=\"auto, (max-width: 600px) 100vw, 600px\" \/><\/figure>    <h2 class=\"wp-block-heading\" id=\"h-technical-parameter-of-beans-peeling-machine\">Technische Parameter der Bohnen-Sch\u00e4lmaschine<\/h2>    <figure class=\"wp-block-table is-style-stripes\"><table><tbody><tr><td>Leistung<\/td><td>0,55-1,5kW Motor<\/td><\/tr><tr><td>Durchmesser der Scheibe<\/td><td>300mm<\/td><\/tr><tr><td>Sch\u00e4lrate<\/td><td>95%-98%<\/td><\/tr><tr><td>Trennrate<\/td><td>95% -98%<\/td><\/tr><tr><td>Kapazit\u00e4t<\/td><td>200-300kg\/h<\/td><\/tr><tr><td>Nettogewicht<\/td><td>150KG<\/td><\/tr><tr><td>Gr\u00f6\u00dfe<\/td><td>400*1400*1300mm<\/td><\/tr><\/tbody><\/table><figcaption class=\"wp-element-caption\">Technische Daten der Bohnen-Sch\u00e4lmaschine<\/figcaption><\/figure>    <h2 class=\"wp-block-heading\" id=\"h-working-principle-of-beans-peeling-machine\">Funktionsprinzip der Bohnen-Sch\u00e4lmaschine<\/h2>    <p>Die Bohnen werden durch die Schleifscheibe von der Haut befreit. Die Mischung aus Kern und Haut gelangt durch den Filter, um die sp\u00e4ter vom Ventilator aufgesaugten Pulver zu entfernen.<\/p>    <figure class=\"wp-block-image aligncenter\"><img loading=\"lazy\" decoding=\"async\" width=\"600\" height=\"500\" src=\"https:\/\/www.agriculture-machine.com\/wp-content\/uploads\/2019\/05\/beans-peeling-machine-3.jpg\" alt=\"\" class=\"wp-image-3505\" srcset=\"https:\/\/www.agriculture-machine.com\/wp-content\/uploads\/2019\/05\/beans-peeling-machine-3.jpg 600w, https:\/\/www.agriculture-machine.com\/wp-content\/uploads\/2019\/05\/beans-peeling-machine-3-324x270.jpg 324w\" sizes=\"auto, (max-width: 600px) 100vw, 600px\" \/><\/figure>    <h2 class=\"wp-block-heading\" id=\"h-advantage-of-beans-peeling-machine\">Vorteile der Bohnen-Sch\u00e4lmaschine<\/h2>    <p>1. Hohe Sch\u00e4lrate und Trennrate. Beide sind 95%-98%.<br>2. Der Abstand kann je nach Gr\u00f6\u00dfe des Rohmaterials angepasst werden.<br>3. Die Bohnen k\u00f6nnen mit einer Bohnen-Sch\u00e4lmaschine gleichm\u00e4\u00dfig halbiert werden, die N\u00e4hrstoffe bleiben erhalten.<br>4. Gesch\u00e4lte Bohnen haben einen schmackhafteren Geschmack und werden in der Lebensmittelindustrie weit verbreitet eingesetzt.<br>5. Nach dem Sch\u00e4len sind keine zerbrochenen Bohnen vorhanden.<\/p>    <figure class=\"wp-block-image aligncenter\"><img loading=\"lazy\" decoding=\"async\" width=\"600\" height=\"500\" src=\"https:\/\/www.agriculture-machine.com\/wp-content\/uploads\/2019\/05\/beans-peeling-machine-4.jpg\" alt=\"\" class=\"wp-image-3506\" srcset=\"https:\/\/www.agriculture-machine.com\/wp-content\/uploads\/2019\/05\/beans-peeling-machine-4.jpg 600w, https:\/\/www.agriculture-machine.com\/wp-content\/uploads\/2019\/05\/beans-peeling-machine-4-324x270.jpg 324w\" sizes=\"auto, (max-width: 600px) 100vw, 600px\" \/><\/figure>    <h2 class=\"wp-block-heading\" id=\"h-common-malfunction-and-related-solutions-beans-peeling-machine\">H\u00e4ufige Fehlfunktionen und L\u00f6sungen f\u00fcr die Bohnen-Sch\u00e4lmaschine<\/h2>    <figure class=\"wp-block-table is-style-stripes\"><table><tbody><tr><td>Fehler<\/td><td>Grund<\/td><td>L\u00f6sung<\/td><\/tr><tr><td>Niedrige Sch\u00e4lrate<\/td><td>Bohne enth\u00e4lt zu viel Feuchtigkeit<\/td><td>Feuchtigkeitsreduzierung<\/td><\/tr><tr><td>\u00dcberm\u00e4\u00dfiger Abstand<\/td><td>Abstand einstellen<\/td><\/tr><tr><td>Hohe Bruchrate<\/td><td>zu viel Rohmaterial<\/td><td>Rohmaterial richtig in den Einlass geben<\/td><\/tr><tr><td>Der Abstand ist zu eng<\/td><td>Den Abstand vergr\u00f6\u00dfern<\/td><\/tr><tr><td>Die Oberfl\u00e4che der Scheibe ist uneben<\/td><td>Oberfl\u00e4che gl\u00e4tten<\/td><\/tr><tr><td>&nbsp;Niedriger Wassergehalt<\/td><td>Mehr Wasser hinzuf\u00fcgen<\/td><\/tr><tr><td>Schalen, die mit Kernen vermischt sind<\/td><td>Ausgangsblockade<\/td><td>Rohmaterial entfernen<\/td><\/tr><tr><td>L\u00fcftungskanal blockiert<\/td><\/tr><tr><td>Kerne, die mit Schale vermischt sind<\/td><td>&nbsp;Der Windgeschwindigkeit ist zu hoch<\/td><td>Den D\u00e4mpfer richtig \u00f6ffnen<\/td><\/tr><\/tbody><\/table><figcaption class=\"wp-element-caption\">L\u00f6sungen bei Maschinenausfall<\/figcaption><\/figure>    <h2 class=\"wp-block-heading\" id=\"h-precautions-of-beans-peeling-machine\">Vorsichtsma\u00dfnahmen bei der Bohnen-Sch\u00e4lmaschine<\/h2>    <p>1. Bohnen enthalten meist harte Materialien wie Kieselsteine, die beim Verarbeiten die Schleifscheibe leicht besch\u00e4digen. Sie m\u00fcssen manuell oder durch Sieb entfernt werden.<br>2. W\u00e4hrend des Gebrauchs einer Bohnen-Sch\u00e4lmaschine f\u00fchrt der Verschlei\u00df der Schleifscheibe oder Verunreinigungen (wie Steine, Schrauben usw.) in den Bohnen dazu, dass die Oberfl\u00e4che der Schleifscheibe uneben wird, was zu einer niedrigen Bruchrate und schlechter Kapazit\u00e4t f\u00fchrt.<\/p>    <p>Wenn die oben genannte Situation auftritt, kann die Schleifscheibe mit einem Eisenmei\u00dfel oder einem Diamantschneidst\u00fcck behandelt werden.<br>3. Beim Einbauen der Schleifscheibe sollte der Bediener auf den Abstand zwischen der oberen und unteren Schleifscheibe achten, und der umliegende Abstand ist im Wesentlichen gleich.<\/p>    <figure class=\"wp-block-image aligncenter\"><img loading=\"lazy\" decoding=\"async\" width=\"600\" height=\"500\" src=\"https:\/\/www.agriculture-machine.com\/wp-content\/uploads\/2019\/05\/beans-peeling-machine-5.jpg\" alt=\"\" class=\"wp-image-3507\" srcset=\"https:\/\/www.agriculture-machine.com\/wp-content\/uploads\/2019\/05\/beans-peeling-machine-5.jpg 600w, https:\/\/www.agriculture-machine.com\/wp-content\/uploads\/2019\/05\/beans-peeling-machine-5-324x270.jpg 324w\" sizes=\"auto, (max-width: 600px) 100vw, 600px\" \/><\/figure>    <h2 class=\"wp-block-heading\" id=\"h-how-to-install-grinding-disc-of-beans-peeling-machine\">Wie man eine Schleifscheibe der Bohnen-Sch\u00e4lmaschine installiert<\/h2>    <p>1. Die Zuf\u00fchrtrichter der Bohnen-Sch\u00e4lmaschine, Eisenplatte und Schleifsitz entfernen.<br>2. Die Schleifscheibe installieren.<br>3. Paneele mit drei Seiten zerlegen.<br>4. Einen Punkt auf die obere Schleifscheibe setzen (Markierung machen), dann die untere Schleifscheibe drehen und beobachten, ob sie parallel sind. Bei gro\u00dfen Auf- und Abbewegungen sollte die Schraube unterhalb der Schleifscheibe angepasst werden, um sie parallel zu machen.<br>5. Achten Sie darauf, ob der Abstand gleich ist. Falls nicht, justieren Sie die vier Schrauben am oberen Deckel, um die oberen und unteren Spalten parallel zu machen.<br>6. Den unteren Schleifscheibe nach oben einstellen, sodass sie die obere Schleifscheibe treffen kann.<\/p>    <h2 class=\"wp-block-heading\" id=\"h-successful-case-of-beans-peeling-machine\">Erfolgreicher Fall der Bohnen-Sch\u00e4lmaschine<\/h2>    <p>Wir haben einmal 5 Sets Bohnen-Sch\u00e4lmaschinen nach Kanada verkauft, und die folgenden sind die Verpackungsdetails. Sie k\u00f6nnen den folgenden Link \u00f6ffnen, um mehr Liefernachrichten zu erfahren.<\/p>    <p><strong><a href=\"https:\/\/www.agriculture-machine.com\/de\/agricultural-machine\/\">Liefernachrichten zu landwirtschaftlichen Maschinen<\/a><\/strong><\/p>    <h2 class=\"wp-block-heading\" id=\"h-faq-of-beans-peeling-machine\"><img loading=\"lazy\" decoding=\"async\" width=\"600\" height=\"500\" class=\"size-full wp-image-3508 aligncenter\" src=\"https:\/\/www.agriculture-machine.com\/wp-content\/uploads\/2019\/05\/beans-peeling-machine-6.jpg\" alt=\"\" srcset=\"https:\/\/www.agriculture-machine.com\/wp-content\/uploads\/2019\/05\/beans-peeling-machine-6.jpg 600w, https:\/\/www.agriculture-machine.com\/wp-content\/uploads\/2019\/05\/beans-peeling-machine-6-324x270.jpg 324w\" sizes=\"auto, (max-width: 600px) 100vw, 600px\" \/><br>FAQ der Bohnen-Sch\u00e4lmaschine<\/h2>   <div id=\"rank-math-faq\" class=\"rank-math-block\"> <div class=\"rank-math-list\"> <div id=\"faq-question-1705656159566\" class=\"rank-math-list-item\"> <h3 class=\"rank-math-question\">Kann die Maschine die Bohnen gleichm\u00e4\u00dfig teilen?<\/h3> <div class=\"rank-math-answer\">  <p>Ja, nat\u00fcrlich.<\/p>  <\/div> <\/div> <div id=\"faq-question-1705656165185\" class=\"rank-math-list-item\"> <h3 class=\"rank-math-question\">Was ist das Rohmaterial?<\/h3> <div class=\"rank-math-answer\">  <p>Das Rohmaterial kann Buschbohnen, Sojabohnen, Erbsen usw. sein.<\/p>  <\/div> <\/div> <div id=\"faq-question-1705656182954\" class=\"rank-math-list-item\"> <h3 class=\"rank-math-question\">Kann der Abstand der Schleifscheibe eingestellt werden?<\/h3> <div class=\"rank-math-answer\">  <p>Ja, es kann eingestellt werden.<\/p>  <\/div> <\/div> <\/div> <\/div>   <h2 class=\"wp-block-heading\">Kontaktieren Sie uns jederzeit<\/h2>    <p>Wenn Sie an unserer Sojabohnen-Sch\u00e4lmaschine interessiert sind oder Fragen haben, wenden Sie sich bitte an unser professionelles Team f\u00fcr detaillierte Informationen. Wir freuen uns auf Ihre Anfragen und laden Sie herzlich ein, unsere Fabrik f\u00fcr eine pers\u00f6nliche Erfahrung zu besuchen. Wir freuen uns darauf, Ihnen exzellenten Service und L\u00f6sungen zu bieten.<\/p>","protected":false},"excerpt":{"rendered":"<p>TK-300-Serie Bohnen-Sch\u00e4lmaschine ist ein neues Produkt, das von unserer Fabrik entwickelt wurde und geeignet ist zum Sch\u00e4len von Buschbohnen, Sojabohnen, Erbsen usw. Das Trennen der Schale vom Kern mit einem Entstauber reduziert die Bruchrate.<\/p>","protected":false},"author":1,"featured_media":3504,"parent":0,"comment_status":"closed","ping_status":"closed","template":"","tags":[2613],"product-type":[902],"class_list":["post-3502","product","type-product","status-publish","has-post-thumbnail","hentry","tag-peeling","product-type-soybean-peeling-machine"],"_links":{"self":[{"href":"https:\/\/www.agriculture-machine.com\/de\/wp-json\/wp\/v2\/product\/3502","targetHints":{"allow":["GET"]}}],"collection":[{"href":"https:\/\/www.agriculture-machine.com\/de\/wp-json\/wp\/v2\/product"}],"about":[{"href":"https:\/\/www.agriculture-machine.com\/de\/wp-json\/wp\/v2\/types\/product"}],"author":[{"embeddable":true,"href":"https:\/\/www.agriculture-machine.com\/de\/wp-json\/wp\/v2\/users\/1"}],"replies":[{"embeddable":true,"href":"https:\/\/www.agriculture-machine.com\/de\/wp-json\/wp\/v2\/comments?post=3502"}],"wp:featuredmedia":[{"embeddable":true,"href":"https:\/\/www.agriculture-machine.com\/de\/wp-json\/wp\/v2\/media\/3504"}],"wp:attachment":[{"href":"https:\/\/www.agriculture-machine.com\/de\/wp-json\/wp\/v2\/media?parent=3502"}],"wp:term":[{"taxonomy":"post_tag","embeddable":true,"href":"https:\/\/www.agriculture-machine.com\/de\/wp-json\/wp\/v2\/tags?post=3502"},{"taxonomy":"product-type","embeddable":true,"href":"https:\/\/www.agriculture-machine.com\/de\/wp-json\/wp\/v2\/product-type?post=3502"}],"curies":[{"name":"wp","href":"https:\/\/api.w.org\/{rel}","templated":true}]}}