{"id":3551,"date":"2019-05-08T04:40:47","date_gmt":"2019-05-07T20:40:47","guid":{"rendered":"https:\/\/www.agriculture-machine.com\/?p=3551"},"modified":"2025-07-11T18:20:20","modified_gmt":"2025-07-11T10:20:20","slug":"4-types-of-automatic-corn-sheller-for-sale-shelling-corn-maize","status":"publish","type":"product","link":"https:\/\/www.agriculture-machine.com\/de\/4-types-of-automatic-corn-sheller-for-sale-shelling-corn-maize\/","title":{"rendered":"Automatischer Mais-Drescher | Maissch\u00e4lmaschine"},"content":{"rendered":"<p>Die automatischen Maiskornsch\u00e4ler werden verwendet, um schnell Maisk\u00f6rner vom Kolben zu trennen. Unsere meistverkauften Modelle TY-80A, TY-80B, TY-80C und TY-80D sind alle mit einer Kapazit\u00e4t von 4-6 Tonnen\/Stunde ausgestattet. <\/p>    <p>Sie werden in Szenarien wie Bauernh\u00f6fen, Genossenschaften und landwirtschaftlichen Anbaugebieten weit verbreitet eingesetzt und sind besonders geeignet f\u00fcr die zentrale Nutzung in l\u00e4ndlichen Gebieten, in denen die Landwirtschaft im Vordergrund steht. <\/p>    <p>Eine Maschine kann einen ganzen Dorf versorgen, was die Drescheffizienz erheblich verbessert und Arbeitskosten spart, ideal f\u00fcr Landwirte, um eine effiziente Getreideverarbeitung zu erreichen.<\/p>    <figure class=\"wp-block-embed aligncenter is-type-video is-provider-youtube wp-block-embed-youtube wp-embed-aspect-16-9 wp-has-aspect-ratio\"><div class=\"wp-block-embed__wrapper\"> <iframe loading=\"lazy\" title=\"Supergr\u00f6\u00dfe 4-6t\/h Maisdrescher \/ Maisdrescher \/ Maisdreschmaschine Fabrik\" width=\"500\" height=\"281\" src=\"https:\/\/www.youtube.com\/embed\/wa9sml4IRZo?feature=oembed\" frameborder=\"0\" allow=\"accelerometer; autoplay; clipboard-write; encrypted-media; gyroscope; picture-in-picture; web-share\" referrerpolicy=\"strict-origin-when-cross-origin\" allowfullscreen><\/iframe> <\/div><figcaption class=\"wp-element-caption\">Gro\u00dfkapazit\u00e4ts-Maisdreschmaschine in Betriebsvideo<\/figcaption><\/figure>    <h2 class=\"wp-block-heading\">Vorteile des hei\u00dfverkauften Maisdreschers<\/h2>    <ul class=\"wp-block-list\"> <li>Hoher Entk\u00f6rnungsgrad: Der Entk\u00f6rnungsgrad liegt bei 99,5 % oder mehr, fast keine Bruchstellen und R\u00fcckst\u00e4nde.<\/li>    <li>Extrem niedrige Verunreinigung: Nach Windselektion und Vibrationssiebung ist das Mais-Saatgut sauber und frei von Verunreinigungen, die Verunreinigungsrate liegt unter 1 %.<\/li>    <li>Starke Produktionskapazit\u00e4t: Die Dreschkapazit\u00e4t kann 4-6 Tonnen pro Stunde erreichen und \u00fcbertrifft damit \u00e4hnliche Produkte auf dem Markt erheblich.<\/li>    <li>Automatisches Zuf\u00fchren: Ausgestattet mit einem automatischen Zuf\u00fchrtrichter, verbessert die Zuf\u00fchrungsgeschwindigkeit effektiv und spart Arbeitskraft.<\/li>    <li>Fortschrittliche Struktur: Eingebauter Dreschzylinder, Ventilator, Aufzug, Spreu-Sauger und Sieb-System sind integriert, realisieren automatische Reinigung und Sortierung.<\/li>    <li>Vielseitige Leistungsoptionen: Unterst\u00fctzung mit 15 PS Dieselmotor oder 7,5 kW Motor, flexibel an unterschiedliche Stromversorgungen anpassbar.<\/li>    <li>Geeignet f\u00fcr l\u00e4ndliche Kollektivnutzung: hohe Effizienz und Langlebigkeit, ein Ger\u00e4t wird von vielen Haushalten genutzt, geeignet f\u00fcr landwirtschaftliche Genossenschaften und zentrale l\u00e4ndliche Betriebe.<\/li> <\/ul>    <figure class=\"wp-block-gallery has-nested-images columns-2 is-cropped wp-block-gallery-2 is-layout-flex wp-block-gallery-is-layout-flex\"> <figure class=\"wp-block-image size-large\"><img loading=\"lazy\" decoding=\"async\" width=\"600\" height=\"500\" data-id=\"3561\" src=\"https:\/\/www.agriculture-machine.com\/wp-content\/uploads\/2019\/05\/corn-shelling-machine-9.jpg\" alt=\"\" class=\"wp-image-3561\" srcset=\"https:\/\/www.agriculture-machine.com\/wp-content\/uploads\/2019\/05\/corn-shelling-machine-9.jpg 600w, https:\/\/www.agriculture-machine.com\/wp-content\/uploads\/2019\/05\/corn-shelling-machine-9-324x270.jpg 324w\" sizes=\"auto, (max-width: 600px) 100vw, 600px\" \/><figcaption class=\"wp-element-caption\">Automatischer Maisdrescher<\/figcaption><\/figure>    <figure class=\"wp-block-image size-large\"><img loading=\"lazy\" decoding=\"async\" width=\"600\" height=\"500\" data-id=\"3560\" src=\"https:\/\/www.agriculture-machine.com\/wp-content\/uploads\/2019\/05\/corn-shelling-machine-8.jpg\" alt=\"\" class=\"wp-image-3560\" srcset=\"https:\/\/www.agriculture-machine.com\/wp-content\/uploads\/2019\/05\/corn-shelling-machine-8.jpg 600w, https:\/\/www.agriculture-machine.com\/wp-content\/uploads\/2019\/05\/corn-shelling-machine-8-324x270.jpg 324w\" sizes=\"auto, (max-width: 600px) 100vw, 600px\" \/><figcaption class=\"wp-element-caption\">Automatischer Maisdrescher<\/figcaption><\/figure> <\/figure>    <figure class=\"wp-block-gallery has-nested-images columns-2 is-cropped wp-block-gallery-3 is-layout-flex wp-block-gallery-is-layout-flex\"> <figure class=\"wp-block-image size-large\"><img loading=\"lazy\" decoding=\"async\" width=\"600\" height=\"500\" data-id=\"3565\" src=\"https:\/\/www.agriculture-machine.com\/wp-content\/uploads\/2019\/05\/corn-shelling-machine-13.jpg\" alt=\"\" class=\"wp-image-3565\" srcset=\"https:\/\/www.agriculture-machine.com\/wp-content\/uploads\/2019\/05\/corn-shelling-machine-13.jpg 600w, https:\/\/www.agriculture-machine.com\/wp-content\/uploads\/2019\/05\/corn-shelling-machine-13-324x270.jpg 324w\" sizes=\"auto, (max-width: 600px) 100vw, 600px\" \/><figcaption class=\"wp-element-caption\">Maisdreschmaschine Standort<\/figcaption><\/figure>    <figure class=\"wp-block-image size-large\"><img loading=\"lazy\" decoding=\"async\" width=\"600\" height=\"500\" data-id=\"3564\" src=\"https:\/\/www.agriculture-machine.com\/wp-content\/uploads\/2019\/05\/corn-shelling-machine-12.jpg\" alt=\"\" class=\"wp-image-3564\" srcset=\"https:\/\/www.agriculture-machine.com\/wp-content\/uploads\/2019\/05\/corn-shelling-machine-12.jpg 600w, https:\/\/www.agriculture-machine.com\/wp-content\/uploads\/2019\/05\/corn-shelling-machine-12-324x270.jpg 324w\" sizes=\"auto, (max-width: 600px) 100vw, 600px\" \/><figcaption class=\"wp-element-caption\">Maisdreschmaschine Standort<\/figcaption><\/figure> <\/figure>    <h2 class=\"wp-block-heading\">Funktionsprinzip des Maisdreschers<\/h2>    <ol class=\"wp-block-list\"> <li>Automatisches Zuf\u00fchren: Das ganze Maiskolben wird auf das automatische Zuf\u00fchrband gelegt, das Ger\u00e4t f\u00fchrt es automatisch in den Dreschraum ein.<\/li>    <li>Dreschen und Trennen: Der Walze im Dreschraum arbeitet mit hoher Geschwindigkeit, rollt und reibt den Mais, trennt die K\u00f6rner von den Kolben.<\/li>    <li>Vorpr\u00fcfung der K\u00f6rner: Die gedroschenen Maisk\u00f6rner zusammen mit einer kleinen Menge Verunreinigungen fallen in den R\u00fchrer und werden vom Aufzug zum Vibrationssieb transportiert.<\/li>    <li>Trennung von Verunreinigungen: Kleinere Verunreinigungen fallen durch die \u00d6ffnung des Siebs, gr\u00f6\u00dfere Verunreinigungen bewegen sich mit dem Mais zum Entladeanschluss.<\/li>    <li>Sekund\u00e4re Reinigung: Hochleistungs-Vakuumventilator saugt automatisch feine Verunreinigungen wie Maisstroh ab, um die Saatsqualit\u00e4t weiter zu verbessern.<\/li>    <li>Kernsammlung: Die sauber gesiebten Maisk\u00f6rner gelangen vom Sieb in die Sammeltasche oder das Entladeger\u00e4t.<\/li>    <li>Maiskornentladung: Die nach dem Dreschen entlassenen Maisk\u00f6rner werden automatisch aus dem Stroh-Auslass entlassen, was die einheitliche Behandlung oder das Recycling erleichtert.<\/li> <\/ol>    <figure class=\"wp-block-embed aligncenter is-type-video is-provider-youtube wp-block-embed-youtube wp-embed-aspect-16-9 wp-has-aspect-ratio\"><div class=\"wp-block-embed__wrapper\"> <iframe loading=\"lazy\" title=\"Effiziente Maisdrescher-Maschine \/ Maisdrescher \/ Maisdreschmaschine Fabrik\" width=\"500\" height=\"281\" src=\"https:\/\/www.youtube.com\/embed\/FE4BLC6WuxE?feature=oembed\" frameborder=\"0\" allow=\"accelerometer; autoplay; clipboard-write; encrypted-media; gyroscope; picture-in-picture; web-share\" referrerpolicy=\"strict-origin-when-cross-origin\" allowfullscreen><\/iframe> <\/div><figcaption class=\"wp-element-caption\">Gro\u00dfes Video des Maisdreschers in Betrieb<\/figcaption><\/figure>    <h2 class=\"wp-block-heading\">Drei Wege, um die Maisk\u00f6rner zu sammeln<\/h2>    <ol class=\"wp-block-list\"> <li>Bodenverteilung: Maisk\u00f6rner k\u00f6nnen direkt auf den Boden entlassen werden, geeignet f\u00fcr nachfolgende Trocknungs- und Trocknungsbehandlungen.<\/li>    <li>Aufbewahrung der Sammeltasche: Verbunden mit einem Stoffbeutel \u00fcber die Schnittstelle, die sauberen Maisk\u00f6rner werden direkt verpackt und gelagert, was den Transport und die Lagerung erleichtert.<\/li>    <li>Karrenladung: Samen k\u00f6nnen auch in einen Wagen entladen werden, geeignet f\u00fcr zentrale Transporte oder Verkauf vor Ort an K\u00e4ufer und H\u00e4ndler.<\/li> <\/ol>    <figure class=\"wp-block-gallery has-nested-images columns-2 is-cropped wp-block-gallery-4 is-layout-flex wp-block-gallery-is-layout-flex\"> <figure class=\"wp-block-image size-large\"><img loading=\"lazy\" decoding=\"async\" width=\"600\" height=\"500\" data-id=\"3557\" src=\"https:\/\/www.agriculture-machine.com\/wp-content\/uploads\/2019\/05\/corn-shelling-machine-5.jpg\" alt=\"\" class=\"wp-image-3557\" srcset=\"https:\/\/www.agriculture-machine.com\/wp-content\/uploads\/2019\/05\/corn-shelling-machine-5.jpg 600w, https:\/\/www.agriculture-machine.com\/wp-content\/uploads\/2019\/05\/corn-shelling-machine-5-324x270.jpg 324w\" sizes=\"auto, (max-width: 600px) 100vw, 600px\" \/><figcaption class=\"wp-element-caption\">Maisdreschmaschine<\/figcaption><\/figure>    <figure class=\"wp-block-image size-large\"><img loading=\"lazy\" decoding=\"async\" width=\"600\" height=\"500\" data-id=\"3553\" src=\"https:\/\/www.agriculture-machine.com\/wp-content\/uploads\/2019\/05\/corn-shelling-machine-1.jpg\" alt=\"\" class=\"wp-image-3553\" srcset=\"https:\/\/www.agriculture-machine.com\/wp-content\/uploads\/2019\/05\/corn-shelling-machine-1.jpg 600w, https:\/\/www.agriculture-machine.com\/wp-content\/uploads\/2019\/05\/corn-shelling-machine-1-324x270.jpg 324w\" sizes=\"auto, (max-width: 600px) 100vw, 600px\" \/><figcaption class=\"wp-element-caption\">Maisdreschmaschine<\/figcaption><\/figure> <\/figure>    <figure class=\"wp-block-gallery has-nested-images columns-2 is-cropped wp-block-gallery-5 is-layout-flex wp-block-gallery-is-layout-flex\"> <figure class=\"wp-block-image size-large\"><img loading=\"lazy\" decoding=\"async\" width=\"600\" height=\"500\" data-id=\"3559\" src=\"https:\/\/www.agriculture-machine.com\/wp-content\/uploads\/2019\/05\/corn-shelling-machine-7.jpg\" alt=\"\" class=\"wp-image-3559\" srcset=\"https:\/\/www.agriculture-machine.com\/wp-content\/uploads\/2019\/05\/corn-shelling-machine-7.jpg 600w, https:\/\/www.agriculture-machine.com\/wp-content\/uploads\/2019\/05\/corn-shelling-machine-7-324x270.jpg 324w\" sizes=\"auto, (max-width: 600px) 100vw, 600px\" \/><figcaption class=\"wp-element-caption\">Maisdreschmaschine Standort<\/figcaption><\/figure>    <figure class=\"wp-block-image size-large\"><img loading=\"lazy\" decoding=\"async\" width=\"600\" height=\"500\" data-id=\"3558\" src=\"https:\/\/www.agriculture-machine.com\/wp-content\/uploads\/2019\/05\/corn-shelling-machine-6.jpg\" alt=\"\" class=\"wp-image-3558\" srcset=\"https:\/\/www.agriculture-machine.com\/wp-content\/uploads\/2019\/05\/corn-shelling-machine-6.jpg 600w, https:\/\/www.agriculture-machine.com\/wp-content\/uploads\/2019\/05\/corn-shelling-machine-6-324x270.jpg 324w\" sizes=\"auto, (max-width: 600px) 100vw, 600px\" \/><figcaption class=\"wp-element-caption\">Maisdreschmaschine Standort<\/figcaption><\/figure> <\/figure>    <h2 class=\"wp-block-heading\">Technische Parameter der Maisdreschmaschine<\/h2>    <figure class=\"wp-block-table is-style-stripes\"><table><tbody><tr><td>Modell<\/td><td>TY-80A<\/td><td>TY-80B<\/td><td>TY-80C<\/td><td>TY-80D<\/td><\/tr><tr><td>Leistung<\/td><td>15PS Dieselmotor oder 7,5 kW Motor<\/td><td>15PS Dieselmotor oder 7,5 kW Motor<\/td><td>15PS Dieselmotor oder 7,5 kW Motor<\/td><td>15PS Dieselmotor oder 7,5 kW Motor<\/td><\/tr><tr><td>Kapazit\u00e4t<\/td><td>4t\/h (Maisk\u00f6rner)<\/td><td>5t\/h (Maisk\u00f6rner)<\/td><td>5t\/h (Maisk\u00f6rner)<\/td><td>6t\/h (Maisk\u00f6rner)<\/td><\/tr><tr><td>Dreschrate<\/td><td>\u226599,5 %<\/td><td>&nbsp;\u226599,5 %<\/td><td>\u226599,5 %<\/td><td>\u226599,5 %<\/td><\/tr><tr><td>Verlustquote<\/td><td>\u22642,0 %<\/td><td>\u22642,0 %<\/td><td>\u22642,0 %<\/td><td>\u22642,0 %<\/td><\/tr><tr><td>Bruchrate<\/td><td>\u22641,5 %<\/td><td>\u22641,5 %<\/td><td>\u22641,5 %<\/td><td>\u22641,5 %<\/td><\/tr><tr><td>Verunreinigungsrate<\/td><td>\u22641,0 %<\/td><td>\u22641,0 %<\/td><td>\u22641,0 %<\/td><td>\u22641,0 %<\/td><\/tr><tr><td>Gewicht<\/td><td>200kg<\/td><td>230 kg<\/td><td>320 kg<\/td><td>350kg<\/td><\/tr><tr><td>Gr\u00f6\u00dfe<\/td><td>2360*1360*1480 mm<\/td><td>2360*1360*2000 mm<\/td><td>3860*1360*1480 mm<\/td><td>3860*1360*2480 mm<\/td><\/tr><\/tbody><\/table><figcaption class=\"wp-element-caption\">Detaillierte Informationen zur Maiskornsch\u00e4lmaschine<\/figcaption><\/figure>    <p class=\"translation-block\"><strong><span style=\"color: #ff0000\">\u00a0 \u00a0 \u00a0 \u00a0 \u00a0 \u00a0 \u00a0 \u00a0 \u00a0 \u00a0 \u00a0 \u00a0 \u00a0 \u00a0 \u00a0 \u00a0 \u00a0 TY-80A\u00a0 \u00a0 \u00a0 \u00a0 \u00a0 \u00a0 \u00a0 \u00a0 \u00a0 \u00a0 \u00a0 \u00a0 \u00a0 \u00a0 \u00a0 \u00a0 \u00a0 \u00a0 \u00a0 \u00a0 \u00a0 \u00a0 \u00a0 \u00a0 \u00a0 \u00a0 \u00a0 \u00a0 \u00a0 <b>TY-80B<\/b>\u00a0 \u00a0 \u00a0 \u00a0 \u00a0 \u00a0 \u00a0 \u00a0 \u00a0 \u00a0 \u00a0 \u00a0 \u00a0 \u00a0 \u00a0 \u00a0 \u00a0<\/span><\/strong><\/p>    <figure class=\"wp-block-gallery has-nested-images columns-2 is-cropped wp-block-gallery-6 is-layout-flex wp-block-gallery-is-layout-flex\"> <figure class=\"wp-block-image size-large\"><img loading=\"lazy\" decoding=\"async\" width=\"600\" height=\"500\" data-id=\"3562\" src=\"https:\/\/www.agriculture-machine.com\/wp-content\/uploads\/2019\/05\/corn-shelling-machine-10.jpg\" alt=\"\" class=\"wp-image-3562\" srcset=\"https:\/\/www.agriculture-machine.com\/wp-content\/uploads\/2019\/05\/corn-shelling-machine-10.jpg 600w, https:\/\/www.agriculture-machine.com\/wp-content\/uploads\/2019\/05\/corn-shelling-machine-10-324x270.jpg 324w\" sizes=\"auto, (max-width: 600px) 100vw, 600px\" \/><figcaption class=\"wp-element-caption\">Maisdrescher<\/figcaption><\/figure>    <figure class=\"wp-block-image size-large\"><img loading=\"lazy\" decoding=\"async\" width=\"540\" height=\"540\" data-id=\"3566\" src=\"https:\/\/www.agriculture-machine.com\/wp-content\/uploads\/2019\/05\/corn-shelling-machine-14-540x540.jpg\" alt=\"\" class=\"wp-image-3566\" srcset=\"https:\/\/www.agriculture-machine.com\/wp-content\/uploads\/2019\/05\/corn-shelling-machine-14-540x540.jpg 540w, https:\/\/www.agriculture-machine.com\/wp-content\/uploads\/2019\/05\/corn-shelling-machine-14-270x270.jpg 270w, https:\/\/www.agriculture-machine.com\/wp-content\/uploads\/2019\/05\/corn-shelling-machine-14.jpg 750w\" sizes=\"auto, (max-width: 540px) 100vw, 540px\" \/><figcaption class=\"wp-element-caption\">Maisdrescher<\/figcaption><\/figure> <\/figure>    <p class=\"translation-block\"><strong><span style=\"color: #ff0000\">\u00a0 \u00a0 \u00a0 \u00a0 \u00a0 \u00a0 \u00a0 \u00a0 \u00a0 \u00a0 \u00a0 \u00a0 \u00a0 \u00a0 \u00a0 TY-80C\u00a0 \u00a0 \u00a0 \u00a0 \u00a0 \u00a0 \u00a0 \u00a0 \u00a0 \u00a0 \u00a0 \u00a0 \u00a0 \u00a0 \u00a0 \u00a0 \u00a0 \u00a0 \u00a0 \u00a0 \u00a0 \u00a0 \u00a0 \u00a0 \u00a0 \u00a0 \u00a0 \u00a0 \u00a0 \u00a0TY-80D\u00a0 \u00a0 \u00a0\u00a0<\/span><\/strong><\/p>    <figure class=\"wp-block-gallery has-nested-images columns-2 is-cropped wp-block-gallery-7 is-layout-flex wp-block-gallery-is-layout-flex\"> <figure class=\"wp-block-image size-large\"><img loading=\"lazy\" decoding=\"async\" width=\"540\" height=\"540\" data-id=\"3568\" src=\"https:\/\/www.agriculture-machine.com\/wp-content\/uploads\/2019\/05\/corn-shelling-machine-16-540x540.jpg\" alt=\"Mais-Sch\u00e4lmaschine\" class=\"wp-image-3568\" srcset=\"https:\/\/www.agriculture-machine.com\/wp-content\/uploads\/2019\/05\/corn-shelling-machine-16-540x540.jpg 540w, https:\/\/www.agriculture-machine.com\/wp-content\/uploads\/2019\/05\/corn-shelling-machine-16-270x270.jpg 270w, https:\/\/www.agriculture-machine.com\/wp-content\/uploads\/2019\/05\/corn-shelling-machine-16.jpg 750w\" sizes=\"auto, (max-width: 540px) 100vw, 540px\" \/><figcaption class=\"wp-element-caption\">Mais-Sch\u00e4lmaschine<\/figcaption><\/figure>    <figure class=\"wp-block-image size-large\"><img loading=\"lazy\" decoding=\"async\" width=\"540\" height=\"540\" data-id=\"3567\" src=\"https:\/\/www.agriculture-machine.com\/wp-content\/uploads\/2019\/05\/corn-shelling-machine-15-540x540.jpg\" alt=\"Maisdreschmaschine\" class=\"wp-image-3567\" srcset=\"https:\/\/www.agriculture-machine.com\/wp-content\/uploads\/2019\/05\/corn-shelling-machine-15-540x540.jpg 540w, https:\/\/www.agriculture-machine.com\/wp-content\/uploads\/2019\/05\/corn-shelling-machine-15-270x270.jpg 270w, https:\/\/www.agriculture-machine.com\/wp-content\/uploads\/2019\/05\/corn-shelling-machine-15.jpg 750w\" sizes=\"auto, (max-width: 540px) 100vw, 540px\" \/><figcaption class=\"wp-element-caption\">Maisdreschmaschine<\/figcaption><\/figure> <\/figure>    <h2 class=\"wp-block-heading\">Erfolgsfall der Maisdreschmaschine<\/h2>    <p>Letzten Monat haben wir 20 S\u00e4tze Maisdreschmaschinen nach Kongo verkauft, hier sind die Lieferbilder.<\/p>    <figure class=\"wp-block-gallery has-nested-images columns-2 is-cropped wp-block-gallery-8 is-layout-flex wp-block-gallery-is-layout-flex\"> <figure class=\"wp-block-image size-large\"><img loading=\"lazy\" decoding=\"async\" width=\"600\" height=\"500\" data-id=\"3563\" src=\"https:\/\/www.agriculture-machine.com\/wp-content\/uploads\/2019\/05\/corn-shelling-machine-11.jpg\" alt=\"\" class=\"wp-image-3563\" srcset=\"https:\/\/www.agriculture-machine.com\/wp-content\/uploads\/2019\/05\/corn-shelling-machine-11.jpg 600w, https:\/\/www.agriculture-machine.com\/wp-content\/uploads\/2019\/05\/corn-shelling-machine-11-324x270.jpg 324w\" sizes=\"auto, (max-width: 600px) 100vw, 600px\" \/><figcaption class=\"wp-element-caption\">Lieferort der Maisdreschmaschine<\/figcaption><\/figure>    <figure class=\"wp-block-image size-large\"><img loading=\"lazy\" decoding=\"async\" width=\"600\" height=\"500\" data-id=\"3556\" src=\"https:\/\/www.agriculture-machine.com\/wp-content\/uploads\/2019\/05\/corn-shelling-machine-4.jpg\" alt=\"\" class=\"wp-image-3556\" srcset=\"https:\/\/www.agriculture-machine.com\/wp-content\/uploads\/2019\/05\/corn-shelling-machine-4.jpg 600w, https:\/\/www.agriculture-machine.com\/wp-content\/uploads\/2019\/05\/corn-shelling-machine-4-324x270.jpg 324w\" sizes=\"auto, (max-width: 600px) 100vw, 600px\" \/><figcaption class=\"wp-element-caption\">Lieferort der Maisdreschmaschine<\/figcaption><\/figure> <\/figure>    <p class=\"translation-block\">Wir haben auch eine kleine Kapazit\u00e4ts-Maisdreschmaschine (Verwandtes Produkt: <strong><em><a href=\"https:\/\/www.agriculture-machine.com\/de\/maize-peeler-and-thresher\/\">Maisdrescher | Maisdrescher | Maispeelings- und Dreschmaschine<\/a><\/em><\/strong>). Sie k\u00f6nnen uns fragen, um mehr zu erfahren.<\/p>    <h2 class=\"wp-block-heading\">FAQ\u00a0<\/h2>   <div id=\"rank-math-faq\" class=\"rank-math-block\"> <div class=\"rank-math-list\"> <div id=\"faq-question-1705306051658\" class=\"rank-math-list-item\"> <h3 class=\"rank-math-question\">Was ist der Unterschied zwischen den 4 Arten von Maisdreschern zum Verkauf?<\/h3> <div class=\"rank-math-answer\">  <p>Automatischer Zufluss und langer Hebevorrichtung k\u00f6nnen die Arbeitseffizienz verbessern, daher tragen 4 Arten von Maisdreschern unterschiedliche Kapazit\u00e4ten.<\/p>  <\/div> <\/div> <div id=\"faq-question-1705306055514\" class=\"rank-math-list-item\"> <h3 class=\"rank-math-question\">Was sind ihre Kapazit\u00e4ten?<\/h3> <div class=\"rank-math-answer\">  <p>4-6t\/h.<\/p>  <\/div> <\/div> <div id=\"faq-question-1705306086956\" class=\"rank-math-list-item\"> <h3 class=\"rank-math-question\">Warum sind Maiskolben zu zerbrechlich?<\/h3> <div class=\"rank-math-answer\">  <p>Maiskolben k\u00f6nnen faul sein oder die Entladungs\u00f6ffnung ist ziemlich langsam.<\/p>  <\/div> <\/div> <div id=\"faq-question-1705306094155\" class=\"rank-math-list-item\"> <h3 class=\"rank-math-question\">Warum gibt es so viele Verunreinigungen?<\/h3> <div class=\"rank-math-answer\">  <p>Das Entfernen eines oder zweier Entlade-Teile kann die Dreschrate verbessern.<\/p>  <\/div> <\/div> <div id=\"faq-question-1705306102883\" class=\"rank-math-list-item\"> <h3 class=\"rank-math-question\">Kann die Neigung des Vibrationssiebs verstellbar sein?<\/h3> <div class=\"rank-math-answer\">  <p>Ja, Sie k\u00f6nnen die H\u00f6he der beiden St\u00fctzrahmen einstellen.<\/p>  <\/div> <\/div> <div id=\"faq-question-1705306123589\" class=\"rank-math-list-item\"> <h3 class=\"rank-math-question\">Kann die Maschine Mais sch\u00e4len und dreschen?<\/h3> <div class=\"rank-math-answer\">  <p>Diese Maschine ist ein gro\u00dfvolumiger Maisdrescher, wir haben eine separate Maispeelingsmaschine.<\/p>  <\/div> <\/div> <\/div> <\/div>   <h2 class=\"wp-block-heading\">Kontaktieren Sie uns jederzeit<\/h2>    <p class=\"translation-block\">Vielen Dank f\u00fcr Ihre Aufmerksamkeit und das Lesen unseres <a href=\"https:\/\/en.wikipedia.org\/wiki\/Maize\" target=\"_blank\" rel=\"noopener\">Mais<\/a>-Dreschers. Wenn Sie weitere Fragen haben oder detailliertere Informationen ben\u00f6tigen, steht Ihnen unser professionelles Team jederzeit gerne zur Verf\u00fcgung. Sie k\u00f6nnen uns jederzeit kontaktieren, und wir beantworten gerne Ihre Anliegen.<\/p>","protected":false},"excerpt":{"rendered":"<p>Diese Maisdreschmaschine ist einfach zu bedienen und kompakt im Design, geeignet f\u00fcr Betriebe jeder Gr\u00f6\u00dfe. Sie kann Mais effizient und schnell vom Kolben trennen und die Produktivit\u00e4t steigern.<\/p>","protected":false},"author":1,"featured_media":3569,"parent":0,"comment_status":"closed","ping_status":"closed","template":"","tags":[491,481],"product-type":[893],"class_list":["post-3551","product","type-product","status-publish","has-post-thumbnail","hentry","tag-corn","tag-maize","product-type-corn-thresher"],"_links":{"self":[{"href":"https:\/\/www.agriculture-machine.com\/de\/wp-json\/wp\/v2\/product\/3551","targetHints":{"allow":["GET"]}}],"collection":[{"href":"https:\/\/www.agriculture-machine.com\/de\/wp-json\/wp\/v2\/product"}],"about":[{"href":"https:\/\/www.agriculture-machine.com\/de\/wp-json\/wp\/v2\/types\/product"}],"author":[{"embeddable":true,"href":"https:\/\/www.agriculture-machine.com\/de\/wp-json\/wp\/v2\/users\/1"}],"replies":[{"embeddable":true,"href":"https:\/\/www.agriculture-machine.com\/de\/wp-json\/wp\/v2\/comments?post=3551"}],"wp:featuredmedia":[{"embeddable":true,"href":"https:\/\/www.agriculture-machine.com\/de\/wp-json\/wp\/v2\/media\/3569"}],"wp:attachment":[{"href":"https:\/\/www.agriculture-machine.com\/de\/wp-json\/wp\/v2\/media?parent=3551"}],"wp:term":[{"taxonomy":"post_tag","embeddable":true,"href":"https:\/\/www.agriculture-machine.com\/de\/wp-json\/wp\/v2\/tags?post=3551"},{"taxonomy":"product-type","embeddable":true,"href":"https:\/\/www.agriculture-machine.com\/de\/wp-json\/wp\/v2\/product-type?post=3551"}],"curies":[{"name":"wp","href":"https:\/\/api.w.org\/{rel}","templated":true}]}}