{"id":3696,"date":"2019-05-17T23:32:03","date_gmt":"2019-05-17T15:32:03","guid":{"rendered":"https:\/\/www.agriculture-machine.com\/?p=3696"},"modified":"2024-09-18T16:22:54","modified_gmt":"2024-09-18T08:22:54","slug":"4-15t-h-grass-cutting-machine-cutting-wet-grass-grass-cutter","status":"publish","type":"product","link":"https:\/\/www.agriculture-machine.com\/de\/4-15t-h-grass-cutting-machine-cutting-wet-grass-grass-cutter\/","title":{"rendered":"4-15t\/h Grasm\u00e4her \/ nasses Gras schneiden \/ Gras-Schneider"},"content":{"rendered":"<p>Die 9RSZ-Serie der Rasenm\u00e4her ist zum Schneiden aller Arten von Gras und bietet hohe Arbeitseffizienz, das hei\u00dft, 4t-15t\/h, und verschiedene Modelle haben unterschiedliche Kapazit\u00e4ten. Rasenm\u00e4her k\u00f6nnen Gr\u00e4ser in fadenf\u00f6rmige Formen zerkleinern, was die Verdauung bei der F\u00fctterung von Tieren verbessern kann.<\/p>    <figure class=\"wp-block-embed is-type-video is-provider-youtube wp-block-embed-youtube wp-embed-aspect-16-9 wp-has-aspect-ratio\"><div class=\"wp-block-embed__wrapper\"> <iframe loading=\"lazy\" title=\"Drei Arten kleiner Heu-Schneider \/ Rasenm\u00e4her-Schneidemaschine\" width=\"500\" height=\"281\" src=\"https:\/\/www.youtube.com\/embed\/Db5R1KqPhMo?feature=oembed\" frameborder=\"0\" allow=\"accelerometer; autoplay; clipboard-write; encrypted-media; gyroscope; picture-in-picture; web-share\" referrerpolicy=\"strict-origin-when-cross-origin\" allowfullscreen><\/iframe> <\/div><figcaption class=\"wp-element-caption\">Video der Rasenm\u00e4her-Arbeit<\/figcaption><\/figure>    <p class=\"translation-block\"><span style=\"color: #ff0000\"><strong>Typ eins: 4t\/h Heu-Schneider<\/strong><\/span><\/p>    <figure class=\"wp-block-image aligncenter wp-image-3704 size-full\"><img loading=\"lazy\" decoding=\"async\" width=\"600\" height=\"500\" src=\"https:\/\/www.agriculture-machine.com\/wp-content\/uploads\/2019\/05\/chaff-cutter-8.jpg\" alt=\"Gras-Schneidemaschine\" class=\"wp-image-3704\" srcset=\"https:\/\/www.agriculture-machine.com\/wp-content\/uploads\/2019\/05\/chaff-cutter-8.jpg 600w, https:\/\/www.agriculture-machine.com\/wp-content\/uploads\/2019\/05\/chaff-cutter-8-324x270.jpg 324w\" sizes=\"auto, (max-width: 600px) 100vw, 600px\" \/><figcaption class=\"wp-element-caption\">Gras-Schneidemaschine<\/figcaption><\/figure>    <figure class=\"wp-block-image aligncenter wp-image-3703 size-full\"><img loading=\"lazy\" decoding=\"async\" width=\"600\" height=\"500\" src=\"https:\/\/www.agriculture-machine.com\/wp-content\/uploads\/2019\/05\/chaff-cutter-7.jpg\" alt=\"Heu-Schneidemaschine\" class=\"wp-image-3703\" srcset=\"https:\/\/www.agriculture-machine.com\/wp-content\/uploads\/2019\/05\/chaff-cutter-7.jpg 600w, https:\/\/www.agriculture-machine.com\/wp-content\/uploads\/2019\/05\/chaff-cutter-7-324x270.jpg 324w\" sizes=\"auto, (max-width: 600px) 100vw, 600px\" \/><figcaption class=\"wp-element-caption\">Heu-Schneidemaschine<\/figcaption><\/figure>    <h2 class=\"wp-block-heading\"><strong><b>Struktur des Rasenm\u00e4hers <\/b><\/strong>Maschine<\/h2>    <p class=\"translation-block\"><strong><b>1. <\/b><\/strong>Austritts\u00f6ffnung 2. Geh\u00e4use 3. Rotor 4. Zuf\u00fchr- und Zerkleinerungsvorrichtung 5. Getriebemotor 6. Zuf\u00fchrungs\u00f6ffnung 7. Gestell 8. Schutzabdeckung 9. Rotor-Motor 10. Laufrad<\/p>    <h2 class=\"wp-block-heading\"><strong><b>Technische Parameter des Rasenm\u00e4hers<\/b><\/strong><\/h2>    <figure class=\"wp-block-table is-style-stripes\"><table><tbody><tr><td>Modell<\/td><td>9RSZ-4<\/td><td>9RSZ-6<\/td><td>9RSZ-10<\/td><td>9RSZ-15<\/td><\/tr><tr><td>Leistung<\/td><td>7,5KW<\/td><td>15 2,2KW<\/td><td>22 3KW<\/td><td>30 5,5KW<\/td><\/tr><tr><td>Breite der Zuf\u00fchrschale<\/td><td>2860r\/min<\/td><td>2860r\/min<\/td><td>2860r\/min<\/td><td>2100r\/min<\/td><\/tr><tr><td>Kapazit\u00e4t<\/td><td>4t\/h<\/td><td>6t\/h<\/td><td>10t\/h<\/td><td>15t\/h<\/td><\/tr><tr><td>Klingenanzahl<\/td><td>32 St\u00fcck<\/td><td>40 St\u00fcck<\/td><td>48 St\u00fcck<\/td><td>64 St\u00fcck<\/td><\/tr><tr><td>Breite der Zuf\u00fchrschale<\/td><td>240mm<\/td><td>300mm<\/td><td>500mm<\/td><td>800mm<\/td><\/tr><tr><td>Wurfweite<\/td><td>Mehr als 2300mm<\/td><td>Mehr als 2300mm<\/td><td>Mehr als 2300mm<\/td><td>Mehr als 2300mm<\/td><\/tr><tr><td>Abmessung<\/td><td>2000*750*800mm<\/td><td>3000*900*1050mm<\/td><td>3600*930*1240mm<\/td><td>4200*1170*1250mm<\/td><\/tr><tr><td>Gewicht<\/td><td>300kg<\/td><td>980kg<\/td><td>1100kg<\/td><td>1400kg<\/td><\/tr><\/tbody><\/table><figcaption class=\"wp-element-caption\">Technische Daten des Heu-Schneiders<\/figcaption><\/figure>    <p class=\"translation-block\"><strong><span style=\"color: #ff0000\">Typ zwei: 6t\/h Heu-Schneidemaschine<\/span><\/strong><\/p>    <figure class=\"wp-block-image aligncenter wp-image-3701 size-full\"><img loading=\"lazy\" decoding=\"async\" width=\"600\" height=\"500\" src=\"https:\/\/www.agriculture-machine.com\/wp-content\/uploads\/2019\/05\/chaff-cutter-5.jpg\" alt=\"Aufbau des Rasenm\u00e4hers\" class=\"wp-image-3701\" srcset=\"https:\/\/www.agriculture-machine.com\/wp-content\/uploads\/2019\/05\/chaff-cutter-5.jpg 600w, https:\/\/www.agriculture-machine.com\/wp-content\/uploads\/2019\/05\/chaff-cutter-5-324x270.jpg 324w\" sizes=\"auto, (max-width: 600px) 100vw, 600px\" \/><figcaption class=\"wp-element-caption\">Aufbau des Rasenm\u00e4hers<\/figcaption><\/figure>    <h2 class=\"wp-block-heading\"><strong><b>Funktionsprinzip <\/b><\/strong><strong><b>des Rasenm\u00e4hers<\/b><\/strong><\/h2>    <p>1. Rotor-Motor einschalten.<\/p>    <p>2. Den automatischen Getriebemotor einschalten, um die automatische Zuf\u00fchrvorrichtung zu betreiben, nachdem der Betrieb stabil ist.<\/p>    <p>3. Der Bediener verteilt das Stroh gleichm\u00e4\u00dfig auf die automatische Zuf\u00fchrplatte und den Einlass allm\u00e4hlich, und das Rohmaterial gelangt mit hoher Geschwindigkeit in die Trommel durch die Schneidevorrichtung.<\/p>    <p>4. Klingen treffen, rei\u00dfen und zertr\u00fcmmern sie in eine Fadenform.<\/p>    <p>5. Schlie\u00dflich wirft die Maschine das Gras durch Zentrifugalkraft aus.<\/p>    <p class=\"translation-block\"><span style=\"color: #ff0000\"><strong>Typ drei: 10t\/h 16t\/h Heu-Schneider<\/strong><\/span><\/p>    <figure class=\"wp-block-image aligncenter wp-image-3698 size-full\"><img loading=\"lazy\" decoding=\"async\" width=\"600\" height=\"500\" src=\"https:\/\/www.agriculture-machine.com\/wp-content\/uploads\/2019\/05\/chaff-cutter-2.jpg\" alt=\"Heu-Schneider-Maschine\" class=\"wp-image-3698\" srcset=\"https:\/\/www.agriculture-machine.com\/wp-content\/uploads\/2019\/05\/chaff-cutter-2.jpg 600w, https:\/\/www.agriculture-machine.com\/wp-content\/uploads\/2019\/05\/chaff-cutter-2-324x270.jpg 324w\" sizes=\"auto, (max-width: 600px) 100vw, 600px\" \/><figcaption class=\"wp-element-caption\">Heu-Schneider-Maschine<\/figcaption><\/figure>    <h2 class=\"wp-block-heading\">Vorteile des Rasenm\u00e4hers<\/h2>    <ol class=\"wp-block-list\"> <li><strong><a href=\"https:\/\/www.agriculture-machine.com\/de\/chaff-cutter-and-grain-crusher\/\">Rasenm\u00e4her<\/a><\/strong> Verwendet Kettenautomatisierungszuf\u00fchrvorrichtung, geeignet f\u00fcr langes Futter, spart Arbeitszeit.<\/li>    <li>Doppelpresse-Rollen-Saug- und Schneidevorrichtung f\u00fcr eine gute Schnittwirkung ohne Blockaden, Verbesserung der Arbeit.<\/li>    <li>Der Rasenm\u00e4her ist mit einem abnehmbaren Laufrad f\u00fcr einfache Bewegung ausgestattet.<\/li> <\/ol>    <h2 class=\"wp-block-heading\"><strong><b>C<\/b><\/strong><strong><b>H\u00e4ufige Fehlfunktion und zugeh\u00f6rige L\u00f6sung des Rasenm\u00e4hers<\/b><\/strong><\/h2>    <figure class=\"wp-block-table is-style-stripes\"><table><tbody><tr><td>H\u00e4ufige Fehlfunktion<\/td><td>Grund<\/td><td>L\u00f6sung<\/td><\/tr><tr><td>Das Rohmaterial ist blockiert oder <p>\u00dcberlastabschaltung<\/p><\/td><td>\u00dcberm\u00e4\u00dfiges Gras auflegen oder ungleichm\u00e4\u00dfig verteilen<\/td><td>1. Gras herausnehmen <br>2. Reduzieren Sie die Grasmenge <br>3. Gras in die <span style=\"font-size: revert; font-family: inherit; font-weight: inherit; color: initial;\">gleichm\u00e4\u00dfig einlassen<\/span><\/td><\/tr><tr><td rowspan=\"4\">Anormale Ger\u00e4usche im Zerkleinerungsteil<p><\/p> <p>Anormale Ger\u00e4usche im Zerkleinerungsteil<\/p><\/td><td>Schraube ist locker<\/td><td>Schraube festziehen<\/td><\/tr><tr><td>Metall oder Stein ist in der Maschine<\/td><td>Stoppen Sie die Maschine, um die Maschine zu \u00fcberpr\u00fcfen und Ersatzteile zu ersetzen<\/td><\/tr><tr><td>Der Keil ist gebrochen und der Hammer bewegt sich<\/td><td>Der Keil ist gebrochen und der Hammer bewegt sich<\/td><\/tr><tr><td>Der Keil ist gebrochen und der Hammer bewegt sich<\/td><td>Keil wechseln<\/td><\/tr><tr><td rowspan=\"8\">Eine heftige Ersch\u00fctterung der Maschine <p>\u00a0<\/p><\/td><td>Eine heftige Ersch\u00fctterung der Maschine <p>\u00a0<\/p><\/td><td>Wieder montieren gem\u00e4\u00df der Anordnung<\/td><\/tr><tr><td>Der Gewichtsunterschied der beiden Hammer ist zu gro\u00df<\/td><td>Gewichtsunterschied der beiden Hammer-S\u00e4tze \u00fcberschreitet 5g nicht.<\/td><\/tr><tr><td>Einzelne Hammer sind nicht verriegelt<\/td><td>Die Hammer flexibel machen<\/td><\/tr><tr><td>Einige Rotoren sind unausgeglichen oder abgenutzt<\/td><td>Die Spindel ist gebogen<\/td><\/tr><tr><td>Die Spindel ist gebogen<\/td><td>Spindel begradigen oder ersetzen<p><\/p> <p>&nbsp;<\/p><\/td><\/tr><tr><td>Lager ist besch\u00e4digt<\/td><td>Lager ersetzen<\/td><\/tr><tr><td>Ankerbolzen<\/td><td>Ankerbolzen festziehen<p><\/p> <p>&nbsp;<\/p><\/td><\/tr><tr><td>Der Splint ist besch\u00e4digt und die Hammerwelle bewegt sich axial<\/td><td>Rasenm\u00e4her stoppen, um zu reinigen<\/td><\/tr><tr><td rowspan=\"3\">&nbsp;<p><\/p> <p>Maschine ist unbeweglich<\/p><\/td><td>Drehende Teile verheddern Gras<\/td><td>Rasenm\u00e4her stoppen, um zu reinigen<\/td><\/tr><tr><td>Lager ist besch\u00e4digt<\/td><td>Lager ersetzen <p>\u00a0<\/p><\/td><\/tr><tr><td>Mangel an Schmier\u00f6l<\/td><td>Schmier\u00f6l rechtzeitig hinzuf\u00fcgen<\/td><\/tr><tr><td rowspan=\"2\">Auslass ist blockiert<\/td><td>V-Riemen ist besch\u00e4digt oder gelockert<\/td><td>V-Riemen ersetzen oder spannen<p><\/p> <p>&nbsp;<\/p><\/td><\/tr><tr><td>Der Zerkleinerungsteil ist blockiert<\/td><td>Unreinheiten entfernen<\/td><\/tr><tr><td rowspan=\"2\">&nbsp;<p><\/p> <p>Schlechtes Zerkleinerungsergebnis<\/p><\/td><td>Hammer und Zerkleinerungsvorrichtung sind besch\u00e4digt<\/td><td>Hammer und Zerkleinerungsvorrichtung ersetzen<\/td><\/tr><tr><td>Niedrige Spindelgeschwindigkeit<\/td><td>V-Riemen auf den richtigen Spannungsgrad einstellen<\/td><\/tr><tr><td rowspan=\"5\">&nbsp;Lager \u00fcberhitzt<\/td><td>Den Spannungsgrad des V-Riemens richtig einstellen <p>Lager ersetzen<\/p><\/td><td>Zu viel oder zu wenig Schmier\u00f6l<\/td><\/tr><tr><td>Schmier\u00f6l hinzuf\u00fcgen<\/td><td>Den Spannungsgrad des V-Riemens richtig einstellen<\/td><\/tr><tr><td>V-Riemen auf den richtigen Spannungsgrad einstellen<\/td><td>V-Riemen auf den richtigen Spannungsgrad einstellen<p><\/p> <p>Die Spindel ist gebogen oder der Rotor ist unausgeglichen<\/p><\/td><\/tr><tr><td>Spindel begradigen oder ersetzen, Rotor ausbalancieren<\/td><td>Langzeit\u00fcberlastung<\/td><\/tr><tr><td>Reduzieren Sie die Menge des Grases<\/td><td>V-Riemen \u00fcberhitzt<\/td><\/tr><tr><td rowspan=\"3\">Unangemessene Spannung des V-Riemens<\/td><td>Riemenscheibe \u00fcberpr\u00fcfen und wechseln<\/td><td>Die Riemenscheibennut ist abgenutzt oder die Oberfl\u00e4che ist rau<\/td><\/tr><tr><td>Riemenscheibe \u00fcberpr\u00fcfen und wechseln<\/td><td>Die Hauptriemenscheibe und die Antriebsriemenscheibenachse sind nicht parallel, und die Riemenscheibennut ist nicht ausgerichtet.<\/td><\/tr><tr><td>Die Hauptriemenscheibe und die Antriebsriemenscheibenachse sind parallel, und die Riemenscheibennut ist ausgerichtet.<p><\/p> <p>&nbsp;<\/p><\/td><td>Einige Tipps zum Heu-Schneider<\/td><\/tr><\/tbody><\/table><figcaption class=\"wp-element-caption\">Anwendung des Rasenm\u00e4hers<\/figcaption><\/figure>    <figure class=\"wp-block-image aligncenter wp-image-3702 size-full\"><img loading=\"lazy\" decoding=\"async\" width=\"600\" height=\"500\" src=\"https:\/\/www.agriculture-machine.com\/wp-content\/uploads\/2019\/05\/chaff-cutter-6.jpg\" alt=\"Liste der Haupt- und Verbrauchsteile\" class=\"wp-image-3702\" srcset=\"https:\/\/www.agriculture-machine.com\/wp-content\/uploads\/2019\/05\/chaff-cutter-6.jpg 600w, https:\/\/www.agriculture-machine.com\/wp-content\/uploads\/2019\/05\/chaff-cutter-6-324x270.jpg 324w\" sizes=\"auto, (max-width: 600px) 100vw, 600px\" \/><figcaption class=\"wp-element-caption\">Liste der Haupt- und Verbrauchsteile<\/figcaption><\/figure>    <h2 class=\"wp-block-heading\">Nummer <strong>des Rasenm\u00e4hers<\/strong><\/h2>    <figure class=\"wp-block-table is-style-stripes\"><table><tbody><tr><td>Funktion<\/td><td>Name<\/td><td>Qualit\u00e4tssicherungszeitraum<\/td><td>Lager<\/td><\/tr><tr><td>1<\/td><td>Spannungskettenrad<\/td><td>3 Monate<\/td><td rowspan=\"7\">F\u00f6rderband<\/td><\/tr><tr><td>2<\/td><td>Spannungskettenrad<\/td><td>obere Walze<\/td><\/tr><tr><td>3<\/td><td>Spannungskettenrad<\/td><td>Unterrolle<\/td><\/tr><tr><td>4<\/td><td>Spannungskettenrad<\/td><td>Spindel<\/td><\/tr><tr><td>5<\/td><td>Spannungskettenrad<\/td><td>Riemenkette<\/td><\/tr><tr><td>6<\/td><td>Einlass<\/td><td>F\u00f6rderkettenrolle<\/td><\/tr><tr><td>7<\/td><td>V-Riemen<\/td><td>F\u00f6rderkettenrolle<\/td><\/tr><tr><td>8<\/td><td>Rotor<\/td><td>1 Monat<\/td><td rowspan=\"2\">Einlass<\/td><\/tr><tr><td>9<\/td><td>Rotor<\/td><td>R\u00fcckw\u00e4rts-Schalter<\/td><\/tr><tr><td>10<\/td><td>Elektronikschrank<\/td><td>F\u00f6rderkettenrolle<\/td><td rowspan=\"2\">F\u00f6rderband<\/td><\/tr><tr><td>11<\/td><td>Elektrische Steuerung<\/td><td>&nbsp;&nbsp;&nbsp;&nbsp;Hammer<p><\/p> <p>&nbsp;<\/p><\/td><\/tr><tr><td>12<\/td><td>1 Woche<\/td><td><\/td><td>Hammerwelle<\/td><\/tr><tr><td>13<\/td><td>Schneideteil<\/td><td><\/td><td rowspan=\"3\">Einlass<\/td><\/tr><tr><td>14<\/td><td>Der Gleitbuchse des oberen Rollers<\/td><td><\/td><\/tr><tr><td>15<\/td><td>Ersatzteile des Rasenm\u00e4hers<\/td><td><\/td><\/tr><\/tbody><\/table><figcaption class=\"wp-element-caption\">FAQ des Rasenm\u00e4hers<\/figcaption><\/figure>    <h2 class=\"wp-block-heading\"><strong>Was tun, wenn es blockiert ist?<\/strong><\/h2>   <div id=\"rank-math-faq\" class=\"rank-math-block\"> <div class=\"rank-math-list\"> <div id=\"faq-question-1706520256013\" class=\"rank-math-list-item\"> <h3 class=\"rank-math-question\">Der R\u00fcckw\u00e4rts-Schalter kann auf \u201eStopp\u201c gezogen werden, und dann auf \u201eR\u00fcckw\u00e4rts\u201c. Es ist streng verboten, den blockierten Stroh manuell zu entfernen, ohne die Heu-Schneidemaschine anzuhalten.<\/h3> <div class=\"rank-math-answer\">  <p>Wie kann man den Abstand der Walze vergr\u00f6\u00dfern?<\/p>  <\/div> <\/div> <div id=\"faq-question-1706520259976\" class=\"rank-math-list-item\"> <h3 class=\"rank-math-question\">Egal, ob Sie eine Gro\u00dffarm oder ein Kleinbauer sind, unsere Rasenm\u00e4her bieten Ihnen eine effiziente und bequeme L\u00f6sung f\u00fcr die Grasverarbeitung. Kontaktieren Sie uns jederzeit, und unser professionelles Team wird Ihnen gerne detaillierte Informationen \u00fcber die Maschine, Anpassungsoptionen und weitere Dienstleistungen bereitstellen.<\/h3> <div class=\"rank-math-answer\">  <p class=\"translation-block\"><strong>First<\/strong>, loosen the center screw on the upper plate of the grass cutting machine, and adjust the sliding plate and sliding block clockwise.<br \/><strong>Second<\/strong>, adjust the bolt on both sides counterclockwise to the appropriate position. The gap between the two rollers should be Horizontally the same, and the upper and down rollers should be flexible.<br \/><strong>Finally<\/strong>, tighten the bolt on the center screw.<br \/>Adverse action will decrease the gap.<\/p>  <\/div> <\/div> <\/div> <\/div>   <h2 class=\"wp-block-heading\">Kontaktieren Sie uns jederzeit<\/h2>    <p>Whether you&#8217;re a large-scale farm or a smallholder, our grass cutting machines offer you an efficient and convenient solution for grass handling. Feel free to contact us anytime and our professional team will be happy to provide you with detailed information about the machine, customization options, and more related services.<\/p>","protected":false},"excerpt":{"rendered":"<p>Effizienter Heu-Schneider, 4-15T\/H Gras-Schneidemaschine, auf Lager<\/p>","protected":false},"author":1,"featured_media":3707,"parent":0,"comment_status":"closed","ping_status":"closed","template":"","tags":[2609,780],"product-type":[912],"class_list":["post-3696","product","type-product","status-publish","has-post-thumbnail","hentry","tag-cutter","tag-grass","product-type-chaff-cutter"],"_links":{"self":[{"href":"https:\/\/www.agriculture-machine.com\/de\/wp-json\/wp\/v2\/product\/3696","targetHints":{"allow":["GET"]}}],"collection":[{"href":"https:\/\/www.agriculture-machine.com\/de\/wp-json\/wp\/v2\/product"}],"about":[{"href":"https:\/\/www.agriculture-machine.com\/de\/wp-json\/wp\/v2\/types\/product"}],"author":[{"embeddable":true,"href":"https:\/\/www.agriculture-machine.com\/de\/wp-json\/wp\/v2\/users\/1"}],"replies":[{"embeddable":true,"href":"https:\/\/www.agriculture-machine.com\/de\/wp-json\/wp\/v2\/comments?post=3696"}],"wp:featuredmedia":[{"embeddable":true,"href":"https:\/\/www.agriculture-machine.com\/de\/wp-json\/wp\/v2\/media\/3707"}],"wp:attachment":[{"href":"https:\/\/www.agriculture-machine.com\/de\/wp-json\/wp\/v2\/media?parent=3696"}],"wp:term":[{"taxonomy":"post_tag","embeddable":true,"href":"https:\/\/www.agriculture-machine.com\/de\/wp-json\/wp\/v2\/tags?post=3696"},{"taxonomy":"product-type","embeddable":true,"href":"https:\/\/www.agriculture-machine.com\/de\/wp-json\/wp\/v2\/product-type?post=3696"}],"curies":[{"name":"wp","href":"https:\/\/api.w.org\/{rel}","templated":true}]}}