{"id":3716,"date":"2019-05-20T23:53:10","date_gmt":"2019-05-20T15:53:10","guid":{"rendered":"https:\/\/www.agriculture-machine.com\/?p=3716"},"modified":"2024-09-23T11:20:59","modified_gmt":"2024-09-23T03:20:59","slug":"gasoline-engine-backpack-sprayer-best-garden-sprayer-spraying-pesticide","status":"publish","type":"product","link":"https:\/\/www.agriculture-machine.com\/de\/gasoline-engine-backpack-sprayer-best-garden-sprayer-spraying-pesticide\/","title":{"rendered":"Benzinmotor-Rucksack-Spr\u00fchger\u00e4t \/ bestes Gartenspr\u00fchger\u00e4t \/ Pestizidspr\u00fchung"},"content":{"rendered":"<p class=\"translation-block\">Hei\u00dfer Verkauf<strong> Rucksack-Spr\u00fchger\u00e4t<\/strong> ist klein, aber sehr n\u00fctzlich, wird breit angewendet, um Sch\u00e4dlinge im Garten, auf Feldern und bei anderen B\u00e4umen zu kontrollieren. Die Spr\u00fchdistanz (mehr als 11 m) und das Volumen von 26L erm\u00f6glichen einen effizienten Betrieb, der arbeitsersparend ist.<\/p> <p><img loading=\"lazy\" decoding=\"async\" class=\"wp-image-3720 aligncenter\" src=\"https:\/\/www.agriculture-machine.com\/wp-content\/uploads\/2019\/05\/gasoline-sprayer-4.jpg\" alt=\"\" width=\"650\" height=\"601\" srcset=\"https:\/\/www.agriculture-machine.com\/wp-content\/uploads\/2019\/05\/gasoline-sprayer-4.jpg 750w, https:\/\/www.agriculture-machine.com\/wp-content\/uploads\/2019\/05\/gasoline-sprayer-4-292x270.jpg 292w, https:\/\/www.agriculture-machine.com\/wp-content\/uploads\/2019\/05\/gasoline-sprayer-4-584x540.jpg 584w\" sizes=\"auto, (max-width: 650px) 100vw, 650px\" \/><\/p> <p>&nbsp;<\/p> <h2><strong><b>Vorteil von <\/b><\/strong><strong><b>Rucksack-Spr\u00fchger\u00e4t<\/b><\/strong><\/h2> <ol> <li>Der Spr\u00fchdrohne f\u00fcr den Anbau hat geringe Ger\u00e4uschentwicklung, gro\u00dfe Kapazit\u00e4t und hohen Druck, spart Zeit und Energie.<\/li> <li>Es ist einfach zu bedienen.<\/li> <li>Mit einem Benzinmotor ausgestattet zu sein, macht es bequem, sich zu bewegen.<\/li> <li>Das mit diesem Rucksack-Spr\u00fchger\u00e4t verspr\u00fchte Pestizid kann an der R\u00fcckseite und an der Vorderseite der Pflanze haften bleiben und die Sch\u00e4dlinge vollst\u00e4ndig t\u00f6ten.<\/li> <\/ol> <p><img loading=\"lazy\" decoding=\"async\" class=\"wp-image-3725 aligncenter\" src=\"https:\/\/www.agriculture-machine.com\/wp-content\/uploads\/2019\/05\/spraying-3.jpg\" alt=\"\" width=\"657\" height=\"599\" srcset=\"https:\/\/www.agriculture-machine.com\/wp-content\/uploads\/2019\/05\/spraying-3.jpg 750w, https:\/\/www.agriculture-machine.com\/wp-content\/uploads\/2019\/05\/spraying-3-296x270.jpg 296w, https:\/\/www.agriculture-machine.com\/wp-content\/uploads\/2019\/05\/spraying-3-592x540.jpg 592w\" sizes=\"auto, (max-width: 657px) 100vw, 657px\" \/><\/p> <p><img loading=\"lazy\" decoding=\"async\" class=\"wp-image-3724 aligncenter\" src=\"https:\/\/www.agriculture-machine.com\/wp-content\/uploads\/2019\/05\/spraying-2.jpg\" alt=\"\" width=\"644\" height=\"654\" srcset=\"https:\/\/www.agriculture-machine.com\/wp-content\/uploads\/2019\/05\/spraying-2.jpg 750w, https:\/\/www.agriculture-machine.com\/wp-content\/uploads\/2019\/05\/spraying-2-266x270.jpg 266w, https:\/\/www.agriculture-machine.com\/wp-content\/uploads\/2019\/05\/spraying-2-532x540.jpg 532w\" sizes=\"auto, (max-width: 644px) 100vw, 644px\" \/><\/p> <h2><strong><b>Technische Parameter<\/b><\/strong><strong><b>\u00a0<\/b><\/strong><strong><b>des Rucksack-Spr\u00fchger\u00e4ts<\/b><\/strong><\/h2> <table> <tbody> <tr> <td width=\"258\"><strong><b>Name<\/b><\/strong><\/td> <td width=\"233\"><strong><b>Spr\u00fchger\u00e4t<\/b><\/strong><\/td> <\/tr> <tr> <td width=\"258\">Modell<\/td> <td width=\"233\">3WF-3A<\/td> <\/tr> <tr> <td width=\"258\">Spr\u00fchdistanz<\/td> <td width=\"233\">\u2265 11m<\/td> <\/tr> <tr> <td width=\"258\">Volumen<\/td> <td width=\"233\">26L<\/td> <\/tr> <tr> <td width=\"258\">Hubraum<\/td> <td width=\"233\">41,5cc<\/td> <\/tr> <tr> <td width=\"258\">Gewicht<\/td> <td width=\"233\">12KG<\/td> <\/tr> <\/tbody> <\/table> <p>&nbsp;<\/p> <h2><strong><b>Die Struktur von<\/b><\/strong><strong><b>\u00a0Rucksack-Spr\u00fchger\u00e4t<\/b><\/strong><\/h2> <p>Dieses Rucksack-Spr\u00fchger\u00e4t besteht haupts\u00e4chlich aus D\u00fcse, L\u00f6sungstank, Bediengriff, gro\u00dfem Schlauch, stabilem Regal, Starter, Vergaser, Vergaserzug, Z\u00fcndkerze und Kraftstofftank.<\/p> <p><img loading=\"lazy\" decoding=\"async\" class=\"wp-image-3721 aligncenter\" src=\"https:\/\/www.agriculture-machine.com\/wp-content\/uploads\/2019\/05\/gasoline-sprayer-5.jpg\" alt=\"\" width=\"628\" height=\"633\" srcset=\"https:\/\/www.agriculture-machine.com\/wp-content\/uploads\/2019\/05\/gasoline-sprayer-5.jpg 750w, https:\/\/www.agriculture-machine.com\/wp-content\/uploads\/2019\/05\/gasoline-sprayer-5-268x270.jpg 268w, https:\/\/www.agriculture-machine.com\/wp-content\/uploads\/2019\/05\/gasoline-sprayer-5-536x540.jpg 536w\" sizes=\"auto, (max-width: 628px) 100vw, 628px\" \/><\/p> <h2><strong><b>Erfolgreicher Fall von <\/b><\/strong><strong><b>Rucksack-Spr\u00fchger\u00e4t<\/b><\/strong><\/h2> <p>Letzten Monat haben wir 100 Sets Drohnen-Pestizidspr\u00fchger\u00e4te nach Sudan verkauft, und die folgenden sind die Verpackungsdetails. Dieses Spr\u00fchger\u00e4t kann Landwirten wirklich helfen, den Arbeitsaufwand zu reduzieren.<\/p> <p><img loading=\"lazy\" decoding=\"async\" class=\"wp-image-3633 aligncenter\" src=\"https:\/\/www.agriculture-machine.com\/wp-content\/uploads\/2019\/05\/corn-harvesting-machine-13.jpg\" alt=\"\" width=\"647\" height=\"539\" srcset=\"https:\/\/www.agriculture-machine.com\/wp-content\/uploads\/2019\/05\/corn-harvesting-machine-13.jpg 600w, https:\/\/www.agriculture-machine.com\/wp-content\/uploads\/2019\/05\/corn-harvesting-machine-13-324x270.jpg 324w\" sizes=\"auto, (max-width: 647px) 100vw, 647px\" \/><\/p> <h2><strong><b>FAQ<\/b><\/strong><strong><b>\u00a0von<\/b><\/strong><strong><b>\u00a0Rucksack-Spr\u00fchger\u00e4t<\/b><\/strong><\/h2> <ol> <li>Wie f\u00fcgt man \u00d6l hinzu?<\/li> <\/ol> <ul> <li>Zweitakt\u00f6le sollten anstelle von Viertakt\u00f6len verwendet werden, da diese Probleme im Zylinder verursachen k\u00f6nnen.<\/li> <li>Gie\u00dfen Sie den Benzin in die gr\u00f6\u00dfere Flasche des Spr\u00fchger\u00e4ts wie im folgenden Bild und achten Sie auf die entsprechende horizontale Skala.<\/li> <li>Gie\u00dfen Sie das \u00d6l in die kleinere Flasche, wie die Markierung zeigt, und die \u00d6lmenge sollte niedriger sein als die Benzinmenge.<\/li> <li>Ziehen Sie den Deckel der beiden Flaschen fest, mischen Sie sie gr\u00fcndlich und gie\u00dfen Sie sie schlie\u00dflich in den \u00d6ltank des Solo-Rucksack-Spr\u00fchger\u00e4ts.<\/li> <\/ul> <p>&nbsp;<\/p> <p><img loading=\"lazy\" decoding=\"async\" class=\"wp-image-3717 aligncenter\" src=\"https:\/\/www.agriculture-machine.com\/wp-content\/uploads\/2019\/05\/gasoline-sprayer-1.jpg\" alt=\"\" width=\"660\" height=\"552\" srcset=\"https:\/\/www.agriculture-machine.com\/wp-content\/uploads\/2019\/05\/gasoline-sprayer-1.jpg 769w, https:\/\/www.agriculture-machine.com\/wp-content\/uploads\/2019\/05\/gasoline-sprayer-1-323x270.jpg 323w, https:\/\/www.agriculture-machine.com\/wp-content\/uploads\/2019\/05\/gasoline-sprayer-1-646x540.jpg 646w\" sizes=\"auto, (max-width: 660px) 100vw, 660px\" \/><\/p> <ol start=\"2\"> <li>Wie hoch ist das Volumen des Pestizidbeh\u00e4lters?<\/li> <\/ol> <p>26L.<\/p> <ol start=\"3\"> <li>K\u00f6nnen alle Sch\u00e4dlinge get\u00f6tet werden?<\/li> <\/ol> <p>Die Killrate betr\u00e4gt 98 %.<\/p> <p>&nbsp;<\/p> <p>&nbsp;<\/p>","protected":false},"excerpt":{"rendered":"<p>Hot sale backpack sprayer\u00a0is small size but very useful, widely applying to control the pest of garden, farmland and other trees. Spraying distance\u00a0(more than 11m\uff09and 26L volume enable it to working wok with high performance, which is labor saving as well. &nbsp; Advantage of backpack sprayer Crop spraying drone\u00a0has low noise, great\u00a0capacity\u00a0and high pressure, \u00a0\u00a0saving\u00a0time\u00a0and [&hellip;]<\/p>\n","protected":false},"author":1,"featured_media":3720,"parent":0,"comment_status":"closed","ping_status":"closed","template":"","tags":[136],"product-type":[920,1],"class_list":["post-3716","product","type-product","status-publish","has-post-thumbnail","hentry","tag-sprayer","product-type-drone-sprayer","product-type-other"],"_links":{"self":[{"href":"https:\/\/www.agriculture-machine.com\/de\/wp-json\/wp\/v2\/product\/3716","targetHints":{"allow":["GET"]}}],"collection":[{"href":"https:\/\/www.agriculture-machine.com\/de\/wp-json\/wp\/v2\/product"}],"about":[{"href":"https:\/\/www.agriculture-machine.com\/de\/wp-json\/wp\/v2\/types\/product"}],"author":[{"embeddable":true,"href":"https:\/\/www.agriculture-machine.com\/de\/wp-json\/wp\/v2\/users\/1"}],"replies":[{"embeddable":true,"href":"https:\/\/www.agriculture-machine.com\/de\/wp-json\/wp\/v2\/comments?post=3716"}],"wp:featuredmedia":[{"embeddable":true,"href":"https:\/\/www.agriculture-machine.com\/de\/wp-json\/wp\/v2\/media\/3720"}],"wp:attachment":[{"href":"https:\/\/www.agriculture-machine.com\/de\/wp-json\/wp\/v2\/media?parent=3716"}],"wp:term":[{"taxonomy":"post_tag","embeddable":true,"href":"https:\/\/www.agriculture-machine.com\/de\/wp-json\/wp\/v2\/tags?post=3716"},{"taxonomy":"product-type","embeddable":true,"href":"https:\/\/www.agriculture-machine.com\/de\/wp-json\/wp\/v2\/product-type?post=3716"}],"curies":[{"name":"wp","href":"https:\/\/api.w.org\/{rel}","templated":true}]}}